{"id":1491599,"date":"2019-09-17T18:05:54","date_gmt":"2019-09-17T16:05:54","guid":{"rendered":"https:\/\/autokunz.ch\/?page_id=1491599"},"modified":"2019-09-18T14:16:53","modified_gmt":"2019-09-18T12:16:53","slug":"apprenticeship-and-internship","status":"publish","type":"page","link":"https:\/\/autokunz.ch\/en\/company\/apprenticeship-and-internship\/","title":{"rendered":"Apprenticeship and internship"},"content":{"rendered":"\n<div class=\"wp-block-columns has-2-columns is-layout-flex wp-container-core-columns-is-layout-9d6595d7 wp-block-columns-is-layout-flex\">\n<div class=\"wp-block-column is-layout-flow wp-block-column-is-layout-flow\">\n<h2 class=\"wp-block-heading\">JOB OFFERS AT AUTO KUNZ AG<\/h2>\n\n\n\n<h3 class=\"wp-block-heading\">With commitment to the goal &#8211; <br>Jobs at Auto Kunz AG<\/h3>\n\n\n\n<p>Are you looking for a great job? Auto Kunz AG creates jobs. We are proud of our employees!&nbsp; In addition to a meticulous induction period, we attach great importance to the continuous development and training of each individual. A safe workplace is also important to us. Never before in its <a href=\"https:\/\/autokunz.ch\/en\/azienda\/history\/\">history has Auto Kunz<\/a> had to cut jobs. On the contrary, it has expanded every year.<\/p>\n\n\n\n<p>Through opportunities such as special conditions for car-related matters or the opportunity to participate in the company at any functional level, working at Auto Kunz is a coveted job. Many successful employees in the automotive industry have made careers at Auto Kunz. Former Auto Kunz apprentices have also been successful across a wide variety industries and have made their careers there. Owners and staff work close together, making for transparency and speed in decision-making.<\/p>\n\n\n\n<h6 class=\"wp-block-heading\"><strong>Open internships and apprenticeships: Reliable, secure employer for your future <\/strong><\/h6>\n\n\n\n<p>As a reliable and secure employer, we have been creating jobs and apprenticeships since the company was founded. Every year we train between 6 and 9 apprentices. Are you looking for an apprenticeship? Inform yourself here about our open apprenticeship! <\/p>\n\n\n\n<h6 class=\"wp-block-heading\"><strong>No suitable vacancy?<\/strong><\/h6>\n\n\n\n<p>Apply anyway, even if you can&#8217;t find a suitable position below! We are always on the lookout for the finest colleagues from all areas of the automotive industry. <a href=\"mailto:info@autokunz.ch\">Send us your documents<\/a> and we will contact you as soon as a suitable job becomes available.<\/p>\n\n\n\n<div class=\"wp-block-button is-style-button--gray\"><a class=\"wp-block-button__link\" href=\"https:\/\/autokunz.ch\/unternehmen\/lehrstellen-und-praktikum\/\">job offers<\/a><\/div>\n<\/div>\n\n\n\n<div class=\"wp-block-column is-layout-flow wp-block-column-is-layout-flow\">\n<figure class=\"wp-block-image\"><img decoding=\"async\" width=\"1366\" height=\"1024\" src=\"https:\/\/autokunz.ch\/app\/uploads\/2019\/08\/stellen-3-1366x1024.jpeg\" alt=\"Stellen - Auto Kunz AG 7\" class=\"wp-image-10059\" srcset=\"https:\/\/autokunz.ch\/app\/uploads\/2019\/08\/stellen-3-1366x1024.jpeg 1366w, https:\/\/autokunz.ch\/app\/uploads\/2019\/08\/stellen-3-471x353.jpeg 471w, https:\/\/autokunz.ch\/app\/uploads\/2019\/08\/stellen-3-768x576.jpeg 768w, https:\/\/autokunz.ch\/app\/uploads\/2019\/08\/stellen-3.jpeg 1536w\" sizes=\"(max-width: 1366px) 100vw, 1366px\" \/><\/figure>\n<\/div>\n<\/div>\n\n\n\n<hr class=\"wp-block-separator\"\/>\n","protected":false},"excerpt":{"rendered":"<p>JOB OFFERS AT AUTO KUNZ AG With commitment to the goal &#8211; Jobs at Auto Kunz AG Are you looking for a great job? Auto Kunz AG creates jobs. We are proud of our employees!&nbsp; In addition to a meticulous induction period, we attach great importance to the continuous development and training of each individual. &hellip; <a class=\"text-button text-button--primary text-button--no-arrow\" href=\"https:\/\/autokunz.ch\/en\/company\/apprenticeship-and-internship\/\">onward<\/a><\/p>\n","protected":false},"author":4,"featured_media":56726,"parent":56571,"menu_order":8,"comment_status":"closed","ping_status":"closed","template":"views\/template-jobs.blade.php","meta":{"_acf_changed":false,"footnotes":""},"class_list":["post-1491599","page","type-page","status-publish","has-post-thumbnail","hentry"],"acf":[],"yoast_head":"<!-- This site is optimized with the Yoast SEO plugin v27.0 - https:\/\/yoast.com\/product\/yoast-seo-wordpress\/ -->\n<title>Jobs bei Auto Kunz AG - Mit Engagement zum Ziel<\/title>\n<meta name=\"description\" content=\"Auto Kunz schafft neue Jobs! Neben einer sorgf\u00e4ltigen Einarbeitung legen wir grossen Wert auf st\u00e4ndige F\u00f6rderung und Schulung jedes einzelnen.\" \/>\n<meta name=\"robots\" content=\"index, follow, max-snippet:-1, max-image-preview:large, max-video-preview:-1\" \/>\n<link rel=\"canonical\" href=\"https:\/\/autokunz.ch\/en\/company\/apprenticeship-and-internship\/\" \/>\n<meta property=\"og:locale\" content=\"en_US\" \/>\n<meta property=\"og:type\" content=\"article\" \/>\n<meta property=\"og:title\" content=\"Jobs bei Auto Kunz AG - Mit Engagement zum Ziel\" \/>\n<meta property=\"og:description\" content=\"Auto Kunz schafft neue Jobs! Neben einer sorgf\u00e4ltigen Einarbeitung legen wir grossen Wert auf st\u00e4ndige F\u00f6rderung und Schulung jedes einzelnen.\" \/>\n<meta property=\"og:url\" content=\"https:\/\/autokunz.ch\/en\/company\/apprenticeship-and-internship\/\" \/>\n<meta property=\"og:site_name\" content=\"Auto Kunz\" \/>\n<meta property=\"article:publisher\" content=\"https:\/\/www.facebook.com\/AutoKunzAG\" \/>\n<meta property=\"article:modified_time\" content=\"2019-09-18T12:16:53+00:00\" \/>\n<meta property=\"og:image\" content=\"https:\/\/autokunz.ch\/app\/uploads\/2019\/09\/1.4.4-Jobs-1.jpeg\" \/>\n\t<meta property=\"og:image:width\" content=\"1536\" \/>\n\t<meta property=\"og:image:height\" content=\"1025\" \/>\n\t<meta property=\"og:image:type\" content=\"image\/jpeg\" \/>\n<meta name=\"twitter:card\" content=\"summary_large_image\" \/>\n<meta name=\"twitter:site\" content=\"@autokunzag\" \/>\n<meta name=\"twitter:label1\" content=\"Est. reading time\" \/>\n\t<meta name=\"twitter:data1\" content=\"1 minute\" \/>\n<script type=\"application\/ld+json\" class=\"yoast-schema-graph\">{\"@context\":\"https:\/\/schema.org\",\"@graph\":[{\"@type\":\"WebPage\",\"@id\":\"https:\/\/autokunz.ch\/en\/company\/apprenticeship-and-internship\/\",\"url\":\"https:\/\/autokunz.ch\/en\/company\/apprenticeship-and-internship\/\",\"name\":\"Jobs bei Auto Kunz AG - Mit Engagement zum Ziel\",\"isPartOf\":{\"@id\":\"https:\/\/autokunz.ch\/#website\"},\"primaryImageOfPage\":{\"@id\":\"https:\/\/autokunz.ch\/en\/company\/apprenticeship-and-internship\/#primaryimage\"},\"image\":{\"@id\":\"https:\/\/autokunz.ch\/en\/company\/apprenticeship-and-internship\/#primaryimage\"},\"thumbnailUrl\":\"https:\/\/autokunz.ch\/app\/uploads\/2019\/09\/1.4.4-Jobs-1.jpeg\",\"datePublished\":\"2019-09-17T16:05:54+00:00\",\"dateModified\":\"2019-09-18T12:16:53+00:00\",\"description\":\"Auto Kunz schafft neue Jobs! Neben einer sorgf\u00e4ltigen Einarbeitung legen wir grossen Wert auf st\u00e4ndige F\u00f6rderung und Schulung jedes einzelnen.\",\"breadcrumb\":{\"@id\":\"https:\/\/autokunz.ch\/en\/company\/apprenticeship-and-internship\/#breadcrumb\"},\"inLanguage\":\"en-US\",\"potentialAction\":[{\"@type\":\"ReadAction\",\"target\":[\"https:\/\/autokunz.ch\/en\/company\/apprenticeship-and-internship\/\"]}]},{\"@type\":\"ImageObject\",\"inLanguage\":\"en-US\",\"@id\":\"https:\/\/autokunz.ch\/en\/company\/apprenticeship-and-internship\/#primaryimage\",\"url\":\"https:\/\/autokunz.ch\/app\/uploads\/2019\/09\/1.4.4-Jobs-1.jpeg\",\"contentUrl\":\"https:\/\/autokunz.ch\/app\/uploads\/2019\/09\/1.4.4-Jobs-1.jpeg\",\"width\":1536,\"height\":1025,\"caption\":\"Jobs - Auto Kunz AG 10\"},{\"@type\":\"BreadcrumbList\",\"@id\":\"https:\/\/autokunz.ch\/en\/company\/apprenticeship-and-internship\/#breadcrumb\",\"itemListElement\":[{\"@type\":\"ListItem\",\"position\":1,\"name\":\"Home\",\"item\":\"https:\/\/autokunz.ch\/en\/\"},{\"@type\":\"ListItem\",\"position\":2,\"name\":\"Company\",\"item\":\"https:\/\/autokunz.ch\/en\/company\/\"},{\"@type\":\"ListItem\",\"position\":3,\"name\":\"Apprenticeship and internship\"}]},{\"@type\":\"WebSite\",\"@id\":\"https:\/\/autokunz.ch\/#website\",\"url\":\"https:\/\/autokunz.ch\/\",\"name\":\"Auto Kunz\",\"description\":\"\u00dcber 500 Autos, die tiefsten Preise der Schweiz\",\"publisher\":{\"@id\":\"https:\/\/autokunz.ch\/#organization\"},\"potentialAction\":[{\"@type\":\"SearchAction\",\"target\":{\"@type\":\"EntryPoint\",\"urlTemplate\":\"https:\/\/autokunz.ch\/?s={search_term_string}\"},\"query-input\":{\"@type\":\"PropertyValueSpecification\",\"valueRequired\":true,\"valueName\":\"search_term_string\"}}],\"inLanguage\":\"en-US\"},{\"@type\":\"Organization\",\"@id\":\"https:\/\/autokunz.ch\/#organization\",\"name\":\"Auto Kunz AG\",\"url\":\"https:\/\/autokunz.ch\/\",\"logo\":{\"@type\":\"ImageObject\",\"inLanguage\":\"en-US\",\"@id\":\"https:\/\/autokunz.ch\/#\/schema\/logo\/image\/\",\"url\":\"https:\/\/autokunz.ch\/app\/uploads\/2021\/07\/autokunz-ag-wohlen-logo.png\",\"contentUrl\":\"https:\/\/autokunz.ch\/app\/uploads\/2021\/07\/autokunz-ag-wohlen-logo.png\",\"width\":530,\"height\":79,\"caption\":\"Auto Kunz AG\"},\"image\":{\"@id\":\"https:\/\/autokunz.ch\/#\/schema\/logo\/image\/\"},\"sameAs\":[\"https:\/\/www.facebook.com\/AutoKunzAG\",\"https:\/\/x.com\/autokunzag\",\"https:\/\/www.instagram.com\/autokunz.ch\/\",\"https:\/\/www.linkedin.com\/company\/9463486?trk=tyah&amp;amp;amp;trkInfo=clickedVertical:company,idx:1-1-1,tarId:1434043483672,tas:auto kunz\",\"https:\/\/www.pinterest.com\/autokunzag\/\",\"https:\/\/www.youtube.com\/channel\/UCsS22A2abuuzGxbmhsPm-6g\"]}]}<\/script>\n<!-- \/ Yoast SEO plugin. -->","yoast_head_json":{"title":"Jobs bei Auto Kunz AG - Mit Engagement zum Ziel","description":"Auto Kunz schafft neue Jobs! Neben einer sorgf\u00e4ltigen Einarbeitung legen wir grossen Wert auf st\u00e4ndige F\u00f6rderung und Schulung jedes einzelnen.","robots":{"index":"index","follow":"follow","max-snippet":"max-snippet:-1","max-image-preview":"max-image-preview:large","max-video-preview":"max-video-preview:-1"},"canonical":"https:\/\/autokunz.ch\/en\/company\/apprenticeship-and-internship\/","og_locale":"en_US","og_type":"article","og_title":"Jobs bei Auto Kunz AG - Mit Engagement zum Ziel","og_description":"Auto Kunz schafft neue Jobs! Neben einer sorgf\u00e4ltigen Einarbeitung legen wir grossen Wert auf st\u00e4ndige F\u00f6rderung und Schulung jedes einzelnen.","og_url":"https:\/\/autokunz.ch\/en\/company\/apprenticeship-and-internship\/","og_site_name":"Auto Kunz","article_publisher":"https:\/\/www.facebook.com\/AutoKunzAG","article_modified_time":"2019-09-18T12:16:53+00:00","og_image":[{"width":1536,"height":1025,"url":"https:\/\/autokunz.ch\/app\/uploads\/2019\/09\/1.4.4-Jobs-1.jpeg","type":"image\/jpeg"}],"twitter_card":"summary_large_image","twitter_site":"@autokunzag","twitter_misc":{"Est. reading time":"1 minute"},"schema":{"@context":"https:\/\/schema.org","@graph":[{"@type":"WebPage","@id":"https:\/\/autokunz.ch\/en\/company\/apprenticeship-and-internship\/","url":"https:\/\/autokunz.ch\/en\/company\/apprenticeship-and-internship\/","name":"Jobs bei Auto Kunz AG - Mit Engagement zum Ziel","isPartOf":{"@id":"https:\/\/autokunz.ch\/#website"},"primaryImageOfPage":{"@id":"https:\/\/autokunz.ch\/en\/company\/apprenticeship-and-internship\/#primaryimage"},"image":{"@id":"https:\/\/autokunz.ch\/en\/company\/apprenticeship-and-internship\/#primaryimage"},"thumbnailUrl":"https:\/\/autokunz.ch\/app\/uploads\/2019\/09\/1.4.4-Jobs-1.jpeg","datePublished":"2019-09-17T16:05:54+00:00","dateModified":"2019-09-18T12:16:53+00:00","description":"Auto Kunz schafft neue Jobs! Neben einer sorgf\u00e4ltigen Einarbeitung legen wir grossen Wert auf st\u00e4ndige F\u00f6rderung und Schulung jedes einzelnen.","breadcrumb":{"@id":"https:\/\/autokunz.ch\/en\/company\/apprenticeship-and-internship\/#breadcrumb"},"inLanguage":"en-US","potentialAction":[{"@type":"ReadAction","target":["https:\/\/autokunz.ch\/en\/company\/apprenticeship-and-internship\/"]}]},{"@type":"ImageObject","inLanguage":"en-US","@id":"https:\/\/autokunz.ch\/en\/company\/apprenticeship-and-internship\/#primaryimage","url":"https:\/\/autokunz.ch\/app\/uploads\/2019\/09\/1.4.4-Jobs-1.jpeg","contentUrl":"https:\/\/autokunz.ch\/app\/uploads\/2019\/09\/1.4.4-Jobs-1.jpeg","width":1536,"height":1025,"caption":"Jobs - Auto Kunz AG 10"},{"@type":"BreadcrumbList","@id":"https:\/\/autokunz.ch\/en\/company\/apprenticeship-and-internship\/#breadcrumb","itemListElement":[{"@type":"ListItem","position":1,"name":"Home","item":"https:\/\/autokunz.ch\/en\/"},{"@type":"ListItem","position":2,"name":"Company","item":"https:\/\/autokunz.ch\/en\/company\/"},{"@type":"ListItem","position":3,"name":"Apprenticeship and internship"}]},{"@type":"WebSite","@id":"https:\/\/autokunz.ch\/#website","url":"https:\/\/autokunz.ch\/","name":"Auto Kunz","description":"\u00dcber 500 Autos, die tiefsten Preise der Schweiz","publisher":{"@id":"https:\/\/autokunz.ch\/#organization"},"potentialAction":[{"@type":"SearchAction","target":{"@type":"EntryPoint","urlTemplate":"https:\/\/autokunz.ch\/?s={search_term_string}"},"query-input":{"@type":"PropertyValueSpecification","valueRequired":true,"valueName":"search_term_string"}}],"inLanguage":"en-US"},{"@type":"Organization","@id":"https:\/\/autokunz.ch\/#organization","name":"Auto Kunz AG","url":"https:\/\/autokunz.ch\/","logo":{"@type":"ImageObject","inLanguage":"en-US","@id":"https:\/\/autokunz.ch\/#\/schema\/logo\/image\/","url":"https:\/\/autokunz.ch\/app\/uploads\/2021\/07\/autokunz-ag-wohlen-logo.png","contentUrl":"https:\/\/autokunz.ch\/app\/uploads\/2021\/07\/autokunz-ag-wohlen-logo.png","width":530,"height":79,"caption":"Auto Kunz AG"},"image":{"@id":"https:\/\/autokunz.ch\/#\/schema\/logo\/image\/"},"sameAs":["https:\/\/www.facebook.com\/AutoKunzAG","https:\/\/x.com\/autokunzag","https:\/\/www.instagram.com\/autokunz.ch\/","https:\/\/www.linkedin.com\/company\/9463486?trk=tyah&amp;amp;amp;trkInfo=clickedVertical:company,idx:1-1-1,tarId:1434043483672,tas:auto kunz","https:\/\/www.pinterest.com\/autokunzag\/","https:\/\/www.youtube.com\/channel\/UCsS22A2abuuzGxbmhsPm-6g"]}]}},"_links":{"self":[{"href":"https:\/\/autokunz.ch\/en\/wp-json\/wp\/v2\/pages\/1491599","targetHints":{"allow":["GET"]}}],"collection":[{"href":"https:\/\/autokunz.ch\/en\/wp-json\/wp\/v2\/pages"}],"about":[{"href":"https:\/\/autokunz.ch\/en\/wp-json\/wp\/v2\/types\/page"}],"author":[{"embeddable":true,"href":"https:\/\/autokunz.ch\/en\/wp-json\/wp\/v2\/users\/4"}],"replies":[{"embeddable":true,"href":"https:\/\/autokunz.ch\/en\/wp-json\/wp\/v2\/comments?post=1491599"}],"version-history":[{"count":3,"href":"https:\/\/autokunz.ch\/en\/wp-json\/wp\/v2\/pages\/1491599\/revisions"}],"predecessor-version":[{"id":1493125,"href":"https:\/\/autokunz.ch\/en\/wp-json\/wp\/v2\/pages\/1491599\/revisions\/1493125"}],"up":[{"embeddable":true,"href":"https:\/\/autokunz.ch\/en\/wp-json\/wp\/v2\/pages\/56571"}],"wp:featuredmedia":[{"embeddable":true,"href":"https:\/\/autokunz.ch\/en\/wp-json\/wp\/v2\/media\/56726"}],"wp:attachment":[{"href":"https:\/\/autokunz.ch\/en\/wp-json\/wp\/v2\/media?parent=1491599"}],"curies":[{"name":"wp","href":"https:\/\/api.w.org\/{rel}","templated":true}]}}