{"id":56349,"date":"2019-06-30T19:08:25","date_gmt":"2019-06-30T17:08:25","guid":{"rendered":"https:\/\/autokunz.ch\/new-cars\/eu-fahrzeuglager\/"},"modified":"2019-09-16T18:26:31","modified_gmt":"2019-09-16T16:26:31","slug":"eu-vehicle-stock","status":"publish","type":"page","link":"https:\/\/autokunz.ch\/en\/new-cars-2\/eu-vehicle-stock\/","title":{"rendered":"EU-Vehicle stock"},"content":{"rendered":"\n<div class=\"wp-block-columns has-4-columns is-layout-flex wp-container-core-columns-is-layout-9d6595d7 wp-block-columns-is-layout-flex\">\n<div class=\"wp-block-column is-layout-flow wp-block-column-is-layout-flow\"><div class=\"text-box d-flex flex-column h-100\">\n                                    \n            <h4 class=\"text-box__title\">stock Eastern Europe<\/h4>\n                    <div class=\"text-box__text text-normal \">\n                <p>EU cars stock<\/p>\n\n            <\/div>\n                            <div class=\"mt-auto text-box__link-container\">\n                <div class=\"empty-line-1\"><\/div>\n                                                    <a href=\"https:\/\/stock2.carset.de\/index.php?user=autokunz1\"\n                       class=\"text-button text-button--primary\"\n                       >go to this stock<\/a>\n                            <\/div>\n            <\/div>\n\n<\/div>\n\n\n\n<div class=\"wp-block-column is-layout-flow wp-block-column-is-layout-flow\"><div class=\"text-box d-flex flex-column h-100\">\n                                    \n            <h4 class=\"text-box__title\">stock Western Europe<\/h4>\n                    <div class=\"text-box__text text-normal \">\n                <p>EU cars stock<\/p>\n\n            <\/div>\n                            <div class=\"mt-auto text-box__link-container\">\n                <div class=\"empty-line-1\"><\/div>\n                                                    <a href=\"https:\/\/autokunz.mehrmarken.net\/neuwagen\/*?sort=default&amp;availability=stock\"\n                       class=\"text-button text-button--primary\"\n                       >go to this stock<\/a>\n                            <\/div>\n            <\/div>\n\n<\/div>\n\n\n\n<div class=\"wp-block-column is-layout-flow wp-block-column-is-layout-flow\"><div class=\"text-box d-flex flex-column h-100\">\n                                    \n            <h4 class=\"text-box__title\">Stock Middle- and Southeurope<\/h4>\n                    <div class=\"text-box__text text-normal \">\n                <p>EU cars stock<\/p>\n\n            <\/div>\n                            <div class=\"mt-auto text-box__link-container\">\n                <div class=\"empty-line-1\"><\/div>\n                                                    <a href=\"https:\/\/www.eln.de\/3026eln\/-\/fahrzeugangebote.html\"\n                       class=\"text-button text-button--primary\"\n                       >go to this stock<\/a>\n                            <\/div>\n            <\/div>\n\n<\/div>\n\n\n\n<div class=\"wp-block-column is-layout-flow wp-block-column-is-layout-flow\"><div class=\"text-box d-flex flex-column h-100\">\n                                    \n            <h4 class=\"text-box__title\">cars stock Wohlen<\/h4>\n                    <div class=\"text-box__text text-normal \">\n                <p>our local cars on stock in Wohlen<\/p>\n\n            <\/div>\n                            <div class=\"mt-auto text-box__link-container\">\n                <div class=\"empty-line-1\"><\/div>\n                                                    <a href=\"https:\/\/autokunz.ch\/en\/new-cars\/\"\n                       class=\"text-button text-button--primary\"\n                       >stock Switzerland<\/a>\n                            <\/div>\n            <\/div>\n\n<\/div>\n<\/div>\n\n\n\n<div class=\"wp-block-columns has-2-columns is-layout-flex wp-container-core-columns-is-layout-9d6595d7 wp-block-columns-is-layout-flex\">\n<div class=\"wp-block-column is-layout-flow wp-block-column-is-layout-flow\">\n<h2 class=\"wp-block-heading\">WE HAVE MORE THAN 20&#8217;000 VEHICLES  <\/h2>\n\n\n\n<h3 class=\"wp-block-heading\">in our EU-stocks<\/h3>\n\n\n\n<p>Scour our EU warehouses! In addition to the vehicles that you can visit in Wohlen, we also offer you another 20,000 vehicles in our EU warehouse. <\/p>\n\n\n\n<p><a href=\"https:\/\/autokunz.ch\/en\/new-cars\/new-cars\/#filter=%7B%7D&amp;sorting=a-z&amp;page=1&amp;display=purchase\">Auto Kunz AG<\/a> is not limited to the 500 vehicles ready for delivery in Wohlen. Through decades of experience in this field, we have built a global network of suppliers and business partners. <\/p>\n<\/div>\n\n\n\n<div class=\"wp-block-column is-layout-flow wp-block-column-is-layout-flow\">\n<figure class=\"wp-block-image\"><img decoding=\"async\" src=\"https:\/\/autokunz.ch\/app\/uploads\/2019\/08\/EU-Fahrzeuglager-3-1-1366x912.jpg\" alt=\"\" class=\"wp-image-8489\"\/><\/figure>\n<\/div>\n<\/div>\n\n\n\n<hr class=\"wp-block-separator\"\/>\n\n\n\n<div class=\"wp-block-columns has-2-columns is-layout-flex wp-container-core-columns-is-layout-9d6595d7 wp-block-columns-is-layout-flex\">\n<div class=\"wp-block-column is-layout-flow wp-block-column-is-layout-flow\">\n<p>We intensively cultivate these contacts around the globe and from that we have developed strong and very <a href=\"https:\/\/autokunz.ch\/en\/azienda\/partners\/\">reliable partnerships<\/a> for many years. Through these relationships we can resort to an EU camp, which is remarkable. Over 20,000 vehicles are available there and at our suppliers for retrieval. Browse our stock offer and search for your desired car here. <\/p>\n\n\n\n<p>It is the largest range of cars that you can ever find at Swiss car dealerships. Our prices are all in Swiss francs, with customs clearance and taxation of the cars. Likewise, the vehicles are presented, approved and sold with the <a href=\"https:\/\/autokunz.ch\/en\/services\/import-dienstleistungen\/\">CO2 tax<\/a> at the indicated price. So you do not have to worry about the formalities, nor do you have to do complicated conversions. <\/p>\n<\/div>\n\n\n\n<div class=\"wp-block-column is-layout-flow wp-block-column-is-layout-flow\">\n<p>Vehicles from our EU warehouse enjoy the same <a href=\"https:\/\/autokunz.ch\/en\/services\/swiss-package-new-car\/\">full service<\/a> as all vehicles we have in Wohlen ready. So it does not matter which range you buy a car from us, you get every vehicle with our <a href=\"https:\/\/autokunz.ch\/en\/services\/swiss-package-new-car\/\">Swiss Package.<\/a>  <\/p>\n\n\n\n<p>The offer includes models of all brands from Alfa to VW. The offer is constantly updated, even with newly launched models from all manufacturers. We are continuously expanding our product range. So if you do not find the right vehicle in our EU warehouse, just stop by regularly. We are sure that we will soon have your dream car with one of our partners, or even with us on the pitch. <\/p>\n<\/div>\n<\/div>\n\n\n\n<p><\/p>\n","protected":false},"excerpt":{"rendered":"<p>WE HAVE MORE THAN 20&#8217;000 VEHICLES in our EU-stocks Scour our EU warehouses! In addition to the vehicles that you can visit in Wohlen, we also offer you another 20,000 vehicles in our EU warehouse. Auto Kunz AG is not limited to the 500 vehicles ready for delivery in Wohlen. Through decades of experience in &hellip; <a class=\"text-button text-button--primary text-button--no-arrow\" href=\"https:\/\/autokunz.ch\/en\/new-cars-2\/eu-vehicle-stock\/\">onward<\/a><\/p>\n","protected":false},"author":1,"featured_media":56352,"parent":17,"menu_order":0,"comment_status":"closed","ping_status":"closed","template":"","meta":{"_acf_changed":false,"footnotes":""},"class_list":["post-56349","page","type-page","status-publish","has-post-thumbnail","hentry"],"acf":[],"yoast_head":"<!-- This site is optimized with the Yoast SEO plugin v27.0 - https:\/\/yoast.com\/product\/yoast-seo-wordpress\/ -->\n<title>Unser EU-Fahrzeuglager - \u00dcber 20&#039;000 Autos f\u00fcr Sie - Auto Kunz<\/title>\n<meta name=\"description\" content=\"Wir bieten Ihnen nebst den Fahrzeugen, welche Sie in Wohlen besichtigen k\u00f6nnen, auch noch weitere ca. 20\u2018000 Fahrzeuge in unserem Lieferanten EU Lager an.\" \/>\n<meta name=\"robots\" content=\"index, follow, max-snippet:-1, max-image-preview:large, max-video-preview:-1\" \/>\n<link rel=\"canonical\" href=\"https:\/\/autokunz.ch\/en\/new-cars-2\/eu-vehicle-stock\/\" \/>\n<meta property=\"og:locale\" content=\"en_US\" \/>\n<meta property=\"og:type\" content=\"article\" \/>\n<meta property=\"og:title\" content=\"Unser EU-Fahrzeuglager - \u00dcber 20&#039;000 Autos f\u00fcr Sie - Auto Kunz\" \/>\n<meta property=\"og:description\" content=\"Wir bieten Ihnen nebst den Fahrzeugen, welche Sie in Wohlen besichtigen k\u00f6nnen, auch noch weitere ca. 20\u2018000 Fahrzeuge in unserem Lieferanten EU Lager an.\" \/>\n<meta property=\"og:url\" content=\"https:\/\/autokunz.ch\/en\/new-cars-2\/eu-vehicle-stock\/\" \/>\n<meta property=\"og:site_name\" content=\"Auto Kunz\" \/>\n<meta property=\"article:publisher\" content=\"https:\/\/www.facebook.com\/AutoKunzAG\" \/>\n<meta property=\"article:modified_time\" content=\"2019-09-16T16:26:31+00:00\" \/>\n<meta property=\"og:image\" content=\"https:\/\/autokunz.ch\/app\/uploads\/2019\/09\/EU-Fahrzeuglager-4.jpg\" \/>\n\t<meta property=\"og:image:width\" content=\"1536\" \/>\n\t<meta property=\"og:image:height\" content=\"863\" \/>\n\t<meta property=\"og:image:type\" content=\"image\/jpeg\" \/>\n<meta name=\"twitter:card\" content=\"summary_large_image\" \/>\n<meta name=\"twitter:site\" content=\"@autokunzag\" \/>\n<meta name=\"twitter:label1\" content=\"Est. reading time\" \/>\n\t<meta name=\"twitter:data1\" content=\"1 minute\" \/>\n<script type=\"application\/ld+json\" class=\"yoast-schema-graph\">{\"@context\":\"https:\/\/schema.org\",\"@graph\":[{\"@type\":\"WebPage\",\"@id\":\"https:\/\/autokunz.ch\/en\/new-cars-2\/eu-vehicle-stock\/\",\"url\":\"https:\/\/autokunz.ch\/en\/new-cars-2\/eu-vehicle-stock\/\",\"name\":\"Unser EU-Fahrzeuglager - \u00dcber 20'000 Autos f\u00fcr Sie - Auto Kunz\",\"isPartOf\":{\"@id\":\"https:\/\/autokunz.ch\/#website\"},\"primaryImageOfPage\":{\"@id\":\"https:\/\/autokunz.ch\/en\/new-cars-2\/eu-vehicle-stock\/#primaryimage\"},\"image\":{\"@id\":\"https:\/\/autokunz.ch\/en\/new-cars-2\/eu-vehicle-stock\/#primaryimage\"},\"thumbnailUrl\":\"https:\/\/autokunz.ch\/app\/uploads\/2019\/09\/EU-Fahrzeuglager-4.jpg\",\"datePublished\":\"2019-06-30T17:08:25+00:00\",\"dateModified\":\"2019-09-16T16:26:31+00:00\",\"description\":\"Wir bieten Ihnen nebst den Fahrzeugen, welche Sie in Wohlen besichtigen k\u00f6nnen, auch noch weitere ca. 20\u2018000 Fahrzeuge in unserem Lieferanten EU Lager an.\",\"breadcrumb\":{\"@id\":\"https:\/\/autokunz.ch\/en\/new-cars-2\/eu-vehicle-stock\/#breadcrumb\"},\"inLanguage\":\"en-US\",\"potentialAction\":[{\"@type\":\"ReadAction\",\"target\":[\"https:\/\/autokunz.ch\/en\/new-cars-2\/eu-vehicle-stock\/\"]}]},{\"@type\":\"ImageObject\",\"inLanguage\":\"en-US\",\"@id\":\"https:\/\/autokunz.ch\/en\/new-cars-2\/eu-vehicle-stock\/#primaryimage\",\"url\":\"https:\/\/autokunz.ch\/app\/uploads\/2019\/09\/EU-Fahrzeuglager-4.jpg\",\"contentUrl\":\"https:\/\/autokunz.ch\/app\/uploads\/2019\/09\/EU-Fahrzeuglager-4.jpg\",\"width\":1536,\"height\":863,\"caption\":\"Cars export terminal in export and import business and logistics. Shipping cargo to harbor. Water transport International. Aerial view and top view.\"},{\"@type\":\"BreadcrumbList\",\"@id\":\"https:\/\/autokunz.ch\/en\/new-cars-2\/eu-vehicle-stock\/#breadcrumb\",\"itemListElement\":[{\"@type\":\"ListItem\",\"position\":1,\"name\":\"Home\",\"item\":\"https:\/\/autokunz.ch\/en\/\"},{\"@type\":\"ListItem\",\"position\":2,\"name\":\"Cars\",\"item\":\"https:\/\/autokunz.ch\/en\/new-cars-2\/\"},{\"@type\":\"ListItem\",\"position\":3,\"name\":\"EU-Vehicle stock\"}]},{\"@type\":\"WebSite\",\"@id\":\"https:\/\/autokunz.ch\/#website\",\"url\":\"https:\/\/autokunz.ch\/\",\"name\":\"Auto Kunz\",\"description\":\"\u00dcber 500 Autos, die tiefsten Preise der Schweiz\",\"publisher\":{\"@id\":\"https:\/\/autokunz.ch\/#organization\"},\"potentialAction\":[{\"@type\":\"SearchAction\",\"target\":{\"@type\":\"EntryPoint\",\"urlTemplate\":\"https:\/\/autokunz.ch\/?s={search_term_string}\"},\"query-input\":{\"@type\":\"PropertyValueSpecification\",\"valueRequired\":true,\"valueName\":\"search_term_string\"}}],\"inLanguage\":\"en-US\"},{\"@type\":\"Organization\",\"@id\":\"https:\/\/autokunz.ch\/#organization\",\"name\":\"Auto Kunz AG\",\"url\":\"https:\/\/autokunz.ch\/\",\"logo\":{\"@type\":\"ImageObject\",\"inLanguage\":\"en-US\",\"@id\":\"https:\/\/autokunz.ch\/#\/schema\/logo\/image\/\",\"url\":\"https:\/\/autokunz.ch\/app\/uploads\/2021\/07\/autokunz-ag-wohlen-logo.png\",\"contentUrl\":\"https:\/\/autokunz.ch\/app\/uploads\/2021\/07\/autokunz-ag-wohlen-logo.png\",\"width\":530,\"height\":79,\"caption\":\"Auto Kunz AG\"},\"image\":{\"@id\":\"https:\/\/autokunz.ch\/#\/schema\/logo\/image\/\"},\"sameAs\":[\"https:\/\/www.facebook.com\/AutoKunzAG\",\"https:\/\/x.com\/autokunzag\",\"https:\/\/www.instagram.com\/autokunz.ch\/\",\"https:\/\/www.linkedin.com\/company\/9463486?trk=tyah&amp;amp;amp;trkInfo=clickedVertical:company,idx:1-1-1,tarId:1434043483672,tas:auto kunz\",\"https:\/\/www.pinterest.com\/autokunzag\/\",\"https:\/\/www.youtube.com\/channel\/UCsS22A2abuuzGxbmhsPm-6g\"]}]}<\/script>\n<!-- \/ Yoast SEO plugin. -->","yoast_head_json":{"title":"Unser EU-Fahrzeuglager - \u00dcber 20'000 Autos f\u00fcr Sie - Auto Kunz","description":"Wir bieten Ihnen nebst den Fahrzeugen, welche Sie in Wohlen besichtigen k\u00f6nnen, auch noch weitere ca. 20\u2018000 Fahrzeuge in unserem Lieferanten EU Lager an.","robots":{"index":"index","follow":"follow","max-snippet":"max-snippet:-1","max-image-preview":"max-image-preview:large","max-video-preview":"max-video-preview:-1"},"canonical":"https:\/\/autokunz.ch\/en\/new-cars-2\/eu-vehicle-stock\/","og_locale":"en_US","og_type":"article","og_title":"Unser EU-Fahrzeuglager - \u00dcber 20'000 Autos f\u00fcr Sie - Auto Kunz","og_description":"Wir bieten Ihnen nebst den Fahrzeugen, welche Sie in Wohlen besichtigen k\u00f6nnen, auch noch weitere ca. 20\u2018000 Fahrzeuge in unserem Lieferanten EU Lager an.","og_url":"https:\/\/autokunz.ch\/en\/new-cars-2\/eu-vehicle-stock\/","og_site_name":"Auto Kunz","article_publisher":"https:\/\/www.facebook.com\/AutoKunzAG","article_modified_time":"2019-09-16T16:26:31+00:00","og_image":[{"width":1536,"height":863,"url":"https:\/\/autokunz.ch\/app\/uploads\/2019\/09\/EU-Fahrzeuglager-4.jpg","type":"image\/jpeg"}],"twitter_card":"summary_large_image","twitter_site":"@autokunzag","twitter_misc":{"Est. reading time":"1 minute"},"schema":{"@context":"https:\/\/schema.org","@graph":[{"@type":"WebPage","@id":"https:\/\/autokunz.ch\/en\/new-cars-2\/eu-vehicle-stock\/","url":"https:\/\/autokunz.ch\/en\/new-cars-2\/eu-vehicle-stock\/","name":"Unser EU-Fahrzeuglager - \u00dcber 20'000 Autos f\u00fcr Sie - Auto Kunz","isPartOf":{"@id":"https:\/\/autokunz.ch\/#website"},"primaryImageOfPage":{"@id":"https:\/\/autokunz.ch\/en\/new-cars-2\/eu-vehicle-stock\/#primaryimage"},"image":{"@id":"https:\/\/autokunz.ch\/en\/new-cars-2\/eu-vehicle-stock\/#primaryimage"},"thumbnailUrl":"https:\/\/autokunz.ch\/app\/uploads\/2019\/09\/EU-Fahrzeuglager-4.jpg","datePublished":"2019-06-30T17:08:25+00:00","dateModified":"2019-09-16T16:26:31+00:00","description":"Wir bieten Ihnen nebst den Fahrzeugen, welche Sie in Wohlen besichtigen k\u00f6nnen, auch noch weitere ca. 20\u2018000 Fahrzeuge in unserem Lieferanten EU Lager an.","breadcrumb":{"@id":"https:\/\/autokunz.ch\/en\/new-cars-2\/eu-vehicle-stock\/#breadcrumb"},"inLanguage":"en-US","potentialAction":[{"@type":"ReadAction","target":["https:\/\/autokunz.ch\/en\/new-cars-2\/eu-vehicle-stock\/"]}]},{"@type":"ImageObject","inLanguage":"en-US","@id":"https:\/\/autokunz.ch\/en\/new-cars-2\/eu-vehicle-stock\/#primaryimage","url":"https:\/\/autokunz.ch\/app\/uploads\/2019\/09\/EU-Fahrzeuglager-4.jpg","contentUrl":"https:\/\/autokunz.ch\/app\/uploads\/2019\/09\/EU-Fahrzeuglager-4.jpg","width":1536,"height":863,"caption":"Cars export terminal in export and import business and logistics. Shipping cargo to harbor. Water transport International. Aerial view and top view."},{"@type":"BreadcrumbList","@id":"https:\/\/autokunz.ch\/en\/new-cars-2\/eu-vehicle-stock\/#breadcrumb","itemListElement":[{"@type":"ListItem","position":1,"name":"Home","item":"https:\/\/autokunz.ch\/en\/"},{"@type":"ListItem","position":2,"name":"Cars","item":"https:\/\/autokunz.ch\/en\/new-cars-2\/"},{"@type":"ListItem","position":3,"name":"EU-Vehicle stock"}]},{"@type":"WebSite","@id":"https:\/\/autokunz.ch\/#website","url":"https:\/\/autokunz.ch\/","name":"Auto Kunz","description":"\u00dcber 500 Autos, die tiefsten Preise der Schweiz","publisher":{"@id":"https:\/\/autokunz.ch\/#organization"},"potentialAction":[{"@type":"SearchAction","target":{"@type":"EntryPoint","urlTemplate":"https:\/\/autokunz.ch\/?s={search_term_string}"},"query-input":{"@type":"PropertyValueSpecification","valueRequired":true,"valueName":"search_term_string"}}],"inLanguage":"en-US"},{"@type":"Organization","@id":"https:\/\/autokunz.ch\/#organization","name":"Auto Kunz AG","url":"https:\/\/autokunz.ch\/","logo":{"@type":"ImageObject","inLanguage":"en-US","@id":"https:\/\/autokunz.ch\/#\/schema\/logo\/image\/","url":"https:\/\/autokunz.ch\/app\/uploads\/2021\/07\/autokunz-ag-wohlen-logo.png","contentUrl":"https:\/\/autokunz.ch\/app\/uploads\/2021\/07\/autokunz-ag-wohlen-logo.png","width":530,"height":79,"caption":"Auto Kunz AG"},"image":{"@id":"https:\/\/autokunz.ch\/#\/schema\/logo\/image\/"},"sameAs":["https:\/\/www.facebook.com\/AutoKunzAG","https:\/\/x.com\/autokunzag","https:\/\/www.instagram.com\/autokunz.ch\/","https:\/\/www.linkedin.com\/company\/9463486?trk=tyah&amp;amp;amp;trkInfo=clickedVertical:company,idx:1-1-1,tarId:1434043483672,tas:auto kunz","https:\/\/www.pinterest.com\/autokunzag\/","https:\/\/www.youtube.com\/channel\/UCsS22A2abuuzGxbmhsPm-6g"]}]}},"_links":{"self":[{"href":"https:\/\/autokunz.ch\/en\/wp-json\/wp\/v2\/pages\/56349","targetHints":{"allow":["GET"]}}],"collection":[{"href":"https:\/\/autokunz.ch\/en\/wp-json\/wp\/v2\/pages"}],"about":[{"href":"https:\/\/autokunz.ch\/en\/wp-json\/wp\/v2\/types\/page"}],"author":[{"embeddable":true,"href":"https:\/\/autokunz.ch\/en\/wp-json\/wp\/v2\/users\/1"}],"replies":[{"embeddable":true,"href":"https:\/\/autokunz.ch\/en\/wp-json\/wp\/v2\/comments?post=56349"}],"version-history":[{"count":3,"href":"https:\/\/autokunz.ch\/en\/wp-json\/wp\/v2\/pages\/56349\/revisions"}],"predecessor-version":[{"id":1492671,"href":"https:\/\/autokunz.ch\/en\/wp-json\/wp\/v2\/pages\/56349\/revisions\/1492671"}],"up":[{"embeddable":true,"href":"https:\/\/autokunz.ch\/en\/wp-json\/wp\/v2\/pages\/17"}],"wp:featuredmedia":[{"embeddable":true,"href":"https:\/\/autokunz.ch\/en\/wp-json\/wp\/v2\/media\/56352"}],"wp:attachment":[{"href":"https:\/\/autokunz.ch\/en\/wp-json\/wp\/v2\/media?parent=56349"}],"curies":[{"name":"wp","href":"https:\/\/api.w.org\/{rel}","templated":true}]}}