{"id":56571,"date":"2019-06-21T14:25:46","date_gmt":"2019-06-21T12:25:46","guid":{"rendered":"https:\/\/autokunz.ch\/azienda\/"},"modified":"2019-09-18T14:19:24","modified_gmt":"2019-09-18T12:19:24","slug":"company","status":"publish","type":"page","link":"https:\/\/autokunz.ch\/en\/company\/","title":{"rendered":"Company"},"content":{"rendered":"\n<div class=\"wp-block-columns has-2-columns is-layout-flex wp-container-core-columns-is-layout-9d6595d7 wp-block-columns-is-layout-flex\">\n<div class=\"wp-block-column is-layout-flow wp-block-column-is-layout-flow\">\n<h2 class=\"wp-block-heading\">Auto Kunz AG \u2013 introducing our company <\/h2>\n\n\n\n<h3 class=\"wp-block-heading\">Over 500 cars of all brands <br>at the lowest prices in Switzerland!<\/h3>\n\n\n\n<p>With an extensive range of over 500 new and used cars of all standard makes, Auto Kunz AG is one of the largest independent car importers in Switzerland. Auto Kunz AG has always set itself apart through its distinct customer focus, its unique selection of car makes, after-sales service for all car makes and the best prices in Switzerland.<\/p>\n<\/div>\n\n\n\n<div class=\"wp-block-column is-layout-flow wp-block-column-is-layout-flow\">\n<figure class=\"wp-block-image\"><img decoding=\"async\" src=\"https:\/\/autokunz.ch\/app\/uploads\/2019\/08\/1.4-Unternehmen-1366x911.jpg\" alt=\"\" class=\"wp-image-9217\"\/><\/figure>\n<\/div>\n<\/div>\n\n\n\n<hr class=\"wp-block-separator\"\/>\n\n\n\n<div class=\"wp-block-columns has-2-columns is-layout-flex wp-container-core-columns-is-layout-9d6595d7 wp-block-columns-is-layout-flex\">\n<div class=\"wp-block-column is-layout-flow wp-block-column-is-layout-flow\">\n<figure class=\"wp-block-image\"><img decoding=\"async\" width=\"620\" height=\"372\" src=\"https:\/\/autokunz.ch\/app\/uploads\/2019\/08\/unternehmen-8.jpg\" alt=\"Unternehmen - Auto Kunz AG 34\" class=\"wp-image-9990\" srcset=\"https:\/\/autokunz.ch\/app\/uploads\/2019\/08\/unternehmen-8.jpg 620w, https:\/\/autokunz.ch\/app\/uploads\/2019\/08\/unternehmen-8-588x353.jpg 588w\" sizes=\"(max-width: 620px) 100vw, 620px\" \/><\/figure>\n\n\n\n<p><\/p>\n<\/div>\n\n\n\n<div class=\"wp-block-column is-layout-flow wp-block-column-is-layout-flow\">\n<h6 class=\"wp-block-heading\"><strong>Auto Kunz \u2013 making history since 1967<\/strong><\/h6>\n\n\n\n<p>Our company is proud of more than 50 years of success. Auto Kunz AG was established in 1967 by Theo and Ursula Kunz and has become one of the largest independent car importers in Switzerland. More than 50 employees provide a highly reliable service. As a pioneer of direct and parallel imports, our company has contributed to the demise of import cartels and high prices. <\/p>\n\n\n\n<div class=\"wp-block-button is-style-button--text-primary\"><a class=\"wp-block-button__link\" href=\"https:\/\/autokunz.ch\/en\/company\/history\/\">read more<\/a><\/div>\n<\/div>\n<\/div>\n\n\n\n<hr class=\"wp-block-separator\"\/>\n\n\n\n<div class=\"wp-block-columns has-2-columns is-layout-flex wp-container-core-columns-is-layout-9d6595d7 wp-block-columns-is-layout-flex\">\n<div class=\"wp-block-column is-layout-flow wp-block-column-is-layout-flow\">\n<h6 class=\"wp-block-heading\"><strong>The Team<\/strong><\/h6>\n\n\n\n<p>Well over 50 car professionals are at your side. Specialists in all fields: sales consultants, import specialists, buyers, car mechanics, electricians, retailers, diagnosticians, commercial employees and many other specialists offer a pool of expertise virtually unrivalled in other companies.<\/p>\n\n\n\n<div class=\"wp-block-button is-style-button--text-primary\"><a class=\"wp-block-button__link\" href=\"https:\/\/autokunz.ch\/en\/company\/team\/\">read more<\/a><\/div>\n\n\n\n<p><\/p>\n<\/div>\n\n\n\n<div class=\"wp-block-column is-layout-flow wp-block-column-is-layout-flow\">\n<figure class=\"wp-block-image\"><img decoding=\"async\" width=\"1176\" height=\"694\" src=\"https:\/\/autokunz.ch\/app\/uploads\/2019\/08\/unternehmen-10.png\" alt=\"Unternehmen - Auto Kunz AG 36\" class=\"wp-image-9999\" srcset=\"https:\/\/autokunz.ch\/app\/uploads\/2019\/08\/unternehmen-10.png 1176w, https:\/\/autokunz.ch\/app\/uploads\/2019\/08\/unternehmen-10-598x353.png 598w, https:\/\/autokunz.ch\/app\/uploads\/2019\/08\/unternehmen-10-768x453.png 768w\" sizes=\"(max-width: 1176px) 100vw, 1176px\" \/><\/figure>\n<\/div>\n<\/div>\n\n\n\n<hr class=\"wp-block-separator\"\/>\n\n\n\n<div class=\"wp-block-columns has-2-columns is-layout-flex wp-container-core-columns-is-layout-9d6595d7 wp-block-columns-is-layout-flex\">\n<div class=\"wp-block-column is-layout-flow wp-block-column-is-layout-flow\">\n<figure class=\"wp-block-image\"><img decoding=\"async\" width=\"1366\" height=\"911\" src=\"https:\/\/autokunz.ch\/app\/uploads\/2019\/08\/1.4-Kontakt-Carla-am-Empfang-1366x911.jpg\" alt=\"\" class=\"wp-image-9203\" srcset=\"https:\/\/autokunz.ch\/app\/uploads\/2019\/08\/1.4-Kontakt-Carla-am-Empfang-1366x911.jpg 1366w, https:\/\/autokunz.ch\/app\/uploads\/2019\/08\/1.4-Kontakt-Carla-am-Empfang-297x197.jpg 297w, https:\/\/autokunz.ch\/app\/uploads\/2019\/08\/1.4-Kontakt-Carla-am-Empfang-530x353.jpg 530w, https:\/\/autokunz.ch\/app\/uploads\/2019\/08\/1.4-Kontakt-Carla-am-Empfang-768x512.jpg 768w, https:\/\/autokunz.ch\/app\/uploads\/2019\/08\/1.4-Kontakt-Carla-am-Empfang.jpg 1536w\" sizes=\"(max-width: 1366px) 100vw, 1366px\" \/><\/figure>\n\n\n\n<p><\/p>\n<\/div>\n\n\n\n<div class=\"wp-block-column is-layout-flow wp-block-column-is-layout-flow\">\n<h6 class=\"wp-block-heading\"><strong>Contact<\/strong><\/h6>\n\n\n\n<p>Auto Kunz AG can be found in Wohlen in various locations. The main building is at Bremgarterstrasse 75 and in a very short walking distance also the other locations Bremgarterstrasse 36, 38, 44, 54, 75 and 105. We offer the visitor about 12&#8217;000 square meters exhibition our variety of new cars and second-hand cars. The cars can be found customer friendly sorted by category. For example, all SUVs at Bremgartenstrasse 75, all US Muscel cars at Bremgartenstrass 38, etc., are simply very concise.<\/p>\n\n\n\n<div class=\"wp-block-button is-style-button--text-primary\"><a class=\"wp-block-button__link\" href=\"https:\/\/autokunz.ch\/en\/contact\/\">read more<\/a><\/div>\n\n\n\n<p><\/p>\n<\/div>\n<\/div>\n\n\n\n<hr class=\"wp-block-separator\"\/>\n\n\n\n<div class=\"wp-block-columns has-2-columns is-layout-flex wp-container-core-columns-is-layout-9d6595d7 wp-block-columns-is-layout-flex\">\n<div class=\"wp-block-column is-layout-flow wp-block-column-is-layout-flow\">\n<h6 class=\"wp-block-heading\"><strong>Jobs<\/strong><\/h6>\n\n\n\n<p>Are you looking for a great job? Auto Kunz AG creates jobs. We are proud of our employees! In addition to careful training, we attach great importance to the constant promotion and training of each individual. A secure job is important to us too. Never had the car to break down Kunz in its history. On the contrary, every year is expanded.<\/p>\n\n\n\n<div class=\"wp-block-button is-style-button--text-primary\"><a class=\"wp-block-button__link\" href=\"https:\/\/autokunz.ch\/en\/company\/jobs\/\">read more<\/a><\/div>\n<\/div>\n\n\n\n<div class=\"wp-block-column is-layout-flow wp-block-column-is-layout-flow\">\n<figure class=\"wp-block-image\"><img decoding=\"async\" width=\"1366\" height=\"912\" src=\"https:\/\/autokunz.ch\/app\/uploads\/2019\/08\/1.4.4-Jobs-1366x912.jpeg\" alt=\"\" class=\"wp-image-9221\" srcset=\"https:\/\/autokunz.ch\/app\/uploads\/2019\/08\/1.4.4-Jobs-1366x912.jpeg 1366w, https:\/\/autokunz.ch\/app\/uploads\/2019\/08\/1.4.4-Jobs-297x197.jpeg 297w, https:\/\/autokunz.ch\/app\/uploads\/2019\/08\/1.4.4-Jobs-529x353.jpeg 529w, https:\/\/autokunz.ch\/app\/uploads\/2019\/08\/1.4.4-Jobs-768x513.jpeg 768w, https:\/\/autokunz.ch\/app\/uploads\/2019\/08\/1.4.4-Jobs.jpeg 1536w\" sizes=\"(max-width: 1366px) 100vw, 1366px\" \/><\/figure>\n<\/div>\n<\/div>\n\n\n\n<hr class=\"wp-block-separator\"\/>\n\n\n\n<div class=\"wp-block-columns has-2-columns is-layout-flex wp-container-core-columns-is-layout-9d6595d7 wp-block-columns-is-layout-flex\">\n<div class=\"wp-block-column is-layout-flow wp-block-column-is-layout-flow\">\n<figure class=\"wp-block-image\"><img decoding=\"async\" src=\"https:\/\/autokunz.ch\/app\/uploads\/2019\/08\/1.4.5-Lehrling-in-roten-Kleider-1-1366x1024.jpeg\" alt=\"\" class=\"wp-image-9225\"\/><\/figure>\n<\/div>\n\n\n\n<div class=\"wp-block-column is-layout-flow wp-block-column-is-layout-flow\">\n<h6 class=\"wp-block-heading\"><strong>Apprenticeship<\/strong><\/h6>\n\n\n\n<p>As a reliable and secure employer, we have been creating jobs and apprenticeships since the company was founded. Every year we train between 6 and 9 apprentices. Are you looking for an apprenticeship? Inform yourself here about our open apprenticeship!<\/p>\n\n\n\n<div class=\"wp-block-button is-style-button--text-primary\"><a class=\"wp-block-button__link\" href=\"https:\/\/autokunz.ch\/en\/company\/apprenticeship-and-internship\/\">read more<\/a><\/div>\n<\/div>\n<\/div>\n\n\n\n<hr class=\"wp-block-separator\"\/>\n\n\n\n<div class=\"wp-block-columns has-2-columns is-layout-flex wp-container-core-columns-is-layout-9d6595d7 wp-block-columns-is-layout-flex\">\n<div class=\"wp-block-column is-layout-flow wp-block-column-is-layout-flow\">\n<h6 class=\"wp-block-heading\"><strong>Partners<\/strong><\/h6>\n\n\n\n<p>Auto Kunz AG is proud to have professional partners at its side: manufacturers, financing partners, insurance companies and many others. Collaborating in an atmosphere of trust, many of our partners have been with us for decades. . <\/p>\n\n\n\n<div class=\"wp-block-button is-style-button--text-primary\"><a class=\"wp-block-button__link\" href=\"https:\/\/autokunz.ch\/en\/company\/partners\/\">read more<\/a><\/div>\n\n\n\n<p><\/p>\n<\/div>\n\n\n\n<div class=\"wp-block-column is-layout-flow wp-block-column-is-layout-flow\">\n<figure class=\"wp-block-image\"><img decoding=\"async\" src=\"https:\/\/autokunz.ch\/app\/uploads\/2019\/08\/1.4.6-Partner-Hintergrundbild-1366x490.jpeg\" alt=\"\" class=\"wp-image-10751\"\/><\/figure>\n<\/div>\n<\/div>\n\n\n\n<hr class=\"wp-block-separator\"\/>\n\n\n\n<div class=\"wp-block-columns has-2-columns is-layout-flex wp-container-core-columns-is-layout-9d6595d7 wp-block-columns-is-layout-flex\">\n<div class=\"wp-block-column is-layout-flow wp-block-column-is-layout-flow\">\n<figure class=\"wp-block-image\"><img decoding=\"async\" src=\"https:\/\/autokunz.ch\/app\/uploads\/2019\/08\/Bisnode-Zertifikat-2.jpg\" alt=\"\" class=\"wp-image-10756\"\/><\/figure>\n\n\n\n<p><\/p>\n<\/div>\n\n\n\n<div class=\"wp-block-column is-layout-flow wp-block-column-is-layout-flow\">\n<h6 class=\"wp-block-heading\"><strong>Awards<\/strong><\/h6>\n\n\n\n<p>None other than the world&#8217;s largest rating agency has already awarded our company the top rating certificate on a number of occasions. As a rule, of the 5&#8217;000 garages in Switzerland, only 2-3 receive this award. This is something we are truly proud of. For you this award is a sign of dependability, quality and continuity. The award is issued by the rating agency Bisnode Dun &amp; Bradstreet.<\/p>\n\n\n\n<div class=\"wp-block-button is-style-button--text-primary\"><a class=\"wp-block-button__link\" href=\"https:\/\/autokunz.ch\/en\/company\/awards\/\">read more<\/a><\/div>\n<\/div>\n<\/div>\n","protected":false},"excerpt":{"rendered":"<p>Auto Kunz AG \u2013 introducing our company Over 500 cars of all brands at the lowest prices in Switzerland! With an extensive range of over 500 new and used cars of all standard makes, Auto Kunz AG is one of the largest independent car importers in Switzerland. Auto Kunz AG has always set itself apart &hellip; <a class=\"text-button text-button--primary text-button--no-arrow\" href=\"https:\/\/autokunz.ch\/en\/company\/\">onward<\/a><\/p>\n","protected":false},"author":1,"featured_media":56572,"parent":0,"menu_order":0,"comment_status":"closed","ping_status":"closed","template":"views\/template-companies.blade.php","meta":{"_acf_changed":false,"footnotes":""},"class_list":["post-56571","page","type-page","status-publish","has-post-thumbnail","hentry"],"acf":[],"yoast_head":"<!-- This site is optimized with the Yoast SEO plugin v27.0 - https:\/\/yoast.com\/product\/yoast-seo-wordpress\/ -->\n<title>Unser Unternehmen stellt sich vor - Auto Kunz AG<\/title>\n<meta name=\"description\" content=\"Das Unternehmen Auto Kunz AG einer der gr\u00f6ssten unabh\u00e4ngigen Autoimporteure der Schweiz. \u00dcber 500 Autos aller Marken zu den schweizweit tiefsten Preisen!\" \/>\n<meta name=\"robots\" content=\"index, follow, max-snippet:-1, max-image-preview:large, max-video-preview:-1\" \/>\n<link rel=\"canonical\" href=\"https:\/\/autokunz.ch\/en\/company\/\" \/>\n<meta property=\"og:locale\" content=\"en_US\" \/>\n<meta property=\"og:type\" content=\"article\" \/>\n<meta property=\"og:title\" content=\"Unser Unternehmen stellt sich vor - Auto Kunz AG\" \/>\n<meta property=\"og:description\" content=\"Das Unternehmen Auto Kunz AG einer der gr\u00f6ssten unabh\u00e4ngigen Autoimporteure der Schweiz. \u00dcber 500 Autos aller Marken zu den schweizweit tiefsten Preisen!\" \/>\n<meta property=\"og:url\" content=\"https:\/\/autokunz.ch\/en\/company\/\" \/>\n<meta property=\"og:site_name\" content=\"Auto Kunz\" \/>\n<meta property=\"article:publisher\" content=\"https:\/\/www.facebook.com\/AutoKunzAG\" \/>\n<meta property=\"article:modified_time\" content=\"2019-09-18T12:19:24+00:00\" \/>\n<meta property=\"og:image\" content=\"https:\/\/autokunz.ch\/app\/uploads\/2019\/09\/1.1-Auto-AK-von-oben-Drohne-V1-1.jpg\" \/>\n\t<meta property=\"og:image:width\" content=\"1536\" \/>\n\t<meta property=\"og:image:height\" content=\"863\" \/>\n\t<meta property=\"og:image:type\" content=\"image\/jpeg\" \/>\n<meta name=\"twitter:card\" content=\"summary_large_image\" \/>\n<meta name=\"twitter:site\" content=\"@autokunzag\" \/>\n<meta name=\"twitter:label1\" content=\"Est. reading time\" \/>\n\t<meta name=\"twitter:data1\" content=\"2 minutes\" \/>\n<script type=\"application\/ld+json\" class=\"yoast-schema-graph\">{\"@context\":\"https:\/\/schema.org\",\"@graph\":[{\"@type\":\"WebPage\",\"@id\":\"https:\/\/autokunz.ch\/en\/company\/\",\"url\":\"https:\/\/autokunz.ch\/en\/company\/\",\"name\":\"Unser Unternehmen stellt sich vor - Auto Kunz AG\",\"isPartOf\":{\"@id\":\"https:\/\/autokunz.ch\/#website\"},\"primaryImageOfPage\":{\"@id\":\"https:\/\/autokunz.ch\/en\/company\/#primaryimage\"},\"image\":{\"@id\":\"https:\/\/autokunz.ch\/en\/company\/#primaryimage\"},\"thumbnailUrl\":\"https:\/\/autokunz.ch\/app\/uploads\/2019\/09\/1.1-Auto-AK-von-oben-Drohne-V1-1.jpg\",\"datePublished\":\"2019-06-21T12:25:46+00:00\",\"dateModified\":\"2019-09-18T12:19:24+00:00\",\"description\":\"Das Unternehmen Auto Kunz AG einer der gr\u00f6ssten unabh\u00e4ngigen Autoimporteure der Schweiz. \u00dcber 500 Autos aller Marken zu den schweizweit tiefsten Preisen!\",\"breadcrumb\":{\"@id\":\"https:\/\/autokunz.ch\/en\/company\/#breadcrumb\"},\"inLanguage\":\"en-US\",\"potentialAction\":[{\"@type\":\"ReadAction\",\"target\":[\"https:\/\/autokunz.ch\/en\/company\/\"]}]},{\"@type\":\"ImageObject\",\"inLanguage\":\"en-US\",\"@id\":\"https:\/\/autokunz.ch\/en\/company\/#primaryimage\",\"url\":\"https:\/\/autokunz.ch\/app\/uploads\/2019\/09\/1.1-Auto-AK-von-oben-Drohne-V1-1.jpg\",\"contentUrl\":\"https:\/\/autokunz.ch\/app\/uploads\/2019\/09\/1.1-Auto-AK-von-oben-Drohne-V1-1.jpg\",\"width\":1536,\"height\":863,\"caption\":\"Unternehmen - Auto Kunz AG\"},{\"@type\":\"BreadcrumbList\",\"@id\":\"https:\/\/autokunz.ch\/en\/company\/#breadcrumb\",\"itemListElement\":[{\"@type\":\"ListItem\",\"position\":1,\"name\":\"Home\",\"item\":\"https:\/\/autokunz.ch\/en\/\"},{\"@type\":\"ListItem\",\"position\":2,\"name\":\"Company\"}]},{\"@type\":\"WebSite\",\"@id\":\"https:\/\/autokunz.ch\/#website\",\"url\":\"https:\/\/autokunz.ch\/\",\"name\":\"Auto Kunz\",\"description\":\"\u00dcber 500 Autos, die tiefsten Preise der Schweiz\",\"publisher\":{\"@id\":\"https:\/\/autokunz.ch\/#organization\"},\"potentialAction\":[{\"@type\":\"SearchAction\",\"target\":{\"@type\":\"EntryPoint\",\"urlTemplate\":\"https:\/\/autokunz.ch\/?s={search_term_string}\"},\"query-input\":{\"@type\":\"PropertyValueSpecification\",\"valueRequired\":true,\"valueName\":\"search_term_string\"}}],\"inLanguage\":\"en-US\"},{\"@type\":\"Organization\",\"@id\":\"https:\/\/autokunz.ch\/#organization\",\"name\":\"Auto Kunz AG\",\"url\":\"https:\/\/autokunz.ch\/\",\"logo\":{\"@type\":\"ImageObject\",\"inLanguage\":\"en-US\",\"@id\":\"https:\/\/autokunz.ch\/#\/schema\/logo\/image\/\",\"url\":\"https:\/\/autokunz.ch\/app\/uploads\/2021\/07\/autokunz-ag-wohlen-logo.png\",\"contentUrl\":\"https:\/\/autokunz.ch\/app\/uploads\/2021\/07\/autokunz-ag-wohlen-logo.png\",\"width\":530,\"height\":79,\"caption\":\"Auto Kunz AG\"},\"image\":{\"@id\":\"https:\/\/autokunz.ch\/#\/schema\/logo\/image\/\"},\"sameAs\":[\"https:\/\/www.facebook.com\/AutoKunzAG\",\"https:\/\/x.com\/autokunzag\",\"https:\/\/www.instagram.com\/autokunz.ch\/\",\"https:\/\/www.linkedin.com\/company\/9463486?trk=tyah&amp;amp;amp;trkInfo=clickedVertical:company,idx:1-1-1,tarId:1434043483672,tas:auto kunz\",\"https:\/\/www.pinterest.com\/autokunzag\/\",\"https:\/\/www.youtube.com\/channel\/UCsS22A2abuuzGxbmhsPm-6g\"]}]}<\/script>\n<!-- \/ Yoast SEO plugin. -->","yoast_head_json":{"title":"Unser Unternehmen stellt sich vor - Auto Kunz AG","description":"Das Unternehmen Auto Kunz AG einer der gr\u00f6ssten unabh\u00e4ngigen Autoimporteure der Schweiz. \u00dcber 500 Autos aller Marken zu den schweizweit tiefsten Preisen!","robots":{"index":"index","follow":"follow","max-snippet":"max-snippet:-1","max-image-preview":"max-image-preview:large","max-video-preview":"max-video-preview:-1"},"canonical":"https:\/\/autokunz.ch\/en\/company\/","og_locale":"en_US","og_type":"article","og_title":"Unser Unternehmen stellt sich vor - Auto Kunz AG","og_description":"Das Unternehmen Auto Kunz AG einer der gr\u00f6ssten unabh\u00e4ngigen Autoimporteure der Schweiz. \u00dcber 500 Autos aller Marken zu den schweizweit tiefsten Preisen!","og_url":"https:\/\/autokunz.ch\/en\/company\/","og_site_name":"Auto Kunz","article_publisher":"https:\/\/www.facebook.com\/AutoKunzAG","article_modified_time":"2019-09-18T12:19:24+00:00","og_image":[{"width":1536,"height":863,"url":"https:\/\/autokunz.ch\/app\/uploads\/2019\/09\/1.1-Auto-AK-von-oben-Drohne-V1-1.jpg","type":"image\/jpeg"}],"twitter_card":"summary_large_image","twitter_site":"@autokunzag","twitter_misc":{"Est. reading time":"2 minutes"},"schema":{"@context":"https:\/\/schema.org","@graph":[{"@type":"WebPage","@id":"https:\/\/autokunz.ch\/en\/company\/","url":"https:\/\/autokunz.ch\/en\/company\/","name":"Unser Unternehmen stellt sich vor - Auto Kunz AG","isPartOf":{"@id":"https:\/\/autokunz.ch\/#website"},"primaryImageOfPage":{"@id":"https:\/\/autokunz.ch\/en\/company\/#primaryimage"},"image":{"@id":"https:\/\/autokunz.ch\/en\/company\/#primaryimage"},"thumbnailUrl":"https:\/\/autokunz.ch\/app\/uploads\/2019\/09\/1.1-Auto-AK-von-oben-Drohne-V1-1.jpg","datePublished":"2019-06-21T12:25:46+00:00","dateModified":"2019-09-18T12:19:24+00:00","description":"Das Unternehmen Auto Kunz AG einer der gr\u00f6ssten unabh\u00e4ngigen Autoimporteure der Schweiz. \u00dcber 500 Autos aller Marken zu den schweizweit tiefsten Preisen!","breadcrumb":{"@id":"https:\/\/autokunz.ch\/en\/company\/#breadcrumb"},"inLanguage":"en-US","potentialAction":[{"@type":"ReadAction","target":["https:\/\/autokunz.ch\/en\/company\/"]}]},{"@type":"ImageObject","inLanguage":"en-US","@id":"https:\/\/autokunz.ch\/en\/company\/#primaryimage","url":"https:\/\/autokunz.ch\/app\/uploads\/2019\/09\/1.1-Auto-AK-von-oben-Drohne-V1-1.jpg","contentUrl":"https:\/\/autokunz.ch\/app\/uploads\/2019\/09\/1.1-Auto-AK-von-oben-Drohne-V1-1.jpg","width":1536,"height":863,"caption":"Unternehmen - Auto Kunz AG"},{"@type":"BreadcrumbList","@id":"https:\/\/autokunz.ch\/en\/company\/#breadcrumb","itemListElement":[{"@type":"ListItem","position":1,"name":"Home","item":"https:\/\/autokunz.ch\/en\/"},{"@type":"ListItem","position":2,"name":"Company"}]},{"@type":"WebSite","@id":"https:\/\/autokunz.ch\/#website","url":"https:\/\/autokunz.ch\/","name":"Auto Kunz","description":"\u00dcber 500 Autos, die tiefsten Preise der Schweiz","publisher":{"@id":"https:\/\/autokunz.ch\/#organization"},"potentialAction":[{"@type":"SearchAction","target":{"@type":"EntryPoint","urlTemplate":"https:\/\/autokunz.ch\/?s={search_term_string}"},"query-input":{"@type":"PropertyValueSpecification","valueRequired":true,"valueName":"search_term_string"}}],"inLanguage":"en-US"},{"@type":"Organization","@id":"https:\/\/autokunz.ch\/#organization","name":"Auto Kunz AG","url":"https:\/\/autokunz.ch\/","logo":{"@type":"ImageObject","inLanguage":"en-US","@id":"https:\/\/autokunz.ch\/#\/schema\/logo\/image\/","url":"https:\/\/autokunz.ch\/app\/uploads\/2021\/07\/autokunz-ag-wohlen-logo.png","contentUrl":"https:\/\/autokunz.ch\/app\/uploads\/2021\/07\/autokunz-ag-wohlen-logo.png","width":530,"height":79,"caption":"Auto Kunz AG"},"image":{"@id":"https:\/\/autokunz.ch\/#\/schema\/logo\/image\/"},"sameAs":["https:\/\/www.facebook.com\/AutoKunzAG","https:\/\/x.com\/autokunzag","https:\/\/www.instagram.com\/autokunz.ch\/","https:\/\/www.linkedin.com\/company\/9463486?trk=tyah&amp;amp;amp;trkInfo=clickedVertical:company,idx:1-1-1,tarId:1434043483672,tas:auto kunz","https:\/\/www.pinterest.com\/autokunzag\/","https:\/\/www.youtube.com\/channel\/UCsS22A2abuuzGxbmhsPm-6g"]}]}},"_links":{"self":[{"href":"https:\/\/autokunz.ch\/en\/wp-json\/wp\/v2\/pages\/56571","targetHints":{"allow":["GET"]}}],"collection":[{"href":"https:\/\/autokunz.ch\/en\/wp-json\/wp\/v2\/pages"}],"about":[{"href":"https:\/\/autokunz.ch\/en\/wp-json\/wp\/v2\/types\/page"}],"author":[{"embeddable":true,"href":"https:\/\/autokunz.ch\/en\/wp-json\/wp\/v2\/users\/1"}],"replies":[{"embeddable":true,"href":"https:\/\/autokunz.ch\/en\/wp-json\/wp\/v2\/comments?post=56571"}],"version-history":[{"count":3,"href":"https:\/\/autokunz.ch\/en\/wp-json\/wp\/v2\/pages\/56571\/revisions"}],"predecessor-version":[{"id":1493126,"href":"https:\/\/autokunz.ch\/en\/wp-json\/wp\/v2\/pages\/56571\/revisions\/1493126"}],"wp:featuredmedia":[{"embeddable":true,"href":"https:\/\/autokunz.ch\/en\/wp-json\/wp\/v2\/media\/56572"}],"wp:attachment":[{"href":"https:\/\/autokunz.ch\/en\/wp-json\/wp\/v2\/media?parent=56571"}],"curies":[{"name":"wp","href":"https:\/\/api.w.org\/{rel}","templated":true}]}}