{"id":56675,"date":"2019-08-05T15:07:36","date_gmt":"2019-08-05T13:07:36","guid":{"rendered":"https:\/\/autokunz.ch\/online-shop\/"},"modified":"2024-10-09T13:29:36","modified_gmt":"2024-10-09T11:29:36","slug":"online-shop","status":"publish","type":"page","link":"https:\/\/autokunz.ch\/en\/online-shop\/","title":{"rendered":"Online Shop"},"content":{"rendered":"\n<div class=\"wp-block-columns has-2-columns is-layout-flex wp-container-core-columns-is-layout-9d6595d7 wp-block-columns-is-layout-flex\">\n<div class=\"wp-block-column is-layout-flow wp-block-column-is-layout-flow\">\n<h2 class=\"wp-block-heading\">car online shop<\/h2>\n\n\n\n<h3 class=\"wp-block-heading\">with over 500 cars <\/h3>\n\n\n\n<p>Our online shop has two part to it: firstly, there is the whole range of products from our accessories department; and then there is our online sale of over 500 cars. <br><br>Sit back comfortably at home and surf through our online shop!<\/p>\n\n\n\n<div class=\"wp-block-columns has-3-columns is-layout-flex wp-container-core-columns-is-layout-9d6595d7 wp-block-columns-is-layout-flex\">\n<div class=\"wp-block-column is-layout-flow wp-block-column-is-layout-flow\">\n<div class=\"wp-block-button is-style-button--gray\"><a class=\"wp-block-button__link wp-element-button\" href=\"https:\/\/autokunz.ch\/en\/online-shop\/autokauf-online\/#filter=%7B%7D&amp;sorting=a-z&amp;page=1&amp;display=purchase\">Online purchase<\/a><\/div>\n\n\n\n<p><\/p>\n<\/div>\n\n\n\n<div class=\"wp-block-column is-layout-flow wp-block-column-is-layout-flow\"><\/div>\n\n\n\n<div class=\"wp-block-column is-layout-flow wp-block-column-is-layout-flow\">\n<div class=\"wp-block-button is-style-button--gray\"><a class=\"wp-block-button__link wp-element-button\" href=\"https:\/\/autokunz.ch\/en\/online-shop\/zubehor-shop\/#filter=%7B%7D&amp;sorting=a-z&amp;page=1\">Online Accessoires<\/a><\/div>\n\n\n\n<p><\/p>\n<\/div>\n<\/div>\n\n\n\n<p><\/p>\n<\/div>\n\n\n\n<div class=\"wp-block-column is-layout-flow wp-block-column-is-layout-flow\">\n<figure class=\"wp-block-image size-large\"><img decoding=\"async\" width=\"1366\" height=\"911\" src=\"https:\/\/autokunz.ch\/app\/uploads\/2023\/02\/online-shop-auto-kunz-ag-2-1366x911.jpg\" alt=\"\" class=\"wp-image-3966148\" srcset=\"https:\/\/autokunz.ch\/app\/uploads\/2023\/02\/online-shop-auto-kunz-ag-2-1366x911.jpg 1366w, https:\/\/autokunz.ch\/app\/uploads\/2023\/02\/online-shop-auto-kunz-ag-2-530x353.jpg 530w, https:\/\/autokunz.ch\/app\/uploads\/2023\/02\/online-shop-auto-kunz-ag-2-297x197.jpg 297w, https:\/\/autokunz.ch\/app\/uploads\/2023\/02\/online-shop-auto-kunz-ag-2-768x512.jpg 768w, https:\/\/autokunz.ch\/app\/uploads\/2023\/02\/online-shop-auto-kunz-ag-2-1536x1024.jpg 1536w, https:\/\/autokunz.ch\/app\/uploads\/2023\/02\/online-shop-auto-kunz-ag-2.jpg 1920w\" sizes=\"(max-width: 1366px) 100vw, 1366px\" \/><\/figure>\n<\/div>\n<\/div>\n\n\n\n<hr class=\"wp-block-separator has-css-opacity is-style-wide\"\/>\n\n\n\n<div class=\"wp-block-columns has-2-columns is-layout-flex wp-container-core-columns-is-layout-9d6595d7 wp-block-columns-is-layout-flex\">\n<div class=\"wp-block-column is-layout-flow wp-block-column-is-layout-flow\">\n<h6 class=\"wp-block-heading\"><strong>Buying cars online<\/strong><\/h6>\n\n\n\n<p>A real Swiss innovation is our online platform, offering vehicles directly from our online shop. More than 500 cars are usually available online. And you can decide whether you want the car delivered directly to your home. You will then receive a declaration from us about your new car. This is how you buy cars today \u2013 whether new or used cars. <\/p>\n\n\n\n<p>If, contrary to expectations, you are not satisfied with your new car, you can trade it in within one month. Read more about our <a href=\"https:\/\/autokunz.ch\/en\/services\/swiss-package-new-car\/\">returns policy<\/a>. We have developed this new service for you to help you choose your vehicle in peace and quiet and also outside opening hours. This provides you will access to all cars 24\/7, enabling you to sit back and buy your dream car in just a few clicks from the comfort of your home. <\/p>\n\n\n\n<p>After you\u2019ve made your online purchase, we will contact you on the next working day or immediately after your purchase (if this is during opening hours) and settle the formalities. After payment has been made, there is nothing in the way of you taking delivery of your car. <\/p>\n<\/div>\n\n\n\n<div class=\"wp-block-column is-layout-flow wp-block-column-is-layout-flow\">\n<h6 class=\"wp-block-heading\"><strong>Online Accessoires Shop<\/strong><\/h6>\n\n\n\n<p>You have the choice of a range of products to either enhance or customize your vehicle \u2013 from electronic accessories to chassis components, body styling, technical\/visual tuning, alloy rims and accessories such as luggage carrier systems and trailer couplings. There\u2019s everything you need! Click through our online shop and order comfortably from home:\u00a024 hours a day, 7 days a week.<\/p>\n\n\n\n<p><\/p>\n<\/div>\n<\/div>\n","protected":false},"excerpt":{"rendered":"<p>car online shop with over 500 cars Our online shop has two part to it: firstly, there is the whole range of products from our accessories department; and then there is our online sale of over 500 cars. Sit back comfortably at home and surf through our online shop! Buying cars online A real Swiss &hellip; <a class=\"text-button text-button--primary text-button--no-arrow\" href=\"https:\/\/autokunz.ch\/en\/online-shop\/\">onward<\/a><\/p>\n","protected":false},"author":4,"featured_media":3966143,"parent":0,"menu_order":0,"comment_status":"closed","ping_status":"closed","template":"","meta":{"_acf_changed":false,"footnotes":""},"class_list":["post-56675","page","type-page","status-publish","has-post-thumbnail","hentry"],"acf":[],"yoast_head":"<!-- This site is optimized with the Yoast SEO plugin v27.0 - https:\/\/yoast.com\/product\/yoast-seo-wordpress\/ -->\n<title>Online Shop - NEU! Fahrzeuge &amp; Zubeh\u00f6r online kaufen - Auto Kunz AG<\/title>\n<meta name=\"description\" content=\"Unser Online Shop: Von der Zubeh\u00f6r Abteilung bis zum online Kauf von \u00fcber 500 Fahrzeugen. Durchforsten Sie unseren Online Shop!\" \/>\n<meta name=\"robots\" content=\"index, follow, max-snippet:-1, max-image-preview:large, max-video-preview:-1\" \/>\n<link rel=\"canonical\" href=\"https:\/\/autokunz.ch\/en\/online-shop\/\" \/>\n<meta property=\"og:locale\" content=\"en_US\" \/>\n<meta property=\"og:type\" content=\"article\" \/>\n<meta property=\"og:title\" content=\"Online Shop - NEU! Fahrzeuge &amp; Zubeh\u00f6r online kaufen - Auto Kunz AG\" \/>\n<meta property=\"og:description\" content=\"Unser Online Shop: Von der Zubeh\u00f6r Abteilung bis zum online Kauf von \u00fcber 500 Fahrzeugen. Durchforsten Sie unseren Online Shop!\" \/>\n<meta property=\"og:url\" content=\"https:\/\/autokunz.ch\/en\/online-shop\/\" \/>\n<meta property=\"og:site_name\" content=\"Auto Kunz\" \/>\n<meta property=\"article:publisher\" content=\"https:\/\/www.facebook.com\/AutoKunzAG\" \/>\n<meta property=\"article:modified_time\" content=\"2024-10-09T11:29:36+00:00\" \/>\n<meta property=\"og:image\" content=\"https:\/\/autokunz.ch\/app\/uploads\/2023\/02\/online-shop-auto-kunz-ag.jpg\" \/>\n\t<meta property=\"og:image:width\" content=\"1920\" \/>\n\t<meta property=\"og:image:height\" content=\"1280\" \/>\n\t<meta property=\"og:image:type\" content=\"image\/jpeg\" \/>\n<meta name=\"twitter:card\" content=\"summary_large_image\" \/>\n<meta name=\"twitter:site\" content=\"@autokunzag\" \/>\n<meta name=\"twitter:label1\" content=\"Est. reading time\" \/>\n\t<meta name=\"twitter:data1\" content=\"2 minutes\" \/>\n<script type=\"application\/ld+json\" class=\"yoast-schema-graph\">{\"@context\":\"https:\/\/schema.org\",\"@graph\":[{\"@type\":\"WebPage\",\"@id\":\"https:\/\/autokunz.ch\/en\/online-shop\/\",\"url\":\"https:\/\/autokunz.ch\/en\/online-shop\/\",\"name\":\"Online Shop - NEU! Fahrzeuge & Zubeh\u00f6r online kaufen - Auto Kunz AG\",\"isPartOf\":{\"@id\":\"https:\/\/autokunz.ch\/#website\"},\"primaryImageOfPage\":{\"@id\":\"https:\/\/autokunz.ch\/en\/online-shop\/#primaryimage\"},\"image\":{\"@id\":\"https:\/\/autokunz.ch\/en\/online-shop\/#primaryimage\"},\"thumbnailUrl\":\"https:\/\/autokunz.ch\/app\/uploads\/2023\/02\/online-shop-auto-kunz-ag.jpg\",\"datePublished\":\"2019-08-05T13:07:36+00:00\",\"dateModified\":\"2024-10-09T11:29:36+00:00\",\"description\":\"Unser Online Shop: Von der Zubeh\u00f6r Abteilung bis zum online Kauf von \u00fcber 500 Fahrzeugen. Durchforsten Sie unseren Online Shop!\",\"breadcrumb\":{\"@id\":\"https:\/\/autokunz.ch\/en\/online-shop\/#breadcrumb\"},\"inLanguage\":\"en-US\",\"potentialAction\":[{\"@type\":\"ReadAction\",\"target\":[\"https:\/\/autokunz.ch\/en\/online-shop\/\"]}]},{\"@type\":\"ImageObject\",\"inLanguage\":\"en-US\",\"@id\":\"https:\/\/autokunz.ch\/en\/online-shop\/#primaryimage\",\"url\":\"https:\/\/autokunz.ch\/app\/uploads\/2023\/02\/online-shop-auto-kunz-ag.jpg\",\"contentUrl\":\"https:\/\/autokunz.ch\/app\/uploads\/2023\/02\/online-shop-auto-kunz-ag.jpg\",\"width\":1920,\"height\":1280,\"caption\":\"Online Shop - Auto Kunz AG mit den schweizweit tiefsten Preisen 1\"},{\"@type\":\"BreadcrumbList\",\"@id\":\"https:\/\/autokunz.ch\/en\/online-shop\/#breadcrumb\",\"itemListElement\":[{\"@type\":\"ListItem\",\"position\":1,\"name\":\"Home\",\"item\":\"https:\/\/autokunz.ch\/en\/\"},{\"@type\":\"ListItem\",\"position\":2,\"name\":\"Online Shop\"}]},{\"@type\":\"WebSite\",\"@id\":\"https:\/\/autokunz.ch\/#website\",\"url\":\"https:\/\/autokunz.ch\/\",\"name\":\"Auto Kunz\",\"description\":\"\u00dcber 500 Autos, die tiefsten Preise der Schweiz\",\"publisher\":{\"@id\":\"https:\/\/autokunz.ch\/#organization\"},\"potentialAction\":[{\"@type\":\"SearchAction\",\"target\":{\"@type\":\"EntryPoint\",\"urlTemplate\":\"https:\/\/autokunz.ch\/?s={search_term_string}\"},\"query-input\":{\"@type\":\"PropertyValueSpecification\",\"valueRequired\":true,\"valueName\":\"search_term_string\"}}],\"inLanguage\":\"en-US\"},{\"@type\":\"Organization\",\"@id\":\"https:\/\/autokunz.ch\/#organization\",\"name\":\"Auto Kunz AG\",\"url\":\"https:\/\/autokunz.ch\/\",\"logo\":{\"@type\":\"ImageObject\",\"inLanguage\":\"en-US\",\"@id\":\"https:\/\/autokunz.ch\/#\/schema\/logo\/image\/\",\"url\":\"https:\/\/autokunz.ch\/app\/uploads\/2021\/07\/autokunz-ag-wohlen-logo.png\",\"contentUrl\":\"https:\/\/autokunz.ch\/app\/uploads\/2021\/07\/autokunz-ag-wohlen-logo.png\",\"width\":530,\"height\":79,\"caption\":\"Auto Kunz AG\"},\"image\":{\"@id\":\"https:\/\/autokunz.ch\/#\/schema\/logo\/image\/\"},\"sameAs\":[\"https:\/\/www.facebook.com\/AutoKunzAG\",\"https:\/\/x.com\/autokunzag\",\"https:\/\/www.instagram.com\/autokunz.ch\/\",\"https:\/\/www.linkedin.com\/company\/9463486?trk=tyah&amp;amp;amp;trkInfo=clickedVertical:company,idx:1-1-1,tarId:1434043483672,tas:auto kunz\",\"https:\/\/www.pinterest.com\/autokunzag\/\",\"https:\/\/www.youtube.com\/channel\/UCsS22A2abuuzGxbmhsPm-6g\"]}]}<\/script>\n<!-- \/ Yoast SEO plugin. -->","yoast_head_json":{"title":"Online Shop - NEU! Fahrzeuge & Zubeh\u00f6r online kaufen - Auto Kunz AG","description":"Unser Online Shop: Von der Zubeh\u00f6r Abteilung bis zum online Kauf von \u00fcber 500 Fahrzeugen. Durchforsten Sie unseren Online Shop!","robots":{"index":"index","follow":"follow","max-snippet":"max-snippet:-1","max-image-preview":"max-image-preview:large","max-video-preview":"max-video-preview:-1"},"canonical":"https:\/\/autokunz.ch\/en\/online-shop\/","og_locale":"en_US","og_type":"article","og_title":"Online Shop - NEU! Fahrzeuge & Zubeh\u00f6r online kaufen - Auto Kunz AG","og_description":"Unser Online Shop: Von der Zubeh\u00f6r Abteilung bis zum online Kauf von \u00fcber 500 Fahrzeugen. Durchforsten Sie unseren Online Shop!","og_url":"https:\/\/autokunz.ch\/en\/online-shop\/","og_site_name":"Auto Kunz","article_publisher":"https:\/\/www.facebook.com\/AutoKunzAG","article_modified_time":"2024-10-09T11:29:36+00:00","og_image":[{"width":1920,"height":1280,"url":"https:\/\/autokunz.ch\/app\/uploads\/2023\/02\/online-shop-auto-kunz-ag.jpg","type":"image\/jpeg"}],"twitter_card":"summary_large_image","twitter_site":"@autokunzag","twitter_misc":{"Est. reading time":"2 minutes"},"schema":{"@context":"https:\/\/schema.org","@graph":[{"@type":"WebPage","@id":"https:\/\/autokunz.ch\/en\/online-shop\/","url":"https:\/\/autokunz.ch\/en\/online-shop\/","name":"Online Shop - NEU! Fahrzeuge & Zubeh\u00f6r online kaufen - Auto Kunz AG","isPartOf":{"@id":"https:\/\/autokunz.ch\/#website"},"primaryImageOfPage":{"@id":"https:\/\/autokunz.ch\/en\/online-shop\/#primaryimage"},"image":{"@id":"https:\/\/autokunz.ch\/en\/online-shop\/#primaryimage"},"thumbnailUrl":"https:\/\/autokunz.ch\/app\/uploads\/2023\/02\/online-shop-auto-kunz-ag.jpg","datePublished":"2019-08-05T13:07:36+00:00","dateModified":"2024-10-09T11:29:36+00:00","description":"Unser Online Shop: Von der Zubeh\u00f6r Abteilung bis zum online Kauf von \u00fcber 500 Fahrzeugen. Durchforsten Sie unseren Online Shop!","breadcrumb":{"@id":"https:\/\/autokunz.ch\/en\/online-shop\/#breadcrumb"},"inLanguage":"en-US","potentialAction":[{"@type":"ReadAction","target":["https:\/\/autokunz.ch\/en\/online-shop\/"]}]},{"@type":"ImageObject","inLanguage":"en-US","@id":"https:\/\/autokunz.ch\/en\/online-shop\/#primaryimage","url":"https:\/\/autokunz.ch\/app\/uploads\/2023\/02\/online-shop-auto-kunz-ag.jpg","contentUrl":"https:\/\/autokunz.ch\/app\/uploads\/2023\/02\/online-shop-auto-kunz-ag.jpg","width":1920,"height":1280,"caption":"Online Shop - Auto Kunz AG mit den schweizweit tiefsten Preisen 1"},{"@type":"BreadcrumbList","@id":"https:\/\/autokunz.ch\/en\/online-shop\/#breadcrumb","itemListElement":[{"@type":"ListItem","position":1,"name":"Home","item":"https:\/\/autokunz.ch\/en\/"},{"@type":"ListItem","position":2,"name":"Online Shop"}]},{"@type":"WebSite","@id":"https:\/\/autokunz.ch\/#website","url":"https:\/\/autokunz.ch\/","name":"Auto Kunz","description":"\u00dcber 500 Autos, die tiefsten Preise der Schweiz","publisher":{"@id":"https:\/\/autokunz.ch\/#organization"},"potentialAction":[{"@type":"SearchAction","target":{"@type":"EntryPoint","urlTemplate":"https:\/\/autokunz.ch\/?s={search_term_string}"},"query-input":{"@type":"PropertyValueSpecification","valueRequired":true,"valueName":"search_term_string"}}],"inLanguage":"en-US"},{"@type":"Organization","@id":"https:\/\/autokunz.ch\/#organization","name":"Auto Kunz AG","url":"https:\/\/autokunz.ch\/","logo":{"@type":"ImageObject","inLanguage":"en-US","@id":"https:\/\/autokunz.ch\/#\/schema\/logo\/image\/","url":"https:\/\/autokunz.ch\/app\/uploads\/2021\/07\/autokunz-ag-wohlen-logo.png","contentUrl":"https:\/\/autokunz.ch\/app\/uploads\/2021\/07\/autokunz-ag-wohlen-logo.png","width":530,"height":79,"caption":"Auto Kunz AG"},"image":{"@id":"https:\/\/autokunz.ch\/#\/schema\/logo\/image\/"},"sameAs":["https:\/\/www.facebook.com\/AutoKunzAG","https:\/\/x.com\/autokunzag","https:\/\/www.instagram.com\/autokunz.ch\/","https:\/\/www.linkedin.com\/company\/9463486?trk=tyah&amp;amp;amp;trkInfo=clickedVertical:company,idx:1-1-1,tarId:1434043483672,tas:auto kunz","https:\/\/www.pinterest.com\/autokunzag\/","https:\/\/www.youtube.com\/channel\/UCsS22A2abuuzGxbmhsPm-6g"]}]}},"_links":{"self":[{"href":"https:\/\/autokunz.ch\/en\/wp-json\/wp\/v2\/pages\/56675","targetHints":{"allow":["GET"]}}],"collection":[{"href":"https:\/\/autokunz.ch\/en\/wp-json\/wp\/v2\/pages"}],"about":[{"href":"https:\/\/autokunz.ch\/en\/wp-json\/wp\/v2\/types\/page"}],"author":[{"embeddable":true,"href":"https:\/\/autokunz.ch\/en\/wp-json\/wp\/v2\/users\/4"}],"replies":[{"embeddable":true,"href":"https:\/\/autokunz.ch\/en\/wp-json\/wp\/v2\/comments?post=56675"}],"version-history":[{"count":3,"href":"https:\/\/autokunz.ch\/en\/wp-json\/wp\/v2\/pages\/56675\/revisions"}],"predecessor-version":[{"id":5101765,"href":"https:\/\/autokunz.ch\/en\/wp-json\/wp\/v2\/pages\/56675\/revisions\/5101765"}],"wp:featuredmedia":[{"embeddable":true,"href":"https:\/\/autokunz.ch\/en\/wp-json\/wp\/v2\/media\/3966143"}],"wp:attachment":[{"href":"https:\/\/autokunz.ch\/en\/wp-json\/wp\/v2\/media?parent=56675"}],"curies":[{"name":"wp","href":"https:\/\/api.w.org\/{rel}","templated":true}]}}