{"id":659,"date":"2019-08-05T13:46:26","date_gmt":"2019-08-05T11:46:26","guid":{"rendered":"https:\/\/autokunz.ch\/?page_id=659"},"modified":"2019-09-10T16:27:21","modified_gmt":"2019-09-10T14:27:21","slug":"garage","status":"publish","type":"page","link":"https:\/\/autokunz.ch\/en\/company\/garage\/","title":{"rendered":"Garage Auto Kunz today"},"content":{"rendered":"\n<div class=\"wp-block-columns has-2-columns is-layout-flex wp-container-core-columns-is-layout-9d6595d7 wp-block-columns-is-layout-flex\">\n<div class=\"wp-block-column is-layout-flow wp-block-column-is-layout-flow\">\n<h2 class=\"wp-block-heading\">Garage Auto Kunz<\/h2>\n\n\n\n<h3 class=\"wp-block-heading\">our company history, that&#8217;s how <br>we present us today <\/h3>\n\n\n\n<p>The brothers Ren\u00e9 Kunz and Roger Kunz are today active in operational management. They run the car importer company. The motto of the company is still to offer the best value for money. Ren\u00e9 Kunz has been active in the company since 1982 and Roger Kunz since 1988.<\/p>\n<\/div>\n\n\n\n<div class=\"wp-block-column is-layout-flow wp-block-column-is-layout-flow\">\n<figure class=\"wp-block-image\"><img decoding=\"async\" width=\"1366\" height=\"904\" src=\"https:\/\/autokunz.ch\/app\/uploads\/2019\/08\/garage-auto-kunz-heute-6-1366x904.jpg\" alt=\"Garage Auto Kunz heute - Auto Kunz AG 7\" class=\"wp-image-10013\" srcset=\"https:\/\/autokunz.ch\/app\/uploads\/2019\/08\/garage-auto-kunz-heute-6-1366x904.jpg 1366w, https:\/\/autokunz.ch\/app\/uploads\/2019\/08\/garage-auto-kunz-heute-6-297x197.jpg 297w, https:\/\/autokunz.ch\/app\/uploads\/2019\/08\/garage-auto-kunz-heute-6-533x353.jpg 533w, https:\/\/autokunz.ch\/app\/uploads\/2019\/08\/garage-auto-kunz-heute-6-768x509.jpg 768w, https:\/\/autokunz.ch\/app\/uploads\/2019\/08\/garage-auto-kunz-heute-6.jpg 1536w\" sizes=\"(max-width: 1366px) 100vw, 1366px\" \/><\/figure>\n\n\n\n<p><\/p>\n<\/div>\n<\/div>\n\n\n\n<hr class=\"wp-block-separator\"\/>\n\n\n\n<div class=\"wp-block-columns has-2-columns is-layout-flex wp-container-core-columns-is-layout-9d6595d7 wp-block-columns-is-layout-flex\">\n<div class=\"wp-block-column is-layout-flow wp-block-column-is-layout-flow\">\n<figure class=\"wp-block-image\"><img decoding=\"async\" src=\"https:\/\/autokunz.ch\/app\/uploads\/2019\/08\/garage-auto-kunz-heute-9-1366x911.jpg\" alt=\"Garage Auto Kunz heute - Auto Kunz AG 11\" class=\"wp-image-10771\"\/><\/figure>\n<\/div>\n\n\n\n<div class=\"wp-block-column is-layout-flow wp-block-column-is-layout-flow\">\n<h6 class=\"wp-block-heading\"><strong>The lowest prices in Switzerland \u2013 at Auto Kunz AG<\/strong><\/h6>\n\n\n\n<p>Auto Kunz AG can already look back on over 50 years of company history and is one of the most successful car dealerships in Switzerland. With an extensive range of over 500 new and used cars of all makes, Auto Kunz AG is one of the largest independent car importers in the country. Thanks to worldwide bulk buying practices and exchange rate advantages, you can benefit from the lowest prices in Switzerland \u2013 and thanks to the Euro bonus and exchange rate advantages, you can enjoy discounts of up to 50 % on the Swiss recommended retail price. <\/p>\n<\/div>\n<\/div>\n\n\n\n<hr class=\"wp-block-separator\"\/>\n\n\n\n<div class=\"wp-block-columns has-2-columns is-layout-flex wp-container-core-columns-is-layout-9d6595d7 wp-block-columns-is-layout-flex\">\n<div class=\"wp-block-column is-layout-flow wp-block-column-is-layout-flow\">\n<h6 class=\"wp-block-heading\"><strong>All car makes \u2013 new and used cars<\/strong><\/h6>\n\n\n\n<p>Auto Kunz AG has 400 new cars and 100 used cars in stock and on display, across an area covering more than 12&#8217;000 square meters. Usually, there are over 700 cars on offer. In addition, there are 20&#8217;000 other vehicles on call in our storage facilities and with our suppliers. We can satisfy all our customers\u2019 needs: from small cars to medium-sized vehicles, and even luxury vehicles in virtually all price ranges.<\/p>\n<\/div>\n\n\n\n<div class=\"wp-block-column is-layout-flow wp-block-column-is-layout-flow\">\n<figure class=\"wp-block-image\"><img decoding=\"async\" src=\"https:\/\/autokunz.ch\/app\/uploads\/2019\/08\/garage-auto-kunz-heute-1366x767.jpg\" alt=\"Garage Auto Kunz heute - Auto Kunz AG\" class=\"wp-image-8757\"\/><\/figure>\n<\/div>\n<\/div>\n\n\n\n<hr class=\"wp-block-separator\"\/>\n\n\n\n<div class=\"wp-block-columns has-2-columns is-layout-flex wp-container-core-columns-is-layout-9d6595d7 wp-block-columns-is-layout-flex\">\n<div class=\"wp-block-column is-layout-flow wp-block-column-is-layout-flow\">\n<figure class=\"wp-block-image\"><img decoding=\"async\" width=\"1366\" height=\"911\" src=\"https:\/\/autokunz.ch\/app\/uploads\/2019\/08\/garage-auto-kunz-heute-10-1366x911.jpeg\" alt=\"Garage Auto Kunz heute - Auto Kunz AG 12\" class=\"wp-image-10775\" srcset=\"https:\/\/autokunz.ch\/app\/uploads\/2019\/08\/garage-auto-kunz-heute-10-1366x911.jpeg 1366w, https:\/\/autokunz.ch\/app\/uploads\/2019\/08\/garage-auto-kunz-heute-10-297x197.jpeg 297w, https:\/\/autokunz.ch\/app\/uploads\/2019\/08\/garage-auto-kunz-heute-10-530x353.jpeg 530w, https:\/\/autokunz.ch\/app\/uploads\/2019\/08\/garage-auto-kunz-heute-10-768x512.jpeg 768w, https:\/\/autokunz.ch\/app\/uploads\/2019\/08\/garage-auto-kunz-heute-10.jpeg 1536w\" sizes=\"(max-width: 1366px) 100vw, 1366px\" \/><\/figure>\n\n\n\n<p><\/p>\n<\/div>\n\n\n\n<div class=\"wp-block-column is-layout-flow wp-block-column-is-layout-flow\">\n<h6 class=\"wp-block-heading\"><strong>Customized new cars<\/strong><\/h6>\n\n\n\n<p>With the\u00a0online <a href=\"https:\/\/autokunz.ch\/en\/new-cars\/configurator\/\">new car configurator<\/a>\u00a0you can put together and personalize your dream car. Also unique in Switzerland is the direct online ordering option offered through our <a href=\"https:\/\/autokunz.ch\/en\/online-shop\/\">webshop<\/a>. The configurator finds the best price for your car in 28 European countries. In addition, the popular <a href=\"https:\/\/autokunz.ch\/en\/new-cars\/auto-abo-und-oev\/#filter=%7B%7D&amp;sorting=a-z&amp;page=1&amp;display=purchase\">try &amp; buy package<\/a> is available for many new cars.<\/p>\n<\/div>\n<\/div>\n\n\n\n<hr class=\"wp-block-separator\"\/>\n\n\n\n<div class=\"wp-block-columns has-2-columns is-layout-flex wp-container-core-columns-is-layout-9d6595d7 wp-block-columns-is-layout-flex\">\n<div class=\"wp-block-column is-layout-flow wp-block-column-is-layout-flow\">\n<h6 class=\"wp-block-heading\"><strong>Professional advice on leasing and financing<\/strong> <\/h6>\n\n\n\n<p>Whether through affordable instalments or cash payments, you decide! Auto Kunz AG collaborates with a variety of partners able to offer the most innovative financing arrangements, ensuring you always benefit from the best leasing and financing conditions. Now even with the lucrative <a href=\"https:\/\/autokunz.ch\/en\/services\/all-inclusive-leasing\/\">All Inclusive Leasing<\/a> option. Our employees are continuously trained and updated in this field.<\/p>\n<\/div>\n\n\n\n<div class=\"wp-block-column is-layout-flow wp-block-column-is-layout-flow\">\n<figure class=\"wp-block-image\"><img decoding=\"async\" src=\"https:\/\/autokunz.ch\/app\/uploads\/2019\/08\/garage-auto-kunz-heute-4-1366x911.jpg\" alt=\"Garage Auto Kunz heute - Auto Kunz AG 3\" class=\"wp-image-8769\"\/><\/figure>\n<\/div>\n<\/div>\n\n\n\n<hr class=\"wp-block-separator\"\/>\n\n\n\n<div class=\"wp-block-columns has-2-columns is-layout-flex wp-container-core-columns-is-layout-9d6595d7 wp-block-columns-is-layout-flex\">\n<div class=\"wp-block-column is-layout-flow wp-block-column-is-layout-flow\">\n<figure class=\"wp-block-image\"><img decoding=\"async\" src=\"https:\/\/autokunz.ch\/app\/uploads\/2019\/08\/garage-auto-kunz-heute-1366x767.jpg\" alt=\"Garage Auto Kunz heute - Auto Kunz AG\" class=\"wp-image-8757\"\/><\/figure>\n\n\n\n<p><\/p>\n<\/div>\n\n\n\n<div class=\"wp-block-column is-layout-flow wp-block-column-is-layout-flow\">\n<h6 class=\"wp-block-heading\"><strong>Our makes from A to Z<\/strong><\/h6>\n\n\n\n<p style=\"text-align:left\">Alfa Romeo, Abarth, Aston Martin, Audi, Bentley, BMW, Buick, Cadillac, Chevrolet, Chrysler, Citro\u00ebn, Dacia, DS, Dodge, Ferrari, Fiat, Fiat Professional (NF), Fisker, Ford, Ford USA, GMC, Honda, Hummer, Hyundai, Infiniti, Isuzu, JAC, Jaguar, Jeep, Kia, Lamborghini, Land Rover, Lancia, Lexus, Lotus, Maserati, Mazda, McLaren,  Mercedes-Benz, Mini, Mitsubishi, Nissan, Opel, Peugeot, Porsche, RAM, Renault, Rolls Royce, Shelby, Seat, \u0160koda, Smart, SsangYong, Subaru, Suzuki, Tesla, Toyota, Volvo, VW, VW Nutzfahrzeuge <\/p>\n<\/div>\n<\/div>\n\n\n\n<div class=\"wp-block-columns has-2-columns is-layout-flex wp-container-core-columns-is-layout-9d6595d7 wp-block-columns-is-layout-flex\">\n<div class=\"wp-block-column is-layout-flow wp-block-column-is-layout-flow\">\n<h6 class=\"wp-block-heading\"><strong>Locations<\/strong><\/h6>\n\n\n\n<p>Auto Kunz AG is located in Wohlen with all our facilities within walking distance at Bremgarterstrasse 36, 38, 44, 54, 105 as well as in the immediate vicinity. All in, our facilities cover an area of \u200b\u200bapproximately 12&#8217;000 square meters and offer a wide variety of new and used cars. You want to find the cars sorted by customer-friendly categories. All SUVs, for example, can be found at Bremgarterstrasse 75 and all US muscle cars at No. 38 &#8211; easy to find! <\/p>\n<\/div>\n\n\n\n<div class=\"wp-block-column is-layout-flow wp-block-column-is-layout-flow\">\n<figure class=\"wp-block-image\"><img decoding=\"async\" src=\"https:\/\/autokunz.ch\/app\/uploads\/2019\/08\/garage-auto-kunz-heute-8-1366x767.jpg\" alt=\"Garage Auto Kunz heute - Auto Kunz AG 10\" class=\"wp-image-10767\"\/><\/figure>\n<\/div>\n<\/div>\n\n\n\n<hr class=\"wp-block-separator\"\/>\n","protected":false},"excerpt":{"rendered":"<p>Garage Auto Kunz our company history, that&#8217;s how we present us today The brothers Ren\u00e9 Kunz and Roger Kunz are today active in operational management. They run the car importer company. The motto of the company is still to offer the best value for money. Ren\u00e9 Kunz has been active in the company since 1982 &hellip; <a class=\"text-button text-button--primary text-button--no-arrow\" href=\"https:\/\/autokunz.ch\/en\/company\/garage\/\">onward<\/a><\/p>\n","protected":false},"author":2,"featured_media":56636,"parent":56571,"menu_order":4,"comment_status":"closed","ping_status":"closed","template":"","meta":{"_acf_changed":false,"footnotes":""},"class_list":["post-659","page","type-page","status-publish","has-post-thumbnail","hentry"],"acf":[],"yoast_head":"<!-- This site is optimized with the Yoast SEO plugin v27.0 - https:\/\/yoast.com\/product\/yoast-seo-wordpress\/ -->\n<title>Die tiefsten Preise der Schweiz - Garage Auto Kunz AG Wohlen<\/title>\n<meta name=\"description\" content=\"Garage Auto Kunz AG pr\u00e4sentiert Ihnen die \u00fcber 400 Neuwagen und 100 Occasionen. Die tiefsten Preise der Schweiz Auf \u00fcber 12\u2019000 Quadratmetern.\" \/>\n<meta name=\"robots\" content=\"index, follow, max-snippet:-1, max-image-preview:large, max-video-preview:-1\" \/>\n<link rel=\"canonical\" href=\"https:\/\/autokunz.ch\/en\/company\/garage\/\" \/>\n<meta property=\"og:locale\" content=\"en_US\" \/>\n<meta property=\"og:type\" content=\"article\" \/>\n<meta property=\"og:title\" content=\"Die tiefsten Preise der Schweiz - Garage Auto Kunz AG Wohlen\" \/>\n<meta property=\"og:description\" content=\"Garage Auto Kunz AG pr\u00e4sentiert Ihnen die \u00fcber 400 Neuwagen und 100 Occasionen. Die tiefsten Preise der Schweiz Auf \u00fcber 12\u2019000 Quadratmetern.\" \/>\n<meta property=\"og:url\" content=\"https:\/\/autokunz.ch\/en\/company\/garage\/\" \/>\n<meta property=\"og:site_name\" content=\"Auto Kunz\" \/>\n<meta property=\"article:publisher\" content=\"https:\/\/www.facebook.com\/AutoKunzAG\" \/>\n<meta property=\"article:modified_time\" content=\"2019-09-10T14:27:21+00:00\" \/>\n<meta property=\"og:image\" content=\"https:\/\/autokunz.ch\/app\/uploads\/2019\/09\/1.1-Auto-AK-von-oben-Drohne-V1-3.jpg\" \/>\n\t<meta property=\"og:image:width\" content=\"1536\" \/>\n\t<meta property=\"og:image:height\" content=\"863\" \/>\n\t<meta property=\"og:image:type\" content=\"image\/jpeg\" \/>\n<meta name=\"twitter:card\" content=\"summary_large_image\" \/>\n<meta name=\"twitter:site\" content=\"@autokunzag\" \/>\n<meta name=\"twitter:label1\" content=\"Est. reading time\" \/>\n\t<meta name=\"twitter:data1\" content=\"3 minutes\" \/>\n<script type=\"application\/ld+json\" class=\"yoast-schema-graph\">{\"@context\":\"https:\/\/schema.org\",\"@graph\":[{\"@type\":\"WebPage\",\"@id\":\"https:\/\/autokunz.ch\/en\/company\/garage\/\",\"url\":\"https:\/\/autokunz.ch\/en\/company\/garage\/\",\"name\":\"Die tiefsten Preise der Schweiz - Garage Auto Kunz AG Wohlen\",\"isPartOf\":{\"@id\":\"https:\/\/autokunz.ch\/#website\"},\"primaryImageOfPage\":{\"@id\":\"https:\/\/autokunz.ch\/en\/company\/garage\/#primaryimage\"},\"image\":{\"@id\":\"https:\/\/autokunz.ch\/en\/company\/garage\/#primaryimage\"},\"thumbnailUrl\":\"https:\/\/autokunz.ch\/app\/uploads\/2019\/09\/1.1-Auto-AK-von-oben-Drohne-V1-3.jpg\",\"datePublished\":\"2019-08-05T11:46:26+00:00\",\"dateModified\":\"2019-09-10T14:27:21+00:00\",\"description\":\"Garage Auto Kunz AG pr\u00e4sentiert Ihnen die \u00fcber 400 Neuwagen und 100 Occasionen. Die tiefsten Preise der Schweiz Auf \u00fcber 12\u2019000 Quadratmetern.\",\"breadcrumb\":{\"@id\":\"https:\/\/autokunz.ch\/en\/company\/garage\/#breadcrumb\"},\"inLanguage\":\"en-US\",\"potentialAction\":[{\"@type\":\"ReadAction\",\"target\":[\"https:\/\/autokunz.ch\/en\/company\/garage\/\"]}]},{\"@type\":\"ImageObject\",\"inLanguage\":\"en-US\",\"@id\":\"https:\/\/autokunz.ch\/en\/company\/garage\/#primaryimage\",\"url\":\"https:\/\/autokunz.ch\/app\/uploads\/2019\/09\/1.1-Auto-AK-von-oben-Drohne-V1-3.jpg\",\"contentUrl\":\"https:\/\/autokunz.ch\/app\/uploads\/2019\/09\/1.1-Auto-AK-von-oben-Drohne-V1-3.jpg\",\"width\":1536,\"height\":863,\"caption\":\"Garage Auto Kunz today - Auto Kunz AG\"},{\"@type\":\"BreadcrumbList\",\"@id\":\"https:\/\/autokunz.ch\/en\/company\/garage\/#breadcrumb\",\"itemListElement\":[{\"@type\":\"ListItem\",\"position\":1,\"name\":\"Home\",\"item\":\"https:\/\/autokunz.ch\/en\/\"},{\"@type\":\"ListItem\",\"position\":2,\"name\":\"Company\",\"item\":\"https:\/\/autokunz.ch\/en\/company\/\"},{\"@type\":\"ListItem\",\"position\":3,\"name\":\"Garage Auto Kunz today\"}]},{\"@type\":\"WebSite\",\"@id\":\"https:\/\/autokunz.ch\/#website\",\"url\":\"https:\/\/autokunz.ch\/\",\"name\":\"Auto Kunz\",\"description\":\"\u00dcber 500 Autos, die tiefsten Preise der Schweiz\",\"publisher\":{\"@id\":\"https:\/\/autokunz.ch\/#organization\"},\"potentialAction\":[{\"@type\":\"SearchAction\",\"target\":{\"@type\":\"EntryPoint\",\"urlTemplate\":\"https:\/\/autokunz.ch\/?s={search_term_string}\"},\"query-input\":{\"@type\":\"PropertyValueSpecification\",\"valueRequired\":true,\"valueName\":\"search_term_string\"}}],\"inLanguage\":\"en-US\"},{\"@type\":\"Organization\",\"@id\":\"https:\/\/autokunz.ch\/#organization\",\"name\":\"Auto Kunz AG\",\"url\":\"https:\/\/autokunz.ch\/\",\"logo\":{\"@type\":\"ImageObject\",\"inLanguage\":\"en-US\",\"@id\":\"https:\/\/autokunz.ch\/#\/schema\/logo\/image\/\",\"url\":\"https:\/\/autokunz.ch\/app\/uploads\/2021\/07\/autokunz-ag-wohlen-logo.png\",\"contentUrl\":\"https:\/\/autokunz.ch\/app\/uploads\/2021\/07\/autokunz-ag-wohlen-logo.png\",\"width\":530,\"height\":79,\"caption\":\"Auto Kunz AG\"},\"image\":{\"@id\":\"https:\/\/autokunz.ch\/#\/schema\/logo\/image\/\"},\"sameAs\":[\"https:\/\/www.facebook.com\/AutoKunzAG\",\"https:\/\/x.com\/autokunzag\",\"https:\/\/www.instagram.com\/autokunz.ch\/\",\"https:\/\/www.linkedin.com\/company\/9463486?trk=tyah&amp;amp;amp;trkInfo=clickedVertical:company,idx:1-1-1,tarId:1434043483672,tas:auto kunz\",\"https:\/\/www.pinterest.com\/autokunzag\/\",\"https:\/\/www.youtube.com\/channel\/UCsS22A2abuuzGxbmhsPm-6g\"]}]}<\/script>\n<!-- \/ Yoast SEO plugin. -->","yoast_head_json":{"title":"Die tiefsten Preise der Schweiz - Garage Auto Kunz AG Wohlen","description":"Garage Auto Kunz AG pr\u00e4sentiert Ihnen die \u00fcber 400 Neuwagen und 100 Occasionen. Die tiefsten Preise der Schweiz Auf \u00fcber 12\u2019000 Quadratmetern.","robots":{"index":"index","follow":"follow","max-snippet":"max-snippet:-1","max-image-preview":"max-image-preview:large","max-video-preview":"max-video-preview:-1"},"canonical":"https:\/\/autokunz.ch\/en\/company\/garage\/","og_locale":"en_US","og_type":"article","og_title":"Die tiefsten Preise der Schweiz - Garage Auto Kunz AG Wohlen","og_description":"Garage Auto Kunz AG pr\u00e4sentiert Ihnen die \u00fcber 400 Neuwagen und 100 Occasionen. Die tiefsten Preise der Schweiz Auf \u00fcber 12\u2019000 Quadratmetern.","og_url":"https:\/\/autokunz.ch\/en\/company\/garage\/","og_site_name":"Auto Kunz","article_publisher":"https:\/\/www.facebook.com\/AutoKunzAG","article_modified_time":"2019-09-10T14:27:21+00:00","og_image":[{"width":1536,"height":863,"url":"https:\/\/autokunz.ch\/app\/uploads\/2019\/09\/1.1-Auto-AK-von-oben-Drohne-V1-3.jpg","type":"image\/jpeg"}],"twitter_card":"summary_large_image","twitter_site":"@autokunzag","twitter_misc":{"Est. reading time":"3 minutes"},"schema":{"@context":"https:\/\/schema.org","@graph":[{"@type":"WebPage","@id":"https:\/\/autokunz.ch\/en\/company\/garage\/","url":"https:\/\/autokunz.ch\/en\/company\/garage\/","name":"Die tiefsten Preise der Schweiz - Garage Auto Kunz AG Wohlen","isPartOf":{"@id":"https:\/\/autokunz.ch\/#website"},"primaryImageOfPage":{"@id":"https:\/\/autokunz.ch\/en\/company\/garage\/#primaryimage"},"image":{"@id":"https:\/\/autokunz.ch\/en\/company\/garage\/#primaryimage"},"thumbnailUrl":"https:\/\/autokunz.ch\/app\/uploads\/2019\/09\/1.1-Auto-AK-von-oben-Drohne-V1-3.jpg","datePublished":"2019-08-05T11:46:26+00:00","dateModified":"2019-09-10T14:27:21+00:00","description":"Garage Auto Kunz AG pr\u00e4sentiert Ihnen die \u00fcber 400 Neuwagen und 100 Occasionen. Die tiefsten Preise der Schweiz Auf \u00fcber 12\u2019000 Quadratmetern.","breadcrumb":{"@id":"https:\/\/autokunz.ch\/en\/company\/garage\/#breadcrumb"},"inLanguage":"en-US","potentialAction":[{"@type":"ReadAction","target":["https:\/\/autokunz.ch\/en\/company\/garage\/"]}]},{"@type":"ImageObject","inLanguage":"en-US","@id":"https:\/\/autokunz.ch\/en\/company\/garage\/#primaryimage","url":"https:\/\/autokunz.ch\/app\/uploads\/2019\/09\/1.1-Auto-AK-von-oben-Drohne-V1-3.jpg","contentUrl":"https:\/\/autokunz.ch\/app\/uploads\/2019\/09\/1.1-Auto-AK-von-oben-Drohne-V1-3.jpg","width":1536,"height":863,"caption":"Garage Auto Kunz today - Auto Kunz AG"},{"@type":"BreadcrumbList","@id":"https:\/\/autokunz.ch\/en\/company\/garage\/#breadcrumb","itemListElement":[{"@type":"ListItem","position":1,"name":"Home","item":"https:\/\/autokunz.ch\/en\/"},{"@type":"ListItem","position":2,"name":"Company","item":"https:\/\/autokunz.ch\/en\/company\/"},{"@type":"ListItem","position":3,"name":"Garage Auto Kunz today"}]},{"@type":"WebSite","@id":"https:\/\/autokunz.ch\/#website","url":"https:\/\/autokunz.ch\/","name":"Auto Kunz","description":"\u00dcber 500 Autos, die tiefsten Preise der Schweiz","publisher":{"@id":"https:\/\/autokunz.ch\/#organization"},"potentialAction":[{"@type":"SearchAction","target":{"@type":"EntryPoint","urlTemplate":"https:\/\/autokunz.ch\/?s={search_term_string}"},"query-input":{"@type":"PropertyValueSpecification","valueRequired":true,"valueName":"search_term_string"}}],"inLanguage":"en-US"},{"@type":"Organization","@id":"https:\/\/autokunz.ch\/#organization","name":"Auto Kunz AG","url":"https:\/\/autokunz.ch\/","logo":{"@type":"ImageObject","inLanguage":"en-US","@id":"https:\/\/autokunz.ch\/#\/schema\/logo\/image\/","url":"https:\/\/autokunz.ch\/app\/uploads\/2021\/07\/autokunz-ag-wohlen-logo.png","contentUrl":"https:\/\/autokunz.ch\/app\/uploads\/2021\/07\/autokunz-ag-wohlen-logo.png","width":530,"height":79,"caption":"Auto Kunz AG"},"image":{"@id":"https:\/\/autokunz.ch\/#\/schema\/logo\/image\/"},"sameAs":["https:\/\/www.facebook.com\/AutoKunzAG","https:\/\/x.com\/autokunzag","https:\/\/www.instagram.com\/autokunz.ch\/","https:\/\/www.linkedin.com\/company\/9463486?trk=tyah&amp;amp;amp;trkInfo=clickedVertical:company,idx:1-1-1,tarId:1434043483672,tas:auto kunz","https:\/\/www.pinterest.com\/autokunzag\/","https:\/\/www.youtube.com\/channel\/UCsS22A2abuuzGxbmhsPm-6g"]}]}},"_links":{"self":[{"href":"https:\/\/autokunz.ch\/en\/wp-json\/wp\/v2\/pages\/659","targetHints":{"allow":["GET"]}}],"collection":[{"href":"https:\/\/autokunz.ch\/en\/wp-json\/wp\/v2\/pages"}],"about":[{"href":"https:\/\/autokunz.ch\/en\/wp-json\/wp\/v2\/types\/page"}],"author":[{"embeddable":true,"href":"https:\/\/autokunz.ch\/en\/wp-json\/wp\/v2\/users\/2"}],"replies":[{"embeddable":true,"href":"https:\/\/autokunz.ch\/en\/wp-json\/wp\/v2\/comments?post=659"}],"version-history":[{"count":3,"href":"https:\/\/autokunz.ch\/en\/wp-json\/wp\/v2\/pages\/659\/revisions"}],"predecessor-version":[{"id":56809,"href":"https:\/\/autokunz.ch\/en\/wp-json\/wp\/v2\/pages\/659\/revisions\/56809"}],"up":[{"embeddable":true,"href":"https:\/\/autokunz.ch\/en\/wp-json\/wp\/v2\/pages\/56571"}],"wp:featuredmedia":[{"embeddable":true,"href":"https:\/\/autokunz.ch\/en\/wp-json\/wp\/v2\/media\/56636"}],"wp:attachment":[{"href":"https:\/\/autokunz.ch\/en\/wp-json\/wp\/v2\/media?parent=659"}],"curies":[{"name":"wp","href":"https:\/\/api.w.org\/{rel}","templated":true}]}}