{"id":11062,"date":"2019-06-21T14:25:46","date_gmt":"2019-06-21T12:25:46","guid":{"rendered":"https:\/\/autokunz.ch\/unternehmen\/"},"modified":"2019-09-18T12:58:44","modified_gmt":"2019-09-18T10:58:44","slug":"entreprise","status":"publish","type":"page","link":"https:\/\/autokunz.ch\/fr\/entreprise\/","title":{"rendered":"Entreprise"},"content":{"rendered":"\n<div class=\"wp-block-columns has-2-columns is-layout-flex wp-container-core-columns-is-layout-9d6595d7 wp-block-columns-is-layout-flex\">\n<div class=\"wp-block-column is-layout-flow wp-block-column-is-layout-flow\">\n<h2 class=\"wp-block-heading\">AUTO KUNZ AG &#8211; notre entreprise se presente<\/h2>\n\n\n\n<h3 class=\"wp-block-heading\">Plus de 500 voitures de toutes marques aux prix plus bas du pays<\/h3>\n\n\n\n<p>Avec une gamme compl\u00e8te de plus de 500 voitures neuves et occasions de toutes les grandes marques automobiles, l\u2019entreprise Auto Kunz AG est l\u2019un des plus grands importateurs de voitures ind\u00e9pendants de Suisse. Elle emporte tous les suffrages gr\u00e2ce \u00e0 l\u2019importance accord\u00e9e \u00e0 l\u2019orientation des clients, sa gamme unique de v\u00e9hicules de toutes marques, son service apr\u00e8s-vente exhaustif et les prix les plus bas du pays.<\/p>\n<\/div>\n\n\n\n<div class=\"wp-block-column is-layout-flow wp-block-column-is-layout-flow\">\n<figure class=\"wp-block-image\"><img decoding=\"async\" src=\"https:\/\/autokunz.ch\/app\/uploads\/2019\/08\/1.4-Unternehmen-1366x911.jpg\" alt=\"\" class=\"wp-image-9217\"\/><\/figure>\n<\/div>\n<\/div>\n\n\n\n<hr class=\"wp-block-separator\"\/>\n\n\n\n<div class=\"wp-block-columns has-2-columns is-layout-flex wp-container-core-columns-is-layout-9d6595d7 wp-block-columns-is-layout-flex\">\n<div class=\"wp-block-column is-layout-flow wp-block-column-is-layout-flow\">\n<figure class=\"wp-block-image\"><img decoding=\"async\" width=\"620\" height=\"372\" src=\"https:\/\/autokunz.ch\/app\/uploads\/2019\/08\/unternehmen-8.jpg\" alt=\"Unternehmen - Auto Kunz AG 34\" class=\"wp-image-9990\" srcset=\"https:\/\/autokunz.ch\/app\/uploads\/2019\/08\/unternehmen-8.jpg 620w, https:\/\/autokunz.ch\/app\/uploads\/2019\/08\/unternehmen-8-588x353.jpg 588w\" sizes=\"(max-width: 620px) 100vw, 620px\" \/><\/figure>\n\n\n\n<p><\/p>\n<\/div>\n\n\n\n<div class=\"wp-block-column is-layout-flow wp-block-column-is-layout-flow\">\n<h6 class=\"wp-block-heading\"><strong>L\u2019histoire d\u2019Auto Kunz depuis 1967<\/strong><\/h6>\n\n\n\n<p>Notre entreprise est fi\u00e8re de tous les succ\u00e8s qu\u2019elle engrange depuis plus de 50 ans. Fond\u00e9e en 1969 par Ursula et Theo Kunz, Auto Kunz AG est l\u2019un des plus grands importateurs libres de Suisse. Plus de 50 collaborateurs chevronn\u00e9s garantissent la fiabilit\u00e9 de nos services. Pionni\u00e8re des importations directes et parall\u00e8les, notre entreprise a contribu\u00e9 \u00e0 \u00e9liminer les cartels d\u2019importation et les prix \u00e9lev\u00e9s.<\/p>\n\n\n\n<div class=\"wp-block-button is-style-button--text-primary\"><a class=\"wp-block-button__link\" href=\"https:\/\/autokunz.ch\/fr\/entreprise\/histoire\/\">En savoir plus<\/a><\/div>\n<\/div>\n<\/div>\n\n\n\n<hr class=\"wp-block-separator\"\/>\n\n\n\n<div class=\"wp-block-columns has-2-columns is-layout-flex wp-container-core-columns-is-layout-9d6595d7 wp-block-columns-is-layout-flex\">\n<div class=\"wp-block-column is-layout-flow wp-block-column-is-layout-flow\">\n<h6 class=\"wp-block-heading\"><strong>Notre \u00e9quipe&nbsp;&nbsp;&nbsp;&nbsp;&nbsp;&nbsp;&nbsp;&nbsp;&nbsp;&nbsp;&nbsp; <\/strong><\/h6>\n\n\n\n<p>Plus de 50 pros de l\u2019automobile se tiennent \u00e0 votre disposition. Ces sp\u00e9cialistes vous offrent une concentration de comp\u00e9tences qu\u2019aucune autre soci\u00e9t\u00e9 n\u2019\u00e9gale, et ce dans tous les domaines: conseil \u00e0 la vente, importation, achat, m\u00e9canique, \u00e9lectricit\u00e9, commerce de d\u00e9tail, diagnostic et bien davantage.<\/p>\n\n\n\n<div class=\"wp-block-button is-style-button--text-primary\"><a class=\"wp-block-button__link\" href=\"https:\/\/autokunz.ch\/fr\/entreprise\/equipe\/\">En savoir plus<\/a><\/div>\n<\/div>\n\n\n\n<div class=\"wp-block-column is-layout-flow wp-block-column-is-layout-flow\">\n<figure class=\"wp-block-image\"><img decoding=\"async\" width=\"1176\" height=\"694\" src=\"https:\/\/autokunz.ch\/app\/uploads\/2019\/08\/unternehmen-10.png\" alt=\"Unternehmen - Auto Kunz AG 36\" class=\"wp-image-9999\" srcset=\"https:\/\/autokunz.ch\/app\/uploads\/2019\/08\/unternehmen-10.png 1176w, https:\/\/autokunz.ch\/app\/uploads\/2019\/08\/unternehmen-10-598x353.png 598w, https:\/\/autokunz.ch\/app\/uploads\/2019\/08\/unternehmen-10-768x453.png 768w\" sizes=\"(max-width: 1176px) 100vw, 1176px\" \/><\/figure>\n<\/div>\n<\/div>\n\n\n\n<hr class=\"wp-block-separator\"\/>\n\n\n\n<div class=\"wp-block-columns has-2-columns is-layout-flex wp-container-core-columns-is-layout-9d6595d7 wp-block-columns-is-layout-flex\">\n<div class=\"wp-block-column is-layout-flow wp-block-column-is-layout-flow\">\n<figure class=\"wp-block-image\"><img decoding=\"async\" width=\"1366\" height=\"911\" src=\"https:\/\/autokunz.ch\/app\/uploads\/2019\/08\/1.4-Kontakt-Carla-am-Empfang-1366x911.jpg\" alt=\"\" class=\"wp-image-9203\" srcset=\"https:\/\/autokunz.ch\/app\/uploads\/2019\/08\/1.4-Kontakt-Carla-am-Empfang-1366x911.jpg 1366w, https:\/\/autokunz.ch\/app\/uploads\/2019\/08\/1.4-Kontakt-Carla-am-Empfang-297x197.jpg 297w, https:\/\/autokunz.ch\/app\/uploads\/2019\/08\/1.4-Kontakt-Carla-am-Empfang-530x353.jpg 530w, https:\/\/autokunz.ch\/app\/uploads\/2019\/08\/1.4-Kontakt-Carla-am-Empfang-768x512.jpg 768w, https:\/\/autokunz.ch\/app\/uploads\/2019\/08\/1.4-Kontakt-Carla-am-Empfang.jpg 1536w\" sizes=\"(max-width: 1366px) 100vw, 1366px\" \/><\/figure>\n<\/div>\n\n\n\n<div class=\"wp-block-column is-layout-flow wp-block-column-is-layout-flow\">\n<h6 class=\"wp-block-heading\"><strong>Contact<\/strong><\/h6>\n\n\n\n<p>Vous trouverez Auto Kunz AG \u00e0 Wohlen sur diff\u00e9rents sites. Le b\u00e2timent principal se trouve \u00e0 la Bremgarterstrasse 75 et \u00e0 quelques minutes de marche des autres sites de la Bremgarterstrasse 36, 38, 44, 54, 75 et 105. 12&#8217;000 m\u00e8tres carr\u00e9s d&#8217;espace d&#8217;exposition nous permettent d&#8217;offrir \u00e0 nos visiteurs notre offre de v\u00e9hicules neufs et d&#8217;occasion. Vous trouverez les voitures class\u00e9es par cat\u00e9gories d&#8217;une mani\u00e8re conviviale pour le client. Par exemple, tous les SUV \u00e0 Bremgartenstrasse 75, toutes les voitures US-Muscel \u00e0 Bremgartenstrasse 38, etc. sont tout simplement dispos\u00e9s de mani\u00e8re claire  <\/p>\n\n\n\n<div class=\"wp-block-button is-style-button--text-primary\"><a class=\"wp-block-button__link\" href=\"https:\/\/autokunz.ch\/fr\/contact\/\">En savoir plus<\/a><\/div>\n<\/div>\n<\/div>\n\n\n\n<hr class=\"wp-block-separator\"\/>\n\n\n\n<div class=\"wp-block-columns has-2-columns is-layout-flex wp-container-core-columns-is-layout-9d6595d7 wp-block-columns-is-layout-flex\">\n<div class=\"wp-block-column is-layout-flow wp-block-column-is-layout-flow\">\n<h6 class=\"wp-block-heading\"><strong>Emplois<\/strong><\/h6>\n\n\n\n<p>Vous cherchez un bon travail? Auto Kunz AG cr\u00e9e des emplois. Nous sommes fiers de nos employ\u00e9s! Outre une formation soign\u00e9e, nous attachons une grande importance \u00e0 la promotion et \u00e0 la formation constantes de chaque individu. Un travail s\u00e9curis\u00e9 est important pour nous aussi. Auto Kunz AG n&#8217;a jamais eu \u00e0 supprimer des emplois dans son histoire. Au contraire, nous grandissons chaque ann\u00e9e.<\/p>\n\n\n\n<div class=\"wp-block-button is-style-button--text-primary\"><a class=\"wp-block-button__link\" href=\"https:\/\/autokunz.ch\/fr\/entreprise\/emplois\/\">En savoir plus<\/a><\/div>\n<\/div>\n\n\n\n<div class=\"wp-block-column is-layout-flow wp-block-column-is-layout-flow\">\n<figure class=\"wp-block-image\"><img decoding=\"async\" width=\"1366\" height=\"912\" src=\"https:\/\/autokunz.ch\/app\/uploads\/2019\/08\/1.4.4-Jobs-1366x912.jpeg\" alt=\"\" class=\"wp-image-9221\" srcset=\"https:\/\/autokunz.ch\/app\/uploads\/2019\/08\/1.4.4-Jobs-1366x912.jpeg 1366w, https:\/\/autokunz.ch\/app\/uploads\/2019\/08\/1.4.4-Jobs-297x197.jpeg 297w, https:\/\/autokunz.ch\/app\/uploads\/2019\/08\/1.4.4-Jobs-529x353.jpeg 529w, https:\/\/autokunz.ch\/app\/uploads\/2019\/08\/1.4.4-Jobs-768x513.jpeg 768w, https:\/\/autokunz.ch\/app\/uploads\/2019\/08\/1.4.4-Jobs.jpeg 1536w\" sizes=\"(max-width: 1366px) 100vw, 1366px\" \/><\/figure>\n<\/div>\n<\/div>\n\n\n\n<hr class=\"wp-block-separator\"\/>\n\n\n\n<div class=\"wp-block-columns has-2-columns is-layout-flex wp-container-core-columns-is-layout-9d6595d7 wp-block-columns-is-layout-flex\">\n<div class=\"wp-block-column is-layout-flow wp-block-column-is-layout-flow\">\n<figure class=\"wp-block-image\"><img decoding=\"async\" src=\"https:\/\/autokunz.ch\/app\/uploads\/2019\/08\/1.4.5-Lehrling-in-roten-Kleider-1-1366x1024.jpeg\" alt=\"\" class=\"wp-image-9225\"\/><\/figure>\n<\/div>\n\n\n\n<div class=\"wp-block-column is-layout-flow wp-block-column-is-layout-flow\">\n<h6 class=\"wp-block-heading\"><strong>Apprentissages<\/strong><\/h6>\n\n\n\n<p>En tant qu\u2019employeur solide et digne de confiance, nous ne cessons de cr\u00e9er, depuis la fondation de notre entreprise, des emplois et des stages de formation. <\/p>\n\n\n\n<div class=\"wp-block-button is-style-button--text-primary\"><a class=\"wp-block-button__link\" href=\"https:\/\/autokunz.ch\/fr\/entreprise\/apprentissage-et-stage\/\">En savoir plus<\/a><\/div>\n<\/div>\n<\/div>\n\n\n\n<hr class=\"wp-block-separator\"\/>\n\n\n\n<div class=\"wp-block-columns has-2-columns is-layout-flex wp-container-core-columns-is-layout-9d6595d7 wp-block-columns-is-layout-flex\">\n<div class=\"wp-block-column is-layout-flow wp-block-column-is-layout-flow\">\n<h6 class=\"wp-block-heading\"><strong>Partenaires<\/strong><\/h6>\n\n\n\n<p>Auto Kunz AG est fi\u00e8re d\u2019avoir des partenaires professionnels \u00e0 ses c\u00f4t\u00e9s, qu\u2019ils soient constructeurs, prestataires de services financiers ou assureurs. Gr\u00e2ce \u00e0 une colloboration bas\u00e9e sur la confiance, beaucoup d\u2019entre eux sont nos partenaires depuis des d\u00e9cennies. <\/p>\n\n\n\n<div class=\"wp-block-button is-style-button--text-primary\"><a class=\"wp-block-button__link\" href=\"https:\/\/autokunz.ch\/fr\/entreprise\/partenaires\/\">En savoir plus<\/a><\/div>\n<\/div>\n\n\n\n<div class=\"wp-block-column is-layout-flow wp-block-column-is-layout-flow\">\n<figure class=\"wp-block-image\"><img decoding=\"async\" src=\"https:\/\/autokunz.ch\/app\/uploads\/2019\/08\/1.4.6-Partner-Hintergrundbild-1366x490.jpeg\" alt=\"\" class=\"wp-image-10751\"\/><\/figure>\n<\/div>\n<\/div>\n\n\n\n<hr class=\"wp-block-separator\"\/>\n\n\n\n<div class=\"wp-block-columns has-2-columns is-layout-flex wp-container-core-columns-is-layout-9d6595d7 wp-block-columns-is-layout-flex\">\n<div class=\"wp-block-column is-layout-flow wp-block-column-is-layout-flow\">\n<figure class=\"wp-block-image\"><img decoding=\"async\" src=\"https:\/\/autokunz.ch\/app\/uploads\/2019\/08\/Bisnode-Zertifikat-2.jpg\" alt=\"\" class=\"wp-image-10756\"\/><\/figure>\n<\/div>\n\n\n\n<div class=\"wp-block-column is-layout-flow wp-block-column-is-layout-flow\">\n<h6 class=\"wp-block-heading\"><strong>R\u00e9compense<\/strong><\/h6>\n\n\n\n<p>Rien moins que la plus grande agence de notation du monde, Bisnode Dun &amp; Bradstreet, nous a d\u00e9j\u00e0 attribu\u00e9 \u00e0 plusieurs reprises la meilleure note: sur 5&#8217;000 garages dans tout le territoire suisse, seuls 2 ou 3 obtiennent chaque ann\u00e9e cette r\u00e9compense qui est un gage de s\u00e9curit\u00e9, de qualit\u00e9 et de continuit\u00e9 pour les clients. Nous en sommes tr\u00e8s fiers.<\/p>\n\n\n\n<div class=\"wp-block-button is-style-button--text-primary\"><a class=\"wp-block-button__link\" href=\"https:\/\/autokunz.ch\/fr\/entreprise\/rating-certificate\/\">En savoir plus<\/a><\/div>\n<\/div>\n<\/div>\n","protected":false},"excerpt":{"rendered":"<p>AUTO KUNZ AG &#8211; notre entreprise se presente Plus de 500 voitures de toutes marques aux prix plus bas du pays Avec une gamme compl\u00e8te de plus de 500 voitures neuves et occasions de toutes les grandes marques automobiles, l\u2019entreprise Auto Kunz AG est l\u2019un des plus grands importateurs de voitures ind\u00e9pendants de Suisse. Elle &hellip; <a class=\"text-button text-button--primary text-button--no-arrow\" href=\"https:\/\/autokunz.ch\/fr\/entreprise\/\">continue<\/a><\/p>\n","protected":false},"author":1,"featured_media":3880813,"parent":0,"menu_order":0,"comment_status":"closed","ping_status":"closed","template":"views\/template-companies.blade.php","meta":{"_acf_changed":false,"footnotes":""},"class_list":["post-11062","page","type-page","status-publish","has-post-thumbnail","hentry"],"acf":[],"yoast_head":"<!-- This site is optimized with the Yoast SEO plugin v27.0 - https:\/\/yoast.com\/product\/yoast-seo-wordpress\/ -->\n<title>Unser Unternehmen stellt sich vor - Auto Kunz AG<\/title>\n<meta name=\"description\" content=\"Das Unternehmen Auto Kunz AG einer der gr\u00f6ssten unabh\u00e4ngigen Autoimporteure der Schweiz. \u00dcber 500 Autos aller Marken zu den schweizweit tiefsten Preisen!\" \/>\n<meta name=\"robots\" content=\"index, follow, max-snippet:-1, max-image-preview:large, max-video-preview:-1\" \/>\n<link rel=\"canonical\" href=\"https:\/\/autokunz.ch\/fr\/entreprise\/\" \/>\n<meta property=\"og:locale\" content=\"fr_FR\" \/>\n<meta property=\"og:type\" content=\"article\" \/>\n<meta property=\"og:title\" content=\"Unser Unternehmen stellt sich vor - Auto Kunz AG\" \/>\n<meta property=\"og:description\" content=\"Das Unternehmen Auto Kunz AG einer der gr\u00f6ssten unabh\u00e4ngigen Autoimporteure der Schweiz. \u00dcber 500 Autos aller Marken zu den schweizweit tiefsten Preisen!\" \/>\n<meta property=\"og:url\" content=\"https:\/\/autokunz.ch\/fr\/entreprise\/\" \/>\n<meta property=\"og:site_name\" content=\"Auto Kunz\" \/>\n<meta property=\"article:publisher\" content=\"https:\/\/www.facebook.com\/AutoKunzAG\" \/>\n<meta property=\"article:modified_time\" content=\"2019-09-18T10:58:44+00:00\" \/>\n<meta property=\"og:image\" content=\"https:\/\/autokunz.ch\/app\/uploads\/2021\/12\/DSC09614-1.jpg\" \/>\n\t<meta property=\"og:image:width\" content=\"1920\" \/>\n\t<meta property=\"og:image:height\" content=\"656\" \/>\n\t<meta property=\"og:image:type\" content=\"image\/jpeg\" \/>\n<meta name=\"twitter:card\" content=\"summary_large_image\" \/>\n<meta name=\"twitter:site\" content=\"@autokunzag\" \/>\n<meta name=\"twitter:label1\" content=\"Est. reading time\" \/>\n\t<meta name=\"twitter:data1\" content=\"3 minutes\" \/>\n<script type=\"application\/ld+json\" class=\"yoast-schema-graph\">{\"@context\":\"https:\/\/schema.org\",\"@graph\":[{\"@type\":\"WebPage\",\"@id\":\"https:\/\/autokunz.ch\/fr\/entreprise\/\",\"url\":\"https:\/\/autokunz.ch\/fr\/entreprise\/\",\"name\":\"Unser Unternehmen stellt sich vor - Auto Kunz AG\",\"isPartOf\":{\"@id\":\"https:\/\/autokunz.ch\/#website\"},\"primaryImageOfPage\":{\"@id\":\"https:\/\/autokunz.ch\/fr\/entreprise\/#primaryimage\"},\"image\":{\"@id\":\"https:\/\/autokunz.ch\/fr\/entreprise\/#primaryimage\"},\"thumbnailUrl\":\"https:\/\/autokunz.ch\/app\/uploads\/2023\/01\/co2-boerse-und-import-auto-kunz-ag.jpg\",\"datePublished\":\"2019-06-21T12:25:46+00:00\",\"dateModified\":\"2019-09-18T10:58:44+00:00\",\"description\":\"Das Unternehmen Auto Kunz AG einer der gr\u00f6ssten unabh\u00e4ngigen Autoimporteure der Schweiz. \u00dcber 500 Autos aller Marken zu den schweizweit tiefsten Preisen!\",\"breadcrumb\":{\"@id\":\"https:\/\/autokunz.ch\/fr\/entreprise\/#breadcrumb\"},\"inLanguage\":\"fr-FR\",\"potentialAction\":[{\"@type\":\"ReadAction\",\"target\":[\"https:\/\/autokunz.ch\/fr\/entreprise\/\"]}]},{\"@type\":\"ImageObject\",\"inLanguage\":\"fr-FR\",\"@id\":\"https:\/\/autokunz.ch\/fr\/entreprise\/#primaryimage\",\"url\":\"https:\/\/autokunz.ch\/app\/uploads\/2023\/01\/co2-boerse-und-import-auto-kunz-ag.jpg\",\"contentUrl\":\"https:\/\/autokunz.ch\/app\/uploads\/2023\/01\/co2-boerse-und-import-auto-kunz-ag.jpg\",\"width\":1920,\"height\":1280,\"caption\":\"Bourse CO2 - Auto Kunz AG mit den schweizweit tiefsten Preisen\"},{\"@type\":\"BreadcrumbList\",\"@id\":\"https:\/\/autokunz.ch\/fr\/entreprise\/#breadcrumb\",\"itemListElement\":[{\"@type\":\"ListItem\",\"position\":1,\"name\":\"Home\",\"item\":\"https:\/\/autokunz.ch\/fr\/\"},{\"@type\":\"ListItem\",\"position\":2,\"name\":\"Entreprise\"}]},{\"@type\":\"WebSite\",\"@id\":\"https:\/\/autokunz.ch\/#website\",\"url\":\"https:\/\/autokunz.ch\/\",\"name\":\"Auto Kunz\",\"description\":\"\u00dcber 500 Autos, die tiefsten Preise der Schweiz\",\"publisher\":{\"@id\":\"https:\/\/autokunz.ch\/#organization\"},\"potentialAction\":[{\"@type\":\"SearchAction\",\"target\":{\"@type\":\"EntryPoint\",\"urlTemplate\":\"https:\/\/autokunz.ch\/?s={search_term_string}\"},\"query-input\":{\"@type\":\"PropertyValueSpecification\",\"valueRequired\":true,\"valueName\":\"search_term_string\"}}],\"inLanguage\":\"fr-FR\"},{\"@type\":\"Organization\",\"@id\":\"https:\/\/autokunz.ch\/#organization\",\"name\":\"Auto Kunz AG\",\"url\":\"https:\/\/autokunz.ch\/\",\"logo\":{\"@type\":\"ImageObject\",\"inLanguage\":\"fr-FR\",\"@id\":\"https:\/\/autokunz.ch\/#\/schema\/logo\/image\/\",\"url\":\"https:\/\/autokunz.ch\/app\/uploads\/2021\/07\/autokunz-ag-wohlen-logo.png\",\"contentUrl\":\"https:\/\/autokunz.ch\/app\/uploads\/2021\/07\/autokunz-ag-wohlen-logo.png\",\"width\":530,\"height\":79,\"caption\":\"Auto Kunz AG\"},\"image\":{\"@id\":\"https:\/\/autokunz.ch\/#\/schema\/logo\/image\/\"},\"sameAs\":[\"https:\/\/www.facebook.com\/AutoKunzAG\",\"https:\/\/x.com\/autokunzag\",\"https:\/\/www.instagram.com\/autokunz.ch\/\",\"https:\/\/www.linkedin.com\/company\/9463486?trk=tyah&amp;amp;amp;trkInfo=clickedVertical:company,idx:1-1-1,tarId:1434043483672,tas:auto kunz\",\"https:\/\/www.pinterest.com\/autokunzag\/\",\"https:\/\/www.youtube.com\/channel\/UCsS22A2abuuzGxbmhsPm-6g\"]}]}<\/script>\n<!-- \/ Yoast SEO plugin. -->","yoast_head_json":{"title":"Unser Unternehmen stellt sich vor - Auto Kunz AG","description":"Das Unternehmen Auto Kunz AG einer der gr\u00f6ssten unabh\u00e4ngigen Autoimporteure der Schweiz. \u00dcber 500 Autos aller Marken zu den schweizweit tiefsten Preisen!","robots":{"index":"index","follow":"follow","max-snippet":"max-snippet:-1","max-image-preview":"max-image-preview:large","max-video-preview":"max-video-preview:-1"},"canonical":"https:\/\/autokunz.ch\/fr\/entreprise\/","og_locale":"fr_FR","og_type":"article","og_title":"Unser Unternehmen stellt sich vor - Auto Kunz AG","og_description":"Das Unternehmen Auto Kunz AG einer der gr\u00f6ssten unabh\u00e4ngigen Autoimporteure der Schweiz. \u00dcber 500 Autos aller Marken zu den schweizweit tiefsten Preisen!","og_url":"https:\/\/autokunz.ch\/fr\/entreprise\/","og_site_name":"Auto Kunz","article_publisher":"https:\/\/www.facebook.com\/AutoKunzAG","article_modified_time":"2019-09-18T10:58:44+00:00","og_image":[{"width":1920,"height":656,"url":"https:\/\/autokunz.ch\/app\/uploads\/2021\/12\/DSC09614-1.jpg","type":"image\/jpeg"}],"twitter_card":"summary_large_image","twitter_site":"@autokunzag","twitter_misc":{"Est. reading time":"3 minutes"},"schema":{"@context":"https:\/\/schema.org","@graph":[{"@type":"WebPage","@id":"https:\/\/autokunz.ch\/fr\/entreprise\/","url":"https:\/\/autokunz.ch\/fr\/entreprise\/","name":"Unser Unternehmen stellt sich vor - Auto Kunz AG","isPartOf":{"@id":"https:\/\/autokunz.ch\/#website"},"primaryImageOfPage":{"@id":"https:\/\/autokunz.ch\/fr\/entreprise\/#primaryimage"},"image":{"@id":"https:\/\/autokunz.ch\/fr\/entreprise\/#primaryimage"},"thumbnailUrl":"https:\/\/autokunz.ch\/app\/uploads\/2023\/01\/co2-boerse-und-import-auto-kunz-ag.jpg","datePublished":"2019-06-21T12:25:46+00:00","dateModified":"2019-09-18T10:58:44+00:00","description":"Das Unternehmen Auto Kunz AG einer der gr\u00f6ssten unabh\u00e4ngigen Autoimporteure der Schweiz. \u00dcber 500 Autos aller Marken zu den schweizweit tiefsten Preisen!","breadcrumb":{"@id":"https:\/\/autokunz.ch\/fr\/entreprise\/#breadcrumb"},"inLanguage":"fr-FR","potentialAction":[{"@type":"ReadAction","target":["https:\/\/autokunz.ch\/fr\/entreprise\/"]}]},{"@type":"ImageObject","inLanguage":"fr-FR","@id":"https:\/\/autokunz.ch\/fr\/entreprise\/#primaryimage","url":"https:\/\/autokunz.ch\/app\/uploads\/2023\/01\/co2-boerse-und-import-auto-kunz-ag.jpg","contentUrl":"https:\/\/autokunz.ch\/app\/uploads\/2023\/01\/co2-boerse-und-import-auto-kunz-ag.jpg","width":1920,"height":1280,"caption":"Bourse CO2 - Auto Kunz AG mit den schweizweit tiefsten Preisen"},{"@type":"BreadcrumbList","@id":"https:\/\/autokunz.ch\/fr\/entreprise\/#breadcrumb","itemListElement":[{"@type":"ListItem","position":1,"name":"Home","item":"https:\/\/autokunz.ch\/fr\/"},{"@type":"ListItem","position":2,"name":"Entreprise"}]},{"@type":"WebSite","@id":"https:\/\/autokunz.ch\/#website","url":"https:\/\/autokunz.ch\/","name":"Auto Kunz","description":"\u00dcber 500 Autos, die tiefsten Preise der Schweiz","publisher":{"@id":"https:\/\/autokunz.ch\/#organization"},"potentialAction":[{"@type":"SearchAction","target":{"@type":"EntryPoint","urlTemplate":"https:\/\/autokunz.ch\/?s={search_term_string}"},"query-input":{"@type":"PropertyValueSpecification","valueRequired":true,"valueName":"search_term_string"}}],"inLanguage":"fr-FR"},{"@type":"Organization","@id":"https:\/\/autokunz.ch\/#organization","name":"Auto Kunz AG","url":"https:\/\/autokunz.ch\/","logo":{"@type":"ImageObject","inLanguage":"fr-FR","@id":"https:\/\/autokunz.ch\/#\/schema\/logo\/image\/","url":"https:\/\/autokunz.ch\/app\/uploads\/2021\/07\/autokunz-ag-wohlen-logo.png","contentUrl":"https:\/\/autokunz.ch\/app\/uploads\/2021\/07\/autokunz-ag-wohlen-logo.png","width":530,"height":79,"caption":"Auto Kunz AG"},"image":{"@id":"https:\/\/autokunz.ch\/#\/schema\/logo\/image\/"},"sameAs":["https:\/\/www.facebook.com\/AutoKunzAG","https:\/\/x.com\/autokunzag","https:\/\/www.instagram.com\/autokunz.ch\/","https:\/\/www.linkedin.com\/company\/9463486?trk=tyah&amp;amp;amp;trkInfo=clickedVertical:company,idx:1-1-1,tarId:1434043483672,tas:auto kunz","https:\/\/www.pinterest.com\/autokunzag\/","https:\/\/www.youtube.com\/channel\/UCsS22A2abuuzGxbmhsPm-6g"]}]}},"_links":{"self":[{"href":"https:\/\/autokunz.ch\/fr\/wp-json\/wp\/v2\/pages\/11062","targetHints":{"allow":["GET"]}}],"collection":[{"href":"https:\/\/autokunz.ch\/fr\/wp-json\/wp\/v2\/pages"}],"about":[{"href":"https:\/\/autokunz.ch\/fr\/wp-json\/wp\/v2\/types\/page"}],"author":[{"embeddable":true,"href":"https:\/\/autokunz.ch\/fr\/wp-json\/wp\/v2\/users\/1"}],"replies":[{"embeddable":true,"href":"https:\/\/autokunz.ch\/fr\/wp-json\/wp\/v2\/comments?post=11062"}],"version-history":[{"count":3,"href":"https:\/\/autokunz.ch\/fr\/wp-json\/wp\/v2\/pages\/11062\/revisions"}],"predecessor-version":[{"id":1493085,"href":"https:\/\/autokunz.ch\/fr\/wp-json\/wp\/v2\/pages\/11062\/revisions\/1493085"}],"wp:featuredmedia":[{"embeddable":true,"href":"https:\/\/autokunz.ch\/fr\/wp-json\/wp\/v2\/media\/3880813"}],"wp:attachment":[{"href":"https:\/\/autokunz.ch\/fr\/wp-json\/wp\/v2\/media?parent=11062"}],"curies":[{"name":"wp","href":"https:\/\/api.w.org\/{rel}","templated":true}]}}