{"id":11070,"date":"2019-06-21T14:38:01","date_gmt":"2019-06-21T12:38:01","guid":{"rendered":"https:\/\/autokunz.ch\/unternehmen\/geschichte\/"},"modified":"2022-12-27T15:19:03","modified_gmt":"2022-12-27T14:19:03","slug":"histoire","status":"publish","type":"page","link":"https:\/\/autokunz.ch\/fr\/entreprise\/histoire\/","title":{"rendered":"Histoire d&#8217;Auto Kunz"},"content":{"rendered":"\n<div class=\"wp-block-columns has-2-columns is-layout-flex wp-container-core-columns-is-layout-9d6595d7 wp-block-columns-is-layout-flex\">\n<div class=\"wp-block-column is-layout-flow wp-block-column-is-layout-flow\">\n<h2 class=\"wp-block-heading\">Histoire d&#8217;auto kunz<\/h2>\n\n\n\n<h3 class=\"wp-block-heading\">Nous \u00e9crivons l\u2019histoire &#8211; depuis 1967<\/h3>\n\n\n\n<p>En 1967, Theo et Ursula Kunz ont fond\u00e9 le garage Auto Kunz AG. Peu de temps apr\u00e8s la fondation, ils ont import\u00e9 les premi\u00e8res voitures. Cela a imm\u00e9diatement fait sensation, car Theo Kunz a d\u00e9fi\u00e9 les cartels de l\u2019\u00e9poque, ce que personne d\u2019autre dans l\u2019industrie n\u2019a os\u00e9. Aujourd\u2019hui, il est consid\u00e9r\u00e9 comme l\u2019un des grands pionniers des importations directes et parall\u00e8les \u2013 et donc aussi comme un combattant infatigable contre l\u2019\u00eele de Suisse \u00e0 prix \u00e9lev\u00e9s.<\/p>\n\n\n\n<p>En 1978, l\u2019entrep\u00f4t, l\u2019administration et les ventes ont \u00e9t\u00e9 fusionn\u00e9s sur le site actuel de Wohlen. Depuis lors, d\u2019autres propri\u00e9t\u00e9s ont \u00e9t\u00e9 r\u00e9guli\u00e8rement achet\u00e9es ou lou\u00e9es. Depuis le milieu des ann\u00e9es 90, Roger et Ren\u00e9 Kunz, les deux fils du couple fondateur, \u00e9crivent l\u2019histoire r\u00e9ussie de l\u2019entreprise \u00e0 la deuxi\u00e8me g\u00e9n\u00e9ration.<\/p>\n<\/div>\n\n\n\n<div class=\"wp-block-column is-layout-flow wp-block-column-is-layout-flow\">\n<figure class=\"wp-block-image\"><img decoding=\"async\" width=\"620\" height=\"372\" src=\"https:\/\/autokunz.ch\/app\/uploads\/2019\/08\/auto-kunz-geschichte.jpg\" alt=\"Auto Kunz - Geschichte - Auto Kunz AG 6\" class=\"wp-image-10940\" srcset=\"https:\/\/autokunz.ch\/app\/uploads\/2019\/08\/auto-kunz-geschichte.jpg 620w, https:\/\/autokunz.ch\/app\/uploads\/2019\/08\/auto-kunz-geschichte-588x353.jpg 588w\" sizes=\"(max-width: 620px) 100vw, 620px\" \/><\/figure>\n<\/div>\n<\/div>\n\n\n\n<hr class=\"wp-block-separator has-css-opacity\"\/>\n\n\n\n<div class=\"wp-block-columns has-2-columns is-layout-flex wp-container-core-columns-is-layout-9d6595d7 wp-block-columns-is-layout-flex\">\n<div class=\"wp-block-column is-layout-flow wp-block-column-is-layout-flow\">\n<figure class=\"wp-block-image\"><img decoding=\"async\" width=\"620\" height=\"372\" src=\"https:\/\/autokunz.ch\/app\/uploads\/2019\/08\/auto-kunz-geschichte-2.jpg\" alt=\"Auto Kunz - Geschichte - Auto Kunz AG 7\" class=\"wp-image-10944\" srcset=\"https:\/\/autokunz.ch\/app\/uploads\/2019\/08\/auto-kunz-geschichte-2.jpg 620w, https:\/\/autokunz.ch\/app\/uploads\/2019\/08\/auto-kunz-geschichte-2-588x353.jpg 588w\" sizes=\"(max-width: 620px) 100vw, 620px\" \/><\/figure>\n<\/div>\n\n\n\n<div class=\"wp-block-column is-layout-flow wp-block-column-is-layout-flow\">\n<h3 class=\"wp-block-heading\">Auto Kunz AG: Des valeurs qui m\u00e8nent au succ\u00e8s<\/h3>\n\n\n\n<p>En 2021, les propri\u00e9taires Ren\u00e9 et Roger Kunz ont transf\u00e9r\u00e9 la direction \u00e0 un directeur g\u00e9n\u00e9ral. Depuis 2022, Adrian B\u00fcchler assume la responsabilit\u00e9 op\u00e9rationnelle et continue de vivre les valeurs de l\u2019entreprise.<\/p>\n\n\n\n<p>Pour nous, les valeurs de stabilit\u00e9 et de fiabilit\u00e9, d\u2019innovation et de tarification agressive ont toujours constitu\u00e9 la base de notre philosophie d\u2019entreprise et le c\u0153ur de nos actions quotidiennes.<\/p>\n<\/div>\n<\/div>\n\n\n\n<hr class=\"wp-block-separator has-css-opacity\"\/>\n\n\n\n<div class=\"wp-block-columns has-2-columns is-layout-flex wp-container-core-columns-is-layout-9d6595d7 wp-block-columns-is-layout-flex\">\n<div class=\"wp-block-column is-layout-flow wp-block-column-is-layout-flow\">\n<h3 class=\"wp-block-heading\">L\u2019histoire continue<\/h3>\n\n\n\n<p>Aujourd\u2019hui, nous sommes l\u2019un des plus grands importateurs parall\u00e8les et directs en Suisse et employons plus de 50 personnes. Tous s\u2019engagent pour une forte orientation client avec une large gamme de produits, un service client multimarque, les meilleurs prix de Suisse et des horaires d\u2019ouverture conviviaux. <\/p>\n\n\n\n<p>Depuis 2019, nous sommes l\u2019importateur g\u00e9n\u00e9ral de voitures \u00e9lectriques de la marque JAC. Nous avons apport\u00e9 et continuons d\u2019apporter du mouvement sur le march\u00e9 automobile suisse.<\/p>\n<\/div>\n\n\n\n<div class=\"wp-block-column is-layout-flow wp-block-column-is-layout-flow\">\n<figure class=\"wp-block-image\"><img decoding=\"async\" width=\"620\" height=\"372\" src=\"https:\/\/autokunz.ch\/app\/uploads\/2019\/08\/Firmengeschichte2-3.jpg\" alt=\"\" class=\"wp-image-7836\" srcset=\"https:\/\/autokunz.ch\/app\/uploads\/2019\/08\/Firmengeschichte2-3.jpg 620w, https:\/\/autokunz.ch\/app\/uploads\/2019\/08\/Firmengeschichte2-3-588x353.jpg 588w\" sizes=\"(max-width: 620px) 100vw, 620px\" \/><\/figure>\n<\/div>\n<\/div>\n","protected":false},"excerpt":{"rendered":"<p>Histoire d&#8217;auto kunz Nous \u00e9crivons l\u2019histoire &#8211; depuis 1967 En 1967, Theo et Ursula Kunz ont fond\u00e9 le garage Auto Kunz AG. Peu de temps apr\u00e8s la fondation, ils ont import\u00e9 les premi\u00e8res voitures. Cela a imm\u00e9diatement fait sensation, car Theo Kunz a d\u00e9fi\u00e9 les cartels de l\u2019\u00e9poque, ce que personne d\u2019autre dans l\u2019industrie n\u2019a &hellip; <a class=\"text-button text-button--primary text-button--no-arrow\" href=\"https:\/\/autokunz.ch\/fr\/entreprise\/histoire\/\">continue<\/a><\/p>\n","protected":false},"author":1,"featured_media":11082,"parent":11062,"menu_order":4,"comment_status":"closed","ping_status":"closed","template":"","meta":{"_acf_changed":false,"footnotes":""},"class_list":["post-11070","page","type-page","status-publish","has-post-thumbnail","hentry"],"acf":[],"yoast_head":"<!-- This site is optimized with the Yoast SEO plugin v27.0 - https:\/\/yoast.com\/product\/yoast-seo-wordpress\/ -->\n<title>Wir schreiben Geschichte seit 1967 - Auto Kunz Wohlen<\/title>\n<meta name=\"description\" content=\"Unsere Geschichte: Die Garage Auto Kunz AG wurde 1967 durch Theo und Ursula Kunz gegr\u00fcndet und sie haben zusammen Geschichte geschrieben.\" \/>\n<meta name=\"robots\" content=\"index, follow, max-snippet:-1, max-image-preview:large, max-video-preview:-1\" \/>\n<link rel=\"canonical\" href=\"https:\/\/autokunz.ch\/fr\/entreprise\/histoire\/\" \/>\n<meta property=\"og:locale\" content=\"fr_FR\" \/>\n<meta property=\"og:type\" content=\"article\" \/>\n<meta property=\"og:title\" content=\"Wir schreiben Geschichte seit 1967 - Auto Kunz Wohlen\" \/>\n<meta property=\"og:description\" content=\"Unsere Geschichte: Die Garage Auto Kunz AG wurde 1967 durch Theo und Ursula Kunz gegr\u00fcndet und sie haben zusammen Geschichte geschrieben.\" \/>\n<meta property=\"og:url\" content=\"https:\/\/autokunz.ch\/fr\/entreprise\/histoire\/\" \/>\n<meta property=\"og:site_name\" content=\"Auto Kunz\" \/>\n<meta property=\"article:publisher\" content=\"https:\/\/www.facebook.com\/AutoKunzAG\" \/>\n<meta property=\"article:modified_time\" content=\"2022-12-27T14:19:03+00:00\" \/>\n<meta property=\"og:image\" content=\"https:\/\/autokunz.ch\/app\/uploads\/2019\/08\/auto-kunz-geschichte1.jpg\" \/>\n\t<meta property=\"og:image:width\" content=\"1536\" \/>\n\t<meta property=\"og:image:height\" content=\"1024\" \/>\n\t<meta property=\"og:image:type\" content=\"image\/jpeg\" \/>\n<meta name=\"twitter:card\" content=\"summary_large_image\" \/>\n<meta name=\"twitter:site\" content=\"@autokunzag\" \/>\n<meta name=\"twitter:label1\" content=\"Est. reading time\" \/>\n\t<meta name=\"twitter:data1\" content=\"3 minutes\" \/>\n<script type=\"application\/ld+json\" class=\"yoast-schema-graph\">{\"@context\":\"https:\/\/schema.org\",\"@graph\":[{\"@type\":\"WebPage\",\"@id\":\"https:\/\/autokunz.ch\/fr\/entreprise\/histoire\/\",\"url\":\"https:\/\/autokunz.ch\/fr\/entreprise\/histoire\/\",\"name\":\"Wir schreiben Geschichte seit 1967 - Auto Kunz Wohlen\",\"isPartOf\":{\"@id\":\"https:\/\/autokunz.ch\/#website\"},\"primaryImageOfPage\":{\"@id\":\"https:\/\/autokunz.ch\/fr\/entreprise\/histoire\/#primaryimage\"},\"image\":{\"@id\":\"https:\/\/autokunz.ch\/fr\/entreprise\/histoire\/#primaryimage\"},\"thumbnailUrl\":\"https:\/\/autokunz.ch\/app\/uploads\/2019\/08\/auto-kunz-geschichte1.jpg\",\"datePublished\":\"2019-06-21T12:38:01+00:00\",\"dateModified\":\"2022-12-27T14:19:03+00:00\",\"description\":\"Unsere Geschichte: Die Garage Auto Kunz AG wurde 1967 durch Theo und Ursula Kunz gegr\u00fcndet und sie haben zusammen Geschichte geschrieben.\",\"breadcrumb\":{\"@id\":\"https:\/\/autokunz.ch\/fr\/entreprise\/histoire\/#breadcrumb\"},\"inLanguage\":\"fr-FR\",\"potentialAction\":[{\"@type\":\"ReadAction\",\"target\":[\"https:\/\/autokunz.ch\/fr\/entreprise\/histoire\/\"]}]},{\"@type\":\"ImageObject\",\"inLanguage\":\"fr-FR\",\"@id\":\"https:\/\/autokunz.ch\/fr\/entreprise\/histoire\/#primaryimage\",\"url\":\"https:\/\/autokunz.ch\/app\/uploads\/2019\/08\/auto-kunz-geschichte1.jpg\",\"contentUrl\":\"https:\/\/autokunz.ch\/app\/uploads\/2019\/08\/auto-kunz-geschichte1.jpg\",\"width\":1536,\"height\":1024,\"caption\":\"Auto Kunz - Geschichte - Auto Kunz AG 13\"},{\"@type\":\"BreadcrumbList\",\"@id\":\"https:\/\/autokunz.ch\/fr\/entreprise\/histoire\/#breadcrumb\",\"itemListElement\":[{\"@type\":\"ListItem\",\"position\":1,\"name\":\"Home\",\"item\":\"https:\/\/autokunz.ch\/fr\/\"},{\"@type\":\"ListItem\",\"position\":2,\"name\":\"Entreprise\",\"item\":\"https:\/\/autokunz.ch\/fr\/entreprise\/\"},{\"@type\":\"ListItem\",\"position\":3,\"name\":\"Histoire d&#8217;Auto Kunz\"}]},{\"@type\":\"WebSite\",\"@id\":\"https:\/\/autokunz.ch\/#website\",\"url\":\"https:\/\/autokunz.ch\/\",\"name\":\"Auto Kunz\",\"description\":\"\u00dcber 500 Autos, die tiefsten Preise der Schweiz\",\"publisher\":{\"@id\":\"https:\/\/autokunz.ch\/#organization\"},\"potentialAction\":[{\"@type\":\"SearchAction\",\"target\":{\"@type\":\"EntryPoint\",\"urlTemplate\":\"https:\/\/autokunz.ch\/?s={search_term_string}\"},\"query-input\":{\"@type\":\"PropertyValueSpecification\",\"valueRequired\":true,\"valueName\":\"search_term_string\"}}],\"inLanguage\":\"fr-FR\"},{\"@type\":\"Organization\",\"@id\":\"https:\/\/autokunz.ch\/#organization\",\"name\":\"Auto Kunz AG\",\"url\":\"https:\/\/autokunz.ch\/\",\"logo\":{\"@type\":\"ImageObject\",\"inLanguage\":\"fr-FR\",\"@id\":\"https:\/\/autokunz.ch\/#\/schema\/logo\/image\/\",\"url\":\"https:\/\/autokunz.ch\/app\/uploads\/2021\/07\/autokunz-ag-wohlen-logo.png\",\"contentUrl\":\"https:\/\/autokunz.ch\/app\/uploads\/2021\/07\/autokunz-ag-wohlen-logo.png\",\"width\":530,\"height\":79,\"caption\":\"Auto Kunz AG\"},\"image\":{\"@id\":\"https:\/\/autokunz.ch\/#\/schema\/logo\/image\/\"},\"sameAs\":[\"https:\/\/www.facebook.com\/AutoKunzAG\",\"https:\/\/x.com\/autokunzag\",\"https:\/\/www.instagram.com\/autokunz.ch\/\",\"https:\/\/www.linkedin.com\/company\/9463486?trk=tyah&amp;amp;amp;trkInfo=clickedVertical:company,idx:1-1-1,tarId:1434043483672,tas:auto kunz\",\"https:\/\/www.pinterest.com\/autokunzag\/\",\"https:\/\/www.youtube.com\/channel\/UCsS22A2abuuzGxbmhsPm-6g\"]}]}<\/script>\n<!-- \/ Yoast SEO plugin. -->","yoast_head_json":{"title":"Wir schreiben Geschichte seit 1967 - Auto Kunz Wohlen","description":"Unsere Geschichte: Die Garage Auto Kunz AG wurde 1967 durch Theo und Ursula Kunz gegr\u00fcndet und sie haben zusammen Geschichte geschrieben.","robots":{"index":"index","follow":"follow","max-snippet":"max-snippet:-1","max-image-preview":"max-image-preview:large","max-video-preview":"max-video-preview:-1"},"canonical":"https:\/\/autokunz.ch\/fr\/entreprise\/histoire\/","og_locale":"fr_FR","og_type":"article","og_title":"Wir schreiben Geschichte seit 1967 - Auto Kunz Wohlen","og_description":"Unsere Geschichte: Die Garage Auto Kunz AG wurde 1967 durch Theo und Ursula Kunz gegr\u00fcndet und sie haben zusammen Geschichte geschrieben.","og_url":"https:\/\/autokunz.ch\/fr\/entreprise\/histoire\/","og_site_name":"Auto Kunz","article_publisher":"https:\/\/www.facebook.com\/AutoKunzAG","article_modified_time":"2022-12-27T14:19:03+00:00","og_image":[{"width":1536,"height":1024,"url":"https:\/\/autokunz.ch\/app\/uploads\/2019\/08\/auto-kunz-geschichte1.jpg","type":"image\/jpeg"}],"twitter_card":"summary_large_image","twitter_site":"@autokunzag","twitter_misc":{"Est. reading time":"3 minutes"},"schema":{"@context":"https:\/\/schema.org","@graph":[{"@type":"WebPage","@id":"https:\/\/autokunz.ch\/fr\/entreprise\/histoire\/","url":"https:\/\/autokunz.ch\/fr\/entreprise\/histoire\/","name":"Wir schreiben Geschichte seit 1967 - Auto Kunz Wohlen","isPartOf":{"@id":"https:\/\/autokunz.ch\/#website"},"primaryImageOfPage":{"@id":"https:\/\/autokunz.ch\/fr\/entreprise\/histoire\/#primaryimage"},"image":{"@id":"https:\/\/autokunz.ch\/fr\/entreprise\/histoire\/#primaryimage"},"thumbnailUrl":"https:\/\/autokunz.ch\/app\/uploads\/2019\/08\/auto-kunz-geschichte1.jpg","datePublished":"2019-06-21T12:38:01+00:00","dateModified":"2022-12-27T14:19:03+00:00","description":"Unsere Geschichte: Die Garage Auto Kunz AG wurde 1967 durch Theo und Ursula Kunz gegr\u00fcndet und sie haben zusammen Geschichte geschrieben.","breadcrumb":{"@id":"https:\/\/autokunz.ch\/fr\/entreprise\/histoire\/#breadcrumb"},"inLanguage":"fr-FR","potentialAction":[{"@type":"ReadAction","target":["https:\/\/autokunz.ch\/fr\/entreprise\/histoire\/"]}]},{"@type":"ImageObject","inLanguage":"fr-FR","@id":"https:\/\/autokunz.ch\/fr\/entreprise\/histoire\/#primaryimage","url":"https:\/\/autokunz.ch\/app\/uploads\/2019\/08\/auto-kunz-geschichte1.jpg","contentUrl":"https:\/\/autokunz.ch\/app\/uploads\/2019\/08\/auto-kunz-geschichte1.jpg","width":1536,"height":1024,"caption":"Auto Kunz - Geschichte - Auto Kunz AG 13"},{"@type":"BreadcrumbList","@id":"https:\/\/autokunz.ch\/fr\/entreprise\/histoire\/#breadcrumb","itemListElement":[{"@type":"ListItem","position":1,"name":"Home","item":"https:\/\/autokunz.ch\/fr\/"},{"@type":"ListItem","position":2,"name":"Entreprise","item":"https:\/\/autokunz.ch\/fr\/entreprise\/"},{"@type":"ListItem","position":3,"name":"Histoire d&#8217;Auto Kunz"}]},{"@type":"WebSite","@id":"https:\/\/autokunz.ch\/#website","url":"https:\/\/autokunz.ch\/","name":"Auto Kunz","description":"\u00dcber 500 Autos, die tiefsten Preise der Schweiz","publisher":{"@id":"https:\/\/autokunz.ch\/#organization"},"potentialAction":[{"@type":"SearchAction","target":{"@type":"EntryPoint","urlTemplate":"https:\/\/autokunz.ch\/?s={search_term_string}"},"query-input":{"@type":"PropertyValueSpecification","valueRequired":true,"valueName":"search_term_string"}}],"inLanguage":"fr-FR"},{"@type":"Organization","@id":"https:\/\/autokunz.ch\/#organization","name":"Auto Kunz AG","url":"https:\/\/autokunz.ch\/","logo":{"@type":"ImageObject","inLanguage":"fr-FR","@id":"https:\/\/autokunz.ch\/#\/schema\/logo\/image\/","url":"https:\/\/autokunz.ch\/app\/uploads\/2021\/07\/autokunz-ag-wohlen-logo.png","contentUrl":"https:\/\/autokunz.ch\/app\/uploads\/2021\/07\/autokunz-ag-wohlen-logo.png","width":530,"height":79,"caption":"Auto Kunz AG"},"image":{"@id":"https:\/\/autokunz.ch\/#\/schema\/logo\/image\/"},"sameAs":["https:\/\/www.facebook.com\/AutoKunzAG","https:\/\/x.com\/autokunzag","https:\/\/www.instagram.com\/autokunz.ch\/","https:\/\/www.linkedin.com\/company\/9463486?trk=tyah&amp;amp;amp;trkInfo=clickedVertical:company,idx:1-1-1,tarId:1434043483672,tas:auto kunz","https:\/\/www.pinterest.com\/autokunzag\/","https:\/\/www.youtube.com\/channel\/UCsS22A2abuuzGxbmhsPm-6g"]}]}},"_links":{"self":[{"href":"https:\/\/autokunz.ch\/fr\/wp-json\/wp\/v2\/pages\/11070","targetHints":{"allow":["GET"]}}],"collection":[{"href":"https:\/\/autokunz.ch\/fr\/wp-json\/wp\/v2\/pages"}],"about":[{"href":"https:\/\/autokunz.ch\/fr\/wp-json\/wp\/v2\/types\/page"}],"author":[{"embeddable":true,"href":"https:\/\/autokunz.ch\/fr\/wp-json\/wp\/v2\/users\/1"}],"replies":[{"embeddable":true,"href":"https:\/\/autokunz.ch\/fr\/wp-json\/wp\/v2\/comments?post=11070"}],"version-history":[{"count":3,"href":"https:\/\/autokunz.ch\/fr\/wp-json\/wp\/v2\/pages\/11070\/revisions"}],"predecessor-version":[{"id":3856958,"href":"https:\/\/autokunz.ch\/fr\/wp-json\/wp\/v2\/pages\/11070\/revisions\/3856958"}],"up":[{"embeddable":true,"href":"https:\/\/autokunz.ch\/fr\/wp-json\/wp\/v2\/pages\/11062"}],"wp:featuredmedia":[{"embeddable":true,"href":"https:\/\/autokunz.ch\/fr\/wp-json\/wp\/v2\/media\/11082"}],"wp:attachment":[{"href":"https:\/\/autokunz.ch\/fr\/wp-json\/wp\/v2\/media?parent=11070"}],"curies":[{"name":"wp","href":"https:\/\/api.w.org\/{rel}","templated":true}]}}