{"id":11090,"date":"2019-08-05T14:53:42","date_gmt":"2019-08-05T12:53:42","guid":{"rendered":"https:\/\/autokunz.ch\/unternehmen\/auszeichnungen\/"},"modified":"2019-09-13T11:47:05","modified_gmt":"2019-09-13T09:47:05","slug":"rating-certificate","status":"publish","type":"page","link":"https:\/\/autokunz.ch\/fr\/entreprise\/rating-certificate\/","title":{"rendered":"Rating Certificate"},"content":{"rendered":"\n<div class=\"wp-block-columns has-2-columns is-layout-flex wp-container-core-columns-is-layout-9d6595d7 wp-block-columns-is-layout-flex\">\n<div class=\"wp-block-column is-layout-flow wp-block-column-is-layout-flow\">\n<h2 class=\"wp-block-heading\">Rating Certificate de l\u2019agence de notation Dun &amp; Bradstreet (Bisnode)<\/h2>\n\n\n\n<p>Rien moins que la plus grande agence de notation du monde, Dun &amp; Bradstreet (distribu\u00e9e par Bisnode), nous a d\u00e9j\u00e0 attribu\u00e9 plusieurs fois la meilleure note. Sur les 5\u2019000 <a href=\"https:\/\/autokunz.ch\/fr\/entreprise\/garage\/\">garages<\/a> en Suisse, seuls 2 \u00e0 3 re\u00e7oivent ce prix. <\/p>\n\n\n\n<p>Nous en sommes fiers et pour vous, ce prix est synonyme de s\u00e9curit\u00e9, de qualit\u00e9 et de continuit\u00e9. Le prix est d\u00e9cern\u00e9 par l&#8217;agence de notation Bisnode Dun &amp; Bradstreet. Auto Kunz AG attache une grande importance \u00e0 la simplicit\u00e9 et \u00e0 la s\u00e9curit\u00e9. Notre capital est excellent. Nous sommes une entreprise tr\u00e8s saine, qui offre aux employ\u00e9s une tr\u00e8s bonne base et un lieu de travail tr\u00e8s s\u00e9curis\u00e9.<\/p>\n\n\n\n<p>Nous sommes \u00e9galement une entreprise d&#8217;apprentis tr\u00e8s populaire car nous formons chaque ann\u00e9e de nombreux apprentis. Notre base saine nous permet d\u2019investir dans les jeunes travailleurs de la n\u00f4tre et de notre avenir.En raison de cette tr\u00e8s bonne constellation, nous sommes r\u00e9guli\u00e8rement class\u00e9s parmi les meilleures agences de notation.<\/p>\n\n\n\n<p>Par cons\u00e9quent, nous attachons une grande importance \u00e0 la qualit\u00e9 de notre entreprise. Dans le m\u00eame temps, nous nous attachons \u00e0 maintenir des normes et des niveaux de qualit\u00e9 \u00e9lev\u00e9s.Cette strat\u00e9gie nous donne raison, en ce sens que la notation d\u2019une agence de notation de renom aussi \u00e9lev\u00e9e.<\/p>\n<\/div>\n\n\n\n<div class=\"wp-block-column is-layout-flow wp-block-column-is-layout-flow\">\n<figure class=\"wp-block-image\"><img decoding=\"async\" width=\"967\" height=\"683\" src=\"https:\/\/autokunz.ch\/app\/uploads\/2019\/08\/Bisnode-Zertifikat.jpg\" alt=\"Unternehmen - Auto Kunz AG 3\" class=\"wp-image-6596\" srcset=\"https:\/\/autokunz.ch\/app\/uploads\/2019\/08\/Bisnode-Zertifikat.jpg 967w, https:\/\/autokunz.ch\/app\/uploads\/2019\/08\/Bisnode-Zertifikat-500x353.jpg 500w, https:\/\/autokunz.ch\/app\/uploads\/2019\/08\/Bisnode-Zertifikat-768x542.jpg 768w\" sizes=\"(max-width: 967px) 100vw, 967px\" \/><\/figure>\n\n\n\n<p><\/p>\n<\/div>\n<\/div>\n","protected":false},"excerpt":{"rendered":"<p>Rating Certificate de l\u2019agence de notation Dun &amp; Bradstreet (Bisnode) Rien moins que la plus grande agence de notation du monde, Dun &amp; Bradstreet (distribu\u00e9e par Bisnode), nous a d\u00e9j\u00e0 attribu\u00e9 plusieurs fois la meilleure note. Sur les 5\u2019000 garages en Suisse, seuls 2 \u00e0 3 re\u00e7oivent ce prix. Nous en sommes fiers et pour &hellip; <a class=\"text-button text-button--primary text-button--no-arrow\" href=\"https:\/\/autokunz.ch\/fr\/entreprise\/rating-certificate\/\">continue<\/a><\/p>\n","protected":false},"author":4,"featured_media":11386,"parent":11062,"menu_order":6,"comment_status":"closed","ping_status":"closed","template":"","meta":{"_acf_changed":false,"footnotes":""},"class_list":["post-11090","page","type-page","status-publish","has-post-thumbnail","hentry"],"acf":[],"yoast_head":"<!-- This site is optimized with the Yoast SEO plugin v27.0 - https:\/\/yoast.com\/product\/yoast-seo-wordpress\/ -->\n<title>Unsere Auszeichnungen - darauf sind wir stolz - Auto Kunz AG<\/title>\n<meta name=\"description\" content=\"Wir sind Stolz auf unsere Auszeichnungen. F\u00fcr uns bedeuten diese Auszeichnungen: Sicherheit, Qualit\u00e4t, Kontinuit\u00e4t und Professionalit\u00e4t.\" \/>\n<meta name=\"robots\" content=\"index, follow, max-snippet:-1, max-image-preview:large, max-video-preview:-1\" \/>\n<link rel=\"canonical\" href=\"https:\/\/autokunz.ch\/fr\/entreprise\/rating-certificate\/\" \/>\n<meta property=\"og:locale\" content=\"fr_FR\" \/>\n<meta property=\"og:type\" content=\"article\" \/>\n<meta property=\"og:title\" content=\"Unsere Auszeichnungen - darauf sind wir stolz - Auto Kunz AG\" \/>\n<meta property=\"og:description\" content=\"Wir sind Stolz auf unsere Auszeichnungen. F\u00fcr uns bedeuten diese Auszeichnungen: Sicherheit, Qualit\u00e4t, Kontinuit\u00e4t und Professionalit\u00e4t.\" \/>\n<meta property=\"og:url\" content=\"https:\/\/autokunz.ch\/fr\/entreprise\/rating-certificate\/\" \/>\n<meta property=\"og:site_name\" content=\"Auto Kunz\" \/>\n<meta property=\"article:publisher\" content=\"https:\/\/www.facebook.com\/AutoKunzAG\" \/>\n<meta property=\"article:modified_time\" content=\"2019-09-13T09:47:05+00:00\" \/>\n<meta property=\"og:image\" content=\"https:\/\/autokunz.ch\/app\/uploads\/2019\/08\/auszeichnungen.jpg\" \/>\n\t<meta property=\"og:image:width\" content=\"1536\" \/>\n\t<meta property=\"og:image:height\" content=\"1024\" \/>\n\t<meta property=\"og:image:type\" content=\"image\/jpeg\" \/>\n<meta name=\"twitter:card\" content=\"summary_large_image\" \/>\n<meta name=\"twitter:site\" content=\"@autokunzag\" \/>\n<meta name=\"twitter:label1\" content=\"Est. reading time\" \/>\n\t<meta name=\"twitter:data1\" content=\"1 minute\" \/>\n<script type=\"application\/ld+json\" class=\"yoast-schema-graph\">{\"@context\":\"https:\/\/schema.org\",\"@graph\":[{\"@type\":\"WebPage\",\"@id\":\"https:\/\/autokunz.ch\/fr\/entreprise\/rating-certificate\/\",\"url\":\"https:\/\/autokunz.ch\/fr\/entreprise\/rating-certificate\/\",\"name\":\"Unsere Auszeichnungen - darauf sind wir stolz - Auto Kunz AG\",\"isPartOf\":{\"@id\":\"https:\/\/autokunz.ch\/#website\"},\"primaryImageOfPage\":{\"@id\":\"https:\/\/autokunz.ch\/fr\/entreprise\/rating-certificate\/#primaryimage\"},\"image\":{\"@id\":\"https:\/\/autokunz.ch\/fr\/entreprise\/rating-certificate\/#primaryimage\"},\"thumbnailUrl\":\"https:\/\/autokunz.ch\/app\/uploads\/2019\/08\/auszeichnungen.jpg\",\"datePublished\":\"2019-08-05T12:53:42+00:00\",\"dateModified\":\"2019-09-13T09:47:05+00:00\",\"description\":\"Wir sind Stolz auf unsere Auszeichnungen. F\u00fcr uns bedeuten diese Auszeichnungen: Sicherheit, Qualit\u00e4t, Kontinuit\u00e4t und Professionalit\u00e4t.\",\"breadcrumb\":{\"@id\":\"https:\/\/autokunz.ch\/fr\/entreprise\/rating-certificate\/#breadcrumb\"},\"inLanguage\":\"fr-FR\",\"potentialAction\":[{\"@type\":\"ReadAction\",\"target\":[\"https:\/\/autokunz.ch\/fr\/entreprise\/rating-certificate\/\"]}]},{\"@type\":\"ImageObject\",\"inLanguage\":\"fr-FR\",\"@id\":\"https:\/\/autokunz.ch\/fr\/entreprise\/rating-certificate\/#primaryimage\",\"url\":\"https:\/\/autokunz.ch\/app\/uploads\/2019\/08\/auszeichnungen.jpg\",\"contentUrl\":\"https:\/\/autokunz.ch\/app\/uploads\/2019\/08\/auszeichnungen.jpg\",\"width\":1536,\"height\":1024,\"caption\":\"Auszeichnungen - Auto Kunz AG 1\"},{\"@type\":\"BreadcrumbList\",\"@id\":\"https:\/\/autokunz.ch\/fr\/entreprise\/rating-certificate\/#breadcrumb\",\"itemListElement\":[{\"@type\":\"ListItem\",\"position\":1,\"name\":\"Home\",\"item\":\"https:\/\/autokunz.ch\/fr\/\"},{\"@type\":\"ListItem\",\"position\":2,\"name\":\"Entreprise\",\"item\":\"https:\/\/autokunz.ch\/fr\/entreprise\/\"},{\"@type\":\"ListItem\",\"position\":3,\"name\":\"Rating Certificate\"}]},{\"@type\":\"WebSite\",\"@id\":\"https:\/\/autokunz.ch\/#website\",\"url\":\"https:\/\/autokunz.ch\/\",\"name\":\"Auto Kunz\",\"description\":\"\u00dcber 500 Autos, die tiefsten Preise der Schweiz\",\"publisher\":{\"@id\":\"https:\/\/autokunz.ch\/#organization\"},\"potentialAction\":[{\"@type\":\"SearchAction\",\"target\":{\"@type\":\"EntryPoint\",\"urlTemplate\":\"https:\/\/autokunz.ch\/?s={search_term_string}\"},\"query-input\":{\"@type\":\"PropertyValueSpecification\",\"valueRequired\":true,\"valueName\":\"search_term_string\"}}],\"inLanguage\":\"fr-FR\"},{\"@type\":\"Organization\",\"@id\":\"https:\/\/autokunz.ch\/#organization\",\"name\":\"Auto Kunz AG\",\"url\":\"https:\/\/autokunz.ch\/\",\"logo\":{\"@type\":\"ImageObject\",\"inLanguage\":\"fr-FR\",\"@id\":\"https:\/\/autokunz.ch\/#\/schema\/logo\/image\/\",\"url\":\"https:\/\/autokunz.ch\/app\/uploads\/2021\/07\/autokunz-ag-wohlen-logo.png\",\"contentUrl\":\"https:\/\/autokunz.ch\/app\/uploads\/2021\/07\/autokunz-ag-wohlen-logo.png\",\"width\":530,\"height\":79,\"caption\":\"Auto Kunz AG\"},\"image\":{\"@id\":\"https:\/\/autokunz.ch\/#\/schema\/logo\/image\/\"},\"sameAs\":[\"https:\/\/www.facebook.com\/AutoKunzAG\",\"https:\/\/x.com\/autokunzag\",\"https:\/\/www.instagram.com\/autokunz.ch\/\",\"https:\/\/www.linkedin.com\/company\/9463486?trk=tyah&amp;amp;amp;trkInfo=clickedVertical:company,idx:1-1-1,tarId:1434043483672,tas:auto kunz\",\"https:\/\/www.pinterest.com\/autokunzag\/\",\"https:\/\/www.youtube.com\/channel\/UCsS22A2abuuzGxbmhsPm-6g\"]}]}<\/script>\n<!-- \/ Yoast SEO plugin. -->","yoast_head_json":{"title":"Unsere Auszeichnungen - darauf sind wir stolz - Auto Kunz AG","description":"Wir sind Stolz auf unsere Auszeichnungen. F\u00fcr uns bedeuten diese Auszeichnungen: Sicherheit, Qualit\u00e4t, Kontinuit\u00e4t und Professionalit\u00e4t.","robots":{"index":"index","follow":"follow","max-snippet":"max-snippet:-1","max-image-preview":"max-image-preview:large","max-video-preview":"max-video-preview:-1"},"canonical":"https:\/\/autokunz.ch\/fr\/entreprise\/rating-certificate\/","og_locale":"fr_FR","og_type":"article","og_title":"Unsere Auszeichnungen - darauf sind wir stolz - Auto Kunz AG","og_description":"Wir sind Stolz auf unsere Auszeichnungen. F\u00fcr uns bedeuten diese Auszeichnungen: Sicherheit, Qualit\u00e4t, Kontinuit\u00e4t und Professionalit\u00e4t.","og_url":"https:\/\/autokunz.ch\/fr\/entreprise\/rating-certificate\/","og_site_name":"Auto Kunz","article_publisher":"https:\/\/www.facebook.com\/AutoKunzAG","article_modified_time":"2019-09-13T09:47:05+00:00","og_image":[{"width":1536,"height":1024,"url":"https:\/\/autokunz.ch\/app\/uploads\/2019\/08\/auszeichnungen.jpg","type":"image\/jpeg"}],"twitter_card":"summary_large_image","twitter_site":"@autokunzag","twitter_misc":{"Est. reading time":"1 minute"},"schema":{"@context":"https:\/\/schema.org","@graph":[{"@type":"WebPage","@id":"https:\/\/autokunz.ch\/fr\/entreprise\/rating-certificate\/","url":"https:\/\/autokunz.ch\/fr\/entreprise\/rating-certificate\/","name":"Unsere Auszeichnungen - darauf sind wir stolz - Auto Kunz AG","isPartOf":{"@id":"https:\/\/autokunz.ch\/#website"},"primaryImageOfPage":{"@id":"https:\/\/autokunz.ch\/fr\/entreprise\/rating-certificate\/#primaryimage"},"image":{"@id":"https:\/\/autokunz.ch\/fr\/entreprise\/rating-certificate\/#primaryimage"},"thumbnailUrl":"https:\/\/autokunz.ch\/app\/uploads\/2019\/08\/auszeichnungen.jpg","datePublished":"2019-08-05T12:53:42+00:00","dateModified":"2019-09-13T09:47:05+00:00","description":"Wir sind Stolz auf unsere Auszeichnungen. F\u00fcr uns bedeuten diese Auszeichnungen: Sicherheit, Qualit\u00e4t, Kontinuit\u00e4t und Professionalit\u00e4t.","breadcrumb":{"@id":"https:\/\/autokunz.ch\/fr\/entreprise\/rating-certificate\/#breadcrumb"},"inLanguage":"fr-FR","potentialAction":[{"@type":"ReadAction","target":["https:\/\/autokunz.ch\/fr\/entreprise\/rating-certificate\/"]}]},{"@type":"ImageObject","inLanguage":"fr-FR","@id":"https:\/\/autokunz.ch\/fr\/entreprise\/rating-certificate\/#primaryimage","url":"https:\/\/autokunz.ch\/app\/uploads\/2019\/08\/auszeichnungen.jpg","contentUrl":"https:\/\/autokunz.ch\/app\/uploads\/2019\/08\/auszeichnungen.jpg","width":1536,"height":1024,"caption":"Auszeichnungen - Auto Kunz AG 1"},{"@type":"BreadcrumbList","@id":"https:\/\/autokunz.ch\/fr\/entreprise\/rating-certificate\/#breadcrumb","itemListElement":[{"@type":"ListItem","position":1,"name":"Home","item":"https:\/\/autokunz.ch\/fr\/"},{"@type":"ListItem","position":2,"name":"Entreprise","item":"https:\/\/autokunz.ch\/fr\/entreprise\/"},{"@type":"ListItem","position":3,"name":"Rating Certificate"}]},{"@type":"WebSite","@id":"https:\/\/autokunz.ch\/#website","url":"https:\/\/autokunz.ch\/","name":"Auto Kunz","description":"\u00dcber 500 Autos, die tiefsten Preise der Schweiz","publisher":{"@id":"https:\/\/autokunz.ch\/#organization"},"potentialAction":[{"@type":"SearchAction","target":{"@type":"EntryPoint","urlTemplate":"https:\/\/autokunz.ch\/?s={search_term_string}"},"query-input":{"@type":"PropertyValueSpecification","valueRequired":true,"valueName":"search_term_string"}}],"inLanguage":"fr-FR"},{"@type":"Organization","@id":"https:\/\/autokunz.ch\/#organization","name":"Auto Kunz AG","url":"https:\/\/autokunz.ch\/","logo":{"@type":"ImageObject","inLanguage":"fr-FR","@id":"https:\/\/autokunz.ch\/#\/schema\/logo\/image\/","url":"https:\/\/autokunz.ch\/app\/uploads\/2021\/07\/autokunz-ag-wohlen-logo.png","contentUrl":"https:\/\/autokunz.ch\/app\/uploads\/2021\/07\/autokunz-ag-wohlen-logo.png","width":530,"height":79,"caption":"Auto Kunz AG"},"image":{"@id":"https:\/\/autokunz.ch\/#\/schema\/logo\/image\/"},"sameAs":["https:\/\/www.facebook.com\/AutoKunzAG","https:\/\/x.com\/autokunzag","https:\/\/www.instagram.com\/autokunz.ch\/","https:\/\/www.linkedin.com\/company\/9463486?trk=tyah&amp;amp;amp;trkInfo=clickedVertical:company,idx:1-1-1,tarId:1434043483672,tas:auto kunz","https:\/\/www.pinterest.com\/autokunzag\/","https:\/\/www.youtube.com\/channel\/UCsS22A2abuuzGxbmhsPm-6g"]}]}},"_links":{"self":[{"href":"https:\/\/autokunz.ch\/fr\/wp-json\/wp\/v2\/pages\/11090","targetHints":{"allow":["GET"]}}],"collection":[{"href":"https:\/\/autokunz.ch\/fr\/wp-json\/wp\/v2\/pages"}],"about":[{"href":"https:\/\/autokunz.ch\/fr\/wp-json\/wp\/v2\/types\/page"}],"author":[{"embeddable":true,"href":"https:\/\/autokunz.ch\/fr\/wp-json\/wp\/v2\/users\/4"}],"replies":[{"embeddable":true,"href":"https:\/\/autokunz.ch\/fr\/wp-json\/wp\/v2\/comments?post=11090"}],"version-history":[{"count":3,"href":"https:\/\/autokunz.ch\/fr\/wp-json\/wp\/v2\/pages\/11090\/revisions"}],"predecessor-version":[{"id":1488460,"href":"https:\/\/autokunz.ch\/fr\/wp-json\/wp\/v2\/pages\/11090\/revisions\/1488460"}],"up":[{"embeddable":true,"href":"https:\/\/autokunz.ch\/fr\/wp-json\/wp\/v2\/pages\/11062"}],"wp:featuredmedia":[{"embeddable":true,"href":"https:\/\/autokunz.ch\/fr\/wp-json\/wp\/v2\/media\/11386"}],"wp:attachment":[{"href":"https:\/\/autokunz.ch\/fr\/wp-json\/wp\/v2\/media?parent=11090"}],"curies":[{"name":"wp","href":"https:\/\/api.w.org\/{rel}","templated":true}]}}