{"id":1491600,"date":"2019-09-17T18:08:11","date_gmt":"2019-09-17T16:08:11","guid":{"rendered":"https:\/\/autokunz.ch\/?page_id=1491600"},"modified":"2019-09-18T14:14:46","modified_gmt":"2019-09-18T12:14:46","slug":"apprentissage-et-stage","status":"publish","type":"page","link":"https:\/\/autokunz.ch\/fr\/entreprise\/apprentissage-et-stage\/","title":{"rendered":"Apprentissage et stage"},"content":{"rendered":"\n<div class=\"wp-block-columns has-2-columns is-layout-flex wp-container-core-columns-is-layout-9d6595d7 wp-block-columns-is-layout-flex\">\n<div class=\"wp-block-column is-layout-flow wp-block-column-is-layout-flow\">\n<h2 class=\"wp-block-heading\">OFFRES D&#8217;EMPLOI CHEZ AUTO KUNZ<\/h2>\n\n\n\n<h3 class=\"wp-block-heading\">Plein cap sur l\u2019objectif \u2013 <br>Les emplois chez Auto Kunz AG<\/h3>\n\n\n\n<p>Vous \u00eates \u00e0 la recherche d\u2019un job sympa? Sachez qu\u2019Auto Kunz AG cr\u00e9e des emplois. Nous accordons une grande valeur, outre l\u2019apprentissage, \u00e0 la promotion constante et \u00e0 la formation de chacun de nos collaborateurs car ils sont notre principale richesse. Pour nous, la s\u00e9curit\u00e9 de l\u2019emploi est un imp\u00e9ratif et nous n\u2019avons jamais r\u00e9duit nos effectifs depuis <a href=\"https:\/\/autokunz.ch\/fr\/entreprise\/histoire\/\">la fondation de notre soci\u00e9t\u00e9<\/a>; au contraire, nous cr\u00e9ons chaque ann\u00e9e de nouveaux postes.<\/p>\n\n\n\n<p>Beaucoup de gens aimeraient travailler chez Auto Kunz AG du fait des opportunit\u00e9s et des conditions de travail confortables que nous offrons \u00e0 nos employ\u00e9s et parce que, quel que soit l\u2019\u00e9chelon qu\u2019ils occupent, ces derniers peuvent prendre des parts dans la soci\u00e9t\u00e9. Un grand nombre d\u2019excellents vendeurs automobiles ont fait carri\u00e8re chez Auto Kunz. A l\u2019inverse, certains de nos anciens apprentis dipl\u00f4m\u00e9s ont fait des \u00e9tincelles dans d\u2019autres entreprises du secteur. Les membres de notre personnel appr\u00e9cient aussi particuli\u00e8rement la relation de proximit\u00e9 qui les lie aux propri\u00e9taires de l\u2019entreprise.<\/p>\n\n\n\n<h6 class=\"wp-block-heading\"><strong>Stages et apprentissages ouverts: un employeur fiable et s\u00fbr pour votre avenir<\/strong><\/h6>\n\n\n\n<p>En tant qu&#8217;employeur fiable et s\u00e9curis\u00e9, nous cr\u00e9ons des emplois et des apprentissages depuis la cr\u00e9ation de l&#8217;entreprise. Chaque ann\u00e9e, nous formons entre 6 et 9 apprentis. Vous recherchez un apprentissage? Informez-vous ici de notre apprentissage ouvert!  <\/p>\n\n\n\n<h6 class=\"wp-block-heading\"><strong>Vous ne trouvez pas de job adapt\u00e9?<\/strong><\/h6>\n\n\n\n<p>Envoyez-nous une candidature spontan\u00e9e, m\u00eame si vous ne trouvez pas ci-dessous d\u2019offre d\u2019emploi appropri\u00e9e! Nous sommes constamment \u00e0 la recherche des meilleurs collaborateurs dans tous les domaines du secteur automobile!\u00a0 N\u2019h\u00e9sitez pas \u00e0 mettre \u00e0 <a href=\"mailto:info@autokunz.ch\">notre disposition tous les documents n\u00e9cessaires<\/a> vous concernant et nous prendrons contact avec vous d\u00e8s qu\u2019un poste appropri\u00e9 se lib\u00e8rera!<\/p>\n\n\n\n<div class=\"wp-block-button is-style-button--gray\"><a class=\"wp-block-button__link\" href=\"https:\/\/autokunz.ch\/unternehmen\/lehrstellen-und-praktikum\/\"> offres d&#8217;emploi \/<br>postes vacants<\/a><\/div>\n<\/div>\n\n\n\n<div class=\"wp-block-column is-layout-flow wp-block-column-is-layout-flow\">\n<figure class=\"wp-block-image\"><img decoding=\"async\" width=\"1366\" height=\"1024\" src=\"https:\/\/autokunz.ch\/app\/uploads\/2019\/08\/stellen-3-1366x1024.jpeg\" alt=\"Stellen - Auto Kunz AG 7\" class=\"wp-image-10059\" srcset=\"https:\/\/autokunz.ch\/app\/uploads\/2019\/08\/stellen-3-1366x1024.jpeg 1366w, https:\/\/autokunz.ch\/app\/uploads\/2019\/08\/stellen-3-471x353.jpeg 471w, https:\/\/autokunz.ch\/app\/uploads\/2019\/08\/stellen-3-768x576.jpeg 768w, https:\/\/autokunz.ch\/app\/uploads\/2019\/08\/stellen-3.jpeg 1536w\" sizes=\"(max-width: 1366px) 100vw, 1366px\" \/><\/figure>\n<\/div>\n<\/div>\n\n\n\n<hr class=\"wp-block-separator\"\/>\n\n\n\n<p><\/p>\n","protected":false},"excerpt":{"rendered":"<p>OFFRES D&#8217;EMPLOI CHEZ AUTO KUNZ Plein cap sur l\u2019objectif \u2013 Les emplois chez Auto Kunz AG Vous \u00eates \u00e0 la recherche d\u2019un job sympa? Sachez qu\u2019Auto Kunz AG cr\u00e9e des emplois. Nous accordons une grande valeur, outre l\u2019apprentissage, \u00e0 la promotion constante et \u00e0 la formation de chacun de nos collaborateurs car ils sont notre &hellip; <a class=\"text-button text-button--primary text-button--no-arrow\" href=\"https:\/\/autokunz.ch\/fr\/entreprise\/apprentissage-et-stage\/\">continue<\/a><\/p>\n","protected":false},"author":4,"featured_media":8037,"parent":11062,"menu_order":8,"comment_status":"closed","ping_status":"closed","template":"views\/template-jobs.blade.php","meta":{"_acf_changed":false,"footnotes":""},"class_list":["post-1491600","page","type-page","status-publish","has-post-thumbnail","hentry"],"acf":[],"yoast_head":"<!-- This site is optimized with the Yoast SEO plugin v27.0 - https:\/\/yoast.com\/product\/yoast-seo-wordpress\/ -->\n<title>Jobs bei Auto Kunz AG - Mit Engagement zum Ziel<\/title>\n<meta name=\"description\" content=\"Auto Kunz schafft neue Jobs! Neben einer sorgf\u00e4ltigen Einarbeitung legen wir grossen Wert auf st\u00e4ndige F\u00f6rderung und Schulung jedes einzelnen.\" \/>\n<meta name=\"robots\" content=\"index, follow, max-snippet:-1, max-image-preview:large, max-video-preview:-1\" \/>\n<link rel=\"canonical\" href=\"https:\/\/autokunz.ch\/fr\/entreprise\/apprentissage-et-stage\/\" \/>\n<meta property=\"og:locale\" content=\"fr_FR\" \/>\n<meta property=\"og:type\" content=\"article\" \/>\n<meta property=\"og:title\" content=\"Jobs bei Auto Kunz AG - Mit Engagement zum Ziel\" \/>\n<meta property=\"og:description\" content=\"Auto Kunz schafft neue Jobs! Neben einer sorgf\u00e4ltigen Einarbeitung legen wir grossen Wert auf st\u00e4ndige F\u00f6rderung und Schulung jedes einzelnen.\" \/>\n<meta property=\"og:url\" content=\"https:\/\/autokunz.ch\/fr\/entreprise\/apprentissage-et-stage\/\" \/>\n<meta property=\"og:site_name\" content=\"Auto Kunz\" \/>\n<meta property=\"article:publisher\" content=\"https:\/\/www.facebook.com\/AutoKunzAG\" \/>\n<meta property=\"article:modified_time\" content=\"2019-09-18T12:14:46+00:00\" \/>\n<meta property=\"og:image\" content=\"https:\/\/autokunz.ch\/app\/uploads\/2019\/08\/1.4.4-Jobs.jpeg\" \/>\n\t<meta property=\"og:image:width\" content=\"1536\" \/>\n\t<meta property=\"og:image:height\" content=\"1025\" \/>\n\t<meta property=\"og:image:type\" content=\"image\/jpeg\" \/>\n<meta name=\"twitter:card\" content=\"summary_large_image\" \/>\n<meta name=\"twitter:site\" content=\"@autokunzag\" \/>\n<meta name=\"twitter:label1\" content=\"Est. reading time\" \/>\n\t<meta name=\"twitter:data1\" content=\"2 minutes\" \/>\n<script type=\"application\/ld+json\" class=\"yoast-schema-graph\">{\"@context\":\"https:\/\/schema.org\",\"@graph\":[{\"@type\":\"WebPage\",\"@id\":\"https:\/\/autokunz.ch\/fr\/entreprise\/apprentissage-et-stage\/\",\"url\":\"https:\/\/autokunz.ch\/fr\/entreprise\/apprentissage-et-stage\/\",\"name\":\"Jobs bei Auto Kunz AG - Mit Engagement zum Ziel\",\"isPartOf\":{\"@id\":\"https:\/\/autokunz.ch\/#website\"},\"primaryImageOfPage\":{\"@id\":\"https:\/\/autokunz.ch\/fr\/entreprise\/apprentissage-et-stage\/#primaryimage\"},\"image\":{\"@id\":\"https:\/\/autokunz.ch\/fr\/entreprise\/apprentissage-et-stage\/#primaryimage\"},\"thumbnailUrl\":\"https:\/\/autokunz.ch\/app\/uploads\/2019\/08\/1.4.4-Jobs.jpeg\",\"datePublished\":\"2019-09-17T16:08:11+00:00\",\"dateModified\":\"2019-09-18T12:14:46+00:00\",\"description\":\"Auto Kunz schafft neue Jobs! Neben einer sorgf\u00e4ltigen Einarbeitung legen wir grossen Wert auf st\u00e4ndige F\u00f6rderung und Schulung jedes einzelnen.\",\"breadcrumb\":{\"@id\":\"https:\/\/autokunz.ch\/fr\/entreprise\/apprentissage-et-stage\/#breadcrumb\"},\"inLanguage\":\"fr-FR\",\"potentialAction\":[{\"@type\":\"ReadAction\",\"target\":[\"https:\/\/autokunz.ch\/fr\/entreprise\/apprentissage-et-stage\/\"]}]},{\"@type\":\"ImageObject\",\"inLanguage\":\"fr-FR\",\"@id\":\"https:\/\/autokunz.ch\/fr\/entreprise\/apprentissage-et-stage\/#primaryimage\",\"url\":\"https:\/\/autokunz.ch\/app\/uploads\/2019\/08\/1.4.4-Jobs.jpeg\",\"contentUrl\":\"https:\/\/autokunz.ch\/app\/uploads\/2019\/08\/1.4.4-Jobs.jpeg\",\"width\":1536,\"height\":1025,\"caption\":\"Emplois - Auto Kunz AG 1\"},{\"@type\":\"BreadcrumbList\",\"@id\":\"https:\/\/autokunz.ch\/fr\/entreprise\/apprentissage-et-stage\/#breadcrumb\",\"itemListElement\":[{\"@type\":\"ListItem\",\"position\":1,\"name\":\"Home\",\"item\":\"https:\/\/autokunz.ch\/fr\/\"},{\"@type\":\"ListItem\",\"position\":2,\"name\":\"Entreprise\",\"item\":\"https:\/\/autokunz.ch\/fr\/entreprise\/\"},{\"@type\":\"ListItem\",\"position\":3,\"name\":\"Apprentissage et stage\"}]},{\"@type\":\"WebSite\",\"@id\":\"https:\/\/autokunz.ch\/#website\",\"url\":\"https:\/\/autokunz.ch\/\",\"name\":\"Auto Kunz\",\"description\":\"\u00dcber 500 Autos, die tiefsten Preise der Schweiz\",\"publisher\":{\"@id\":\"https:\/\/autokunz.ch\/#organization\"},\"potentialAction\":[{\"@type\":\"SearchAction\",\"target\":{\"@type\":\"EntryPoint\",\"urlTemplate\":\"https:\/\/autokunz.ch\/?s={search_term_string}\"},\"query-input\":{\"@type\":\"PropertyValueSpecification\",\"valueRequired\":true,\"valueName\":\"search_term_string\"}}],\"inLanguage\":\"fr-FR\"},{\"@type\":\"Organization\",\"@id\":\"https:\/\/autokunz.ch\/#organization\",\"name\":\"Auto Kunz AG\",\"url\":\"https:\/\/autokunz.ch\/\",\"logo\":{\"@type\":\"ImageObject\",\"inLanguage\":\"fr-FR\",\"@id\":\"https:\/\/autokunz.ch\/#\/schema\/logo\/image\/\",\"url\":\"https:\/\/autokunz.ch\/app\/uploads\/2021\/07\/autokunz-ag-wohlen-logo.png\",\"contentUrl\":\"https:\/\/autokunz.ch\/app\/uploads\/2021\/07\/autokunz-ag-wohlen-logo.png\",\"width\":530,\"height\":79,\"caption\":\"Auto Kunz AG\"},\"image\":{\"@id\":\"https:\/\/autokunz.ch\/#\/schema\/logo\/image\/\"},\"sameAs\":[\"https:\/\/www.facebook.com\/AutoKunzAG\",\"https:\/\/x.com\/autokunzag\",\"https:\/\/www.instagram.com\/autokunz.ch\/\",\"https:\/\/www.linkedin.com\/company\/9463486?trk=tyah&amp;amp;amp;trkInfo=clickedVertical:company,idx:1-1-1,tarId:1434043483672,tas:auto kunz\",\"https:\/\/www.pinterest.com\/autokunzag\/\",\"https:\/\/www.youtube.com\/channel\/UCsS22A2abuuzGxbmhsPm-6g\"]}]}<\/script>\n<!-- \/ Yoast SEO plugin. -->","yoast_head_json":{"title":"Jobs bei Auto Kunz AG - Mit Engagement zum Ziel","description":"Auto Kunz schafft neue Jobs! Neben einer sorgf\u00e4ltigen Einarbeitung legen wir grossen Wert auf st\u00e4ndige F\u00f6rderung und Schulung jedes einzelnen.","robots":{"index":"index","follow":"follow","max-snippet":"max-snippet:-1","max-image-preview":"max-image-preview:large","max-video-preview":"max-video-preview:-1"},"canonical":"https:\/\/autokunz.ch\/fr\/entreprise\/apprentissage-et-stage\/","og_locale":"fr_FR","og_type":"article","og_title":"Jobs bei Auto Kunz AG - Mit Engagement zum Ziel","og_description":"Auto Kunz schafft neue Jobs! Neben einer sorgf\u00e4ltigen Einarbeitung legen wir grossen Wert auf st\u00e4ndige F\u00f6rderung und Schulung jedes einzelnen.","og_url":"https:\/\/autokunz.ch\/fr\/entreprise\/apprentissage-et-stage\/","og_site_name":"Auto Kunz","article_publisher":"https:\/\/www.facebook.com\/AutoKunzAG","article_modified_time":"2019-09-18T12:14:46+00:00","og_image":[{"width":1536,"height":1025,"url":"https:\/\/autokunz.ch\/app\/uploads\/2019\/08\/1.4.4-Jobs.jpeg","type":"image\/jpeg"}],"twitter_card":"summary_large_image","twitter_site":"@autokunzag","twitter_misc":{"Est. reading time":"2 minutes"},"schema":{"@context":"https:\/\/schema.org","@graph":[{"@type":"WebPage","@id":"https:\/\/autokunz.ch\/fr\/entreprise\/apprentissage-et-stage\/","url":"https:\/\/autokunz.ch\/fr\/entreprise\/apprentissage-et-stage\/","name":"Jobs bei Auto Kunz AG - Mit Engagement zum Ziel","isPartOf":{"@id":"https:\/\/autokunz.ch\/#website"},"primaryImageOfPage":{"@id":"https:\/\/autokunz.ch\/fr\/entreprise\/apprentissage-et-stage\/#primaryimage"},"image":{"@id":"https:\/\/autokunz.ch\/fr\/entreprise\/apprentissage-et-stage\/#primaryimage"},"thumbnailUrl":"https:\/\/autokunz.ch\/app\/uploads\/2019\/08\/1.4.4-Jobs.jpeg","datePublished":"2019-09-17T16:08:11+00:00","dateModified":"2019-09-18T12:14:46+00:00","description":"Auto Kunz schafft neue Jobs! Neben einer sorgf\u00e4ltigen Einarbeitung legen wir grossen Wert auf st\u00e4ndige F\u00f6rderung und Schulung jedes einzelnen.","breadcrumb":{"@id":"https:\/\/autokunz.ch\/fr\/entreprise\/apprentissage-et-stage\/#breadcrumb"},"inLanguage":"fr-FR","potentialAction":[{"@type":"ReadAction","target":["https:\/\/autokunz.ch\/fr\/entreprise\/apprentissage-et-stage\/"]}]},{"@type":"ImageObject","inLanguage":"fr-FR","@id":"https:\/\/autokunz.ch\/fr\/entreprise\/apprentissage-et-stage\/#primaryimage","url":"https:\/\/autokunz.ch\/app\/uploads\/2019\/08\/1.4.4-Jobs.jpeg","contentUrl":"https:\/\/autokunz.ch\/app\/uploads\/2019\/08\/1.4.4-Jobs.jpeg","width":1536,"height":1025,"caption":"Emplois - Auto Kunz AG 1"},{"@type":"BreadcrumbList","@id":"https:\/\/autokunz.ch\/fr\/entreprise\/apprentissage-et-stage\/#breadcrumb","itemListElement":[{"@type":"ListItem","position":1,"name":"Home","item":"https:\/\/autokunz.ch\/fr\/"},{"@type":"ListItem","position":2,"name":"Entreprise","item":"https:\/\/autokunz.ch\/fr\/entreprise\/"},{"@type":"ListItem","position":3,"name":"Apprentissage et stage"}]},{"@type":"WebSite","@id":"https:\/\/autokunz.ch\/#website","url":"https:\/\/autokunz.ch\/","name":"Auto Kunz","description":"\u00dcber 500 Autos, die tiefsten Preise der Schweiz","publisher":{"@id":"https:\/\/autokunz.ch\/#organization"},"potentialAction":[{"@type":"SearchAction","target":{"@type":"EntryPoint","urlTemplate":"https:\/\/autokunz.ch\/?s={search_term_string}"},"query-input":{"@type":"PropertyValueSpecification","valueRequired":true,"valueName":"search_term_string"}}],"inLanguage":"fr-FR"},{"@type":"Organization","@id":"https:\/\/autokunz.ch\/#organization","name":"Auto Kunz AG","url":"https:\/\/autokunz.ch\/","logo":{"@type":"ImageObject","inLanguage":"fr-FR","@id":"https:\/\/autokunz.ch\/#\/schema\/logo\/image\/","url":"https:\/\/autokunz.ch\/app\/uploads\/2021\/07\/autokunz-ag-wohlen-logo.png","contentUrl":"https:\/\/autokunz.ch\/app\/uploads\/2021\/07\/autokunz-ag-wohlen-logo.png","width":530,"height":79,"caption":"Auto Kunz AG"},"image":{"@id":"https:\/\/autokunz.ch\/#\/schema\/logo\/image\/"},"sameAs":["https:\/\/www.facebook.com\/AutoKunzAG","https:\/\/x.com\/autokunzag","https:\/\/www.instagram.com\/autokunz.ch\/","https:\/\/www.linkedin.com\/company\/9463486?trk=tyah&amp;amp;amp;trkInfo=clickedVertical:company,idx:1-1-1,tarId:1434043483672,tas:auto kunz","https:\/\/www.pinterest.com\/autokunzag\/","https:\/\/www.youtube.com\/channel\/UCsS22A2abuuzGxbmhsPm-6g"]}]}},"_links":{"self":[{"href":"https:\/\/autokunz.ch\/fr\/wp-json\/wp\/v2\/pages\/1491600","targetHints":{"allow":["GET"]}}],"collection":[{"href":"https:\/\/autokunz.ch\/fr\/wp-json\/wp\/v2\/pages"}],"about":[{"href":"https:\/\/autokunz.ch\/fr\/wp-json\/wp\/v2\/types\/page"}],"author":[{"embeddable":true,"href":"https:\/\/autokunz.ch\/fr\/wp-json\/wp\/v2\/users\/4"}],"replies":[{"embeddable":true,"href":"https:\/\/autokunz.ch\/fr\/wp-json\/wp\/v2\/comments?post=1491600"}],"version-history":[{"count":3,"href":"https:\/\/autokunz.ch\/fr\/wp-json\/wp\/v2\/pages\/1491600\/revisions"}],"predecessor-version":[{"id":1493121,"href":"https:\/\/autokunz.ch\/fr\/wp-json\/wp\/v2\/pages\/1491600\/revisions\/1493121"}],"up":[{"embeddable":true,"href":"https:\/\/autokunz.ch\/fr\/wp-json\/wp\/v2\/pages\/11062"}],"wp:featuredmedia":[{"embeddable":true,"href":"https:\/\/autokunz.ch\/fr\/wp-json\/wp\/v2\/media\/8037"}],"wp:attachment":[{"href":"https:\/\/autokunz.ch\/fr\/wp-json\/wp\/v2\/media?parent=1491600"}],"curies":[{"name":"wp","href":"https:\/\/api.w.org\/{rel}","templated":true}]}}