{"id":1491653,"date":"2019-08-14T17:27:12","date_gmt":"2019-08-14T15:27:12","guid":{"rendered":"https:\/\/autokunz.ch\/entreprise\/impressum\/"},"modified":"2023-09-22T09:29:38","modified_gmt":"2023-09-22T07:29:38","slug":"impressum","status":"publish","type":"page","link":"https:\/\/autokunz.ch\/fr\/entreprise\/impressum\/","title":{"rendered":"Impressum"},"content":{"rendered":"\n<div class=\"wp-block-columns has-2-columns is-layout-flex wp-container-core-columns-is-layout-9d6595d7 wp-block-columns-is-layout-flex\">\n<div class=\"wp-block-column is-layout-flow wp-block-column-is-layout-flow\">\n<h1 class=\"wp-block-heading\">Impressum \/ <strong>Mentions l\u00e9gales<\/strong><\/h1>\n\n\n\n<h3 class=\"wp-block-heading\">1. Qui sommes-nous ?<\/h3>\n\n\n\n<p>Garage Auto Kunz AG<br>Bremgarterstrasse 75<br>5610 Wohlen<br>info@arber-haendler<br>+41 56 622 13 43<\/p>\n\n\n\n<h3 class=\"wp-block-heading\">2. De quoi s&#8217;agit-il ?<\/h3>\n\n\n\n<p>Les pr\u00e9sentes conditions d&#8217;utilisation r\u00e9gissent votre consultation et votre utilisation de notre site web.<br>En acc\u00e9dant \u00e0 notre site web et en l&#8217;utilisant, vous acceptez nos conditions d&#8217;utilisation et confirmez que vous les respectez.<br>Nous publierons sur ce site les modifications que nous apportons \u00e0 nos conditions d&#8217;utilisation. Les conditions d&#8217;utilisation actuellement en vigueur datent du 31 ao\u00fbt 2023.<\/p>\n\n\n\n<h3 class=\"wp-block-heading\">3. Si vous cr\u00e9ez un mot de passe pour votre compteRepr\u00e9sent\u00e9 par:<\/h3>\n\n\n\n<p>Ce site offre aux commer\u00e7ants la possibilit\u00e9 de cr\u00e9er un compte personnel en fournissant certaines informations. Dans ce cas, il vous sera demand\u00e9 de choisir une adresse e-mail et un mot de passe.<\/p>\n\n\n\n<p>Vous \u00eates seul responsable de la confidentialit\u00e9 de votre mot de passe. Vous vous engagez \u00e0 ne jamais utiliser le compte, l&#8217;adresse \u00e9lectronique ou le mot de passe d&#8217;un autre titulaire de compte et \u00e0 ne pas divulguer votre mot de passe \u00e0 des tiers. Vous vous engagez \u00e9galement \u00e0 nous informer imm\u00e9diatement si vous pensez que votre compte ou votre mot de passe a \u00e9t\u00e9 utilis\u00e9 de mani\u00e8re non autoris\u00e9e.<\/p>\n\n\n\n<p><\/p>\n\n\n\n<h3 class=\"wp-block-heading\">4. Droits sur notre contenu &#8211; propri\u00e9t\u00e9 intellectuelle  <\/h3>\n\n\n\n<p>Il existe des droits de protection, en particulier des droits d&#8217;auteur, de marque et de design (&#8220;droits de propri\u00e9t\u00e9 intellectuelle&#8221;), sur ce site web et les informations qu&#8217;il contient, les textes, les images, les photos, les clips audio et vid\u00e9o, les designs, les graphiques, les logos, les symboles, les noms, les d\u00e9signations de produits et d&#8217;entreprises, ainsi que sur tous les logiciels de ce site web et tous les autres fichiers, et leur s\u00e9lection et disposition (&#8220;contenu du site web&#8221;). Ces droits de propri\u00e9t\u00e9 intellectuelle nous appartiennent ou appartiennent \u00e0 nos donneurs de licence, sauf s&#8217;il s&#8217;agit de contenus d&#8217;utilisateurs. Le contenu du site web ne peut \u00eatre modifi\u00e9, copi\u00e9, distribu\u00e9, encadr\u00e9, reproduit, publi\u00e9, t\u00e9l\u00e9charg\u00e9, affich\u00e9, post\u00e9, transmis ou vendu, en tout ou en partie, sous quelque forme ou par quelque moyen que ce soit, sans notre autorisation \u00e9crite pr\u00e9alable ; dans le cas du contenu utilisateur, avec le consentement de l&#8217;utilisateur concern\u00e9. En outre, il est interdit de copier tout contenu num\u00e9rique, quel qu&#8217;il soit, dans d&#8217;autres programmes sans notre autorisation \u00e9crite pr\u00e9alable.<\/p>\n\n\n\n<p>Si vous remplissez les conditions d&#8217;utilisation du site web, vous recevez une licence limit\u00e9e dans le temps et dans son \u00e9tendue, conform\u00e9ment \u00e0 la confirmation, pour acc\u00e9der au site web et aux contenus qui y sont pr\u00e9sent\u00e9s, pour les utiliser \u00e0 bon escient et pour t\u00e9l\u00e9charger des contenus ou imprimer une copie des contenus, dans le cadre des contenus payants et aux fins et possibilit\u00e9s autoris\u00e9es par ceux-ci. La licence est soumise aux conditions d&#8217;utilisation et ne couvre pas l&#8217;utilisation de l&#8217;exploration de donn\u00e9es, de robots ou d&#8217;outils similaires pour la collecte et l&#8217;extraction de donn\u00e9es. En dehors de votre propre contenu utilisateur, vous n&#8217;\u00eates pas autoris\u00e9 \u00e0 t\u00e9l\u00e9charger ou \u00e0 republier le contenu de ce site sur des pages Internet, intranet ou extranet, ni \u00e0 l&#8217;int\u00e9grer dans une autre base de donn\u00e9es ou compilation.<\/p>\n\n\n\n<p>Toute autre utilisation du contenu du site web est strictement interdite. Toute utilisation du site web ou du contenu du site web, \u00e0 l&#8217;exception de celle express\u00e9ment autoris\u00e9e par les pr\u00e9sentes, est strictement interdite sans notre autorisation \u00e9crite pr\u00e9alable et entra\u00eene la r\u00e9siliation de la licence accord\u00e9e par les pr\u00e9sentes. Toute utilisation non autoris\u00e9e peut \u00e9galement enfreindre les lois en vigueur, y compris les droits d&#8217;auteur et les droits des marques, ainsi que les r\u00e8gles et r\u00e9glementations applicables en mati\u00e8re de communication. Sauf mention expresse dans le pr\u00e9sent document, les pr\u00e9sentes conditions d&#8217;utilisation ne cr\u00e9ent aucun droit de licence sur les droits de propri\u00e9t\u00e9 intellectuelle.<\/p>\n\n\n\n<h3 class=\"wp-block-heading\">5. Clause de non-responsabilit\u00e9<\/h3>\n\n\n\n<p>Bien que nous nous efforcions de fournir des informations exactes et \u00e0 jour sur le site web, nous ne donnons aucune garantie quant au contenu fourni en tant que tel. En particulier, nous ne garantissons pas que l&#8217;utilisation des contenus sur le site web ne viole pas les droits de tiers.<\/p>\n\n\n\n<p>Nous ne sommes pas non plus responsables des dommages ou des virus qui pourraient endommager votre ordinateur ou d&#8217;autres biens \u00e0 la suite de l&#8217;acc\u00e8s, de l&#8217;utilisation ou de la visite du site. Nous ne sommes pas non plus responsables du mat\u00e9riel, des donn\u00e9es, des textes, des images, des enregistrements vid\u00e9o ou audio t\u00e9l\u00e9charg\u00e9s \u00e0 partir du site.<\/p>\n\n\n\n<p>Nous nous r\u00e9servons le droit d&#8217;interrompre ou de cesser d&#8217;offrir toute fonctionnalit\u00e9 de ce site web \u00e0 tout moment. Nous d\u00e9clinons toute responsabilit\u00e9 en cas d&#8217;interruption ou de suspension de l&#8217;une ou de l&#8217;ensemble des fonctionnalit\u00e9s de ce site, qu&#8217;elle soit due \u00e0 une action ou \u00e0 une absence d&#8217;action de notre part ou de la part d&#8217;un tiers.<\/p>\n\n\n\n<p>Le contenu du site web peut contenir des inexactitudes techniques ou des erreurs typographiques. Nous nous r\u00e9servons le droit d&#8217;apporter des modifications et\/ou des am\u00e9liorations au contenu \u00e0 tout moment et sans notification pr\u00e9alable.<\/p>\n\n\n\n<p>Nous n&#8217;assumons aucune responsabilit\u00e9 pour les sites tiers qui renvoient \u00e0 notre site ou auxquels ce site renvoie, ni pour les liens publi\u00e9s en tant que contenu d&#8217;utilisateur. Nous d\u00e9clinons donc toute responsabilit\u00e9, notamment en ce qui concerne le contenu, la fonctionnalit\u00e9, la s\u00e9curit\u00e9, le traitement des donn\u00e9es et la conformit\u00e9 \u00e0 la loi.<\/p>\n\n\n\n<h3 class=\"wp-block-heading\">6. Entretien <\/h3>\n\n\n\n<p>Bien que nous nous efforcions de faire en sorte que le site soit disponible 24 heures sur 24, nous ne pouvons \u00e0 aucun moment \u00eatre tenus responsables si, pour quelque raison que ce soit, le site n&#8217;est pas disponible pendant un certain temps.<\/p>\n\n\n\n<p>L&#8217;acc\u00e8s au site web peut \u00eatre suspendu temporairement et sans pr\u00e9avis \u00e0 la suite d&#8217;une panne du syst\u00e8me, en raison de travaux de maintenance ou de r\u00e9paration ou pour des raisons ind\u00e9pendantes de notre volont\u00e9.<\/p>\n\n\n\n<h3 class=\"wp-block-heading\">7. Divers<\/h3>\n\n\n\n<p>Pour toute question concernant le traitement de vos donn\u00e9es personnelles, nous vous renvoyons \u00e0 notre d\u00e9claration de protection des donn\u00e9es.<\/p>\n\n\n\n<p>Si une ou plusieurs dispositions des pr\u00e9sentes conditions d&#8217;utilisation s&#8217;av\u00e9raient nulles ou inapplicables, la validit\u00e9, la l\u00e9galit\u00e9 et l&#8217;applicabilit\u00e9 des autres dispositions n&#8217;en seraient pas affect\u00e9es.<\/p>\n\n\n\n<p>Les Conditions d&#8217;utilisation sont r\u00e9gies par et interpr\u00e9t\u00e9es conform\u00e9ment aux lois suisses en vigueur, sans tenir compte des \u00e9ventuels conflits de lois et de la Convention des Nations Unies sur les contrats de vente internationale de marchandises (CVIM). Dans la mesure o\u00f9 la loi le permet, tout litige relatif aux pr\u00e9sentes conditions d&#8217;utilisation et \u00e0 votre utilisation du site Internet sera soumis \u00e0 la juridiction exclusive du tribunal comp\u00e9tent de notre si\u00e8ge actuel. Nous avons le droit de poursuivre un utilisateur en justice \u00e0 son domicile.<\/p>\n<\/div>\n<\/div>\n","protected":false},"excerpt":{"rendered":"<p>Impressum \/ Mentions l\u00e9gales 1. Qui sommes-nous ? Garage Auto Kunz AGBremgarterstrasse 755610 Wohleninfo@arber-haendler+41 56 622 13 43 2. De quoi s&#8217;agit-il ? Les pr\u00e9sentes conditions d&#8217;utilisation r\u00e9gissent votre consultation et votre utilisation de notre site web.En acc\u00e9dant \u00e0 notre site web et en l&#8217;utilisant, vous acceptez nos conditions d&#8217;utilisation et confirmez que vous les &hellip; <a class=\"text-button text-button--primary text-button--no-arrow\" href=\"https:\/\/autokunz.ch\/fr\/entreprise\/impressum\/\">continue<\/a><\/p>\n","protected":false},"author":2,"featured_media":0,"parent":11062,"menu_order":0,"comment_status":"closed","ping_status":"closed","template":"","meta":{"_acf_changed":false,"footnotes":""},"class_list":["post-1491653","page","type-page","status-publish","hentry"],"acf":[],"yoast_head":"<!-- This site is optimized with the Yoast SEO plugin v27.0 - https:\/\/yoast.com\/product\/yoast-seo-wordpress\/ -->\n<title>Impressum | Auto Kunz AG<\/title>\n<meta name=\"description\" content=\"Impressum - Auto Kunz AG einer der gr\u00f6ssten unabh\u00e4ngigen Autoimporteure der Schweiz. \u00dcber 500 Autos aller Marken zu den schweizweit tiefsten Preisen!\" \/>\n<meta name=\"robots\" content=\"index, follow, max-snippet:-1, max-image-preview:large, max-video-preview:-1\" \/>\n<link rel=\"canonical\" href=\"https:\/\/autokunz.ch\/fr\/entreprise\/impressum\/\" \/>\n<meta property=\"og:locale\" content=\"fr_FR\" \/>\n<meta property=\"og:type\" content=\"article\" \/>\n<meta property=\"og:title\" content=\"Impressum | Auto Kunz AG\" \/>\n<meta property=\"og:description\" content=\"Impressum - Auto Kunz AG einer der gr\u00f6ssten unabh\u00e4ngigen Autoimporteure der Schweiz. \u00dcber 500 Autos aller Marken zu den schweizweit tiefsten Preisen!\" \/>\n<meta property=\"og:url\" content=\"https:\/\/autokunz.ch\/fr\/entreprise\/impressum\/\" \/>\n<meta property=\"og:site_name\" content=\"Auto Kunz\" \/>\n<meta property=\"article:publisher\" content=\"https:\/\/www.facebook.com\/AutoKunzAG\" \/>\n<meta property=\"article:modified_time\" content=\"2023-09-22T07:29:38+00:00\" \/>\n<meta name=\"twitter:card\" content=\"summary_large_image\" \/>\n<meta name=\"twitter:site\" content=\"@autokunzag\" \/>\n<meta name=\"twitter:label1\" content=\"Est. reading time\" \/>\n\t<meta name=\"twitter:data1\" content=\"7 minutes\" \/>\n<script type=\"application\/ld+json\" class=\"yoast-schema-graph\">{\"@context\":\"https:\/\/schema.org\",\"@graph\":[{\"@type\":\"WebPage\",\"@id\":\"https:\/\/autokunz.ch\/fr\/entreprise\/impressum\/\",\"url\":\"https:\/\/autokunz.ch\/fr\/entreprise\/impressum\/\",\"name\":\"Impressum | Auto Kunz AG\",\"isPartOf\":{\"@id\":\"https:\/\/autokunz.ch\/#website\"},\"datePublished\":\"2019-08-14T15:27:12+00:00\",\"dateModified\":\"2023-09-22T07:29:38+00:00\",\"description\":\"Impressum - Auto Kunz AG einer der gr\u00f6ssten unabh\u00e4ngigen Autoimporteure der Schweiz. \u00dcber 500 Autos aller Marken zu den schweizweit tiefsten Preisen!\",\"breadcrumb\":{\"@id\":\"https:\/\/autokunz.ch\/fr\/entreprise\/impressum\/#breadcrumb\"},\"inLanguage\":\"fr-FR\",\"potentialAction\":[{\"@type\":\"ReadAction\",\"target\":[\"https:\/\/autokunz.ch\/fr\/entreprise\/impressum\/\"]}]},{\"@type\":\"BreadcrumbList\",\"@id\":\"https:\/\/autokunz.ch\/fr\/entreprise\/impressum\/#breadcrumb\",\"itemListElement\":[{\"@type\":\"ListItem\",\"position\":1,\"name\":\"Home\",\"item\":\"https:\/\/autokunz.ch\/fr\/\"},{\"@type\":\"ListItem\",\"position\":2,\"name\":\"Entreprise\",\"item\":\"https:\/\/autokunz.ch\/fr\/entreprise\/\"},{\"@type\":\"ListItem\",\"position\":3,\"name\":\"Impressum\"}]},{\"@type\":\"WebSite\",\"@id\":\"https:\/\/autokunz.ch\/#website\",\"url\":\"https:\/\/autokunz.ch\/\",\"name\":\"Auto Kunz\",\"description\":\"\u00dcber 500 Autos, die tiefsten Preise der Schweiz\",\"publisher\":{\"@id\":\"https:\/\/autokunz.ch\/#organization\"},\"potentialAction\":[{\"@type\":\"SearchAction\",\"target\":{\"@type\":\"EntryPoint\",\"urlTemplate\":\"https:\/\/autokunz.ch\/?s={search_term_string}\"},\"query-input\":{\"@type\":\"PropertyValueSpecification\",\"valueRequired\":true,\"valueName\":\"search_term_string\"}}],\"inLanguage\":\"fr-FR\"},{\"@type\":\"Organization\",\"@id\":\"https:\/\/autokunz.ch\/#organization\",\"name\":\"Auto Kunz AG\",\"url\":\"https:\/\/autokunz.ch\/\",\"logo\":{\"@type\":\"ImageObject\",\"inLanguage\":\"fr-FR\",\"@id\":\"https:\/\/autokunz.ch\/#\/schema\/logo\/image\/\",\"url\":\"https:\/\/autokunz.ch\/app\/uploads\/2021\/07\/autokunz-ag-wohlen-logo.png\",\"contentUrl\":\"https:\/\/autokunz.ch\/app\/uploads\/2021\/07\/autokunz-ag-wohlen-logo.png\",\"width\":530,\"height\":79,\"caption\":\"Auto Kunz AG\"},\"image\":{\"@id\":\"https:\/\/autokunz.ch\/#\/schema\/logo\/image\/\"},\"sameAs\":[\"https:\/\/www.facebook.com\/AutoKunzAG\",\"https:\/\/x.com\/autokunzag\",\"https:\/\/www.instagram.com\/autokunz.ch\/\",\"https:\/\/www.linkedin.com\/company\/9463486?trk=tyah&amp;amp;amp;trkInfo=clickedVertical:company,idx:1-1-1,tarId:1434043483672,tas:auto kunz\",\"https:\/\/www.pinterest.com\/autokunzag\/\",\"https:\/\/www.youtube.com\/channel\/UCsS22A2abuuzGxbmhsPm-6g\"]}]}<\/script>\n<!-- \/ Yoast SEO plugin. -->","yoast_head_json":{"title":"Impressum | Auto Kunz AG","description":"Impressum - Auto Kunz AG einer der gr\u00f6ssten unabh\u00e4ngigen Autoimporteure der Schweiz. \u00dcber 500 Autos aller Marken zu den schweizweit tiefsten Preisen!","robots":{"index":"index","follow":"follow","max-snippet":"max-snippet:-1","max-image-preview":"max-image-preview:large","max-video-preview":"max-video-preview:-1"},"canonical":"https:\/\/autokunz.ch\/fr\/entreprise\/impressum\/","og_locale":"fr_FR","og_type":"article","og_title":"Impressum | Auto Kunz AG","og_description":"Impressum - Auto Kunz AG einer der gr\u00f6ssten unabh\u00e4ngigen Autoimporteure der Schweiz. \u00dcber 500 Autos aller Marken zu den schweizweit tiefsten Preisen!","og_url":"https:\/\/autokunz.ch\/fr\/entreprise\/impressum\/","og_site_name":"Auto Kunz","article_publisher":"https:\/\/www.facebook.com\/AutoKunzAG","article_modified_time":"2023-09-22T07:29:38+00:00","twitter_card":"summary_large_image","twitter_site":"@autokunzag","twitter_misc":{"Est. reading time":"7 minutes"},"schema":{"@context":"https:\/\/schema.org","@graph":[{"@type":"WebPage","@id":"https:\/\/autokunz.ch\/fr\/entreprise\/impressum\/","url":"https:\/\/autokunz.ch\/fr\/entreprise\/impressum\/","name":"Impressum | Auto Kunz AG","isPartOf":{"@id":"https:\/\/autokunz.ch\/#website"},"datePublished":"2019-08-14T15:27:12+00:00","dateModified":"2023-09-22T07:29:38+00:00","description":"Impressum - Auto Kunz AG einer der gr\u00f6ssten unabh\u00e4ngigen Autoimporteure der Schweiz. \u00dcber 500 Autos aller Marken zu den schweizweit tiefsten Preisen!","breadcrumb":{"@id":"https:\/\/autokunz.ch\/fr\/entreprise\/impressum\/#breadcrumb"},"inLanguage":"fr-FR","potentialAction":[{"@type":"ReadAction","target":["https:\/\/autokunz.ch\/fr\/entreprise\/impressum\/"]}]},{"@type":"BreadcrumbList","@id":"https:\/\/autokunz.ch\/fr\/entreprise\/impressum\/#breadcrumb","itemListElement":[{"@type":"ListItem","position":1,"name":"Home","item":"https:\/\/autokunz.ch\/fr\/"},{"@type":"ListItem","position":2,"name":"Entreprise","item":"https:\/\/autokunz.ch\/fr\/entreprise\/"},{"@type":"ListItem","position":3,"name":"Impressum"}]},{"@type":"WebSite","@id":"https:\/\/autokunz.ch\/#website","url":"https:\/\/autokunz.ch\/","name":"Auto Kunz","description":"\u00dcber 500 Autos, die tiefsten Preise der Schweiz","publisher":{"@id":"https:\/\/autokunz.ch\/#organization"},"potentialAction":[{"@type":"SearchAction","target":{"@type":"EntryPoint","urlTemplate":"https:\/\/autokunz.ch\/?s={search_term_string}"},"query-input":{"@type":"PropertyValueSpecification","valueRequired":true,"valueName":"search_term_string"}}],"inLanguage":"fr-FR"},{"@type":"Organization","@id":"https:\/\/autokunz.ch\/#organization","name":"Auto Kunz AG","url":"https:\/\/autokunz.ch\/","logo":{"@type":"ImageObject","inLanguage":"fr-FR","@id":"https:\/\/autokunz.ch\/#\/schema\/logo\/image\/","url":"https:\/\/autokunz.ch\/app\/uploads\/2021\/07\/autokunz-ag-wohlen-logo.png","contentUrl":"https:\/\/autokunz.ch\/app\/uploads\/2021\/07\/autokunz-ag-wohlen-logo.png","width":530,"height":79,"caption":"Auto Kunz AG"},"image":{"@id":"https:\/\/autokunz.ch\/#\/schema\/logo\/image\/"},"sameAs":["https:\/\/www.facebook.com\/AutoKunzAG","https:\/\/x.com\/autokunzag","https:\/\/www.instagram.com\/autokunz.ch\/","https:\/\/www.linkedin.com\/company\/9463486?trk=tyah&amp;amp;amp;trkInfo=clickedVertical:company,idx:1-1-1,tarId:1434043483672,tas:auto kunz","https:\/\/www.pinterest.com\/autokunzag\/","https:\/\/www.youtube.com\/channel\/UCsS22A2abuuzGxbmhsPm-6g"]}]}},"_links":{"self":[{"href":"https:\/\/autokunz.ch\/fr\/wp-json\/wp\/v2\/pages\/1491653","targetHints":{"allow":["GET"]}}],"collection":[{"href":"https:\/\/autokunz.ch\/fr\/wp-json\/wp\/v2\/pages"}],"about":[{"href":"https:\/\/autokunz.ch\/fr\/wp-json\/wp\/v2\/types\/page"}],"author":[{"embeddable":true,"href":"https:\/\/autokunz.ch\/fr\/wp-json\/wp\/v2\/users\/2"}],"replies":[{"embeddable":true,"href":"https:\/\/autokunz.ch\/fr\/wp-json\/wp\/v2\/comments?post=1491653"}],"version-history":[{"count":3,"href":"https:\/\/autokunz.ch\/fr\/wp-json\/wp\/v2\/pages\/1491653\/revisions"}],"predecessor-version":[{"id":4445692,"href":"https:\/\/autokunz.ch\/fr\/wp-json\/wp\/v2\/pages\/1491653\/revisions\/4445692"}],"up":[{"embeddable":true,"href":"https:\/\/autokunz.ch\/fr\/wp-json\/wp\/v2\/pages\/11062"}],"wp:attachment":[{"href":"https:\/\/autokunz.ch\/fr\/wp-json\/wp\/v2\/media?parent=1491653"}],"curies":[{"name":"wp","href":"https:\/\/api.w.org\/{rel}","templated":true}]}}