{"id":32946,"date":"2019-06-30T19:08:25","date_gmt":"2019-06-30T17:08:25","guid":{"rendered":"https:\/\/autokunz.ch\/autos-2\/eu-fahrzeuglager\/"},"modified":"2023-01-06T11:42:39","modified_gmt":"2023-01-06T10:42:39","slug":"stockage-vehicules-ue","status":"publish","type":"page","link":"https:\/\/autokunz.ch\/fr\/autos-2\/stockage-vehicules-ue\/","title":{"rendered":"Stockage v\u00e9hicules en UE"},"content":{"rendered":"\n<div class=\"wp-block-columns has-4-columns is-layout-flex wp-container-core-columns-is-layout-9d6595d7 wp-block-columns-is-layout-flex\">\n<div class=\"wp-block-column is-layout-flow wp-block-column-is-layout-flow\"><div class=\"text-box d-flex flex-column h-100\">\n                                    \n            <h4 class=\"text-box__title\">stock Europe de l&#8217;Est<\/h4>\n                    <div class=\"text-box__text text-normal \">\n                <p>stockage v\u00e9hicules UE<\/p>\n\n            <\/div>\n                            <div class=\"mt-auto text-box__link-container\">\n                <div class=\"empty-line-1\"><\/div>\n                                                    <a href=\"https:\/\/stock2.carset.de\/index.php?user=autokunz1\"\n                       class=\"text-button text-button--primary\"\n                       >lien stock Europe de l&#8217;Est<\/a>\n                            <\/div>\n            <\/div>\n\n<\/div>\n\n\n\n<div class=\"wp-block-column is-layout-flow wp-block-column-is-layout-flow\"><div class=\"text-box d-flex flex-column h-100\">\n                                    \n            <h4 class=\"text-box__title\">stock Europe de l&#8217;Ouest<\/h4>\n                    <div class=\"text-box__text text-normal \">\n                <p>stockage v\u00e9hicules UE<\/p>\n\n            <\/div>\n                            <div class=\"mt-auto text-box__link-container\">\n                <div class=\"empty-line-1\"><\/div>\n                                                    <a href=\"https:\/\/autokunz.mehrmarken.net\/neuwagen\/*?sort=default&amp;availability=stock\"\n                       class=\"text-button text-button--primary\"\n                       >lien stock Europe de l&#8217;Ouest<\/a>\n                            <\/div>\n            <\/div>\n\n<\/div>\n\n\n\n<div class=\"wp-block-column is-layout-flow wp-block-column-is-layout-flow\"><div class=\"text-box d-flex flex-column h-100\">\n                                    \n            <h4 class=\"text-box__title\">stock centrale et l&#8217;Europe du Sud<\/h4>\n                    <div class=\"text-box__text text-normal \">\n                <p>stockage v\u00e9hicules UE<\/p>\n\n            <\/div>\n                            <div class=\"mt-auto text-box__link-container\">\n                <div class=\"empty-line-1\"><\/div>\n                                                    <a href=\"https:\/\/www.eln.de\/3026eln\/-\/fahrzeugangebote.html\"\n                       class=\"text-button text-button--primary\"\n                       >lien stock Central et l&#8217;Europe du Sud<\/a>\n                            <\/div>\n            <\/div>\n\n<\/div>\n\n\n\n<div class=\"wp-block-column is-layout-flow wp-block-column-is-layout-flow\"><div class=\"text-box d-flex flex-column h-100\">\n                                    \n            <h4 class=\"text-box__title\">voiture en stock<\/h4>\n                    <div class=\"text-box__text text-normal \">\n                <p>voture en stock sur place \u00e0 Wohlen<\/p>\n\n            <\/div>\n                            <div class=\"mt-auto text-box__link-container\">\n                <div class=\"empty-line-1\"><\/div>\n                                                    <a href=\"https:\/\/autokunz.ch\/fr\/voitures-neuves\/\"\n                       class=\"text-button text-button--primary\"\n                       >lien voiture stock Suisse<\/a>\n                            <\/div>\n            <\/div>\n\n<\/div>\n<\/div>\n\n\n\n<div class=\"wp-block-columns has-2-columns is-layout-flex wp-container-core-columns-is-layout-9d6595d7 wp-block-columns-is-layout-flex\">\n<div class=\"wp-block-column is-layout-flow wp-block-column-is-layout-flow\">\n<h2 class=\"wp-block-heading\">Nous avons 20&#8217;000 v\u00e9hicules disponibles<\/h2>\n\n\n\n<h3 class=\"wp-block-heading\">dans notre entrep\u00f4t europ\u00e9en<\/h3>\n\n\n\n<p>Parcourez nos entrep\u00f4ts europ\u00e9ens! Outre les v\u00e9hicules que vous pouvez visiter \u00e0 Wohlen, nous vous proposons \u00e9galement 20 000 v\u00e9hicules suppl\u00e9mentaires dans notre entrep\u00f4t europ\u00e9en. <\/p>\n\n\n\n<p>En plus des v\u00e9hicules que vous pouvez voir \u00e0 Wohlen, nous vous proposons quelque 20&nbsp;000 v\u00e9hicules dans l\u2019entrep\u00f4t europ\u00e9en de nos fournisseurs. En effet, <a href=\"https:\/\/autokunz.ch\/fr\/autos-2\/voitures-neuves\/#filter=%7B%7D&amp;sorting=a-z&amp;page=1&amp;display=purchase\">Auto Kunz AG<\/a> ne se limite pas aux 500 voitures pr\u00eates \u00e0 \u00eatre livr\u00e9es \u00e0 partir de notre site suisse. Gr\u00e2ce \u00e0 une exp\u00e9rience forte de plusieurs d\u00e9cennies dans ce domaine, nous avons b\u00e2ti un r\u00e9seau mondial de fournisseurs et de <a href=\"https:\/\/autokunz.ch\/fr\/entreprise\/partenaires\/\">partenaires<\/a> commerciaux avec lesquels nous \u00e9changeons sans cesse pour entretenir des relations de confiance.<\/p>\n<\/div>\n\n\n\n<div class=\"wp-block-column is-layout-flow wp-block-column-is-layout-flow\">\n<figure class=\"wp-block-image\"><img decoding=\"async\" src=\"https:\/\/autokunz.ch\/app\/uploads\/2019\/08\/EU-Fahrzeuglager-3-1-1366x912.jpg\" alt=\"\" class=\"wp-image-8489\"\/><\/figure>\n<\/div>\n<\/div>\n\n\n\n<hr class=\"wp-block-separator has-css-opacity\"\/>\n\n\n\n<div class=\"wp-block-columns has-2-columns is-layout-flex wp-container-core-columns-is-layout-9d6595d7 wp-block-columns-is-layout-flex\">\n<div class=\"wp-block-column is-layout-flow wp-block-column-is-layout-flow\">\n<p>Ces liens forts nous permettent de disposer d\u2019un entrep\u00f4t europ\u00e9en remarquable puisqu\u2019il contient plus de 20&nbsp;000 v\u00e9hicules disponibles sur demande. Parcourez-le pour y d\u00e9gotter la voiture de vos r\u00eaves.  <\/p>\n\n\n\n<p>C\u2019est la plus grande offre de v\u00e9hicules que vous trouverez chez les concessionnaires suisses. Nos prix s\u2019entendent en francs suisses, droits de douane et imp\u00f4ts d\u00e9duits. Les v\u00e9hicules sont vendus au prix indiqu\u00e9 apr\u00e8s avoir subi des tests et avoir \u00e9t\u00e9 homologu\u00e9s avec indication des \u00e9missions de <a href=\"https:\/\/autokunz.ch\/fr\/service\/service-dimportation\/\">CO2<\/a>. Vous n\u2019avez donc pas \u00e0 vous soucier des formalit\u00e9s ni \u00e0 vous lancer dans des calculs complexes. <\/p>\n\n\n\n<p>Les v\u00e9hicules en provenance de notre entrep\u00f4t europ\u00e9en b\u00e9n\u00e9ficient du <a href=\"https:\/\/autokunz.ch\/fr\/service\/voitures-neuves-swiss-package\/\">m\u00eame service<\/a> que ceux qui sont stock\u00e9s \u00e0 Wohlen. Quelle que soit la voiture que vous choisissez, le processus est le m\u00eame. Tous les v\u00e9hicules sont vendus avec le<a href=\"https:\/\/autokunz.ch\/fr\/service\/voitures-neuves-swiss-package\/\"> Swiss Package<\/a>.<\/p>\n<\/div>\n\n\n\n<div class=\"wp-block-column is-layout-flow wp-block-column-is-layout-flow\">\n<p>Dans notre gamme que nous ne cessons d\u2018\u00e9largir figurent des v\u00e9hicules d\u2019anciens constructeurs. Si vous ne trouvez pas tout de suite la voiture qui vous convient dans notre entrep\u00f4t europ\u00e9en, venez y jeter souvent un coup d\u2019oeil. Nul doute que vous d\u00e9nicherez tr\u00e8s bient\u00f4t la voiture de vos r\u00eaves dans notre garage de Wohlen ou aupr\u00e8s de l\u2018un de nos partenaires. <\/p>\n<\/div>\n<\/div>\n","protected":false},"excerpt":{"rendered":"<p>Nous avons 20&#8217;000 v\u00e9hicules disponibles dans notre entrep\u00f4t europ\u00e9en Parcourez nos entrep\u00f4ts europ\u00e9ens! Outre les v\u00e9hicules que vous pouvez visiter \u00e0 Wohlen, nous vous proposons \u00e9galement 20 000 v\u00e9hicules suppl\u00e9mentaires dans notre entrep\u00f4t europ\u00e9en. En plus des v\u00e9hicules que vous pouvez voir \u00e0 Wohlen, nous vous proposons quelque 20&nbsp;000 v\u00e9hicules dans l\u2019entrep\u00f4t europ\u00e9en de nos &hellip; <a class=\"text-button text-button--primary text-button--no-arrow\" href=\"https:\/\/autokunz.ch\/fr\/autos-2\/stockage-vehicules-ue\/\">continue<\/a><\/p>\n","protected":false},"author":1,"featured_media":32976,"parent":11412,"menu_order":0,"comment_status":"closed","ping_status":"closed","template":"","meta":{"_acf_changed":false,"footnotes":""},"class_list":["post-32946","page","type-page","status-publish","has-post-thumbnail","hentry"],"acf":[],"yoast_head":"<!-- This site is optimized with the Yoast SEO plugin v27.0 - https:\/\/yoast.com\/product\/yoast-seo-wordpress\/ -->\n<title>Notre stock de v\u00e9hicules de l&#039;UE<\/title>\n<meta name=\"description\" content=\"En plus des v\u00e9hicules de Wohlen, nous proposons encore environ 20&#039;000 v\u00e9hicules dans notre entrep\u00f4t UE de fournisseurs.\" \/>\n<meta name=\"robots\" content=\"index, follow, max-snippet:-1, max-image-preview:large, max-video-preview:-1\" \/>\n<link rel=\"canonical\" href=\"https:\/\/autokunz.ch\/fr\/autos-2\/stockage-vehicules-ue\/\" \/>\n<meta property=\"og:locale\" content=\"fr_FR\" \/>\n<meta property=\"og:type\" content=\"article\" \/>\n<meta property=\"og:title\" content=\"Notre stock de v\u00e9hicules de l&#039;UE\" \/>\n<meta property=\"og:description\" content=\"En plus des v\u00e9hicules de Wohlen, nous proposons encore environ 20&#039;000 v\u00e9hicules dans notre entrep\u00f4t UE de fournisseurs.\" \/>\n<meta property=\"og:url\" content=\"https:\/\/autokunz.ch\/fr\/autos-2\/stockage-vehicules-ue\/\" \/>\n<meta property=\"og:site_name\" content=\"Auto Kunz\" \/>\n<meta property=\"article:publisher\" content=\"https:\/\/www.facebook.com\/AutoKunzAG\" \/>\n<meta property=\"article:modified_time\" content=\"2023-01-06T10:42:39+00:00\" \/>\n<meta property=\"og:image\" content=\"https:\/\/autokunz.ch\/app\/uploads\/2019\/09\/stockage-vehicules-en-ue.jpg\" \/>\n\t<meta property=\"og:image:width\" content=\"1536\" \/>\n\t<meta property=\"og:image:height\" content=\"863\" \/>\n\t<meta property=\"og:image:type\" content=\"image\/jpeg\" \/>\n<meta name=\"twitter:card\" content=\"summary_large_image\" \/>\n<meta name=\"twitter:site\" content=\"@autokunzag\" \/>\n<meta name=\"twitter:label1\" content=\"Est. reading time\" \/>\n\t<meta name=\"twitter:data1\" content=\"2 minutes\" \/>\n<script type=\"application\/ld+json\" class=\"yoast-schema-graph\">{\"@context\":\"https:\/\/schema.org\",\"@graph\":[{\"@type\":\"WebPage\",\"@id\":\"https:\/\/autokunz.ch\/fr\/autos-2\/stockage-vehicules-ue\/\",\"url\":\"https:\/\/autokunz.ch\/fr\/autos-2\/stockage-vehicules-ue\/\",\"name\":\"Notre stock de v\u00e9hicules de l'UE\",\"isPartOf\":{\"@id\":\"https:\/\/autokunz.ch\/#website\"},\"primaryImageOfPage\":{\"@id\":\"https:\/\/autokunz.ch\/fr\/autos-2\/stockage-vehicules-ue\/#primaryimage\"},\"image\":{\"@id\":\"https:\/\/autokunz.ch\/fr\/autos-2\/stockage-vehicules-ue\/#primaryimage\"},\"thumbnailUrl\":\"https:\/\/autokunz.ch\/app\/uploads\/2019\/09\/stockage-vehicules-en-ue.jpg\",\"datePublished\":\"2019-06-30T17:08:25+00:00\",\"dateModified\":\"2023-01-06T10:42:39+00:00\",\"description\":\"En plus des v\u00e9hicules de Wohlen, nous proposons encore environ 20'000 v\u00e9hicules dans notre entrep\u00f4t UE de fournisseurs.\",\"breadcrumb\":{\"@id\":\"https:\/\/autokunz.ch\/fr\/autos-2\/stockage-vehicules-ue\/#breadcrumb\"},\"inLanguage\":\"fr-FR\",\"potentialAction\":[{\"@type\":\"ReadAction\",\"target\":[\"https:\/\/autokunz.ch\/fr\/autos-2\/stockage-vehicules-ue\/\"]}]},{\"@type\":\"ImageObject\",\"inLanguage\":\"fr-FR\",\"@id\":\"https:\/\/autokunz.ch\/fr\/autos-2\/stockage-vehicules-ue\/#primaryimage\",\"url\":\"https:\/\/autokunz.ch\/app\/uploads\/2019\/09\/stockage-vehicules-en-ue.jpg\",\"contentUrl\":\"https:\/\/autokunz.ch\/app\/uploads\/2019\/09\/stockage-vehicules-en-ue.jpg\",\"width\":1536,\"height\":863,\"caption\":\"Cars export terminal in export and import business and logistics. Shipping cargo to harbor. Water transport International. Aerial view and top view.\"},{\"@type\":\"BreadcrumbList\",\"@id\":\"https:\/\/autokunz.ch\/fr\/autos-2\/stockage-vehicules-ue\/#breadcrumb\",\"itemListElement\":[{\"@type\":\"ListItem\",\"position\":1,\"name\":\"Home\",\"item\":\"https:\/\/autokunz.ch\/fr\/\"},{\"@type\":\"ListItem\",\"position\":2,\"name\":\"Auto\",\"item\":\"https:\/\/autokunz.ch\/fr\/autos-2\/\"},{\"@type\":\"ListItem\",\"position\":3,\"name\":\"Stockage v\u00e9hicules en UE\"}]},{\"@type\":\"WebSite\",\"@id\":\"https:\/\/autokunz.ch\/#website\",\"url\":\"https:\/\/autokunz.ch\/\",\"name\":\"Auto Kunz\",\"description\":\"\u00dcber 500 Autos, die tiefsten Preise der Schweiz\",\"publisher\":{\"@id\":\"https:\/\/autokunz.ch\/#organization\"},\"potentialAction\":[{\"@type\":\"SearchAction\",\"target\":{\"@type\":\"EntryPoint\",\"urlTemplate\":\"https:\/\/autokunz.ch\/?s={search_term_string}\"},\"query-input\":{\"@type\":\"PropertyValueSpecification\",\"valueRequired\":true,\"valueName\":\"search_term_string\"}}],\"inLanguage\":\"fr-FR\"},{\"@type\":\"Organization\",\"@id\":\"https:\/\/autokunz.ch\/#organization\",\"name\":\"Auto Kunz AG\",\"url\":\"https:\/\/autokunz.ch\/\",\"logo\":{\"@type\":\"ImageObject\",\"inLanguage\":\"fr-FR\",\"@id\":\"https:\/\/autokunz.ch\/#\/schema\/logo\/image\/\",\"url\":\"https:\/\/autokunz.ch\/app\/uploads\/2021\/07\/autokunz-ag-wohlen-logo.png\",\"contentUrl\":\"https:\/\/autokunz.ch\/app\/uploads\/2021\/07\/autokunz-ag-wohlen-logo.png\",\"width\":530,\"height\":79,\"caption\":\"Auto Kunz AG\"},\"image\":{\"@id\":\"https:\/\/autokunz.ch\/#\/schema\/logo\/image\/\"},\"sameAs\":[\"https:\/\/www.facebook.com\/AutoKunzAG\",\"https:\/\/x.com\/autokunzag\",\"https:\/\/www.instagram.com\/autokunz.ch\/\",\"https:\/\/www.linkedin.com\/company\/9463486?trk=tyah&amp;amp;amp;trkInfo=clickedVertical:company,idx:1-1-1,tarId:1434043483672,tas:auto kunz\",\"https:\/\/www.pinterest.com\/autokunzag\/\",\"https:\/\/www.youtube.com\/channel\/UCsS22A2abuuzGxbmhsPm-6g\"]}]}<\/script>\n<!-- \/ Yoast SEO plugin. -->","yoast_head_json":{"title":"Notre stock de v\u00e9hicules de l'UE","description":"En plus des v\u00e9hicules de Wohlen, nous proposons encore environ 20'000 v\u00e9hicules dans notre entrep\u00f4t UE de fournisseurs.","robots":{"index":"index","follow":"follow","max-snippet":"max-snippet:-1","max-image-preview":"max-image-preview:large","max-video-preview":"max-video-preview:-1"},"canonical":"https:\/\/autokunz.ch\/fr\/autos-2\/stockage-vehicules-ue\/","og_locale":"fr_FR","og_type":"article","og_title":"Notre stock de v\u00e9hicules de l'UE","og_description":"En plus des v\u00e9hicules de Wohlen, nous proposons encore environ 20'000 v\u00e9hicules dans notre entrep\u00f4t UE de fournisseurs.","og_url":"https:\/\/autokunz.ch\/fr\/autos-2\/stockage-vehicules-ue\/","og_site_name":"Auto Kunz","article_publisher":"https:\/\/www.facebook.com\/AutoKunzAG","article_modified_time":"2023-01-06T10:42:39+00:00","og_image":[{"width":1536,"height":863,"url":"https:\/\/autokunz.ch\/app\/uploads\/2019\/09\/stockage-vehicules-en-ue.jpg","type":"image\/jpeg"}],"twitter_card":"summary_large_image","twitter_site":"@autokunzag","twitter_misc":{"Est. reading time":"2 minutes"},"schema":{"@context":"https:\/\/schema.org","@graph":[{"@type":"WebPage","@id":"https:\/\/autokunz.ch\/fr\/autos-2\/stockage-vehicules-ue\/","url":"https:\/\/autokunz.ch\/fr\/autos-2\/stockage-vehicules-ue\/","name":"Notre stock de v\u00e9hicules de l'UE","isPartOf":{"@id":"https:\/\/autokunz.ch\/#website"},"primaryImageOfPage":{"@id":"https:\/\/autokunz.ch\/fr\/autos-2\/stockage-vehicules-ue\/#primaryimage"},"image":{"@id":"https:\/\/autokunz.ch\/fr\/autos-2\/stockage-vehicules-ue\/#primaryimage"},"thumbnailUrl":"https:\/\/autokunz.ch\/app\/uploads\/2019\/09\/stockage-vehicules-en-ue.jpg","datePublished":"2019-06-30T17:08:25+00:00","dateModified":"2023-01-06T10:42:39+00:00","description":"En plus des v\u00e9hicules de Wohlen, nous proposons encore environ 20'000 v\u00e9hicules dans notre entrep\u00f4t UE de fournisseurs.","breadcrumb":{"@id":"https:\/\/autokunz.ch\/fr\/autos-2\/stockage-vehicules-ue\/#breadcrumb"},"inLanguage":"fr-FR","potentialAction":[{"@type":"ReadAction","target":["https:\/\/autokunz.ch\/fr\/autos-2\/stockage-vehicules-ue\/"]}]},{"@type":"ImageObject","inLanguage":"fr-FR","@id":"https:\/\/autokunz.ch\/fr\/autos-2\/stockage-vehicules-ue\/#primaryimage","url":"https:\/\/autokunz.ch\/app\/uploads\/2019\/09\/stockage-vehicules-en-ue.jpg","contentUrl":"https:\/\/autokunz.ch\/app\/uploads\/2019\/09\/stockage-vehicules-en-ue.jpg","width":1536,"height":863,"caption":"Cars export terminal in export and import business and logistics. Shipping cargo to harbor. Water transport International. Aerial view and top view."},{"@type":"BreadcrumbList","@id":"https:\/\/autokunz.ch\/fr\/autos-2\/stockage-vehicules-ue\/#breadcrumb","itemListElement":[{"@type":"ListItem","position":1,"name":"Home","item":"https:\/\/autokunz.ch\/fr\/"},{"@type":"ListItem","position":2,"name":"Auto","item":"https:\/\/autokunz.ch\/fr\/autos-2\/"},{"@type":"ListItem","position":3,"name":"Stockage v\u00e9hicules en UE"}]},{"@type":"WebSite","@id":"https:\/\/autokunz.ch\/#website","url":"https:\/\/autokunz.ch\/","name":"Auto Kunz","description":"\u00dcber 500 Autos, die tiefsten Preise der Schweiz","publisher":{"@id":"https:\/\/autokunz.ch\/#organization"},"potentialAction":[{"@type":"SearchAction","target":{"@type":"EntryPoint","urlTemplate":"https:\/\/autokunz.ch\/?s={search_term_string}"},"query-input":{"@type":"PropertyValueSpecification","valueRequired":true,"valueName":"search_term_string"}}],"inLanguage":"fr-FR"},{"@type":"Organization","@id":"https:\/\/autokunz.ch\/#organization","name":"Auto Kunz AG","url":"https:\/\/autokunz.ch\/","logo":{"@type":"ImageObject","inLanguage":"fr-FR","@id":"https:\/\/autokunz.ch\/#\/schema\/logo\/image\/","url":"https:\/\/autokunz.ch\/app\/uploads\/2021\/07\/autokunz-ag-wohlen-logo.png","contentUrl":"https:\/\/autokunz.ch\/app\/uploads\/2021\/07\/autokunz-ag-wohlen-logo.png","width":530,"height":79,"caption":"Auto Kunz AG"},"image":{"@id":"https:\/\/autokunz.ch\/#\/schema\/logo\/image\/"},"sameAs":["https:\/\/www.facebook.com\/AutoKunzAG","https:\/\/x.com\/autokunzag","https:\/\/www.instagram.com\/autokunz.ch\/","https:\/\/www.linkedin.com\/company\/9463486?trk=tyah&amp;amp;amp;trkInfo=clickedVertical:company,idx:1-1-1,tarId:1434043483672,tas:auto kunz","https:\/\/www.pinterest.com\/autokunzag\/","https:\/\/www.youtube.com\/channel\/UCsS22A2abuuzGxbmhsPm-6g"]}]}},"_links":{"self":[{"href":"https:\/\/autokunz.ch\/fr\/wp-json\/wp\/v2\/pages\/32946","targetHints":{"allow":["GET"]}}],"collection":[{"href":"https:\/\/autokunz.ch\/fr\/wp-json\/wp\/v2\/pages"}],"about":[{"href":"https:\/\/autokunz.ch\/fr\/wp-json\/wp\/v2\/types\/page"}],"author":[{"embeddable":true,"href":"https:\/\/autokunz.ch\/fr\/wp-json\/wp\/v2\/users\/1"}],"replies":[{"embeddable":true,"href":"https:\/\/autokunz.ch\/fr\/wp-json\/wp\/v2\/comments?post=32946"}],"version-history":[{"count":3,"href":"https:\/\/autokunz.ch\/fr\/wp-json\/wp\/v2\/pages\/32946\/revisions"}],"predecessor-version":[{"id":3880786,"href":"https:\/\/autokunz.ch\/fr\/wp-json\/wp\/v2\/pages\/32946\/revisions\/3880786"}],"up":[{"embeddable":true,"href":"https:\/\/autokunz.ch\/fr\/wp-json\/wp\/v2\/pages\/11412"}],"wp:featuredmedia":[{"embeddable":true,"href":"https:\/\/autokunz.ch\/fr\/wp-json\/wp\/v2\/media\/32976"}],"wp:attachment":[{"href":"https:\/\/autokunz.ch\/fr\/wp-json\/wp\/v2\/media?parent=32946"}],"curies":[{"name":"wp","href":"https:\/\/api.w.org\/{rel}","templated":true}]}}