{"id":34196,"date":"2019-06-30T19:04:02","date_gmt":"2019-06-30T17:04:02","guid":{"rendered":"https:\/\/autokunz.ch\/service\/pannendienst\/"},"modified":"2019-09-17T15:45:01","modified_gmt":"2019-09-17T13:45:01","slug":"service-de-depannage","status":"publish","type":"page","link":"https:\/\/autokunz.ch\/fr\/service\/service-de-depannage\/","title":{"rendered":"Service de d\u00e9pannage"},"content":{"rendered":"\n<div class=\"wp-block-columns has-2-columns is-layout-flex wp-container-core-columns-is-layout-9d6595d7 wp-block-columns-is-layout-flex\">\n<div class=\"wp-block-column is-layout-flow wp-block-column-is-layout-flow\">\n<h2 class=\"wp-block-heading\">Assistance en cas de panne ou d\u2019accident<\/h2>\n\n\n\n<h3 class=\"wp-block-heading\">y compris adh\u00e9sion au TCS et garantie de mobilit\u00e9  <\/h3>\n\n\n\n<p>Notre assistance professionnelle en cas de panne vous assistera en un rien de temps 24\u2009heures sur 24 et 365 jours par an. Dans huit cas sur dix, vous pourrez poursuivre imm\u00e9diatement votre chemin.  Sinon, nous ferons quand m\u00eame en sorte que vous puissiez atteindre votre destination. <\/p>\n\n\n\n<p>Ce service de d\u00e9pannage est gratuit pour vous, gr\u00e2ce \u00e0 votre adh\u00e9sion au TCS (Touring Club de Suisse). Incroyable! Nous vous offrons dans l\u2019ann\u00e9e suivant l\u2019achat de votre voiture une adh\u00e9sion au TCS et vous faisons parvenir une offre de reconduction avant que vous ne soyez plus couvert par le service de d\u00e9pannage. Si vous ne souhaitez pas reconduire ce service, nous nous tenons quand m\u00eame \u00e0 votre disposition 24\u2009heures sur 24 (service payant). <\/p>\n\n\n\n<p>Notre service de d\u00e9pannage est joignable 24\u2009heures sur 24 et 7 jours sur 7 \u00e0 ce num\u00e9ro: &nbsp;<br> <a href=\"tel:+41 56 619 70 75\">+41 56 619 70 75<\/a><\/p>\n<\/div>\n\n\n\n<div class=\"wp-block-column is-layout-flow wp-block-column-is-layout-flow\">\n<div class=\"wp-block-columns has-2-columns is-layout-flex wp-container-core-columns-is-layout-9d6595d7 wp-block-columns-is-layout-flex\">\n<div class=\"wp-block-column is-layout-flow wp-block-column-is-layout-flow\"><div class=\"text-box d-flex flex-column \">\n                    <div><img decoding=\"async\" src=\"https:\/\/autokunz.ch\/app\/themes\/autokunz2\/resources\/assets\/images\/icons\/arrow-download-primary-icon.svg\" class=\"text-box__icon\" width=\"30px\" height=\"30px\">\n            <\/div>\n                                    \n            <h4 class=\"text-box__title\">Brochure<\/h4>\n                    <div class=\"text-box__text text-normal \">\n                <p>T\u00e9l\u00e9chargez notre brochure pour en apprendre davantage sur ce service.<\/p>\n\n            <\/div>\n                            <div class=\"mt-auto text-box__link-container\">\n                <div class=\"empty-line-1\"><\/div>\n                                                    <a href=\"https:\/\/autokunz.ch\/app\/uploads\/2019\/08\/Auto-Kunz_Imagebrosch\u00fcre_2019-V7-2.pdf\"\n                       class=\"text-button text-button--primary text-button--download\"\n                       target=&quot;_blank&quot;>Brochure de vente pour t\u00e9l\u00e9charger<\/a>\n                            <\/div>\n            <\/div>\n\n<\/div>\n\n\n\n<div class=\"wp-block-column is-layout-flow wp-block-column-is-layout-flow\"><div class=\"text-box d-flex flex-column \">\n                    <div><img decoding=\"async\" src=\"https:\/\/autokunz.ch\/app\/themes\/autokunz2\/resources\/assets\/images\/icons\/hours-icon.svg\" class=\"text-box__icon\" width=\"30px\" height=\"30px\">\n            <\/div>\n                                    \n            <h4 class=\"text-box__title\">heures d&#8217;ouverture<\/h4>\n                    <div class=\"text-box__text text-normal \">\n                <p><strong>Atelier:<br \/>\n<\/strong><strong>lundi \u00e0 vendredi<br \/>\n<\/strong>07:30 \u00e0 12:00 heures<br \/>\n13:30 \u00e0 17:30 heures<\/p>\n<p><strong>Vente:<br \/>\nlundi \u00e0 vendredi<\/strong><br \/>\n08:30 \u00e0 12:00 heures<br \/>\n13:30 \u00e0 18:30 heures<\/p>\n<p><strong>Samedi:<\/strong><br \/>\n07:30 \u00e0 16:00 heures<\/p>\n\n            <\/div>\n                            <div class=\"mt-auto text-box__link-container\">\n                <div class=\"empty-line-1\"><\/div>\n                                                    <a href=\"https:\/\/autokunz.ch\/fr\/contact\/\"\n                       class=\"text-button text-button--primary\"\n                       >Contact<\/a>\n                            <\/div>\n            <\/div>\n\n<\/div>\n<\/div>\n<\/div>\n<\/div>\n\n\n\n<div class=\"wp-block-columns has-2-columns is-layout-flex wp-container-core-columns-is-layout-9d6595d7 wp-block-columns-is-layout-flex\">\n<div class=\"wp-block-column is-layout-flow wp-block-column-is-layout-flow\">\n<p>Il est tr\u00e8s d\u00e9sagr\u00e9able de tomber en panne. Et pourtant, malgr\u00e9 les technologies les plus modernes dont est \u00e9quip\u00e9e votre voiture, cela vous arrive encore. Un simple clou dans le pneu et le voyage s\u2018interromp. Si b\u00eate que cela puisse para\u00eetre, la batterie d\u00e9charg\u00e9e est encore l\u2018une des causes les plus fr\u00e9quentes de panne. Mais si vous avez perdu vos cl\u00e9s ou que vous les avez malencontreusement enferm\u00e9es dans la voiture, vous ne pourrez pas non plus continuer votre route.<\/p>\n\n\n\n<p>En outre, les voitures modernes sont \u00e9quip\u00e9es d\u2019un grand nombre d\u2019instruments \u00e9lectroniques et leur d\u00e9faillance provoque beaucoup de pannes f\u00e2cheuses. Notre service de d\u00e9pannage\/d\u2018assistance vous vient en aide dans tous les cas de figure. Pour pouvoir vous garantir les meilleures prestations, nous avons choisi de collaborer avec le fournisseur de services de d\u00e9pannage le plus performant du march\u00e9 suisse. Partenaire de confiance, le <a href=\"https:\/\/www.tcs.ch\/fr\/\" target=\"_blank\" rel=\"noreferrer noopener\" aria-label=\" (\u00f6ffnet in neuem Tab)\">Touring Club de Suisse (TCS)<\/a> s\u2019occupe de vous et de votre voiture en cas d\u2019urgence. <\/p>\n\n\n\n<p>Lors de l\u2019achat d\u2019un v\u00e9hicule, vous recevez gracieusement pendant un an une adh\u00e9sion au service de d\u00e9pannage du TCS. Nous sommes l\u00e0 pour vous, m\u00eame en cas de panne. Et cela nous tient tr\u00e8s \u00e0 coeur.<\/p>\n\n\n\n<p>Si vous nous contactez via notre hotline, votre voiture nous est livr\u00e9e directement par le service de d\u00e9pannage. L\u2019avantage est que nous connaissons votre voiture, que nous vous connaissons et que nous savons donc quoi faire. Ainsi, vous \u00eates s\u00fbr que votre voiture est entre de bonnes mains et qu\u2019elle sera trait\u00e9e en priorit\u00e9. D\u00e8s r\u00e9ception, nos conseillers du service clients vous contactent pour effectuer un premier diagnostic et discuter du d\u00e9roulement de la r\u00e9paration. <\/p>\n\n\n\n<p>Nous vous recommandons vivement de vous abonner \u00e0 ce service de d\u00e9pannage une fois \u00e9coul\u00e9e la premi\u00e8re ann\u00e9e gratuite. <\/p>\n<\/div>\n\n\n\n<div class=\"wp-block-column is-layout-flow wp-block-column-is-layout-flow\">\n<figure class=\"wp-block-image\"><img decoding=\"async\" src=\"https:\/\/autokunz.ch\/app\/uploads\/2019\/08\/TCS-PANNENDIENST-1.jpg\" alt=\"\" class=\"wp-image-9743\"\/><\/figure>\n<\/div>\n<\/div>\n","protected":false},"excerpt":{"rendered":"<p>Assistance en cas de panne ou d\u2019accident y compris adh\u00e9sion au TCS et garantie de mobilit\u00e9 Notre assistance professionnelle en cas de panne vous assistera en un rien de temps 24\u2009heures sur 24 et 365 jours par an. Dans huit cas sur dix, vous pourrez poursuivre imm\u00e9diatement votre chemin. Sinon, nous ferons quand m\u00eame en &hellip; <a class=\"text-button text-button--primary text-button--no-arrow\" href=\"https:\/\/autokunz.ch\/fr\/service\/service-de-depannage\/\">continue<\/a><\/p>\n","protected":false},"author":1,"featured_media":1491274,"parent":34000,"menu_order":4,"comment_status":"closed","ping_status":"closed","template":"","meta":{"_acf_changed":false,"footnotes":""},"class_list":["post-34196","page","type-page","status-publish","has-post-thumbnail","hentry"],"acf":[],"yoast_head":"<!-- This site is optimized with the Yoast SEO plugin v27.0 - https:\/\/yoast.com\/product\/yoast-seo-wordpress\/ -->\n<title>Unser Pannendienst mit Unfallhilfe - Auto Kunz AG Wohlen<\/title>\n<meta name=\"description\" content=\"Dank unserem professionellen Pannendienst wird Ihnen 24 Stunden am Tag und 365 Tage im Jahr innerhalb k\u00fcrzester Zeit geholfen.\" \/>\n<meta name=\"robots\" content=\"index, follow, max-snippet:-1, max-image-preview:large, max-video-preview:-1\" \/>\n<link rel=\"canonical\" href=\"https:\/\/autokunz.ch\/fr\/service\/service-de-depannage\/\" \/>\n<meta property=\"og:locale\" content=\"fr_FR\" \/>\n<meta property=\"og:type\" content=\"article\" \/>\n<meta property=\"og:title\" content=\"Unser Pannendienst mit Unfallhilfe - Auto Kunz AG Wohlen\" \/>\n<meta property=\"og:description\" content=\"Dank unserem professionellen Pannendienst wird Ihnen 24 Stunden am Tag und 365 Tage im Jahr innerhalb k\u00fcrzester Zeit geholfen.\" \/>\n<meta property=\"og:url\" content=\"https:\/\/autokunz.ch\/fr\/service\/service-de-depannage\/\" \/>\n<meta property=\"og:site_name\" content=\"Auto Kunz\" \/>\n<meta property=\"article:publisher\" content=\"https:\/\/www.facebook.com\/AutoKunzAG\" \/>\n<meta property=\"article:modified_time\" content=\"2019-09-17T13:45:01+00:00\" \/>\n<meta property=\"og:image\" content=\"https:\/\/autokunz.ch\/app\/uploads\/2019\/09\/TCS-Hintergrundbild-2.jpg\" \/>\n\t<meta property=\"og:image:width\" content=\"1270\" \/>\n\t<meta property=\"og:image:height\" content=\"612\" \/>\n\t<meta property=\"og:image:type\" content=\"image\/jpeg\" \/>\n<meta name=\"twitter:card\" content=\"summary_large_image\" \/>\n<meta name=\"twitter:site\" content=\"@autokunzag\" \/>\n<meta name=\"twitter:label1\" content=\"Est. reading time\" \/>\n\t<meta name=\"twitter:data1\" content=\"2 minutes\" \/>\n<script type=\"application\/ld+json\" class=\"yoast-schema-graph\">{\"@context\":\"https:\/\/schema.org\",\"@graph\":[{\"@type\":\"WebPage\",\"@id\":\"https:\/\/autokunz.ch\/fr\/service\/service-de-depannage\/\",\"url\":\"https:\/\/autokunz.ch\/fr\/service\/service-de-depannage\/\",\"name\":\"Unser Pannendienst mit Unfallhilfe - Auto Kunz AG Wohlen\",\"isPartOf\":{\"@id\":\"https:\/\/autokunz.ch\/#website\"},\"primaryImageOfPage\":{\"@id\":\"https:\/\/autokunz.ch\/fr\/service\/service-de-depannage\/#primaryimage\"},\"image\":{\"@id\":\"https:\/\/autokunz.ch\/fr\/service\/service-de-depannage\/#primaryimage\"},\"thumbnailUrl\":\"https:\/\/autokunz.ch\/app\/uploads\/2019\/09\/TCS-Hintergrundbild-2.jpg\",\"datePublished\":\"2019-06-30T17:04:02+00:00\",\"dateModified\":\"2019-09-17T13:45:01+00:00\",\"description\":\"Dank unserem professionellen Pannendienst wird Ihnen 24 Stunden am Tag und 365 Tage im Jahr innerhalb k\u00fcrzester Zeit geholfen.\",\"breadcrumb\":{\"@id\":\"https:\/\/autokunz.ch\/fr\/service\/service-de-depannage\/#breadcrumb\"},\"inLanguage\":\"fr-FR\",\"potentialAction\":[{\"@type\":\"ReadAction\",\"target\":[\"https:\/\/autokunz.ch\/fr\/service\/service-de-depannage\/\"]}]},{\"@type\":\"ImageObject\",\"inLanguage\":\"fr-FR\",\"@id\":\"https:\/\/autokunz.ch\/fr\/service\/service-de-depannage\/#primaryimage\",\"url\":\"https:\/\/autokunz.ch\/app\/uploads\/2019\/09\/TCS-Hintergrundbild-2.jpg\",\"contentUrl\":\"https:\/\/autokunz.ch\/app\/uploads\/2019\/09\/TCS-Hintergrundbild-2.jpg\",\"width\":1270,\"height\":612,\"caption\":\"Service de d\u00e9pannage - Auto Kunz AG 7\"},{\"@type\":\"BreadcrumbList\",\"@id\":\"https:\/\/autokunz.ch\/fr\/service\/service-de-depannage\/#breadcrumb\",\"itemListElement\":[{\"@type\":\"ListItem\",\"position\":1,\"name\":\"Home\",\"item\":\"https:\/\/autokunz.ch\/fr\/\"},{\"@type\":\"ListItem\",\"position\":2,\"name\":\"Service\",\"item\":\"https:\/\/autokunz.ch\/fr\/service\/\"},{\"@type\":\"ListItem\",\"position\":3,\"name\":\"Service de d\u00e9pannage\"}]},{\"@type\":\"WebSite\",\"@id\":\"https:\/\/autokunz.ch\/#website\",\"url\":\"https:\/\/autokunz.ch\/\",\"name\":\"Auto Kunz\",\"description\":\"\u00dcber 500 Autos, die tiefsten Preise der Schweiz\",\"publisher\":{\"@id\":\"https:\/\/autokunz.ch\/#organization\"},\"potentialAction\":[{\"@type\":\"SearchAction\",\"target\":{\"@type\":\"EntryPoint\",\"urlTemplate\":\"https:\/\/autokunz.ch\/?s={search_term_string}\"},\"query-input\":{\"@type\":\"PropertyValueSpecification\",\"valueRequired\":true,\"valueName\":\"search_term_string\"}}],\"inLanguage\":\"fr-FR\"},{\"@type\":\"Organization\",\"@id\":\"https:\/\/autokunz.ch\/#organization\",\"name\":\"Auto Kunz AG\",\"url\":\"https:\/\/autokunz.ch\/\",\"logo\":{\"@type\":\"ImageObject\",\"inLanguage\":\"fr-FR\",\"@id\":\"https:\/\/autokunz.ch\/#\/schema\/logo\/image\/\",\"url\":\"https:\/\/autokunz.ch\/app\/uploads\/2021\/07\/autokunz-ag-wohlen-logo.png\",\"contentUrl\":\"https:\/\/autokunz.ch\/app\/uploads\/2021\/07\/autokunz-ag-wohlen-logo.png\",\"width\":530,\"height\":79,\"caption\":\"Auto Kunz AG\"},\"image\":{\"@id\":\"https:\/\/autokunz.ch\/#\/schema\/logo\/image\/\"},\"sameAs\":[\"https:\/\/www.facebook.com\/AutoKunzAG\",\"https:\/\/x.com\/autokunzag\",\"https:\/\/www.instagram.com\/autokunz.ch\/\",\"https:\/\/www.linkedin.com\/company\/9463486?trk=tyah&amp;amp;amp;trkInfo=clickedVertical:company,idx:1-1-1,tarId:1434043483672,tas:auto kunz\",\"https:\/\/www.pinterest.com\/autokunzag\/\",\"https:\/\/www.youtube.com\/channel\/UCsS22A2abuuzGxbmhsPm-6g\"]}]}<\/script>\n<!-- \/ Yoast SEO plugin. -->","yoast_head_json":{"title":"Unser Pannendienst mit Unfallhilfe - Auto Kunz AG Wohlen","description":"Dank unserem professionellen Pannendienst wird Ihnen 24 Stunden am Tag und 365 Tage im Jahr innerhalb k\u00fcrzester Zeit geholfen.","robots":{"index":"index","follow":"follow","max-snippet":"max-snippet:-1","max-image-preview":"max-image-preview:large","max-video-preview":"max-video-preview:-1"},"canonical":"https:\/\/autokunz.ch\/fr\/service\/service-de-depannage\/","og_locale":"fr_FR","og_type":"article","og_title":"Unser Pannendienst mit Unfallhilfe - Auto Kunz AG Wohlen","og_description":"Dank unserem professionellen Pannendienst wird Ihnen 24 Stunden am Tag und 365 Tage im Jahr innerhalb k\u00fcrzester Zeit geholfen.","og_url":"https:\/\/autokunz.ch\/fr\/service\/service-de-depannage\/","og_site_name":"Auto Kunz","article_publisher":"https:\/\/www.facebook.com\/AutoKunzAG","article_modified_time":"2019-09-17T13:45:01+00:00","og_image":[{"width":1270,"height":612,"url":"https:\/\/autokunz.ch\/app\/uploads\/2019\/09\/TCS-Hintergrundbild-2.jpg","type":"image\/jpeg"}],"twitter_card":"summary_large_image","twitter_site":"@autokunzag","twitter_misc":{"Est. reading time":"2 minutes"},"schema":{"@context":"https:\/\/schema.org","@graph":[{"@type":"WebPage","@id":"https:\/\/autokunz.ch\/fr\/service\/service-de-depannage\/","url":"https:\/\/autokunz.ch\/fr\/service\/service-de-depannage\/","name":"Unser Pannendienst mit Unfallhilfe - Auto Kunz AG Wohlen","isPartOf":{"@id":"https:\/\/autokunz.ch\/#website"},"primaryImageOfPage":{"@id":"https:\/\/autokunz.ch\/fr\/service\/service-de-depannage\/#primaryimage"},"image":{"@id":"https:\/\/autokunz.ch\/fr\/service\/service-de-depannage\/#primaryimage"},"thumbnailUrl":"https:\/\/autokunz.ch\/app\/uploads\/2019\/09\/TCS-Hintergrundbild-2.jpg","datePublished":"2019-06-30T17:04:02+00:00","dateModified":"2019-09-17T13:45:01+00:00","description":"Dank unserem professionellen Pannendienst wird Ihnen 24 Stunden am Tag und 365 Tage im Jahr innerhalb k\u00fcrzester Zeit geholfen.","breadcrumb":{"@id":"https:\/\/autokunz.ch\/fr\/service\/service-de-depannage\/#breadcrumb"},"inLanguage":"fr-FR","potentialAction":[{"@type":"ReadAction","target":["https:\/\/autokunz.ch\/fr\/service\/service-de-depannage\/"]}]},{"@type":"ImageObject","inLanguage":"fr-FR","@id":"https:\/\/autokunz.ch\/fr\/service\/service-de-depannage\/#primaryimage","url":"https:\/\/autokunz.ch\/app\/uploads\/2019\/09\/TCS-Hintergrundbild-2.jpg","contentUrl":"https:\/\/autokunz.ch\/app\/uploads\/2019\/09\/TCS-Hintergrundbild-2.jpg","width":1270,"height":612,"caption":"Service de d\u00e9pannage - Auto Kunz AG 7"},{"@type":"BreadcrumbList","@id":"https:\/\/autokunz.ch\/fr\/service\/service-de-depannage\/#breadcrumb","itemListElement":[{"@type":"ListItem","position":1,"name":"Home","item":"https:\/\/autokunz.ch\/fr\/"},{"@type":"ListItem","position":2,"name":"Service","item":"https:\/\/autokunz.ch\/fr\/service\/"},{"@type":"ListItem","position":3,"name":"Service de d\u00e9pannage"}]},{"@type":"WebSite","@id":"https:\/\/autokunz.ch\/#website","url":"https:\/\/autokunz.ch\/","name":"Auto Kunz","description":"\u00dcber 500 Autos, die tiefsten Preise der Schweiz","publisher":{"@id":"https:\/\/autokunz.ch\/#organization"},"potentialAction":[{"@type":"SearchAction","target":{"@type":"EntryPoint","urlTemplate":"https:\/\/autokunz.ch\/?s={search_term_string}"},"query-input":{"@type":"PropertyValueSpecification","valueRequired":true,"valueName":"search_term_string"}}],"inLanguage":"fr-FR"},{"@type":"Organization","@id":"https:\/\/autokunz.ch\/#organization","name":"Auto Kunz AG","url":"https:\/\/autokunz.ch\/","logo":{"@type":"ImageObject","inLanguage":"fr-FR","@id":"https:\/\/autokunz.ch\/#\/schema\/logo\/image\/","url":"https:\/\/autokunz.ch\/app\/uploads\/2021\/07\/autokunz-ag-wohlen-logo.png","contentUrl":"https:\/\/autokunz.ch\/app\/uploads\/2021\/07\/autokunz-ag-wohlen-logo.png","width":530,"height":79,"caption":"Auto Kunz AG"},"image":{"@id":"https:\/\/autokunz.ch\/#\/schema\/logo\/image\/"},"sameAs":["https:\/\/www.facebook.com\/AutoKunzAG","https:\/\/x.com\/autokunzag","https:\/\/www.instagram.com\/autokunz.ch\/","https:\/\/www.linkedin.com\/company\/9463486?trk=tyah&amp;amp;amp;trkInfo=clickedVertical:company,idx:1-1-1,tarId:1434043483672,tas:auto kunz","https:\/\/www.pinterest.com\/autokunzag\/","https:\/\/www.youtube.com\/channel\/UCsS22A2abuuzGxbmhsPm-6g"]}]}},"_links":{"self":[{"href":"https:\/\/autokunz.ch\/fr\/wp-json\/wp\/v2\/pages\/34196","targetHints":{"allow":["GET"]}}],"collection":[{"href":"https:\/\/autokunz.ch\/fr\/wp-json\/wp\/v2\/pages"}],"about":[{"href":"https:\/\/autokunz.ch\/fr\/wp-json\/wp\/v2\/types\/page"}],"author":[{"embeddable":true,"href":"https:\/\/autokunz.ch\/fr\/wp-json\/wp\/v2\/users\/1"}],"replies":[{"embeddable":true,"href":"https:\/\/autokunz.ch\/fr\/wp-json\/wp\/v2\/comments?post=34196"}],"version-history":[{"count":3,"href":"https:\/\/autokunz.ch\/fr\/wp-json\/wp\/v2\/pages\/34196\/revisions"}],"predecessor-version":[{"id":1491580,"href":"https:\/\/autokunz.ch\/fr\/wp-json\/wp\/v2\/pages\/34196\/revisions\/1491580"}],"up":[{"embeddable":true,"href":"https:\/\/autokunz.ch\/fr\/wp-json\/wp\/v2\/pages\/34000"}],"wp:featuredmedia":[{"embeddable":true,"href":"https:\/\/autokunz.ch\/fr\/wp-json\/wp\/v2\/media\/1491274"}],"wp:attachment":[{"href":"https:\/\/autokunz.ch\/fr\/wp-json\/wp\/v2\/media?parent=34196"}],"curies":[{"name":"wp","href":"https:\/\/api.w.org\/{rel}","templated":true}]}}