{"id":34239,"date":"2019-07-16T14:10:31","date_gmt":"2019-07-16T12:10:31","guid":{"rendered":"https:\/\/autokunz.ch\/service\/online-termin-buchen\/"},"modified":"2023-02-09T11:42:14","modified_gmt":"2023-02-09T10:42:14","slug":"rendez-vous-en-ligne","status":"publish","type":"page","link":"https:\/\/autokunz.ch\/fr\/service\/rendez-vous-en-ligne\/","title":{"rendered":"Rendez-vous en ligne"},"content":{"rendered":"\n<div class=\"wp-block-columns has-2-columns is-layout-flex wp-container-core-columns-is-layout-9d6595d7 wp-block-columns-is-layout-flex\">\n<div class=\"wp-block-column is-layout-flow wp-block-column-is-layout-flow\">\n<h2 class=\"wp-block-heading\">Prendre rendez-vous en ligne<\/h2>\n\n\n\n<h3 class=\"wp-block-heading\">Obtenez confortablement un rendez-vous en ligne<br>Veuillez choisir une offre<\/h3>\n\n\n\n<p>Chez nous, il est d\u00e9sormais possible de prendre rendez-vous en ligne pour acheter un v\u00e9hicule, le faire r\u00e9parer dans notre atelier de r\u00e9paration ou souscrire un abonnement Auto Abo. Cela ne prend que quelques minutes et vous recevez imm\u00e9diatement une confirmation de votre rendez-vous par email. Gagnez du temps et prenez rendez-vous confortablement via votre portable ou votre tablette 24\u2009heuers sur 24 et 7 jours sur 7. <\/p>\n\n\n\n<p>Pour l\u2019atelier de r\u00e9paration, le conseil, un essai sur route ou l\u2019achat d\u2019une voiture. Si vous pr\u00e9f\u00e9rez nous appeler, nous nous tenons \u00e0 votre disposition aux heures indiqu\u00e9es \u00e0 la rubrique <a href=\"https:\/\/autokunz.ch\/fr\/contact\/\">\u00abContact\u00bb<\/a>. <\/p>\n\n\n\n<p>Profitez de cette opportunit\u00e9 de contact num\u00e9rique, car nous investissons des sommes importantes dans les nouvelles technologies pour faciliter l\u2019acc\u00e8s \u00e0 nos services. <\/p>\n<\/div>\n\n\n\n<div class=\"wp-block-column is-layout-flow wp-block-column-is-layout-flow\">\n<p>Vous pouvez aussi nous envoyer un email ou un message instantan\u00e9. G\u00e9n\u00e9ralement, il est plus rapide de r\u00e9server en ligne. Vous n\u2019\u00eates plus press\u00e9 par le temps, pouvez prendre rendez-vous \u00e0 n\u2019importe quelle heure du jour ou de la nuit et n\u2019avez pas besoin d\u2019attendre pour joindre le bon interlocuteur. <\/p>\n\n\n\n<p>Un sondage a confirm\u00e9 que la grande majorit\u00e9 de nos clients appr\u00e9ciaient beaucoup ce service. Peu apr\u00e8s le lancement du service, on a constat\u00e9 que beaucoup de clients qui avaient fait remplacer leurs pneus au changement de saison avaient pris rendez-vous en ligne. <\/p>\n<\/div>\n<\/div>\n","protected":false},"excerpt":{"rendered":"<p>Prendre rendez-vous en ligne Obtenez confortablement un rendez-vous en ligneVeuillez choisir une offre Chez nous, il est d\u00e9sormais possible de prendre rendez-vous en ligne pour acheter un v\u00e9hicule, le faire r\u00e9parer dans notre atelier de r\u00e9paration ou souscrire un abonnement Auto Abo. Cela ne prend que quelques minutes et vous recevez imm\u00e9diatement une confirmation de &hellip; <a class=\"text-button text-button--primary text-button--no-arrow\" href=\"https:\/\/autokunz.ch\/fr\/service\/rendez-vous-en-ligne\/\">continue<\/a><\/p>\n","protected":false},"author":1,"featured_media":3966140,"parent":34000,"menu_order":6,"comment_status":"closed","ping_status":"closed","template":"views\/template-online-appointment-scheduler.blade.php","meta":{"_acf_changed":false,"footnotes":""},"class_list":["post-34239","page","type-page","status-publish","has-post-thumbnail","hentry"],"acf":[],"yoast_head":"<!-- This site is optimized with the Yoast SEO plugin v27.0 - https:\/\/yoast.com\/product\/yoast-seo-wordpress\/ -->\n<title>Prendre rendez-vous en ligne<\/title>\n<meta name=\"description\" content=\"Prendre rendez-vous en ligne pour acheter un v\u00e9hicule, le faire r\u00e9parer dans notre atelier de r\u00e9paration ou souscrire un abonnement Auto Abo.\" \/>\n<meta name=\"robots\" content=\"index, follow, max-snippet:-1, max-image-preview:large, max-video-preview:-1\" \/>\n<link rel=\"canonical\" href=\"https:\/\/autokunz.ch\/fr\/service\/rendez-vous-en-ligne\/\" \/>\n<meta property=\"og:locale\" content=\"fr_FR\" \/>\n<meta property=\"og:type\" content=\"article\" \/>\n<meta property=\"og:title\" content=\"Prendre rendez-vous en ligne\" \/>\n<meta property=\"og:description\" content=\"Prendre rendez-vous en ligne pour acheter un v\u00e9hicule, le faire r\u00e9parer dans notre atelier de r\u00e9paration ou souscrire un abonnement Auto Abo.\" \/>\n<meta property=\"og:url\" content=\"https:\/\/autokunz.ch\/fr\/service\/rendez-vous-en-ligne\/\" \/>\n<meta property=\"og:site_name\" content=\"Auto Kunz\" \/>\n<meta property=\"article:publisher\" content=\"https:\/\/www.facebook.com\/AutoKunzAG\" \/>\n<meta property=\"article:modified_time\" content=\"2023-02-09T10:42:14+00:00\" \/>\n<meta property=\"og:image\" content=\"https:\/\/autokunz.ch\/app\/uploads\/2021\/12\/Kunz_Aussenaufnahmen_2_15.jpg\" \/>\n\t<meta property=\"og:image:width\" content=\"1920\" \/>\n\t<meta property=\"og:image:height\" content=\"1102\" \/>\n\t<meta property=\"og:image:type\" content=\"image\/jpeg\" \/>\n<meta name=\"twitter:card\" content=\"summary_large_image\" \/>\n<meta name=\"twitter:site\" content=\"@autokunzag\" \/>\n<meta name=\"twitter:label1\" content=\"Est. reading time\" \/>\n\t<meta name=\"twitter:data1\" content=\"2 minutes\" \/>\n<script type=\"application\/ld+json\" class=\"yoast-schema-graph\">{\"@context\":\"https:\/\/schema.org\",\"@graph\":[{\"@type\":\"WebPage\",\"@id\":\"https:\/\/autokunz.ch\/fr\/service\/rendez-vous-en-ligne\/\",\"url\":\"https:\/\/autokunz.ch\/fr\/service\/rendez-vous-en-ligne\/\",\"name\":\"Prendre rendez-vous en ligne\",\"isPartOf\":{\"@id\":\"https:\/\/autokunz.ch\/#website\"},\"primaryImageOfPage\":{\"@id\":\"https:\/\/autokunz.ch\/fr\/service\/rendez-vous-en-ligne\/#primaryimage\"},\"image\":{\"@id\":\"https:\/\/autokunz.ch\/fr\/service\/rendez-vous-en-ligne\/#primaryimage\"},\"thumbnailUrl\":\"https:\/\/autokunz.ch\/app\/uploads\/2023\/02\/online-termin-buchen-auto-kunz-ag-2.jpg\",\"datePublished\":\"2019-07-16T12:10:31+00:00\",\"dateModified\":\"2023-02-09T10:42:14+00:00\",\"description\":\"Prendre rendez-vous en ligne pour acheter un v\u00e9hicule, le faire r\u00e9parer dans notre atelier de r\u00e9paration ou souscrire un abonnement Auto Abo.\",\"breadcrumb\":{\"@id\":\"https:\/\/autokunz.ch\/fr\/service\/rendez-vous-en-ligne\/#breadcrumb\"},\"inLanguage\":\"fr-FR\",\"potentialAction\":[{\"@type\":\"ReadAction\",\"target\":[\"https:\/\/autokunz.ch\/fr\/service\/rendez-vous-en-ligne\/\"]}]},{\"@type\":\"ImageObject\",\"inLanguage\":\"fr-FR\",\"@id\":\"https:\/\/autokunz.ch\/fr\/service\/rendez-vous-en-ligne\/#primaryimage\",\"url\":\"https:\/\/autokunz.ch\/app\/uploads\/2023\/02\/online-termin-buchen-auto-kunz-ag-2.jpg\",\"contentUrl\":\"https:\/\/autokunz.ch\/app\/uploads\/2023\/02\/online-termin-buchen-auto-kunz-ag-2.jpg\",\"width\":1920,\"height\":1280},{\"@type\":\"BreadcrumbList\",\"@id\":\"https:\/\/autokunz.ch\/fr\/service\/rendez-vous-en-ligne\/#breadcrumb\",\"itemListElement\":[{\"@type\":\"ListItem\",\"position\":1,\"name\":\"Home\",\"item\":\"https:\/\/autokunz.ch\/fr\/\"},{\"@type\":\"ListItem\",\"position\":2,\"name\":\"Service\",\"item\":\"https:\/\/autokunz.ch\/fr\/service\/\"},{\"@type\":\"ListItem\",\"position\":3,\"name\":\"Rendez-vous en ligne\"}]},{\"@type\":\"WebSite\",\"@id\":\"https:\/\/autokunz.ch\/#website\",\"url\":\"https:\/\/autokunz.ch\/\",\"name\":\"Auto Kunz\",\"description\":\"\u00dcber 500 Autos, die tiefsten Preise der Schweiz\",\"publisher\":{\"@id\":\"https:\/\/autokunz.ch\/#organization\"},\"potentialAction\":[{\"@type\":\"SearchAction\",\"target\":{\"@type\":\"EntryPoint\",\"urlTemplate\":\"https:\/\/autokunz.ch\/?s={search_term_string}\"},\"query-input\":{\"@type\":\"PropertyValueSpecification\",\"valueRequired\":true,\"valueName\":\"search_term_string\"}}],\"inLanguage\":\"fr-FR\"},{\"@type\":\"Organization\",\"@id\":\"https:\/\/autokunz.ch\/#organization\",\"name\":\"Auto Kunz AG\",\"url\":\"https:\/\/autokunz.ch\/\",\"logo\":{\"@type\":\"ImageObject\",\"inLanguage\":\"fr-FR\",\"@id\":\"https:\/\/autokunz.ch\/#\/schema\/logo\/image\/\",\"url\":\"https:\/\/autokunz.ch\/app\/uploads\/2021\/07\/autokunz-ag-wohlen-logo.png\",\"contentUrl\":\"https:\/\/autokunz.ch\/app\/uploads\/2021\/07\/autokunz-ag-wohlen-logo.png\",\"width\":530,\"height\":79,\"caption\":\"Auto Kunz AG\"},\"image\":{\"@id\":\"https:\/\/autokunz.ch\/#\/schema\/logo\/image\/\"},\"sameAs\":[\"https:\/\/www.facebook.com\/AutoKunzAG\",\"https:\/\/x.com\/autokunzag\",\"https:\/\/www.instagram.com\/autokunz.ch\/\",\"https:\/\/www.linkedin.com\/company\/9463486?trk=tyah&amp;amp;amp;trkInfo=clickedVertical:company,idx:1-1-1,tarId:1434043483672,tas:auto kunz\",\"https:\/\/www.pinterest.com\/autokunzag\/\",\"https:\/\/www.youtube.com\/channel\/UCsS22A2abuuzGxbmhsPm-6g\"]}]}<\/script>\n<!-- \/ Yoast SEO plugin. -->","yoast_head_json":{"title":"Prendre rendez-vous en ligne","description":"Prendre rendez-vous en ligne pour acheter un v\u00e9hicule, le faire r\u00e9parer dans notre atelier de r\u00e9paration ou souscrire un abonnement Auto Abo.","robots":{"index":"index","follow":"follow","max-snippet":"max-snippet:-1","max-image-preview":"max-image-preview:large","max-video-preview":"max-video-preview:-1"},"canonical":"https:\/\/autokunz.ch\/fr\/service\/rendez-vous-en-ligne\/","og_locale":"fr_FR","og_type":"article","og_title":"Prendre rendez-vous en ligne","og_description":"Prendre rendez-vous en ligne pour acheter un v\u00e9hicule, le faire r\u00e9parer dans notre atelier de r\u00e9paration ou souscrire un abonnement Auto Abo.","og_url":"https:\/\/autokunz.ch\/fr\/service\/rendez-vous-en-ligne\/","og_site_name":"Auto Kunz","article_publisher":"https:\/\/www.facebook.com\/AutoKunzAG","article_modified_time":"2023-02-09T10:42:14+00:00","og_image":[{"width":1920,"height":1102,"url":"https:\/\/autokunz.ch\/app\/uploads\/2021\/12\/Kunz_Aussenaufnahmen_2_15.jpg","type":"image\/jpeg"}],"twitter_card":"summary_large_image","twitter_site":"@autokunzag","twitter_misc":{"Est. reading time":"2 minutes"},"schema":{"@context":"https:\/\/schema.org","@graph":[{"@type":"WebPage","@id":"https:\/\/autokunz.ch\/fr\/service\/rendez-vous-en-ligne\/","url":"https:\/\/autokunz.ch\/fr\/service\/rendez-vous-en-ligne\/","name":"Prendre rendez-vous en ligne","isPartOf":{"@id":"https:\/\/autokunz.ch\/#website"},"primaryImageOfPage":{"@id":"https:\/\/autokunz.ch\/fr\/service\/rendez-vous-en-ligne\/#primaryimage"},"image":{"@id":"https:\/\/autokunz.ch\/fr\/service\/rendez-vous-en-ligne\/#primaryimage"},"thumbnailUrl":"https:\/\/autokunz.ch\/app\/uploads\/2023\/02\/online-termin-buchen-auto-kunz-ag-2.jpg","datePublished":"2019-07-16T12:10:31+00:00","dateModified":"2023-02-09T10:42:14+00:00","description":"Prendre rendez-vous en ligne pour acheter un v\u00e9hicule, le faire r\u00e9parer dans notre atelier de r\u00e9paration ou souscrire un abonnement Auto Abo.","breadcrumb":{"@id":"https:\/\/autokunz.ch\/fr\/service\/rendez-vous-en-ligne\/#breadcrumb"},"inLanguage":"fr-FR","potentialAction":[{"@type":"ReadAction","target":["https:\/\/autokunz.ch\/fr\/service\/rendez-vous-en-ligne\/"]}]},{"@type":"ImageObject","inLanguage":"fr-FR","@id":"https:\/\/autokunz.ch\/fr\/service\/rendez-vous-en-ligne\/#primaryimage","url":"https:\/\/autokunz.ch\/app\/uploads\/2023\/02\/online-termin-buchen-auto-kunz-ag-2.jpg","contentUrl":"https:\/\/autokunz.ch\/app\/uploads\/2023\/02\/online-termin-buchen-auto-kunz-ag-2.jpg","width":1920,"height":1280},{"@type":"BreadcrumbList","@id":"https:\/\/autokunz.ch\/fr\/service\/rendez-vous-en-ligne\/#breadcrumb","itemListElement":[{"@type":"ListItem","position":1,"name":"Home","item":"https:\/\/autokunz.ch\/fr\/"},{"@type":"ListItem","position":2,"name":"Service","item":"https:\/\/autokunz.ch\/fr\/service\/"},{"@type":"ListItem","position":3,"name":"Rendez-vous en ligne"}]},{"@type":"WebSite","@id":"https:\/\/autokunz.ch\/#website","url":"https:\/\/autokunz.ch\/","name":"Auto Kunz","description":"\u00dcber 500 Autos, die tiefsten Preise der Schweiz","publisher":{"@id":"https:\/\/autokunz.ch\/#organization"},"potentialAction":[{"@type":"SearchAction","target":{"@type":"EntryPoint","urlTemplate":"https:\/\/autokunz.ch\/?s={search_term_string}"},"query-input":{"@type":"PropertyValueSpecification","valueRequired":true,"valueName":"search_term_string"}}],"inLanguage":"fr-FR"},{"@type":"Organization","@id":"https:\/\/autokunz.ch\/#organization","name":"Auto Kunz AG","url":"https:\/\/autokunz.ch\/","logo":{"@type":"ImageObject","inLanguage":"fr-FR","@id":"https:\/\/autokunz.ch\/#\/schema\/logo\/image\/","url":"https:\/\/autokunz.ch\/app\/uploads\/2021\/07\/autokunz-ag-wohlen-logo.png","contentUrl":"https:\/\/autokunz.ch\/app\/uploads\/2021\/07\/autokunz-ag-wohlen-logo.png","width":530,"height":79,"caption":"Auto Kunz AG"},"image":{"@id":"https:\/\/autokunz.ch\/#\/schema\/logo\/image\/"},"sameAs":["https:\/\/www.facebook.com\/AutoKunzAG","https:\/\/x.com\/autokunzag","https:\/\/www.instagram.com\/autokunz.ch\/","https:\/\/www.linkedin.com\/company\/9463486?trk=tyah&amp;amp;amp;trkInfo=clickedVertical:company,idx:1-1-1,tarId:1434043483672,tas:auto kunz","https:\/\/www.pinterest.com\/autokunzag\/","https:\/\/www.youtube.com\/channel\/UCsS22A2abuuzGxbmhsPm-6g"]}]}},"_links":{"self":[{"href":"https:\/\/autokunz.ch\/fr\/wp-json\/wp\/v2\/pages\/34239","targetHints":{"allow":["GET"]}}],"collection":[{"href":"https:\/\/autokunz.ch\/fr\/wp-json\/wp\/v2\/pages"}],"about":[{"href":"https:\/\/autokunz.ch\/fr\/wp-json\/wp\/v2\/types\/page"}],"author":[{"embeddable":true,"href":"https:\/\/autokunz.ch\/fr\/wp-json\/wp\/v2\/users\/1"}],"replies":[{"embeddable":true,"href":"https:\/\/autokunz.ch\/fr\/wp-json\/wp\/v2\/comments?post=34239"}],"version-history":[{"count":3,"href":"https:\/\/autokunz.ch\/fr\/wp-json\/wp\/v2\/pages\/34239\/revisions"}],"predecessor-version":[{"id":3953872,"href":"https:\/\/autokunz.ch\/fr\/wp-json\/wp\/v2\/pages\/34239\/revisions\/3953872"}],"up":[{"embeddable":true,"href":"https:\/\/autokunz.ch\/fr\/wp-json\/wp\/v2\/pages\/34000"}],"wp:featuredmedia":[{"embeddable":true,"href":"https:\/\/autokunz.ch\/fr\/wp-json\/wp\/v2\/media\/3966140"}],"wp:attachment":[{"href":"https:\/\/autokunz.ch\/fr\/wp-json\/wp\/v2\/media?parent=34239"}],"curies":[{"name":"wp","href":"https:\/\/api.w.org\/{rel}","templated":true}]}}