{"id":34874,"date":"2019-06-30T19:04:26","date_gmt":"2019-06-30T17:04:26","guid":{"rendered":"https:\/\/autokunz.ch\/service\/import-dienstleistungen\/"},"modified":"2024-01-24T14:22:08","modified_gmt":"2024-01-24T13:22:08","slug":"service-dimportation","status":"publish","type":"page","link":"https:\/\/autokunz.ch\/fr\/service\/service-dimportation\/","title":{"rendered":"Service d&#8217;importation"},"content":{"rendered":"\n<h2 class=\"wp-block-heading\">Importation de voitures, services et bourse de CO2<\/h2>\n\n\n\n<div class=\"wp-block-columns has-2-columns is-layout-flex wp-container-core-columns-is-layout-9d6595d7 wp-block-columns-is-layout-flex\">\n<div class=\"wp-block-column is-layout-flow wp-block-column-is-layout-flow\">\n<h3 class=\"wp-block-heading\">Importation de voitures neuves et d\u2019occasions.<\/h3>\n\n\n\n<p>Nous importons des voitures neuves et d\u2019occasion de toute l\u2019Europe. Nous importons les v\u00e9hicules pour notre revente et <mark style=\"background-color:rgba(0, 0, 0, 0)\" class=\"has-inline-color has-primary-color\">\u00e9galement pour vous en tant que service<\/mark>. Bien entendu, nous nous occupons \u00e9galement du transport et de toutes les formalit\u00e9s. En tant qu\u2019importateur direct de nombreuses marques diff\u00e9rentes, nous avons une vaste exp\u00e9rience dans l\u2019importation de voitures, un r\u00e9seau exceptionnel et sommes toujours \u00e0 jour avec les derni\u00e8res connaissances de la l\u00e9gislation et de la r\u00e9glementation. <\/p>\n\n\n\n<p>Vous \u00eates impatient ? Choisissez votre voiture dans notre stock. Si le v\u00e9hicule de votre r\u00eave se trouve \u00e0 l\u2019\u00e9tranger, nous nous ferons un plaisir de vous aider dans le processus d\u2019importation.<\/p>\n\n\n\n<div style=\"height:35px\" aria-hidden=\"true\" class=\"wp-block-spacer\"><\/div>\n\n\n\n<div class=\"wp-block-columns has-4-columns is-layout-flex wp-container-core-columns-is-layout-9d6595d7 wp-block-columns-is-layout-flex\">\n<div class=\"wp-block-column is-layout-flow wp-block-column-is-layout-flow\">\n<div class=\"wp-block-button is-style-button--gray\"><a class=\"wp-block-button__link wp-element-button\" href=\"https:\/\/autokunz.ch\/fr\/autos-2\/konfigurator\/\">Configurateur<\/a><\/div>\n<\/div>\n\n\n\n<div class=\"wp-block-column is-layout-flow wp-block-column-is-layout-flow\">\n<div class=\"wp-block-button is-style-button--gray\"><a class=\"wp-block-button__link wp-element-button\" href=\"https:\/\/autokunz.ch\/fr\/autos\">V\u00e9hicules<\/a><\/div>\n<\/div>\n\n\n\n<div class=\"wp-block-column is-layout-flow wp-block-column-is-layout-flow\">\n<div class=\"wp-block-button is-style-button--gray\"><a class=\"wp-block-button__link wp-element-button\" href=\"https:\/\/autokunz.ch\/fr\/service\/import-co2-boerse\/\">Bourse DU <br>CO2<\/a><\/div>\n<\/div>\n\n\n\n<div class=\"wp-block-column is-layout-flow wp-block-column-is-layout-flow\">\n<p><\/p>\n<\/div>\n<\/div>\n<\/div>\n\n\n\n<div class=\"wp-block-column is-layout-flow wp-block-column-is-layout-flow\">\n<figure class=\"wp-block-image\"><img decoding=\"async\" src=\"https:\/\/autokunz.ch\/app\/uploads\/2019\/08\/1.2.7-Import-DL-Challenger-Showroom-2-1366x911.jpg\" alt=\"\" class=\"wp-image-7518\"\/><\/figure>\n<\/div>\n<\/div>\n\n\n\n<hr class=\"wp-block-separator has-css-opacity\"\/>\n\n\n\n<div class=\"wp-block-columns has-2-columns is-layout-flex wp-container-core-columns-is-layout-9d6595d7 wp-block-columns-is-layout-flex\">\n<div class=\"wp-block-column is-layout-flow wp-block-column-is-layout-flow\">\n<h4 class=\"wp-block-heading\">Vous souhaitez importer un v\u00e9hicule mais ne voulez pas vous soucier des formalit\u00e9s, du transport, des douanes et de l\u2019immatriculation ?<\/h4>\n\n\n\n<h6 class=\"wp-block-heading\">Nous importons la voiture de votre r\u00eave pour vous ! <\/h6>\n\n\n\n<p>Profitez de notre savoir-faire holistique dans tous les domaines de l\u2019importation de voitures. Du transport au d\u00e9douanement et \u00e0 la fiscalit\u00e9 en passant par le contr\u00f4le au bureau de la circulation routi\u00e8re, nous vous offrons tous les services. Profitez de notre propre bourse de CO2! <\/p>\n\n\n\n<h6 class=\"wp-block-heading\">L\u2019importation de votre voiture de r\u00eave commence par la planification et se termine par la remise des cl\u00e9s.<\/h6>\n\n\n\n<p>Nous contactons le vendeur et organisons les documents d\u2019exportation. Pour le transport, nous faisons appel \u00e0 des partenaires logistiques et d&#8217;assurance renomm\u00e9s. \u00c0 l\u2019arriv\u00e9e en Suisse, nous nous occupons des d\u00e9marches administratives relatives au d\u00e9douanement, \u00e0 la TVA et, si n\u00e9cessaire, \u00e0 la comptabilit\u00e9 CO2.<\/p>\n\n\n\n<p>Nous pr\u00e9parons votre voiture pour le contr\u00f4le routier et l\u2019\u00e9changeons avec la preuve d\u2019assurance.<\/p>\n\n\n\n<h6 class=\"wp-block-heading\">Propre bourse de CO2<\/h6>\n\n\n\n<p>Faites-nous confiance, nous nous occupons de la facturation correcte sur la bourse de CO2 pour les v\u00e9hicules neufs.<\/p>\n<\/div>\n\n\n\n<div class=\"wp-block-column is-layout-flow wp-block-column-is-layout-flow\">\n<h6 class=\"wp-block-heading\">Homologation<\/h6>\n\n\n\n<p>Les v\u00e9hicules sans certificat de conformit\u00e9 doivent \u00eatre homologu\u00e9s en Suisse avant l\u2019immatriculation. Nous connaissons la r\u00e9glementation et la l\u00e9gislation et nous homologue votre v\u00e9hicule afin qu\u2019il puisse \u00eatre immatricul\u00e9 en Suisse.<\/p>\n\n\n\n<h6 class=\"wp-block-heading\">Nous importons votre v\u00e9hicule !<\/h6>\n\n\n\n<p>Pour les profanes, l\u2019importation de v\u00e9hicules est complexe et peut rapidement devenir un cauchemar. Nous connaissons les d\u00e9fis de l\u2019importation et de l\u2019immatriculation des voitures et nous sommes heureux de vous soulager \u00e0 cet \u00e9gard. <\/p>\n\n\n\n<h6 class=\"wp-block-heading\">Frais d\u2019importation de v\u00e9hicules<\/h6>\n\n\n\n<p>Sur la base du prix de vente net du v\u00e9hicule, les frais s\u2019appliquent : droits de douane, taxe automobile de 4% et TVA de 7,7%. En outre, il y a des co\u00fbts pour le transport, le contr\u00f4le technique (MFK) et la d\u00e9monstration.<\/p>\n\n\n\n<p>Pour les v\u00e9hicules qui ont moins de 6 mois apr\u00e8s la premi\u00e8re immatriculation, il existe toujours des frais pour le traitement du CO2 (sauf pour les hybrides rechargeables et les v\u00e9hicules \u00e9lectriques). <\/p>\n\n\n\n<p>Remplissez vous-m\u00eame une montagne de formulaires \u2013 ou laissez-nous les faire ? Appelez-nous au <mark style=\"background-color:rgba(0, 0, 0, 0)\" class=\"has-inline-color has-primary-color\">+41 56 622 13 43.<\/mark><\/p>\n\n\n\n<p><\/p>\n\n\n\n<p><br><\/p>\n<\/div>\n<\/div>\n\n\n\n<p><\/p>\n","protected":false},"excerpt":{"rendered":"<p>Importation de voitures, services et bourse de CO2 Importation de voitures neuves et d\u2019occasions. Nous importons des voitures neuves et d\u2019occasion de toute l\u2019Europe. Nous importons les v\u00e9hicules pour notre revente et \u00e9galement pour vous en tant que service. Bien entendu, nous nous occupons \u00e9galement du transport et de toutes les formalit\u00e9s. En tant qu\u2019importateur &hellip; <a class=\"text-button text-button--primary text-button--no-arrow\" href=\"https:\/\/autokunz.ch\/fr\/service\/service-dimportation\/\">continue<\/a><\/p>\n","protected":false},"author":1,"featured_media":3209788,"parent":34000,"menu_order":0,"comment_status":"closed","ping_status":"closed","template":"","meta":{"_acf_changed":false,"footnotes":""},"class_list":["post-34874","page","type-page","status-publish","has-post-thumbnail","hentry"],"acf":[],"yoast_head":"<!-- This site is optimized with the Yoast SEO plugin v27.0 - https:\/\/yoast.com\/product\/yoast-seo-wordpress\/ -->\n<title>Services d\u2019importation des voitures - Auto Kunz AG, Wohlen<\/title>\n<meta name=\"description\" content=\"Nous importons des voitures de nombreux pays. Nous introduisons les v\u00e9hicules pour notre revente et aussi comme un service pour vous.\" \/>\n<meta name=\"robots\" content=\"index, follow, max-snippet:-1, max-image-preview:large, max-video-preview:-1\" \/>\n<link rel=\"canonical\" href=\"https:\/\/autokunz.ch\/fr\/service\/service-dimportation\/\" \/>\n<meta property=\"og:locale\" content=\"fr_FR\" \/>\n<meta property=\"og:type\" content=\"article\" \/>\n<meta property=\"og:title\" content=\"Services d\u2019importation des voitures - Auto Kunz AG, Wohlen\" \/>\n<meta property=\"og:description\" content=\"Nous importons des voitures de nombreux pays. Nous introduisons les v\u00e9hicules pour notre revente et aussi comme un service pour vous.\" \/>\n<meta property=\"og:url\" content=\"https:\/\/autokunz.ch\/fr\/service\/service-dimportation\/\" \/>\n<meta property=\"og:site_name\" content=\"Auto Kunz\" \/>\n<meta property=\"article:publisher\" content=\"https:\/\/www.facebook.com\/AutoKunzAG\" \/>\n<meta property=\"article:modified_time\" content=\"2024-01-24T13:22:08+00:00\" \/>\n<meta property=\"og:image\" content=\"https:\/\/autokunz.ch\/app\/uploads\/2022\/04\/audi-flottenrabatt-auto-kunz-ag.jpg\" \/>\n\t<meta property=\"og:image:width\" content=\"1920\" \/>\n\t<meta property=\"og:image:height\" content=\"1280\" \/>\n\t<meta property=\"og:image:type\" content=\"image\/jpeg\" \/>\n<meta name=\"twitter:card\" content=\"summary_large_image\" \/>\n<meta name=\"twitter:site\" content=\"@autokunzag\" \/>\n<meta name=\"twitter:label1\" content=\"Est. reading time\" \/>\n\t<meta name=\"twitter:data1\" content=\"3 minutes\" \/>\n<script type=\"application\/ld+json\" class=\"yoast-schema-graph\">{\"@context\":\"https:\/\/schema.org\",\"@graph\":[{\"@type\":\"WebPage\",\"@id\":\"https:\/\/autokunz.ch\/fr\/service\/service-dimportation\/\",\"url\":\"https:\/\/autokunz.ch\/fr\/service\/service-dimportation\/\",\"name\":\"Services d\u2019importation des voitures - Auto Kunz AG, Wohlen\",\"isPartOf\":{\"@id\":\"https:\/\/autokunz.ch\/#website\"},\"primaryImageOfPage\":{\"@id\":\"https:\/\/autokunz.ch\/fr\/service\/service-dimportation\/#primaryimage\"},\"image\":{\"@id\":\"https:\/\/autokunz.ch\/fr\/service\/service-dimportation\/#primaryimage\"},\"thumbnailUrl\":\"https:\/\/autokunz.ch\/app\/uploads\/2022\/04\/audi-flottenrabatt-auto-kunz-ag.jpg\",\"datePublished\":\"2019-06-30T17:04:26+00:00\",\"dateModified\":\"2024-01-24T13:22:08+00:00\",\"description\":\"Nous importons des voitures de nombreux pays. Nous introduisons les v\u00e9hicules pour notre revente et aussi comme un service pour vous.\",\"breadcrumb\":{\"@id\":\"https:\/\/autokunz.ch\/fr\/service\/service-dimportation\/#breadcrumb\"},\"inLanguage\":\"fr-FR\",\"potentialAction\":[{\"@type\":\"ReadAction\",\"target\":[\"https:\/\/autokunz.ch\/fr\/service\/service-dimportation\/\"]}]},{\"@type\":\"ImageObject\",\"inLanguage\":\"fr-FR\",\"@id\":\"https:\/\/autokunz.ch\/fr\/service\/service-dimportation\/#primaryimage\",\"url\":\"https:\/\/autokunz.ch\/app\/uploads\/2022\/04\/audi-flottenrabatt-auto-kunz-ag.jpg\",\"contentUrl\":\"https:\/\/autokunz.ch\/app\/uploads\/2022\/04\/audi-flottenrabatt-auto-kunz-ag.jpg\",\"width\":1920,\"height\":1280,\"caption\":\"Service d'importation - Auto Kunz AG mit den schweizweit tiefsten Preisen 1\"},{\"@type\":\"BreadcrumbList\",\"@id\":\"https:\/\/autokunz.ch\/fr\/service\/service-dimportation\/#breadcrumb\",\"itemListElement\":[{\"@type\":\"ListItem\",\"position\":1,\"name\":\"Home\",\"item\":\"https:\/\/autokunz.ch\/fr\/\"},{\"@type\":\"ListItem\",\"position\":2,\"name\":\"Service\",\"item\":\"https:\/\/autokunz.ch\/fr\/service\/\"},{\"@type\":\"ListItem\",\"position\":3,\"name\":\"Service d&#8217;importation\"}]},{\"@type\":\"WebSite\",\"@id\":\"https:\/\/autokunz.ch\/#website\",\"url\":\"https:\/\/autokunz.ch\/\",\"name\":\"Auto Kunz\",\"description\":\"\u00dcber 500 Autos, die tiefsten Preise der Schweiz\",\"publisher\":{\"@id\":\"https:\/\/autokunz.ch\/#organization\"},\"potentialAction\":[{\"@type\":\"SearchAction\",\"target\":{\"@type\":\"EntryPoint\",\"urlTemplate\":\"https:\/\/autokunz.ch\/?s={search_term_string}\"},\"query-input\":{\"@type\":\"PropertyValueSpecification\",\"valueRequired\":true,\"valueName\":\"search_term_string\"}}],\"inLanguage\":\"fr-FR\"},{\"@type\":\"Organization\",\"@id\":\"https:\/\/autokunz.ch\/#organization\",\"name\":\"Auto Kunz AG\",\"url\":\"https:\/\/autokunz.ch\/\",\"logo\":{\"@type\":\"ImageObject\",\"inLanguage\":\"fr-FR\",\"@id\":\"https:\/\/autokunz.ch\/#\/schema\/logo\/image\/\",\"url\":\"https:\/\/autokunz.ch\/app\/uploads\/2021\/07\/autokunz-ag-wohlen-logo.png\",\"contentUrl\":\"https:\/\/autokunz.ch\/app\/uploads\/2021\/07\/autokunz-ag-wohlen-logo.png\",\"width\":530,\"height\":79,\"caption\":\"Auto Kunz AG\"},\"image\":{\"@id\":\"https:\/\/autokunz.ch\/#\/schema\/logo\/image\/\"},\"sameAs\":[\"https:\/\/www.facebook.com\/AutoKunzAG\",\"https:\/\/x.com\/autokunzag\",\"https:\/\/www.instagram.com\/autokunz.ch\/\",\"https:\/\/www.linkedin.com\/company\/9463486?trk=tyah&amp;amp;amp;trkInfo=clickedVertical:company,idx:1-1-1,tarId:1434043483672,tas:auto kunz\",\"https:\/\/www.pinterest.com\/autokunzag\/\",\"https:\/\/www.youtube.com\/channel\/UCsS22A2abuuzGxbmhsPm-6g\"]}]}<\/script>\n<!-- \/ Yoast SEO plugin. -->","yoast_head_json":{"title":"Services d\u2019importation des voitures - Auto Kunz AG, Wohlen","description":"Nous importons des voitures de nombreux pays. Nous introduisons les v\u00e9hicules pour notre revente et aussi comme un service pour vous.","robots":{"index":"index","follow":"follow","max-snippet":"max-snippet:-1","max-image-preview":"max-image-preview:large","max-video-preview":"max-video-preview:-1"},"canonical":"https:\/\/autokunz.ch\/fr\/service\/service-dimportation\/","og_locale":"fr_FR","og_type":"article","og_title":"Services d\u2019importation des voitures - Auto Kunz AG, Wohlen","og_description":"Nous importons des voitures de nombreux pays. Nous introduisons les v\u00e9hicules pour notre revente et aussi comme un service pour vous.","og_url":"https:\/\/autokunz.ch\/fr\/service\/service-dimportation\/","og_site_name":"Auto Kunz","article_publisher":"https:\/\/www.facebook.com\/AutoKunzAG","article_modified_time":"2024-01-24T13:22:08+00:00","og_image":[{"width":1920,"height":1280,"url":"https:\/\/autokunz.ch\/app\/uploads\/2022\/04\/audi-flottenrabatt-auto-kunz-ag.jpg","type":"image\/jpeg"}],"twitter_card":"summary_large_image","twitter_site":"@autokunzag","twitter_misc":{"Est. reading time":"3 minutes"},"schema":{"@context":"https:\/\/schema.org","@graph":[{"@type":"WebPage","@id":"https:\/\/autokunz.ch\/fr\/service\/service-dimportation\/","url":"https:\/\/autokunz.ch\/fr\/service\/service-dimportation\/","name":"Services d\u2019importation des voitures - Auto Kunz AG, Wohlen","isPartOf":{"@id":"https:\/\/autokunz.ch\/#website"},"primaryImageOfPage":{"@id":"https:\/\/autokunz.ch\/fr\/service\/service-dimportation\/#primaryimage"},"image":{"@id":"https:\/\/autokunz.ch\/fr\/service\/service-dimportation\/#primaryimage"},"thumbnailUrl":"https:\/\/autokunz.ch\/app\/uploads\/2022\/04\/audi-flottenrabatt-auto-kunz-ag.jpg","datePublished":"2019-06-30T17:04:26+00:00","dateModified":"2024-01-24T13:22:08+00:00","description":"Nous importons des voitures de nombreux pays. Nous introduisons les v\u00e9hicules pour notre revente et aussi comme un service pour vous.","breadcrumb":{"@id":"https:\/\/autokunz.ch\/fr\/service\/service-dimportation\/#breadcrumb"},"inLanguage":"fr-FR","potentialAction":[{"@type":"ReadAction","target":["https:\/\/autokunz.ch\/fr\/service\/service-dimportation\/"]}]},{"@type":"ImageObject","inLanguage":"fr-FR","@id":"https:\/\/autokunz.ch\/fr\/service\/service-dimportation\/#primaryimage","url":"https:\/\/autokunz.ch\/app\/uploads\/2022\/04\/audi-flottenrabatt-auto-kunz-ag.jpg","contentUrl":"https:\/\/autokunz.ch\/app\/uploads\/2022\/04\/audi-flottenrabatt-auto-kunz-ag.jpg","width":1920,"height":1280,"caption":"Service d'importation - Auto Kunz AG mit den schweizweit tiefsten Preisen 1"},{"@type":"BreadcrumbList","@id":"https:\/\/autokunz.ch\/fr\/service\/service-dimportation\/#breadcrumb","itemListElement":[{"@type":"ListItem","position":1,"name":"Home","item":"https:\/\/autokunz.ch\/fr\/"},{"@type":"ListItem","position":2,"name":"Service","item":"https:\/\/autokunz.ch\/fr\/service\/"},{"@type":"ListItem","position":3,"name":"Service d&#8217;importation"}]},{"@type":"WebSite","@id":"https:\/\/autokunz.ch\/#website","url":"https:\/\/autokunz.ch\/","name":"Auto Kunz","description":"\u00dcber 500 Autos, die tiefsten Preise der Schweiz","publisher":{"@id":"https:\/\/autokunz.ch\/#organization"},"potentialAction":[{"@type":"SearchAction","target":{"@type":"EntryPoint","urlTemplate":"https:\/\/autokunz.ch\/?s={search_term_string}"},"query-input":{"@type":"PropertyValueSpecification","valueRequired":true,"valueName":"search_term_string"}}],"inLanguage":"fr-FR"},{"@type":"Organization","@id":"https:\/\/autokunz.ch\/#organization","name":"Auto Kunz AG","url":"https:\/\/autokunz.ch\/","logo":{"@type":"ImageObject","inLanguage":"fr-FR","@id":"https:\/\/autokunz.ch\/#\/schema\/logo\/image\/","url":"https:\/\/autokunz.ch\/app\/uploads\/2021\/07\/autokunz-ag-wohlen-logo.png","contentUrl":"https:\/\/autokunz.ch\/app\/uploads\/2021\/07\/autokunz-ag-wohlen-logo.png","width":530,"height":79,"caption":"Auto Kunz AG"},"image":{"@id":"https:\/\/autokunz.ch\/#\/schema\/logo\/image\/"},"sameAs":["https:\/\/www.facebook.com\/AutoKunzAG","https:\/\/x.com\/autokunzag","https:\/\/www.instagram.com\/autokunz.ch\/","https:\/\/www.linkedin.com\/company\/9463486?trk=tyah&amp;amp;amp;trkInfo=clickedVertical:company,idx:1-1-1,tarId:1434043483672,tas:auto kunz","https:\/\/www.pinterest.com\/autokunzag\/","https:\/\/www.youtube.com\/channel\/UCsS22A2abuuzGxbmhsPm-6g"]}]}},"_links":{"self":[{"href":"https:\/\/autokunz.ch\/fr\/wp-json\/wp\/v2\/pages\/34874","targetHints":{"allow":["GET"]}}],"collection":[{"href":"https:\/\/autokunz.ch\/fr\/wp-json\/wp\/v2\/pages"}],"about":[{"href":"https:\/\/autokunz.ch\/fr\/wp-json\/wp\/v2\/types\/page"}],"author":[{"embeddable":true,"href":"https:\/\/autokunz.ch\/fr\/wp-json\/wp\/v2\/users\/1"}],"replies":[{"embeddable":true,"href":"https:\/\/autokunz.ch\/fr\/wp-json\/wp\/v2\/comments?post=34874"}],"version-history":[{"count":3,"href":"https:\/\/autokunz.ch\/fr\/wp-json\/wp\/v2\/pages\/34874\/revisions"}],"predecessor-version":[{"id":4683024,"href":"https:\/\/autokunz.ch\/fr\/wp-json\/wp\/v2\/pages\/34874\/revisions\/4683024"}],"up":[{"embeddable":true,"href":"https:\/\/autokunz.ch\/fr\/wp-json\/wp\/v2\/pages\/34000"}],"wp:featuredmedia":[{"embeddable":true,"href":"https:\/\/autokunz.ch\/fr\/wp-json\/wp\/v2\/media\/3209788"}],"wp:attachment":[{"href":"https:\/\/autokunz.ch\/fr\/wp-json\/wp\/v2\/media?parent=34874"}],"curies":[{"name":"wp","href":"https:\/\/api.w.org\/{rel}","templated":true}]}}