{"id":35001,"date":"2019-08-05T15:07:36","date_gmt":"2019-08-05T13:07:36","guid":{"rendered":"https:\/\/autokunz.ch\/online-shop\/"},"modified":"2024-10-09T13:33:37","modified_gmt":"2024-10-09T11:33:37","slug":"online-shop","status":"publish","type":"page","link":"https:\/\/autokunz.ch\/fr\/online-shop\/","title":{"rendered":"Online Shop"},"content":{"rendered":"\n<div class=\"wp-block-columns has-2-columns is-layout-flex wp-container-core-columns-is-layout-9d6595d7 wp-block-columns-is-layout-flex\">\n<div class=\"wp-block-column is-layout-flow wp-block-column-is-layout-flow\">\n<h2 class=\"wp-block-heading\"><strong>Boutique en ligne de voitures<\/strong><\/h2>\n\n\n\n<h3 class=\"wp-block-heading\">avec plus de 500 voitures <\/h3>\n\n\n\n<p>Notre boutique en ligne \/ achat en ligne comprend deux cat\u00e9gories. D&#8217;une part, nous proposons notre assortiment d&#8217;accessoires, d&#8217;autre part, l&#8217;achat en ligne de plus de 500 voitures! Asseyez-vous confortablement \u00e0 la maison et parcourez notre boutique en ligne.<br><\/p>\n\n\n\n<div class=\"wp-block-columns has-3-columns is-layout-flex wp-container-core-columns-is-layout-9d6595d7 wp-block-columns-is-layout-flex\">\n<div class=\"wp-block-column is-layout-flow wp-block-column-is-layout-flow\">\n<div class=\"wp-block-button is-style-button--gray\"><a class=\"wp-block-button__link wp-element-button\" href=\"https:\/\/autokunz.ch\/fr\/online-shop\/achat-voitures-en-ligne\/#filter=%7B%7D&amp;sorting=a-z&amp;page=1&amp;display=purchase\">achat voiture en ligne<\/a><\/div>\n<\/div>\n\n\n\n<div class=\"wp-block-column is-layout-flow wp-block-column-is-layout-flow\"><\/div>\n\n\n\n<div class=\"wp-block-column is-layout-flow wp-block-column-is-layout-flow\">\n<div class=\"wp-block-button is-style-button--gray\"><a class=\"wp-block-button__link wp-element-button\" href=\"https:\/\/autokunz.ch\/fr\/online-shop\/shop-pour-accessoires\/#filter=%7B%7D&amp;sorting=a-z&amp;page=1\">Online Shop pour accessoires<\/a><\/div>\n<\/div>\n<\/div>\n<\/div>\n\n\n\n<div class=\"wp-block-column is-layout-flow wp-block-column-is-layout-flow\">\n<figure class=\"wp-block-image size-large\"><img decoding=\"async\" width=\"1366\" height=\"911\" src=\"https:\/\/autokunz.ch\/app\/uploads\/2023\/02\/online-shop-auto-kunz-ag-2-1366x911.jpg\" alt=\"Online Shop - Auto Kunz AG mit den schweizweit tiefsten Preisen\" class=\"wp-image-3966149\" srcset=\"https:\/\/autokunz.ch\/app\/uploads\/2023\/02\/online-shop-auto-kunz-ag-2-1366x911.jpg 1366w, https:\/\/autokunz.ch\/app\/uploads\/2023\/02\/online-shop-auto-kunz-ag-2-530x353.jpg 530w, https:\/\/autokunz.ch\/app\/uploads\/2023\/02\/online-shop-auto-kunz-ag-2-297x197.jpg 297w, https:\/\/autokunz.ch\/app\/uploads\/2023\/02\/online-shop-auto-kunz-ag-2-768x512.jpg 768w, https:\/\/autokunz.ch\/app\/uploads\/2023\/02\/online-shop-auto-kunz-ag-2-1536x1024.jpg 1536w, https:\/\/autokunz.ch\/app\/uploads\/2023\/02\/online-shop-auto-kunz-ag-2.jpg 1920w\" sizes=\"(max-width: 1366px) 100vw, 1366px\" \/><\/figure>\n<\/div>\n<\/div>\n\n\n\n<hr class=\"wp-block-separator has-css-opacity is-style-wide\"\/>\n\n\n\n<div class=\"wp-block-columns has-2-columns is-layout-flex wp-container-core-columns-is-layout-9d6595d7 wp-block-columns-is-layout-flex\">\n<div class=\"wp-block-column is-layout-flow wp-block-column-is-layout-flow\">\n<h6 class=\"wp-block-heading\"><strong>Achat de voiture en ligne<\/strong><\/h6>\n\n\n\n<p>Notre plateforme d\u2019achat de v\u00e9hicules directement dans notre boutique web est une v\u00e9ritable nouveaut\u00e9 en Suisse. En r\u00e8gle g\u00e9n\u00e9rale, elle pr\u00e9sente plus de <a href=\"https:\/\/autokunz.ch\/fr\/autos-2\/voitures-neuves\/#filter=%7B%7D&amp;sorting=a-z&amp;page=1&amp;display=purchase\">500 voitures<\/a>. Vous pouvez aussi d\u00e9cider de vous faire livrer la voiture \u00e0 domicile. Nous vous donnons alors des explications \/ une introduction sur votre nouvelle voiture qu\u2019elle soit neuve ou d\u2018occasion. <\/p>\n\n\n\n<p>Si, contre toute attente, vous n\u2019\u00eates pas satisfait de votre nouvelle acquisition, vous pouvez l\u2019\u00e9changer dans le mois suivant votre achat. Renseignez-vous sur le <a href=\"https:\/\/autokunz.ch\/fr\/service\/voitures-neuves-swiss-package\/\">droit de retour<\/a> que nous vous offrons. Nous avons d\u00e9velopp\u00e9 ce nouveau service afin que vous puissiez chercher une voiture en toute tranquillit\u00e9 et en dehors des heures d\u2019ouverture. Vous avez ainsi acc\u00e8s 24\u2009heures sur 24 et 7 jours sur 7 \u00e0 toutes les voitures et pouvez faire l\u2019acquisition de la voiture de vos r\u00eaves en quelques clics confortablement install\u00e9 dans votre salon!<\/p>\n<\/div>\n\n\n\n<div class=\"wp-block-column is-layout-flow wp-block-column-is-layout-flow\">\n<p>Apr\u00e8s l&#8217;achat en ligne dans la boutique en ligne, nous vous contacterons le jour ouvrable suivant ou imm\u00e9diatement apr\u00e8s votre achat si vous avez d&#8217;autres questions. Nous nous occupons de toutes les formalit\u00e9s. Apr\u00e8s le paiement, la voiture de vos r\u00eaves est livr\u00e9e, rien ne vous emp\u00eache!<\/p>\n\n\n\n<h6 class=\"wp-block-heading\"><strong>Boutique d&#8217;accessoires en ligne<\/strong><\/h6>\n\n\n\n<p>Asseyez-vous confortablement \u00e0 la maison et parcourez notre boutique en ligne pour trouver les accessoires que vous souhaitez pour votre voiture. Nous proposons des produits haut de gamme provenant de nombreux domaines, qui am\u00e9liorent ou personnalisent votre v\u00e9hicule. Des accessoires \u00e9lectroniques aux composants de ch\u00e2ssis, en passant par le style de la carrosserie, le r\u00e9glage technique ou optique, les jantes en alliage ou les accessoires tels que les syst\u00e8mes de porte-bagages et les attelages de remorque, tout est inclus! Cliquez dans notre boutique et commandez confortablement depuis votre canap\u00e9. Ceci pendant 7 jours et 24 heures.<br><\/p>\n\n\n\n<p><\/p>\n<\/div>\n<\/div>\n","protected":false},"excerpt":{"rendered":"<p>Boutique en ligne de voitures avec plus de 500 voitures Notre boutique en ligne \/ achat en ligne comprend deux cat\u00e9gories. D&#8217;une part, nous proposons notre assortiment d&#8217;accessoires, d&#8217;autre part, l&#8217;achat en ligne de plus de 500 voitures! Asseyez-vous confortablement \u00e0 la maison et parcourez notre boutique en ligne. Achat de voiture en ligne Notre &hellip; <a class=\"text-button text-button--primary text-button--no-arrow\" href=\"https:\/\/autokunz.ch\/fr\/online-shop\/\">continue<\/a><\/p>\n","protected":false},"author":4,"featured_media":3966144,"parent":0,"menu_order":0,"comment_status":"closed","ping_status":"closed","template":"","meta":{"_acf_changed":false,"footnotes":""},"class_list":["post-35001","page","type-page","status-publish","has-post-thumbnail","hentry"],"acf":[],"yoast_head":"<!-- This site is optimized with the Yoast SEO plugin v27.0 - https:\/\/yoast.com\/product\/yoast-seo-wordpress\/ -->\n<title>Online Shop - NEU! Fahrzeuge &amp; Zubeh\u00f6r online kaufen - Auto Kunz AG<\/title>\n<meta name=\"description\" content=\"Unser Online Shop: Von der Zubeh\u00f6r Abteilung bis zum online Kauf von \u00fcber 500 Fahrzeugen. Durchforsten Sie unseren Online Shop!\" \/>\n<meta name=\"robots\" content=\"index, follow, max-snippet:-1, max-image-preview:large, max-video-preview:-1\" \/>\n<link rel=\"canonical\" href=\"https:\/\/autokunz.ch\/fr\/online-shop\/\" \/>\n<meta property=\"og:locale\" content=\"fr_FR\" \/>\n<meta property=\"og:type\" content=\"article\" \/>\n<meta property=\"og:title\" content=\"Online Shop - NEU! Fahrzeuge &amp; Zubeh\u00f6r online kaufen - Auto Kunz AG\" \/>\n<meta property=\"og:description\" content=\"Unser Online Shop: Von der Zubeh\u00f6r Abteilung bis zum online Kauf von \u00fcber 500 Fahrzeugen. Durchforsten Sie unseren Online Shop!\" \/>\n<meta property=\"og:url\" content=\"https:\/\/autokunz.ch\/fr\/online-shop\/\" \/>\n<meta property=\"og:site_name\" content=\"Auto Kunz\" \/>\n<meta property=\"article:publisher\" content=\"https:\/\/www.facebook.com\/AutoKunzAG\" \/>\n<meta property=\"article:modified_time\" content=\"2024-10-09T11:33:37+00:00\" \/>\n<meta property=\"og:image\" content=\"https:\/\/autokunz.ch\/app\/uploads\/2023\/02\/online-shop-auto-kunz-ag.jpg\" \/>\n\t<meta property=\"og:image:width\" content=\"1920\" \/>\n\t<meta property=\"og:image:height\" content=\"1280\" \/>\n\t<meta property=\"og:image:type\" content=\"image\/jpeg\" \/>\n<meta name=\"twitter:card\" content=\"summary_large_image\" \/>\n<meta name=\"twitter:site\" content=\"@autokunzag\" \/>\n<meta name=\"twitter:label1\" content=\"Est. reading time\" \/>\n\t<meta name=\"twitter:data1\" content=\"3 minutes\" \/>\n<script type=\"application\/ld+json\" class=\"yoast-schema-graph\">{\"@context\":\"https:\/\/schema.org\",\"@graph\":[{\"@type\":\"WebPage\",\"@id\":\"https:\/\/autokunz.ch\/fr\/online-shop\/\",\"url\":\"https:\/\/autokunz.ch\/fr\/online-shop\/\",\"name\":\"Online Shop - NEU! Fahrzeuge & Zubeh\u00f6r online kaufen - Auto Kunz AG\",\"isPartOf\":{\"@id\":\"https:\/\/autokunz.ch\/#website\"},\"primaryImageOfPage\":{\"@id\":\"https:\/\/autokunz.ch\/fr\/online-shop\/#primaryimage\"},\"image\":{\"@id\":\"https:\/\/autokunz.ch\/fr\/online-shop\/#primaryimage\"},\"thumbnailUrl\":\"https:\/\/autokunz.ch\/app\/uploads\/2023\/02\/online-shop-auto-kunz-ag.jpg\",\"datePublished\":\"2019-08-05T13:07:36+00:00\",\"dateModified\":\"2024-10-09T11:33:37+00:00\",\"description\":\"Unser Online Shop: Von der Zubeh\u00f6r Abteilung bis zum online Kauf von \u00fcber 500 Fahrzeugen. Durchforsten Sie unseren Online Shop!\",\"breadcrumb\":{\"@id\":\"https:\/\/autokunz.ch\/fr\/online-shop\/#breadcrumb\"},\"inLanguage\":\"fr-FR\",\"potentialAction\":[{\"@type\":\"ReadAction\",\"target\":[\"https:\/\/autokunz.ch\/fr\/online-shop\/\"]}]},{\"@type\":\"ImageObject\",\"inLanguage\":\"fr-FR\",\"@id\":\"https:\/\/autokunz.ch\/fr\/online-shop\/#primaryimage\",\"url\":\"https:\/\/autokunz.ch\/app\/uploads\/2023\/02\/online-shop-auto-kunz-ag.jpg\",\"contentUrl\":\"https:\/\/autokunz.ch\/app\/uploads\/2023\/02\/online-shop-auto-kunz-ag.jpg\",\"width\":1920,\"height\":1280,\"caption\":\"Online Shop - Auto Kunz AG mit den schweizweit tiefsten Preisen 1\"},{\"@type\":\"BreadcrumbList\",\"@id\":\"https:\/\/autokunz.ch\/fr\/online-shop\/#breadcrumb\",\"itemListElement\":[{\"@type\":\"ListItem\",\"position\":1,\"name\":\"Home\",\"item\":\"https:\/\/autokunz.ch\/fr\/\"},{\"@type\":\"ListItem\",\"position\":2,\"name\":\"Online Shop\"}]},{\"@type\":\"WebSite\",\"@id\":\"https:\/\/autokunz.ch\/#website\",\"url\":\"https:\/\/autokunz.ch\/\",\"name\":\"Auto Kunz\",\"description\":\"\u00dcber 500 Autos, die tiefsten Preise der Schweiz\",\"publisher\":{\"@id\":\"https:\/\/autokunz.ch\/#organization\"},\"potentialAction\":[{\"@type\":\"SearchAction\",\"target\":{\"@type\":\"EntryPoint\",\"urlTemplate\":\"https:\/\/autokunz.ch\/?s={search_term_string}\"},\"query-input\":{\"@type\":\"PropertyValueSpecification\",\"valueRequired\":true,\"valueName\":\"search_term_string\"}}],\"inLanguage\":\"fr-FR\"},{\"@type\":\"Organization\",\"@id\":\"https:\/\/autokunz.ch\/#organization\",\"name\":\"Auto Kunz AG\",\"url\":\"https:\/\/autokunz.ch\/\",\"logo\":{\"@type\":\"ImageObject\",\"inLanguage\":\"fr-FR\",\"@id\":\"https:\/\/autokunz.ch\/#\/schema\/logo\/image\/\",\"url\":\"https:\/\/autokunz.ch\/app\/uploads\/2021\/07\/autokunz-ag-wohlen-logo.png\",\"contentUrl\":\"https:\/\/autokunz.ch\/app\/uploads\/2021\/07\/autokunz-ag-wohlen-logo.png\",\"width\":530,\"height\":79,\"caption\":\"Auto Kunz AG\"},\"image\":{\"@id\":\"https:\/\/autokunz.ch\/#\/schema\/logo\/image\/\"},\"sameAs\":[\"https:\/\/www.facebook.com\/AutoKunzAG\",\"https:\/\/x.com\/autokunzag\",\"https:\/\/www.instagram.com\/autokunz.ch\/\",\"https:\/\/www.linkedin.com\/company\/9463486?trk=tyah&amp;amp;amp;trkInfo=clickedVertical:company,idx:1-1-1,tarId:1434043483672,tas:auto kunz\",\"https:\/\/www.pinterest.com\/autokunzag\/\",\"https:\/\/www.youtube.com\/channel\/UCsS22A2abuuzGxbmhsPm-6g\"]}]}<\/script>\n<!-- \/ Yoast SEO plugin. -->","yoast_head_json":{"title":"Online Shop - NEU! Fahrzeuge & Zubeh\u00f6r online kaufen - Auto Kunz AG","description":"Unser Online Shop: Von der Zubeh\u00f6r Abteilung bis zum online Kauf von \u00fcber 500 Fahrzeugen. Durchforsten Sie unseren Online Shop!","robots":{"index":"index","follow":"follow","max-snippet":"max-snippet:-1","max-image-preview":"max-image-preview:large","max-video-preview":"max-video-preview:-1"},"canonical":"https:\/\/autokunz.ch\/fr\/online-shop\/","og_locale":"fr_FR","og_type":"article","og_title":"Online Shop - NEU! Fahrzeuge & Zubeh\u00f6r online kaufen - Auto Kunz AG","og_description":"Unser Online Shop: Von der Zubeh\u00f6r Abteilung bis zum online Kauf von \u00fcber 500 Fahrzeugen. Durchforsten Sie unseren Online Shop!","og_url":"https:\/\/autokunz.ch\/fr\/online-shop\/","og_site_name":"Auto Kunz","article_publisher":"https:\/\/www.facebook.com\/AutoKunzAG","article_modified_time":"2024-10-09T11:33:37+00:00","og_image":[{"width":1920,"height":1280,"url":"https:\/\/autokunz.ch\/app\/uploads\/2023\/02\/online-shop-auto-kunz-ag.jpg","type":"image\/jpeg"}],"twitter_card":"summary_large_image","twitter_site":"@autokunzag","twitter_misc":{"Est. reading time":"3 minutes"},"schema":{"@context":"https:\/\/schema.org","@graph":[{"@type":"WebPage","@id":"https:\/\/autokunz.ch\/fr\/online-shop\/","url":"https:\/\/autokunz.ch\/fr\/online-shop\/","name":"Online Shop - NEU! Fahrzeuge & Zubeh\u00f6r online kaufen - Auto Kunz AG","isPartOf":{"@id":"https:\/\/autokunz.ch\/#website"},"primaryImageOfPage":{"@id":"https:\/\/autokunz.ch\/fr\/online-shop\/#primaryimage"},"image":{"@id":"https:\/\/autokunz.ch\/fr\/online-shop\/#primaryimage"},"thumbnailUrl":"https:\/\/autokunz.ch\/app\/uploads\/2023\/02\/online-shop-auto-kunz-ag.jpg","datePublished":"2019-08-05T13:07:36+00:00","dateModified":"2024-10-09T11:33:37+00:00","description":"Unser Online Shop: Von der Zubeh\u00f6r Abteilung bis zum online Kauf von \u00fcber 500 Fahrzeugen. Durchforsten Sie unseren Online Shop!","breadcrumb":{"@id":"https:\/\/autokunz.ch\/fr\/online-shop\/#breadcrumb"},"inLanguage":"fr-FR","potentialAction":[{"@type":"ReadAction","target":["https:\/\/autokunz.ch\/fr\/online-shop\/"]}]},{"@type":"ImageObject","inLanguage":"fr-FR","@id":"https:\/\/autokunz.ch\/fr\/online-shop\/#primaryimage","url":"https:\/\/autokunz.ch\/app\/uploads\/2023\/02\/online-shop-auto-kunz-ag.jpg","contentUrl":"https:\/\/autokunz.ch\/app\/uploads\/2023\/02\/online-shop-auto-kunz-ag.jpg","width":1920,"height":1280,"caption":"Online Shop - Auto Kunz AG mit den schweizweit tiefsten Preisen 1"},{"@type":"BreadcrumbList","@id":"https:\/\/autokunz.ch\/fr\/online-shop\/#breadcrumb","itemListElement":[{"@type":"ListItem","position":1,"name":"Home","item":"https:\/\/autokunz.ch\/fr\/"},{"@type":"ListItem","position":2,"name":"Online Shop"}]},{"@type":"WebSite","@id":"https:\/\/autokunz.ch\/#website","url":"https:\/\/autokunz.ch\/","name":"Auto Kunz","description":"\u00dcber 500 Autos, die tiefsten Preise der Schweiz","publisher":{"@id":"https:\/\/autokunz.ch\/#organization"},"potentialAction":[{"@type":"SearchAction","target":{"@type":"EntryPoint","urlTemplate":"https:\/\/autokunz.ch\/?s={search_term_string}"},"query-input":{"@type":"PropertyValueSpecification","valueRequired":true,"valueName":"search_term_string"}}],"inLanguage":"fr-FR"},{"@type":"Organization","@id":"https:\/\/autokunz.ch\/#organization","name":"Auto Kunz AG","url":"https:\/\/autokunz.ch\/","logo":{"@type":"ImageObject","inLanguage":"fr-FR","@id":"https:\/\/autokunz.ch\/#\/schema\/logo\/image\/","url":"https:\/\/autokunz.ch\/app\/uploads\/2021\/07\/autokunz-ag-wohlen-logo.png","contentUrl":"https:\/\/autokunz.ch\/app\/uploads\/2021\/07\/autokunz-ag-wohlen-logo.png","width":530,"height":79,"caption":"Auto Kunz AG"},"image":{"@id":"https:\/\/autokunz.ch\/#\/schema\/logo\/image\/"},"sameAs":["https:\/\/www.facebook.com\/AutoKunzAG","https:\/\/x.com\/autokunzag","https:\/\/www.instagram.com\/autokunz.ch\/","https:\/\/www.linkedin.com\/company\/9463486?trk=tyah&amp;amp;amp;trkInfo=clickedVertical:company,idx:1-1-1,tarId:1434043483672,tas:auto kunz","https:\/\/www.pinterest.com\/autokunzag\/","https:\/\/www.youtube.com\/channel\/UCsS22A2abuuzGxbmhsPm-6g"]}]}},"_links":{"self":[{"href":"https:\/\/autokunz.ch\/fr\/wp-json\/wp\/v2\/pages\/35001","targetHints":{"allow":["GET"]}}],"collection":[{"href":"https:\/\/autokunz.ch\/fr\/wp-json\/wp\/v2\/pages"}],"about":[{"href":"https:\/\/autokunz.ch\/fr\/wp-json\/wp\/v2\/types\/page"}],"author":[{"embeddable":true,"href":"https:\/\/autokunz.ch\/fr\/wp-json\/wp\/v2\/users\/4"}],"replies":[{"embeddable":true,"href":"https:\/\/autokunz.ch\/fr\/wp-json\/wp\/v2\/comments?post=35001"}],"version-history":[{"count":3,"href":"https:\/\/autokunz.ch\/fr\/wp-json\/wp\/v2\/pages\/35001\/revisions"}],"predecessor-version":[{"id":5101767,"href":"https:\/\/autokunz.ch\/fr\/wp-json\/wp\/v2\/pages\/35001\/revisions\/5101767"}],"wp:featuredmedia":[{"embeddable":true,"href":"https:\/\/autokunz.ch\/fr\/wp-json\/wp\/v2\/media\/3966144"}],"wp:attachment":[{"href":"https:\/\/autokunz.ch\/fr\/wp-json\/wp\/v2\/media?parent=35001"}],"curies":[{"name":"wp","href":"https:\/\/api.w.org\/{rel}","templated":true}]}}