{"id":35134,"date":"2019-06-30T19:03:41","date_gmt":"2019-06-30T17:03:41","guid":{"rendered":"https:\/\/autokunz.ch\/online-shop\/zubehor-shop\/"},"modified":"2020-01-22T10:52:58","modified_gmt":"2020-01-22T09:52:58","slug":"shop-pour-accessoires","status":"publish","type":"page","link":"https:\/\/autokunz.ch\/fr\/online-shop\/shop-pour-accessoires\/","title":{"rendered":"Shop pour Accessoires"},"content":{"rendered":"\n<div class=\"wp-block-columns has-2-columns is-layout-flex wp-container-core-columns-is-layout-9d6595d7 wp-block-columns-is-layout-flex\">\n<div class=\"wp-block-column is-layout-flow wp-block-column-is-layout-flow\">\n<h4 class=\"wp-block-heading\">D\u00e9gottez l\u2019accessoire qu\u2019il vous faut!<\/h4>\n\n\n\n<p>Nous exploitons notre propre service d&#8217;accessoires pour la personnalisation de votre v\u00e9hicule. Vous avez le choix parmi une large gamme d\u2019accessoires pour customiser \u00e0 votre gr\u00e9 votre voiture.<\/p>\n\n\n\n<p>Dans le domaine de l\u2019\u00e9lectronique de bord, nous proposons des syst\u00e8mes de navigation et du multim\u00e9dia comme DAB+ ou WLAN. <\/p>\n\n\n\n<p>L\u2019installation d\u2019un syst\u00e8me de divertissement avec \u00e9cran pour les appuie-t\u00eate, de si\u00e8ges chauffants, de capteurs d\u2019aide au stationnement \u00e0 l\u2019avant et \u00e0 l\u2019arri\u00e8re, de syst\u00e8mes d\u2019assistance \u00e0 la conduite (avertisseur d\u2019angles morts, tempomat) ainsi que d\u2019\u00e9l\u00e9ments de trains de roulement augmente le confort et la s\u00e9curit\u00e9 de votre voiture.<\/p>\n\n\n\n<p>Nous vous proposons m\u00eame de vous offrir en ligne une parure de si\u00e8ge en cuir, accoudoirs compris!<\/p>\n\n\n\n<p>Nous nous occupons aussi de la carrosserie et pouvons donner une belle allure \u00e0 votre voiture. Vous souhaitez des vitres teint\u00e9es, des bandes autocollantes GT sportives, la pose d\u2019un film plastique sur toute ou partie de votre voiture? Vous \u00eates au bon endroit!<\/p>\n\n\n\n<p>Si vous voulez des accessoires &nbsp;pour perfectionner votre v\u00e9hicule aux plans\nvisuel et technique ou des roues ou des jantes sportives en alliage l\u00e9ger, nos\nsp\u00e9cialistes se tiennent \u00e0 votre disposition. <\/p>\n\n\n\n<p>Notre gamme comporte aussi des syst\u00e8mes porte-bagages ou des attelages pour transporter des v\u00e9los ou tirer des remorques. Nous vous ferons volontiers une offre.<br><\/p>\n\n\n\n<p><strong>Apprenez-en davantage en vous rendant dans notre boutique en ligne (lien). <\/strong><\/p>\n\n\n\n<p>Nous serions aussi ravis de vous conseiller en personne. Compl\u00e9tez \u00e0 cet effet notre formulaire de contact&nbsp;et nous vous contacterons le plus rapidement possible.<\/p>\n<\/div>\n\n\n\n<div class=\"wp-block-column is-layout-flow wp-block-column-is-layout-flow\"><\/div>\n<\/div>\n","protected":false},"excerpt":{"rendered":"<p>D\u00e9gottez l\u2019accessoire qu\u2019il vous faut! Nous exploitons notre propre service d&#8217;accessoires pour la personnalisation de votre v\u00e9hicule. Vous avez le choix parmi une large gamme d\u2019accessoires pour customiser \u00e0 votre gr\u00e9 votre voiture. Dans le domaine de l\u2019\u00e9lectronique de bord, nous proposons des syst\u00e8mes de navigation et du multim\u00e9dia comme DAB+ ou WLAN. L\u2019installation d\u2019un &hellip; <a class=\"text-button text-button--primary text-button--no-arrow\" href=\"https:\/\/autokunz.ch\/fr\/online-shop\/shop-pour-accessoires\/\">continue<\/a><\/p>\n","protected":false},"author":2,"featured_media":4281377,"parent":35001,"menu_order":0,"comment_status":"closed","ping_status":"closed","template":"views\/template-equipment.blade.php","meta":{"_acf_changed":false,"footnotes":""},"class_list":["post-35134","page","type-page","status-publish","has-post-thumbnail","hentry"],"acf":[],"yoast_head":"<!-- This site is optimized with the Yoast SEO plugin v27.0 - https:\/\/yoast.com\/product\/yoast-seo-wordpress\/ -->\n<title>Notre Shop pour Accessoires - Auto Kunz AG Wohlen<\/title>\n<meta name=\"description\" content=\"Shop pour Accessoires, vous pouvez choisir parmi une large gamme d&#039;accessoires parmi lesquels vous pouvez personnaliser votre v\u00e9hicule selon vos envies.\" \/>\n<meta name=\"robots\" content=\"index, follow, max-snippet:-1, max-image-preview:large, max-video-preview:-1\" \/>\n<link rel=\"canonical\" href=\"https:\/\/autokunz.ch\/fr\/online-shop\/shop-pour-accessoires\/\" \/>\n<meta property=\"og:locale\" content=\"fr_FR\" \/>\n<meta property=\"og:type\" content=\"article\" \/>\n<meta property=\"og:title\" content=\"Notre Shop pour Accessoires - Auto Kunz AG Wohlen\" \/>\n<meta property=\"og:description\" content=\"Shop pour Accessoires, vous pouvez choisir parmi une large gamme d&#039;accessoires parmi lesquels vous pouvez personnaliser votre v\u00e9hicule selon vos envies.\" \/>\n<meta property=\"og:url\" content=\"https:\/\/autokunz.ch\/fr\/online-shop\/shop-pour-accessoires\/\" \/>\n<meta property=\"og:site_name\" content=\"Auto Kunz\" \/>\n<meta property=\"article:publisher\" content=\"https:\/\/www.facebook.com\/AutoKunzAG\" \/>\n<meta property=\"article:modified_time\" content=\"2020-01-22T09:52:58+00:00\" \/>\n<meta property=\"og:image\" content=\"https:\/\/autokunz.ch\/app\/uploads\/2019\/07\/photo-1533666834526-903b11416fc1.png\" \/>\n\t<meta property=\"og:image:width\" content=\"1366\" \/>\n\t<meta property=\"og:image:height\" content=\"200\" \/>\n\t<meta property=\"og:image:type\" content=\"image\/png\" \/>\n<meta name=\"twitter:card\" content=\"summary_large_image\" \/>\n<meta name=\"twitter:site\" content=\"@autokunzag\" \/>\n<meta name=\"twitter:label1\" content=\"Est. reading time\" \/>\n\t<meta name=\"twitter:data1\" content=\"1 minute\" \/>\n<script type=\"application\/ld+json\" class=\"yoast-schema-graph\">{\"@context\":\"https:\/\/schema.org\",\"@graph\":[{\"@type\":\"WebPage\",\"@id\":\"https:\/\/autokunz.ch\/fr\/online-shop\/shop-pour-accessoires\/\",\"url\":\"https:\/\/autokunz.ch\/fr\/online-shop\/shop-pour-accessoires\/\",\"name\":\"Notre Shop pour Accessoires - Auto Kunz AG Wohlen\",\"isPartOf\":{\"@id\":\"https:\/\/autokunz.ch\/#website\"},\"primaryImageOfPage\":{\"@id\":\"https:\/\/autokunz.ch\/fr\/online-shop\/shop-pour-accessoires\/#primaryimage\"},\"image\":{\"@id\":\"https:\/\/autokunz.ch\/fr\/online-shop\/shop-pour-accessoires\/#primaryimage\"},\"thumbnailUrl\":\"https:\/\/autokunz.ch\/app\/uploads\/2023\/07\/zubehoer-shop-auto-kunz-ag-3.jpg\",\"datePublished\":\"2019-06-30T17:03:41+00:00\",\"dateModified\":\"2020-01-22T09:52:58+00:00\",\"description\":\"Shop pour Accessoires, vous pouvez choisir parmi une large gamme d'accessoires parmi lesquels vous pouvez personnaliser votre v\u00e9hicule selon vos envies.\",\"breadcrumb\":{\"@id\":\"https:\/\/autokunz.ch\/fr\/online-shop\/shop-pour-accessoires\/#breadcrumb\"},\"inLanguage\":\"fr-FR\",\"potentialAction\":[{\"@type\":\"ReadAction\",\"target\":[\"https:\/\/autokunz.ch\/fr\/online-shop\/shop-pour-accessoires\/\"]}]},{\"@type\":\"ImageObject\",\"inLanguage\":\"fr-FR\",\"@id\":\"https:\/\/autokunz.ch\/fr\/online-shop\/shop-pour-accessoires\/#primaryimage\",\"url\":\"https:\/\/autokunz.ch\/app\/uploads\/2023\/07\/zubehoer-shop-auto-kunz-ag-3.jpg\",\"contentUrl\":\"https:\/\/autokunz.ch\/app\/uploads\/2023\/07\/zubehoer-shop-auto-kunz-ag-3.jpg\",\"width\":1920,\"height\":1280},{\"@type\":\"BreadcrumbList\",\"@id\":\"https:\/\/autokunz.ch\/fr\/online-shop\/shop-pour-accessoires\/#breadcrumb\",\"itemListElement\":[{\"@type\":\"ListItem\",\"position\":1,\"name\":\"Home\",\"item\":\"https:\/\/autokunz.ch\/fr\/\"},{\"@type\":\"ListItem\",\"position\":2,\"name\":\"Online Shop\",\"item\":\"https:\/\/autokunz.ch\/fr\/online-shop\/\"},{\"@type\":\"ListItem\",\"position\":3,\"name\":\"Shop pour Accessoires\"}]},{\"@type\":\"WebSite\",\"@id\":\"https:\/\/autokunz.ch\/#website\",\"url\":\"https:\/\/autokunz.ch\/\",\"name\":\"Auto Kunz\",\"description\":\"\u00dcber 500 Autos, die tiefsten Preise der Schweiz\",\"publisher\":{\"@id\":\"https:\/\/autokunz.ch\/#organization\"},\"potentialAction\":[{\"@type\":\"SearchAction\",\"target\":{\"@type\":\"EntryPoint\",\"urlTemplate\":\"https:\/\/autokunz.ch\/?s={search_term_string}\"},\"query-input\":{\"@type\":\"PropertyValueSpecification\",\"valueRequired\":true,\"valueName\":\"search_term_string\"}}],\"inLanguage\":\"fr-FR\"},{\"@type\":\"Organization\",\"@id\":\"https:\/\/autokunz.ch\/#organization\",\"name\":\"Auto Kunz AG\",\"url\":\"https:\/\/autokunz.ch\/\",\"logo\":{\"@type\":\"ImageObject\",\"inLanguage\":\"fr-FR\",\"@id\":\"https:\/\/autokunz.ch\/#\/schema\/logo\/image\/\",\"url\":\"https:\/\/autokunz.ch\/app\/uploads\/2021\/07\/autokunz-ag-wohlen-logo.png\",\"contentUrl\":\"https:\/\/autokunz.ch\/app\/uploads\/2021\/07\/autokunz-ag-wohlen-logo.png\",\"width\":530,\"height\":79,\"caption\":\"Auto Kunz AG\"},\"image\":{\"@id\":\"https:\/\/autokunz.ch\/#\/schema\/logo\/image\/\"},\"sameAs\":[\"https:\/\/www.facebook.com\/AutoKunzAG\",\"https:\/\/x.com\/autokunzag\",\"https:\/\/www.instagram.com\/autokunz.ch\/\",\"https:\/\/www.linkedin.com\/company\/9463486?trk=tyah&amp;amp;amp;trkInfo=clickedVertical:company,idx:1-1-1,tarId:1434043483672,tas:auto kunz\",\"https:\/\/www.pinterest.com\/autokunzag\/\",\"https:\/\/www.youtube.com\/channel\/UCsS22A2abuuzGxbmhsPm-6g\"]}]}<\/script>\n<!-- \/ Yoast SEO plugin. -->","yoast_head_json":{"title":"Notre Shop pour Accessoires - Auto Kunz AG Wohlen","description":"Shop pour Accessoires, vous pouvez choisir parmi une large gamme d'accessoires parmi lesquels vous pouvez personnaliser votre v\u00e9hicule selon vos envies.","robots":{"index":"index","follow":"follow","max-snippet":"max-snippet:-1","max-image-preview":"max-image-preview:large","max-video-preview":"max-video-preview:-1"},"canonical":"https:\/\/autokunz.ch\/fr\/online-shop\/shop-pour-accessoires\/","og_locale":"fr_FR","og_type":"article","og_title":"Notre Shop pour Accessoires - Auto Kunz AG Wohlen","og_description":"Shop pour Accessoires, vous pouvez choisir parmi une large gamme d'accessoires parmi lesquels vous pouvez personnaliser votre v\u00e9hicule selon vos envies.","og_url":"https:\/\/autokunz.ch\/fr\/online-shop\/shop-pour-accessoires\/","og_site_name":"Auto Kunz","article_publisher":"https:\/\/www.facebook.com\/AutoKunzAG","article_modified_time":"2020-01-22T09:52:58+00:00","og_image":[{"width":1366,"height":200,"url":"https:\/\/autokunz.ch\/app\/uploads\/2019\/07\/photo-1533666834526-903b11416fc1.png","type":"image\/png"}],"twitter_card":"summary_large_image","twitter_site":"@autokunzag","twitter_misc":{"Est. reading time":"1 minute"},"schema":{"@context":"https:\/\/schema.org","@graph":[{"@type":"WebPage","@id":"https:\/\/autokunz.ch\/fr\/online-shop\/shop-pour-accessoires\/","url":"https:\/\/autokunz.ch\/fr\/online-shop\/shop-pour-accessoires\/","name":"Notre Shop pour Accessoires - Auto Kunz AG Wohlen","isPartOf":{"@id":"https:\/\/autokunz.ch\/#website"},"primaryImageOfPage":{"@id":"https:\/\/autokunz.ch\/fr\/online-shop\/shop-pour-accessoires\/#primaryimage"},"image":{"@id":"https:\/\/autokunz.ch\/fr\/online-shop\/shop-pour-accessoires\/#primaryimage"},"thumbnailUrl":"https:\/\/autokunz.ch\/app\/uploads\/2023\/07\/zubehoer-shop-auto-kunz-ag-3.jpg","datePublished":"2019-06-30T17:03:41+00:00","dateModified":"2020-01-22T09:52:58+00:00","description":"Shop pour Accessoires, vous pouvez choisir parmi une large gamme d'accessoires parmi lesquels vous pouvez personnaliser votre v\u00e9hicule selon vos envies.","breadcrumb":{"@id":"https:\/\/autokunz.ch\/fr\/online-shop\/shop-pour-accessoires\/#breadcrumb"},"inLanguage":"fr-FR","potentialAction":[{"@type":"ReadAction","target":["https:\/\/autokunz.ch\/fr\/online-shop\/shop-pour-accessoires\/"]}]},{"@type":"ImageObject","inLanguage":"fr-FR","@id":"https:\/\/autokunz.ch\/fr\/online-shop\/shop-pour-accessoires\/#primaryimage","url":"https:\/\/autokunz.ch\/app\/uploads\/2023\/07\/zubehoer-shop-auto-kunz-ag-3.jpg","contentUrl":"https:\/\/autokunz.ch\/app\/uploads\/2023\/07\/zubehoer-shop-auto-kunz-ag-3.jpg","width":1920,"height":1280},{"@type":"BreadcrumbList","@id":"https:\/\/autokunz.ch\/fr\/online-shop\/shop-pour-accessoires\/#breadcrumb","itemListElement":[{"@type":"ListItem","position":1,"name":"Home","item":"https:\/\/autokunz.ch\/fr\/"},{"@type":"ListItem","position":2,"name":"Online Shop","item":"https:\/\/autokunz.ch\/fr\/online-shop\/"},{"@type":"ListItem","position":3,"name":"Shop pour Accessoires"}]},{"@type":"WebSite","@id":"https:\/\/autokunz.ch\/#website","url":"https:\/\/autokunz.ch\/","name":"Auto Kunz","description":"\u00dcber 500 Autos, die tiefsten Preise der Schweiz","publisher":{"@id":"https:\/\/autokunz.ch\/#organization"},"potentialAction":[{"@type":"SearchAction","target":{"@type":"EntryPoint","urlTemplate":"https:\/\/autokunz.ch\/?s={search_term_string}"},"query-input":{"@type":"PropertyValueSpecification","valueRequired":true,"valueName":"search_term_string"}}],"inLanguage":"fr-FR"},{"@type":"Organization","@id":"https:\/\/autokunz.ch\/#organization","name":"Auto Kunz AG","url":"https:\/\/autokunz.ch\/","logo":{"@type":"ImageObject","inLanguage":"fr-FR","@id":"https:\/\/autokunz.ch\/#\/schema\/logo\/image\/","url":"https:\/\/autokunz.ch\/app\/uploads\/2021\/07\/autokunz-ag-wohlen-logo.png","contentUrl":"https:\/\/autokunz.ch\/app\/uploads\/2021\/07\/autokunz-ag-wohlen-logo.png","width":530,"height":79,"caption":"Auto Kunz AG"},"image":{"@id":"https:\/\/autokunz.ch\/#\/schema\/logo\/image\/"},"sameAs":["https:\/\/www.facebook.com\/AutoKunzAG","https:\/\/x.com\/autokunzag","https:\/\/www.instagram.com\/autokunz.ch\/","https:\/\/www.linkedin.com\/company\/9463486?trk=tyah&amp;amp;amp;trkInfo=clickedVertical:company,idx:1-1-1,tarId:1434043483672,tas:auto kunz","https:\/\/www.pinterest.com\/autokunzag\/","https:\/\/www.youtube.com\/channel\/UCsS22A2abuuzGxbmhsPm-6g"]}]}},"_links":{"self":[{"href":"https:\/\/autokunz.ch\/fr\/wp-json\/wp\/v2\/pages\/35134","targetHints":{"allow":["GET"]}}],"collection":[{"href":"https:\/\/autokunz.ch\/fr\/wp-json\/wp\/v2\/pages"}],"about":[{"href":"https:\/\/autokunz.ch\/fr\/wp-json\/wp\/v2\/types\/page"}],"author":[{"embeddable":true,"href":"https:\/\/autokunz.ch\/fr\/wp-json\/wp\/v2\/users\/2"}],"replies":[{"embeddable":true,"href":"https:\/\/autokunz.ch\/fr\/wp-json\/wp\/v2\/comments?post=35134"}],"version-history":[{"count":3,"href":"https:\/\/autokunz.ch\/fr\/wp-json\/wp\/v2\/pages\/35134\/revisions"}],"predecessor-version":[{"id":1660934,"href":"https:\/\/autokunz.ch\/fr\/wp-json\/wp\/v2\/pages\/35134\/revisions\/1660934"}],"up":[{"embeddable":true,"href":"https:\/\/autokunz.ch\/fr\/wp-json\/wp\/v2\/pages\/35001"}],"wp:featuredmedia":[{"embeddable":true,"href":"https:\/\/autokunz.ch\/fr\/wp-json\/wp\/v2\/media\/4281377"}],"wp:attachment":[{"href":"https:\/\/autokunz.ch\/fr\/wp-json\/wp\/v2\/media?parent=35134"}],"curies":[{"name":"wp","href":"https:\/\/api.w.org\/{rel}","templated":true}]}}