{"id":38605,"date":"2019-08-05T13:46:26","date_gmt":"2019-08-05T11:46:26","guid":{"rendered":"https:\/\/autokunz.ch\/entreprise\/garage\/"},"modified":"2019-09-13T11:22:42","modified_gmt":"2019-09-13T09:22:42","slug":"garage","status":"publish","type":"page","link":"https:\/\/autokunz.ch\/fr\/entreprise\/garage\/","title":{"rendered":"Garage Auto Kunz aujourd&#8217;hui"},"content":{"rendered":"\n<div class=\"wp-block-columns has-2-columns is-layout-flex wp-container-core-columns-is-layout-9d6595d7 wp-block-columns-is-layout-flex\">\n<div class=\"wp-block-column is-layout-flow wp-block-column-is-layout-flow\">\n<h2 class=\"wp-block-heading\">Garage Auto Kunz<\/h2>\n\n\n\n<h3 class=\"wp-block-heading\">l&#8217;histoire de notre entreprise, si pr\u00e9sente Allons aujourd&#8217;hui<\/h3>\n\n\n\n<p>Les fr\u00e8res Ren\u00e9 Kunz et Roger Kunz sont aujourd&#8217;hui actifs dans la gestion op\u00e9rationnelle. Ils dirigent la soci\u00e9t\u00e9 importateur de voitures. La devise de la soci\u00e9t\u00e9 est toujours d&#8217;offrir le meilleur rapport qualit\u00e9-prix. Ren\u00e9 Kunz est actif dans la soci\u00e9t\u00e9 depuis 1982 et Roger Kunz depuis 1988.<\/p>\n<\/div>\n\n\n\n<div class=\"wp-block-column is-layout-flow wp-block-column-is-layout-flow\">\n<figure class=\"wp-block-image\"><img decoding=\"async\" width=\"1366\" height=\"904\" src=\"https:\/\/autokunz.ch\/app\/uploads\/2019\/08\/garage-auto-kunz-heute-6-1366x904.jpg\" alt=\"Garage Auto Kunz heute - Auto Kunz AG 7\" class=\"wp-image-10013\" srcset=\"https:\/\/autokunz.ch\/app\/uploads\/2019\/08\/garage-auto-kunz-heute-6-1366x904.jpg 1366w, https:\/\/autokunz.ch\/app\/uploads\/2019\/08\/garage-auto-kunz-heute-6-297x197.jpg 297w, https:\/\/autokunz.ch\/app\/uploads\/2019\/08\/garage-auto-kunz-heute-6-533x353.jpg 533w, https:\/\/autokunz.ch\/app\/uploads\/2019\/08\/garage-auto-kunz-heute-6-768x509.jpg 768w, https:\/\/autokunz.ch\/app\/uploads\/2019\/08\/garage-auto-kunz-heute-6.jpg 1536w\" sizes=\"(max-width: 1366px) 100vw, 1366px\" \/><\/figure>\n\n\n\n<p><\/p>\n<\/div>\n<\/div>\n\n\n\n<hr class=\"wp-block-separator\"\/>\n\n\n\n<div class=\"wp-block-columns has-2-columns is-layout-flex wp-container-core-columns-is-layout-9d6595d7 wp-block-columns-is-layout-flex\">\n<div class=\"wp-block-column is-layout-flow wp-block-column-is-layout-flow\">\n<figure class=\"wp-block-image\"><img decoding=\"async\" src=\"https:\/\/autokunz.ch\/app\/uploads\/2019\/08\/garage-auto-kunz-heute-9-1366x911.jpg\" alt=\"Garage Auto Kunz heute - Auto Kunz AG 11\" class=\"wp-image-10771\"\/><\/figure>\n<\/div>\n\n\n\n<div class=\"wp-block-column is-layout-flow wp-block-column-is-layout-flow\">\n<h6 class=\"wp-block-heading\"><strong> Les prix les plus bas de Suisse<\/strong> <\/h6>\n\n\n\n<p>Fond\u00e9 il y a plus de 50 ans d\u00e9j\u00e0, le garage Auto Kunz AG compte parmi les concessionnaires automobiles les plus couronn\u00e9s de succ\u00e8s de Suisse. Avec une gamme compl\u00e8te de plus de 500 voitures neuves et occasions de toutes marques, le garage Auto Kunz AG est l\u2019un des plus grands importateurs de voitures ind\u00e9pendants du pays. Gr\u00e2ce \u00e0 des achats en gros dans le monde entier et \u00e0 des taux de change avantageux, vous b\u00e9n\u00e9ficiez chez nous, en tant que client, des prix les plus bas de Suisse. Le bonus europ\u00e9en et les avantages de change permettent des remises de 50% par rapport \u00e0 l\u2019index des prix suisse <\/p>\n<\/div>\n<\/div>\n\n\n\n<hr class=\"wp-block-separator\"\/>\n\n\n\n<div class=\"wp-block-columns has-2-columns is-layout-flex wp-container-core-columns-is-layout-9d6595d7 wp-block-columns-is-layout-flex\">\n<div class=\"wp-block-column is-layout-flow wp-block-column-is-layout-flow\">\n<h6 class=\"wp-block-heading\"><strong>Toutes les marques de voitures \u2013 Voitures neuves et occasions<\/strong><\/h6>\n\n\n\n<p>Sur 12\u2019000 m\u00e8tres carr\u00e9s, le garage Auto Kunz AG stocke et pr\u00e9sente plus de 400 voitures neuves et 100 occasions. Notre offre comporte en g\u00e9n\u00e9ral plus de 500 voitures. En plus, il est possible de passer commande de 20\u2019000 autres v\u00e9hicules stock\u00e9s dans nos entrep\u00f4ts ou chez nos fournisseurs. Nous r\u00e9pondons \u00e0 tous les d\u00e9sirs de nos clients: de la petite voiture au mod\u00e8le de luxe en passant par le milieu de gamme, toutes les cat\u00e9gories de prix sont disponibles. <\/p>\n<\/div>\n\n\n\n<div class=\"wp-block-column is-layout-flow wp-block-column-is-layout-flow\">\n<figure class=\"wp-block-image\"><img decoding=\"async\" src=\"https:\/\/autokunz.ch\/app\/uploads\/2019\/08\/garage-auto-kunz-heute-1366x767.jpg\" alt=\"Garage Auto Kunz heute - Auto Kunz AG\" class=\"wp-image-8757\"\/><\/figure>\n<\/div>\n<\/div>\n\n\n\n<hr class=\"wp-block-separator\"\/>\n\n\n\n<div class=\"wp-block-columns has-2-columns is-layout-flex wp-container-core-columns-is-layout-9d6595d7 wp-block-columns-is-layout-flex\">\n<div class=\"wp-block-column is-layout-flow wp-block-column-is-layout-flow\">\n<figure class=\"wp-block-image\"><img decoding=\"async\" width=\"1366\" height=\"911\" src=\"https:\/\/autokunz.ch\/app\/uploads\/2019\/08\/garage-auto-kunz-heute-10-1366x911.jpeg\" alt=\"Garage Auto Kunz heute - Auto Kunz AG 12\" class=\"wp-image-10775\" srcset=\"https:\/\/autokunz.ch\/app\/uploads\/2019\/08\/garage-auto-kunz-heute-10-1366x911.jpeg 1366w, https:\/\/autokunz.ch\/app\/uploads\/2019\/08\/garage-auto-kunz-heute-10-297x197.jpeg 297w, https:\/\/autokunz.ch\/app\/uploads\/2019\/08\/garage-auto-kunz-heute-10-530x353.jpeg 530w, https:\/\/autokunz.ch\/app\/uploads\/2019\/08\/garage-auto-kunz-heute-10-768x512.jpeg 768w, https:\/\/autokunz.ch\/app\/uploads\/2019\/08\/garage-auto-kunz-heute-10.jpeg 1536w\" sizes=\"(max-width: 1366px) 100vw, 1366px\" \/><\/figure>\n<\/div>\n\n\n\n<div class=\"wp-block-column is-layout-flow wp-block-column-is-layout-flow\">\n<h6 class=\"wp-block-heading\"><strong>Une voiture neuve sur mesure<\/strong><\/h6>\n\n\n\n<p>Composez vous-m\u00eame, \u00e0 l\u2019aide de notre <a href=\"https:\/\/autokunz.ch\/fr\/autos-2\/konfigurator\/\">configurateur de voitures<\/a> neuves en ligne, la voiture que vous souhaitez. La possibilit\u00e9 de commander directement en ligne dans notre <a href=\"https:\/\/autokunz.ch\/fr\/online-shop\/\">boutique web<\/a> est aussi une fonctionnalit\u00e9 unique en Suisse. Le configurateur trouve le meilleur prix pour votre voiture dans 28 pays europ\u00e9ens. En outre, dans de nombreuses nouvelles voitures, le tr\u00e8s populaire <a href=\"https:\/\/autokunz.ch\/fr\/autos-2\/auto-abo-et-transports-publics\/#filter=%7B%7D&amp;sorting=a-z&amp;page=1&amp;display=purchase\">&#8220;try &amp; buy&#8221;<\/a> est disponible.<\/p>\n<\/div>\n<\/div>\n\n\n\n<hr class=\"wp-block-separator\"\/>\n\n\n\n<div class=\"wp-block-columns has-2-columns is-layout-flex wp-container-core-columns-is-layout-9d6595d7 wp-block-columns-is-layout-flex\">\n<div class=\"wp-block-column is-layout-flow wp-block-column-is-layout-flow\">\n<h6 class=\"wp-block-heading\"><strong>Conseils professionnels pour le leasing et les financements<\/strong><\/h6>\n\n\n\n<p>C\u2019est vous qui choisissez si vous pr\u00e9f\u00e9rez payer comptant ou acheter \u00e0 temp\u00e9rament! Le garage Auto Kunz AG travaille avec divers partenaires renomm\u00e9s pour vous offrir les tout derniers produits de financement et vous permettre de b\u00e9n\u00e9ficier toujours des meilleures conditions de leasing et de financement. Maintenant aussi m\u00eame avec le cr\u00e9dit-bail <a href=\"https:\/\/autokunz.ch\/fr\/service\/all-inclusive-leasing\/#filter=%7B%7D&amp;sorting=a-z&amp;page=1&amp;display=purchase\">&#8220;All Inclusiv Leasing &#8220;<\/a> qui est tr\u00e8s  lucratif. Nos employ\u00e9s sont aussi constamment form\u00e9s et tenus au courant sur ces questions.<\/p>\n<\/div>\n\n\n\n<div class=\"wp-block-column is-layout-flow wp-block-column-is-layout-flow\">\n<figure class=\"wp-block-image\"><img decoding=\"async\" src=\"https:\/\/autokunz.ch\/app\/uploads\/2019\/08\/garage-auto-kunz-heute-4-1366x911.jpg\" alt=\"Garage Auto Kunz heute - Auto Kunz AG 3\" class=\"wp-image-8769\"\/><\/figure>\n<\/div>\n<\/div>\n\n\n\n<hr class=\"wp-block-separator\"\/>\n\n\n\n<div class=\"wp-block-columns has-2-columns is-layout-flex wp-container-core-columns-is-layout-9d6595d7 wp-block-columns-is-layout-flex\">\n<div class=\"wp-block-column is-layout-flow wp-block-column-is-layout-flow\">\n<figure class=\"wp-block-image\"><img decoding=\"async\" src=\"https:\/\/autokunz.ch\/app\/uploads\/2019\/08\/garage-auto-kunz-heute-1366x767.jpg\" alt=\"Garage Auto Kunz heute - Auto Kunz AG\" class=\"wp-image-8757\"\/><\/figure>\n<\/div>\n\n\n\n<div class=\"wp-block-column is-layout-flow wp-block-column-is-layout-flow\">\n<h6 class=\"wp-block-heading\"><strong>Nos marques de A \u00e0 Z<\/strong><\/h6>\n\n\n\n<p style=\"text-align:left\">Alfa Romeo, Abarth, Aston Martin, Audi, Bentley, BMW, Buick, Cadillac, Chevrolet, Chrysler, Citro\u00ebn, Dacia, DS, Dodge, Ferrari, Fiat, Fiat Professional (NF), Fisker, Ford, Ford USA, GMC, Honda, Hummer, Hyundai, Infiniti, Isuzu, JAC, Jaguar, Jeep, Kia, Lamborghini, Land Rover, Lancia, Lexus, Lotus, Maserati, Mazda, McLaren,  Mercedes-Benz, Mini, Mitsubishi, Nissan, Opel, Peugeot, Porsche, RAM, Renault, Rolls Royce, Shelby, Seat, \u0160koda, Smart, SsangYong, Subaru, Suzuki, Tesla, Toyota, Volvo, VW, VW Nutzfahrzeuge <\/p>\n<\/div>\n<\/div>\n\n\n\n<div class=\"wp-block-columns has-2-columns is-layout-flex wp-container-core-columns-is-layout-9d6595d7 wp-block-columns-is-layout-flex\">\n<div class=\"wp-block-column is-layout-flow wp-block-column-is-layout-flow\">\n<h6 class=\"wp-block-heading\"><strong>Sites<\/strong><\/h6>\n\n\n\n<p>Le garage Auto Kunz AG se trouve \u00e0 Wohlen \u00e0 une courte distance \u00e0 pied de nos autres sites situ\u00e9s aux 36, 38, 44, 75 de la Bremgarterstrasse et tout pr\u00e8s de notre espace d\u2019exposition de 12\u2019000 m\u00e8tres carr\u00e9s o\u00f9 est pr\u00e9sent\u00e9e une grande vari\u00e9t\u00e9 de voitures neuves et d\u2019occasion. <\/p>\n<\/div>\n\n\n\n<div class=\"wp-block-column is-layout-flow wp-block-column-is-layout-flow\">\n<figure class=\"wp-block-image\"><img decoding=\"async\" src=\"https:\/\/autokunz.ch\/app\/uploads\/2019\/08\/garage-auto-kunz-heute-8-1366x767.jpg\" alt=\"Garage Auto Kunz heute - Auto Kunz AG 10\" class=\"wp-image-10767\"\/><\/figure>\n<\/div>\n<\/div>\n\n\n\n<hr class=\"wp-block-separator\"\/>\n","protected":false},"excerpt":{"rendered":"<p>Garage Auto Kunz l&#8217;histoire de notre entreprise, si pr\u00e9sente Allons aujourd&#8217;hui Les fr\u00e8res Ren\u00e9 Kunz et Roger Kunz sont aujourd&#8217;hui actifs dans la gestion op\u00e9rationnelle. Ils dirigent la soci\u00e9t\u00e9 importateur de voitures. La devise de la soci\u00e9t\u00e9 est toujours d&#8217;offrir le meilleur rapport qualit\u00e9-prix. Ren\u00e9 Kunz est actif dans la soci\u00e9t\u00e9 depuis 1982 et Roger &hellip; <a class=\"text-button text-button--primary text-button--no-arrow\" href=\"https:\/\/autokunz.ch\/fr\/entreprise\/garage\/\">continue<\/a><\/p>\n","protected":false},"author":2,"featured_media":38606,"parent":11062,"menu_order":4,"comment_status":"closed","ping_status":"closed","template":"","meta":{"_acf_changed":false,"footnotes":""},"class_list":["post-38605","page","type-page","status-publish","has-post-thumbnail","hentry"],"acf":[],"yoast_head":"<!-- This site is optimized with the Yoast SEO plugin v27.0 - https:\/\/yoast.com\/product\/yoast-seo-wordpress\/ -->\n<title>Die tiefsten Preise der Schweiz - Garage Auto Kunz AG Wohlen<\/title>\n<meta name=\"description\" content=\"Garage Auto Kunz AG pr\u00e4sentiert Ihnen die \u00fcber 400 Neuwagen und 100 Occasionen. Die tiefsten Preise der Schweiz Auf \u00fcber 12\u2019000 Quadratmetern.\" \/>\n<meta name=\"robots\" content=\"index, follow, max-snippet:-1, max-image-preview:large, max-video-preview:-1\" \/>\n<link rel=\"canonical\" href=\"https:\/\/autokunz.ch\/fr\/entreprise\/garage\/\" \/>\n<meta property=\"og:locale\" content=\"fr_FR\" \/>\n<meta property=\"og:type\" content=\"article\" \/>\n<meta property=\"og:title\" content=\"Die tiefsten Preise der Schweiz - Garage Auto Kunz AG Wohlen\" \/>\n<meta property=\"og:description\" content=\"Garage Auto Kunz AG pr\u00e4sentiert Ihnen die \u00fcber 400 Neuwagen und 100 Occasionen. Die tiefsten Preise der Schweiz Auf \u00fcber 12\u2019000 Quadratmetern.\" \/>\n<meta property=\"og:url\" content=\"https:\/\/autokunz.ch\/fr\/entreprise\/garage\/\" \/>\n<meta property=\"og:site_name\" content=\"Auto Kunz\" \/>\n<meta property=\"article:publisher\" content=\"https:\/\/www.facebook.com\/AutoKunzAG\" \/>\n<meta property=\"article:modified_time\" content=\"2019-09-13T09:22:42+00:00\" \/>\n<meta property=\"og:image\" content=\"https:\/\/autokunz.ch\/app\/uploads\/2019\/09\/garage-auto-kunz-heute.jpg\" \/>\n\t<meta property=\"og:image:width\" content=\"1536\" \/>\n\t<meta property=\"og:image:height\" content=\"863\" \/>\n\t<meta property=\"og:image:type\" content=\"image\/jpeg\" \/>\n<meta name=\"twitter:card\" content=\"summary_large_image\" \/>\n<meta name=\"twitter:site\" content=\"@autokunzag\" \/>\n<meta name=\"twitter:label1\" content=\"Est. reading time\" \/>\n\t<meta name=\"twitter:data1\" content=\"3 minutes\" \/>\n<script type=\"application\/ld+json\" class=\"yoast-schema-graph\">{\"@context\":\"https:\/\/schema.org\",\"@graph\":[{\"@type\":\"WebPage\",\"@id\":\"https:\/\/autokunz.ch\/fr\/entreprise\/garage\/\",\"url\":\"https:\/\/autokunz.ch\/fr\/entreprise\/garage\/\",\"name\":\"Die tiefsten Preise der Schweiz - Garage Auto Kunz AG Wohlen\",\"isPartOf\":{\"@id\":\"https:\/\/autokunz.ch\/#website\"},\"primaryImageOfPage\":{\"@id\":\"https:\/\/autokunz.ch\/fr\/entreprise\/garage\/#primaryimage\"},\"image\":{\"@id\":\"https:\/\/autokunz.ch\/fr\/entreprise\/garage\/#primaryimage\"},\"thumbnailUrl\":\"https:\/\/autokunz.ch\/app\/uploads\/2019\/09\/garage-auto-kunz-heute.jpg\",\"datePublished\":\"2019-08-05T11:46:26+00:00\",\"dateModified\":\"2019-09-13T09:22:42+00:00\",\"description\":\"Garage Auto Kunz AG pr\u00e4sentiert Ihnen die \u00fcber 400 Neuwagen und 100 Occasionen. Die tiefsten Preise der Schweiz Auf \u00fcber 12\u2019000 Quadratmetern.\",\"breadcrumb\":{\"@id\":\"https:\/\/autokunz.ch\/fr\/entreprise\/garage\/#breadcrumb\"},\"inLanguage\":\"fr-FR\",\"potentialAction\":[{\"@type\":\"ReadAction\",\"target\":[\"https:\/\/autokunz.ch\/fr\/entreprise\/garage\/\"]}]},{\"@type\":\"ImageObject\",\"inLanguage\":\"fr-FR\",\"@id\":\"https:\/\/autokunz.ch\/fr\/entreprise\/garage\/#primaryimage\",\"url\":\"https:\/\/autokunz.ch\/app\/uploads\/2019\/09\/garage-auto-kunz-heute.jpg\",\"contentUrl\":\"https:\/\/autokunz.ch\/app\/uploads\/2019\/09\/garage-auto-kunz-heute.jpg\",\"width\":1536,\"height\":863,\"caption\":\"Garage Auto Kunz heute - Auto Kunz AG\"},{\"@type\":\"BreadcrumbList\",\"@id\":\"https:\/\/autokunz.ch\/fr\/entreprise\/garage\/#breadcrumb\",\"itemListElement\":[{\"@type\":\"ListItem\",\"position\":1,\"name\":\"Home\",\"item\":\"https:\/\/autokunz.ch\/fr\/\"},{\"@type\":\"ListItem\",\"position\":2,\"name\":\"Entreprise\",\"item\":\"https:\/\/autokunz.ch\/fr\/entreprise\/\"},{\"@type\":\"ListItem\",\"position\":3,\"name\":\"Garage Auto Kunz aujourd&#8217;hui\"}]},{\"@type\":\"WebSite\",\"@id\":\"https:\/\/autokunz.ch\/#website\",\"url\":\"https:\/\/autokunz.ch\/\",\"name\":\"Auto Kunz\",\"description\":\"\u00dcber 500 Autos, die tiefsten Preise der Schweiz\",\"publisher\":{\"@id\":\"https:\/\/autokunz.ch\/#organization\"},\"potentialAction\":[{\"@type\":\"SearchAction\",\"target\":{\"@type\":\"EntryPoint\",\"urlTemplate\":\"https:\/\/autokunz.ch\/?s={search_term_string}\"},\"query-input\":{\"@type\":\"PropertyValueSpecification\",\"valueRequired\":true,\"valueName\":\"search_term_string\"}}],\"inLanguage\":\"fr-FR\"},{\"@type\":\"Organization\",\"@id\":\"https:\/\/autokunz.ch\/#organization\",\"name\":\"Auto Kunz AG\",\"url\":\"https:\/\/autokunz.ch\/\",\"logo\":{\"@type\":\"ImageObject\",\"inLanguage\":\"fr-FR\",\"@id\":\"https:\/\/autokunz.ch\/#\/schema\/logo\/image\/\",\"url\":\"https:\/\/autokunz.ch\/app\/uploads\/2021\/07\/autokunz-ag-wohlen-logo.png\",\"contentUrl\":\"https:\/\/autokunz.ch\/app\/uploads\/2021\/07\/autokunz-ag-wohlen-logo.png\",\"width\":530,\"height\":79,\"caption\":\"Auto Kunz AG\"},\"image\":{\"@id\":\"https:\/\/autokunz.ch\/#\/schema\/logo\/image\/\"},\"sameAs\":[\"https:\/\/www.facebook.com\/AutoKunzAG\",\"https:\/\/x.com\/autokunzag\",\"https:\/\/www.instagram.com\/autokunz.ch\/\",\"https:\/\/www.linkedin.com\/company\/9463486?trk=tyah&amp;amp;amp;trkInfo=clickedVertical:company,idx:1-1-1,tarId:1434043483672,tas:auto kunz\",\"https:\/\/www.pinterest.com\/autokunzag\/\",\"https:\/\/www.youtube.com\/channel\/UCsS22A2abuuzGxbmhsPm-6g\"]}]}<\/script>\n<!-- \/ Yoast SEO plugin. -->","yoast_head_json":{"title":"Die tiefsten Preise der Schweiz - Garage Auto Kunz AG Wohlen","description":"Garage Auto Kunz AG pr\u00e4sentiert Ihnen die \u00fcber 400 Neuwagen und 100 Occasionen. Die tiefsten Preise der Schweiz Auf \u00fcber 12\u2019000 Quadratmetern.","robots":{"index":"index","follow":"follow","max-snippet":"max-snippet:-1","max-image-preview":"max-image-preview:large","max-video-preview":"max-video-preview:-1"},"canonical":"https:\/\/autokunz.ch\/fr\/entreprise\/garage\/","og_locale":"fr_FR","og_type":"article","og_title":"Die tiefsten Preise der Schweiz - Garage Auto Kunz AG Wohlen","og_description":"Garage Auto Kunz AG pr\u00e4sentiert Ihnen die \u00fcber 400 Neuwagen und 100 Occasionen. Die tiefsten Preise der Schweiz Auf \u00fcber 12\u2019000 Quadratmetern.","og_url":"https:\/\/autokunz.ch\/fr\/entreprise\/garage\/","og_site_name":"Auto Kunz","article_publisher":"https:\/\/www.facebook.com\/AutoKunzAG","article_modified_time":"2019-09-13T09:22:42+00:00","og_image":[{"width":1536,"height":863,"url":"https:\/\/autokunz.ch\/app\/uploads\/2019\/09\/garage-auto-kunz-heute.jpg","type":"image\/jpeg"}],"twitter_card":"summary_large_image","twitter_site":"@autokunzag","twitter_misc":{"Est. reading time":"3 minutes"},"schema":{"@context":"https:\/\/schema.org","@graph":[{"@type":"WebPage","@id":"https:\/\/autokunz.ch\/fr\/entreprise\/garage\/","url":"https:\/\/autokunz.ch\/fr\/entreprise\/garage\/","name":"Die tiefsten Preise der Schweiz - Garage Auto Kunz AG Wohlen","isPartOf":{"@id":"https:\/\/autokunz.ch\/#website"},"primaryImageOfPage":{"@id":"https:\/\/autokunz.ch\/fr\/entreprise\/garage\/#primaryimage"},"image":{"@id":"https:\/\/autokunz.ch\/fr\/entreprise\/garage\/#primaryimage"},"thumbnailUrl":"https:\/\/autokunz.ch\/app\/uploads\/2019\/09\/garage-auto-kunz-heute.jpg","datePublished":"2019-08-05T11:46:26+00:00","dateModified":"2019-09-13T09:22:42+00:00","description":"Garage Auto Kunz AG pr\u00e4sentiert Ihnen die \u00fcber 400 Neuwagen und 100 Occasionen. Die tiefsten Preise der Schweiz Auf \u00fcber 12\u2019000 Quadratmetern.","breadcrumb":{"@id":"https:\/\/autokunz.ch\/fr\/entreprise\/garage\/#breadcrumb"},"inLanguage":"fr-FR","potentialAction":[{"@type":"ReadAction","target":["https:\/\/autokunz.ch\/fr\/entreprise\/garage\/"]}]},{"@type":"ImageObject","inLanguage":"fr-FR","@id":"https:\/\/autokunz.ch\/fr\/entreprise\/garage\/#primaryimage","url":"https:\/\/autokunz.ch\/app\/uploads\/2019\/09\/garage-auto-kunz-heute.jpg","contentUrl":"https:\/\/autokunz.ch\/app\/uploads\/2019\/09\/garage-auto-kunz-heute.jpg","width":1536,"height":863,"caption":"Garage Auto Kunz heute - Auto Kunz AG"},{"@type":"BreadcrumbList","@id":"https:\/\/autokunz.ch\/fr\/entreprise\/garage\/#breadcrumb","itemListElement":[{"@type":"ListItem","position":1,"name":"Home","item":"https:\/\/autokunz.ch\/fr\/"},{"@type":"ListItem","position":2,"name":"Entreprise","item":"https:\/\/autokunz.ch\/fr\/entreprise\/"},{"@type":"ListItem","position":3,"name":"Garage Auto Kunz aujourd&#8217;hui"}]},{"@type":"WebSite","@id":"https:\/\/autokunz.ch\/#website","url":"https:\/\/autokunz.ch\/","name":"Auto Kunz","description":"\u00dcber 500 Autos, die tiefsten Preise der Schweiz","publisher":{"@id":"https:\/\/autokunz.ch\/#organization"},"potentialAction":[{"@type":"SearchAction","target":{"@type":"EntryPoint","urlTemplate":"https:\/\/autokunz.ch\/?s={search_term_string}"},"query-input":{"@type":"PropertyValueSpecification","valueRequired":true,"valueName":"search_term_string"}}],"inLanguage":"fr-FR"},{"@type":"Organization","@id":"https:\/\/autokunz.ch\/#organization","name":"Auto Kunz AG","url":"https:\/\/autokunz.ch\/","logo":{"@type":"ImageObject","inLanguage":"fr-FR","@id":"https:\/\/autokunz.ch\/#\/schema\/logo\/image\/","url":"https:\/\/autokunz.ch\/app\/uploads\/2021\/07\/autokunz-ag-wohlen-logo.png","contentUrl":"https:\/\/autokunz.ch\/app\/uploads\/2021\/07\/autokunz-ag-wohlen-logo.png","width":530,"height":79,"caption":"Auto Kunz AG"},"image":{"@id":"https:\/\/autokunz.ch\/#\/schema\/logo\/image\/"},"sameAs":["https:\/\/www.facebook.com\/AutoKunzAG","https:\/\/x.com\/autokunzag","https:\/\/www.instagram.com\/autokunz.ch\/","https:\/\/www.linkedin.com\/company\/9463486?trk=tyah&amp;amp;amp;trkInfo=clickedVertical:company,idx:1-1-1,tarId:1434043483672,tas:auto kunz","https:\/\/www.pinterest.com\/autokunzag\/","https:\/\/www.youtube.com\/channel\/UCsS22A2abuuzGxbmhsPm-6g"]}]}},"_links":{"self":[{"href":"https:\/\/autokunz.ch\/fr\/wp-json\/wp\/v2\/pages\/38605","targetHints":{"allow":["GET"]}}],"collection":[{"href":"https:\/\/autokunz.ch\/fr\/wp-json\/wp\/v2\/pages"}],"about":[{"href":"https:\/\/autokunz.ch\/fr\/wp-json\/wp\/v2\/types\/page"}],"author":[{"embeddable":true,"href":"https:\/\/autokunz.ch\/fr\/wp-json\/wp\/v2\/users\/2"}],"replies":[{"embeddable":true,"href":"https:\/\/autokunz.ch\/fr\/wp-json\/wp\/v2\/comments?post=38605"}],"version-history":[{"count":3,"href":"https:\/\/autokunz.ch\/fr\/wp-json\/wp\/v2\/pages\/38605\/revisions"}],"predecessor-version":[{"id":1488446,"href":"https:\/\/autokunz.ch\/fr\/wp-json\/wp\/v2\/pages\/38605\/revisions\/1488446"}],"up":[{"embeddable":true,"href":"https:\/\/autokunz.ch\/fr\/wp-json\/wp\/v2\/pages\/11062"}],"wp:featuredmedia":[{"embeddable":true,"href":"https:\/\/autokunz.ch\/fr\/wp-json\/wp\/v2\/media\/38606"}],"wp:attachment":[{"href":"https:\/\/autokunz.ch\/fr\/wp-json\/wp\/v2\/media?parent=38605"}],"curies":[{"name":"wp","href":"https:\/\/api.w.org\/{rel}","templated":true}]}}