{"id":38698,"date":"2019-08-05T14:27:07","date_gmt":"2019-08-05T12:27:07","guid":{"rendered":"https:\/\/autokunz.ch\/entreprise\/partner\/"},"modified":"2024-07-11T15:25:59","modified_gmt":"2024-07-11T13:25:59","slug":"partenaires","status":"publish","type":"page","link":"https:\/\/autokunz.ch\/fr\/entreprise\/partenaires\/","title":{"rendered":"Partenaires"},"content":{"rendered":"\n<div class=\"wp-block-columns has-2-columns is-layout-flex wp-container-core-columns-is-layout-9d6595d7 wp-block-columns-is-layout-flex\">\n<div class=\"wp-block-column is-layout-flow wp-block-column-is-layout-flow\">\n<h2 class=\"wp-block-heading\">Tout est une question de fiabilit\u00e9 des partenaires!<\/h2>\n\n\n\n<p>Auto Kunz AG est fi\u00e8re d\u2019avoir \u00e0 ses c\u00f4t\u00e9s des partenaires professionnels. Gr\u00e2ce \u00e0 une confiance mutuelle et \u00e0 la grande <a href=\"https:\/\/autokunz.ch\/fr\/service\/\">qualit\u00e9 des services<\/a>, les partenariats que nous avons nou\u00e9s perdurent depuis des ann\u00e9es.<\/p>\n\n\n\n<p>Quand nous vous proposons le service d\u2019un de nos partenaires, vous pouvez \u00eatre s\u00fbr que la qualit\u00e9 sera au rendez-vous. Nos partenaires sont des entreprises suisses renomm\u00e9es. <\/p>\n\n\n\n<p>Ils sont actifs dans les domaines du financement de v\u00e9hicule, de la garantie et de la mobilit\u00e9. <br>Dans le domaine du financement de v\u00e9hicules, nous pouvons compter sur les principaux partenaires, Cembra Money Bank et Bank-now.<\/p>\n\n\n\n<p>Ces soci\u00e9t\u00e9s fournissent un soutien professionnel dans le domaine du financement et de la location de v\u00e9hicules. En mati\u00e8re de mobilit\u00e9, TCS Switzerland est notre partenaire de confiance.<\/p>\n<\/div>\n\n\n\n<div class=\"wp-block-column is-layout-flow wp-block-column-is-layout-flow\">\n<p>Ils sont actifs dans les domaines du financement de v\u00e9hicule, de la garantie et de la mobilit\u00e9. Les partenaires du r\u00e9seau de service \u00abGarage plus\u00bb m\u00e9ritent eux aussi d\u2019\u00eatre mentionn\u00e9s. La satisfaction des clients est prioritaire dans notre philosophie et comme de celle du groupement de garages ind\u00e9pendant \u00abGarage plus\u00bb. Avec plus de 260 sites, c\u2019est l\u2019un des plus grands r\u00e9seaux de services de Suisse. En rejoignant ce r\u00e9seau de garages, nous avons pris en compte le fait que des clients de toute la Suisse venaient maintenant \u00e0 Wohlen pour profiter de cette offre de services tr\u00e8s \u00e9tendue et r\u00e9aliser d\u2019importantes \u00e9conomies. <\/p>\n\n\n\n<p>Nos clients viennent souvent de Gen\u00e8ve, de Saint-Gall et d\u2019autres\nvilles suisses et, jusqu\u2019ici, le support technique sur site faisait d\u00e9faut.\nD\u00e9sormais, nos clients des quatre coins du pays sont entre de bonnes mains.<\/p>\n<\/div>\n<\/div>\n\n\n\n<hr class=\"wp-block-separator has-css-opacity\"\/>\n\n\n\n<div class=\"wp-block-columns has-4-columns is-layout-flex wp-container-core-columns-is-layout-9d6595d7 wp-block-columns-is-layout-flex\">\n<div class=\"wp-block-column is-layout-flow wp-block-column-is-layout-flow\"><div class=\"text-box d-flex flex-column h-100\">\n                                    \n            <div><img decoding=\"async\" src=\"https:\/\/autokunz.ch\/app\/uploads\/2019\/08\/partner-2.svg\" class=\"text-box__icon\" alt=\"Custom icon\" width=\"30px\" height=\"30px\">\n            <\/div>\n                    \n            <h4 class=\"text-box__title\">BANK-now<\/h4>\n                    <div class=\"text-box__text text-normal \">\n                <p>BANK-now AG est consid\u00e9r\u00e9e comme une soci\u00e9t\u00e9 de financement tr\u00e8s r\u00e9put\u00e9e et est notre partenaire \u00e0 long terme.<\/p>\n\n            <\/div>\n                            <div class=\"mt-auto text-box__link-container\">\n                <div class=\"empty-line-1\"><\/div>\n                                                    <a href=\"https:\/\/www.bank-now.ch\/de\/lp\/der-kredit-mit-dem-umfassenden-sicherheitspaket?kc_m=2570&amp;kc_d=2569&amp;cmp_m=mobile_seabrand&amp;cmp_d=desktop_seabrand&amp;campaign=BN15014-de%20%7C%20bank-now&amp;campagnenid=24352005&amp;network=g&amp;typ=brand&amp;quelle=google&amp;gclid=EAIaIQobChMIwY7ZvqSo5AIVwbTtCh2sqQF4EAAYASAAEgKm1vD_BwE&amp;gclsrc=aw.ds#\/\"\n                       class=\"text-button text-button--primary\"\n                       target=&quot;_blank&quot;>BANK-now AG<\/a>\n                            <\/div>\n            <\/div>\n\n<\/div>\n\n\n\n<div class=\"wp-block-column is-layout-flow wp-block-column-is-layout-flow\"><div class=\"text-box d-flex flex-column h-100\">\n                                    \n            <div><img decoding=\"async\" src=\"https:\/\/autokunz.ch\/app\/uploads\/2019\/08\/partner-5.png\" class=\"text-box__icon\" alt=\"Custom icon\" width=\"30px\" height=\"30px\">\n            <\/div>\n                    \n            <h4 class=\"text-box__title\">Cembra Money Bank<\/h4>\n                    <div class=\"text-box__text text-normal \">\n                <p>Cembra Money Bank est \u00e9galement une banque suisse renomm\u00e9e et l&#8217;un de nos partenaires de longue date.<\/p>\n\n            <\/div>\n                            <div class=\"mt-auto text-box__link-container\">\n                <div class=\"empty-line-1\"><\/div>\n                                                    <a href=\"https:\/\/tc.cembra.ch\/v13-5\/?PHPSESSID=4q97lce5ous305rbeb1j49d902&amp;id=102&amp;traffic=brand&amp;bam=brand&amp;gclid=EAIaIQobChMI76mT-qSo5AIVl-d3Ch34vwBdEAAYASAAEgKlcfD_BwE&amp;gclsrc=aw.ds\"\n                       class=\"text-button text-button--primary\"\n                       target=&quot;_blank&quot;>Cembra Money Bank<\/a>\n                            <\/div>\n            <\/div>\n\n<\/div>\n\n\n\n<div class=\"wp-block-column is-layout-flow wp-block-column-is-layout-flow\"><div class=\"text-box d-flex flex-column h-100\">\n                                    \n            <div><img decoding=\"async\" src=\"https:\/\/autokunz.ch\/app\/uploads\/2019\/08\/partner-3.png\" class=\"text-box__icon\" alt=\"Custom icon\" width=\"30px\" height=\"30px\">\n            <\/div>\n                    \n            <h4 class=\"text-box__title\">TCS<\/h4>\n                    <div class=\"text-box__text text-normal \">\n                <p>Le Touring Club Switzerland, qui compte 1,5 million de membres, est le plus grand club suisse de mobilit\u00e9.<\/p>\n\n            <\/div>\n                            <div class=\"mt-auto text-box__link-container\">\n                <div class=\"empty-line-1\"><\/div>\n                                                    <a href=\"https:\/\/www.tcs.ch\/de\/\"\n                       class=\"text-button text-button--primary\"\n                       target=&quot;_blank&quot;>TCS Schweiz<\/a>\n                            <\/div>\n            <\/div>\n\n<\/div>\n\n\n\n<div class=\"wp-block-column is-layout-flow wp-block-column-is-layout-flow\"><div class=\"text-box d-flex flex-column h-100\">\n                                    \n            <div><img decoding=\"async\" src=\"https:\/\/autokunz.ch\/app\/uploads\/2024\/04\/partner-auto-kunz-ag.png\" class=\"text-box__icon\" alt=\"Custom icon\" width=\"30px\" height=\"30px\">\n            <\/div>\n                    \n            <h4 class=\"text-box__title\">Autotechnik AG<\/h4>\n                    <div class=\"text-box__text text-normal \">\n                <p>Partenaire de la branche suisse des garages pour les pi\u00e8ces de rechange et d&#8217;usure, les accessoires et l&#8217;\u00e9quipement d&#8217;atelier.<\/p>\n\n            <\/div>\n                            <div class=\"mt-auto text-box__link-container\">\n                <div class=\"empty-line-1\"><\/div>\n                                                    <a href=\"https:\/\/www.autotechnik.ch\/fr\/\"\n                       class=\"text-button text-button--primary\"\n                       target=&quot;_blank&quot;>Hostettler Autotechnik AG<\/a>\n                            <\/div>\n            <\/div>\n\n\n\n\n<p><\/p>\n<\/div>\n<\/div>\n\n\n\n<div class=\"wp-block-columns has-2-columns is-layout-flex wp-container-core-columns-is-layout-9d6595d7 wp-block-columns-is-layout-flex\">\n<div class=\"wp-block-column is-layout-flow wp-block-column-is-layout-flow\">\n<div class=\"wp-block-columns has-2-columns is-layout-flex wp-container-core-columns-is-layout-9d6595d7 wp-block-columns-is-layout-flex\">\n<div class=\"wp-block-column is-layout-flow wp-block-column-is-layout-flow\"><div class=\"text-box d-flex flex-column h-100\">\n                                    \n            <div><img decoding=\"async\" src=\"https:\/\/autokunz.ch\/app\/uploads\/2019\/09\/Quality-1-1.jpg\" class=\"text-box__icon\" alt=\"Custom icon\" width=\"30px\" height=\"30px\">\n            <\/div>\n                    \n            <h4 class=\"text-box__title\">QUALITY ONE<\/h4>\n                    <div class=\"text-box__text text-normal \">\n                <p>Quality1 AG, \u200b\u200bfiliale \u00e0 100% d&#8217;Allianz Suisse, est le principal fournisseur de garanties de v\u00e9hicules en Suisse.<\/p>\n\n            <\/div>\n                            <div class=\"mt-auto text-box__link-container\">\n                <div class=\"empty-line-1\"><\/div>\n                                                    <a href=\"https:\/\/quality1.ch\/fr\/\"\n                       class=\"text-button text-button--primary\"\n                       target=&quot;_blank&quot;>Quality one<\/a>\n                            <\/div>\n            <\/div>\n\n<\/div>\n\n\n\n<div class=\"wp-block-column is-layout-flow wp-block-column-is-layout-flow\"><div class=\"text-box d-flex flex-column h-100\">\n                                    \n            <div><img decoding=\"async\" src=\"https:\/\/autokunz.ch\/app\/uploads\/2024\/04\/partenaires-auto-kunz-ag-3.png\" class=\"text-box__icon\" alt=\"Custom icon\" width=\"30px\" height=\"30px\">\n            <\/div>\n                    \n            <h4 class=\"text-box__title\">eGarage<\/h4>\n                    <div class=\"text-box__text text-normal \">\n                <p>En tant que conducteur d&#8217;un v\u00e9hicule \u00e9lectrique ou hybride, vous trouverez dans votre eGarage un partenaire comp\u00e9tent dans votre r\u00e9gion, qui s&#8217;occupera de tous les aspects de votre v\u00e9hicule.<\/p>\n\n            <\/div>\n                            <div class=\"mt-auto text-box__link-container\">\n                <div class=\"empty-line-1\"><\/div>\n                                                    <a href=\"https:\/\/egarage.ch\/fr\/\"\n                       class=\"text-button text-button--primary\"\n                       target=&quot;_blank&quot;>eGarage<\/a>\n                            <\/div>\n            <\/div>\n\n<\/div>\n<\/div>\n<\/div>\n\n\n\n<div class=\"wp-block-column is-layout-flow wp-block-column-is-layout-flow\">\n<div class=\"wp-block-columns has-2-columns is-layout-flex wp-container-core-columns-is-layout-9d6595d7 wp-block-columns-is-layout-flex\">\n<div class=\"wp-block-column is-layout-flow wp-block-column-is-layout-flow\"><div class=\"text-box d-flex flex-column h-100\">\n                                    \n            <div><img decoding=\"async\" src=\"https:\/\/autokunz.ch\/app\/uploads\/2019\/09\/vfas-ohne-text-1.jpg\" class=\"text-box__icon\" alt=\"Custom icon\" width=\"30px\" height=\"30px\">\n            <\/div>\n                    \n            <h4 class=\"text-box__title\">VFAS<\/h4>\n                    <div class=\"text-box__text text-normal \">\n                <p>La VFAS d\u00e9fend les int\u00e9r\u00eats du march\u00e9 libre et ind\u00e9pendant de l&#8217;automobile en Suisse pour les revendeurs et les consommateurs.<\/p>\n\n            <\/div>\n                            <div class=\"mt-auto text-box__link-container\">\n                <div class=\"empty-line-1\"><\/div>\n                                                    <a href=\"https:\/\/www.vfas.ch\/fr\/home\"\n                       class=\"text-button text-button--primary\"\n                       target=&quot;_blank&quot;>VFAS<\/a>\n                            <\/div>\n            <\/div>\n\n<\/div>\n\n\n\n<div class=\"wp-block-column is-layout-flow wp-block-column-is-layout-flow\"><div class=\"text-box d-flex flex-column h-100\">\n                                    \n            <div><img decoding=\"async\" src=\"https:\/\/autokunz.ch\/app\/uploads\/2019\/09\/Shelby-Switzerland-Logo-Snake-2.jpg\" class=\"text-box__icon\" alt=\"Custom icon\" width=\"30px\" height=\"30px\">\n            <\/div>\n                    \n            <h4 class=\"text-box__title\">SHELBY<\/h4>\n                    <div class=\"text-box__text text-normal \">\n                <p>Importateur Shelby &#8211; Auto Kunz AG a \u00e9t\u00e9 s\u00e9lectionn\u00e9 comme importateur officiel de Shelby pour la Suisse al\u00e9manique.<\/p>\n\n            <\/div>\n                            <div class=\"mt-auto text-box__link-container\">\n                <div class=\"empty-line-1\"><\/div>\n                                                    <a href=\"#\"\n                       class=\"text-button text-button--primary\"\n                       >Shelby<\/a>\n                            <\/div>\n            <\/div>\n\n<\/div>\n<\/div>\n<\/div>\n<\/div>\n\n\n\n<div class=\"wp-block-columns has-2-columns is-layout-flex wp-container-core-columns-is-layout-9d6595d7 wp-block-columns-is-layout-flex\">\n<div class=\"wp-block-column is-layout-flow wp-block-column-is-layout-flow\">\n<div class=\"wp-block-columns has-2-columns is-layout-flex wp-container-core-columns-is-layout-9d6595d7 wp-block-columns-is-layout-flex\">\n<div class=\"wp-block-column is-layout-flow wp-block-column-is-layout-flow\"><div class=\"text-box d-flex flex-column h-100\">\n                                    \n            <div><img decoding=\"async\" src=\"https:\/\/autokunz.ch\/app\/uploads\/2024\/04\/partenaires-auto-kunz-ag-5.png\" class=\"text-box__icon\" alt=\"Custom icon\" width=\"30px\" height=\"30px\">\n            <\/div>\n                    \n            <h4 class=\"text-box__title\">AutoPro<\/h4>\n                    <div class=\"text-box__text text-normal \">\n                <p>Tous les garagistes AutoPro sont des professionnels confirm\u00e9s et disposent d&#8217;un grand savoir-faire technique.<\/p>\n\n            <\/div>\n                            <div class=\"mt-auto text-box__link-container\">\n                <div class=\"empty-line-1\"><\/div>\n                                                    <a href=\"https:\/\/autopro.ch\/fr\/\"\n                       class=\"text-button text-button--primary\"\n                       target=&quot;_blank&quot;>AutoPro<\/a>\n                            <\/div>\n            <\/div>\n\n<\/div>\n\n\n\n<div class=\"wp-block-column is-layout-flow wp-block-column-is-layout-flow\"><\/div>\n<\/div>\n<\/div>\n\n\n\n<div class=\"wp-block-column is-layout-flow wp-block-column-is-layout-flow\">\n<div class=\"wp-block-columns has-2-columns is-layout-flex wp-container-core-columns-is-layout-9d6595d7 wp-block-columns-is-layout-flex\">\n<div class=\"wp-block-column is-layout-flow wp-block-column-is-layout-flow\"><\/div>\n\n\n\n<div class=\"wp-block-column is-layout-flow wp-block-column-is-layout-flow\"><\/div>\n<\/div>\n<\/div>\n<\/div>\n","protected":false},"excerpt":{"rendered":"<p>Tout est une question de fiabilit\u00e9 des partenaires! Auto Kunz AG est fi\u00e8re d\u2019avoir \u00e0 ses c\u00f4t\u00e9s des partenaires professionnels. Gr\u00e2ce \u00e0 une confiance mutuelle et \u00e0 la grande qualit\u00e9 des services, les partenariats que nous avons nou\u00e9s perdurent depuis des ann\u00e9es. Quand nous vous proposons le service d\u2019un de nos partenaires, vous pouvez \u00eatre &hellip; <a class=\"text-button text-button--primary text-button--no-arrow\" href=\"https:\/\/autokunz.ch\/fr\/entreprise\/partenaires\/\">continue<\/a><\/p>\n","protected":false},"author":4,"featured_media":2807849,"parent":11062,"menu_order":6,"comment_status":"closed","ping_status":"closed","template":"","meta":{"_acf_changed":false,"footnotes":""},"class_list":["post-38698","page","type-page","status-publish","has-post-thumbnail","hentry"],"acf":[],"yoast_head":"<!-- This site is optimized with the Yoast SEO plugin v27.0 - https:\/\/yoast.com\/product\/yoast-seo-wordpress\/ -->\n<title>Auf zuverl\u00e4ssige Partner kommt es an - Auto Kunz AG Wohlen<\/title>\n<meta name=\"description\" content=\"Wir sind stolz, dass professionelle Partner an unserer Seite stehen. Bei unseren Partnern handelt es sich um namhafte Schweizer Unternehmen.\" \/>\n<meta name=\"robots\" content=\"index, follow, max-snippet:-1, max-image-preview:large, max-video-preview:-1\" \/>\n<link rel=\"canonical\" href=\"https:\/\/autokunz.ch\/fr\/entreprise\/partenaires\/\" \/>\n<meta property=\"og:locale\" content=\"fr_FR\" \/>\n<meta property=\"og:type\" content=\"article\" \/>\n<meta property=\"og:title\" content=\"Auf zuverl\u00e4ssige Partner kommt es an - Auto Kunz AG Wohlen\" \/>\n<meta property=\"og:description\" content=\"Wir sind stolz, dass professionelle Partner an unserer Seite stehen. Bei unseren Partnern handelt es sich um namhafte Schweizer Unternehmen.\" \/>\n<meta property=\"og:url\" content=\"https:\/\/autokunz.ch\/fr\/entreprise\/partenaires\/\" \/>\n<meta property=\"og:site_name\" content=\"Auto Kunz\" \/>\n<meta property=\"article:publisher\" content=\"https:\/\/www.facebook.com\/AutoKunzAG\" \/>\n<meta property=\"article:modified_time\" content=\"2024-07-11T13:25:59+00:00\" \/>\n<meta property=\"og:image\" content=\"https:\/\/autokunz.ch\/app\/uploads\/2021\/12\/Kontakt_Webseite.jpg\" \/>\n\t<meta property=\"og:image:width\" content=\"1920\" \/>\n\t<meta property=\"og:image:height\" content=\"656\" \/>\n\t<meta property=\"og:image:type\" content=\"image\/jpeg\" \/>\n<meta name=\"twitter:card\" content=\"summary_large_image\" \/>\n<meta name=\"twitter:site\" content=\"@autokunzag\" \/>\n<meta name=\"twitter:label1\" content=\"Est. reading time\" \/>\n\t<meta name=\"twitter:data1\" content=\"2 minutes\" \/>\n<script type=\"application\/ld+json\" class=\"yoast-schema-graph\">{\"@context\":\"https:\/\/schema.org\",\"@graph\":[{\"@type\":\"WebPage\",\"@id\":\"https:\/\/autokunz.ch\/fr\/entreprise\/partenaires\/\",\"url\":\"https:\/\/autokunz.ch\/fr\/entreprise\/partenaires\/\",\"name\":\"Auf zuverl\u00e4ssige Partner kommt es an - Auto Kunz AG Wohlen\",\"isPartOf\":{\"@id\":\"https:\/\/autokunz.ch\/#website\"},\"primaryImageOfPage\":{\"@id\":\"https:\/\/autokunz.ch\/fr\/entreprise\/partenaires\/#primaryimage\"},\"image\":{\"@id\":\"https:\/\/autokunz.ch\/fr\/entreprise\/partenaires\/#primaryimage\"},\"thumbnailUrl\":\"https:\/\/autokunz.ch\/app\/uploads\/2021\/12\/Kontakt_Webseite.jpg\",\"datePublished\":\"2019-08-05T12:27:07+00:00\",\"dateModified\":\"2024-07-11T13:25:59+00:00\",\"description\":\"Wir sind stolz, dass professionelle Partner an unserer Seite stehen. Bei unseren Partnern handelt es sich um namhafte Schweizer Unternehmen.\",\"breadcrumb\":{\"@id\":\"https:\/\/autokunz.ch\/fr\/entreprise\/partenaires\/#breadcrumb\"},\"inLanguage\":\"fr-FR\",\"potentialAction\":[{\"@type\":\"ReadAction\",\"target\":[\"https:\/\/autokunz.ch\/fr\/entreprise\/partenaires\/\"]}]},{\"@type\":\"ImageObject\",\"inLanguage\":\"fr-FR\",\"@id\":\"https:\/\/autokunz.ch\/fr\/entreprise\/partenaires\/#primaryimage\",\"url\":\"https:\/\/autokunz.ch\/app\/uploads\/2021\/12\/Kontakt_Webseite.jpg\",\"contentUrl\":\"https:\/\/autokunz.ch\/app\/uploads\/2021\/12\/Kontakt_Webseite.jpg\",\"width\":1920,\"height\":656,\"caption\":\"Partenaires - Auto Kunz AG mit den schweizweit tiefsten Preisen 3\"},{\"@type\":\"BreadcrumbList\",\"@id\":\"https:\/\/autokunz.ch\/fr\/entreprise\/partenaires\/#breadcrumb\",\"itemListElement\":[{\"@type\":\"ListItem\",\"position\":1,\"name\":\"Home\",\"item\":\"https:\/\/autokunz.ch\/fr\/\"},{\"@type\":\"ListItem\",\"position\":2,\"name\":\"Entreprise\",\"item\":\"https:\/\/autokunz.ch\/fr\/entreprise\/\"},{\"@type\":\"ListItem\",\"position\":3,\"name\":\"Partenaires\"}]},{\"@type\":\"WebSite\",\"@id\":\"https:\/\/autokunz.ch\/#website\",\"url\":\"https:\/\/autokunz.ch\/\",\"name\":\"Auto Kunz\",\"description\":\"\u00dcber 500 Autos, die tiefsten Preise der Schweiz\",\"publisher\":{\"@id\":\"https:\/\/autokunz.ch\/#organization\"},\"potentialAction\":[{\"@type\":\"SearchAction\",\"target\":{\"@type\":\"EntryPoint\",\"urlTemplate\":\"https:\/\/autokunz.ch\/?s={search_term_string}\"},\"query-input\":{\"@type\":\"PropertyValueSpecification\",\"valueRequired\":true,\"valueName\":\"search_term_string\"}}],\"inLanguage\":\"fr-FR\"},{\"@type\":\"Organization\",\"@id\":\"https:\/\/autokunz.ch\/#organization\",\"name\":\"Auto Kunz AG\",\"url\":\"https:\/\/autokunz.ch\/\",\"logo\":{\"@type\":\"ImageObject\",\"inLanguage\":\"fr-FR\",\"@id\":\"https:\/\/autokunz.ch\/#\/schema\/logo\/image\/\",\"url\":\"https:\/\/autokunz.ch\/app\/uploads\/2021\/07\/autokunz-ag-wohlen-logo.png\",\"contentUrl\":\"https:\/\/autokunz.ch\/app\/uploads\/2021\/07\/autokunz-ag-wohlen-logo.png\",\"width\":530,\"height\":79,\"caption\":\"Auto Kunz AG\"},\"image\":{\"@id\":\"https:\/\/autokunz.ch\/#\/schema\/logo\/image\/\"},\"sameAs\":[\"https:\/\/www.facebook.com\/AutoKunzAG\",\"https:\/\/x.com\/autokunzag\",\"https:\/\/www.instagram.com\/autokunz.ch\/\",\"https:\/\/www.linkedin.com\/company\/9463486?trk=tyah&amp;amp;amp;trkInfo=clickedVertical:company,idx:1-1-1,tarId:1434043483672,tas:auto kunz\",\"https:\/\/www.pinterest.com\/autokunzag\/\",\"https:\/\/www.youtube.com\/channel\/UCsS22A2abuuzGxbmhsPm-6g\"]}]}<\/script>\n<!-- \/ Yoast SEO plugin. -->","yoast_head_json":{"title":"Auf zuverl\u00e4ssige Partner kommt es an - Auto Kunz AG Wohlen","description":"Wir sind stolz, dass professionelle Partner an unserer Seite stehen. Bei unseren Partnern handelt es sich um namhafte Schweizer Unternehmen.","robots":{"index":"index","follow":"follow","max-snippet":"max-snippet:-1","max-image-preview":"max-image-preview:large","max-video-preview":"max-video-preview:-1"},"canonical":"https:\/\/autokunz.ch\/fr\/entreprise\/partenaires\/","og_locale":"fr_FR","og_type":"article","og_title":"Auf zuverl\u00e4ssige Partner kommt es an - Auto Kunz AG Wohlen","og_description":"Wir sind stolz, dass professionelle Partner an unserer Seite stehen. Bei unseren Partnern handelt es sich um namhafte Schweizer Unternehmen.","og_url":"https:\/\/autokunz.ch\/fr\/entreprise\/partenaires\/","og_site_name":"Auto Kunz","article_publisher":"https:\/\/www.facebook.com\/AutoKunzAG","article_modified_time":"2024-07-11T13:25:59+00:00","og_image":[{"width":1920,"height":656,"url":"https:\/\/autokunz.ch\/app\/uploads\/2021\/12\/Kontakt_Webseite.jpg","type":"image\/jpeg"}],"twitter_card":"summary_large_image","twitter_site":"@autokunzag","twitter_misc":{"Est. reading time":"2 minutes"},"schema":{"@context":"https:\/\/schema.org","@graph":[{"@type":"WebPage","@id":"https:\/\/autokunz.ch\/fr\/entreprise\/partenaires\/","url":"https:\/\/autokunz.ch\/fr\/entreprise\/partenaires\/","name":"Auf zuverl\u00e4ssige Partner kommt es an - Auto Kunz AG Wohlen","isPartOf":{"@id":"https:\/\/autokunz.ch\/#website"},"primaryImageOfPage":{"@id":"https:\/\/autokunz.ch\/fr\/entreprise\/partenaires\/#primaryimage"},"image":{"@id":"https:\/\/autokunz.ch\/fr\/entreprise\/partenaires\/#primaryimage"},"thumbnailUrl":"https:\/\/autokunz.ch\/app\/uploads\/2021\/12\/Kontakt_Webseite.jpg","datePublished":"2019-08-05T12:27:07+00:00","dateModified":"2024-07-11T13:25:59+00:00","description":"Wir sind stolz, dass professionelle Partner an unserer Seite stehen. Bei unseren Partnern handelt es sich um namhafte Schweizer Unternehmen.","breadcrumb":{"@id":"https:\/\/autokunz.ch\/fr\/entreprise\/partenaires\/#breadcrumb"},"inLanguage":"fr-FR","potentialAction":[{"@type":"ReadAction","target":["https:\/\/autokunz.ch\/fr\/entreprise\/partenaires\/"]}]},{"@type":"ImageObject","inLanguage":"fr-FR","@id":"https:\/\/autokunz.ch\/fr\/entreprise\/partenaires\/#primaryimage","url":"https:\/\/autokunz.ch\/app\/uploads\/2021\/12\/Kontakt_Webseite.jpg","contentUrl":"https:\/\/autokunz.ch\/app\/uploads\/2021\/12\/Kontakt_Webseite.jpg","width":1920,"height":656,"caption":"Partenaires - Auto Kunz AG mit den schweizweit tiefsten Preisen 3"},{"@type":"BreadcrumbList","@id":"https:\/\/autokunz.ch\/fr\/entreprise\/partenaires\/#breadcrumb","itemListElement":[{"@type":"ListItem","position":1,"name":"Home","item":"https:\/\/autokunz.ch\/fr\/"},{"@type":"ListItem","position":2,"name":"Entreprise","item":"https:\/\/autokunz.ch\/fr\/entreprise\/"},{"@type":"ListItem","position":3,"name":"Partenaires"}]},{"@type":"WebSite","@id":"https:\/\/autokunz.ch\/#website","url":"https:\/\/autokunz.ch\/","name":"Auto Kunz","description":"\u00dcber 500 Autos, die tiefsten Preise der Schweiz","publisher":{"@id":"https:\/\/autokunz.ch\/#organization"},"potentialAction":[{"@type":"SearchAction","target":{"@type":"EntryPoint","urlTemplate":"https:\/\/autokunz.ch\/?s={search_term_string}"},"query-input":{"@type":"PropertyValueSpecification","valueRequired":true,"valueName":"search_term_string"}}],"inLanguage":"fr-FR"},{"@type":"Organization","@id":"https:\/\/autokunz.ch\/#organization","name":"Auto Kunz AG","url":"https:\/\/autokunz.ch\/","logo":{"@type":"ImageObject","inLanguage":"fr-FR","@id":"https:\/\/autokunz.ch\/#\/schema\/logo\/image\/","url":"https:\/\/autokunz.ch\/app\/uploads\/2021\/07\/autokunz-ag-wohlen-logo.png","contentUrl":"https:\/\/autokunz.ch\/app\/uploads\/2021\/07\/autokunz-ag-wohlen-logo.png","width":530,"height":79,"caption":"Auto Kunz AG"},"image":{"@id":"https:\/\/autokunz.ch\/#\/schema\/logo\/image\/"},"sameAs":["https:\/\/www.facebook.com\/AutoKunzAG","https:\/\/x.com\/autokunzag","https:\/\/www.instagram.com\/autokunz.ch\/","https:\/\/www.linkedin.com\/company\/9463486?trk=tyah&amp;amp;amp;trkInfo=clickedVertical:company,idx:1-1-1,tarId:1434043483672,tas:auto kunz","https:\/\/www.pinterest.com\/autokunzag\/","https:\/\/www.youtube.com\/channel\/UCsS22A2abuuzGxbmhsPm-6g"]}]}},"_links":{"self":[{"href":"https:\/\/autokunz.ch\/fr\/wp-json\/wp\/v2\/pages\/38698","targetHints":{"allow":["GET"]}}],"collection":[{"href":"https:\/\/autokunz.ch\/fr\/wp-json\/wp\/v2\/pages"}],"about":[{"href":"https:\/\/autokunz.ch\/fr\/wp-json\/wp\/v2\/types\/page"}],"author":[{"embeddable":true,"href":"https:\/\/autokunz.ch\/fr\/wp-json\/wp\/v2\/users\/4"}],"replies":[{"embeddable":true,"href":"https:\/\/autokunz.ch\/fr\/wp-json\/wp\/v2\/comments?post=38698"}],"version-history":[{"count":3,"href":"https:\/\/autokunz.ch\/fr\/wp-json\/wp\/v2\/pages\/38698\/revisions"}],"predecessor-version":[{"id":4953959,"href":"https:\/\/autokunz.ch\/fr\/wp-json\/wp\/v2\/pages\/38698\/revisions\/4953959"}],"up":[{"embeddable":true,"href":"https:\/\/autokunz.ch\/fr\/wp-json\/wp\/v2\/pages\/11062"}],"wp:featuredmedia":[{"embeddable":true,"href":"https:\/\/autokunz.ch\/fr\/wp-json\/wp\/v2\/media\/2807849"}],"wp:attachment":[{"href":"https:\/\/autokunz.ch\/fr\/wp-json\/wp\/v2\/media?parent=38698"}],"curies":[{"name":"wp","href":"https:\/\/api.w.org\/{rel}","templated":true}]}}