{"id":4126129,"date":"2023-04-21T09:07:37","date_gmt":"2023-04-21T07:07:37","guid":{"rendered":"https:\/\/autokunz.ch\/entreprise\/engagements\/"},"modified":"2024-04-05T15:20:19","modified_gmt":"2024-04-05T13:20:19","slug":"engagements","status":"publish","type":"page","link":"https:\/\/autokunz.ch\/fr\/entreprise\/engagements\/","title":{"rendered":"Engagements"},"content":{"rendered":"\n<div class=\"wp-block-columns has-2-columns is-layout-flex wp-container-core-columns-is-layout-9d6595d7 wp-block-columns-is-layout-flex\">\n<div class=\"wp-block-column is-layout-flow wp-block-column-is-layout-flow\">\n<h2 class=\"wp-block-heading\">Sponsoring<\/h2>\n\n\n\n<h3 class=\"wp-block-heading\" id=\"leistungen\">Nous sommes engag\u00e9s pour la culture et le sport<\/h3>\n\n\n\n<p>Les voitures nous tiennent \u00e0 c\u0153ur. Une vie sans mobilit\u00e9, que ce soit pour l\u2019\u00e9ducation, le travail ou les loisirs, est impensable. Nous soutenons des entreprises et des organisations du secteur culturel ou sportif pour rendre la Suisse un peu plus belle.<\/p>\n<\/div>\n<\/div>\n\n\n\n<hr class=\"wp-block-separator has-css-opacity is-style-wide\"\/>\n\n\n\n<div class=\"wp-block-columns has-2-columns is-layout-flex wp-container-core-columns-is-layout-9d6595d7 wp-block-columns-is-layout-flex\">\n<div class=\"wp-block-column is-layout-flow wp-block-column-is-layout-flow\">\n<figure class=\"wp-block-image size-large\"><img decoding=\"async\" width=\"1366\" height=\"912\" src=\"https:\/\/autokunz.ch\/app\/uploads\/2023\/03\/Auto-Kunz_DSC7163-1366x912.jpg\" alt=\"\" class=\"wp-image-4031472\" srcset=\"https:\/\/autokunz.ch\/app\/uploads\/2023\/03\/Auto-Kunz_DSC7163-1366x912.jpg 1366w, https:\/\/autokunz.ch\/app\/uploads\/2023\/03\/Auto-Kunz_DSC7163-529x353.jpg 529w, https:\/\/autokunz.ch\/app\/uploads\/2023\/03\/Auto-Kunz_DSC7163-297x197.jpg 297w, https:\/\/autokunz.ch\/app\/uploads\/2023\/03\/Auto-Kunz_DSC7163-768x513.jpg 768w, https:\/\/autokunz.ch\/app\/uploads\/2023\/03\/Auto-Kunz_DSC7163-1536x1026.jpg 1536w, https:\/\/autokunz.ch\/app\/uploads\/2023\/03\/Auto-Kunz_DSC7163.jpg 1920w\" sizes=\"(max-width: 1366px) 100vw, 1366px\" \/><\/figure>\n<\/div>\n\n\n\n<div class=\"wp-block-column is-layout-flow wp-block-column-is-layout-flow\">\n<h5 class=\"wp-block-heading\">Partenariat avec Circus Knie <\/h5>\n\n\n\n<p><\/p>\n\n\n\n<p>Depuis quelques ann\u00e9es, le Cirque National est \u00e9galement sur la route avec des v\u00e9hicules de notre entreprise. Le mod\u00e8le d\u2019abonnement automobile est le forfait optimal sans soucis pour les genoux. Tout est inclus sauf l\u2019essence ou l\u2019\u00e9lectricit\u00e9. Si vous voulez en savoir plus sur l\u2019engagement et participer \u00e0 des comp\u00e9titions, suivez Auto Kunz et JAC-Schweiz sur les r\u00e9seaux sociaux! <\/p>\n\n\n\n<p>Photo (de gauche \u00e0 droite): Adrian B\u00fcchler, PDG Auto Kunz, Kevin Riemann, PM Auto Kunz, Maycol Errani, directeur technique Circus Knie, Kevin Baumann, PM Auto Kunz, Pia Hurni, directrice marketing Auto Kunz, Randy Scheibli, directeur marketing Circus Knie.<\/p>\n\n\n\n<div class=\"wp-block-buttons is-layout-flex wp-block-buttons-is-layout-flex\">\n<div class=\"wp-block-button is-style-button--text-primary\"><a class=\"wp-block-button__link wp-element-button\" href=\"https:\/\/www.knie.ch\/circus\/\" target=\"_blank\" rel=\"noreferrer noopener\">Circus Knie<\/a><\/div>\n<\/div>\n<\/div>\n<\/div>\n\n\n\n<hr class=\"wp-block-separator has-css-opacity is-style-wide\"\/>\n\n\n\n<div class=\"wp-block-columns has-2-columns is-layout-flex wp-container-core-columns-is-layout-9d6595d7 wp-block-columns-is-layout-flex\">\n<div class=\"wp-block-column is-layout-flow wp-block-column-is-layout-flow\">\n<h5 class=\"wp-block-heading\">Schwimmclub Region Bremgarten (Club de natation de la r\u00e9gion de Bremgarten)<\/h5>\n\n\n\n<p><\/p>\n\n\n\n<p>La natation pr\u00e9sente des avantages d\u00e9cisifs par rapport aux autres sports. C\u2019est avant tout un mouvement qui est doux pour les articulations et qui peut \u00eatre effectu\u00e9 \u00e0 tout \u00e2ge.<\/p>\n\n\n\n<p>Nous soutenons le club de natation de la r\u00e9gion de Bremgarten, en particulier nous sommes partenaire de la l\u00e9gendaire AUTO KUNZ Piranha Cup, qui a lieu d\u00e9but septembre. Environ 200 enfants et jeunes participent \u00e0 plus de 770 d\u00e9parts individuels dans les disciplines brasse, dos, crawl et dauphin ainsi qu\u2019\u00e0 23 comp\u00e9titions de relais.<\/p>\n\n\n\n<div class=\"wp-block-buttons is-layout-flex wp-block-buttons-is-layout-flex\">\n<div class=\"wp-block-button is-style-button--text-primary\"><a class=\"wp-block-button__link wp-element-button\" href=\"https:\/\/www.scrb.ch\/willkommen\" target=\"_blank\" rel=\"noreferrer noopener\">Schwimmclub Bremgarten<\/a><\/div>\n<\/div>\n<\/div>\n\n\n\n<div class=\"wp-block-column is-layout-flow wp-block-column-is-layout-flow\">\n<figure class=\"wp-block-image size-full\"><img decoding=\"async\" width=\"1024\" height=\"955\" src=\"https:\/\/autokunz.ch\/app\/uploads\/2023\/04\/SCRB.jpg\" alt=\"\" class=\"wp-image-4112508\" srcset=\"https:\/\/autokunz.ch\/app\/uploads\/2023\/04\/SCRB.jpg 1024w, https:\/\/autokunz.ch\/app\/uploads\/2023\/04\/SCRB-379x353.jpg 379w, https:\/\/autokunz.ch\/app\/uploads\/2023\/04\/SCRB-768x716.jpg 768w\" sizes=\"(max-width: 1024px) 100vw, 1024px\" \/><\/figure>\n<\/div>\n<\/div>\n\n\n\n<hr class=\"wp-block-separator has-css-opacity is-style-wide\"\/>\n\n\n\n<div class=\"wp-block-columns has-2-columns is-layout-flex wp-container-core-columns-is-layout-9d6595d7 wp-block-columns-is-layout-flex\">\n<div class=\"wp-block-column is-layout-flow wp-block-column-is-layout-flow\">\n<figure class=\"wp-block-image size-full\"><img decoding=\"async\" width=\"361\" height=\"509\" src=\"https:\/\/autokunz.ch\/app\/uploads\/2024\/04\/Bonura-Sports.jpg\" alt=\"\" class=\"wp-image-4793497\" srcset=\"https:\/\/autokunz.ch\/app\/uploads\/2024\/04\/Bonura-Sports.jpg 361w, https:\/\/autokunz.ch\/app\/uploads\/2024\/04\/Bonura-Sports-250x353.jpg 250w\" sizes=\"(max-width: 361px) 100vw, 361px\" \/><\/figure>\n<\/div>\n\n\n\n<div class=\"wp-block-column is-layout-flow wp-block-column-is-layout-flow\">\n<h5 class=\"wp-block-heading\"><strong><strong>Collaboration avec Bonacura Sports<\/strong><\/strong><\/h5>\n\n\n\n<p>En tant que sponsor principal de Bonacura Sports, nous sommes heureux de pr\u00e9senter la<strong> Coupe Auto Kunz<\/strong>. Chez Auto Kunz AG, nous partageons la passion du sport et nous aimons soutenir des \u00e9v\u00e9nements qui rassemblent les gens et leur permettent de vivre des exp\u00e9riences inoubliables.<\/p>\n\n\n\n<p>Nous sommes fiers de faire partie de cet \u00e9v\u00e9nement sportif et nous nous r\u00e9jouissons de voir les enfants, les jeunes et les familles participer \u00e0 ce tournoi de football.<\/p>\n\n\n\n<p>Ne manquez pas l&#8217;occasion de participer \u00e0 cet \u00e9v\u00e9nement passionnant et de vivre avec nous la fascination du football.<\/p>\n\n\n\n<p>Le beau jeu.<\/p>\n\n\n\n<p><a href=\"https:\/\/www.bonacura-sports.ch\/\" target=\"_blank\" rel=\"noreferrer noopener\">https:\/\/www.bonacura-sports.ch<\/a><br><\/p>\n<\/div>\n<\/div>\n\n\n\n<hr class=\"wp-block-separator has-alpha-channel-opacity\"\/>\n\n\n\n<div class=\"wp-block-columns is-layout-flex wp-container-core-columns-is-layout-9d6595d7 wp-block-columns-is-layout-flex\">\n<div class=\"wp-block-column is-layout-flow wp-block-column-is-layout-flow\">\n<h5 class=\"wp-block-heading\"><strong>GP Mutschellen<\/strong>, &#8220;Pfingstlauf&#8221; Wohlen, FC Wohlen<\/h5>\n\n\n\n<p>Le 30 avril 2023, le traditionnel <strong>GP Mutschellen<\/strong> aura lieu. Les voitures de diff\u00e9rentes cat\u00e9gories roulent confortablement ou \u00e0 une vitesse vertigineuse sur le Mutschellen. Nous soutenons les organisateurs avec une petite contribution dans le livret du programme.<\/p>\n\n\n\n<p>Fin mai, Wohlen fait le plein de sport. Pour les coureurs, ils attachent leurs baskets pour un parcours de 3,9 ou 10 km de Wohlen \u00e0 Anglikon. Nous soutenons \u00e9galement la <strong>course de Pentec\u00f4te <\/strong>avec une petite contribution dans le livret du programme. Il y aura aussi des coups de pied, le <strong>FC Wohlen<\/strong> rivalisera avec notre logo sur les maillots sponsoris\u00e9s et tirera le tour dans la place.<\/p>\n<\/div>\n\n\n\n<div class=\"wp-block-column is-layout-flow wp-block-column-is-layout-flow\">\n<figure class=\"wp-block-image size-large\"><img decoding=\"async\" width=\"1366\" height=\"1024\" src=\"https:\/\/autokunz.ch\/app\/uploads\/2023\/04\/DIVERSE-ENGEGAMENTS-1366x1024.jpg\" alt=\"Atelier de r\u00e9paration - Auto Kunz AG mit den schweizweit tiefsten Preisen 6\" class=\"wp-image-4112515\" srcset=\"https:\/\/autokunz.ch\/app\/uploads\/2023\/04\/DIVERSE-ENGEGAMENTS-1366x1024.jpg 1366w, https:\/\/autokunz.ch\/app\/uploads\/2023\/04\/DIVERSE-ENGEGAMENTS-471x353.jpg 471w, https:\/\/autokunz.ch\/app\/uploads\/2023\/04\/DIVERSE-ENGEGAMENTS-768x576.jpg 768w, https:\/\/autokunz.ch\/app\/uploads\/2023\/04\/DIVERSE-ENGEGAMENTS-1536x1152.jpg 1536w, https:\/\/autokunz.ch\/app\/uploads\/2023\/04\/DIVERSE-ENGEGAMENTS.jpg 1600w\" sizes=\"(max-width: 1366px) 100vw, 1366px\" \/><\/figure>\n<\/div>\n<\/div>\n\n\n\n<hr class=\"wp-block-separator has-alpha-channel-opacity\"\/>\n\n\n\n<div class=\"wp-block-columns has-2-columns is-layout-flex wp-container-core-columns-is-layout-9d6595d7 wp-block-columns-is-layout-flex\">\n<div class=\"wp-block-column is-layout-flow wp-block-column-is-layout-flow\">\n<h5 class=\"wp-block-heading\">Voulez-vous que nous soutenions votre \u00e9v\u00e9nement ou organisation ?<\/h5>\n\n\n\n<p>Nous sommes satisfaits de notre engagement au niveau national.<\/p>\n\n\n\n<p>Localement, autour de Wohlen, nous vous accompagnons si vous rencontrez un ou plusieurs des points suivants :<\/p>\n\n\n\n<ul class=\"wp-block-list\">\n<li>Dans la grande r\u00e9gion de Wohlen<\/li>\n\n\n\n<li>\u00c9quipes avec des jeunes<\/li>\n\n\n\n<li>Les voitures sont au centre des pr\u00e9occupations<\/li>\n<\/ul>\n\n\n\n<p>Les individus ont peu de chances de recevoir du soutien. Envoyez votre demande \u00e0 marketing@autokunz.ch. Nous examinerons votre demande et vous en informerons<\/p>\n\n\n\n<p><\/p>\n\n\n\n<p><\/p>\n<\/div>\n\n\n\n<div class=\"wp-block-column is-layout-flow wp-block-column-is-layout-flow\"><\/div>\n<\/div>\n","protected":false},"excerpt":{"rendered":"<p>Sponsoring Nous sommes engag\u00e9s pour la culture et le sport Les voitures nous tiennent \u00e0 c\u0153ur. Une vie sans mobilit\u00e9, que ce soit pour l\u2019\u00e9ducation, le travail ou les loisirs, est impensable. Nous soutenons des entreprises et des organisations du secteur culturel ou sportif pour rendre la Suisse un peu plus belle. Partenariat avec Circus &hellip; <a class=\"text-button text-button--primary text-button--no-arrow\" href=\"https:\/\/autokunz.ch\/fr\/entreprise\/engagements\/\">continue<\/a><\/p>\n","protected":false},"author":2,"featured_media":3953843,"parent":11062,"menu_order":0,"comment_status":"closed","ping_status":"closed","template":"","meta":{"_acf_changed":false,"footnotes":""},"class_list":["post-4126129","page","type-page","status-publish","has-post-thumbnail","hentry"],"acf":[],"yoast_head":"<!-- This site is optimized with the Yoast SEO plugin v27.0 - https:\/\/yoast.com\/product\/yoast-seo-wordpress\/ -->\n<title>Cultural and Sports<\/title>\n<meta name=\"description\" content=\"We support companies and organizations in the cultural or sporting sector to make Switzerland a little more beautiful.\" \/>\n<meta name=\"robots\" content=\"index, follow, max-snippet:-1, max-image-preview:large, max-video-preview:-1\" \/>\n<link rel=\"canonical\" href=\"https:\/\/autokunz.ch\/fr\/entreprise\/engagements\/\" \/>\n<meta property=\"og:locale\" content=\"fr_FR\" \/>\n<meta property=\"og:type\" content=\"article\" \/>\n<meta property=\"og:title\" content=\"Cultural and Sports\" \/>\n<meta property=\"og:description\" content=\"We support companies and organizations in the cultural or sporting sector to make Switzerland a little more beautiful.\" \/>\n<meta property=\"og:url\" content=\"https:\/\/autokunz.ch\/fr\/entreprise\/engagements\/\" \/>\n<meta property=\"og:site_name\" content=\"Auto Kunz\" \/>\n<meta property=\"article:publisher\" content=\"https:\/\/www.facebook.com\/AutoKunzAG\" \/>\n<meta property=\"article:modified_time\" content=\"2024-04-05T13:20:19+00:00\" \/>\n<meta property=\"og:image\" content=\"https:\/\/autokunz.ch\/app\/uploads\/2023\/02\/werkstatt-auto-kunz-ag.jpg\" \/>\n\t<meta property=\"og:image:width\" content=\"1920\" \/>\n\t<meta property=\"og:image:height\" content=\"1440\" \/>\n\t<meta property=\"og:image:type\" content=\"image\/jpeg\" \/>\n<meta name=\"twitter:card\" content=\"summary_large_image\" \/>\n<meta name=\"twitter:site\" content=\"@autokunzag\" \/>\n<meta name=\"twitter:label1\" content=\"Est. reading time\" \/>\n\t<meta name=\"twitter:data1\" content=\"4 minutes\" \/>\n<script type=\"application\/ld+json\" class=\"yoast-schema-graph\">{\"@context\":\"https:\/\/schema.org\",\"@graph\":[{\"@type\":\"WebPage\",\"@id\":\"https:\/\/autokunz.ch\/fr\/entreprise\/engagements\/\",\"url\":\"https:\/\/autokunz.ch\/fr\/entreprise\/engagements\/\",\"name\":\"Cultural and Sports\",\"isPartOf\":{\"@id\":\"https:\/\/autokunz.ch\/#website\"},\"primaryImageOfPage\":{\"@id\":\"https:\/\/autokunz.ch\/fr\/entreprise\/engagements\/#primaryimage\"},\"image\":{\"@id\":\"https:\/\/autokunz.ch\/fr\/entreprise\/engagements\/#primaryimage\"},\"thumbnailUrl\":\"https:\/\/autokunz.ch\/app\/uploads\/2023\/02\/werkstatt-auto-kunz-ag.jpg\",\"datePublished\":\"2023-04-21T07:07:37+00:00\",\"dateModified\":\"2024-04-05T13:20:19+00:00\",\"description\":\"We support companies and organizations in the cultural or sporting sector to make Switzerland a little more beautiful.\",\"breadcrumb\":{\"@id\":\"https:\/\/autokunz.ch\/fr\/entreprise\/engagements\/#breadcrumb\"},\"inLanguage\":\"fr-FR\",\"potentialAction\":[{\"@type\":\"ReadAction\",\"target\":[\"https:\/\/autokunz.ch\/fr\/entreprise\/engagements\/\"]}]},{\"@type\":\"ImageObject\",\"inLanguage\":\"fr-FR\",\"@id\":\"https:\/\/autokunz.ch\/fr\/entreprise\/engagements\/#primaryimage\",\"url\":\"https:\/\/autokunz.ch\/app\/uploads\/2023\/02\/werkstatt-auto-kunz-ag.jpg\",\"contentUrl\":\"https:\/\/autokunz.ch\/app\/uploads\/2023\/02\/werkstatt-auto-kunz-ag.jpg\",\"width\":1920,\"height\":1440,\"caption\":\"Atelier de r\u00e9paration - Auto Kunz AG mit den schweizweit tiefsten Preisen 10\"},{\"@type\":\"BreadcrumbList\",\"@id\":\"https:\/\/autokunz.ch\/fr\/entreprise\/engagements\/#breadcrumb\",\"itemListElement\":[{\"@type\":\"ListItem\",\"position\":1,\"name\":\"Home\",\"item\":\"https:\/\/autokunz.ch\/fr\/\"},{\"@type\":\"ListItem\",\"position\":2,\"name\":\"Entreprise\",\"item\":\"https:\/\/autokunz.ch\/fr\/entreprise\/\"},{\"@type\":\"ListItem\",\"position\":3,\"name\":\"Engagements\"}]},{\"@type\":\"WebSite\",\"@id\":\"https:\/\/autokunz.ch\/#website\",\"url\":\"https:\/\/autokunz.ch\/\",\"name\":\"Auto Kunz\",\"description\":\"\u00dcber 500 Autos, die tiefsten Preise der Schweiz\",\"publisher\":{\"@id\":\"https:\/\/autokunz.ch\/#organization\"},\"potentialAction\":[{\"@type\":\"SearchAction\",\"target\":{\"@type\":\"EntryPoint\",\"urlTemplate\":\"https:\/\/autokunz.ch\/?s={search_term_string}\"},\"query-input\":{\"@type\":\"PropertyValueSpecification\",\"valueRequired\":true,\"valueName\":\"search_term_string\"}}],\"inLanguage\":\"fr-FR\"},{\"@type\":\"Organization\",\"@id\":\"https:\/\/autokunz.ch\/#organization\",\"name\":\"Auto Kunz AG\",\"url\":\"https:\/\/autokunz.ch\/\",\"logo\":{\"@type\":\"ImageObject\",\"inLanguage\":\"fr-FR\",\"@id\":\"https:\/\/autokunz.ch\/#\/schema\/logo\/image\/\",\"url\":\"https:\/\/autokunz.ch\/app\/uploads\/2021\/07\/autokunz-ag-wohlen-logo.png\",\"contentUrl\":\"https:\/\/autokunz.ch\/app\/uploads\/2021\/07\/autokunz-ag-wohlen-logo.png\",\"width\":530,\"height\":79,\"caption\":\"Auto Kunz AG\"},\"image\":{\"@id\":\"https:\/\/autokunz.ch\/#\/schema\/logo\/image\/\"},\"sameAs\":[\"https:\/\/www.facebook.com\/AutoKunzAG\",\"https:\/\/x.com\/autokunzag\",\"https:\/\/www.instagram.com\/autokunz.ch\/\",\"https:\/\/www.linkedin.com\/company\/9463486?trk=tyah&amp;amp;amp;trkInfo=clickedVertical:company,idx:1-1-1,tarId:1434043483672,tas:auto kunz\",\"https:\/\/www.pinterest.com\/autokunzag\/\",\"https:\/\/www.youtube.com\/channel\/UCsS22A2abuuzGxbmhsPm-6g\"]}]}<\/script>\n<!-- \/ Yoast SEO plugin. -->","yoast_head_json":{"title":"Cultural and Sports","description":"We support companies and organizations in the cultural or sporting sector to make Switzerland a little more beautiful.","robots":{"index":"index","follow":"follow","max-snippet":"max-snippet:-1","max-image-preview":"max-image-preview:large","max-video-preview":"max-video-preview:-1"},"canonical":"https:\/\/autokunz.ch\/fr\/entreprise\/engagements\/","og_locale":"fr_FR","og_type":"article","og_title":"Cultural and Sports","og_description":"We support companies and organizations in the cultural or sporting sector to make Switzerland a little more beautiful.","og_url":"https:\/\/autokunz.ch\/fr\/entreprise\/engagements\/","og_site_name":"Auto Kunz","article_publisher":"https:\/\/www.facebook.com\/AutoKunzAG","article_modified_time":"2024-04-05T13:20:19+00:00","og_image":[{"width":1920,"height":1440,"url":"https:\/\/autokunz.ch\/app\/uploads\/2023\/02\/werkstatt-auto-kunz-ag.jpg","type":"image\/jpeg"}],"twitter_card":"summary_large_image","twitter_site":"@autokunzag","twitter_misc":{"Est. reading time":"4 minutes"},"schema":{"@context":"https:\/\/schema.org","@graph":[{"@type":"WebPage","@id":"https:\/\/autokunz.ch\/fr\/entreprise\/engagements\/","url":"https:\/\/autokunz.ch\/fr\/entreprise\/engagements\/","name":"Cultural and Sports","isPartOf":{"@id":"https:\/\/autokunz.ch\/#website"},"primaryImageOfPage":{"@id":"https:\/\/autokunz.ch\/fr\/entreprise\/engagements\/#primaryimage"},"image":{"@id":"https:\/\/autokunz.ch\/fr\/entreprise\/engagements\/#primaryimage"},"thumbnailUrl":"https:\/\/autokunz.ch\/app\/uploads\/2023\/02\/werkstatt-auto-kunz-ag.jpg","datePublished":"2023-04-21T07:07:37+00:00","dateModified":"2024-04-05T13:20:19+00:00","description":"We support companies and organizations in the cultural or sporting sector to make Switzerland a little more beautiful.","breadcrumb":{"@id":"https:\/\/autokunz.ch\/fr\/entreprise\/engagements\/#breadcrumb"},"inLanguage":"fr-FR","potentialAction":[{"@type":"ReadAction","target":["https:\/\/autokunz.ch\/fr\/entreprise\/engagements\/"]}]},{"@type":"ImageObject","inLanguage":"fr-FR","@id":"https:\/\/autokunz.ch\/fr\/entreprise\/engagements\/#primaryimage","url":"https:\/\/autokunz.ch\/app\/uploads\/2023\/02\/werkstatt-auto-kunz-ag.jpg","contentUrl":"https:\/\/autokunz.ch\/app\/uploads\/2023\/02\/werkstatt-auto-kunz-ag.jpg","width":1920,"height":1440,"caption":"Atelier de r\u00e9paration - Auto Kunz AG mit den schweizweit tiefsten Preisen 10"},{"@type":"BreadcrumbList","@id":"https:\/\/autokunz.ch\/fr\/entreprise\/engagements\/#breadcrumb","itemListElement":[{"@type":"ListItem","position":1,"name":"Home","item":"https:\/\/autokunz.ch\/fr\/"},{"@type":"ListItem","position":2,"name":"Entreprise","item":"https:\/\/autokunz.ch\/fr\/entreprise\/"},{"@type":"ListItem","position":3,"name":"Engagements"}]},{"@type":"WebSite","@id":"https:\/\/autokunz.ch\/#website","url":"https:\/\/autokunz.ch\/","name":"Auto Kunz","description":"\u00dcber 500 Autos, die tiefsten Preise der Schweiz","publisher":{"@id":"https:\/\/autokunz.ch\/#organization"},"potentialAction":[{"@type":"SearchAction","target":{"@type":"EntryPoint","urlTemplate":"https:\/\/autokunz.ch\/?s={search_term_string}"},"query-input":{"@type":"PropertyValueSpecification","valueRequired":true,"valueName":"search_term_string"}}],"inLanguage":"fr-FR"},{"@type":"Organization","@id":"https:\/\/autokunz.ch\/#organization","name":"Auto Kunz AG","url":"https:\/\/autokunz.ch\/","logo":{"@type":"ImageObject","inLanguage":"fr-FR","@id":"https:\/\/autokunz.ch\/#\/schema\/logo\/image\/","url":"https:\/\/autokunz.ch\/app\/uploads\/2021\/07\/autokunz-ag-wohlen-logo.png","contentUrl":"https:\/\/autokunz.ch\/app\/uploads\/2021\/07\/autokunz-ag-wohlen-logo.png","width":530,"height":79,"caption":"Auto Kunz AG"},"image":{"@id":"https:\/\/autokunz.ch\/#\/schema\/logo\/image\/"},"sameAs":["https:\/\/www.facebook.com\/AutoKunzAG","https:\/\/x.com\/autokunzag","https:\/\/www.instagram.com\/autokunz.ch\/","https:\/\/www.linkedin.com\/company\/9463486?trk=tyah&amp;amp;amp;trkInfo=clickedVertical:company,idx:1-1-1,tarId:1434043483672,tas:auto kunz","https:\/\/www.pinterest.com\/autokunzag\/","https:\/\/www.youtube.com\/channel\/UCsS22A2abuuzGxbmhsPm-6g"]}]}},"_links":{"self":[{"href":"https:\/\/autokunz.ch\/fr\/wp-json\/wp\/v2\/pages\/4126129","targetHints":{"allow":["GET"]}}],"collection":[{"href":"https:\/\/autokunz.ch\/fr\/wp-json\/wp\/v2\/pages"}],"about":[{"href":"https:\/\/autokunz.ch\/fr\/wp-json\/wp\/v2\/types\/page"}],"author":[{"embeddable":true,"href":"https:\/\/autokunz.ch\/fr\/wp-json\/wp\/v2\/users\/2"}],"replies":[{"embeddable":true,"href":"https:\/\/autokunz.ch\/fr\/wp-json\/wp\/v2\/comments?post=4126129"}],"version-history":[{"count":3,"href":"https:\/\/autokunz.ch\/fr\/wp-json\/wp\/v2\/pages\/4126129\/revisions"}],"predecessor-version":[{"id":4793502,"href":"https:\/\/autokunz.ch\/fr\/wp-json\/wp\/v2\/pages\/4126129\/revisions\/4793502"}],"up":[{"embeddable":true,"href":"https:\/\/autokunz.ch\/fr\/wp-json\/wp\/v2\/pages\/11062"}],"wp:featuredmedia":[{"embeddable":true,"href":"https:\/\/autokunz.ch\/fr\/wp-json\/wp\/v2\/media\/3953843"}],"wp:attachment":[{"href":"https:\/\/autokunz.ch\/fr\/wp-json\/wp\/v2\/media?parent=4126129"}],"curies":[{"name":"wp","href":"https:\/\/api.w.org\/{rel}","templated":true}]}}