{"id":5074788,"date":"2024-08-28T15:19:44","date_gmt":"2024-08-28T13:19:44","guid":{"rendered":"https:\/\/autokunz.ch\/entreprise\/herbstfest-19-oktober-2024\/"},"modified":"2024-10-03T07:33:06","modified_gmt":"2024-10-03T05:33:06","slug":"fete-dautomne","status":"publish","type":"page","link":"https:\/\/autokunz.ch\/fr\/fete-dautomne\/","title":{"rendered":"F\u00eate d&#8217;Automne"},"content":{"rendered":"\n<div class=\"wp-block-columns has-2-columns is-layout-flex wp-container-core-columns-is-layout-9d6595d7 wp-block-columns-is-layout-flex\">\n<div class=\"wp-block-column is-layout-flow wp-block-column-is-layout-flow\">\n<h2 class=\"wp-block-heading\">F\u00eate d&#8217;Automne<\/h2>\n\n\n\n<h3 class=\"wp-block-heading\" id=\"leistungen\">19 octobre 2024, de 08h00 \u00e0 18h00 <\/h3>\n\n\n\n<p>Venez nous rendre visite et profitez de notre large s\u00e9lection de voitures aux prix les plus bas de Suisse.<\/p>\n\n\n\n<p>Testez vos talents au tir sur cible et tentez de gagner <strong>un bon d&#8217;achat d&#8217;une valeur de CHF 500.\u2013<\/strong> <strong>chez Ochsner Sport.<\/strong><\/p>\n\n\n\n<p>Dans notre chaleureuse buvette, vous pourrez vous d\u00e9tendre apr\u00e8s l&#8217;exposition automobile et savourer des d\u00e9lices culinaires. D\u00e9gustez notamment une d\u00e9licieuse soupe de potiron pr\u00e9par\u00e9e par notre ambassadeur de marque, Dominik Altorfer. Dominik est double m\u00e9daill\u00e9 d&#8217;or aux Olympiades de la cuisine et a termin\u00e9 2e au classement g\u00e9n\u00e9ral.<\/p>\n\n\n\n<p>La buvette sera propos\u00e9e contre une petite participation aux frais, et l&#8217;int\u00e9gralit\u00e9 des b\u00e9n\u00e9fices sera revers\u00e9e aux juniors du FC Wohlen.<\/p>\n\n\n\n<p>Nous nous r\u00e9jouissons de vous accueillir parmi nous !<\/p>\n<\/div>\n\n\n\n<div class=\"wp-block-column is-layout-flow wp-block-column-is-layout-flow\">\n<h2 class=\"wp-block-heading\">Nos partenaires de la F\u00eate d&#8217;Automne<\/h2>\n\n\n\n<div class=\"wp-block-columns is-layout-flex wp-container-core-columns-is-layout-9d6595d7 wp-block-columns-is-layout-flex\">\n<div class=\"wp-block-column is-layout-flow wp-block-column-is-layout-flow\" style=\"flex-basis:100%\">\n<div class=\"wp-block-columns is-layout-flex wp-container-core-columns-is-layout-9d6595d7 wp-block-columns-is-layout-flex\">\n<div class=\"wp-block-column is-layout-flow wp-block-column-is-layout-flow\">\n<figure class=\"wp-block-image size-large\"><img decoding=\"async\" width=\"1024\" height=\"1024\" src=\"https:\/\/autokunz.ch\/app\/uploads\/2024\/04\/Bank-now_logo.svg-1024x1024.png\" alt=\"Auto-Fest 2024 - Auto Kunz AG mit den schweizweit tiefsten Preisen 8\" class=\"wp-image-4800073\" srcset=\"https:\/\/autokunz.ch\/app\/uploads\/2024\/04\/Bank-now_logo.svg-1024x1024.png 1024w, https:\/\/autokunz.ch\/app\/uploads\/2024\/04\/Bank-now_logo.svg-353x353.png 353w, https:\/\/autokunz.ch\/app\/uploads\/2024\/04\/Bank-now_logo.svg-768x768.png 768w, https:\/\/autokunz.ch\/app\/uploads\/2024\/04\/Bank-now_logo.svg-120x120.png 120w, https:\/\/autokunz.ch\/app\/uploads\/2024\/04\/Bank-now_logo.svg-1536x1536.png 1536w, https:\/\/autokunz.ch\/app\/uploads\/2024\/04\/Bank-now_logo.svg.png 2048w\" sizes=\"(max-width: 1024px) 100vw, 1024px\" \/><\/figure>\n<\/div>\n\n\n\n<div class=\"wp-block-column is-layout-flow wp-block-column-is-layout-flow\">\n<figure class=\"wp-block-image size-large\"><img decoding=\"async\" width=\"1024\" height=\"1024\" src=\"https:\/\/autokunz.ch\/app\/uploads\/2024\/04\/auto-fest-2024-auto-kunz-ag-1024x1024.png\" alt=\"Auto-Fest 2024 - Auto Kunz AG mit den schweizweit tiefsten Preisen 4\" class=\"wp-image-4791455\" srcset=\"https:\/\/autokunz.ch\/app\/uploads\/2024\/04\/auto-fest-2024-auto-kunz-ag-1024x1024.png 1024w, https:\/\/autokunz.ch\/app\/uploads\/2024\/04\/auto-fest-2024-auto-kunz-ag-353x353.png 353w, https:\/\/autokunz.ch\/app\/uploads\/2024\/04\/auto-fest-2024-auto-kunz-ag-768x768.png 768w, https:\/\/autokunz.ch\/app\/uploads\/2024\/04\/auto-fest-2024-auto-kunz-ag-120x120.png 120w, https:\/\/autokunz.ch\/app\/uploads\/2024\/04\/auto-fest-2024-auto-kunz-ag-1536x1536.png 1536w, https:\/\/autokunz.ch\/app\/uploads\/2024\/04\/auto-fest-2024-auto-kunz-ag.png 2048w\" sizes=\"(max-width: 1024px) 100vw, 1024px\" \/><\/figure>\n<\/div>\n<\/div>\n<\/div>\n\n\n\n<div class=\"wp-block-column is-layout-flow wp-block-column-is-layout-flow\" style=\"flex-basis:100%\">\n<div class=\"wp-block-columns is-layout-flex wp-container-core-columns-is-layout-9d6595d7 wp-block-columns-is-layout-flex\">\n<div class=\"wp-block-column is-layout-flow wp-block-column-is-layout-flow\">\n<figure class=\"wp-block-image size-full\"><img decoding=\"async\" width=\"454\" height=\"340\" src=\"https:\/\/autokunz.ch\/app\/uploads\/2024\/10\/ALPHERA-Logo.jpg\" alt=\"\" class=\"wp-image-5090775\"\/><\/figure>\n<\/div>\n<\/div>\n<\/div>\n<\/div>\n\n\n\n<h2 class=\"wp-block-heading\">Buvette au profit des juniors du FC Wohlen<\/h2>\n\n\n\n<figure class=\"wp-block-image size-full is-resized\"><img decoding=\"async\" src=\"https:\/\/autokunz.ch\/app\/uploads\/2024\/09\/FCW-230x300-1.png\" alt=\"\" class=\"wp-image-5054434\" width=\"115\" height=\"150\"\/><\/figure>\n<\/div>\n<\/div>\n\n\n\n<h2 class=\"wp-block-heading\"><\/h2>\n","protected":false},"excerpt":{"rendered":"<p>F\u00eate d&#8217;Automne 19 octobre 2024, de 08h00 \u00e0 18h00 Venez nous rendre visite et profitez de notre large s\u00e9lection de voitures aux prix les plus bas de Suisse. Testez vos talents au tir sur cible et tentez de gagner un bon d&#8217;achat d&#8217;une valeur de CHF 500.\u2013 chez Ochsner Sport. Dans notre chaleureuse buvette, vous &hellip; <a class=\"text-button text-button--primary text-button--no-arrow\" href=\"https:\/\/autokunz.ch\/fr\/fete-dautomne\/\">continue<\/a><\/p>\n","protected":false},"author":2,"featured_media":5377327,"parent":0,"menu_order":0,"comment_status":"closed","ping_status":"closed","template":"","meta":{"_acf_changed":false,"footnotes":""},"class_list":["post-5074788","page","type-page","status-publish","has-post-thumbnail","hentry"],"acf":[],"yoast_head":"<!-- This site is optimized with the Yoast SEO plugin v27.0 - https:\/\/yoast.com\/product\/yoast-seo-wordpress\/ -->\n<title>F\u00eate d&#039;Automne<\/title>\n<meta name=\"description\" content=\"F\u00eate d&#039;automne : d\u00e9couvrez 500 voitures aux prix les plus bas de Suisse ! En plus, vous profitez de remises exclusives jusqu&#039;\u00e0 CHF 5&#039;000.\" \/>\n<meta name=\"robots\" content=\"noindex, follow\" \/>\n<meta property=\"og:locale\" content=\"fr_FR\" \/>\n<meta property=\"og:type\" content=\"article\" \/>\n<meta property=\"og:title\" content=\"F\u00eate d&#039;Automne\" \/>\n<meta property=\"og:description\" content=\"F\u00eate d&#039;automne : d\u00e9couvrez 500 voitures aux prix les plus bas de Suisse ! En plus, vous profitez de remises exclusives jusqu&#039;\u00e0 CHF 5&#039;000.\" \/>\n<meta property=\"og:url\" content=\"https:\/\/autokunz.ch\/fr\/fete-dautomne\/\" \/>\n<meta property=\"og:site_name\" content=\"Auto Kunz\" \/>\n<meta property=\"article:publisher\" content=\"https:\/\/www.facebook.com\/AutoKunzAG\" \/>\n<meta property=\"article:modified_time\" content=\"2024-10-03T05:33:06+00:00\" \/>\n<meta property=\"og:image\" content=\"https:\/\/autokunz.ch\/app\/uploads\/2025\/04\/auto-fest-2025-auto-kunz-ag.jpg\" \/>\n\t<meta property=\"og:image:width\" content=\"1920\" \/>\n\t<meta property=\"og:image:height\" content=\"960\" \/>\n\t<meta property=\"og:image:type\" content=\"image\/jpeg\" \/>\n<meta name=\"twitter:card\" content=\"summary_large_image\" \/>\n<meta name=\"twitter:site\" content=\"@autokunzag\" \/>\n<meta name=\"twitter:label1\" content=\"Est. reading time\" \/>\n\t<meta name=\"twitter:data1\" content=\"2 minutes\" \/>\n<script type=\"application\/ld+json\" class=\"yoast-schema-graph\">{\"@context\":\"https:\/\/schema.org\",\"@graph\":[{\"@type\":\"WebPage\",\"@id\":\"https:\/\/autokunz.ch\/fr\/fete-dautomne\/\",\"url\":\"https:\/\/autokunz.ch\/fr\/fete-dautomne\/\",\"name\":\"F\u00eate d'Automne\",\"isPartOf\":{\"@id\":\"https:\/\/autokunz.ch\/#website\"},\"primaryImageOfPage\":{\"@id\":\"https:\/\/autokunz.ch\/fr\/fete-dautomne\/#primaryimage\"},\"image\":{\"@id\":\"https:\/\/autokunz.ch\/fr\/fete-dautomne\/#primaryimage\"},\"thumbnailUrl\":\"https:\/\/autokunz.ch\/app\/uploads\/2025\/04\/auto-fest-2025-auto-kunz-ag.jpg\",\"datePublished\":\"2024-08-28T13:19:44+00:00\",\"dateModified\":\"2024-10-03T05:33:06+00:00\",\"description\":\"F\u00eate d'automne : d\u00e9couvrez 500 voitures aux prix les plus bas de Suisse ! En plus, vous profitez de remises exclusives jusqu'\u00e0 CHF 5'000.\",\"breadcrumb\":{\"@id\":\"https:\/\/autokunz.ch\/fr\/fete-dautomne\/#breadcrumb\"},\"inLanguage\":\"fr-FR\",\"potentialAction\":[{\"@type\":\"ReadAction\",\"target\":[\"https:\/\/autokunz.ch\/fr\/fete-dautomne\/\"]}]},{\"@type\":\"ImageObject\",\"inLanguage\":\"fr-FR\",\"@id\":\"https:\/\/autokunz.ch\/fr\/fete-dautomne\/#primaryimage\",\"url\":\"https:\/\/autokunz.ch\/app\/uploads\/2025\/04\/auto-fest-2025-auto-kunz-ag.jpg\",\"contentUrl\":\"https:\/\/autokunz.ch\/app\/uploads\/2025\/04\/auto-fest-2025-auto-kunz-ag.jpg\",\"width\":1920,\"height\":960},{\"@type\":\"BreadcrumbList\",\"@id\":\"https:\/\/autokunz.ch\/fr\/fete-dautomne\/#breadcrumb\",\"itemListElement\":[{\"@type\":\"ListItem\",\"position\":1,\"name\":\"Home\",\"item\":\"https:\/\/autokunz.ch\/fr\/\"},{\"@type\":\"ListItem\",\"position\":2,\"name\":\"F\u00eate d&#8217;Automne\"}]},{\"@type\":\"WebSite\",\"@id\":\"https:\/\/autokunz.ch\/#website\",\"url\":\"https:\/\/autokunz.ch\/\",\"name\":\"Auto Kunz\",\"description\":\"\u00dcber 500 Autos, die tiefsten Preise der Schweiz\",\"publisher\":{\"@id\":\"https:\/\/autokunz.ch\/#organization\"},\"potentialAction\":[{\"@type\":\"SearchAction\",\"target\":{\"@type\":\"EntryPoint\",\"urlTemplate\":\"https:\/\/autokunz.ch\/?s={search_term_string}\"},\"query-input\":{\"@type\":\"PropertyValueSpecification\",\"valueRequired\":true,\"valueName\":\"search_term_string\"}}],\"inLanguage\":\"fr-FR\"},{\"@type\":\"Organization\",\"@id\":\"https:\/\/autokunz.ch\/#organization\",\"name\":\"Auto Kunz AG\",\"url\":\"https:\/\/autokunz.ch\/\",\"logo\":{\"@type\":\"ImageObject\",\"inLanguage\":\"fr-FR\",\"@id\":\"https:\/\/autokunz.ch\/#\/schema\/logo\/image\/\",\"url\":\"https:\/\/autokunz.ch\/app\/uploads\/2021\/07\/autokunz-ag-wohlen-logo.png\",\"contentUrl\":\"https:\/\/autokunz.ch\/app\/uploads\/2021\/07\/autokunz-ag-wohlen-logo.png\",\"width\":530,\"height\":79,\"caption\":\"Auto Kunz AG\"},\"image\":{\"@id\":\"https:\/\/autokunz.ch\/#\/schema\/logo\/image\/\"},\"sameAs\":[\"https:\/\/www.facebook.com\/AutoKunzAG\",\"https:\/\/x.com\/autokunzag\",\"https:\/\/www.instagram.com\/autokunz.ch\/\",\"https:\/\/www.linkedin.com\/company\/9463486?trk=tyah&amp;amp;amp;trkInfo=clickedVertical:company,idx:1-1-1,tarId:1434043483672,tas:auto kunz\",\"https:\/\/www.pinterest.com\/autokunzag\/\",\"https:\/\/www.youtube.com\/channel\/UCsS22A2abuuzGxbmhsPm-6g\"]}]}<\/script>\n<!-- \/ Yoast SEO plugin. -->","yoast_head_json":{"title":"F\u00eate d'Automne","description":"F\u00eate d'automne : d\u00e9couvrez 500 voitures aux prix les plus bas de Suisse ! En plus, vous profitez de remises exclusives jusqu'\u00e0 CHF 5'000.","robots":{"index":"noindex","follow":"follow"},"og_locale":"fr_FR","og_type":"article","og_title":"F\u00eate d'Automne","og_description":"F\u00eate d'automne : d\u00e9couvrez 500 voitures aux prix les plus bas de Suisse ! En plus, vous profitez de remises exclusives jusqu'\u00e0 CHF 5'000.","og_url":"https:\/\/autokunz.ch\/fr\/fete-dautomne\/","og_site_name":"Auto Kunz","article_publisher":"https:\/\/www.facebook.com\/AutoKunzAG","article_modified_time":"2024-10-03T05:33:06+00:00","og_image":[{"width":1920,"height":960,"url":"https:\/\/autokunz.ch\/app\/uploads\/2025\/04\/auto-fest-2025-auto-kunz-ag.jpg","type":"image\/jpeg"}],"twitter_card":"summary_large_image","twitter_site":"@autokunzag","twitter_misc":{"Est. reading time":"2 minutes"},"schema":{"@context":"https:\/\/schema.org","@graph":[{"@type":"WebPage","@id":"https:\/\/autokunz.ch\/fr\/fete-dautomne\/","url":"https:\/\/autokunz.ch\/fr\/fete-dautomne\/","name":"F\u00eate d'Automne","isPartOf":{"@id":"https:\/\/autokunz.ch\/#website"},"primaryImageOfPage":{"@id":"https:\/\/autokunz.ch\/fr\/fete-dautomne\/#primaryimage"},"image":{"@id":"https:\/\/autokunz.ch\/fr\/fete-dautomne\/#primaryimage"},"thumbnailUrl":"https:\/\/autokunz.ch\/app\/uploads\/2025\/04\/auto-fest-2025-auto-kunz-ag.jpg","datePublished":"2024-08-28T13:19:44+00:00","dateModified":"2024-10-03T05:33:06+00:00","description":"F\u00eate d'automne : d\u00e9couvrez 500 voitures aux prix les plus bas de Suisse ! En plus, vous profitez de remises exclusives jusqu'\u00e0 CHF 5'000.","breadcrumb":{"@id":"https:\/\/autokunz.ch\/fr\/fete-dautomne\/#breadcrumb"},"inLanguage":"fr-FR","potentialAction":[{"@type":"ReadAction","target":["https:\/\/autokunz.ch\/fr\/fete-dautomne\/"]}]},{"@type":"ImageObject","inLanguage":"fr-FR","@id":"https:\/\/autokunz.ch\/fr\/fete-dautomne\/#primaryimage","url":"https:\/\/autokunz.ch\/app\/uploads\/2025\/04\/auto-fest-2025-auto-kunz-ag.jpg","contentUrl":"https:\/\/autokunz.ch\/app\/uploads\/2025\/04\/auto-fest-2025-auto-kunz-ag.jpg","width":1920,"height":960},{"@type":"BreadcrumbList","@id":"https:\/\/autokunz.ch\/fr\/fete-dautomne\/#breadcrumb","itemListElement":[{"@type":"ListItem","position":1,"name":"Home","item":"https:\/\/autokunz.ch\/fr\/"},{"@type":"ListItem","position":2,"name":"F\u00eate d&#8217;Automne"}]},{"@type":"WebSite","@id":"https:\/\/autokunz.ch\/#website","url":"https:\/\/autokunz.ch\/","name":"Auto Kunz","description":"\u00dcber 500 Autos, die tiefsten Preise der Schweiz","publisher":{"@id":"https:\/\/autokunz.ch\/#organization"},"potentialAction":[{"@type":"SearchAction","target":{"@type":"EntryPoint","urlTemplate":"https:\/\/autokunz.ch\/?s={search_term_string}"},"query-input":{"@type":"PropertyValueSpecification","valueRequired":true,"valueName":"search_term_string"}}],"inLanguage":"fr-FR"},{"@type":"Organization","@id":"https:\/\/autokunz.ch\/#organization","name":"Auto Kunz AG","url":"https:\/\/autokunz.ch\/","logo":{"@type":"ImageObject","inLanguage":"fr-FR","@id":"https:\/\/autokunz.ch\/#\/schema\/logo\/image\/","url":"https:\/\/autokunz.ch\/app\/uploads\/2021\/07\/autokunz-ag-wohlen-logo.png","contentUrl":"https:\/\/autokunz.ch\/app\/uploads\/2021\/07\/autokunz-ag-wohlen-logo.png","width":530,"height":79,"caption":"Auto Kunz AG"},"image":{"@id":"https:\/\/autokunz.ch\/#\/schema\/logo\/image\/"},"sameAs":["https:\/\/www.facebook.com\/AutoKunzAG","https:\/\/x.com\/autokunzag","https:\/\/www.instagram.com\/autokunz.ch\/","https:\/\/www.linkedin.com\/company\/9463486?trk=tyah&amp;amp;amp;trkInfo=clickedVertical:company,idx:1-1-1,tarId:1434043483672,tas:auto kunz","https:\/\/www.pinterest.com\/autokunzag\/","https:\/\/www.youtube.com\/channel\/UCsS22A2abuuzGxbmhsPm-6g"]}]}},"_links":{"self":[{"href":"https:\/\/autokunz.ch\/fr\/wp-json\/wp\/v2\/pages\/5074788","targetHints":{"allow":["GET"]}}],"collection":[{"href":"https:\/\/autokunz.ch\/fr\/wp-json\/wp\/v2\/pages"}],"about":[{"href":"https:\/\/autokunz.ch\/fr\/wp-json\/wp\/v2\/types\/page"}],"author":[{"embeddable":true,"href":"https:\/\/autokunz.ch\/fr\/wp-json\/wp\/v2\/users\/2"}],"replies":[{"embeddable":true,"href":"https:\/\/autokunz.ch\/fr\/wp-json\/wp\/v2\/comments?post=5074788"}],"version-history":[{"count":3,"href":"https:\/\/autokunz.ch\/fr\/wp-json\/wp\/v2\/pages\/5074788\/revisions"}],"predecessor-version":[{"id":5090781,"href":"https:\/\/autokunz.ch\/fr\/wp-json\/wp\/v2\/pages\/5074788\/revisions\/5090781"}],"wp:featuredmedia":[{"embeddable":true,"href":"https:\/\/autokunz.ch\/fr\/wp-json\/wp\/v2\/media\/5377327"}],"wp:attachment":[{"href":"https:\/\/autokunz.ch\/fr\/wp-json\/wp\/v2\/media?parent=5074788"}],"curies":[{"name":"wp","href":"https:\/\/api.w.org\/{rel}","templated":true}]}}