{"id":54536,"date":"2019-08-05T14:27:07","date_gmt":"2019-08-05T12:27:07","guid":{"rendered":"https:\/\/autokunz.ch\/azienda\/partner\/"},"modified":"2024-07-11T15:25:58","modified_gmt":"2024-07-11T13:25:58","slug":"partner","status":"publish","type":"page","link":"https:\/\/autokunz.ch\/it\/azienda\/partner\/","title":{"rendered":"Partner"},"content":{"rendered":"\n<div class=\"wp-block-columns has-2-columns is-layout-flex wp-container-core-columns-is-layout-9d6595d7 wp-block-columns-is-layout-flex\">\n<div class=\"wp-block-column is-layout-flow wp-block-column-is-layout-flow\">\n<h2 class=\"wp-block-heading\">Ci avvaliamo di partner affidabili!<\/h2>\n\n\n\n<p>Auto Kunz AG \u00e8 fiera di avere al suo fianco partner professionali. Grazie alla fiducia reciproca e alla qualit\u00e0 elevata dei <a href=\"https:\/\/autokunz.ch\/it\/prestazioni-e-servizi\/\">servizi<\/a>, sono nate collaborazioni consolidate di lunga data.<\/p>\n\n\n\n<p> Anche quando offriamo un servizio di un partner, pu\u00f2 essere certo che la qualit\u00e0 \u00e8 sempre garantita. I nostri partner sono rinomate aziende svizzere. <\/p>\n\n\n\n<p>Operano nel settore dei finanziamento dei veicoli, delle garanzie e della mobilit\u00e0.<\/p>\n\n\n\n<p>Nell settore dell finanziamento ci fidiamo dei Top Partner Cembra Money Bank, Bank-now AG e FCA Switerzland SA. Questi Partner ci sostengono nel settore del leasing e finanziamento delle vetture. Nell settore della mobilit\u00e0 ce il Touring Club Svizzero SA come il nostro partner di fiducia. <\/p>\n<\/div>\n\n\n\n<div class=\"wp-block-column is-layout-flow wp-block-column-is-layout-flow\">\n<p>Degni di nota sono i partner della rete di assistenza Garage Plus. La soddisfazione del cliente per noi \u00e8 al primo posto, anche con l&#8217;associazione indipendente di garage multimarca Garage plus. Con oltre 260 sedi \u00e8 una delle maggiori reti di assistenza della Svizzera. Aderendo a questa associazione di garage abbiamo anche tenuto conto del fatto che clienti da tutta la Svizzera arrivano a Wohlen per approfittare della nostra ampia offerta con un enorme potenziale di risparmio.<\/p>\n\n\n\n<p>Spesso i nostri clienti abitano da Ginevra, San Gallo o dal resto della Svizzera dove l&#8217;assistenza tecnica sul posto era assente. Ora, invece, i nostri clienti in tutta la Svizzera sono in buone mani. <\/p>\n<\/div>\n<\/div>\n\n\n\n<hr class=\"wp-block-separator has-css-opacity\"\/>\n\n\n\n<div class=\"wp-block-columns has-4-columns is-layout-flex wp-container-core-columns-is-layout-9d6595d7 wp-block-columns-is-layout-flex\">\n<div class=\"wp-block-column is-layout-flow wp-block-column-is-layout-flow\"><div class=\"text-box d-flex flex-column h-100\">\n                                    \n            <div><img decoding=\"async\" src=\"https:\/\/autokunz.ch\/app\/uploads\/2019\/08\/partner-2.svg\" class=\"text-box__icon\" alt=\"Custom icon\" width=\"30px\" height=\"30px\">\n            <\/div>\n                    \n            <h4 class=\"text-box__title\">BANK-now<\/h4>\n                    <div class=\"text-box__text text-normal \">\n                <p>BANK-now AG \u00e8 considerata una societ\u00e0 finanziaria molto rinomata ed \u00e8 il nostro partner a lungo termine.<\/p>\n\n            <\/div>\n                            <div class=\"mt-auto text-box__link-container\">\n                <div class=\"empty-line-1\"><\/div>\n                                                    <a href=\"https:\/\/www.bank-now.ch\/de\/lp\/der-kredit-mit-dem-umfassenden-sicherheitspaket?kc_m=2570&amp;kc_d=2569&amp;cmp_m=mobile_seabrand&amp;cmp_d=desktop_seabrand&amp;campaign=BN15014-de%20%7C%20bank-now&amp;campagnenid=24352005&amp;network=g&amp;typ=brand&amp;quelle=google&amp;gclid=EAIaIQobChMIwY7ZvqSo5AIVwbTtCh2sqQF4EAAYASAAEgKm1vD_BwE&amp;gclsrc=aw.ds#\/\"\n                       class=\"text-button text-button--primary\"\n                       target=&quot;_blank&quot;>BANK-now AG<\/a>\n                            <\/div>\n            <\/div>\n\n<\/div>\n\n\n\n<div class=\"wp-block-column is-layout-flow wp-block-column-is-layout-flow\"><div class=\"text-box d-flex flex-column h-100\">\n                                    \n            <div><img decoding=\"async\" src=\"https:\/\/autokunz.ch\/app\/uploads\/2019\/08\/partner-5.png\" class=\"text-box__icon\" alt=\"Custom icon\" width=\"30px\" height=\"30px\">\n            <\/div>\n                    \n            <h4 class=\"text-box__title\">Cembra Money Bank<\/h4>\n                    <div class=\"text-box__text text-normal \">\n                <p>Cembra Money Bank \u00e8 anche una rinomata banca svizzera e uno dei nostri partner di lunga data.<\/p>\n\n            <\/div>\n                            <div class=\"mt-auto text-box__link-container\">\n                <div class=\"empty-line-1\"><\/div>\n                                                    <a href=\"https:\/\/tc.cembra.ch\/v13-5\/?PHPSESSID=4q97lce5ous305rbeb1j49d902&amp;id=102&amp;traffic=brand&amp;bam=brand&amp;gclid=EAIaIQobChMI76mT-qSo5AIVl-d3Ch34vwBdEAAYASAAEgKlcfD_BwE&amp;gclsrc=aw.ds\"\n                       class=\"text-button text-button--primary\"\n                       target=&quot;_blank&quot;>Cembra Money Bank<\/a>\n                            <\/div>\n            <\/div>\n\n<\/div>\n\n\n\n<div class=\"wp-block-column is-layout-flow wp-block-column-is-layout-flow\"><div class=\"text-box d-flex flex-column h-100\">\n                                    \n            <div><img decoding=\"async\" src=\"https:\/\/autokunz.ch\/app\/uploads\/2019\/08\/partner-3.png\" class=\"text-box__icon\" alt=\"Custom icon\" width=\"30px\" height=\"30px\">\n            <\/div>\n                    \n            <h4 class=\"text-box__title\">TCS<\/h4>\n                    <div class=\"text-box__text text-normal \">\n                <p>Il Touring Club Svizzera con i suoi 1,5 milioni di soci \u00e8 il pi\u00f9 grande club di mobilit\u00e0 svizzero.<\/p>\n\n            <\/div>\n                            <div class=\"mt-auto text-box__link-container\">\n                <div class=\"empty-line-1\"><\/div>\n                                                    <a href=\"https:\/\/www.tcs.ch\/de\/\"\n                       class=\"text-button text-button--primary\"\n                       target=&quot;_blank&quot;>TCS Schweiz<\/a>\n                            <\/div>\n            <\/div>\n\n<\/div>\n\n\n\n<div class=\"wp-block-column is-layout-flow wp-block-column-is-layout-flow\"><div class=\"text-box d-flex flex-column h-100\">\n                                    \n            <div><img decoding=\"async\" src=\"https:\/\/autokunz.ch\/app\/uploads\/2024\/04\/partner-auto-kunz-ag1.png\" class=\"text-box__icon\" alt=\"Custom icon\" width=\"30px\" height=\"30px\">\n            <\/div>\n                    \n            <h4 class=\"text-box__title\">Autotechnik AG<\/h4>\n                    <div class=\"text-box__text text-normal \">\n                <p>Partner dell&#8217;autofficina svizzera per i pezzi di ricambio e di usura, gli accessori e le attrezzature per l&#8217;officina.<\/p>\n\n            <\/div>\n                            <div class=\"mt-auto text-box__link-container\">\n                <div class=\"empty-line-1\"><\/div>\n                                                    <a href=\"https:\/\/www.autotechnik.ch\/de\/\"\n                       class=\"text-button text-button--primary\"\n                       target=&quot;_blank&quot;>Autotechnik AG<\/a>\n                            <\/div>\n            <\/div>\n\n<\/div>\n<\/div>\n\n\n\n<div class=\"wp-block-columns has-2-columns is-layout-flex wp-container-core-columns-is-layout-9d6595d7 wp-block-columns-is-layout-flex\">\n<div class=\"wp-block-column is-layout-flow wp-block-column-is-layout-flow\">\n<div class=\"wp-block-columns has-2-columns is-layout-flex wp-container-core-columns-is-layout-9d6595d7 wp-block-columns-is-layout-flex\">\n<div class=\"wp-block-column is-layout-flow wp-block-column-is-layout-flow\"><div class=\"text-box d-flex flex-column h-100\">\n                                    \n            <div><img decoding=\"async\" src=\"https:\/\/autokunz.ch\/app\/uploads\/2019\/09\/Quality-1-1.jpg\" class=\"text-box__icon\" alt=\"Custom icon\" width=\"30px\" height=\"30px\">\n            <\/div>\n                    \n            <h4 class=\"text-box__title\">Quality one<\/h4>\n                    <div class=\"text-box__text text-normal \">\n                <p>Quality1 AG, \u200b\u200buna consociata interamente controllata dall&#8217; Allianz Suisse, \u00e8 il principale fornitore svizzero di garanzie per veicoli.<\/p>\n\n            <\/div>\n                            <div class=\"mt-auto text-box__link-container\">\n                <div class=\"empty-line-1\"><\/div>\n                                                    <a href=\"https:\/\/quality1.ch\/\"\n                       class=\"text-button text-button--primary\"\n                       target=&quot;_blank&quot;>Quality one<\/a>\n                            <\/div>\n            <\/div>\n\n<\/div>\n\n\n\n<div class=\"wp-block-column is-layout-flow wp-block-column-is-layout-flow\"><div class=\"text-box d-flex flex-column h-100\">\n                                    \n            <div><img decoding=\"async\" src=\"https:\/\/autokunz.ch\/app\/uploads\/2024\/04\/partner-auto-kunz-ag2.png\" class=\"text-box__icon\" alt=\"Custom icon\" width=\"30px\" height=\"30px\">\n            <\/div>\n                    \n            <h4 class=\"text-box__title\">eGarage<\/h4>\n                    <div class=\"text-box__text text-normal \">\n                <p>In qualit\u00e0 di conducente di un veicolo elettrico o ibrido, nel vostro eGarage troverete un partner competente nella vostra regione che si prender\u00e0 cura di tutte le esigenze del vostro veicolo.<\/p>\n\n            <\/div>\n                            <div class=\"mt-auto text-box__link-container\">\n                <div class=\"empty-line-1\"><\/div>\n                                                    <a href=\"https:\/\/egarage.ch\/de\/\"\n                       class=\"text-button text-button--primary\"\n                       target=&quot;_blank&quot;>eGarage<\/a>\n                            <\/div>\n            <\/div>\n\n<\/div>\n<\/div>\n<\/div>\n\n\n\n<div class=\"wp-block-column is-layout-flow wp-block-column-is-layout-flow\">\n<div class=\"wp-block-columns has-2-columns is-layout-flex wp-container-core-columns-is-layout-9d6595d7 wp-block-columns-is-layout-flex\">\n<div class=\"wp-block-column is-layout-flow wp-block-column-is-layout-flow\"><div class=\"text-box d-flex flex-column h-100\">\n                                    \n            <div><img decoding=\"async\" src=\"https:\/\/autokunz.ch\/app\/uploads\/2019\/09\/vfas-ohne-text-1.jpg\" class=\"text-box__icon\" alt=\"Custom icon\" width=\"30px\" height=\"30px\">\n            <\/div>\n                    \n            <h4 class=\"text-box__title\">VFAS<\/h4>\n                    <div class=\"text-box__text text-normal \">\n                <p>L&#8217;associazione VFAS rappresenta gli interessi dei concessionari indipendenti e indipendenti in Svizzera per rivenditori e consumatori.<\/p>\n\n            <\/div>\n                            <div class=\"mt-auto text-box__link-container\">\n                <div class=\"empty-line-1\"><\/div>\n                                                    <a href=\"https:\/\/www.vfas.ch\/\"\n                       class=\"text-button text-button--primary\"\n                       target=&quot;_blank&quot;>VFAS<\/a>\n                            <\/div>\n            <\/div>\n\n<\/div>\n\n\n\n<div class=\"wp-block-column is-layout-flow wp-block-column-is-layout-flow\"><div class=\"text-box d-flex flex-column h-100\">\n                                    \n            <div><img decoding=\"async\" src=\"https:\/\/autokunz.ch\/app\/uploads\/2019\/09\/Shelby-Switzerland-Logo-Snake-1.jpg\" class=\"text-box__icon\" alt=\"Custom icon\" width=\"30px\" height=\"30px\">\n            <\/div>\n                    \n            <h4 class=\"text-box__title\">Shelby<\/h4>\n                    <div class=\"text-box__text text-normal \">\n                <p>Importatore Shelby &#8211; Auto Kunz AG \u00e8 stata selezionata come importatore ufficiale Shelby per la Svizzera tedesca<\/p>\n\n            <\/div>\n                            <div class=\"mt-auto text-box__link-container\">\n                <div class=\"empty-line-1\"><\/div>\n                                                    <a href=\"#\"\n                       class=\"text-button text-button--primary\"\n                       >Shelby<\/a>\n                            <\/div>\n            <\/div>\n\n<\/div>\n<\/div>\n<\/div>\n<\/div>\n\n\n\n<div class=\"wp-block-columns has-2-columns is-layout-flex wp-container-core-columns-is-layout-9d6595d7 wp-block-columns-is-layout-flex\">\n<div class=\"wp-block-column is-layout-flow wp-block-column-is-layout-flow\">\n<div class=\"wp-block-columns has-2-columns is-layout-flex wp-container-core-columns-is-layout-9d6595d7 wp-block-columns-is-layout-flex\">\n<div class=\"wp-block-column is-layout-flow wp-block-column-is-layout-flow\"><div class=\"text-box d-flex flex-column h-100\">\n                                    \n            <div><img decoding=\"async\" src=\"https:\/\/autokunz.ch\/app\/uploads\/2024\/04\/partner-auto-kunz-ag3.png\" class=\"text-box__icon\" alt=\"Custom icon\" width=\"30px\" height=\"30px\">\n            <\/div>\n                    \n            <h4 class=\"text-box__title\">AutoPro<\/h4>\n                    <div class=\"text-box__text text-normal \">\n                <p>Tutti gli specialisti dell&#8217;autofficina AutoPro sono professionisti comprovati e possiedono una vasta esperienza tecnica.<\/p>\n\n            <\/div>\n                            <div class=\"mt-auto text-box__link-container\">\n                <div class=\"empty-line-1\"><\/div>\n                                                    <a href=\"https:\/\/autopro.ch\/de\/\"\n                       class=\"text-button text-button--primary\"\n                       target=&quot;_blank&quot;>AutoPro<\/a>\n                            <\/div>\n            <\/div>\n\n<\/div>\n\n\n\n<div class=\"wp-block-column is-layout-flow wp-block-column-is-layout-flow\"><\/div>\n<\/div>\n<\/div>\n\n\n\n<div class=\"wp-block-column is-layout-flow wp-block-column-is-layout-flow\">\n<div class=\"wp-block-columns has-2-columns is-layout-flex wp-container-core-columns-is-layout-9d6595d7 wp-block-columns-is-layout-flex\">\n<div class=\"wp-block-column is-layout-flow wp-block-column-is-layout-flow\"><\/div>\n\n\n\n<div class=\"wp-block-column is-layout-flow wp-block-column-is-layout-flow\"><\/div>\n<\/div>\n<\/div>\n<\/div>\n","protected":false},"excerpt":{"rendered":"<p>Ci avvaliamo di partner affidabili! Auto Kunz AG \u00e8 fiera di avere al suo fianco partner professionali. Grazie alla fiducia reciproca e alla qualit\u00e0 elevata dei servizi, sono nate collaborazioni consolidate di lunga data. Anche quando offriamo un servizio di un partner, pu\u00f2 essere certo che la qualit\u00e0 \u00e8 sempre garantita. I nostri partner sono &hellip; <a class=\"text-button text-button--primary text-button--no-arrow\" href=\"https:\/\/autokunz.ch\/it\/azienda\/partner\/\">continue<\/a><\/p>\n","protected":false},"author":4,"featured_media":54544,"parent":54317,"menu_order":6,"comment_status":"closed","ping_status":"closed","template":"","meta":{"_acf_changed":false,"footnotes":""},"class_list":["post-54536","page","type-page","status-publish","has-post-thumbnail","hentry"],"acf":[],"yoast_head":"<!-- This site is optimized with the Yoast SEO plugin v27.0 - https:\/\/yoast.com\/product\/yoast-seo-wordpress\/ -->\n<title>Auf zuverl\u00e4ssige Partner kommt es an - Auto Kunz AG Wohlen<\/title>\n<meta name=\"description\" content=\"Wir sind stolz, dass professionelle Partner an unserer Seite stehen. Bei unseren Partnern handelt es sich um namhafte Schweizer Unternehmen.\" \/>\n<meta name=\"robots\" content=\"index, follow, max-snippet:-1, max-image-preview:large, max-video-preview:-1\" \/>\n<link rel=\"canonical\" href=\"https:\/\/autokunz.ch\/it\/azienda\/partner\/\" \/>\n<meta property=\"og:locale\" content=\"fr_FR\" \/>\n<meta property=\"og:type\" content=\"article\" \/>\n<meta property=\"og:title\" content=\"Auf zuverl\u00e4ssige Partner kommt es an - Auto Kunz AG Wohlen\" \/>\n<meta property=\"og:description\" content=\"Wir sind stolz, dass professionelle Partner an unserer Seite stehen. Bei unseren Partnern handelt es sich um namhafte Schweizer Unternehmen.\" \/>\n<meta property=\"og:url\" content=\"https:\/\/autokunz.ch\/it\/azienda\/partner\/\" \/>\n<meta property=\"og:site_name\" content=\"Auto Kunz\" \/>\n<meta property=\"article:publisher\" content=\"https:\/\/www.facebook.com\/AutoKunzAG\" \/>\n<meta property=\"article:modified_time\" content=\"2024-07-11T13:25:58+00:00\" \/>\n<meta property=\"og:image\" content=\"https:\/\/autokunz.ch\/app\/uploads\/2019\/09\/1.4.6-Partner-Hintergrundbild.jpeg\" \/>\n\t<meta property=\"og:image:width\" content=\"1536\" \/>\n\t<meta property=\"og:image:height\" content=\"550\" \/>\n\t<meta property=\"og:image:type\" content=\"image\/jpeg\" \/>\n<meta name=\"twitter:card\" content=\"summary_large_image\" \/>\n<meta name=\"twitter:site\" content=\"@autokunzag\" \/>\n<meta name=\"twitter:label1\" content=\"Est. reading time\" \/>\n\t<meta name=\"twitter:data1\" content=\"2 minutes\" \/>\n<script type=\"application\/ld+json\" class=\"yoast-schema-graph\">{\"@context\":\"https:\/\/schema.org\",\"@graph\":[{\"@type\":\"WebPage\",\"@id\":\"https:\/\/autokunz.ch\/it\/azienda\/partner\/\",\"url\":\"https:\/\/autokunz.ch\/it\/azienda\/partner\/\",\"name\":\"Auf zuverl\u00e4ssige Partner kommt es an - Auto Kunz AG Wohlen\",\"isPartOf\":{\"@id\":\"https:\/\/autokunz.ch\/#website\"},\"primaryImageOfPage\":{\"@id\":\"https:\/\/autokunz.ch\/it\/azienda\/partner\/#primaryimage\"},\"image\":{\"@id\":\"https:\/\/autokunz.ch\/it\/azienda\/partner\/#primaryimage\"},\"thumbnailUrl\":\"https:\/\/autokunz.ch\/app\/uploads\/2019\/09\/1.4.6-Partner-Hintergrundbild.jpeg\",\"datePublished\":\"2019-08-05T12:27:07+00:00\",\"dateModified\":\"2024-07-11T13:25:58+00:00\",\"description\":\"Wir sind stolz, dass professionelle Partner an unserer Seite stehen. Bei unseren Partnern handelt es sich um namhafte Schweizer Unternehmen.\",\"breadcrumb\":{\"@id\":\"https:\/\/autokunz.ch\/it\/azienda\/partner\/#breadcrumb\"},\"inLanguage\":\"fr-FR\",\"potentialAction\":[{\"@type\":\"ReadAction\",\"target\":[\"https:\/\/autokunz.ch\/it\/azienda\/partner\/\"]}]},{\"@type\":\"ImageObject\",\"inLanguage\":\"fr-FR\",\"@id\":\"https:\/\/autokunz.ch\/it\/azienda\/partner\/#primaryimage\",\"url\":\"https:\/\/autokunz.ch\/app\/uploads\/2019\/09\/1.4.6-Partner-Hintergrundbild.jpeg\",\"contentUrl\":\"https:\/\/autokunz.ch\/app\/uploads\/2019\/09\/1.4.6-Partner-Hintergrundbild.jpeg\",\"width\":1536,\"height\":550,\"caption\":\"handshake business colleagues in office\"},{\"@type\":\"BreadcrumbList\",\"@id\":\"https:\/\/autokunz.ch\/it\/azienda\/partner\/#breadcrumb\",\"itemListElement\":[{\"@type\":\"ListItem\",\"position\":1,\"name\":\"Home\",\"item\":\"https:\/\/autokunz.ch\/fr\/\"},{\"@type\":\"ListItem\",\"position\":2,\"name\":\"Azienda\",\"item\":\"https:\/\/autokunz.ch\/it\/azienda\/\"},{\"@type\":\"ListItem\",\"position\":3,\"name\":\"Partner\"}]},{\"@type\":\"WebSite\",\"@id\":\"https:\/\/autokunz.ch\/#website\",\"url\":\"https:\/\/autokunz.ch\/\",\"name\":\"Auto Kunz\",\"description\":\"\u00dcber 500 Autos, die tiefsten Preise der Schweiz\",\"publisher\":{\"@id\":\"https:\/\/autokunz.ch\/#organization\"},\"potentialAction\":[{\"@type\":\"SearchAction\",\"target\":{\"@type\":\"EntryPoint\",\"urlTemplate\":\"https:\/\/autokunz.ch\/?s={search_term_string}\"},\"query-input\":{\"@type\":\"PropertyValueSpecification\",\"valueRequired\":true,\"valueName\":\"search_term_string\"}}],\"inLanguage\":\"fr-FR\"},{\"@type\":\"Organization\",\"@id\":\"https:\/\/autokunz.ch\/#organization\",\"name\":\"Auto Kunz AG\",\"url\":\"https:\/\/autokunz.ch\/\",\"logo\":{\"@type\":\"ImageObject\",\"inLanguage\":\"fr-FR\",\"@id\":\"https:\/\/autokunz.ch\/#\/schema\/logo\/image\/\",\"url\":\"https:\/\/autokunz.ch\/app\/uploads\/2021\/07\/autokunz-ag-wohlen-logo.png\",\"contentUrl\":\"https:\/\/autokunz.ch\/app\/uploads\/2021\/07\/autokunz-ag-wohlen-logo.png\",\"width\":530,\"height\":79,\"caption\":\"Auto Kunz AG\"},\"image\":{\"@id\":\"https:\/\/autokunz.ch\/#\/schema\/logo\/image\/\"},\"sameAs\":[\"https:\/\/www.facebook.com\/AutoKunzAG\",\"https:\/\/x.com\/autokunzag\",\"https:\/\/www.instagram.com\/autokunz.ch\/\",\"https:\/\/www.linkedin.com\/company\/9463486?trk=tyah&amp;amp;amp;trkInfo=clickedVertical:company,idx:1-1-1,tarId:1434043483672,tas:auto kunz\",\"https:\/\/www.pinterest.com\/autokunzag\/\",\"https:\/\/www.youtube.com\/channel\/UCsS22A2abuuzGxbmhsPm-6g\"]}]}<\/script>\n<!-- \/ Yoast SEO plugin. -->","yoast_head_json":{"title":"Auf zuverl\u00e4ssige Partner kommt es an - Auto Kunz AG Wohlen","description":"Wir sind stolz, dass professionelle Partner an unserer Seite stehen. Bei unseren Partnern handelt es sich um namhafte Schweizer Unternehmen.","robots":{"index":"index","follow":"follow","max-snippet":"max-snippet:-1","max-image-preview":"max-image-preview:large","max-video-preview":"max-video-preview:-1"},"canonical":"https:\/\/autokunz.ch\/it\/azienda\/partner\/","og_locale":"fr_FR","og_type":"article","og_title":"Auf zuverl\u00e4ssige Partner kommt es an - Auto Kunz AG Wohlen","og_description":"Wir sind stolz, dass professionelle Partner an unserer Seite stehen. Bei unseren Partnern handelt es sich um namhafte Schweizer Unternehmen.","og_url":"https:\/\/autokunz.ch\/it\/azienda\/partner\/","og_site_name":"Auto Kunz","article_publisher":"https:\/\/www.facebook.com\/AutoKunzAG","article_modified_time":"2024-07-11T13:25:58+00:00","og_image":[{"width":1536,"height":550,"url":"https:\/\/autokunz.ch\/app\/uploads\/2019\/09\/1.4.6-Partner-Hintergrundbild.jpeg","type":"image\/jpeg"}],"twitter_card":"summary_large_image","twitter_site":"@autokunzag","twitter_misc":{"Est. reading time":"2 minutes"},"schema":{"@context":"https:\/\/schema.org","@graph":[{"@type":"WebPage","@id":"https:\/\/autokunz.ch\/it\/azienda\/partner\/","url":"https:\/\/autokunz.ch\/it\/azienda\/partner\/","name":"Auf zuverl\u00e4ssige Partner kommt es an - Auto Kunz AG Wohlen","isPartOf":{"@id":"https:\/\/autokunz.ch\/#website"},"primaryImageOfPage":{"@id":"https:\/\/autokunz.ch\/it\/azienda\/partner\/#primaryimage"},"image":{"@id":"https:\/\/autokunz.ch\/it\/azienda\/partner\/#primaryimage"},"thumbnailUrl":"https:\/\/autokunz.ch\/app\/uploads\/2019\/09\/1.4.6-Partner-Hintergrundbild.jpeg","datePublished":"2019-08-05T12:27:07+00:00","dateModified":"2024-07-11T13:25:58+00:00","description":"Wir sind stolz, dass professionelle Partner an unserer Seite stehen. Bei unseren Partnern handelt es sich um namhafte Schweizer Unternehmen.","breadcrumb":{"@id":"https:\/\/autokunz.ch\/it\/azienda\/partner\/#breadcrumb"},"inLanguage":"fr-FR","potentialAction":[{"@type":"ReadAction","target":["https:\/\/autokunz.ch\/it\/azienda\/partner\/"]}]},{"@type":"ImageObject","inLanguage":"fr-FR","@id":"https:\/\/autokunz.ch\/it\/azienda\/partner\/#primaryimage","url":"https:\/\/autokunz.ch\/app\/uploads\/2019\/09\/1.4.6-Partner-Hintergrundbild.jpeg","contentUrl":"https:\/\/autokunz.ch\/app\/uploads\/2019\/09\/1.4.6-Partner-Hintergrundbild.jpeg","width":1536,"height":550,"caption":"handshake business colleagues in office"},{"@type":"BreadcrumbList","@id":"https:\/\/autokunz.ch\/it\/azienda\/partner\/#breadcrumb","itemListElement":[{"@type":"ListItem","position":1,"name":"Home","item":"https:\/\/autokunz.ch\/fr\/"},{"@type":"ListItem","position":2,"name":"Azienda","item":"https:\/\/autokunz.ch\/it\/azienda\/"},{"@type":"ListItem","position":3,"name":"Partner"}]},{"@type":"WebSite","@id":"https:\/\/autokunz.ch\/#website","url":"https:\/\/autokunz.ch\/","name":"Auto Kunz","description":"\u00dcber 500 Autos, die tiefsten Preise der Schweiz","publisher":{"@id":"https:\/\/autokunz.ch\/#organization"},"potentialAction":[{"@type":"SearchAction","target":{"@type":"EntryPoint","urlTemplate":"https:\/\/autokunz.ch\/?s={search_term_string}"},"query-input":{"@type":"PropertyValueSpecification","valueRequired":true,"valueName":"search_term_string"}}],"inLanguage":"fr-FR"},{"@type":"Organization","@id":"https:\/\/autokunz.ch\/#organization","name":"Auto Kunz AG","url":"https:\/\/autokunz.ch\/","logo":{"@type":"ImageObject","inLanguage":"fr-FR","@id":"https:\/\/autokunz.ch\/#\/schema\/logo\/image\/","url":"https:\/\/autokunz.ch\/app\/uploads\/2021\/07\/autokunz-ag-wohlen-logo.png","contentUrl":"https:\/\/autokunz.ch\/app\/uploads\/2021\/07\/autokunz-ag-wohlen-logo.png","width":530,"height":79,"caption":"Auto Kunz AG"},"image":{"@id":"https:\/\/autokunz.ch\/#\/schema\/logo\/image\/"},"sameAs":["https:\/\/www.facebook.com\/AutoKunzAG","https:\/\/x.com\/autokunzag","https:\/\/www.instagram.com\/autokunz.ch\/","https:\/\/www.linkedin.com\/company\/9463486?trk=tyah&amp;amp;amp;trkInfo=clickedVertical:company,idx:1-1-1,tarId:1434043483672,tas:auto kunz","https:\/\/www.pinterest.com\/autokunzag\/","https:\/\/www.youtube.com\/channel\/UCsS22A2abuuzGxbmhsPm-6g"]}]}},"_links":{"self":[{"href":"https:\/\/autokunz.ch\/fr\/wp-json\/wp\/v2\/pages\/54536","targetHints":{"allow":["GET"]}}],"collection":[{"href":"https:\/\/autokunz.ch\/fr\/wp-json\/wp\/v2\/pages"}],"about":[{"href":"https:\/\/autokunz.ch\/fr\/wp-json\/wp\/v2\/types\/page"}],"author":[{"embeddable":true,"href":"https:\/\/autokunz.ch\/fr\/wp-json\/wp\/v2\/users\/4"}],"replies":[{"embeddable":true,"href":"https:\/\/autokunz.ch\/fr\/wp-json\/wp\/v2\/comments?post=54536"}],"version-history":[{"count":3,"href":"https:\/\/autokunz.ch\/fr\/wp-json\/wp\/v2\/pages\/54536\/revisions"}],"predecessor-version":[{"id":4953958,"href":"https:\/\/autokunz.ch\/fr\/wp-json\/wp\/v2\/pages\/54536\/revisions\/4953958"}],"up":[{"embeddable":true,"href":"https:\/\/autokunz.ch\/fr\/wp-json\/wp\/v2\/pages\/54317"}],"wp:featuredmedia":[{"embeddable":true,"href":"https:\/\/autokunz.ch\/fr\/wp-json\/wp\/v2\/media\/54544"}],"wp:attachment":[{"href":"https:\/\/autokunz.ch\/fr\/wp-json\/wp\/v2\/media?parent=54536"}],"curies":[{"name":"wp","href":"https:\/\/api.w.org\/{rel}","templated":true}]}}