{"id":6772,"date":"2019-08-05T14:27:07","date_gmt":"2019-08-05T12:27:07","guid":{"rendered":"https:\/\/autokunz.ch\/?page_id=6772"},"modified":"2024-07-11T15:19:16","modified_gmt":"2024-07-11T13:19:16","slug":"partner","status":"publish","type":"page","link":"https:\/\/autokunz.ch\/unternehmen\/partner\/","title":{"rendered":"Partner"},"content":{"rendered":"\n<div class=\"wp-block-columns has-2-columns is-layout-flex wp-container-core-columns-is-layout-9d6595d7 wp-block-columns-is-layout-flex\">\n<div class=\"wp-block-column is-layout-flow wp-block-column-is-layout-flow\">\n<h2 class=\"wp-block-heading\" id=\"partner\">Auf starke Partner kommt es an!<\/h2>\n\n\n\n<p>Wir sind stolz, dass uns professionelle, namhafte Schweizer Partner zur Seite stehen, mit denen wir vertrauensvolle, langj\u00e4hrige Beziehungen pflegen. Deshalb k\u00f6nnen Sie sich immer auf die Qualit\u00e4t des Angebots verlassen, wenn wir Ihnen eine Dienstleistung eines Partners anbieten, sei es im Rahmen der Finanzierung, des Service oder aller anderen Aspekte Ihrer Mobilit\u00e4t.<\/p>\n\n\n\n<p>Besonders wichtig ist uns die Zusammenarbeit mit dem Mehrmarken-Servicenetz Garage Plus. Mit \u00fcber 260 Standorten ist es eines der gr\u00f6ssten Schweizer Garagennetze. Damit k\u00f6nnen Sie sich darauf verlassen, dass Sie nach dem Autokauf bei uns auch auf einen kompetenten Servicebetrieb ganz in Ihrer N\u00e4he z\u00e4hlen k\u00f6nnen.<\/p>\n<\/div>\n\n\n\n<div class=\"wp-block-column is-layout-flow wp-block-column-is-layout-flow\">\n<p><\/p>\n<\/div>\n<\/div>\n\n\n\n<hr class=\"wp-block-separator has-css-opacity\"\/>\n\n\n\n<div class=\"wp-block-columns has-4-columns is-layout-flex wp-container-core-columns-is-layout-9d6595d7 wp-block-columns-is-layout-flex\">\n<div class=\"wp-block-column is-layout-flow wp-block-column-is-layout-flow\" style=\"flex-basis:25%\"><div class=\"text-box d-flex flex-column h-100\">\n                                    \n            <div><img decoding=\"async\" src=\"https:\/\/autokunz.ch\/app\/uploads\/2019\/08\/partner-2.svg\" class=\"text-box__icon\" alt=\"Custom icon\" width=\"30px\" height=\"30px\">\n            <\/div>\n                    \n            <h4 class=\"text-box__title\">BANK-now<\/h4>\n                    <div class=\"text-box__text text-normal \">\n                <p>Die BANK-now AG gilt als sehr renommiertes Unternehmen im Finanzierungsbereich und ist unser langj\u00e4hriger Partner<\/p>\n\n            <\/div>\n                            <div class=\"mt-auto text-box__link-container\">\n                <div class=\"empty-line-1\"><\/div>\n                                                    <a href=\"https:\/\/www.bank-now.ch\/de#\/\"\n                       class=\"text-button text-button--primary\"\n                       target=&quot;_blank&quot;>BANK-now AG<\/a>\n                            <\/div>\n            <\/div>\n\n<\/div>\n\n\n\n<div class=\"wp-block-column is-layout-flow wp-block-column-is-layout-flow\" style=\"flex-basis:25%\"><div class=\"text-box d-flex flex-column h-100\">\n                                    \n            <div><img decoding=\"async\" src=\"https:\/\/autokunz.ch\/app\/uploads\/2019\/08\/partner-5.png\" class=\"text-box__icon\" alt=\"Custom icon\" width=\"30px\" height=\"30px\">\n            <\/div>\n                    \n            <h4 class=\"text-box__title\">Cembra Money Bank<\/h4>\n                    <div class=\"text-box__text text-normal \">\n                <p>Die Cembra Money Bank gilt ebenfalls als renommiertes Schweizer Kreditinstitut und geh\u00f6rt auch zu unseren langj\u00e4hrigen Partnern.<\/p>\n\n            <\/div>\n                            <div class=\"mt-auto text-box__link-container\">\n                <div class=\"empty-line-1\"><\/div>\n                                                    <a href=\"https:\/\/tc.cembra.ch\/v13-5\/?PHPSESSID=4q97lce5ous305rbeb1j49d902&amp;id=102&amp;traffic=brand&amp;bam=brand&amp;gclid=EAIaIQobChMI76mT-qSo5AIVl-d3Ch34vwBdEAAYASAAEgKlcfD_BwE&amp;gclsrc=aw.ds\"\n                       class=\"text-button text-button--primary\"\n                       target=&quot;_blank&quot;>Cembra Money Bank<\/a>\n                            <\/div>\n            <\/div>\n\n<\/div>\n\n\n\n<div class=\"wp-block-column is-layout-flow wp-block-column-is-layout-flow\" style=\"flex-basis:25%\"><div class=\"text-box d-flex flex-column h-100\">\n                                    \n            <div><img decoding=\"async\" src=\"https:\/\/autokunz.ch\/app\/uploads\/2019\/08\/partner-3.png\" class=\"text-box__icon\" alt=\"Custom icon\" width=\"30px\" height=\"30px\">\n            <\/div>\n                    \n            <h4 class=\"text-box__title\">TCS<\/h4>\n                    <div class=\"text-box__text text-normal \">\n                <p>Der Touring Club Schweiz z\u00e4hlt mit seinen 1.5 Millionen Mitgliedern als gr\u00f6sster Schweizer Mobilit\u00e4tsclub.<\/p>\n\n            <\/div>\n                            <div class=\"mt-auto text-box__link-container\">\n                <div class=\"empty-line-1\"><\/div>\n                                                    <a href=\"https:\/\/www.tcs.ch\/de\/\"\n                       class=\"text-button text-button--primary\"\n                       target=&quot;_blank&quot;>TCS Schweiz<\/a>\n                            <\/div>\n            <\/div>\n\n<\/div>\n\n\n\n<div class=\"wp-block-column is-layout-flow wp-block-column-is-layout-flow\" style=\"flex-basis:25%\"><div class=\"text-box d-flex flex-column h-100\">\n                                    \n            <div><img decoding=\"async\" src=\"https:\/\/autokunz.ch\/app\/uploads\/2024\/04\/partner-auto-kunz-ag.png\" class=\"text-box__icon\" alt=\"Custom icon\" width=\"30px\" height=\"30px\">\n            <\/div>\n                    \n            <h4 class=\"text-box__title\">Autotechnik AG<\/h4>\n                    <div class=\"text-box__text text-normal \">\n                <p>Partner des Schweizer Garagengewerbes f\u00fcr Ersatz- und Verschleissteile, Zubeh\u00f6r und Werkstatteinrichtung.<\/p>\n\n            <\/div>\n                            <div class=\"mt-auto text-box__link-container\">\n                <div class=\"empty-line-1\"><\/div>\n                                                    <a href=\"https:\/\/www.autotechnik.ch\/de\/\"\n                       class=\"text-button text-button--primary\"\n                       target=&quot;_blank&quot;>Hostettler Autotechnik AG<\/a>\n                            <\/div>\n            <\/div>\n\n<\/div>\n<\/div>\n\n\n\n<div class=\"wp-block-columns has-2-columns is-layout-flex wp-container-core-columns-is-layout-9d6595d7 wp-block-columns-is-layout-flex\">\n<div class=\"wp-block-column is-layout-flow wp-block-column-is-layout-flow\" style=\"flex-basis:25%\"><div class=\"text-box d-flex flex-column h-100\">\n                                    \n            <div><img decoding=\"async\" src=\"https:\/\/autokunz.ch\/app\/uploads\/2019\/09\/Quality-1-1.jpg\" class=\"text-box__icon\" alt=\"Custom icon\" width=\"30px\" height=\"30px\">\n            <\/div>\n                    \n            <h4 class=\"text-box__title\">Quality one<\/h4>\n                    <div class=\"text-box__text text-normal \">\n                <p>Die Quality1 AG ist die schweizweit f\u00fchrende Anbieterin f\u00fcr Fahrzeuggarantien.<\/p>\n\n            <\/div>\n                            <div class=\"mt-auto text-box__link-container\">\n                <div class=\"empty-line-1\"><\/div>\n                                                    <a href=\"https:\/\/quality1.ch\/\"\n                       class=\"text-button text-button--primary\"\n                       target=&quot;_blank&quot;>Quality one<\/a>\n                            <\/div>\n            <\/div>\n\n<\/div>\n\n\n\n<div class=\"wp-block-column is-layout-flow wp-block-column-is-layout-flow\" style=\"flex-basis:25%\"><div class=\"text-box d-flex flex-column h-100\">\n                                    \n            <div><img decoding=\"async\" src=\"https:\/\/autokunz.ch\/app\/uploads\/2024\/04\/partner-auto-kunz-ag-2.png\" class=\"text-box__icon\" alt=\"Custom icon\" width=\"30px\" height=\"30px\">\n            <\/div>\n                    \n            <h4 class=\"text-box__title\">eGarage<\/h4>\n                    <div class=\"text-box__text text-normal \">\n                <p>Als Fahrerin oder Fahrer eines Elektro- oder Hybrid-Fahrzeuges finden Sie in Ihrer eGarage einen kompetenten Partner in Ihrer Region, welcher sich um alle Belange Ihres Fahrzeuges k\u00fcmmert.<\/p>\n\n            <\/div>\n                            <div class=\"mt-auto text-box__link-container\">\n                <div class=\"empty-line-1\"><\/div>\n                                                    <a href=\"https:\/\/egarage.ch\/de\/\"\n                       class=\"text-button text-button--primary\"\n                       target=&quot;_blank&quot;>eGarage<\/a>\n                            <\/div>\n            <\/div>\n\n<\/div>\n\n\n\n<div class=\"wp-block-column is-layout-flow wp-block-column-is-layout-flow\" style=\"flex-basis:25%\"><div class=\"text-box d-flex flex-column h-100\">\n                                    \n            <div><img decoding=\"async\" src=\"https:\/\/autokunz.ch\/app\/uploads\/2019\/09\/vfas-ohne-text-1.jpg\" class=\"text-box__icon\" alt=\"Custom icon\" width=\"30px\" height=\"30px\">\n            <\/div>\n                    \n            <h4 class=\"text-box__title\">VFAS<\/h4>\n                    <div class=\"text-box__text text-normal \">\n                <p>Der VFAS vertritt die Interessen des unabh\u00e4ngigen und freien Autohandels in der Schweiz f\u00fcr H\u00e4ndler und Konsumenten.<\/p>\n\n            <\/div>\n                            <div class=\"mt-auto text-box__link-container\">\n                <div class=\"empty-line-1\"><\/div>\n                                                    <a href=\"https:\/\/www.vfas.ch\/\"\n                       class=\"text-button text-button--primary\"\n                       target=&quot;_blank&quot;>VFAS<\/a>\n                            <\/div>\n            <\/div>\n\n<\/div>\n\n\n\n<div class=\"wp-block-column is-layout-flow wp-block-column-is-layout-flow\" style=\"flex-basis:25%\"><div class=\"text-box d-flex flex-column h-100\">\n                                    \n            <div><img decoding=\"async\" src=\"https:\/\/autokunz.ch\/app\/uploads\/2019\/09\/Shelby-Switzerland-Logo-Snake.jpg\" class=\"text-box__icon\" alt=\"Custom icon\" width=\"30px\" height=\"30px\">\n            <\/div>\n                    \n            <h4 class=\"text-box__title\">Shelby<\/h4>\n                    <div class=\"text-box__text text-normal \">\n                <p>Shelby Importeur \u2013 Auto Kunz AG wurde als offizieller Shelby Importeur f\u00fcr die Deutschschweiz ausgew\u00e4hlt<\/p>\n\n            <\/div>\n                            <div class=\"mt-auto text-box__link-container\">\n                <div class=\"empty-line-1\"><\/div>\n                                                    <a href=\"https:\/\/autokunz.ch\/fr\/autos-2\/shelby\/\"\n                       class=\"text-button text-button--primary\"\n                       >Shelby<\/a>\n                            <\/div>\n            <\/div>\n\n<\/div>\n<\/div>\n\n\n\n<div class=\"wp-block-columns has-2-columns is-layout-flex wp-container-core-columns-is-layout-9d6595d7 wp-block-columns-is-layout-flex\">\n<div class=\"wp-block-column is-layout-flow wp-block-column-is-layout-flow\" style=\"flex-basis:25%\"><div class=\"text-box d-flex flex-column h-100\">\n                                    \n            <div><img decoding=\"async\" src=\"https:\/\/autokunz.ch\/app\/uploads\/2024\/04\/partner-auto-kunz-ag-3.png\" class=\"text-box__icon\" alt=\"Custom icon\" width=\"30px\" height=\"30px\">\n            <\/div>\n                    \n            <h4 class=\"text-box__title\">AutoPro<\/h4>\n                    <div class=\"text-box__text text-normal \">\n                <p>Alle AutoPro-Garagisten sind ausgewiesene Profis und verf\u00fcgen \u00fcber grosses technisches Knowhow<\/p>\n\n            <\/div>\n                            <div class=\"mt-auto text-box__link-container\">\n                <div class=\"empty-line-1\"><\/div>\n                                                    <a href=\"https:\/\/autopro.ch\/de\/\"\n                       class=\"text-button text-button--primary\"\n                       target=&quot;_blank&quot;>AutoPro<\/a>\n                            <\/div>\n            <\/div>\n\n<\/div>\n<\/div>\n","protected":false},"excerpt":{"rendered":"<p>Auf starke Partner kommt es an! Wir sind stolz, dass uns professionelle, namhafte Schweizer Partner zur Seite stehen, mit denen wir vertrauensvolle, langj\u00e4hrige Beziehungen pflegen. Deshalb k\u00f6nnen Sie sich immer auf die Qualit\u00e4t des Angebots verlassen, wenn wir Ihnen eine Dienstleistung eines Partners anbieten, sei es im Rahmen der Finanzierung, des Service oder aller anderen &hellip; <a class=\"text-button text-button--primary text-button--no-arrow\" href=\"https:\/\/autokunz.ch\/unternehmen\/partner\/\">continue<\/a><\/p>\n","protected":false},"author":2,"featured_media":2807847,"parent":31,"menu_order":6,"comment_status":"closed","ping_status":"closed","template":"","meta":{"_acf_changed":false,"footnotes":""},"class_list":["post-6772","page","type-page","status-publish","has-post-thumbnail","hentry"],"acf":[],"yoast_head":"<!-- This site is optimized with the Yoast SEO plugin v27.0 - https:\/\/yoast.com\/product\/yoast-seo-wordpress\/ -->\n<title>Auf zuverl\u00e4ssige Partner kommt es an - Auto Kunz AG Wohlen<\/title>\n<meta name=\"description\" content=\"Wir sind stolz, dass professionelle Partner an unserer Seite stehen. Bei unseren Partnern handelt es sich um namhafte Schweizer Unternehmen.\" \/>\n<meta name=\"robots\" content=\"index, follow, max-snippet:-1, max-image-preview:large, max-video-preview:-1\" \/>\n<link rel=\"canonical\" href=\"https:\/\/autokunz.ch\/unternehmen\/partner\/\" \/>\n<meta property=\"og:locale\" content=\"fr_FR\" \/>\n<meta property=\"og:type\" content=\"article\" \/>\n<meta property=\"og:title\" content=\"Auf zuverl\u00e4ssige Partner kommt es an - Auto Kunz AG Wohlen\" \/>\n<meta property=\"og:description\" content=\"Wir sind stolz, dass professionelle Partner an unserer Seite stehen. Bei unseren Partnern handelt es sich um namhafte Schweizer Unternehmen.\" \/>\n<meta property=\"og:url\" content=\"https:\/\/autokunz.ch\/unternehmen\/partner\/\" \/>\n<meta property=\"og:site_name\" content=\"Auto Kunz\" \/>\n<meta property=\"article:publisher\" content=\"https:\/\/www.facebook.com\/AutoKunzAG\" \/>\n<meta property=\"article:modified_time\" content=\"2024-07-11T13:19:16+00:00\" \/>\n<meta property=\"og:image\" content=\"https:\/\/autokunz.ch\/app\/uploads\/2021\/12\/Kontakt_Webseite.jpg\" \/>\n\t<meta property=\"og:image:width\" content=\"1920\" \/>\n\t<meta property=\"og:image:height\" content=\"656\" \/>\n\t<meta property=\"og:image:type\" content=\"image\/jpeg\" \/>\n<meta name=\"twitter:card\" content=\"summary_large_image\" \/>\n<meta name=\"twitter:site\" content=\"@autokunzag\" \/>\n<meta name=\"twitter:label1\" content=\"Est. reading time\" \/>\n\t<meta name=\"twitter:data1\" content=\"1 minute\" \/>\n<script type=\"application\/ld+json\" class=\"yoast-schema-graph\">{\"@context\":\"https:\/\/schema.org\",\"@graph\":[{\"@type\":\"WebPage\",\"@id\":\"https:\/\/autokunz.ch\/unternehmen\/partner\/\",\"url\":\"https:\/\/autokunz.ch\/unternehmen\/partner\/\",\"name\":\"Auf zuverl\u00e4ssige Partner kommt es an - Auto Kunz AG Wohlen\",\"isPartOf\":{\"@id\":\"https:\/\/autokunz.ch\/#website\"},\"primaryImageOfPage\":{\"@id\":\"https:\/\/autokunz.ch\/unternehmen\/partner\/#primaryimage\"},\"image\":{\"@id\":\"https:\/\/autokunz.ch\/unternehmen\/partner\/#primaryimage\"},\"thumbnailUrl\":\"https:\/\/autokunz.ch\/app\/uploads\/2021\/12\/Kontakt_Webseite.jpg\",\"datePublished\":\"2019-08-05T12:27:07+00:00\",\"dateModified\":\"2024-07-11T13:19:16+00:00\",\"description\":\"Wir sind stolz, dass professionelle Partner an unserer Seite stehen. Bei unseren Partnern handelt es sich um namhafte Schweizer Unternehmen.\",\"breadcrumb\":{\"@id\":\"https:\/\/autokunz.ch\/unternehmen\/partner\/#breadcrumb\"},\"inLanguage\":\"fr-FR\",\"potentialAction\":[{\"@type\":\"ReadAction\",\"target\":[\"https:\/\/autokunz.ch\/unternehmen\/partner\/\"]}]},{\"@type\":\"ImageObject\",\"inLanguage\":\"fr-FR\",\"@id\":\"https:\/\/autokunz.ch\/unternehmen\/partner\/#primaryimage\",\"url\":\"https:\/\/autokunz.ch\/app\/uploads\/2021\/12\/Kontakt_Webseite.jpg\",\"contentUrl\":\"https:\/\/autokunz.ch\/app\/uploads\/2021\/12\/Kontakt_Webseite.jpg\",\"width\":1920,\"height\":656,\"caption\":\"Kontakt - Auto Kunz AG\"},{\"@type\":\"BreadcrumbList\",\"@id\":\"https:\/\/autokunz.ch\/unternehmen\/partner\/#breadcrumb\",\"itemListElement\":[{\"@type\":\"ListItem\",\"position\":1,\"name\":\"Home\",\"item\":\"https:\/\/autokunz.ch\/fr\/\"},{\"@type\":\"ListItem\",\"position\":2,\"name\":\"Unternehmen\",\"item\":\"https:\/\/autokunz.ch\/unternehmen\/\"},{\"@type\":\"ListItem\",\"position\":3,\"name\":\"Partner\"}]},{\"@type\":\"WebSite\",\"@id\":\"https:\/\/autokunz.ch\/#website\",\"url\":\"https:\/\/autokunz.ch\/\",\"name\":\"Auto Kunz\",\"description\":\"\u00dcber 500 Autos, die tiefsten Preise der Schweiz\",\"publisher\":{\"@id\":\"https:\/\/autokunz.ch\/#organization\"},\"potentialAction\":[{\"@type\":\"SearchAction\",\"target\":{\"@type\":\"EntryPoint\",\"urlTemplate\":\"https:\/\/autokunz.ch\/?s={search_term_string}\"},\"query-input\":{\"@type\":\"PropertyValueSpecification\",\"valueRequired\":true,\"valueName\":\"search_term_string\"}}],\"inLanguage\":\"fr-FR\"},{\"@type\":\"Organization\",\"@id\":\"https:\/\/autokunz.ch\/#organization\",\"name\":\"Auto Kunz AG\",\"url\":\"https:\/\/autokunz.ch\/\",\"logo\":{\"@type\":\"ImageObject\",\"inLanguage\":\"fr-FR\",\"@id\":\"https:\/\/autokunz.ch\/#\/schema\/logo\/image\/\",\"url\":\"https:\/\/autokunz.ch\/app\/uploads\/2021\/07\/autokunz-ag-wohlen-logo.png\",\"contentUrl\":\"https:\/\/autokunz.ch\/app\/uploads\/2021\/07\/autokunz-ag-wohlen-logo.png\",\"width\":530,\"height\":79,\"caption\":\"Auto Kunz AG\"},\"image\":{\"@id\":\"https:\/\/autokunz.ch\/#\/schema\/logo\/image\/\"},\"sameAs\":[\"https:\/\/www.facebook.com\/AutoKunzAG\",\"https:\/\/x.com\/autokunzag\",\"https:\/\/www.instagram.com\/autokunz.ch\/\",\"https:\/\/www.linkedin.com\/company\/9463486?trk=tyah&amp;amp;amp;trkInfo=clickedVertical:company,idx:1-1-1,tarId:1434043483672,tas:auto kunz\",\"https:\/\/www.pinterest.com\/autokunzag\/\",\"https:\/\/www.youtube.com\/channel\/UCsS22A2abuuzGxbmhsPm-6g\"]}]}<\/script>\n<!-- \/ Yoast SEO plugin. -->","yoast_head_json":{"title":"Auf zuverl\u00e4ssige Partner kommt es an - Auto Kunz AG Wohlen","description":"Wir sind stolz, dass professionelle Partner an unserer Seite stehen. Bei unseren Partnern handelt es sich um namhafte Schweizer Unternehmen.","robots":{"index":"index","follow":"follow","max-snippet":"max-snippet:-1","max-image-preview":"max-image-preview:large","max-video-preview":"max-video-preview:-1"},"canonical":"https:\/\/autokunz.ch\/unternehmen\/partner\/","og_locale":"fr_FR","og_type":"article","og_title":"Auf zuverl\u00e4ssige Partner kommt es an - Auto Kunz AG Wohlen","og_description":"Wir sind stolz, dass professionelle Partner an unserer Seite stehen. Bei unseren Partnern handelt es sich um namhafte Schweizer Unternehmen.","og_url":"https:\/\/autokunz.ch\/unternehmen\/partner\/","og_site_name":"Auto Kunz","article_publisher":"https:\/\/www.facebook.com\/AutoKunzAG","article_modified_time":"2024-07-11T13:19:16+00:00","og_image":[{"width":1920,"height":656,"url":"https:\/\/autokunz.ch\/app\/uploads\/2021\/12\/Kontakt_Webseite.jpg","type":"image\/jpeg"}],"twitter_card":"summary_large_image","twitter_site":"@autokunzag","twitter_misc":{"Est. reading time":"1 minute"},"schema":{"@context":"https:\/\/schema.org","@graph":[{"@type":"WebPage","@id":"https:\/\/autokunz.ch\/unternehmen\/partner\/","url":"https:\/\/autokunz.ch\/unternehmen\/partner\/","name":"Auf zuverl\u00e4ssige Partner kommt es an - Auto Kunz AG Wohlen","isPartOf":{"@id":"https:\/\/autokunz.ch\/#website"},"primaryImageOfPage":{"@id":"https:\/\/autokunz.ch\/unternehmen\/partner\/#primaryimage"},"image":{"@id":"https:\/\/autokunz.ch\/unternehmen\/partner\/#primaryimage"},"thumbnailUrl":"https:\/\/autokunz.ch\/app\/uploads\/2021\/12\/Kontakt_Webseite.jpg","datePublished":"2019-08-05T12:27:07+00:00","dateModified":"2024-07-11T13:19:16+00:00","description":"Wir sind stolz, dass professionelle Partner an unserer Seite stehen. Bei unseren Partnern handelt es sich um namhafte Schweizer Unternehmen.","breadcrumb":{"@id":"https:\/\/autokunz.ch\/unternehmen\/partner\/#breadcrumb"},"inLanguage":"fr-FR","potentialAction":[{"@type":"ReadAction","target":["https:\/\/autokunz.ch\/unternehmen\/partner\/"]}]},{"@type":"ImageObject","inLanguage":"fr-FR","@id":"https:\/\/autokunz.ch\/unternehmen\/partner\/#primaryimage","url":"https:\/\/autokunz.ch\/app\/uploads\/2021\/12\/Kontakt_Webseite.jpg","contentUrl":"https:\/\/autokunz.ch\/app\/uploads\/2021\/12\/Kontakt_Webseite.jpg","width":1920,"height":656,"caption":"Kontakt - Auto Kunz AG"},{"@type":"BreadcrumbList","@id":"https:\/\/autokunz.ch\/unternehmen\/partner\/#breadcrumb","itemListElement":[{"@type":"ListItem","position":1,"name":"Home","item":"https:\/\/autokunz.ch\/fr\/"},{"@type":"ListItem","position":2,"name":"Unternehmen","item":"https:\/\/autokunz.ch\/unternehmen\/"},{"@type":"ListItem","position":3,"name":"Partner"}]},{"@type":"WebSite","@id":"https:\/\/autokunz.ch\/#website","url":"https:\/\/autokunz.ch\/","name":"Auto Kunz","description":"\u00dcber 500 Autos, die tiefsten Preise der Schweiz","publisher":{"@id":"https:\/\/autokunz.ch\/#organization"},"potentialAction":[{"@type":"SearchAction","target":{"@type":"EntryPoint","urlTemplate":"https:\/\/autokunz.ch\/?s={search_term_string}"},"query-input":{"@type":"PropertyValueSpecification","valueRequired":true,"valueName":"search_term_string"}}],"inLanguage":"fr-FR"},{"@type":"Organization","@id":"https:\/\/autokunz.ch\/#organization","name":"Auto Kunz AG","url":"https:\/\/autokunz.ch\/","logo":{"@type":"ImageObject","inLanguage":"fr-FR","@id":"https:\/\/autokunz.ch\/#\/schema\/logo\/image\/","url":"https:\/\/autokunz.ch\/app\/uploads\/2021\/07\/autokunz-ag-wohlen-logo.png","contentUrl":"https:\/\/autokunz.ch\/app\/uploads\/2021\/07\/autokunz-ag-wohlen-logo.png","width":530,"height":79,"caption":"Auto Kunz AG"},"image":{"@id":"https:\/\/autokunz.ch\/#\/schema\/logo\/image\/"},"sameAs":["https:\/\/www.facebook.com\/AutoKunzAG","https:\/\/x.com\/autokunzag","https:\/\/www.instagram.com\/autokunz.ch\/","https:\/\/www.linkedin.com\/company\/9463486?trk=tyah&amp;amp;amp;trkInfo=clickedVertical:company,idx:1-1-1,tarId:1434043483672,tas:auto kunz","https:\/\/www.pinterest.com\/autokunzag\/","https:\/\/www.youtube.com\/channel\/UCsS22A2abuuzGxbmhsPm-6g"]}]}},"_links":{"self":[{"href":"https:\/\/autokunz.ch\/fr\/wp-json\/wp\/v2\/pages\/6772","targetHints":{"allow":["GET"]}}],"collection":[{"href":"https:\/\/autokunz.ch\/fr\/wp-json\/wp\/v2\/pages"}],"about":[{"href":"https:\/\/autokunz.ch\/fr\/wp-json\/wp\/v2\/types\/page"}],"author":[{"embeddable":true,"href":"https:\/\/autokunz.ch\/fr\/wp-json\/wp\/v2\/users\/2"}],"replies":[{"embeddable":true,"href":"https:\/\/autokunz.ch\/fr\/wp-json\/wp\/v2\/comments?post=6772"}],"version-history":[{"count":3,"href":"https:\/\/autokunz.ch\/fr\/wp-json\/wp\/v2\/pages\/6772\/revisions"}],"predecessor-version":[{"id":4953951,"href":"https:\/\/autokunz.ch\/fr\/wp-json\/wp\/v2\/pages\/6772\/revisions\/4953951"}],"up":[{"embeddable":true,"href":"https:\/\/autokunz.ch\/fr\/wp-json\/wp\/v2\/pages\/31"}],"wp:featuredmedia":[{"embeddable":true,"href":"https:\/\/autokunz.ch\/fr\/wp-json\/wp\/v2\/media\/2807847"}],"wp:attachment":[{"href":"https:\/\/autokunz.ch\/fr\/wp-json\/wp\/v2\/media?parent=6772"}],"curies":[{"name":"wp","href":"https:\/\/api.w.org\/{rel}","templated":true}]}}