{"id":1491601,"date":"2019-09-17T18:08:33","date_gmt":"2019-09-17T16:08:33","guid":{"rendered":"https:\/\/autokunz.ch\/?page_id=1491601"},"modified":"2019-09-18T14:15:43","modified_gmt":"2019-09-18T12:15:43","slug":"apprendistato-e-stage","status":"publish","type":"page","link":"https:\/\/autokunz.ch\/it\/azienda\/apprendistato-e-stage\/","title":{"rendered":"Apprendistato e stage"},"content":{"rendered":"\n<div class=\"wp-block-columns has-2-columns is-layout-flex wp-container-core-columns-is-layout-9d6595d7 wp-block-columns-is-layout-flex\">\n<div class=\"wp-block-column is-layout-flow wp-block-column-is-layout-flow\">\n<h2 class=\"wp-block-heading\">POSTI VACANTI PRESSO AUTO KUNZ ag<\/h2>\n\n\n\n<h3 class=\"wp-block-heading\">Con impegno fino all&#8217;obiettivo:<br>lavorare per Auto Kunz AG<\/h3>\n\n\n\n<p>\u00c8 alla ricerca di un posto di lavoro fantastico? Auto Kunz AG crea posti di lavoro. Siamo orgogliosi dei nostri collaboratori!&nbsp; Oltre a un training attento, attribuiamo grande importanza anche alla promozione e formazione continua di ogni singolo. Anche un posto di lavoro sicuro per noi \u00e8 importante. Nella sua <a href=\"https:\/\/autokunz.ch\/it\/azienda\/storia\/\">storia Auto Kunz<\/a> non ha mai dovuto tagliare posti di lavoro. Al contrario, ogni anno vi \u00e8 un potenziamento.<\/p>\n\n\n\n<p>Opportunit\u00e0 quali condizioni speciali sulle questioni delle auto o la possibilit\u00e0 di partecipazione in azienda ad ogni livello funzionale rendono molto ambito un posto di lavoro in Auto Kunz. Molti collaboratori di successo nel settore automobilistico hanno fatto carriera in Auto Kunz. Tutti gli ex-apprendisti di Auto Kunz hanno avuto successo in tutti i settori e hanno fatto carriera. La vicinanza ai  <\/p>\n\n\n\n<h6 class=\"wp-block-heading\"><strong> Posti di pratica o apprendistato: datore di lavoro affidabile e sicuro per il tuo futuro <\/strong><\/h6>\n\n\n\n<p>Come datore di lavoro affidabile e sicuro, abbiamo creato posti di lavoro e apprendistato sin dalla fondazione dell\u2019azienda. Ogni anno formiamo da 6 a 9 apprendisti. Stai cercando un apprendistato? Informati qui sui posti vacanti di apprendistato! <\/p>\n\n\n\n<h6 class=\"wp-block-heading\"><strong>Nessun posto di lavoro adatto?<\/strong><\/h6>\n\n\n\n<p>Si candidi comunque, anche se non trova un posto di lavoro idoneo tra quelli sottostanti! Siamo continuamente alla ricerca dei migliori colleghi in tutte le aree dell&#8217;industria automobilistica! Se<a href=\"mailto:info@autokunz.ch\"> ci invia la sua documentazione<\/a>, ci metteremo in contatto con lei non appena sar\u00e0 disponibile un posto di lavoro idoneo!<\/p>\n\n\n\n<div class=\"wp-block-button is-style-button--gray\"><a class=\"wp-block-button__link\" href=\"https:\/\/autokunz.ch\/unternehmen\/lehrstellen-und-praktikum\/\">offerte di lavoro \/ <br>posti vacanti<\/a><\/div>\n<\/div>\n\n\n\n<div class=\"wp-block-column is-layout-flow wp-block-column-is-layout-flow\">\n<figure class=\"wp-block-image\"><img decoding=\"async\" width=\"1366\" height=\"1024\" src=\"https:\/\/autokunz.ch\/app\/uploads\/2019\/08\/stellen-3-1366x1024.jpeg\" alt=\"Stellen - Auto Kunz AG 7\" class=\"wp-image-10059\" srcset=\"https:\/\/autokunz.ch\/app\/uploads\/2019\/08\/stellen-3-1366x1024.jpeg 1366w, https:\/\/autokunz.ch\/app\/uploads\/2019\/08\/stellen-3-471x353.jpeg 471w, https:\/\/autokunz.ch\/app\/uploads\/2019\/08\/stellen-3-768x576.jpeg 768w, https:\/\/autokunz.ch\/app\/uploads\/2019\/08\/stellen-3.jpeg 1536w\" sizes=\"(max-width: 1366px) 100vw, 1366px\" \/><\/figure>\n<\/div>\n<\/div>\n\n\n\n<hr class=\"wp-block-separator\"\/>\n","protected":false},"excerpt":{"rendered":"<p>POSTI VACANTI PRESSO AUTO KUNZ ag Con impegno fino all&#8217;obiettivo:lavorare per Auto Kunz AG \u00c8 alla ricerca di un posto di lavoro fantastico? Auto Kunz AG crea posti di lavoro. Siamo orgogliosi dei nostri collaboratori!&nbsp; Oltre a un training attento, attribuiamo grande importanza anche alla promozione e formazione continua di ogni singolo. Anche un posto &hellip; <a class=\"text-button text-button--primary text-button--no-arrow\" href=\"https:\/\/autokunz.ch\/it\/azienda\/apprendistato-e-stage\/\">continua<\/a><\/p>\n","protected":false},"author":4,"featured_media":54525,"parent":54317,"menu_order":8,"comment_status":"closed","ping_status":"closed","template":"views\/template-jobs.blade.php","meta":{"_acf_changed":false,"footnotes":""},"class_list":["post-1491601","page","type-page","status-publish","has-post-thumbnail","hentry"],"acf":[],"yoast_head":"<!-- This site is optimized with the Yoast SEO plugin v27.0 - https:\/\/yoast.com\/product\/yoast-seo-wordpress\/ -->\n<title>Jobs bei Auto Kunz AG - Mit Engagement zum Ziel<\/title>\n<meta name=\"description\" content=\"Auto Kunz schafft neue Jobs! Neben einer sorgf\u00e4ltigen Einarbeitung legen wir grossen Wert auf st\u00e4ndige F\u00f6rderung und Schulung jedes einzelnen.\" \/>\n<meta name=\"robots\" content=\"index, follow, max-snippet:-1, max-image-preview:large, max-video-preview:-1\" \/>\n<link rel=\"canonical\" href=\"https:\/\/autokunz.ch\/it\/azienda\/apprendistato-e-stage\/\" \/>\n<meta property=\"og:locale\" content=\"it_IT\" \/>\n<meta property=\"og:type\" content=\"article\" \/>\n<meta property=\"og:title\" content=\"Jobs bei Auto Kunz AG - Mit Engagement zum Ziel\" \/>\n<meta property=\"og:description\" content=\"Auto Kunz schafft neue Jobs! Neben einer sorgf\u00e4ltigen Einarbeitung legen wir grossen Wert auf st\u00e4ndige F\u00f6rderung und Schulung jedes einzelnen.\" \/>\n<meta property=\"og:url\" content=\"https:\/\/autokunz.ch\/it\/azienda\/apprendistato-e-stage\/\" \/>\n<meta property=\"og:site_name\" content=\"Auto Kunz\" \/>\n<meta property=\"article:publisher\" content=\"https:\/\/www.facebook.com\/AutoKunzAG\" \/>\n<meta property=\"article:modified_time\" content=\"2019-09-18T12:15:43+00:00\" \/>\n<meta property=\"og:image\" content=\"https:\/\/autokunz.ch\/app\/uploads\/2019\/09\/1.4.4-Jobs.jpeg\" \/>\n\t<meta property=\"og:image:width\" content=\"1536\" \/>\n\t<meta property=\"og:image:height\" content=\"1025\" \/>\n\t<meta property=\"og:image:type\" content=\"image\/jpeg\" \/>\n<meta name=\"twitter:card\" content=\"summary_large_image\" \/>\n<meta name=\"twitter:site\" content=\"@autokunzag\" \/>\n<meta name=\"twitter:label1\" content=\"Est. reading time\" \/>\n\t<meta name=\"twitter:data1\" content=\"1 minute\" \/>\n<script type=\"application\/ld+json\" class=\"yoast-schema-graph\">{\"@context\":\"https:\/\/schema.org\",\"@graph\":[{\"@type\":\"WebPage\",\"@id\":\"https:\/\/autokunz.ch\/it\/azienda\/apprendistato-e-stage\/\",\"url\":\"https:\/\/autokunz.ch\/it\/azienda\/apprendistato-e-stage\/\",\"name\":\"Jobs bei Auto Kunz AG - Mit Engagement zum Ziel\",\"isPartOf\":{\"@id\":\"https:\/\/autokunz.ch\/#website\"},\"primaryImageOfPage\":{\"@id\":\"https:\/\/autokunz.ch\/it\/azienda\/apprendistato-e-stage\/#primaryimage\"},\"image\":{\"@id\":\"https:\/\/autokunz.ch\/it\/azienda\/apprendistato-e-stage\/#primaryimage\"},\"thumbnailUrl\":\"https:\/\/autokunz.ch\/app\/uploads\/2019\/09\/1.4.4-Jobs.jpeg\",\"datePublished\":\"2019-09-17T16:08:33+00:00\",\"dateModified\":\"2019-09-18T12:15:43+00:00\",\"description\":\"Auto Kunz schafft neue Jobs! Neben einer sorgf\u00e4ltigen Einarbeitung legen wir grossen Wert auf st\u00e4ndige F\u00f6rderung und Schulung jedes einzelnen.\",\"breadcrumb\":{\"@id\":\"https:\/\/autokunz.ch\/it\/azienda\/apprendistato-e-stage\/#breadcrumb\"},\"inLanguage\":\"it-IT\",\"potentialAction\":[{\"@type\":\"ReadAction\",\"target\":[\"https:\/\/autokunz.ch\/it\/azienda\/apprendistato-e-stage\/\"]}]},{\"@type\":\"ImageObject\",\"inLanguage\":\"it-IT\",\"@id\":\"https:\/\/autokunz.ch\/it\/azienda\/apprendistato-e-stage\/#primaryimage\",\"url\":\"https:\/\/autokunz.ch\/app\/uploads\/2019\/09\/1.4.4-Jobs.jpeg\",\"contentUrl\":\"https:\/\/autokunz.ch\/app\/uploads\/2019\/09\/1.4.4-Jobs.jpeg\",\"width\":1536,\"height\":1025,\"caption\":\"Offerte di lavoro - Auto Kunz AG\"},{\"@type\":\"BreadcrumbList\",\"@id\":\"https:\/\/autokunz.ch\/it\/azienda\/apprendistato-e-stage\/#breadcrumb\",\"itemListElement\":[{\"@type\":\"ListItem\",\"position\":1,\"name\":\"Home\",\"item\":\"https:\/\/autokunz.ch\/it\/\"},{\"@type\":\"ListItem\",\"position\":2,\"name\":\"Azienda\",\"item\":\"https:\/\/autokunz.ch\/it\/azienda\/\"},{\"@type\":\"ListItem\",\"position\":3,\"name\":\"Apprendistato e stage\"}]},{\"@type\":\"WebSite\",\"@id\":\"https:\/\/autokunz.ch\/#website\",\"url\":\"https:\/\/autokunz.ch\/\",\"name\":\"Auto Kunz\",\"description\":\"\u00dcber 500 Autos, die tiefsten Preise der Schweiz\",\"publisher\":{\"@id\":\"https:\/\/autokunz.ch\/#organization\"},\"potentialAction\":[{\"@type\":\"SearchAction\",\"target\":{\"@type\":\"EntryPoint\",\"urlTemplate\":\"https:\/\/autokunz.ch\/?s={search_term_string}\"},\"query-input\":{\"@type\":\"PropertyValueSpecification\",\"valueRequired\":true,\"valueName\":\"search_term_string\"}}],\"inLanguage\":\"it-IT\"},{\"@type\":\"Organization\",\"@id\":\"https:\/\/autokunz.ch\/#organization\",\"name\":\"Auto Kunz AG\",\"url\":\"https:\/\/autokunz.ch\/\",\"logo\":{\"@type\":\"ImageObject\",\"inLanguage\":\"it-IT\",\"@id\":\"https:\/\/autokunz.ch\/#\/schema\/logo\/image\/\",\"url\":\"https:\/\/autokunz.ch\/app\/uploads\/2021\/07\/autokunz-ag-wohlen-logo.png\",\"contentUrl\":\"https:\/\/autokunz.ch\/app\/uploads\/2021\/07\/autokunz-ag-wohlen-logo.png\",\"width\":530,\"height\":79,\"caption\":\"Auto Kunz AG\"},\"image\":{\"@id\":\"https:\/\/autokunz.ch\/#\/schema\/logo\/image\/\"},\"sameAs\":[\"https:\/\/www.facebook.com\/AutoKunzAG\",\"https:\/\/x.com\/autokunzag\",\"https:\/\/www.instagram.com\/autokunz.ch\/\",\"https:\/\/www.linkedin.com\/company\/9463486?trk=tyah&amp;amp;amp;trkInfo=clickedVertical:company,idx:1-1-1,tarId:1434043483672,tas:auto kunz\",\"https:\/\/www.pinterest.com\/autokunzag\/\",\"https:\/\/www.youtube.com\/channel\/UCsS22A2abuuzGxbmhsPm-6g\"]}]}<\/script>\n<!-- \/ Yoast SEO plugin. -->","yoast_head_json":{"title":"Jobs bei Auto Kunz AG - Mit Engagement zum Ziel","description":"Auto Kunz schafft neue Jobs! Neben einer sorgf\u00e4ltigen Einarbeitung legen wir grossen Wert auf st\u00e4ndige F\u00f6rderung und Schulung jedes einzelnen.","robots":{"index":"index","follow":"follow","max-snippet":"max-snippet:-1","max-image-preview":"max-image-preview:large","max-video-preview":"max-video-preview:-1"},"canonical":"https:\/\/autokunz.ch\/it\/azienda\/apprendistato-e-stage\/","og_locale":"it_IT","og_type":"article","og_title":"Jobs bei Auto Kunz AG - Mit Engagement zum Ziel","og_description":"Auto Kunz schafft neue Jobs! Neben einer sorgf\u00e4ltigen Einarbeitung legen wir grossen Wert auf st\u00e4ndige F\u00f6rderung und Schulung jedes einzelnen.","og_url":"https:\/\/autokunz.ch\/it\/azienda\/apprendistato-e-stage\/","og_site_name":"Auto Kunz","article_publisher":"https:\/\/www.facebook.com\/AutoKunzAG","article_modified_time":"2019-09-18T12:15:43+00:00","og_image":[{"width":1536,"height":1025,"url":"https:\/\/autokunz.ch\/app\/uploads\/2019\/09\/1.4.4-Jobs.jpeg","type":"image\/jpeg"}],"twitter_card":"summary_large_image","twitter_site":"@autokunzag","twitter_misc":{"Est. reading time":"1 minute"},"schema":{"@context":"https:\/\/schema.org","@graph":[{"@type":"WebPage","@id":"https:\/\/autokunz.ch\/it\/azienda\/apprendistato-e-stage\/","url":"https:\/\/autokunz.ch\/it\/azienda\/apprendistato-e-stage\/","name":"Jobs bei Auto Kunz AG - Mit Engagement zum Ziel","isPartOf":{"@id":"https:\/\/autokunz.ch\/#website"},"primaryImageOfPage":{"@id":"https:\/\/autokunz.ch\/it\/azienda\/apprendistato-e-stage\/#primaryimage"},"image":{"@id":"https:\/\/autokunz.ch\/it\/azienda\/apprendistato-e-stage\/#primaryimage"},"thumbnailUrl":"https:\/\/autokunz.ch\/app\/uploads\/2019\/09\/1.4.4-Jobs.jpeg","datePublished":"2019-09-17T16:08:33+00:00","dateModified":"2019-09-18T12:15:43+00:00","description":"Auto Kunz schafft neue Jobs! Neben einer sorgf\u00e4ltigen Einarbeitung legen wir grossen Wert auf st\u00e4ndige F\u00f6rderung und Schulung jedes einzelnen.","breadcrumb":{"@id":"https:\/\/autokunz.ch\/it\/azienda\/apprendistato-e-stage\/#breadcrumb"},"inLanguage":"it-IT","potentialAction":[{"@type":"ReadAction","target":["https:\/\/autokunz.ch\/it\/azienda\/apprendistato-e-stage\/"]}]},{"@type":"ImageObject","inLanguage":"it-IT","@id":"https:\/\/autokunz.ch\/it\/azienda\/apprendistato-e-stage\/#primaryimage","url":"https:\/\/autokunz.ch\/app\/uploads\/2019\/09\/1.4.4-Jobs.jpeg","contentUrl":"https:\/\/autokunz.ch\/app\/uploads\/2019\/09\/1.4.4-Jobs.jpeg","width":1536,"height":1025,"caption":"Offerte di lavoro - Auto Kunz AG"},{"@type":"BreadcrumbList","@id":"https:\/\/autokunz.ch\/it\/azienda\/apprendistato-e-stage\/#breadcrumb","itemListElement":[{"@type":"ListItem","position":1,"name":"Home","item":"https:\/\/autokunz.ch\/it\/"},{"@type":"ListItem","position":2,"name":"Azienda","item":"https:\/\/autokunz.ch\/it\/azienda\/"},{"@type":"ListItem","position":3,"name":"Apprendistato e stage"}]},{"@type":"WebSite","@id":"https:\/\/autokunz.ch\/#website","url":"https:\/\/autokunz.ch\/","name":"Auto Kunz","description":"\u00dcber 500 Autos, die tiefsten Preise der Schweiz","publisher":{"@id":"https:\/\/autokunz.ch\/#organization"},"potentialAction":[{"@type":"SearchAction","target":{"@type":"EntryPoint","urlTemplate":"https:\/\/autokunz.ch\/?s={search_term_string}"},"query-input":{"@type":"PropertyValueSpecification","valueRequired":true,"valueName":"search_term_string"}}],"inLanguage":"it-IT"},{"@type":"Organization","@id":"https:\/\/autokunz.ch\/#organization","name":"Auto Kunz AG","url":"https:\/\/autokunz.ch\/","logo":{"@type":"ImageObject","inLanguage":"it-IT","@id":"https:\/\/autokunz.ch\/#\/schema\/logo\/image\/","url":"https:\/\/autokunz.ch\/app\/uploads\/2021\/07\/autokunz-ag-wohlen-logo.png","contentUrl":"https:\/\/autokunz.ch\/app\/uploads\/2021\/07\/autokunz-ag-wohlen-logo.png","width":530,"height":79,"caption":"Auto Kunz AG"},"image":{"@id":"https:\/\/autokunz.ch\/#\/schema\/logo\/image\/"},"sameAs":["https:\/\/www.facebook.com\/AutoKunzAG","https:\/\/x.com\/autokunzag","https:\/\/www.instagram.com\/autokunz.ch\/","https:\/\/www.linkedin.com\/company\/9463486?trk=tyah&amp;amp;amp;trkInfo=clickedVertical:company,idx:1-1-1,tarId:1434043483672,tas:auto kunz","https:\/\/www.pinterest.com\/autokunzag\/","https:\/\/www.youtube.com\/channel\/UCsS22A2abuuzGxbmhsPm-6g"]}]}},"_links":{"self":[{"href":"https:\/\/autokunz.ch\/it\/wp-json\/wp\/v2\/pages\/1491601","targetHints":{"allow":["GET"]}}],"collection":[{"href":"https:\/\/autokunz.ch\/it\/wp-json\/wp\/v2\/pages"}],"about":[{"href":"https:\/\/autokunz.ch\/it\/wp-json\/wp\/v2\/types\/page"}],"author":[{"embeddable":true,"href":"https:\/\/autokunz.ch\/it\/wp-json\/wp\/v2\/users\/4"}],"replies":[{"embeddable":true,"href":"https:\/\/autokunz.ch\/it\/wp-json\/wp\/v2\/comments?post=1491601"}],"version-history":[{"count":3,"href":"https:\/\/autokunz.ch\/it\/wp-json\/wp\/v2\/pages\/1491601\/revisions"}],"predecessor-version":[{"id":1493123,"href":"https:\/\/autokunz.ch\/it\/wp-json\/wp\/v2\/pages\/1491601\/revisions\/1493123"}],"up":[{"embeddable":true,"href":"https:\/\/autokunz.ch\/it\/wp-json\/wp\/v2\/pages\/54317"}],"wp:featuredmedia":[{"embeddable":true,"href":"https:\/\/autokunz.ch\/it\/wp-json\/wp\/v2\/media\/54525"}],"wp:attachment":[{"href":"https:\/\/autokunz.ch\/it\/wp-json\/wp\/v2\/media?parent=1491601"}],"curies":[{"name":"wp","href":"https:\/\/api.w.org\/{rel}","templated":true}]}}