{"id":1491654,"date":"2019-08-14T17:27:12","date_gmt":"2019-08-14T15:27:12","guid":{"rendered":"https:\/\/autokunz.ch\/azienda\/impressum\/"},"modified":"2023-09-22T09:34:25","modified_gmt":"2023-09-22T07:34:25","slug":"impressum","status":"publish","type":"page","link":"https:\/\/autokunz.ch\/it\/azienda\/impressum\/","title":{"rendered":"Impressum"},"content":{"rendered":"\n<div class=\"wp-block-columns has-2-columns is-layout-flex wp-container-core-columns-is-layout-9d6595d7 wp-block-columns-is-layout-flex\">\n<div class=\"wp-block-column is-layout-flow wp-block-column-is-layout-flow\">\n<h1 class=\"wp-block-heading\"><strong>Imprenditore\/Legale<\/strong><\/h1>\n\n\n\n<h3 class=\"wp-block-heading\">1. Chi siamo?<\/h3>\n\n\n\n<p>Garage Auto Kunz AG<br>Bremgarterstrasse 75<br>5610 Wohlen<br>info@autokunz.ch<br>+41 56 622 13 43<\/p>\n\n\n\n<h3 class=\"wp-block-heading\">2. Di cosa si tratta?<\/h3>\n\n\n\n<p>Queste sono le nostre condizioni d&#8217;uso e regolano l&#8217;accesso e l&#8217;utilizzo del nostro sito web.<br>Accedendo e utilizzando il nostro sito web, l&#8217;utente accetta le nostre condizioni d&#8217;uso e conferma che le rispetter\u00e0.<br>Pubblicheremo qualsiasi modifica apportata alle nostre Condizioni d&#8217;uso su questo sito web. Le attuali Condizioni d&#8217;uso sono datate 31 agosto 2023.<\/p>\n\n\n\n<h3 class=\"wp-block-heading\">3. Quando si crea una password per il proprio account<\/h3>\n\n\n\n<p>Questo sito web offre ai trader la possibilit\u00e0 di creare un account personale inserendo alcune informazioni. In questo caso, vi verr\u00e0 chiesto di scegliere un indirizzo e-mail e una password.<\/p>\n\n\n\n<p>L&#8217;utente \u00e8 l&#8217;unico responsabile del mantenimento della riservatezza della propria password. L&#8217;utente conferma di non utilizzare in alcun momento l&#8217;account, l&#8217;indirizzo e-mail o la password di un altro titolare di account e di non divulgare la propria password a terzi. L&#8217;utente accetta inoltre di informarci immediatamente se sospetta un uso non autorizzato del proprio account o della propria password.<\/p>\n\n\n\n<h3 class=\"wp-block-heading\">4. Diritti sui nostri contenuti &#8211; propriet\u00e0 intellettuale<\/h3>\n\n\n\n<p>Questo sito web e le informazioni, i testi, le immagini, le fotografie, i clip audio e video, i disegni, la grafica, i loghi, le icone, i nomi, i nomi dei prodotti e delle societ\u00e0 in esso contenuti, nonch\u00e9 tutto il software presente su questo sito web e tutti gli altri file, e la loro selezione e disposizione (&#8220;Contenuto del sito web&#8221;), sono protetti da diritti di propriet\u00e0 intellettuale, in particolare da diritti d&#8217;autore, di marchio e di design (&#8220;Diritti di propriet\u00e0 intellettuale&#8221;). Tali diritti di propriet\u00e0 intellettuale appartengono a noi o ai nostri licenziatari, tranne nel caso dei Contenuti dell&#8217;utente. Il Contenuto del sito web non pu\u00f2 essere modificato, copiato, distribuito, incorniciato, riprodotto, pubblicato, scaricato, visualizzato, inviato, trasmesso o venduto in qualsiasi forma o con qualsiasi mezzo, in tutto o in parte, senza il nostro previo consenso scritto; nel caso del Contenuto dell&#8217;utente, con il consenso del relativo utente. Inoltre, \u00e8 vietato copiare contenuti digitali di qualsiasi tipo in altri programmi senza la nostra previa autorizzazione scritta.<\/p>\n\n\n\n<p>A condizione che l&#8217;utente soddisfi i requisiti per l&#8217;utilizzo del Sito web, gli viene concessa una licenza, limitata nel tempo e nella portata come confermato, per accedere e fare un uso appropriato del Sito web e del Contenuto visualizzato su di esso, e per scaricare o stampare una copia del Contenuto, nei limiti del Contenuto pagabile e degli scopi e delle strutture consentite. Questa licenza \u00e8 soggetta alle Condizioni d&#8217;uso e non include l&#8217;uso di data mining, robot o strumenti simili di raccolta ed estrazione di dati. Fatta eccezione per il proprio Contenuto dell&#8217;utente, l&#8217;utente non pu\u00f2 caricare o ripubblicare alcun Contenuto di questo Sito web su alcun sito Internet, intranet o extranet o incorporarlo in qualsiasi altro database o compilazione.<\/p>\n\n\n\n<p>Qualsiasi altro uso del Contenuto del sito web \u00e8 severamente vietato. Qualsiasi uso del Sito o dei Contenuti del Sito, diverso da quello espressamente consentito nel presente documento, senza la nostra preventiva autorizzazione scritta \u00e8 severamente vietato e render\u00e0 nulla la licenza concessa con il presente documento. Qualsiasi uso non autorizzato pu\u00f2 inoltre violare le leggi in vigore, comprese le leggi sul copyright e sui marchi e le normative e gli statuti applicabili in materia di comunicazioni. Ad eccezione di quanto espressamente specificato nel presente documento, nulla di quanto contenuto nelle presenti Condizioni d&#8217;uso creer\u00e0 una licenza sui Diritti di propriet\u00e0 intellettuale.<\/p>\n\n\n\n<h3 class=\"wp-block-heading\">5. Esclusione di responsabilit\u00e0<\/h3>\n\n\n\n<p>Sebbene ci sforziamo di fornire informazioni accurate e aggiornate sul sito web, non forniamo alcun tipo di garanzia in merito ai contenuti forniti in quanto tali. In particolare, non garantiamo che l&#8217;uso del contenuto del sito web non violi i diritti di terzi.<\/p>\n\n\n\n<p>Inoltre, non ci assumiamo alcuna responsabilit\u00e0 e non saremo responsabili per eventuali danni o virus che possano infettare le apparecchiature informatiche o altre propriet\u00e0 dell&#8217;utente a causa dell&#8217;accesso, dell&#8217;uso o della navigazione nel sito web. Decliniamo inoltre ogni responsabilit\u00e0 per qualsiasi materiale, dato, testo, immagine, video o registrazione audio scaricati dal sito web.<\/p>\n\n\n\n<p>Ci riserviamo il diritto di sospendere o interrompere qualsiasi funzionalit\u00e0 di questo sito web in qualsiasi momento. Non ci assumiamo alcuna responsabilit\u00e0 per l&#8217;interruzione o la sospensione di una o di tutte le funzionalit\u00e0 di questo sito web, sia a causa di un&#8217;azione o di un&#8217;inazione da parte nostra o di terzi.<\/p>\n\n\n\n<p>Il contenuto del sito web pu\u00f2 contenere imprecisioni tecniche o errori tipografici. Ci riserviamo il diritto di apportare modifiche e\/o miglioramenti al contenuto in qualsiasi momento e senza preavviso.<\/p>\n\n\n\n<p>Non siamo responsabili dei siti di terzi che si collegano al nostro sito o ai quali questo sito si collega, n\u00e9 dei link pubblicati come contenuto degli utenti. Pertanto, decliniamo ogni responsabilit\u00e0, in particolare per quanto riguarda i contenuti, la funzionalit\u00e0, la sicurezza, il trattamento dei dati e la conformit\u00e0 legale.<\/p>\n\n\n\n<h3 class=\"wp-block-heading\">6. Manutenzione<\/h3>\n\n\n\n<p>Sebbene ci sforziamo di garantire la disponibilit\u00e0 del sito web 24 ore su 24, non ci assumiamo alcuna responsabilit\u00e0 nel caso in cui, per qualsiasi motivo, il sito non sia disponibile per un qualsiasi periodo di tempo.<\/p>\n\n\n\n<p>L&#8217;accesso al sito web pu\u00f2 essere sospeso temporaneamente e senza preavviso a causa di guasti al sistema, lavori di manutenzione o riparazione o per motivi che esulano dal nostro controllo.<\/p>\n\n\n\n<h3 class=\"wp-block-heading\">7. Varie<\/h3>\n\n\n\n<p>Per domande relative al trattamento dei vostri dati personali, consultate la nostra politica sulla privacy.<\/p>\n\n\n\n<p>Se una o pi\u00f9 disposizioni delle presenti Condizioni d&#8217;uso sono invalide o inapplicabili, la validit\u00e0, la legalit\u00e0 e l&#8217;applicabilit\u00e0 delle restanti disposizioni non saranno pregiudicate.<\/p>\n\n\n\n<p>Le Condizioni d&#8217;uso saranno disciplinate e interpretate in conformit\u00e0 con il diritto svizzero applicabile, senza tener conto di eventuali conflitti di leggi e della Convenzione delle Nazioni Unite sui contratti di vendita internazionale di beni (CISG). Nella misura consentita dalla legge, il tribunale competente presso la nostra sede attuale avr\u00e0 giurisdizione esclusiva su qualsiasi controversia relativa alle presenti Condizioni d&#8217;uso e all&#8217;uso del Sito web da parte dell&#8217;utente. Abbiamo il diritto di citare in giudizio un utente nel suo luogo di residenza.<\/p>\n<\/div>\n\n\n\n<div class=\"wp-block-column is-layout-flow wp-block-column-is-layout-flow\">\n<p><\/p>\n<\/div>\n<\/div>\n","protected":false},"excerpt":{"rendered":"<p>Imprenditore\/Legale 1. Chi siamo? Garage Auto Kunz AGBremgarterstrasse 755610 Wohleninfo@autokunz.ch+41 56 622 13 43 2. Di cosa si tratta? Queste sono le nostre condizioni d&#8217;uso e regolano l&#8217;accesso e l&#8217;utilizzo del nostro sito web.Accedendo e utilizzando il nostro sito web, l&#8217;utente accetta le nostre condizioni d&#8217;uso e conferma che le rispetter\u00e0.Pubblicheremo qualsiasi modifica apportata alle &hellip; <a class=\"text-button text-button--primary text-button--no-arrow\" href=\"https:\/\/autokunz.ch\/it\/azienda\/impressum\/\">continua<\/a><\/p>\n","protected":false},"author":2,"featured_media":0,"parent":54317,"menu_order":0,"comment_status":"closed","ping_status":"closed","template":"","meta":{"_acf_changed":false,"footnotes":""},"class_list":["post-1491654","page","type-page","status-publish","hentry"],"acf":[],"yoast_head":"<!-- This site is optimized with the Yoast SEO plugin v27.0 - https:\/\/yoast.com\/product\/yoast-seo-wordpress\/ -->\n<title>Impressum | Auto Kunz AG<\/title>\n<meta name=\"description\" content=\"Impressum - Auto Kunz AG einer der gr\u00f6ssten unabh\u00e4ngigen Autoimporteure der Schweiz. \u00dcber 500 Autos aller Marken zu den schweizweit tiefsten Preisen!\" \/>\n<meta name=\"robots\" content=\"index, follow, max-snippet:-1, max-image-preview:large, max-video-preview:-1\" \/>\n<link rel=\"canonical\" href=\"https:\/\/autokunz.ch\/it\/azienda\/impressum\/\" \/>\n<meta property=\"og:locale\" content=\"it_IT\" \/>\n<meta property=\"og:type\" content=\"article\" \/>\n<meta property=\"og:title\" content=\"Impressum | Auto Kunz AG\" \/>\n<meta property=\"og:description\" content=\"Impressum - Auto Kunz AG einer der gr\u00f6ssten unabh\u00e4ngigen Autoimporteure der Schweiz. \u00dcber 500 Autos aller Marken zu den schweizweit tiefsten Preisen!\" \/>\n<meta property=\"og:url\" content=\"https:\/\/autokunz.ch\/it\/azienda\/impressum\/\" \/>\n<meta property=\"og:site_name\" content=\"Auto Kunz\" \/>\n<meta property=\"article:publisher\" content=\"https:\/\/www.facebook.com\/AutoKunzAG\" \/>\n<meta property=\"article:modified_time\" content=\"2023-09-22T07:34:25+00:00\" \/>\n<meta name=\"twitter:card\" content=\"summary_large_image\" \/>\n<meta name=\"twitter:site\" content=\"@autokunzag\" \/>\n<meta name=\"twitter:label1\" content=\"Est. reading time\" \/>\n\t<meta name=\"twitter:data1\" content=\"6 minutes\" \/>\n<script type=\"application\/ld+json\" class=\"yoast-schema-graph\">{\"@context\":\"https:\/\/schema.org\",\"@graph\":[{\"@type\":\"WebPage\",\"@id\":\"https:\/\/autokunz.ch\/it\/azienda\/impressum\/\",\"url\":\"https:\/\/autokunz.ch\/it\/azienda\/impressum\/\",\"name\":\"Impressum | Auto Kunz AG\",\"isPartOf\":{\"@id\":\"https:\/\/autokunz.ch\/#website\"},\"datePublished\":\"2019-08-14T15:27:12+00:00\",\"dateModified\":\"2023-09-22T07:34:25+00:00\",\"description\":\"Impressum - Auto Kunz AG einer der gr\u00f6ssten unabh\u00e4ngigen Autoimporteure der Schweiz. \u00dcber 500 Autos aller Marken zu den schweizweit tiefsten Preisen!\",\"breadcrumb\":{\"@id\":\"https:\/\/autokunz.ch\/it\/azienda\/impressum\/#breadcrumb\"},\"inLanguage\":\"it-IT\",\"potentialAction\":[{\"@type\":\"ReadAction\",\"target\":[\"https:\/\/autokunz.ch\/it\/azienda\/impressum\/\"]}]},{\"@type\":\"BreadcrumbList\",\"@id\":\"https:\/\/autokunz.ch\/it\/azienda\/impressum\/#breadcrumb\",\"itemListElement\":[{\"@type\":\"ListItem\",\"position\":1,\"name\":\"Home\",\"item\":\"https:\/\/autokunz.ch\/it\/\"},{\"@type\":\"ListItem\",\"position\":2,\"name\":\"Azienda\",\"item\":\"https:\/\/autokunz.ch\/it\/azienda\/\"},{\"@type\":\"ListItem\",\"position\":3,\"name\":\"Impressum\"}]},{\"@type\":\"WebSite\",\"@id\":\"https:\/\/autokunz.ch\/#website\",\"url\":\"https:\/\/autokunz.ch\/\",\"name\":\"Auto Kunz\",\"description\":\"\u00dcber 500 Autos, die tiefsten Preise der Schweiz\",\"publisher\":{\"@id\":\"https:\/\/autokunz.ch\/#organization\"},\"potentialAction\":[{\"@type\":\"SearchAction\",\"target\":{\"@type\":\"EntryPoint\",\"urlTemplate\":\"https:\/\/autokunz.ch\/?s={search_term_string}\"},\"query-input\":{\"@type\":\"PropertyValueSpecification\",\"valueRequired\":true,\"valueName\":\"search_term_string\"}}],\"inLanguage\":\"it-IT\"},{\"@type\":\"Organization\",\"@id\":\"https:\/\/autokunz.ch\/#organization\",\"name\":\"Auto Kunz AG\",\"url\":\"https:\/\/autokunz.ch\/\",\"logo\":{\"@type\":\"ImageObject\",\"inLanguage\":\"it-IT\",\"@id\":\"https:\/\/autokunz.ch\/#\/schema\/logo\/image\/\",\"url\":\"https:\/\/autokunz.ch\/app\/uploads\/2021\/07\/autokunz-ag-wohlen-logo.png\",\"contentUrl\":\"https:\/\/autokunz.ch\/app\/uploads\/2021\/07\/autokunz-ag-wohlen-logo.png\",\"width\":530,\"height\":79,\"caption\":\"Auto Kunz AG\"},\"image\":{\"@id\":\"https:\/\/autokunz.ch\/#\/schema\/logo\/image\/\"},\"sameAs\":[\"https:\/\/www.facebook.com\/AutoKunzAG\",\"https:\/\/x.com\/autokunzag\",\"https:\/\/www.instagram.com\/autokunz.ch\/\",\"https:\/\/www.linkedin.com\/company\/9463486?trk=tyah&amp;amp;amp;trkInfo=clickedVertical:company,idx:1-1-1,tarId:1434043483672,tas:auto kunz\",\"https:\/\/www.pinterest.com\/autokunzag\/\",\"https:\/\/www.youtube.com\/channel\/UCsS22A2abuuzGxbmhsPm-6g\"]}]}<\/script>\n<!-- \/ Yoast SEO plugin. -->","yoast_head_json":{"title":"Impressum | Auto Kunz AG","description":"Impressum - Auto Kunz AG einer der gr\u00f6ssten unabh\u00e4ngigen Autoimporteure der Schweiz. \u00dcber 500 Autos aller Marken zu den schweizweit tiefsten Preisen!","robots":{"index":"index","follow":"follow","max-snippet":"max-snippet:-1","max-image-preview":"max-image-preview:large","max-video-preview":"max-video-preview:-1"},"canonical":"https:\/\/autokunz.ch\/it\/azienda\/impressum\/","og_locale":"it_IT","og_type":"article","og_title":"Impressum | Auto Kunz AG","og_description":"Impressum - Auto Kunz AG einer der gr\u00f6ssten unabh\u00e4ngigen Autoimporteure der Schweiz. \u00dcber 500 Autos aller Marken zu den schweizweit tiefsten Preisen!","og_url":"https:\/\/autokunz.ch\/it\/azienda\/impressum\/","og_site_name":"Auto Kunz","article_publisher":"https:\/\/www.facebook.com\/AutoKunzAG","article_modified_time":"2023-09-22T07:34:25+00:00","twitter_card":"summary_large_image","twitter_site":"@autokunzag","twitter_misc":{"Est. reading time":"6 minutes"},"schema":{"@context":"https:\/\/schema.org","@graph":[{"@type":"WebPage","@id":"https:\/\/autokunz.ch\/it\/azienda\/impressum\/","url":"https:\/\/autokunz.ch\/it\/azienda\/impressum\/","name":"Impressum | Auto Kunz AG","isPartOf":{"@id":"https:\/\/autokunz.ch\/#website"},"datePublished":"2019-08-14T15:27:12+00:00","dateModified":"2023-09-22T07:34:25+00:00","description":"Impressum - Auto Kunz AG einer der gr\u00f6ssten unabh\u00e4ngigen Autoimporteure der Schweiz. \u00dcber 500 Autos aller Marken zu den schweizweit tiefsten Preisen!","breadcrumb":{"@id":"https:\/\/autokunz.ch\/it\/azienda\/impressum\/#breadcrumb"},"inLanguage":"it-IT","potentialAction":[{"@type":"ReadAction","target":["https:\/\/autokunz.ch\/it\/azienda\/impressum\/"]}]},{"@type":"BreadcrumbList","@id":"https:\/\/autokunz.ch\/it\/azienda\/impressum\/#breadcrumb","itemListElement":[{"@type":"ListItem","position":1,"name":"Home","item":"https:\/\/autokunz.ch\/it\/"},{"@type":"ListItem","position":2,"name":"Azienda","item":"https:\/\/autokunz.ch\/it\/azienda\/"},{"@type":"ListItem","position":3,"name":"Impressum"}]},{"@type":"WebSite","@id":"https:\/\/autokunz.ch\/#website","url":"https:\/\/autokunz.ch\/","name":"Auto Kunz","description":"\u00dcber 500 Autos, die tiefsten Preise der Schweiz","publisher":{"@id":"https:\/\/autokunz.ch\/#organization"},"potentialAction":[{"@type":"SearchAction","target":{"@type":"EntryPoint","urlTemplate":"https:\/\/autokunz.ch\/?s={search_term_string}"},"query-input":{"@type":"PropertyValueSpecification","valueRequired":true,"valueName":"search_term_string"}}],"inLanguage":"it-IT"},{"@type":"Organization","@id":"https:\/\/autokunz.ch\/#organization","name":"Auto Kunz AG","url":"https:\/\/autokunz.ch\/","logo":{"@type":"ImageObject","inLanguage":"it-IT","@id":"https:\/\/autokunz.ch\/#\/schema\/logo\/image\/","url":"https:\/\/autokunz.ch\/app\/uploads\/2021\/07\/autokunz-ag-wohlen-logo.png","contentUrl":"https:\/\/autokunz.ch\/app\/uploads\/2021\/07\/autokunz-ag-wohlen-logo.png","width":530,"height":79,"caption":"Auto Kunz AG"},"image":{"@id":"https:\/\/autokunz.ch\/#\/schema\/logo\/image\/"},"sameAs":["https:\/\/www.facebook.com\/AutoKunzAG","https:\/\/x.com\/autokunzag","https:\/\/www.instagram.com\/autokunz.ch\/","https:\/\/www.linkedin.com\/company\/9463486?trk=tyah&amp;amp;amp;trkInfo=clickedVertical:company,idx:1-1-1,tarId:1434043483672,tas:auto kunz","https:\/\/www.pinterest.com\/autokunzag\/","https:\/\/www.youtube.com\/channel\/UCsS22A2abuuzGxbmhsPm-6g"]}]}},"_links":{"self":[{"href":"https:\/\/autokunz.ch\/it\/wp-json\/wp\/v2\/pages\/1491654","targetHints":{"allow":["GET"]}}],"collection":[{"href":"https:\/\/autokunz.ch\/it\/wp-json\/wp\/v2\/pages"}],"about":[{"href":"https:\/\/autokunz.ch\/it\/wp-json\/wp\/v2\/types\/page"}],"author":[{"embeddable":true,"href":"https:\/\/autokunz.ch\/it\/wp-json\/wp\/v2\/users\/2"}],"replies":[{"embeddable":true,"href":"https:\/\/autokunz.ch\/it\/wp-json\/wp\/v2\/comments?post=1491654"}],"version-history":[{"count":3,"href":"https:\/\/autokunz.ch\/it\/wp-json\/wp\/v2\/pages\/1491654\/revisions"}],"predecessor-version":[{"id":4445694,"href":"https:\/\/autokunz.ch\/it\/wp-json\/wp\/v2\/pages\/1491654\/revisions\/4445694"}],"up":[{"embeddable":true,"href":"https:\/\/autokunz.ch\/it\/wp-json\/wp\/v2\/pages\/54317"}],"wp:attachment":[{"href":"https:\/\/autokunz.ch\/it\/wp-json\/wp\/v2\/media?parent=1491654"}],"curies":[{"name":"wp","href":"https:\/\/api.w.org\/{rel}","templated":true}]}}