{"id":3953836,"date":"2023-04-21T09:07:37","date_gmt":"2023-04-21T07:07:37","guid":{"rendered":"https:\/\/autokunz.ch\/?page_id=3953836"},"modified":"2026-04-01T17:09:48","modified_gmt":"2026-04-01T15:09:48","slug":"engagements","status":"publish","type":"page","link":"https:\/\/autokunz.ch\/unternehmen\/engagements\/","title":{"rendered":"Engagements"},"content":{"rendered":"\n<div class=\"wp-block-columns has-2-columns is-layout-flex wp-container-core-columns-is-layout-9d6595d7 wp-block-columns-is-layout-flex\">\n<div class=\"wp-block-column is-layout-flow wp-block-column-is-layout-flow\">\n<h2 class=\"wp-block-heading\">Sponsoring<\/h2>\n\n\n\n<h3 class=\"wp-block-heading\" id=\"leistungen\">Wir engagieren uns f\u00fcr Kultur und Sport<\/h3>\n\n\n\n<p>Autos liegen uns am Herzen. Ein Leben ohne Mobilit\u00e4t, sei es f\u00fcr Bildung, Beruf oder Freizeitgestaltung ist undenkbar. Wir unterst\u00fctzen Firmen und Organisationen im kulturellen oder sportlichen Bereich um die Schweiz ein bisschen sch\u00f6ner zu machen.<\/p>\n<\/div>\n<\/div>\n\n\n\n<hr class=\"wp-block-separator has-css-opacity is-style-wide\"\/>\n\n\n\n<div class=\"wp-block-columns has-2-columns is-layout-flex wp-container-core-columns-is-layout-9d6595d7 wp-block-columns-is-layout-flex\">\n<div class=\"wp-block-column is-layout-flow wp-block-column-is-layout-flow\">\n<h5 class=\"wp-block-heading\">Schwimmclub Region Bremgarten<\/h5>\n\n\n\n<p>Schwimmen hat entscheidende Vorteile gegen\u00fcber anderen Sportarten. Allem voran ist es eine gelenkschonende Bewegung, die in jedem Alter durchgef\u00fchrt werden kann.<\/p>\n\n\n\n<p>Wir unterst\u00fctzen den Schwimmclub Region Bremgarten, insbesondere sind wir Partner des legend\u00e4ren AUTO KUNZ Piranha Cup, welcher jeweils Anfang September stattfindet. Dabei messen sich rund 200 Kinder und Jugendliche in \u00fcber 770 Einzelstarts in den Disziplinen Brust, R\u00fccken, Kraul und Delphin sowie in&nbsp;23 Staffelwettk\u00e4mpfen.<\/p>\n\n\n\n<div class=\"wp-block-buttons is-layout-flex wp-block-buttons-is-layout-flex\">\n<div class=\"wp-block-button is-style-button--text-primary\"><a class=\"wp-block-button__link wp-element-button\" href=\"https:\/\/www.scrb.ch\/willkommen\" target=\"_blank\" rel=\"noreferrer noopener\">Schwimmclub Bremgarten<\/a><\/div>\n<\/div>\n<\/div>\n\n\n\n<div class=\"wp-block-column is-layout-flow wp-block-column-is-layout-flow\">\n<figure class=\"wp-block-image size-full\"><img decoding=\"async\" width=\"1024\" height=\"955\" src=\"https:\/\/autokunz.ch\/app\/uploads\/2023\/04\/SCRB.jpg\" alt=\"\" class=\"wp-image-4112508\" srcset=\"https:\/\/autokunz.ch\/app\/uploads\/2023\/04\/SCRB.jpg 1024w, https:\/\/autokunz.ch\/app\/uploads\/2023\/04\/SCRB-379x353.jpg 379w, https:\/\/autokunz.ch\/app\/uploads\/2023\/04\/SCRB-768x716.jpg 768w\" sizes=\"(max-width: 1024px) 100vw, 1024px\" \/><\/figure>\n<\/div>\n<\/div>\n\n\n\n<hr class=\"wp-block-separator has-css-opacity is-style-wide\"\/>\n\n\n\n<div class=\"wp-block-columns has-2-columns is-layout-flex wp-container-core-columns-is-layout-9d6595d7 wp-block-columns-is-layout-flex\">\n<div class=\"wp-block-column is-layout-flow wp-block-column-is-layout-flow\">\n<figure class=\"wp-block-image size-large\"><img decoding=\"async\" width=\"1920\" height=\"1440\" src=\"https:\/\/autokunz.ch\/app\/uploads\/2025\/07\/2-1-edited.jpg\" alt=\"\" class=\"wp-image-5543939\" srcset=\"https:\/\/autokunz.ch\/app\/uploads\/2025\/07\/2-1-edited.jpg 1920w, https:\/\/autokunz.ch\/app\/uploads\/2025\/07\/2-1-edited-471x353.jpg 471w, https:\/\/autokunz.ch\/app\/uploads\/2025\/07\/2-1-edited-1366x1024.jpg 1366w, https:\/\/autokunz.ch\/app\/uploads\/2025\/07\/2-1-edited-768x576.jpg 768w, https:\/\/autokunz.ch\/app\/uploads\/2025\/07\/2-1-edited-1536x1152.jpg 1536w\" sizes=\"(max-width: 1920px) 100vw, 1920px\" \/><\/figure>\n<\/div>\n\n\n\n<div class=\"wp-block-column is-layout-flow wp-block-column-is-layout-flow\">\n<h5 class=\"wp-block-heading\"><strong><strong><strong>Fahrzeugpartner von Padel &amp; Sports Villmergen<\/strong><\/strong><\/strong><\/h5>\n\n\n\n<p>Padel &amp; Sports bietet f\u00fcnf Padel Courts, zwei Mini-Fussballfelder und ein Unihockey-Feld. Padel ist eine Racket-Sportart, die Elemente aus Tennis und Squash kombiniert. Im Gegensatz zum Tennis wird Padel jedoch auf einem kleineren Feld mit niedrigeren Netzen und W\u00e4nden gespielt und immer im Doppel ausgetragen.<\/p>\n\n\n\n<p>Wir unterst\u00fctzen Padel &amp; Sports in Villmergen als Fahrzeug- und Mobilit\u00e4tspartner. Wer einen Platz bucht, kann eines unserer Fahrzeuge bewundern und sich nach dem Sport inspirieren lassen.<\/p>\n\n\n\n<p><a href=\"https:\/\/padelandsports.ch\/\" target=\"_blank\" rel=\"noreferrer noopener\">Padel &amp; Sports<\/a><br><br><\/p>\n<\/div>\n<\/div>\n\n\n\n<hr class=\"wp-block-separator has-alpha-channel-opacity\"\/>\n\n\n\n<div class=\"wp-block-columns is-layout-flex wp-container-core-columns-is-layout-9d6595d7 wp-block-columns-is-layout-flex\">\n<div class=\"wp-block-column is-layout-flow wp-block-column-is-layout-flow\">\n<h5 class=\"wp-block-heading\"><strong>Partnerschaft mit Dominik Altorfer<\/strong><\/h5>\n\n\n\n<p>Auto Kunz unterst\u00fctzt bekanntlich Talente mit Leidenschaft, auf der Strasse sowie auch in der K\u00fcche. <\/p>\n\n\n\n<p>Wir sind sehr stolz auf unsere Partnerschaft mit Starkoch <strong>Dominik Altorfer<\/strong>, der mit ganz viel Kreativit\u00e4t, Pr\u00e4zision und Hingabe nicht nur kulinarisch begeistert, sondern auch unsere Werte teilt.<\/p>\n\n\n\n<p>Ob auf Events, in gemeinsamen Projekten oder durch inspirierende Kooperationen: Zusammen zeigen wir, wie aus Qualit\u00e4t, Innovation und Leidenschaft echte Erlebnisse werden.<\/p>\n\n\n\n<p><a href=\"https:\/\/genusstour.ch\/blog\/ichbesuchegerne\/dominik-altorfer\" target=\"_blank\" rel=\"noreferrer noopener nofollow\">Mehr \u00fcber Dominik Altofer<\/a><\/p>\n<\/div>\n\n\n\n<div class=\"wp-block-column is-layout-flow wp-block-column-is-layout-flow\">\n<figure class=\"wp-block-image size-large\"><img decoding=\"async\" width=\"1366\" height=\"911\" src=\"https:\/\/autokunz.ch\/app\/uploads\/2025\/07\/Shooting-Meta-1366x911.jpg\" alt=\"\" class=\"wp-image-5543931\" srcset=\"https:\/\/autokunz.ch\/app\/uploads\/2025\/07\/Shooting-Meta-1366x911.jpg 1366w, https:\/\/autokunz.ch\/app\/uploads\/2025\/07\/Shooting-Meta-530x353.jpg 530w, https:\/\/autokunz.ch\/app\/uploads\/2025\/07\/Shooting-Meta-297x197.jpg 297w, https:\/\/autokunz.ch\/app\/uploads\/2025\/07\/Shooting-Meta-768x512.jpg 768w, https:\/\/autokunz.ch\/app\/uploads\/2025\/07\/Shooting-Meta-1536x1024.jpg 1536w, https:\/\/autokunz.ch\/app\/uploads\/2025\/07\/Shooting-Meta.jpg 1920w\" sizes=\"(max-width: 1366px) 100vw, 1366px\" \/><\/figure>\n<\/div>\n<\/div>\n\n\n\n<hr class=\"wp-block-separator has-alpha-channel-opacity\"\/>\n\n\n\n<div class=\"wp-block-media-text is-stacked-on-mobile is-vertically-aligned-top\"><figure class=\"wp-block-media-text__media\"><img decoding=\"async\" width=\"1366\" height=\"969\" src=\"https:\/\/autokunz.ch\/app\/uploads\/2025\/09\/Design-ohne-Titel-8-1366x969.jpg\" alt=\"\" class=\"wp-image-5667657 size-full\" srcset=\"https:\/\/autokunz.ch\/app\/uploads\/2025\/09\/Design-ohne-Titel-8-1366x969.jpg 1366w, https:\/\/autokunz.ch\/app\/uploads\/2025\/09\/Design-ohne-Titel-8-498x353.jpg 498w, https:\/\/autokunz.ch\/app\/uploads\/2025\/09\/Design-ohne-Titel-8-768x545.jpg 768w, https:\/\/autokunz.ch\/app\/uploads\/2025\/09\/Design-ohne-Titel-8-1536x1090.jpg 1536w, https:\/\/autokunz.ch\/app\/uploads\/2025\/09\/Design-ohne-Titel-8.jpg 1748w\" sizes=\"(max-width: 1366px) 100vw, 1366px\" \/><\/figure><div class=\"wp-block-media-text__content\">\n<p><\/p>\n\n\n\n<h5>Martina Moser &#8211; unterwegs im Zeichen des Frauenfussballs<\/h5>\n\n\n\n<p>Wir freuen uns sehr, unsere Partnerschaft mit Martina Moser auch sichtbar auf die Strasse zu bringen.<\/p>\n\n\n\n<p>Mit dem gebrandeten Auto von Auto Kunz ist sie immer sportlich und zuverl\u00e4ssig unterwegs. Das Fahrzeug tr\u00e4gt neben dem Auto Kunz Logo auch den Namen der langj\u00e4hrigen Nationalspielerin und symbolisiert die gemeinsame Botschaft: \u00abMehr Sichtbarkeit f\u00fcr den Frauenfussball in der Schweiz.\u00bb <br><br>Mit dieser Kooperation unterstreicht Auto Kunz sein Engagement und Interesse f\u00fcr den Sport. Unterwegs im Einsatz f\u00fcr den Frauenfussball.<\/p>\n<\/div><\/div>\n\n\n\n<hr class=\"wp-block-separator has-alpha-channel-opacity\"\/>\n\n\n\n<div class=\"wp-block-media-text has-media-on-the-right is-stacked-on-mobile is-vertically-aligned-top\" style=\"grid-template-columns:auto 49%\"><div class=\"wp-block-media-text__content\">\n<p><\/p>\n\n\n\n<h5><strong>Tim M\u00e4der \u2013 Vollgas f\u00fcr den Motocross-Sport<\/strong><\/h5>\n\n\n\n<p>Auto Kunz geht eine neue Partnerschaft mit Motocross-Fahrer Tim M\u00e4der ein.<\/p>\n\n\n\n<p>Sein gebrandetes Bike zeigt auf jeder Strecke sportliche Leistung, Geschwindigkeit und Zuverl\u00e4ssigkeit und tr\u00e4gt dabei das Logo von Auto Kunz. Die Kooperation steht f\u00fcr die gemeinsame Botschaft: Leidenschaft, Leistung und gezielte F\u00f6rderung junger Talente.<\/p>\n\n\n\n<p>Mit dieser Zusammenarbeit unterst\u00fctzt Auto Kunz gezielt Athleten wie Tim M\u00e4der auf ihrem Weg zu H\u00f6chstleistungen und unterstreicht so sein Engagement im Schweizer Motorsport.<\/p>\n<\/div><figure class=\"wp-block-media-text__media\"><img decoding=\"async\" width=\"1366\" height=\"911\" src=\"https:\/\/autokunz.ch\/app\/uploads\/2026\/03\/DSC00537-1366x911.jpg\" alt=\"\" class=\"wp-image-6095599 size-full\" srcset=\"https:\/\/autokunz.ch\/app\/uploads\/2026\/03\/DSC00537-1366x911.jpg 1366w, https:\/\/autokunz.ch\/app\/uploads\/2026\/03\/DSC00537-530x353.jpg 530w, https:\/\/autokunz.ch\/app\/uploads\/2026\/03\/DSC00537-297x197.jpg 297w, https:\/\/autokunz.ch\/app\/uploads\/2026\/03\/DSC00537-768x512.jpg 768w, https:\/\/autokunz.ch\/app\/uploads\/2026\/03\/DSC00537-1536x1024.jpg 1536w, https:\/\/autokunz.ch\/app\/uploads\/2026\/03\/DSC00537.jpg 1920w\" sizes=\"(max-width: 1366px) 100vw, 1366px\" \/><\/figure><\/div>\n\n\n\n<hr class=\"wp-block-separator has-alpha-channel-opacity\"\/>\n\n\n\n<div class=\"wp-block-columns has-2-columns is-layout-flex wp-container-core-columns-is-layout-9d6595d7 wp-block-columns-is-layout-flex\">\n<div class=\"wp-block-column is-layout-flow wp-block-column-is-layout-flow\">\n<figure class=\"wp-block-image size-full\"><img decoding=\"async\" width=\"361\" height=\"509\" src=\"https:\/\/autokunz.ch\/app\/uploads\/2024\/04\/Bonura-Sports.jpg\" alt=\"Engagements - Auto Kunz AG mit den schweizweit tiefsten Preisen 4\" class=\"wp-image-4793495\" srcset=\"https:\/\/autokunz.ch\/app\/uploads\/2024\/04\/Bonura-Sports.jpg 361w, https:\/\/autokunz.ch\/app\/uploads\/2024\/04\/Bonura-Sports-250x353.jpg 250w\" sizes=\"(max-width: 361px) 100vw, 361px\" \/><\/figure>\n\n\n\n<h5 class=\"wp-block-heading\"><\/h5>\n<\/div>\n\n\n\n<div class=\"wp-block-column is-layout-flow wp-block-column-is-layout-flow\">\n<h5 class=\"wp-block-heading\"><strong><strong><strong>Zusammenarbeit mit Bonacura Sports<\/strong><\/strong><\/strong><\/h5>\n\n\n\n<p>Als Hauptsponsor von Bonacura Sport freuen wir uns, den j\u00e4hrlich stattfindenden <strong>Auto Kunz Cup<\/strong> zu pr\u00e4sentieren. Bei Auto Kunz AG teilen wir die Leidenschaft f\u00fcr Sport und unterst\u00fctzen gerne Veranstaltungen, die Menschen zusammenbringen und f\u00fcr unvergessliche Erlebnisse sorgen.<\/p>\n\n\n\n<p>Wir sind stolz darauf, Teil dieses sportlichen Ereignisses zu sein und freuen uns darauf, Kinder, Jugendliche und Familien bei diesem Fussballturnier zu sehen.<br><br>Verpassen Sie nicht die Gelegenheit, an diesem spannenden Event teilzunehmen und erleben Sie gemeinsam mit uns die Faszination des Fussballs. The beautiful game.<\/p>\n\n\n\n<p><a href=\"https:\/\/www.bonacura-sports.ch\/\" target=\"_blank\" rel=\"noreferrer noopener\">www.bonacura-sports.ch\/<\/a><\/p>\n<\/div>\n<\/div>\n\n\n\n<hr class=\"wp-block-separator has-alpha-channel-opacity\"\/>\n\n\n\n<div class=\"wp-block-columns is-layout-flex wp-container-core-columns-is-layout-9d6595d7 wp-block-columns-is-layout-flex\">\n<div class=\"wp-block-column is-layout-flow wp-block-column-is-layout-flow\">\n<h5 class=\"wp-block-heading\"><strong>GP Mutschellen<\/strong>, Pfingstlauf Wohlen, FC Wohlen<\/h5>\n\n\n\n<p>Jedes Jahr findet der traditionsreiche&nbsp;<strong>GP Mutschellen<\/strong>&nbsp;statt. Autos diverser Kategorien \u00fcber fahren gem\u00fctlich oder rasend schnell \u00fcber den Muttschellen. Wir unterst\u00fctzen die Organisatoren mit einem kleinen Beitrag im Programmheft.<\/p>\n\n\n\n<p>Ende Mai geht es in Wohlen sportlich zu und her. L\u00e4uferinnen und L\u00e4ufer schnellen sie die Turnschuhe f\u00fcr eine 3,9 oder 10 km lange Strecke von Wohlen nach Anglikon. Auch den&nbsp;<strong>Pfingtslauf&nbsp;<\/strong>unterst\u00fctzen wir mit einem kleinen Beitrag im Programmheft.<\/p>\n\n\n\n<p>Gekickt wird auch, der&nbsp;<strong>FC Wohlen<\/strong>&nbsp;tritt mit unserem Logo auf den gesponserten Shirts an und schiesst das Runde ins Eckige.<\/p>\n<\/div>\n\n\n\n<div class=\"wp-block-column is-layout-flow wp-block-column-is-layout-flow\">\n<figure class=\"wp-block-image size-large\"><img decoding=\"async\" width=\"1366\" height=\"1024\" src=\"https:\/\/autokunz.ch\/app\/uploads\/2023\/04\/DIVERSE-ENGEGAMENTS-1366x1024.jpg\" alt=\"Engagements - Auto Kunz AG mit den schweizweit tiefsten Preisen 1\" class=\"wp-image-4112513\" srcset=\"https:\/\/autokunz.ch\/app\/uploads\/2023\/04\/DIVERSE-ENGEGAMENTS-1366x1024.jpg 1366w, https:\/\/autokunz.ch\/app\/uploads\/2023\/04\/DIVERSE-ENGEGAMENTS-471x353.jpg 471w, https:\/\/autokunz.ch\/app\/uploads\/2023\/04\/DIVERSE-ENGEGAMENTS-768x576.jpg 768w, https:\/\/autokunz.ch\/app\/uploads\/2023\/04\/DIVERSE-ENGEGAMENTS-1536x1152.jpg 1536w, https:\/\/autokunz.ch\/app\/uploads\/2023\/04\/DIVERSE-ENGEGAMENTS.jpg 1600w\" sizes=\"(max-width: 1366px) 100vw, 1366px\" \/><\/figure>\n<\/div>\n<\/div>\n\n\n\n<hr class=\"wp-block-separator has-alpha-channel-opacity\"\/>\n\n\n\n<div class=\"wp-block-columns has-2-columns is-layout-flex wp-container-core-columns-is-layout-9d6595d7 wp-block-columns-is-layout-flex\">\n<div class=\"wp-block-column is-layout-flow wp-block-column-is-layout-flow\">\n<h5 class=\"wp-block-heading\">Sollen wir Ihren Anlass oder Ihre Organisation unterst\u00fctzen?<\/h5>\n\n\n\n<p>F\u00fcr weitere Ausk\u00fcnfte steht Ihnen unsere Marketingabteilung gerne zur Verf\u00fcgung: marketing@autokunz.ch<\/p>\n\n\n\n<p><\/p>\n\n\n\n<p><\/p>\n<\/div>\n\n\n\n<div class=\"wp-block-column is-layout-flow wp-block-column-is-layout-flow\"><\/div>\n<\/div>\n","protected":false},"excerpt":{"rendered":"<p>Sponsoring Wir engagieren uns f\u00fcr Kultur und Sport Autos liegen uns am Herzen. Ein Leben ohne Mobilit\u00e4t, sei es f\u00fcr Bildung, Beruf oder Freizeitgestaltung ist undenkbar. Wir unterst\u00fctzen Firmen und Organisationen im kulturellen oder sportlichen Bereich um die Schweiz ein bisschen sch\u00f6ner zu machen. Schwimmclub Region Bremgarten Schwimmen hat entscheidende Vorteile gegen\u00fcber anderen Sportarten. Allem &hellip; <a class=\"text-button text-button--primary text-button--no-arrow\" href=\"https:\/\/autokunz.ch\/unternehmen\/engagements\/\">continua<\/a><\/p>\n","protected":false},"author":2,"featured_media":3953841,"parent":31,"menu_order":0,"comment_status":"closed","ping_status":"closed","template":"","meta":{"_acf_changed":false,"footnotes":"[]"},"class_list":["post-3953836","page","type-page","status-publish","has-post-thumbnail","hentry"],"acf":[],"yoast_head":"<!-- This site is optimized with the Yoast SEO plugin v27.0 - https:\/\/yoast.com\/product\/yoast-seo-wordpress\/ -->\n<title>Kultur und Sport<\/title>\n<meta name=\"description\" content=\"Wir unterst\u00fctzen Firmen und Organisationen im kulturellen oder sportlichen Bereich um die Schweiz ein bisschen sch\u00f6ner zu machen.\" \/>\n<meta name=\"robots\" content=\"index, follow, max-snippet:-1, max-image-preview:large, max-video-preview:-1\" \/>\n<link rel=\"canonical\" href=\"https:\/\/autokunz.ch\/unternehmen\/engagements\/\" \/>\n<meta property=\"og:locale\" content=\"it_IT\" \/>\n<meta property=\"og:type\" content=\"article\" \/>\n<meta property=\"og:title\" content=\"Kultur und Sport\" \/>\n<meta property=\"og:description\" content=\"Wir unterst\u00fctzen Firmen und Organisationen im kulturellen oder sportlichen Bereich um die Schweiz ein bisschen sch\u00f6ner zu machen.\" \/>\n<meta property=\"og:url\" content=\"https:\/\/autokunz.ch\/unternehmen\/engagements\/\" \/>\n<meta property=\"og:site_name\" content=\"Auto Kunz\" \/>\n<meta property=\"article:publisher\" content=\"https:\/\/www.facebook.com\/AutoKunzAG\" \/>\n<meta property=\"article:modified_time\" content=\"2026-04-01T15:09:48+00:00\" \/>\n<meta property=\"og:image\" content=\"https:\/\/autokunz.ch\/app\/uploads\/2023\/02\/werkstatt-auto-kunz-ag.jpg\" \/>\n\t<meta property=\"og:image:width\" content=\"1920\" \/>\n\t<meta property=\"og:image:height\" content=\"1440\" \/>\n\t<meta property=\"og:image:type\" content=\"image\/jpeg\" \/>\n<meta name=\"twitter:card\" content=\"summary_large_image\" \/>\n<meta name=\"twitter:site\" content=\"@autokunzag\" \/>\n<meta name=\"twitter:label1\" content=\"Est. reading time\" \/>\n\t<meta name=\"twitter:data1\" content=\"6 minutes\" \/>\n<script type=\"application\/ld+json\" class=\"yoast-schema-graph\">{\"@context\":\"https:\/\/schema.org\",\"@graph\":[{\"@type\":\"WebPage\",\"@id\":\"https:\/\/autokunz.ch\/unternehmen\/engagements\/\",\"url\":\"https:\/\/autokunz.ch\/unternehmen\/engagements\/\",\"name\":\"Kultur und Sport\",\"isPartOf\":{\"@id\":\"https:\/\/autokunz.ch\/#website\"},\"primaryImageOfPage\":{\"@id\":\"https:\/\/autokunz.ch\/unternehmen\/engagements\/#primaryimage\"},\"image\":{\"@id\":\"https:\/\/autokunz.ch\/unternehmen\/engagements\/#primaryimage\"},\"thumbnailUrl\":\"https:\/\/autokunz.ch\/app\/uploads\/2023\/02\/werkstatt-auto-kunz-ag.jpg\",\"datePublished\":\"2023-04-21T07:07:37+00:00\",\"dateModified\":\"2026-04-01T15:09:48+00:00\",\"description\":\"Wir unterst\u00fctzen Firmen und Organisationen im kulturellen oder sportlichen Bereich um die Schweiz ein bisschen sch\u00f6ner zu machen.\",\"breadcrumb\":{\"@id\":\"https:\/\/autokunz.ch\/unternehmen\/engagements\/#breadcrumb\"},\"inLanguage\":\"it-IT\",\"potentialAction\":[{\"@type\":\"ReadAction\",\"target\":[\"https:\/\/autokunz.ch\/unternehmen\/engagements\/\"]}]},{\"@type\":\"ImageObject\",\"inLanguage\":\"it-IT\",\"@id\":\"https:\/\/autokunz.ch\/unternehmen\/engagements\/#primaryimage\",\"url\":\"https:\/\/autokunz.ch\/app\/uploads\/2023\/02\/werkstatt-auto-kunz-ag.jpg\",\"contentUrl\":\"https:\/\/autokunz.ch\/app\/uploads\/2023\/02\/werkstatt-auto-kunz-ag.jpg\",\"width\":1920,\"height\":1440,\"caption\":\"Verh\u00fclltes Auto\"},{\"@type\":\"BreadcrumbList\",\"@id\":\"https:\/\/autokunz.ch\/unternehmen\/engagements\/#breadcrumb\",\"itemListElement\":[{\"@type\":\"ListItem\",\"position\":1,\"name\":\"Home\",\"item\":\"https:\/\/autokunz.ch\/it\/\"},{\"@type\":\"ListItem\",\"position\":2,\"name\":\"Unternehmen\",\"item\":\"https:\/\/autokunz.ch\/unternehmen\/\"},{\"@type\":\"ListItem\",\"position\":3,\"name\":\"Engagements\"}]},{\"@type\":\"WebSite\",\"@id\":\"https:\/\/autokunz.ch\/#website\",\"url\":\"https:\/\/autokunz.ch\/\",\"name\":\"Auto Kunz\",\"description\":\"\u00dcber 500 Autos, die tiefsten Preise der Schweiz\",\"publisher\":{\"@id\":\"https:\/\/autokunz.ch\/#organization\"},\"potentialAction\":[{\"@type\":\"SearchAction\",\"target\":{\"@type\":\"EntryPoint\",\"urlTemplate\":\"https:\/\/autokunz.ch\/?s={search_term_string}\"},\"query-input\":{\"@type\":\"PropertyValueSpecification\",\"valueRequired\":true,\"valueName\":\"search_term_string\"}}],\"inLanguage\":\"it-IT\"},{\"@type\":\"Organization\",\"@id\":\"https:\/\/autokunz.ch\/#organization\",\"name\":\"Auto Kunz AG\",\"url\":\"https:\/\/autokunz.ch\/\",\"logo\":{\"@type\":\"ImageObject\",\"inLanguage\":\"it-IT\",\"@id\":\"https:\/\/autokunz.ch\/#\/schema\/logo\/image\/\",\"url\":\"https:\/\/autokunz.ch\/app\/uploads\/2021\/07\/autokunz-ag-wohlen-logo.png\",\"contentUrl\":\"https:\/\/autokunz.ch\/app\/uploads\/2021\/07\/autokunz-ag-wohlen-logo.png\",\"width\":530,\"height\":79,\"caption\":\"Auto Kunz AG\"},\"image\":{\"@id\":\"https:\/\/autokunz.ch\/#\/schema\/logo\/image\/\"},\"sameAs\":[\"https:\/\/www.facebook.com\/AutoKunzAG\",\"https:\/\/x.com\/autokunzag\",\"https:\/\/www.instagram.com\/autokunz.ch\/\",\"https:\/\/www.linkedin.com\/company\/9463486?trk=tyah&amp;amp;amp;trkInfo=clickedVertical:company,idx:1-1-1,tarId:1434043483672,tas:auto kunz\",\"https:\/\/www.pinterest.com\/autokunzag\/\",\"https:\/\/www.youtube.com\/channel\/UCsS22A2abuuzGxbmhsPm-6g\"]}]}<\/script>\n<!-- \/ Yoast SEO plugin. -->","yoast_head_json":{"title":"Kultur und Sport","description":"Wir unterst\u00fctzen Firmen und Organisationen im kulturellen oder sportlichen Bereich um die Schweiz ein bisschen sch\u00f6ner zu machen.","robots":{"index":"index","follow":"follow","max-snippet":"max-snippet:-1","max-image-preview":"max-image-preview:large","max-video-preview":"max-video-preview:-1"},"canonical":"https:\/\/autokunz.ch\/unternehmen\/engagements\/","og_locale":"it_IT","og_type":"article","og_title":"Kultur und Sport","og_description":"Wir unterst\u00fctzen Firmen und Organisationen im kulturellen oder sportlichen Bereich um die Schweiz ein bisschen sch\u00f6ner zu machen.","og_url":"https:\/\/autokunz.ch\/unternehmen\/engagements\/","og_site_name":"Auto Kunz","article_publisher":"https:\/\/www.facebook.com\/AutoKunzAG","article_modified_time":"2026-04-01T15:09:48+00:00","og_image":[{"width":1920,"height":1440,"url":"https:\/\/autokunz.ch\/app\/uploads\/2023\/02\/werkstatt-auto-kunz-ag.jpg","type":"image\/jpeg"}],"twitter_card":"summary_large_image","twitter_site":"@autokunzag","twitter_misc":{"Est. reading time":"6 minutes"},"schema":{"@context":"https:\/\/schema.org","@graph":[{"@type":"WebPage","@id":"https:\/\/autokunz.ch\/unternehmen\/engagements\/","url":"https:\/\/autokunz.ch\/unternehmen\/engagements\/","name":"Kultur und Sport","isPartOf":{"@id":"https:\/\/autokunz.ch\/#website"},"primaryImageOfPage":{"@id":"https:\/\/autokunz.ch\/unternehmen\/engagements\/#primaryimage"},"image":{"@id":"https:\/\/autokunz.ch\/unternehmen\/engagements\/#primaryimage"},"thumbnailUrl":"https:\/\/autokunz.ch\/app\/uploads\/2023\/02\/werkstatt-auto-kunz-ag.jpg","datePublished":"2023-04-21T07:07:37+00:00","dateModified":"2026-04-01T15:09:48+00:00","description":"Wir unterst\u00fctzen Firmen und Organisationen im kulturellen oder sportlichen Bereich um die Schweiz ein bisschen sch\u00f6ner zu machen.","breadcrumb":{"@id":"https:\/\/autokunz.ch\/unternehmen\/engagements\/#breadcrumb"},"inLanguage":"it-IT","potentialAction":[{"@type":"ReadAction","target":["https:\/\/autokunz.ch\/unternehmen\/engagements\/"]}]},{"@type":"ImageObject","inLanguage":"it-IT","@id":"https:\/\/autokunz.ch\/unternehmen\/engagements\/#primaryimage","url":"https:\/\/autokunz.ch\/app\/uploads\/2023\/02\/werkstatt-auto-kunz-ag.jpg","contentUrl":"https:\/\/autokunz.ch\/app\/uploads\/2023\/02\/werkstatt-auto-kunz-ag.jpg","width":1920,"height":1440,"caption":"Verh\u00fclltes Auto"},{"@type":"BreadcrumbList","@id":"https:\/\/autokunz.ch\/unternehmen\/engagements\/#breadcrumb","itemListElement":[{"@type":"ListItem","position":1,"name":"Home","item":"https:\/\/autokunz.ch\/it\/"},{"@type":"ListItem","position":2,"name":"Unternehmen","item":"https:\/\/autokunz.ch\/unternehmen\/"},{"@type":"ListItem","position":3,"name":"Engagements"}]},{"@type":"WebSite","@id":"https:\/\/autokunz.ch\/#website","url":"https:\/\/autokunz.ch\/","name":"Auto Kunz","description":"\u00dcber 500 Autos, die tiefsten Preise der Schweiz","publisher":{"@id":"https:\/\/autokunz.ch\/#organization"},"potentialAction":[{"@type":"SearchAction","target":{"@type":"EntryPoint","urlTemplate":"https:\/\/autokunz.ch\/?s={search_term_string}"},"query-input":{"@type":"PropertyValueSpecification","valueRequired":true,"valueName":"search_term_string"}}],"inLanguage":"it-IT"},{"@type":"Organization","@id":"https:\/\/autokunz.ch\/#organization","name":"Auto Kunz AG","url":"https:\/\/autokunz.ch\/","logo":{"@type":"ImageObject","inLanguage":"it-IT","@id":"https:\/\/autokunz.ch\/#\/schema\/logo\/image\/","url":"https:\/\/autokunz.ch\/app\/uploads\/2021\/07\/autokunz-ag-wohlen-logo.png","contentUrl":"https:\/\/autokunz.ch\/app\/uploads\/2021\/07\/autokunz-ag-wohlen-logo.png","width":530,"height":79,"caption":"Auto Kunz AG"},"image":{"@id":"https:\/\/autokunz.ch\/#\/schema\/logo\/image\/"},"sameAs":["https:\/\/www.facebook.com\/AutoKunzAG","https:\/\/x.com\/autokunzag","https:\/\/www.instagram.com\/autokunz.ch\/","https:\/\/www.linkedin.com\/company\/9463486?trk=tyah&amp;amp;amp;trkInfo=clickedVertical:company,idx:1-1-1,tarId:1434043483672,tas:auto kunz","https:\/\/www.pinterest.com\/autokunzag\/","https:\/\/www.youtube.com\/channel\/UCsS22A2abuuzGxbmhsPm-6g"]}]}},"_links":{"self":[{"href":"https:\/\/autokunz.ch\/it\/wp-json\/wp\/v2\/pages\/3953836","targetHints":{"allow":["GET"]}}],"collection":[{"href":"https:\/\/autokunz.ch\/it\/wp-json\/wp\/v2\/pages"}],"about":[{"href":"https:\/\/autokunz.ch\/it\/wp-json\/wp\/v2\/types\/page"}],"author":[{"embeddable":true,"href":"https:\/\/autokunz.ch\/it\/wp-json\/wp\/v2\/users\/2"}],"replies":[{"embeddable":true,"href":"https:\/\/autokunz.ch\/it\/wp-json\/wp\/v2\/comments?post=3953836"}],"version-history":[{"count":5,"href":"https:\/\/autokunz.ch\/it\/wp-json\/wp\/v2\/pages\/3953836\/revisions"}],"predecessor-version":[{"id":6107887,"href":"https:\/\/autokunz.ch\/it\/wp-json\/wp\/v2\/pages\/3953836\/revisions\/6107887"}],"up":[{"embeddable":true,"href":"https:\/\/autokunz.ch\/it\/wp-json\/wp\/v2\/pages\/31"}],"wp:featuredmedia":[{"embeddable":true,"href":"https:\/\/autokunz.ch\/it\/wp-json\/wp\/v2\/media\/3953841"}],"wp:attachment":[{"href":"https:\/\/autokunz.ch\/it\/wp-json\/wp\/v2\/media?parent=3953836"}],"curies":[{"name":"wp","href":"https:\/\/api.w.org\/{rel}","templated":true}]}}