{"id":4128337,"date":"2023-04-21T09:07:37","date_gmt":"2023-04-21T07:07:37","guid":{"rendered":"https:\/\/autokunz.ch\/azienda\/engagements\/"},"modified":"2024-04-05T15:30:29","modified_gmt":"2024-04-05T13:30:29","slug":"impegni","status":"publish","type":"page","link":"https:\/\/autokunz.ch\/it\/azienda\/impegni\/","title":{"rendered":"Engagements"},"content":{"rendered":"\n<div class=\"wp-block-columns has-2-columns is-layout-flex wp-container-core-columns-is-layout-9d6595d7 wp-block-columns-is-layout-flex\">\n<div class=\"wp-block-column is-layout-flow wp-block-column-is-layout-flow\">\n<h2 class=\"wp-block-heading\">SPONSORIZZAZIONE<\/h2>\n\n\n\n<h3 class=\"wp-block-heading\" id=\"leistungen\">Siamo impegnati nella cultura e nello sport<\/h3>\n\n\n\n<p>Le automobili ci stanno a cuore. Una vita senza mobilit\u00e0, che sia per l&#8217;istruzione, il lavoro o il tempo libero, \u00e8 impensabile. Sosteniamo aziende e organizzazioni in ambito culturale o sportivo per rendere la Svizzera un po&#8217; pi\u00f9 bella.<\/p>\n<\/div>\n<\/div>\n\n\n\n<hr class=\"wp-block-separator has-css-opacity is-style-wide\"\/>\n\n\n\n<div class=\"wp-block-columns has-2-columns is-layout-flex wp-container-core-columns-is-layout-9d6595d7 wp-block-columns-is-layout-flex\">\n<div class=\"wp-block-column is-layout-flow wp-block-column-is-layout-flow\">\n<figure class=\"wp-block-image size-large\"><img decoding=\"async\" width=\"1366\" height=\"912\" src=\"https:\/\/autokunz.ch\/app\/uploads\/2023\/03\/Auto-Kunz_DSC7163-1366x912.jpg\" alt=\"\" class=\"wp-image-4031472\" srcset=\"https:\/\/autokunz.ch\/app\/uploads\/2023\/03\/Auto-Kunz_DSC7163-1366x912.jpg 1366w, https:\/\/autokunz.ch\/app\/uploads\/2023\/03\/Auto-Kunz_DSC7163-529x353.jpg 529w, https:\/\/autokunz.ch\/app\/uploads\/2023\/03\/Auto-Kunz_DSC7163-297x197.jpg 297w, https:\/\/autokunz.ch\/app\/uploads\/2023\/03\/Auto-Kunz_DSC7163-768x513.jpg 768w, https:\/\/autokunz.ch\/app\/uploads\/2023\/03\/Auto-Kunz_DSC7163-1536x1026.jpg 1536w, https:\/\/autokunz.ch\/app\/uploads\/2023\/03\/Auto-Kunz_DSC7163.jpg 1920w\" sizes=\"(max-width: 1366px) 100vw, 1366px\" \/><\/figure>\n<\/div>\n\n\n\n<div class=\"wp-block-column is-layout-flow wp-block-column-is-layout-flow\">\n<h5 class=\"wp-block-heading\">Partnership con il Circo Knie <\/h5>\n\n\n\n<p>Da qualche anno, anche il Circo Nazionale viaggia con i veicoli della nostra azienda. Il modello di abbonamento per auto rappresenta il pacchetto ottimale per il Circo Knie. Tutto \u00e8 incluso, tranne la benzina o l&#8217;elettricit\u00e0. Se volete saperne di pi\u00f9 sull&#8217;impegno e partecipare ai concorsi, seguite Auto Kunz e JAC sui social media!<\/p>\n\n\n\n<p>Foto (da sinistra a destra): Adrian B\u00fcchler, CEO Auto Kunz, Kevin Riemann, PM Auto Kunz, Maycol Errani, direttore tecnico Circus Knie, Kevin Baumann, PM Auto Kunz, Pia Hurni, marketing manager Auto Kunz, Randy Scheibli, marketing manager Circus Knie.<\/p>\n\n\n\n<div class=\"wp-block-buttons is-layout-flex wp-block-buttons-is-layout-flex\">\n<div class=\"wp-block-button is-style-button--text-primary\"><a class=\"wp-block-button__link wp-element-button\" href=\"https:\/\/www.knie.ch\/circus\/\" target=\"_blank\" rel=\"noreferrer noopener\">Circus Knie<\/a><\/div>\n<\/div>\n<\/div>\n<\/div>\n\n\n\n<hr class=\"wp-block-separator has-css-opacity is-style-wide\"\/>\n\n\n\n<div class=\"wp-block-columns has-2-columns is-layout-flex wp-container-core-columns-is-layout-9d6595d7 wp-block-columns-is-layout-flex\">\n<div class=\"wp-block-column is-layout-flow wp-block-column-is-layout-flow\">\n<h5 class=\"wp-block-heading\">Club di nuoto della regione di Bremgarten<\/h5>\n\n\n\n<p>Il nuoto presenta vantaggi decisivi rispetto ad altri sport. Innanzitutto, \u00e8 un esercizio che non danneggia le articolazioni e pu\u00f2 essere praticato a qualsiasi et\u00e0.<\/p>\n\n\n\n<p>Sosteniamo il Bremgarten Region Swimming Club e in particolare siamo partner della leggendaria AUTO KUNZ Piranha Cup, che si svolge ogni anno all&#8217;inizio di settembre. Circa 200 bambini e ragazzi si sfidano in oltre 770 partenze individuali nelle discipline del rana, dorso, crawl e delfino, oltre che in 23 staffette.<\/p>\n\n\n\n<div class=\"wp-block-buttons is-layout-flex wp-block-buttons-is-layout-flex\">\n<div class=\"wp-block-button is-style-button--text-primary\"><a class=\"wp-block-button__link wp-element-button\" href=\"https:\/\/www.scrb.ch\/willkommen\" target=\"_blank\" rel=\"noreferrer noopener\">Schwimmclub Bremgarten<\/a><\/div>\n<\/div>\n<\/div>\n\n\n\n<div class=\"wp-block-column is-layout-flow wp-block-column-is-layout-flow\">\n<figure class=\"wp-block-image size-full\"><img decoding=\"async\" width=\"1024\" height=\"955\" src=\"https:\/\/autokunz.ch\/app\/uploads\/2023\/04\/SCRB.jpg\" alt=\"\" class=\"wp-image-4112508\" srcset=\"https:\/\/autokunz.ch\/app\/uploads\/2023\/04\/SCRB.jpg 1024w, https:\/\/autokunz.ch\/app\/uploads\/2023\/04\/SCRB-379x353.jpg 379w, https:\/\/autokunz.ch\/app\/uploads\/2023\/04\/SCRB-768x716.jpg 768w\" sizes=\"(max-width: 1024px) 100vw, 1024px\" \/><\/figure>\n<\/div>\n<\/div>\n\n\n\n<hr class=\"wp-block-separator has-css-opacity is-style-wide\"\/>\n\n\n\n<div class=\"wp-block-columns has-2-columns is-layout-flex wp-container-core-columns-is-layout-9d6595d7 wp-block-columns-is-layout-flex\">\n<div class=\"wp-block-column is-layout-flow wp-block-column-is-layout-flow\">\n<figure class=\"wp-block-image size-full\"><img decoding=\"async\" width=\"361\" height=\"509\" src=\"https:\/\/autokunz.ch\/app\/uploads\/2024\/04\/Bonura-Sports.jpg\" alt=\"\" class=\"wp-image-4793498\" srcset=\"https:\/\/autokunz.ch\/app\/uploads\/2024\/04\/Bonura-Sports.jpg 361w, https:\/\/autokunz.ch\/app\/uploads\/2024\/04\/Bonura-Sports-250x353.jpg 250w\" sizes=\"(max-width: 361px) 100vw, 361px\" \/><\/figure>\n<\/div>\n\n\n\n<div class=\"wp-block-column is-layout-flow wp-block-column-is-layout-flow\">\n<h5 class=\"wp-block-heading\"><strong><strong><strong>Collaborazione con Bonacura Sport<\/strong><\/strong><\/strong><\/h5>\n\n\n\n<p>In qualit\u00e0 di sponsor principale di Bonacura Sport, siamo lieti di presentare l&#8217;Auto Kunz Cup. In Auto Kunz AG condividiamo la passione per lo sport e ci piace sostenere eventi che uniscono le persone e creano esperienze indimenticabili.<\/p>\n\n\n\n<p>Siamo orgogliosi di partecipare a questo evento sportivo e ci auguriamo di vedere bambini, giovani e famiglie in questo torneo di calcio.<\/p>\n\n\n\n<p>Non perdete l&#8217;occasione di partecipare a questo emozionante evento e di vivere con noi il fascino del calcio.<\/p>\n\n\n\n<p>Il bel gioco.<\/p>\n\n\n\n<p><a href=\"https:\/\/www.bonacura-sports.ch\/\" target=\"_blank\" rel=\"noreferrer noopener\">www.bonacura-sports.ch<\/a><\/p>\n\n\n\n<p><\/p>\n\n\n\n<p><br><\/p>\n<\/div>\n<\/div>\n\n\n\n<hr class=\"wp-block-separator has-alpha-channel-opacity\"\/>\n\n\n\n<div class=\"wp-block-columns is-layout-flex wp-container-core-columns-is-layout-9d6595d7 wp-block-columns-is-layout-flex\">\n<div class=\"wp-block-column is-layout-flow wp-block-column-is-layout-flow\">\n<h5 class=\"wp-block-heading\"><strong>GP Mutschellen<\/strong>, Pfingstlauf Wohlen, FC Wohlen<\/h5>\n\n\n\n<p>Il 30 aprile 2023 si svolger\u00e0 il tradizionale GP Mutschellen. Auto di varie categorie percorreranno in modo tranquillo o furioso il Muttschellen. Sosteniamo gli organizzatori con un piccolo contributo al programma.<\/p>\n\n\n\n<p>Alla fine di maggio, a Wohlen c&#8217;\u00e8 molta azione sportiva. I corridori si affrettano a indossare le scarpe da ginnastica per una corsa di 3,9 o 10 km da Wohlen ad Anglikon. Anche noi sosteniamo la corsa di Pentecoste con un piccolo contributo nel libretto del programma.<\/p>\n\n\n\n<p>C&#8217;\u00e8 anche il calcio, l&#8217;FC Wohlen gareggia con il nostro logo sulle maglie sponsorizzate e calcia il pallone in curva.<\/p>\n<\/div>\n\n\n\n<div class=\"wp-block-column is-layout-flow wp-block-column-is-layout-flow\">\n<figure class=\"wp-block-image size-large\"><img decoding=\"async\" width=\"1366\" height=\"1024\" src=\"https:\/\/autokunz.ch\/app\/uploads\/2023\/04\/DIVERSE-ENGEGAMENTS-1366x1024.jpg\" alt=\"Engagements - Auto Kunz AG mit den schweizweit tiefsten Preisen 1\" class=\"wp-image-4112513\" srcset=\"https:\/\/autokunz.ch\/app\/uploads\/2023\/04\/DIVERSE-ENGEGAMENTS-1366x1024.jpg 1366w, https:\/\/autokunz.ch\/app\/uploads\/2023\/04\/DIVERSE-ENGEGAMENTS-471x353.jpg 471w, https:\/\/autokunz.ch\/app\/uploads\/2023\/04\/DIVERSE-ENGEGAMENTS-768x576.jpg 768w, https:\/\/autokunz.ch\/app\/uploads\/2023\/04\/DIVERSE-ENGEGAMENTS-1536x1152.jpg 1536w, https:\/\/autokunz.ch\/app\/uploads\/2023\/04\/DIVERSE-ENGEGAMENTS.jpg 1600w\" sizes=\"(max-width: 1366px) 100vw, 1366px\" \/><\/figure>\n<\/div>\n<\/div>\n\n\n\n<hr class=\"wp-block-separator has-alpha-channel-opacity\"\/>\n\n\n\n<div class=\"wp-block-columns has-2-columns is-layout-flex wp-container-core-columns-is-layout-9d6595d7 wp-block-columns-is-layout-flex\">\n<div class=\"wp-block-column is-layout-flow wp-block-column-is-layout-flow\">\n<h5 class=\"wp-block-heading\">Volete che sosteniamo il vostro evento o la vostra organizzazione?<\/h5>\n\n\n\n<p>Siamo soddisfatti del nostro impegno a livello nazionale.<\/p>\n\n\n\n<p>A livello locale, nei dintorni di Wohlen, vi sosterremo se soddisfate uno o pi\u00f9 dei seguenti punti:<\/p>\n\n\n\n<ul class=\"wp-block-list\">\n<li>Nell&#8217;area di Wohlen<\/li>\n<\/ul>\n\n\n\n<ul class=\"wp-block-list\">\n<li>Squadre con giovani<\/li>\n<\/ul>\n\n\n\n<ul class=\"wp-block-list\">\n<li>Le auto sono al centro dell&#8217;attenzione<\/li>\n<\/ul>\n\n\n\n<p>I singoli hanno poche possibilit\u00e0 di essere sostenuti. Inviate la vostra richiesta a marketing@autokunz.ch. Verificheremo la vostra richiesta e vi faremo sapere.<\/p>\n\n\n\n<p><\/p>\n\n\n\n<p><\/p>\n<\/div>\n\n\n\n<div class=\"wp-block-column is-layout-flow wp-block-column-is-layout-flow\"><\/div>\n<\/div>\n","protected":false},"excerpt":{"rendered":"<p>SPONSORIZZAZIONE Siamo impegnati nella cultura e nello sport Le automobili ci stanno a cuore. Una vita senza mobilit\u00e0, che sia per l&#8217;istruzione, il lavoro o il tempo libero, \u00e8 impensabile. Sosteniamo aziende e organizzazioni in ambito culturale o sportivo per rendere la Svizzera un po&#8217; pi\u00f9 bella. Partnership con il Circo Knie Da qualche anno, &hellip; <a class=\"text-button text-button--primary text-button--no-arrow\" href=\"https:\/\/autokunz.ch\/it\/azienda\/impegni\/\">continua<\/a><\/p>\n","protected":false},"author":2,"featured_media":3953844,"parent":54317,"menu_order":0,"comment_status":"closed","ping_status":"closed","template":"","meta":{"_acf_changed":false,"footnotes":""},"class_list":["post-4128337","page","type-page","status-publish","has-post-thumbnail","hentry"],"acf":[],"yoast_head":"<!-- This site is optimized with the Yoast SEO plugin v27.0 - https:\/\/yoast.com\/product\/yoast-seo-wordpress\/ -->\n<title>Cultura e sport<\/title>\n<meta name=\"description\" content=\"Sosteniamo aziende e organizzazioni in ambito culturale o sportivo per rendere la Svizzera un po\u2019 pi\u00f9 bella.\" \/>\n<meta name=\"robots\" content=\"index, follow, max-snippet:-1, max-image-preview:large, max-video-preview:-1\" \/>\n<link rel=\"canonical\" href=\"https:\/\/autokunz.ch\/it\/azienda\/impegni\/\" \/>\n<meta property=\"og:locale\" content=\"it_IT\" \/>\n<meta property=\"og:type\" content=\"article\" \/>\n<meta property=\"og:title\" content=\"Cultura e sport\" \/>\n<meta property=\"og:description\" content=\"Sosteniamo aziende e organizzazioni in ambito culturale o sportivo per rendere la Svizzera un po\u2019 pi\u00f9 bella.\" \/>\n<meta property=\"og:url\" content=\"https:\/\/autokunz.ch\/it\/azienda\/impegni\/\" \/>\n<meta property=\"og:site_name\" content=\"Auto Kunz\" \/>\n<meta property=\"article:publisher\" content=\"https:\/\/www.facebook.com\/AutoKunzAG\" \/>\n<meta property=\"article:modified_time\" content=\"2024-04-05T13:30:29+00:00\" \/>\n<meta property=\"og:image\" content=\"https:\/\/autokunz.ch\/app\/uploads\/2023\/02\/werkstatt-auto-kunz-ag.jpg\" \/>\n\t<meta property=\"og:image:width\" content=\"1920\" \/>\n\t<meta property=\"og:image:height\" content=\"1440\" \/>\n\t<meta property=\"og:image:type\" content=\"image\/jpeg\" \/>\n<meta name=\"twitter:card\" content=\"summary_large_image\" \/>\n<meta name=\"twitter:site\" content=\"@autokunzag\" \/>\n<meta name=\"twitter:label1\" content=\"Est. reading time\" \/>\n\t<meta name=\"twitter:data1\" content=\"4 minutes\" \/>\n<script type=\"application\/ld+json\" class=\"yoast-schema-graph\">{\"@context\":\"https:\/\/schema.org\",\"@graph\":[{\"@type\":\"WebPage\",\"@id\":\"https:\/\/autokunz.ch\/it\/azienda\/impegni\/\",\"url\":\"https:\/\/autokunz.ch\/it\/azienda\/impegni\/\",\"name\":\"Cultura e sport\",\"isPartOf\":{\"@id\":\"https:\/\/autokunz.ch\/#website\"},\"primaryImageOfPage\":{\"@id\":\"https:\/\/autokunz.ch\/it\/azienda\/impegni\/#primaryimage\"},\"image\":{\"@id\":\"https:\/\/autokunz.ch\/it\/azienda\/impegni\/#primaryimage\"},\"thumbnailUrl\":\"https:\/\/autokunz.ch\/app\/uploads\/2023\/02\/werkstatt-auto-kunz-ag.jpg\",\"datePublished\":\"2023-04-21T07:07:37+00:00\",\"dateModified\":\"2024-04-05T13:30:29+00:00\",\"description\":\"Sosteniamo aziende e organizzazioni in ambito culturale o sportivo per rendere la Svizzera un po\u2019 pi\u00f9 bella.\",\"breadcrumb\":{\"@id\":\"https:\/\/autokunz.ch\/it\/azienda\/impegni\/#breadcrumb\"},\"inLanguage\":\"it-IT\",\"potentialAction\":[{\"@type\":\"ReadAction\",\"target\":[\"https:\/\/autokunz.ch\/it\/azienda\/impegni\/\"]}]},{\"@type\":\"ImageObject\",\"inLanguage\":\"it-IT\",\"@id\":\"https:\/\/autokunz.ch\/it\/azienda\/impegni\/#primaryimage\",\"url\":\"https:\/\/autokunz.ch\/app\/uploads\/2023\/02\/werkstatt-auto-kunz-ag.jpg\",\"contentUrl\":\"https:\/\/autokunz.ch\/app\/uploads\/2023\/02\/werkstatt-auto-kunz-ag.jpg\",\"width\":1920,\"height\":1440,\"caption\":\"Officina - Auto Kunz AG mit den schweizweit tiefsten Preisen 10\"},{\"@type\":\"BreadcrumbList\",\"@id\":\"https:\/\/autokunz.ch\/it\/azienda\/impegni\/#breadcrumb\",\"itemListElement\":[{\"@type\":\"ListItem\",\"position\":1,\"name\":\"Home\",\"item\":\"https:\/\/autokunz.ch\/it\/\"},{\"@type\":\"ListItem\",\"position\":2,\"name\":\"Azienda\",\"item\":\"https:\/\/autokunz.ch\/it\/azienda\/\"},{\"@type\":\"ListItem\",\"position\":3,\"name\":\"Engagements\"}]},{\"@type\":\"WebSite\",\"@id\":\"https:\/\/autokunz.ch\/#website\",\"url\":\"https:\/\/autokunz.ch\/\",\"name\":\"Auto Kunz\",\"description\":\"\u00dcber 500 Autos, die tiefsten Preise der Schweiz\",\"publisher\":{\"@id\":\"https:\/\/autokunz.ch\/#organization\"},\"potentialAction\":[{\"@type\":\"SearchAction\",\"target\":{\"@type\":\"EntryPoint\",\"urlTemplate\":\"https:\/\/autokunz.ch\/?s={search_term_string}\"},\"query-input\":{\"@type\":\"PropertyValueSpecification\",\"valueRequired\":true,\"valueName\":\"search_term_string\"}}],\"inLanguage\":\"it-IT\"},{\"@type\":\"Organization\",\"@id\":\"https:\/\/autokunz.ch\/#organization\",\"name\":\"Auto Kunz AG\",\"url\":\"https:\/\/autokunz.ch\/\",\"logo\":{\"@type\":\"ImageObject\",\"inLanguage\":\"it-IT\",\"@id\":\"https:\/\/autokunz.ch\/#\/schema\/logo\/image\/\",\"url\":\"https:\/\/autokunz.ch\/app\/uploads\/2021\/07\/autokunz-ag-wohlen-logo.png\",\"contentUrl\":\"https:\/\/autokunz.ch\/app\/uploads\/2021\/07\/autokunz-ag-wohlen-logo.png\",\"width\":530,\"height\":79,\"caption\":\"Auto Kunz AG\"},\"image\":{\"@id\":\"https:\/\/autokunz.ch\/#\/schema\/logo\/image\/\"},\"sameAs\":[\"https:\/\/www.facebook.com\/AutoKunzAG\",\"https:\/\/x.com\/autokunzag\",\"https:\/\/www.instagram.com\/autokunz.ch\/\",\"https:\/\/www.linkedin.com\/company\/9463486?trk=tyah&amp;amp;amp;trkInfo=clickedVertical:company,idx:1-1-1,tarId:1434043483672,tas:auto kunz\",\"https:\/\/www.pinterest.com\/autokunzag\/\",\"https:\/\/www.youtube.com\/channel\/UCsS22A2abuuzGxbmhsPm-6g\"]}]}<\/script>\n<!-- \/ Yoast SEO plugin. -->","yoast_head_json":{"title":"Cultura e sport","description":"Sosteniamo aziende e organizzazioni in ambito culturale o sportivo per rendere la Svizzera un po\u2019 pi\u00f9 bella.","robots":{"index":"index","follow":"follow","max-snippet":"max-snippet:-1","max-image-preview":"max-image-preview:large","max-video-preview":"max-video-preview:-1"},"canonical":"https:\/\/autokunz.ch\/it\/azienda\/impegni\/","og_locale":"it_IT","og_type":"article","og_title":"Cultura e sport","og_description":"Sosteniamo aziende e organizzazioni in ambito culturale o sportivo per rendere la Svizzera un po\u2019 pi\u00f9 bella.","og_url":"https:\/\/autokunz.ch\/it\/azienda\/impegni\/","og_site_name":"Auto Kunz","article_publisher":"https:\/\/www.facebook.com\/AutoKunzAG","article_modified_time":"2024-04-05T13:30:29+00:00","og_image":[{"width":1920,"height":1440,"url":"https:\/\/autokunz.ch\/app\/uploads\/2023\/02\/werkstatt-auto-kunz-ag.jpg","type":"image\/jpeg"}],"twitter_card":"summary_large_image","twitter_site":"@autokunzag","twitter_misc":{"Est. reading time":"4 minutes"},"schema":{"@context":"https:\/\/schema.org","@graph":[{"@type":"WebPage","@id":"https:\/\/autokunz.ch\/it\/azienda\/impegni\/","url":"https:\/\/autokunz.ch\/it\/azienda\/impegni\/","name":"Cultura e sport","isPartOf":{"@id":"https:\/\/autokunz.ch\/#website"},"primaryImageOfPage":{"@id":"https:\/\/autokunz.ch\/it\/azienda\/impegni\/#primaryimage"},"image":{"@id":"https:\/\/autokunz.ch\/it\/azienda\/impegni\/#primaryimage"},"thumbnailUrl":"https:\/\/autokunz.ch\/app\/uploads\/2023\/02\/werkstatt-auto-kunz-ag.jpg","datePublished":"2023-04-21T07:07:37+00:00","dateModified":"2024-04-05T13:30:29+00:00","description":"Sosteniamo aziende e organizzazioni in ambito culturale o sportivo per rendere la Svizzera un po\u2019 pi\u00f9 bella.","breadcrumb":{"@id":"https:\/\/autokunz.ch\/it\/azienda\/impegni\/#breadcrumb"},"inLanguage":"it-IT","potentialAction":[{"@type":"ReadAction","target":["https:\/\/autokunz.ch\/it\/azienda\/impegni\/"]}]},{"@type":"ImageObject","inLanguage":"it-IT","@id":"https:\/\/autokunz.ch\/it\/azienda\/impegni\/#primaryimage","url":"https:\/\/autokunz.ch\/app\/uploads\/2023\/02\/werkstatt-auto-kunz-ag.jpg","contentUrl":"https:\/\/autokunz.ch\/app\/uploads\/2023\/02\/werkstatt-auto-kunz-ag.jpg","width":1920,"height":1440,"caption":"Officina - Auto Kunz AG mit den schweizweit tiefsten Preisen 10"},{"@type":"BreadcrumbList","@id":"https:\/\/autokunz.ch\/it\/azienda\/impegni\/#breadcrumb","itemListElement":[{"@type":"ListItem","position":1,"name":"Home","item":"https:\/\/autokunz.ch\/it\/"},{"@type":"ListItem","position":2,"name":"Azienda","item":"https:\/\/autokunz.ch\/it\/azienda\/"},{"@type":"ListItem","position":3,"name":"Engagements"}]},{"@type":"WebSite","@id":"https:\/\/autokunz.ch\/#website","url":"https:\/\/autokunz.ch\/","name":"Auto Kunz","description":"\u00dcber 500 Autos, die tiefsten Preise der Schweiz","publisher":{"@id":"https:\/\/autokunz.ch\/#organization"},"potentialAction":[{"@type":"SearchAction","target":{"@type":"EntryPoint","urlTemplate":"https:\/\/autokunz.ch\/?s={search_term_string}"},"query-input":{"@type":"PropertyValueSpecification","valueRequired":true,"valueName":"search_term_string"}}],"inLanguage":"it-IT"},{"@type":"Organization","@id":"https:\/\/autokunz.ch\/#organization","name":"Auto Kunz AG","url":"https:\/\/autokunz.ch\/","logo":{"@type":"ImageObject","inLanguage":"it-IT","@id":"https:\/\/autokunz.ch\/#\/schema\/logo\/image\/","url":"https:\/\/autokunz.ch\/app\/uploads\/2021\/07\/autokunz-ag-wohlen-logo.png","contentUrl":"https:\/\/autokunz.ch\/app\/uploads\/2021\/07\/autokunz-ag-wohlen-logo.png","width":530,"height":79,"caption":"Auto Kunz AG"},"image":{"@id":"https:\/\/autokunz.ch\/#\/schema\/logo\/image\/"},"sameAs":["https:\/\/www.facebook.com\/AutoKunzAG","https:\/\/x.com\/autokunzag","https:\/\/www.instagram.com\/autokunz.ch\/","https:\/\/www.linkedin.com\/company\/9463486?trk=tyah&amp;amp;amp;trkInfo=clickedVertical:company,idx:1-1-1,tarId:1434043483672,tas:auto kunz","https:\/\/www.pinterest.com\/autokunzag\/","https:\/\/www.youtube.com\/channel\/UCsS22A2abuuzGxbmhsPm-6g"]}]}},"_links":{"self":[{"href":"https:\/\/autokunz.ch\/it\/wp-json\/wp\/v2\/pages\/4128337","targetHints":{"allow":["GET"]}}],"collection":[{"href":"https:\/\/autokunz.ch\/it\/wp-json\/wp\/v2\/pages"}],"about":[{"href":"https:\/\/autokunz.ch\/it\/wp-json\/wp\/v2\/types\/page"}],"author":[{"embeddable":true,"href":"https:\/\/autokunz.ch\/it\/wp-json\/wp\/v2\/users\/2"}],"replies":[{"embeddable":true,"href":"https:\/\/autokunz.ch\/it\/wp-json\/wp\/v2\/comments?post=4128337"}],"version-history":[{"count":3,"href":"https:\/\/autokunz.ch\/it\/wp-json\/wp\/v2\/pages\/4128337\/revisions"}],"predecessor-version":[{"id":4793507,"href":"https:\/\/autokunz.ch\/it\/wp-json\/wp\/v2\/pages\/4128337\/revisions\/4793507"}],"up":[{"embeddable":true,"href":"https:\/\/autokunz.ch\/it\/wp-json\/wp\/v2\/pages\/54317"}],"wp:featuredmedia":[{"embeddable":true,"href":"https:\/\/autokunz.ch\/it\/wp-json\/wp\/v2\/media\/3953844"}],"wp:attachment":[{"href":"https:\/\/autokunz.ch\/it\/wp-json\/wp\/v2\/media?parent=4128337"}],"curies":[{"name":"wp","href":"https:\/\/api.w.org\/{rel}","templated":true}]}}