{"id":4197549,"date":"2023-05-31T14:41:27","date_gmt":"2023-05-31T12:41:27","guid":{"rendered":"https:\/\/autokunz.ch\/?page_id=4197549"},"modified":"2026-03-05T15:54:38","modified_gmt":"2026-03-05T14:54:38","slug":"jobs","status":"publish","type":"page","link":"https:\/\/autokunz.ch\/unternehmen\/jobs\/","title":{"rendered":"Jobs bei Auto Kunz"},"content":{"rendered":"\n<h2 class=\"wp-block-heading\">Deine Laufbahn<\/h2>\n\n\n\n<div class=\"wp-block-columns is-layout-flex wp-container-core-columns-is-layout-9d6595d7 wp-block-columns-is-layout-flex\">\n<div class=\"wp-block-column is-vertically-aligned-center is-layout-flow wp-block-column-is-layout-flow\" style=\"flex-basis:66.66%\">\n<p>Der langfristige, nachhaltige Unternehmenserfolg ist uns wichtig. Dies erreichen wir mit dem ganzen Team und der Weiterentwicklung jeder einzelnen Laufbahn. Eine sorgf\u00e4ltige Einarbeitung in den Aufgabenbereich bildet die Basis der Karriere bei uns. Anschliessend legen wir grossen Wert auf die F\u00f6rderung, Schulung und Weiterbildung jedes Einzelnen sowie der Arbeitsplatzsicherheit.&nbsp;<\/p>\n\n\n\n<p><\/p>\n\n\n\n<h3 class=\"wp-block-heading\"><strong>Berufsbildung: Zuverl\u00e4ssiger, sicherer Arbeitgeber f\u00fcr deine Zukunft<\/strong><\/h3>\n\n\n\n<h6 class=\"wp-block-heading\"><\/h6>\n\n\n\n<p>Seit der Firmengr\u00fcndung bilden wir j\u00e4hrlich zwischen 6 und 9 Lehrlinge aus. Die Berufe und die Ausbildungen sind im stetigen Wandel. Seit Sommer 2023 bieten wir auch die neuste Lehre als Detailhandelsfachmann\/-frau EFZ Automobil Sales an. Diese Lehre wurde vom AGVS (Auto Gewerbe Verband Schweiz) ins Leben gerufen und deckt die Bed\u00fcrfnisse der Kundschaft sowie von uns als Garage bestens ab.<\/p>\n<\/div>\n\n\n\n<div class=\"wp-block-column is-layout-flow wp-block-column-is-layout-flow\" style=\"flex-basis:33.33%\"><div class=\"help-you text-box text-box--wide text-box--help-you h-100 d-flex flex-column \">\n        <h4 class=\"text-box__title text-center\">Bitte kontaktieren Sie mich<\/h4>\n        <div class=\"row help-you__content-container\">\n            <div class=\"col-lg-6 help-you__image-container\">\n                <div class=\"text-box__avatar d-flex mx-auto mb-4 mb-lg-0\"\n                     style=\"background-image: url('https:\/\/autokunz.ch\/app\/uploads\/2019\/08\/thomas-stocker-auto-kunz-ag--help-you-avatar-1.jpg')\">\n                                            <img decoding=\"async\" src=\"https:\/\/autokunz.ch\/app\/uploads\/2019\/08\/thomas-stocker-auto-kunz-ag--help-you-avatar-1.jpg\" class=\"img-fluid help-you__image invisible\" alt=\"Help you employee\"\n                             width=\"192px\" height=\"192px\">\n                                    <\/div>\n            <\/div>\n            <div class=\"col-lg-6 d-flex\">\n                <div class=\"align-self-center w-100\">\n                    <select class=\"select w-100 mb-1\" name=\"help-widget-select\" multiple\n                            data-title-opened=\"Thomas Stocker\"\n                            title=\"Thomas Stocker\"\n                            tabindex=\"-98\" data-max-options=\"1\">\n                                                    <option value=\"0\"\n                                    data-employee=\"{&quot;name&quot;:&quot;Barbara Br\\u00e4ndli&quot;,&quot;position&quot;:&quot;Responsabile delle risorse umane \\\/ Assistente del CEO&quot;,&quot;other_position&quot;:&quot;&quot;,&quot;email&quot;:&quot;barbara.braendli@autokunz.ch&quot;,&quot;telefon&quot;:&quot;+41 56 619 71 26&quot;,&quot;whatsapp_telefon&quot;:&quot;&quot;,&quot;languages&quot;:&quot;ch de gb fr&quot;,&quot;call_back_link&quot;:&quot;&quot;,&quot;info&quot;:&quot;CH \\\/ DE \\\/ GB \\\/ FR&quot;,&quot;calendar&quot;:&quot;&quot;,&quot;help_you&quot;:&quot;https:\\\/\\\/autokunz.ch\\\/app\\\/uploads\\\/2023\\\/09\\\/barbara-braendli-auto-kunz-ag-6--help-you-avatar-1.jpg&quot;,&quot;image&quot;:&quot;https:\\\/\\\/autokunz.ch\\\/app\\\/uploads\\\/2023\\\/09\\\/barbara-braendli-auto-kunz-ag-6.jpg&quot;,&quot;image_hover&quot;:&quot;&quot;,&quot;image_pdf&quot;:&quot;https:\\\/\\\/autokunz.ch\\\/app\\\/uploads\\\/2023\\\/09\\\/barbara-braendli-auto-kunz-ag-6--help-you-avatar-pdf-200.jpg&quot;,&quot;image_email&quot;:&quot;https:\\\/\\\/autokunz.ch\\\/app\\\/uploads\\\/2023\\\/09\\\/barbara-braendli-auto-kunz-ag-6--help-you-avatar-pdf-100.jpg&quot;,&quot;categories&quot;:[{&quot;term_id&quot;:1825,&quot;name&quot;:&quot;HR&quot;,&quot;slug&quot;:&quot;hr-it&quot;,&quot;term_group&quot;:0,&quot;term_taxonomy_id&quot;:1825,&quot;taxonomy&quot;:&quot;department&quot;,&quot;description&quot;:&quot;&quot;,&quot;parent&quot;:0,&quot;count&quot;:2,&quot;filter&quot;:&quot;raw&quot;,&quot;term_order&quot;:&quot;8&quot;}],&quot;interests&quot;:false}\">Barbara Br\u00e4ndli<\/option>\n                                                    <option value=\"1\"\n                                    data-employee=\"{&quot;name&quot;:&quot;Thomas Stocker&quot;,&quot;position&quot;:&quot;CFO \\\/ Vice CEO&quot;,&quot;other_position&quot;:&quot;&quot;,&quot;email&quot;:&quot;thomas.stocker@autokunz.ch&quot;,&quot;telefon&quot;:&quot;+41 56 619 70 85 &quot;,&quot;whatsapp_telefon&quot;:&quot;&quot;,&quot;languages&quot;:&quot;ch de gb fr&quot;,&quot;call_back_link&quot;:&quot;&quot;,&quot;info&quot;:&quot;CH \\\/ D \\\/ E \\\/ F &quot;,&quot;calendar&quot;:&quot;&quot;,&quot;help_you&quot;:&quot;https:\\\/\\\/autokunz.ch\\\/app\\\/uploads\\\/2019\\\/08\\\/thomas-stocker-auto-kunz-ag--help-you-avatar-1.jpg&quot;,&quot;image&quot;:&quot;https:\\\/\\\/autokunz.ch\\\/app\\\/uploads\\\/2019\\\/08\\\/thomas-stocker-auto-kunz-ag.jpg&quot;,&quot;image_hover&quot;:&quot;&quot;,&quot;image_pdf&quot;:&quot;https:\\\/\\\/autokunz.ch\\\/app\\\/uploads\\\/2019\\\/08\\\/thomas-stocker-auto-kunz-ag--help-you-avatar-pdf-200.jpg&quot;,&quot;image_email&quot;:&quot;https:\\\/\\\/autokunz.ch\\\/app\\\/uploads\\\/2019\\\/08\\\/thomas-stocker-auto-kunz-ag--help-you-avatar-pdf-100.jpg&quot;,&quot;categories&quot;:[{&quot;term_id&quot;:1825,&quot;name&quot;:&quot;HR&quot;,&quot;slug&quot;:&quot;hr-it&quot;,&quot;term_group&quot;:0,&quot;term_taxonomy_id&quot;:1825,&quot;taxonomy&quot;:&quot;department&quot;,&quot;description&quot;:&quot;&quot;,&quot;parent&quot;:0,&quot;count&quot;:2,&quot;filter&quot;:&quot;raw&quot;,&quot;term_order&quot;:&quot;8&quot;},{&quot;term_id&quot;:409,&quot;name&quot;:&quot;Gestione aziendale&quot;,&quot;slug&quot;:&quot;gestione-aziendale&quot;,&quot;term_group&quot;:0,&quot;term_taxonomy_id&quot;:409,&quot;taxonomy&quot;:&quot;department&quot;,&quot;description&quot;:&quot;&quot;,&quot;parent&quot;:0,&quot;count&quot;:2,&quot;filter&quot;:&quot;raw&quot;,&quot;term_order&quot;:&quot;37&quot;},{&quot;term_id&quot;:416,&quot;name&quot;:&quot;Contabilit\\u00e0&quot;,&quot;slug&quot;:&quot;amministrazione&quot;,&quot;term_group&quot;:0,&quot;term_taxonomy_id&quot;:416,&quot;taxonomy&quot;:&quot;department&quot;,&quot;description&quot;:&quot;&quot;,&quot;parent&quot;:0,&quot;count&quot;:1,&quot;filter&quot;:&quot;raw&quot;,&quot;term_order&quot;:&quot;47&quot;}],&quot;interests&quot;:false}\">Thomas Stocker<\/option>\n                                            <\/select>\n                    <p>\n                        <strong class=\"d-block help-you__name\">Thomas Stocker<\/strong>\n                        <span class=\"help-you__position\">CFO \/ Vice CEO<\/span>\n                        <br>\n                        <div class=\"help-you__info\">\n                                                                                            <span class=\"flag-icon flag-icon-ch skip-lazy\" style=\"background-image: url(https:\/\/autokunz.ch\/app\/themes\/autokunz2\/resources\/assets\/images\/flags\/4x3\/ch.svg)\"><\/span>\n                                                                                            <span class=\"flag-icon flag-icon-de skip-lazy\" style=\"background-image: url(https:\/\/autokunz.ch\/app\/themes\/autokunz2\/resources\/assets\/images\/flags\/4x3\/de.svg)\"><\/span>\n                                                                                            <span class=\"flag-icon flag-icon-gb skip-lazy\" style=\"background-image: url(https:\/\/autokunz.ch\/app\/themes\/autokunz2\/resources\/assets\/images\/flags\/4x3\/gb.svg)\"><\/span>\n                                                                                            <span class=\"flag-icon flag-icon-fr skip-lazy\" style=\"background-image: url(https:\/\/autokunz.ch\/app\/themes\/autokunz2\/resources\/assets\/images\/flags\/4x3\/fr.svg)\"><\/span>\n                                                    <\/div>\n                    <\/p>\n                    <div class=\"primary-cube-icons d-flex justify-content-start\">\n                        <a href=\"mailto:thomas.stocker@autokunz.ch\"\n                           class=\"help-you__email mr-2 square-button square-button--primary\" >\n                            <i class=\"material-icons\">mail_outline<\/i>\n                        <\/a>\n                                                <a href=\"tel:+41566197085\"\n                           class=\"help-you__telefon mr-2 square-button square-button--primary\" >\n                            <i class=\"material-icons\">phone<\/i>\n                        <\/a>\n                        <a href=\"\"\n                           class=\"help-you__call-back-link mr-2 square-button square-button--primary\" style=\"display: none !important\">\n                            <img decoding=\"async\" src=\"https:\/\/autokunz.ch\/app\/themes\/autokunz2\/resources\/assets\/images\/icons\/call-back-icon.svg\" class=\"img-fluid\"\n                                 width=\"36px\" height=\"36px\" alt=\"Call back icon\"><\/a>\n\n                        \n\n                        \n                        \n                        \n\n                        <a href=\"https:\/\/wa.me\/?text=Hallo Auto Kunz, ich interessiere mich f\u00fcr...\"\n                           target=\"_blank\"\n                           class=\"help-you__whatsapp_telefon mr-2\" style=\"display: none !important\">\n                            <img decoding=\"async\" src=\"https:\/\/autokunz.ch\/app\/themes\/autokunz2\/resources\/assets\/images\/icons\/whatsapp_logo_v2.webp\" width=\"36px\" height=\"36px\"\n                                 alt=\"WhatsApp\">\n                        <\/a>\n\n                        <a href=\"\"\n                           class=\"help-you__calendar mr-2 square-button square-button--calendar\" style=\"display: none !important\"><\/a>\n                    <\/div>\n                <\/div>\n            <\/div>\n        <\/div>\n    <\/div>\n    \n<\/div>\n<\/div>\n\n\n\n<div class=\"wp-block-columns is-layout-flex wp-container-core-columns-is-layout-9d6595d7 wp-block-columns-is-layout-flex\">\n<div class=\"wp-block-column is-layout-flow wp-block-column-is-layout-flow\" style=\"flex-basis:66.66%\">\n<h3 class=\"wp-block-heading\"><strong>Teamspirit<\/strong><\/h3>\n\n\n\n<p>Wir sind eine grosse Familie, pflegen die Du-Kultur und helfen einander. Verschiedene Teamanl\u00e4sse wie z.B. das j\u00e4hrliche gemeinsame Wochenende oder gemeinsame Freizeitaktivit\u00e4ten schweissen uns zusammen.<\/p>\n\n\n\n<h3 class=\"wp-block-heading\"><strong>Komm\u2019 zu uns!<\/strong><\/h3>\n\n\n\n<p>Wir freuen uns auf die Bewerbung.<\/p>\n\n\n\n<p>Die Stelle ist ausgeschrieben? Sende uns f\u00fcr einen ersten Eindruck einfach Deinen Lebenslauf. Haben wir Deine Traumstelle nicht ausgeschrieben, Du m\u00f6chtest gerne bei uns arbeiten? Sende uns Deine spontane Bewerbung mit Motivationsschreiben und Deinen Vorstellungen. Wir pr\u00fcfen dann, ob sich in naher Zukunft etwas ergeben k\u00f6nnte. Packe auf jeden Fall Deine Chance.<\/p>\n<\/div>\n<\/div>\n","protected":false},"excerpt":{"rendered":"<p>Deine Laufbahn Der langfristige, nachhaltige Unternehmenserfolg ist uns wichtig. Dies erreichen wir mit dem ganzen Team und der Weiterentwicklung jeder einzelnen Laufbahn. Eine sorgf\u00e4ltige Einarbeitung in den Aufgabenbereich bildet die Basis der Karriere bei uns. Anschliessend legen wir grossen Wert auf die F\u00f6rderung, Schulung und Weiterbildung jedes Einzelnen sowie der Arbeitsplatzsicherheit.&nbsp; Berufsbildung: Zuverl\u00e4ssiger, sicherer Arbeitgeber &hellip; <a class=\"text-button text-button--primary text-button--no-arrow\" href=\"https:\/\/autokunz.ch\/unternehmen\/jobs\/\">continua<\/a><\/p>\n","protected":false},"author":2,"featured_media":4281380,"parent":31,"menu_order":0,"comment_status":"closed","ping_status":"closed","template":"views\/template-jobs.blade.php","meta":{"_acf_changed":false,"footnotes":""},"class_list":["post-4197549","page","type-page","status-publish","has-post-thumbnail","hentry"],"acf":[],"yoast_head":"<!-- This site is optimized with the Yoast SEO plugin v27.0 - https:\/\/yoast.com\/product\/yoast-seo-wordpress\/ -->\n<title>Jobs - Stellenangebote | Auto Kunz AG<\/title>\n<meta name=\"description\" content=\"Jobs - Stellenangebote bei der Auto Kunz AG. Eine stetige Weiterentwicklung ist uns wichtig, daf\u00fcr brauchen wir Dich!\" \/>\n<meta name=\"robots\" content=\"index, follow, max-snippet:-1, max-image-preview:large, max-video-preview:-1\" \/>\n<link rel=\"canonical\" href=\"https:\/\/autokunz.ch\/unternehmen\/jobs\/\" \/>\n<meta property=\"og:locale\" content=\"it_IT\" \/>\n<meta property=\"og:type\" content=\"article\" \/>\n<meta property=\"og:title\" content=\"Jobs - Stellenangebote | Auto Kunz AG\" \/>\n<meta property=\"og:description\" content=\"Jobs - Stellenangebote bei der Auto Kunz AG. Eine stetige Weiterentwicklung ist uns wichtig, daf\u00fcr brauchen wir Dich!\" \/>\n<meta property=\"og:url\" content=\"https:\/\/autokunz.ch\/unternehmen\/jobs\/\" \/>\n<meta property=\"og:site_name\" content=\"Auto Kunz\" \/>\n<meta property=\"article:publisher\" content=\"https:\/\/www.facebook.com\/AutoKunzAG\" \/>\n<meta property=\"article:modified_time\" content=\"2026-03-05T14:54:38+00:00\" \/>\n<meta property=\"og:image\" content=\"https:\/\/autokunz.ch\/app\/uploads\/2023\/07\/jobs-bei-auto-kunz-auto-kunz-ag-4.jpg\" \/>\n\t<meta property=\"og:image:width\" content=\"1920\" \/>\n\t<meta property=\"og:image:height\" content=\"1280\" \/>\n\t<meta property=\"og:image:type\" content=\"image\/jpeg\" \/>\n<meta name=\"twitter:card\" content=\"summary_large_image\" \/>\n<meta name=\"twitter:site\" content=\"@autokunzag\" \/>\n<meta name=\"twitter:label1\" content=\"Est. reading time\" \/>\n\t<meta name=\"twitter:data1\" content=\"2 minutes\" \/>\n<script type=\"application\/ld+json\" class=\"yoast-schema-graph\">{\"@context\":\"https:\/\/schema.org\",\"@graph\":[{\"@type\":\"WebPage\",\"@id\":\"https:\/\/autokunz.ch\/unternehmen\/jobs\/\",\"url\":\"https:\/\/autokunz.ch\/unternehmen\/jobs\/\",\"name\":\"Jobs - Stellenangebote | Auto Kunz AG\",\"isPartOf\":{\"@id\":\"https:\/\/autokunz.ch\/#website\"},\"primaryImageOfPage\":{\"@id\":\"https:\/\/autokunz.ch\/unternehmen\/jobs\/#primaryimage\"},\"image\":{\"@id\":\"https:\/\/autokunz.ch\/unternehmen\/jobs\/#primaryimage\"},\"thumbnailUrl\":\"https:\/\/autokunz.ch\/app\/uploads\/2023\/07\/jobs-bei-auto-kunz-auto-kunz-ag-4.jpg\",\"datePublished\":\"2023-05-31T12:41:27+00:00\",\"dateModified\":\"2026-03-05T14:54:38+00:00\",\"description\":\"Jobs - Stellenangebote bei der Auto Kunz AG. Eine stetige Weiterentwicklung ist uns wichtig, daf\u00fcr brauchen wir Dich!\",\"breadcrumb\":{\"@id\":\"https:\/\/autokunz.ch\/unternehmen\/jobs\/#breadcrumb\"},\"inLanguage\":\"it-IT\",\"potentialAction\":[{\"@type\":\"ReadAction\",\"target\":[\"https:\/\/autokunz.ch\/unternehmen\/jobs\/\"]}]},{\"@type\":\"ImageObject\",\"inLanguage\":\"it-IT\",\"@id\":\"https:\/\/autokunz.ch\/unternehmen\/jobs\/#primaryimage\",\"url\":\"https:\/\/autokunz.ch\/app\/uploads\/2023\/07\/jobs-bei-auto-kunz-auto-kunz-ag-4.jpg\",\"contentUrl\":\"https:\/\/autokunz.ch\/app\/uploads\/2023\/07\/jobs-bei-auto-kunz-auto-kunz-ag-4.jpg\",\"width\":1920,\"height\":1280,\"caption\":\"Jobs bei Auto Kunz - Auto Kunz AG mit den schweizweit tiefsten Preisen 3\"},{\"@type\":\"BreadcrumbList\",\"@id\":\"https:\/\/autokunz.ch\/unternehmen\/jobs\/#breadcrumb\",\"itemListElement\":[{\"@type\":\"ListItem\",\"position\":1,\"name\":\"Home\",\"item\":\"https:\/\/autokunz.ch\/it\/\"},{\"@type\":\"ListItem\",\"position\":2,\"name\":\"Unternehmen\",\"item\":\"https:\/\/autokunz.ch\/unternehmen\/\"},{\"@type\":\"ListItem\",\"position\":3,\"name\":\"Jobs bei Auto Kunz\"}]},{\"@type\":\"WebSite\",\"@id\":\"https:\/\/autokunz.ch\/#website\",\"url\":\"https:\/\/autokunz.ch\/\",\"name\":\"Auto Kunz\",\"description\":\"\u00dcber 500 Autos, die tiefsten Preise der Schweiz\",\"publisher\":{\"@id\":\"https:\/\/autokunz.ch\/#organization\"},\"potentialAction\":[{\"@type\":\"SearchAction\",\"target\":{\"@type\":\"EntryPoint\",\"urlTemplate\":\"https:\/\/autokunz.ch\/?s={search_term_string}\"},\"query-input\":{\"@type\":\"PropertyValueSpecification\",\"valueRequired\":true,\"valueName\":\"search_term_string\"}}],\"inLanguage\":\"it-IT\"},{\"@type\":\"Organization\",\"@id\":\"https:\/\/autokunz.ch\/#organization\",\"name\":\"Auto Kunz AG\",\"url\":\"https:\/\/autokunz.ch\/\",\"logo\":{\"@type\":\"ImageObject\",\"inLanguage\":\"it-IT\",\"@id\":\"https:\/\/autokunz.ch\/#\/schema\/logo\/image\/\",\"url\":\"https:\/\/autokunz.ch\/app\/uploads\/2021\/07\/autokunz-ag-wohlen-logo.png\",\"contentUrl\":\"https:\/\/autokunz.ch\/app\/uploads\/2021\/07\/autokunz-ag-wohlen-logo.png\",\"width\":530,\"height\":79,\"caption\":\"Auto Kunz AG\"},\"image\":{\"@id\":\"https:\/\/autokunz.ch\/#\/schema\/logo\/image\/\"},\"sameAs\":[\"https:\/\/www.facebook.com\/AutoKunzAG\",\"https:\/\/x.com\/autokunzag\",\"https:\/\/www.instagram.com\/autokunz.ch\/\",\"https:\/\/www.linkedin.com\/company\/9463486?trk=tyah&amp;amp;amp;trkInfo=clickedVertical:company,idx:1-1-1,tarId:1434043483672,tas:auto kunz\",\"https:\/\/www.pinterest.com\/autokunzag\/\",\"https:\/\/www.youtube.com\/channel\/UCsS22A2abuuzGxbmhsPm-6g\"]}]}<\/script>\n<!-- \/ Yoast SEO plugin. -->","yoast_head_json":{"title":"Jobs - Stellenangebote | Auto Kunz AG","description":"Jobs - Stellenangebote bei der Auto Kunz AG. Eine stetige Weiterentwicklung ist uns wichtig, daf\u00fcr brauchen wir Dich!","robots":{"index":"index","follow":"follow","max-snippet":"max-snippet:-1","max-image-preview":"max-image-preview:large","max-video-preview":"max-video-preview:-1"},"canonical":"https:\/\/autokunz.ch\/unternehmen\/jobs\/","og_locale":"it_IT","og_type":"article","og_title":"Jobs - Stellenangebote | Auto Kunz AG","og_description":"Jobs - Stellenangebote bei der Auto Kunz AG. Eine stetige Weiterentwicklung ist uns wichtig, daf\u00fcr brauchen wir Dich!","og_url":"https:\/\/autokunz.ch\/unternehmen\/jobs\/","og_site_name":"Auto Kunz","article_publisher":"https:\/\/www.facebook.com\/AutoKunzAG","article_modified_time":"2026-03-05T14:54:38+00:00","og_image":[{"width":1920,"height":1280,"url":"https:\/\/autokunz.ch\/app\/uploads\/2023\/07\/jobs-bei-auto-kunz-auto-kunz-ag-4.jpg","type":"image\/jpeg"}],"twitter_card":"summary_large_image","twitter_site":"@autokunzag","twitter_misc":{"Est. reading time":"2 minutes"},"schema":{"@context":"https:\/\/schema.org","@graph":[{"@type":"WebPage","@id":"https:\/\/autokunz.ch\/unternehmen\/jobs\/","url":"https:\/\/autokunz.ch\/unternehmen\/jobs\/","name":"Jobs - Stellenangebote | Auto Kunz AG","isPartOf":{"@id":"https:\/\/autokunz.ch\/#website"},"primaryImageOfPage":{"@id":"https:\/\/autokunz.ch\/unternehmen\/jobs\/#primaryimage"},"image":{"@id":"https:\/\/autokunz.ch\/unternehmen\/jobs\/#primaryimage"},"thumbnailUrl":"https:\/\/autokunz.ch\/app\/uploads\/2023\/07\/jobs-bei-auto-kunz-auto-kunz-ag-4.jpg","datePublished":"2023-05-31T12:41:27+00:00","dateModified":"2026-03-05T14:54:38+00:00","description":"Jobs - Stellenangebote bei der Auto Kunz AG. Eine stetige Weiterentwicklung ist uns wichtig, daf\u00fcr brauchen wir Dich!","breadcrumb":{"@id":"https:\/\/autokunz.ch\/unternehmen\/jobs\/#breadcrumb"},"inLanguage":"it-IT","potentialAction":[{"@type":"ReadAction","target":["https:\/\/autokunz.ch\/unternehmen\/jobs\/"]}]},{"@type":"ImageObject","inLanguage":"it-IT","@id":"https:\/\/autokunz.ch\/unternehmen\/jobs\/#primaryimage","url":"https:\/\/autokunz.ch\/app\/uploads\/2023\/07\/jobs-bei-auto-kunz-auto-kunz-ag-4.jpg","contentUrl":"https:\/\/autokunz.ch\/app\/uploads\/2023\/07\/jobs-bei-auto-kunz-auto-kunz-ag-4.jpg","width":1920,"height":1280,"caption":"Jobs bei Auto Kunz - Auto Kunz AG mit den schweizweit tiefsten Preisen 3"},{"@type":"BreadcrumbList","@id":"https:\/\/autokunz.ch\/unternehmen\/jobs\/#breadcrumb","itemListElement":[{"@type":"ListItem","position":1,"name":"Home","item":"https:\/\/autokunz.ch\/it\/"},{"@type":"ListItem","position":2,"name":"Unternehmen","item":"https:\/\/autokunz.ch\/unternehmen\/"},{"@type":"ListItem","position":3,"name":"Jobs bei Auto Kunz"}]},{"@type":"WebSite","@id":"https:\/\/autokunz.ch\/#website","url":"https:\/\/autokunz.ch\/","name":"Auto Kunz","description":"\u00dcber 500 Autos, die tiefsten Preise der Schweiz","publisher":{"@id":"https:\/\/autokunz.ch\/#organization"},"potentialAction":[{"@type":"SearchAction","target":{"@type":"EntryPoint","urlTemplate":"https:\/\/autokunz.ch\/?s={search_term_string}"},"query-input":{"@type":"PropertyValueSpecification","valueRequired":true,"valueName":"search_term_string"}}],"inLanguage":"it-IT"},{"@type":"Organization","@id":"https:\/\/autokunz.ch\/#organization","name":"Auto Kunz AG","url":"https:\/\/autokunz.ch\/","logo":{"@type":"ImageObject","inLanguage":"it-IT","@id":"https:\/\/autokunz.ch\/#\/schema\/logo\/image\/","url":"https:\/\/autokunz.ch\/app\/uploads\/2021\/07\/autokunz-ag-wohlen-logo.png","contentUrl":"https:\/\/autokunz.ch\/app\/uploads\/2021\/07\/autokunz-ag-wohlen-logo.png","width":530,"height":79,"caption":"Auto Kunz AG"},"image":{"@id":"https:\/\/autokunz.ch\/#\/schema\/logo\/image\/"},"sameAs":["https:\/\/www.facebook.com\/AutoKunzAG","https:\/\/x.com\/autokunzag","https:\/\/www.instagram.com\/autokunz.ch\/","https:\/\/www.linkedin.com\/company\/9463486?trk=tyah&amp;amp;amp;trkInfo=clickedVertical:company,idx:1-1-1,tarId:1434043483672,tas:auto kunz","https:\/\/www.pinterest.com\/autokunzag\/","https:\/\/www.youtube.com\/channel\/UCsS22A2abuuzGxbmhsPm-6g"]}]}},"_links":{"self":[{"href":"https:\/\/autokunz.ch\/it\/wp-json\/wp\/v2\/pages\/4197549","targetHints":{"allow":["GET"]}}],"collection":[{"href":"https:\/\/autokunz.ch\/it\/wp-json\/wp\/v2\/pages"}],"about":[{"href":"https:\/\/autokunz.ch\/it\/wp-json\/wp\/v2\/types\/page"}],"author":[{"embeddable":true,"href":"https:\/\/autokunz.ch\/it\/wp-json\/wp\/v2\/users\/2"}],"replies":[{"embeddable":true,"href":"https:\/\/autokunz.ch\/it\/wp-json\/wp\/v2\/comments?post=4197549"}],"version-history":[{"count":5,"href":"https:\/\/autokunz.ch\/it\/wp-json\/wp\/v2\/pages\/4197549\/revisions"}],"predecessor-version":[{"id":6053758,"href":"https:\/\/autokunz.ch\/it\/wp-json\/wp\/v2\/pages\/4197549\/revisions\/6053758"}],"up":[{"embeddable":true,"href":"https:\/\/autokunz.ch\/it\/wp-json\/wp\/v2\/pages\/31"}],"wp:featuredmedia":[{"embeddable":true,"href":"https:\/\/autokunz.ch\/it\/wp-json\/wp\/v2\/media\/4281380"}],"wp:attachment":[{"href":"https:\/\/autokunz.ch\/it\/wp-json\/wp\/v2\/media?parent=4197549"}],"curies":[{"name":"wp","href":"https:\/\/api.w.org\/{rel}","templated":true}]}}