{"id":51734,"date":"2019-06-30T19:08:25","date_gmt":"2019-06-30T17:08:25","guid":{"rendered":"https:\/\/autokunz.ch\/autos-2\/eu-fahrzeuglager\/"},"modified":"2019-09-26T08:56:14","modified_gmt":"2019-09-26T06:56:14","slug":"stock-eu","status":"publish","type":"page","link":"https:\/\/autokunz.ch\/it\/autos-2\/stock-eu\/","title":{"rendered":"Stock EU"},"content":{"rendered":"\n<div class=\"wp-block-columns has-4-columns is-layout-flex wp-container-core-columns-is-layout-9d6595d7 wp-block-columns-is-layout-flex\">\n<div class=\"wp-block-column is-layout-flow wp-block-column-is-layout-flow\"><div class=\"text-box d-flex flex-column h-100\">\n                                    \n            <h4 class=\"text-box__title\">Stock Europa orientale<\/h4>\n                    <div class=\"text-box__text text-normal \">\n                <p>Vetture Stock UE<\/p>\n\n            <\/div>\n                            <div class=\"mt-auto text-box__link-container\">\n                <div class=\"empty-line-1\"><\/div>\n                                                    <a href=\"https:\/\/stock2.carset.de\/index.php?user=autokunz1\"\n                       class=\"text-button text-button--primary\"\n                       >Stock Europa orientale<\/a>\n                            <\/div>\n            <\/div>\n\n<\/div>\n\n\n\n<div class=\"wp-block-column is-layout-flow wp-block-column-is-layout-flow\"><div class=\"text-box d-flex flex-column h-100\">\n                                    \n            <h4 class=\"text-box__title\">Stock Europa occidentale<\/h4>\n                    <div class=\"text-box__text text-normal \">\n                <p>Vetture Stock UE<\/p>\n\n            <\/div>\n                            <div class=\"mt-auto text-box__link-container\">\n                <div class=\"empty-line-1\"><\/div>\n                                                    <a href=\"https:\/\/autokunz.mehrmarken.net\/neuwagen\/*?sort=default&amp;availability=stock\"\n                       class=\"text-button text-button--primary\"\n                       >Stock Europa occidentale<\/a>\n                            <\/div>\n            <\/div>\n\n<\/div>\n\n\n\n<div class=\"wp-block-column is-layout-flow wp-block-column-is-layout-flow\"><div class=\"text-box d-flex flex-column h-100\">\n                                    \n            <h4 class=\"text-box__title\">Stock Europa centrale e meridionale<\/h4>\n                    <div class=\"text-box__text text-normal \">\n                <p>Vetture Stock UE<\/p>\n\n            <\/div>\n                            <div class=\"mt-auto text-box__link-container\">\n                <div class=\"empty-line-1\"><\/div>\n                                                    <a href=\"https:\/\/www.eln.de\/3026eln\/-\/fahrzeugangebote.html\"\n                       class=\"text-button text-button--primary\"\n                       >Stock Europa centrale e meridionale<\/a>\n                            <\/div>\n            <\/div>\n\n<\/div>\n\n\n\n<div class=\"wp-block-column is-layout-flow wp-block-column-is-layout-flow\"><div class=\"text-box d-flex flex-column h-100\">\n                                    \n            <h4 class=\"text-box__title\">Vetture Stock locali<\/h4>\n                    <div class=\"text-box__text text-normal \">\n                <p>Le nostre vetture locali a Wohlen<\/p>\n\n            <\/div>\n                            <div class=\"mt-auto text-box__link-container\">\n                <div class=\"empty-line-1\"><\/div>\n                                                    <a href=\"https:\/\/autokunz.ch\/it\/auto-nuove\/\"\n                       class=\"text-button text-button--primary\"\n                       >Stock Svizzera<\/a>\n                            <\/div>\n            <\/div>\n\n<\/div>\n<\/div>\n\n\n\n<div class=\"wp-block-columns has-2-columns is-layout-flex wp-container-core-columns-is-layout-9d6595d7 wp-block-columns-is-layout-flex\">\n<div class=\"wp-block-column is-layout-flow wp-block-column-is-layout-flow\">\n<h2 class=\"wp-block-heading\">Disponiamo di altri veicoli<\/h2>\n\n\n\n<h3 class=\"wp-block-heading\">nuovi nei nostri stock UE<\/h3>\n\n\n\n<p>Fate una ricerca nell nostro Stock di vetture dell&#8217;Unione Europa. Oltre ai veicoli che pu\u00f2 visionare a Wohlen, abbiamo circa altri 20\u2018000 veicoli presso i stock UE dei nostri fornitori.<\/p>\n\n\n\n<p><a href=\"https:\/\/autokunz.ch\/it\/autos-2\/auto-nuove\/#filter=%7B%7D&amp;sorting=a-z&amp;page=1&amp;display=purchase\">Auto Kunz AG<\/a> non si limita ai 500 veicoli pronti per la consegna a Wohlen. Grazie a una esperienza decennale in questo settore, abbiamo costruito una rete mondiale di fornitori e partner commerciali.<\/p>\n<\/div>\n\n\n\n<div class=\"wp-block-column is-layout-flow wp-block-column-is-layout-flow\">\n<figure class=\"wp-block-image\"><img decoding=\"async\" src=\"https:\/\/autokunz.ch\/app\/uploads\/2019\/08\/EU-Fahrzeuglager-3-1-1366x912.jpg\" alt=\"\" class=\"wp-image-8489\"\/><\/figure>\n<\/div>\n<\/div>\n\n\n\n<hr class=\"wp-block-separator\"\/>\n\n\n\n<div class=\"wp-block-columns has-2-columns is-layout-flex wp-container-core-columns-is-layout-9d6595d7 wp-block-columns-is-layout-flex\">\n<div class=\"wp-block-column is-layout-flow wp-block-column-is-layout-flow\">\n<p>Manteniamo attivamente questi contatti in tutto il mondo tanto da instaurare <a href=\"https:\/\/autokunz.ch\/it\/azienda\/partner\/\">partnership<\/a> di lunga data forti ed estremamente affidabili. Degno di nota \u00e8 il fatto che grazie a queste relazioni possiamo accedere a un deposito EU. Oltre 20\u2018000 veicoli sono disponibili su richiesta nei nostri depositi EU e presso i nostri fornitori. Consulti la nostra offerta dei stock EU e cerchi l&#8217;auto che desidera. <\/p>\n\n\n\n<p>Si tratta della pi\u00f9 grande offerta d&#8217;auto che lei pu\u00f2 trovare principalmente solo presso i concessionari svizzeri. Tutti i nostri prezzi s&#8217;intendo in franchi svizzeri, sdoganamento e tassazione delle auto inclusi. Inoltri i nostri veicoli vengono consegnati sul posto, immatricolati e venduti al prezzo indicato inclusivi di tassa <a href=\"https:\/\/autokunz.ch\/it\/assistenza\/servizi-import\/\">CO2<\/a>. Pertanto lei non dovr\u00e0 preoccuparsi delle formalit\u00e0 e tantomeno effettuare conversioni complicate.<\/p>\n<\/div>\n\n\n\n<div class=\"wp-block-column is-layout-flow wp-block-column-is-layout-flow\">\n<p>I veicoli dei nostri depositi UE godono dello stesso <a href=\"https:\/\/autokunz.ch\/it\/assistenza\/swiss-package-auto-nuove\/\">servizio completo<\/a> che offriamo per tutti i veicoli disponibili a Wohlen. Quindi non importa da quale assortimento lei acquista la sua auto da noi perch\u00e9 ricever\u00e0 qualsiasi veicolo con il nostro <a href=\"https:\/\/autokunz.ch\/it\/assistenza\/swiss-package-auto-nuove\/\">Swiss Package<\/a>.   <\/p>\n\n\n\n<p>Nella nostra offerta trover\u00e0 modelli di tutti i produttori. Ampliamo continuamente il nostro assortimento. Se non dovesse trovare il veicolo adatto nel nostro deposito EU, non deve fare altro che controllare regolarmente. Siamo certi che presto avremo la sua auto dei sogni presso uno dei nostri partner o addirittura da noi sul posto.  <\/p>\n<\/div>\n<\/div>\n","protected":false},"excerpt":{"rendered":"<p>Disponiamo di altri veicoli nuovi nei nostri stock UE Fate una ricerca nell nostro Stock di vetture dell&#8217;Unione Europa. Oltre ai veicoli che pu\u00f2 visionare a Wohlen, abbiamo circa altri 20\u2018000 veicoli presso i stock UE dei nostri fornitori. Auto Kunz AG non si limita ai 500 veicoli pronti per la consegna a Wohlen. Grazie &hellip; <a class=\"text-button text-button--primary text-button--no-arrow\" href=\"https:\/\/autokunz.ch\/it\/autos-2\/stock-eu\/\">continua<\/a><\/p>\n","protected":false},"author":1,"featured_media":51853,"parent":44584,"menu_order":0,"comment_status":"closed","ping_status":"closed","template":"","meta":{"_acf_changed":false,"footnotes":""},"class_list":["post-51734","page","type-page","status-publish","has-post-thumbnail","hentry"],"acf":[],"yoast_head":"<!-- This site is optimized with the Yoast SEO plugin v27.0 - https:\/\/yoast.com\/product\/yoast-seo-wordpress\/ -->\n<title>Unser EU-Fahrzeuglager - \u00dcber 20&#039;000 Autos f\u00fcr Sie - Auto Kunz<\/title>\n<meta name=\"description\" content=\"Wir bieten Ihnen nebst den Fahrzeugen, welche Sie in Wohlen besichtigen k\u00f6nnen, auch noch weitere ca. 20\u2018000 Fahrzeuge in unserem Lieferanten EU Lager an.\" \/>\n<meta name=\"robots\" content=\"index, follow, max-snippet:-1, max-image-preview:large, max-video-preview:-1\" \/>\n<link rel=\"canonical\" href=\"https:\/\/autokunz.ch\/it\/autos-2\/stock-eu\/\" \/>\n<meta property=\"og:locale\" content=\"it_IT\" \/>\n<meta property=\"og:type\" content=\"article\" \/>\n<meta property=\"og:title\" content=\"Unser EU-Fahrzeuglager - \u00dcber 20&#039;000 Autos f\u00fcr Sie - Auto Kunz\" \/>\n<meta property=\"og:description\" content=\"Wir bieten Ihnen nebst den Fahrzeugen, welche Sie in Wohlen besichtigen k\u00f6nnen, auch noch weitere ca. 20\u2018000 Fahrzeuge in unserem Lieferanten EU Lager an.\" \/>\n<meta property=\"og:url\" content=\"https:\/\/autokunz.ch\/it\/autos-2\/stock-eu\/\" \/>\n<meta property=\"og:site_name\" content=\"Auto Kunz\" \/>\n<meta property=\"article:publisher\" content=\"https:\/\/www.facebook.com\/AutoKunzAG\" \/>\n<meta property=\"article:modified_time\" content=\"2019-09-26T06:56:14+00:00\" \/>\n<meta property=\"og:image\" content=\"https:\/\/autokunz.ch\/app\/uploads\/2019\/09\/stock-eu.jpg\" \/>\n\t<meta property=\"og:image:width\" content=\"1536\" \/>\n\t<meta property=\"og:image:height\" content=\"863\" \/>\n\t<meta property=\"og:image:type\" content=\"image\/jpeg\" \/>\n<meta name=\"twitter:card\" content=\"summary_large_image\" \/>\n<meta name=\"twitter:site\" content=\"@autokunzag\" \/>\n<meta name=\"twitter:label1\" content=\"Est. reading time\" \/>\n\t<meta name=\"twitter:data1\" content=\"1 minute\" \/>\n<script type=\"application\/ld+json\" class=\"yoast-schema-graph\">{\"@context\":\"https:\/\/schema.org\",\"@graph\":[{\"@type\":\"WebPage\",\"@id\":\"https:\/\/autokunz.ch\/it\/autos-2\/stock-eu\/\",\"url\":\"https:\/\/autokunz.ch\/it\/autos-2\/stock-eu\/\",\"name\":\"Unser EU-Fahrzeuglager - \u00dcber 20'000 Autos f\u00fcr Sie - Auto Kunz\",\"isPartOf\":{\"@id\":\"https:\/\/autokunz.ch\/#website\"},\"primaryImageOfPage\":{\"@id\":\"https:\/\/autokunz.ch\/it\/autos-2\/stock-eu\/#primaryimage\"},\"image\":{\"@id\":\"https:\/\/autokunz.ch\/it\/autos-2\/stock-eu\/#primaryimage\"},\"thumbnailUrl\":\"https:\/\/autokunz.ch\/app\/uploads\/2019\/09\/stock-eu.jpg\",\"datePublished\":\"2019-06-30T17:08:25+00:00\",\"dateModified\":\"2019-09-26T06:56:14+00:00\",\"description\":\"Wir bieten Ihnen nebst den Fahrzeugen, welche Sie in Wohlen besichtigen k\u00f6nnen, auch noch weitere ca. 20\u2018000 Fahrzeuge in unserem Lieferanten EU Lager an.\",\"breadcrumb\":{\"@id\":\"https:\/\/autokunz.ch\/it\/autos-2\/stock-eu\/#breadcrumb\"},\"inLanguage\":\"it-IT\",\"potentialAction\":[{\"@type\":\"ReadAction\",\"target\":[\"https:\/\/autokunz.ch\/it\/autos-2\/stock-eu\/\"]}]},{\"@type\":\"ImageObject\",\"inLanguage\":\"it-IT\",\"@id\":\"https:\/\/autokunz.ch\/it\/autos-2\/stock-eu\/#primaryimage\",\"url\":\"https:\/\/autokunz.ch\/app\/uploads\/2019\/09\/stock-eu.jpg\",\"contentUrl\":\"https:\/\/autokunz.ch\/app\/uploads\/2019\/09\/stock-eu.jpg\",\"width\":1536,\"height\":863,\"caption\":\"Cars export terminal in export and import business and logistics. Shipping cargo to harbor. Water transport International. Aerial view and top view.\"},{\"@type\":\"BreadcrumbList\",\"@id\":\"https:\/\/autokunz.ch\/it\/autos-2\/stock-eu\/#breadcrumb\",\"itemListElement\":[{\"@type\":\"ListItem\",\"position\":1,\"name\":\"Home\",\"item\":\"https:\/\/autokunz.ch\/it\/\"},{\"@type\":\"ListItem\",\"position\":2,\"name\":\"Auto\",\"item\":\"https:\/\/autokunz.ch\/it\/autos-2\/\"},{\"@type\":\"ListItem\",\"position\":3,\"name\":\"Stock EU\"}]},{\"@type\":\"WebSite\",\"@id\":\"https:\/\/autokunz.ch\/#website\",\"url\":\"https:\/\/autokunz.ch\/\",\"name\":\"Auto Kunz\",\"description\":\"\u00dcber 500 Autos, die tiefsten Preise der Schweiz\",\"publisher\":{\"@id\":\"https:\/\/autokunz.ch\/#organization\"},\"potentialAction\":[{\"@type\":\"SearchAction\",\"target\":{\"@type\":\"EntryPoint\",\"urlTemplate\":\"https:\/\/autokunz.ch\/?s={search_term_string}\"},\"query-input\":{\"@type\":\"PropertyValueSpecification\",\"valueRequired\":true,\"valueName\":\"search_term_string\"}}],\"inLanguage\":\"it-IT\"},{\"@type\":\"Organization\",\"@id\":\"https:\/\/autokunz.ch\/#organization\",\"name\":\"Auto Kunz AG\",\"url\":\"https:\/\/autokunz.ch\/\",\"logo\":{\"@type\":\"ImageObject\",\"inLanguage\":\"it-IT\",\"@id\":\"https:\/\/autokunz.ch\/#\/schema\/logo\/image\/\",\"url\":\"https:\/\/autokunz.ch\/app\/uploads\/2021\/07\/autokunz-ag-wohlen-logo.png\",\"contentUrl\":\"https:\/\/autokunz.ch\/app\/uploads\/2021\/07\/autokunz-ag-wohlen-logo.png\",\"width\":530,\"height\":79,\"caption\":\"Auto Kunz AG\"},\"image\":{\"@id\":\"https:\/\/autokunz.ch\/#\/schema\/logo\/image\/\"},\"sameAs\":[\"https:\/\/www.facebook.com\/AutoKunzAG\",\"https:\/\/x.com\/autokunzag\",\"https:\/\/www.instagram.com\/autokunz.ch\/\",\"https:\/\/www.linkedin.com\/company\/9463486?trk=tyah&amp;amp;amp;trkInfo=clickedVertical:company,idx:1-1-1,tarId:1434043483672,tas:auto kunz\",\"https:\/\/www.pinterest.com\/autokunzag\/\",\"https:\/\/www.youtube.com\/channel\/UCsS22A2abuuzGxbmhsPm-6g\"]}]}<\/script>\n<!-- \/ Yoast SEO plugin. -->","yoast_head_json":{"title":"Unser EU-Fahrzeuglager - \u00dcber 20'000 Autos f\u00fcr Sie - Auto Kunz","description":"Wir bieten Ihnen nebst den Fahrzeugen, welche Sie in Wohlen besichtigen k\u00f6nnen, auch noch weitere ca. 20\u2018000 Fahrzeuge in unserem Lieferanten EU Lager an.","robots":{"index":"index","follow":"follow","max-snippet":"max-snippet:-1","max-image-preview":"max-image-preview:large","max-video-preview":"max-video-preview:-1"},"canonical":"https:\/\/autokunz.ch\/it\/autos-2\/stock-eu\/","og_locale":"it_IT","og_type":"article","og_title":"Unser EU-Fahrzeuglager - \u00dcber 20'000 Autos f\u00fcr Sie - Auto Kunz","og_description":"Wir bieten Ihnen nebst den Fahrzeugen, welche Sie in Wohlen besichtigen k\u00f6nnen, auch noch weitere ca. 20\u2018000 Fahrzeuge in unserem Lieferanten EU Lager an.","og_url":"https:\/\/autokunz.ch\/it\/autos-2\/stock-eu\/","og_site_name":"Auto Kunz","article_publisher":"https:\/\/www.facebook.com\/AutoKunzAG","article_modified_time":"2019-09-26T06:56:14+00:00","og_image":[{"width":1536,"height":863,"url":"https:\/\/autokunz.ch\/app\/uploads\/2019\/09\/stock-eu.jpg","type":"image\/jpeg"}],"twitter_card":"summary_large_image","twitter_site":"@autokunzag","twitter_misc":{"Est. reading time":"1 minute"},"schema":{"@context":"https:\/\/schema.org","@graph":[{"@type":"WebPage","@id":"https:\/\/autokunz.ch\/it\/autos-2\/stock-eu\/","url":"https:\/\/autokunz.ch\/it\/autos-2\/stock-eu\/","name":"Unser EU-Fahrzeuglager - \u00dcber 20'000 Autos f\u00fcr Sie - Auto Kunz","isPartOf":{"@id":"https:\/\/autokunz.ch\/#website"},"primaryImageOfPage":{"@id":"https:\/\/autokunz.ch\/it\/autos-2\/stock-eu\/#primaryimage"},"image":{"@id":"https:\/\/autokunz.ch\/it\/autos-2\/stock-eu\/#primaryimage"},"thumbnailUrl":"https:\/\/autokunz.ch\/app\/uploads\/2019\/09\/stock-eu.jpg","datePublished":"2019-06-30T17:08:25+00:00","dateModified":"2019-09-26T06:56:14+00:00","description":"Wir bieten Ihnen nebst den Fahrzeugen, welche Sie in Wohlen besichtigen k\u00f6nnen, auch noch weitere ca. 20\u2018000 Fahrzeuge in unserem Lieferanten EU Lager an.","breadcrumb":{"@id":"https:\/\/autokunz.ch\/it\/autos-2\/stock-eu\/#breadcrumb"},"inLanguage":"it-IT","potentialAction":[{"@type":"ReadAction","target":["https:\/\/autokunz.ch\/it\/autos-2\/stock-eu\/"]}]},{"@type":"ImageObject","inLanguage":"it-IT","@id":"https:\/\/autokunz.ch\/it\/autos-2\/stock-eu\/#primaryimage","url":"https:\/\/autokunz.ch\/app\/uploads\/2019\/09\/stock-eu.jpg","contentUrl":"https:\/\/autokunz.ch\/app\/uploads\/2019\/09\/stock-eu.jpg","width":1536,"height":863,"caption":"Cars export terminal in export and import business and logistics. Shipping cargo to harbor. Water transport International. Aerial view and top view."},{"@type":"BreadcrumbList","@id":"https:\/\/autokunz.ch\/it\/autos-2\/stock-eu\/#breadcrumb","itemListElement":[{"@type":"ListItem","position":1,"name":"Home","item":"https:\/\/autokunz.ch\/it\/"},{"@type":"ListItem","position":2,"name":"Auto","item":"https:\/\/autokunz.ch\/it\/autos-2\/"},{"@type":"ListItem","position":3,"name":"Stock EU"}]},{"@type":"WebSite","@id":"https:\/\/autokunz.ch\/#website","url":"https:\/\/autokunz.ch\/","name":"Auto Kunz","description":"\u00dcber 500 Autos, die tiefsten Preise der Schweiz","publisher":{"@id":"https:\/\/autokunz.ch\/#organization"},"potentialAction":[{"@type":"SearchAction","target":{"@type":"EntryPoint","urlTemplate":"https:\/\/autokunz.ch\/?s={search_term_string}"},"query-input":{"@type":"PropertyValueSpecification","valueRequired":true,"valueName":"search_term_string"}}],"inLanguage":"it-IT"},{"@type":"Organization","@id":"https:\/\/autokunz.ch\/#organization","name":"Auto Kunz AG","url":"https:\/\/autokunz.ch\/","logo":{"@type":"ImageObject","inLanguage":"it-IT","@id":"https:\/\/autokunz.ch\/#\/schema\/logo\/image\/","url":"https:\/\/autokunz.ch\/app\/uploads\/2021\/07\/autokunz-ag-wohlen-logo.png","contentUrl":"https:\/\/autokunz.ch\/app\/uploads\/2021\/07\/autokunz-ag-wohlen-logo.png","width":530,"height":79,"caption":"Auto Kunz AG"},"image":{"@id":"https:\/\/autokunz.ch\/#\/schema\/logo\/image\/"},"sameAs":["https:\/\/www.facebook.com\/AutoKunzAG","https:\/\/x.com\/autokunzag","https:\/\/www.instagram.com\/autokunz.ch\/","https:\/\/www.linkedin.com\/company\/9463486?trk=tyah&amp;amp;amp;trkInfo=clickedVertical:company,idx:1-1-1,tarId:1434043483672,tas:auto kunz","https:\/\/www.pinterest.com\/autokunzag\/","https:\/\/www.youtube.com\/channel\/UCsS22A2abuuzGxbmhsPm-6g"]}]}},"_links":{"self":[{"href":"https:\/\/autokunz.ch\/it\/wp-json\/wp\/v2\/pages\/51734","targetHints":{"allow":["GET"]}}],"collection":[{"href":"https:\/\/autokunz.ch\/it\/wp-json\/wp\/v2\/pages"}],"about":[{"href":"https:\/\/autokunz.ch\/it\/wp-json\/wp\/v2\/types\/page"}],"author":[{"embeddable":true,"href":"https:\/\/autokunz.ch\/it\/wp-json\/wp\/v2\/users\/1"}],"replies":[{"embeddable":true,"href":"https:\/\/autokunz.ch\/it\/wp-json\/wp\/v2\/comments?post=51734"}],"version-history":[{"count":3,"href":"https:\/\/autokunz.ch\/it\/wp-json\/wp\/v2\/pages\/51734\/revisions"}],"predecessor-version":[{"id":1500123,"href":"https:\/\/autokunz.ch\/it\/wp-json\/wp\/v2\/pages\/51734\/revisions\/1500123"}],"up":[{"embeddable":true,"href":"https:\/\/autokunz.ch\/it\/wp-json\/wp\/v2\/pages\/44584"}],"wp:featuredmedia":[{"embeddable":true,"href":"https:\/\/autokunz.ch\/it\/wp-json\/wp\/v2\/media\/51853"}],"wp:attachment":[{"href":"https:\/\/autokunz.ch\/it\/wp-json\/wp\/v2\/media?parent=51734"}],"curies":[{"name":"wp","href":"https:\/\/api.w.org\/{rel}","templated":true}]}}