{"id":51927,"date":"2019-06-21T14:23:19","date_gmt":"2019-06-21T12:23:19","guid":{"rendered":"https:\/\/autokunz.ch\/service\/"},"modified":"2024-09-11T13:40:27","modified_gmt":"2024-09-11T11:40:27","slug":"prestazioni-e-servizi","status":"publish","type":"page","link":"https:\/\/autokunz.ch\/it\/prestazioni-e-servizi\/","title":{"rendered":"Prestazioni e servizi"},"content":{"rendered":"\n<div class=\"wp-block-columns has-2-columns is-layout-flex wp-container-core-columns-is-layout-9d6595d7 wp-block-columns-is-layout-flex\">\n<div class=\"wp-block-column is-layout-flow wp-block-column-is-layout-flow\">\n<h2 class=\"wp-block-heading\">Prestazioni: offriamo tutto quello che serve per la sua auto<\/h2>\n\n\n\n<p>Indipendentemente dal fatto che lei acquisti, noleggi, sottoponga a manutenzione o faccia riparare l&#8217;auto: noi siamo qui per lei. <\/p>\n\n\n\n<p>Se desidera acquistare un&#8217;auto nuova o usata, con noi fa la cosa giusta. Se preferisce un leasing o un pagamento rateale, saremo noi ad occuparci di tutte le questioni del finanziamento e delle pratiche burocratiche. <\/p>\n\n\n\n<p>Preferisce noleggiare un&#8217;auto, non deve fare altro che prenotare la nostra offerta <a href=\"https:\/\/autokunz.ch\/it\/autos-2\/auto-abo-e-trasporto-pubblico\/#filter=%7B%7D&amp;sorting=a-z&amp;page=1&amp;display=purchase\">Auto Abo &amp; trasporto pubblico<\/a> per avere tutto a prezzo fisso. Tutte le spese, carburante escluso, sono gi\u00e0 comprese nel prezzo di noleggio come anche nell nostro prodotto nuovo &#8220;All Inclusive Leasing&#8221;. La sottoscrizione di un abbonamento met\u00e0-prezzo completa questo servizio al top. <\/p>\n\n\n\n<p>Ha scelto l&#8217;acquisto, ma non \u00e8 ancora del tutto convinto: allora la nostra offerta try &amp; buy \u00e8 quello che fa per lei. Lei noleggia la sua auto senza impegno per 3 mesi e dopo 3 mesi avr\u00e0 un diritto di prelazione sull&#8217;acquisto della sua auto con una detrazione del 50% delle spese di noleggio sostenute. Se contrariamente al previsto non dovesse essere soddisfatto del suo acquisto, pu\u00f2 approfittare del nostro diritto di restituzione per auto nuove e usate. <a href=\"https:\/\/autokunz.ch\/it\/autos-2\/auto-nuove\/#filter=%7B%7D&amp;sorting=a-z&amp;page=1&amp;display=purchase\">Quindi potr\u00e0 decidere di cambiare senza dare spiegazioni, maggiori informazioni qui. <\/a><\/p>\n<\/div>\n\n\n\n<div class=\"wp-block-column is-layout-flow wp-block-column-is-layout-flow\">\n<figure class=\"wp-block-image\"><img decoding=\"async\" src=\"https:\/\/autokunz.ch\/app\/uploads\/2019\/08\/1.2-Service-mit-MA-in-Werksatt-1366x911.jpg\" alt=\"\" class=\"wp-image-8501\"\/><\/figure>\n<\/div>\n<\/div>\n\n\n\n<div class=\"wp-block-columns has-4-columns is-layout-flex wp-container-core-columns-is-layout-9d6595d7 wp-block-columns-is-layout-flex\">\n<div class=\"wp-block-column is-layout-flow wp-block-column-is-layout-flow\"><div class=\"text-box d-flex flex-column h-100\">\n                                    \n            <h4 class=\"text-box__title\">SWISS PACKAGE<\/h4>\n                    <div class=\"text-box__text text-normal \">\n                <p>I nostri servizi principali per voi e la vostra nuova auto: servizio di assistenza, politica di restituzione, finanziamento &#8230;<\/p>\n<p>&nbsp;<\/p>\n\n            <\/div>\n                            <div class=\"mt-auto text-box__link-container\">\n                <div class=\"empty-line-1\"><\/div>\n                                                    <a href=\"#\"\n                       class=\"text-button text-button--primary\"\n                       >continua a leggere<\/a>\n                            <\/div>\n            <\/div>\n\n\n\n\n<p><\/p>\n<\/div>\n\n\n\n<div class=\"wp-block-column is-layout-flow wp-block-column-is-layout-flow\"><div class=\"text-box d-flex flex-column h-100\">\n                                    \n            <h4 class=\"text-box__title\">PACCHETO OCCASIONE<\/h4>\n                    <div class=\"text-box__text text-normal \">\n                <p>Tra la nostra ampia gamma di veicoli trova sempre oltre 100 auto usate a magazzino. Un altro migliaio &#8230;<\/p>\n<p>&nbsp;<\/p>\n\n            <\/div>\n                            <div class=\"mt-auto text-box__link-container\">\n                <div class=\"empty-line-1\"><\/div>\n                                                    <a href=\"https:\/\/autokunz.ch\/it\/prestazioni-e-servizi\/pacchetto-occasione\/\"\n                       class=\"text-button text-button--primary\"\n                       >continua a leggere<\/a>\n                            <\/div>\n            <\/div>\n\n<\/div>\n\n\n\n<div class=\"wp-block-column is-layout-flow wp-block-column-is-layout-flow\"><div class=\"text-box d-flex flex-column h-100\">\n                                    \n            <h4 class=\"text-box__title\">BORSA CO2<\/h4>\n                    <div class=\"text-box__text text-normal \">\n                <p>Con noi paga poca o nessuna tassa sul CO2. Scopra di pi\u00f9 sui vantaggi del nostro mercato del carbonio e risparmia migliaia di dollari &#8230;<\/p>\n\n            <\/div>\n                            <div class=\"mt-auto text-box__link-container\">\n                <div class=\"empty-line-1\"><\/div>\n                                                    <a href=\"#\"\n                       class=\"text-button text-button--primary\"\n                       >continua a leggere<\/a>\n                            <\/div>\n            <\/div>\n\n\n\n\n<p><\/p>\n<\/div>\n\n\n\n<div class=\"wp-block-column is-layout-flow wp-block-column-is-layout-flow\"><div class=\"text-box d-flex flex-column h-100\">\n                                    \n            <h4 class=\"text-box__title\">OFFICINA<\/h4>\n                    <div class=\"text-box__text text-normal \">\n                <p>Offriamo manutenzione e riparazioni professionali per tutte le marche auto. Grazie a oltre 300 partner&#8230;<\/p>\n\n            <\/div>\n                            <div class=\"mt-auto text-box__link-container\">\n                <div class=\"empty-line-1\"><\/div>\n                                                    <a href=\"https:\/\/autokunz.ch\/it\/prestazioni-e-servizi\/officina\/\"\n                       class=\"text-button text-button--primary\"\n                       >continua a leggere<\/a>\n                            <\/div>\n            <\/div>\n\n<\/div>\n<\/div>\n\n\n\n<div class=\"wp-block-columns has-4-columns is-layout-flex wp-container-core-columns-is-layout-9d6595d7 wp-block-columns-is-layout-flex\">\n<div class=\"wp-block-column is-layout-flow wp-block-column-is-layout-flow\"><div class=\"text-box d-flex flex-column h-100\">\n                                    \n            <h4 class=\"text-box__title\">TUTTE LE MARCHE<\/h4>\n                    <div class=\"text-box__text text-normal \">\n                <p>Ha gi\u00e0 una marca preferita? Da noi 35 marche auto aspettano che lei trovi la sua con una pratica funzione di ricerca&#8230;<\/p>\n\n            <\/div>\n                            <div class=\"mt-auto text-box__link-container\">\n                <div class=\"empty-line-1\"><\/div>\n                                                    <a href=\"https:\/\/autokunz.ch\/it\/autos-2\/panoramica-di-tutti-i-marchi-automobilistici\/\"\n                       class=\"text-button text-button--primary\"\n                       >continua a leggere<\/a>\n                            <\/div>\n            <\/div>\n\n<\/div>\n\n\n\n<div class=\"wp-block-column is-layout-flow wp-block-column-is-layout-flow\"><div class=\"text-box d-flex flex-column h-100\">\n                                    \n            <h4 class=\"text-box__title\">SOCCORSO STRADALE<\/h4>\n                    <div class=\"text-box__text text-normal \">\n                <p>Il nostro servizio di soccorso stradale \u00e8 a sua disposizione 24 ore al giorno e 365 giorni all&#8217;anno. L&#8217;assistenza clienti ottimale per noi ha la massima priorit\u00e0&#8230;<\/p>\n\n            <\/div>\n                            <div class=\"mt-auto text-box__link-container\">\n                <div class=\"empty-line-1\"><\/div>\n                                                    <a href=\"https:\/\/autokunz.ch\/it\/prestazioni-e-servizi\/soccorso-stradale\/\"\n                       class=\"text-button text-button--primary\"\n                       >continua a leggere<\/a>\n                            <\/div>\n            <\/div>\n\n<\/div>\n\n\n\n<div class=\"wp-block-column is-layout-flow wp-block-column-is-layout-flow\"><div class=\"text-box d-flex flex-column h-100\">\n                                    \n            <h4 class=\"text-box__title\">SERVIZIO IMPORTAZIONE<\/h4>\n                    <div class=\"text-box__text text-normal \">\n                <p>Come specialisti nell&#8217;area di importazione, offriamo anche servizi di trasporto e registrazione. Ci\u00f2 significa che importiamo l&#8217;auto dei tuoi sogni dalla destinazione &#8230;<\/p>\n\n            <\/div>\n                            <div class=\"mt-auto text-box__link-container\">\n                <div class=\"empty-line-1\"><\/div>\n                                                    <a href=\"https:\/\/autokunz.ch\/it\/prestazioni-e-servizi\/servizi-import\/\"\n                       class=\"text-button text-button--primary\"\n                       >continua a leggere<\/a>\n                            <\/div>\n            <\/div>\n\n<\/div>\n\n\n\n<div class=\"wp-block-column is-layout-flow wp-block-column-is-layout-flow\"><\/div>\n<\/div>\n\n\n\n<hr class=\"wp-block-separator has-css-opacity is-style-wide\"\/>\n\n\n\n<div class=\"wp-block-columns has-2-columns is-layout-flex wp-container-core-columns-is-layout-9d6595d7 wp-block-columns-is-layout-flex\">\n<div class=\"wp-block-column is-layout-flow wp-block-column-is-layout-flow\">\n<p>Desidera conservare i suoi pneumatici estivi o invernali nel nostro hotel pneumatici: non c&#8217;\u00e8 problema.&nbsp; Possiamo offrile una soluzione di immagazzinamento anche per il suo hardtop o altri accessori.<br><br>Per via elettronica la terremo informata su tutte le questioni relative alle auto. Quando fare il tagliando o quando sostituire gli pneumatici invernali. La informeremo anche in anticipo della scadenza della garanzia. Pu\u00f2 prenotare i tagliandi e il montaggio degli pneumatici tranquillamente dal suo cellulare 24 ore su 24, 7 giorni su 7. Tutto grazie al nostro planner online.<\/p>\n\n\n\n<p>Anche per gli interventi su carrozzeria e verniciatura i nostri specialisti possono effettuare riparazioni e chiarire tutto ci\u00f2 che serve con l&#8217;assicurazione.<\/p>\n<\/div>\n\n\n\n<div class=\"wp-block-column is-layout-flow wp-block-column-is-layout-flow\">\n<p>Riparazioni dei cristalli come pure su meccanica, sistema elettrico o elettronica sono tutti interventi che in nostri specialisti eseguono a regola d&#8217;arte. Il nostro team di tecnici vanta un&#8217;esperienza su un vasto range di marche e possiamo garantirle un&#8217;assistenza qualificata. <\/p>\n\n\n\n<p>La nostra struttura all&#8217;avanguardia ci consente di lavorare in modo moderno con i pi\u00f9 svariati dispositivi diagnostici e collegamenti con il costruttore del veicolo. Da noi pu\u00f2 approfittare di un rapporto qualit\u00e0\/prezzo di prima classe e ogni volta continuer\u00e0 a rimanere stupito dall&#8217;alta qualit\u00e0 del nostro lavoro.<\/p>\n<\/div>\n<\/div>\n","protected":false},"excerpt":{"rendered":"<p>Prestazioni: offriamo tutto quello che serve per la sua auto Indipendentemente dal fatto che lei acquisti, noleggi, sottoponga a manutenzione o faccia riparare l&#8217;auto: noi siamo qui per lei. Se desidera acquistare un&#8217;auto nuova o usata, con noi fa la cosa giusta. Se preferisce un leasing o un pagamento rateale, saremo noi ad occuparci di &hellip; <a class=\"text-button text-button--primary text-button--no-arrow\" href=\"https:\/\/autokunz.ch\/it\/prestazioni-e-servizi\/\">continua<\/a><\/p>\n","protected":false},"author":1,"featured_media":2807901,"parent":0,"menu_order":2,"comment_status":"closed","ping_status":"closed","template":"","meta":{"_acf_changed":false,"footnotes":""},"class_list":["post-51927","page","type-page","status-publish","has-post-thumbnail","hentry"],"acf":[],"yoast_head":"<!-- This site is optimized with the Yoast SEO plugin v27.0 - https:\/\/yoast.com\/product\/yoast-seo-wordpress\/ -->\n<title>Prestazioni: offriamo tutto quello che serve per la sua auto<\/title>\n<meta name=\"description\" content=\"Indipendentemente dal fatto che lei acquisti, noleggi, sottoponga a manutenzione o faccia riparare l&#039;auto: noi siamo qui per lei.\" \/>\n<meta name=\"robots\" content=\"index, follow, max-snippet:-1, max-image-preview:large, max-video-preview:-1\" \/>\n<link rel=\"canonical\" href=\"https:\/\/autokunz.ch\/it\/prestazioni-e-servizi\/\" \/>\n<meta property=\"og:locale\" content=\"it_IT\" \/>\n<meta property=\"og:type\" content=\"article\" \/>\n<meta property=\"og:title\" content=\"Prestazioni: offriamo tutto quello che serve per la sua auto\" \/>\n<meta property=\"og:description\" content=\"Indipendentemente dal fatto che lei acquisti, noleggi, sottoponga a manutenzione o faccia riparare l&#039;auto: noi siamo qui per lei.\" \/>\n<meta property=\"og:url\" content=\"https:\/\/autokunz.ch\/it\/prestazioni-e-servizi\/\" \/>\n<meta property=\"og:site_name\" content=\"Auto Kunz\" \/>\n<meta property=\"article:publisher\" content=\"https:\/\/www.facebook.com\/AutoKunzAG\" \/>\n<meta property=\"article:modified_time\" content=\"2024-09-11T11:40:27+00:00\" \/>\n<meta property=\"og:image\" content=\"https:\/\/autokunz.ch\/app\/uploads\/2021\/12\/Service-1.jpg\" \/>\n\t<meta property=\"og:image:width\" content=\"1920\" \/>\n\t<meta property=\"og:image:height\" content=\"960\" \/>\n\t<meta property=\"og:image:type\" content=\"image\/jpeg\" \/>\n<meta name=\"twitter:card\" content=\"summary_large_image\" \/>\n<meta name=\"twitter:site\" content=\"@autokunzag\" \/>\n<meta name=\"twitter:label1\" content=\"Est. reading time\" \/>\n\t<meta name=\"twitter:data1\" content=\"3 minutes\" \/>\n<script type=\"application\/ld+json\" class=\"yoast-schema-graph\">{\"@context\":\"https:\/\/schema.org\",\"@graph\":[{\"@type\":\"WebPage\",\"@id\":\"https:\/\/autokunz.ch\/it\/prestazioni-e-servizi\/\",\"url\":\"https:\/\/autokunz.ch\/it\/prestazioni-e-servizi\/\",\"name\":\"Prestazioni: offriamo tutto quello che serve per la sua auto\",\"isPartOf\":{\"@id\":\"https:\/\/autokunz.ch\/#website\"},\"primaryImageOfPage\":{\"@id\":\"https:\/\/autokunz.ch\/it\/prestazioni-e-servizi\/#primaryimage\"},\"image\":{\"@id\":\"https:\/\/autokunz.ch\/it\/prestazioni-e-servizi\/#primaryimage\"},\"thumbnailUrl\":\"https:\/\/autokunz.ch\/app\/uploads\/2021\/12\/Service-1.jpg\",\"datePublished\":\"2019-06-21T12:23:19+00:00\",\"dateModified\":\"2024-09-11T11:40:27+00:00\",\"description\":\"Indipendentemente dal fatto che lei acquisti, noleggi, sottoponga a manutenzione o faccia riparare l'auto: noi siamo qui per lei.\",\"breadcrumb\":{\"@id\":\"https:\/\/autokunz.ch\/it\/prestazioni-e-servizi\/#breadcrumb\"},\"inLanguage\":\"it-IT\",\"potentialAction\":[{\"@type\":\"ReadAction\",\"target\":[\"https:\/\/autokunz.ch\/it\/prestazioni-e-servizi\/\"]}]},{\"@type\":\"ImageObject\",\"inLanguage\":\"it-IT\",\"@id\":\"https:\/\/autokunz.ch\/it\/prestazioni-e-servizi\/#primaryimage\",\"url\":\"https:\/\/autokunz.ch\/app\/uploads\/2021\/12\/Service-1.jpg\",\"contentUrl\":\"https:\/\/autokunz.ch\/app\/uploads\/2021\/12\/Service-1.jpg\",\"width\":1920,\"height\":960,\"caption\":\"Prestazioni e servizi - Auto Kunz AG mit den schweizweit tiefsten Preisen 2\"},{\"@type\":\"BreadcrumbList\",\"@id\":\"https:\/\/autokunz.ch\/it\/prestazioni-e-servizi\/#breadcrumb\",\"itemListElement\":[{\"@type\":\"ListItem\",\"position\":1,\"name\":\"Home\",\"item\":\"https:\/\/autokunz.ch\/it\/\"},{\"@type\":\"ListItem\",\"position\":2,\"name\":\"Prestazioni e servizi\"}]},{\"@type\":\"WebSite\",\"@id\":\"https:\/\/autokunz.ch\/#website\",\"url\":\"https:\/\/autokunz.ch\/\",\"name\":\"Auto Kunz\",\"description\":\"\u00dcber 500 Autos, die tiefsten Preise der Schweiz\",\"publisher\":{\"@id\":\"https:\/\/autokunz.ch\/#organization\"},\"potentialAction\":[{\"@type\":\"SearchAction\",\"target\":{\"@type\":\"EntryPoint\",\"urlTemplate\":\"https:\/\/autokunz.ch\/?s={search_term_string}\"},\"query-input\":{\"@type\":\"PropertyValueSpecification\",\"valueRequired\":true,\"valueName\":\"search_term_string\"}}],\"inLanguage\":\"it-IT\"},{\"@type\":\"Organization\",\"@id\":\"https:\/\/autokunz.ch\/#organization\",\"name\":\"Auto Kunz AG\",\"url\":\"https:\/\/autokunz.ch\/\",\"logo\":{\"@type\":\"ImageObject\",\"inLanguage\":\"it-IT\",\"@id\":\"https:\/\/autokunz.ch\/#\/schema\/logo\/image\/\",\"url\":\"https:\/\/autokunz.ch\/app\/uploads\/2021\/07\/autokunz-ag-wohlen-logo.png\",\"contentUrl\":\"https:\/\/autokunz.ch\/app\/uploads\/2021\/07\/autokunz-ag-wohlen-logo.png\",\"width\":530,\"height\":79,\"caption\":\"Auto Kunz AG\"},\"image\":{\"@id\":\"https:\/\/autokunz.ch\/#\/schema\/logo\/image\/\"},\"sameAs\":[\"https:\/\/www.facebook.com\/AutoKunzAG\",\"https:\/\/x.com\/autokunzag\",\"https:\/\/www.instagram.com\/autokunz.ch\/\",\"https:\/\/www.linkedin.com\/company\/9463486?trk=tyah&amp;amp;amp;trkInfo=clickedVertical:company,idx:1-1-1,tarId:1434043483672,tas:auto kunz\",\"https:\/\/www.pinterest.com\/autokunzag\/\",\"https:\/\/www.youtube.com\/channel\/UCsS22A2abuuzGxbmhsPm-6g\"]}]}<\/script>\n<!-- \/ Yoast SEO plugin. -->","yoast_head_json":{"title":"Prestazioni: offriamo tutto quello che serve per la sua auto","description":"Indipendentemente dal fatto che lei acquisti, noleggi, sottoponga a manutenzione o faccia riparare l'auto: noi siamo qui per lei.","robots":{"index":"index","follow":"follow","max-snippet":"max-snippet:-1","max-image-preview":"max-image-preview:large","max-video-preview":"max-video-preview:-1"},"canonical":"https:\/\/autokunz.ch\/it\/prestazioni-e-servizi\/","og_locale":"it_IT","og_type":"article","og_title":"Prestazioni: offriamo tutto quello che serve per la sua auto","og_description":"Indipendentemente dal fatto che lei acquisti, noleggi, sottoponga a manutenzione o faccia riparare l'auto: noi siamo qui per lei.","og_url":"https:\/\/autokunz.ch\/it\/prestazioni-e-servizi\/","og_site_name":"Auto Kunz","article_publisher":"https:\/\/www.facebook.com\/AutoKunzAG","article_modified_time":"2024-09-11T11:40:27+00:00","og_image":[{"width":1920,"height":960,"url":"https:\/\/autokunz.ch\/app\/uploads\/2021\/12\/Service-1.jpg","type":"image\/jpeg"}],"twitter_card":"summary_large_image","twitter_site":"@autokunzag","twitter_misc":{"Est. reading time":"3 minutes"},"schema":{"@context":"https:\/\/schema.org","@graph":[{"@type":"WebPage","@id":"https:\/\/autokunz.ch\/it\/prestazioni-e-servizi\/","url":"https:\/\/autokunz.ch\/it\/prestazioni-e-servizi\/","name":"Prestazioni: offriamo tutto quello che serve per la sua auto","isPartOf":{"@id":"https:\/\/autokunz.ch\/#website"},"primaryImageOfPage":{"@id":"https:\/\/autokunz.ch\/it\/prestazioni-e-servizi\/#primaryimage"},"image":{"@id":"https:\/\/autokunz.ch\/it\/prestazioni-e-servizi\/#primaryimage"},"thumbnailUrl":"https:\/\/autokunz.ch\/app\/uploads\/2021\/12\/Service-1.jpg","datePublished":"2019-06-21T12:23:19+00:00","dateModified":"2024-09-11T11:40:27+00:00","description":"Indipendentemente dal fatto che lei acquisti, noleggi, sottoponga a manutenzione o faccia riparare l'auto: noi siamo qui per lei.","breadcrumb":{"@id":"https:\/\/autokunz.ch\/it\/prestazioni-e-servizi\/#breadcrumb"},"inLanguage":"it-IT","potentialAction":[{"@type":"ReadAction","target":["https:\/\/autokunz.ch\/it\/prestazioni-e-servizi\/"]}]},{"@type":"ImageObject","inLanguage":"it-IT","@id":"https:\/\/autokunz.ch\/it\/prestazioni-e-servizi\/#primaryimage","url":"https:\/\/autokunz.ch\/app\/uploads\/2021\/12\/Service-1.jpg","contentUrl":"https:\/\/autokunz.ch\/app\/uploads\/2021\/12\/Service-1.jpg","width":1920,"height":960,"caption":"Prestazioni e servizi - Auto Kunz AG mit den schweizweit tiefsten Preisen 2"},{"@type":"BreadcrumbList","@id":"https:\/\/autokunz.ch\/it\/prestazioni-e-servizi\/#breadcrumb","itemListElement":[{"@type":"ListItem","position":1,"name":"Home","item":"https:\/\/autokunz.ch\/it\/"},{"@type":"ListItem","position":2,"name":"Prestazioni e servizi"}]},{"@type":"WebSite","@id":"https:\/\/autokunz.ch\/#website","url":"https:\/\/autokunz.ch\/","name":"Auto Kunz","description":"\u00dcber 500 Autos, die tiefsten Preise der Schweiz","publisher":{"@id":"https:\/\/autokunz.ch\/#organization"},"potentialAction":[{"@type":"SearchAction","target":{"@type":"EntryPoint","urlTemplate":"https:\/\/autokunz.ch\/?s={search_term_string}"},"query-input":{"@type":"PropertyValueSpecification","valueRequired":true,"valueName":"search_term_string"}}],"inLanguage":"it-IT"},{"@type":"Organization","@id":"https:\/\/autokunz.ch\/#organization","name":"Auto Kunz AG","url":"https:\/\/autokunz.ch\/","logo":{"@type":"ImageObject","inLanguage":"it-IT","@id":"https:\/\/autokunz.ch\/#\/schema\/logo\/image\/","url":"https:\/\/autokunz.ch\/app\/uploads\/2021\/07\/autokunz-ag-wohlen-logo.png","contentUrl":"https:\/\/autokunz.ch\/app\/uploads\/2021\/07\/autokunz-ag-wohlen-logo.png","width":530,"height":79,"caption":"Auto Kunz AG"},"image":{"@id":"https:\/\/autokunz.ch\/#\/schema\/logo\/image\/"},"sameAs":["https:\/\/www.facebook.com\/AutoKunzAG","https:\/\/x.com\/autokunzag","https:\/\/www.instagram.com\/autokunz.ch\/","https:\/\/www.linkedin.com\/company\/9463486?trk=tyah&amp;amp;amp;trkInfo=clickedVertical:company,idx:1-1-1,tarId:1434043483672,tas:auto kunz","https:\/\/www.pinterest.com\/autokunzag\/","https:\/\/www.youtube.com\/channel\/UCsS22A2abuuzGxbmhsPm-6g"]}]}},"_links":{"self":[{"href":"https:\/\/autokunz.ch\/it\/wp-json\/wp\/v2\/pages\/51927","targetHints":{"allow":["GET"]}}],"collection":[{"href":"https:\/\/autokunz.ch\/it\/wp-json\/wp\/v2\/pages"}],"about":[{"href":"https:\/\/autokunz.ch\/it\/wp-json\/wp\/v2\/types\/page"}],"author":[{"embeddable":true,"href":"https:\/\/autokunz.ch\/it\/wp-json\/wp\/v2\/users\/1"}],"replies":[{"embeddable":true,"href":"https:\/\/autokunz.ch\/it\/wp-json\/wp\/v2\/comments?post=51927"}],"version-history":[{"count":3,"href":"https:\/\/autokunz.ch\/it\/wp-json\/wp\/v2\/pages\/51927\/revisions"}],"predecessor-version":[{"id":5052601,"href":"https:\/\/autokunz.ch\/it\/wp-json\/wp\/v2\/pages\/51927\/revisions\/5052601"}],"wp:featuredmedia":[{"embeddable":true,"href":"https:\/\/autokunz.ch\/it\/wp-json\/wp\/v2\/media\/2807901"}],"wp:attachment":[{"href":"https:\/\/autokunz.ch\/it\/wp-json\/wp\/v2\/media?parent=51927"}],"curies":[{"name":"wp","href":"https:\/\/api.w.org\/{rel}","templated":true}]}}