{"id":52720,"date":"2019-06-30T19:04:02","date_gmt":"2019-06-30T17:04:02","guid":{"rendered":"https:\/\/autokunz.ch\/assistenza\/pannendienst\/"},"modified":"2019-09-26T08:38:04","modified_gmt":"2019-09-26T06:38:04","slug":"soccorso-stradale","status":"publish","type":"page","link":"https:\/\/autokunz.ch\/it\/prestazioni-e-servizi\/soccorso-stradale\/","title":{"rendered":"Soccorso stradale"},"content":{"rendered":"\n<div class=\"wp-block-columns has-2-columns is-layout-flex wp-container-core-columns-is-layout-9d6595d7 wp-block-columns-is-layout-flex\">\n<div class=\"wp-block-column is-layout-flow wp-block-column-is-layout-flow\">\n<h2 class=\"wp-block-heading\">SOCCORSO STRADALE PER GUASTI O INCIDENTI<\/h2>\n\n\n\n<h3 class=\"wp-block-heading\">inclusa l&#8217;adesione al TCS e garanzia di mobilit\u00e0<\/h3>\n\n\n\n<p>Grazie al nostro servizio di soccorso stradale professionale, corriamo in suo aiuto in breve tempo 24 ore su 24 per 365 giorni all&#8217;anno. In otto casi su dieci pu\u00f2 continuare a guidare. In caso contrario ci assicuriamo che possa comunque arrivare a destinazione. <\/p>\n\n\n\n<p>Ma il meglio deve ancora venire: il soccorso stradale per lei \u00e8 gratuito, grazie all&#8217;adesione al TCS. Per il primo anno dall&#8217;acquisto dell&#8217;auto ricever\u00e0 in omaggio l&#8217;adesione al TCS e prima della scadenza ricever\u00e0 un&#8217;offerta di proroga del servizio. Se decider\u00e0 non prorogare il servizio, siamo comunque a sua disposizione (a pagamento) 24 ore al giorno. <\/p>\n\n\n\n<p>Il nostro servizio di soccorso stradale \u00e8 disponibile tutti i giorni e 24 ore su 24 a questo numero:&nbsp;<br> <a href=\"tel:+41 56 619 70 75\">+41 56 619 70 75<\/a><\/p>\n<\/div>\n\n\n\n<div class=\"wp-block-column is-layout-flow wp-block-column-is-layout-flow\">\n<div class=\"wp-block-columns has-2-columns is-layout-flex wp-container-core-columns-is-layout-9d6595d7 wp-block-columns-is-layout-flex\">\n<div class=\"wp-block-column is-layout-flow wp-block-column-is-layout-flow\"><div class=\"text-box d-flex flex-column \">\n                    <div><img decoding=\"async\" src=\"https:\/\/autokunz.ch\/app\/themes\/autokunz2\/resources\/assets\/images\/icons\/arrow-download-primary-icon.svg\" class=\"text-box__icon\" width=\"30px\" height=\"30px\">\n            <\/div>\n                                    \n            <h4 class=\"text-box__title\">OPUSCOLO DELLA NOSTRA DITTA<\/h4>\n                    <div class=\"text-box__text text-normal \">\n                <p>Scarica la nostra brochure per saperne di pi\u00f9 su questo servizio.<\/p>\n\n            <\/div>\n                            <div class=\"mt-auto text-box__link-container\">\n                <div class=\"empty-line-1\"><\/div>\n                                                    <a href=\"https:\/\/autokunz.ch\/app\/uploads\/2019\/08\/Auto-Kunz_Imagebrosch\u00fcre_2019-V7-2.pdf\"\n                       class=\"text-button text-button--primary text-button--download\"\n                       target=&quot;_blank&quot;>scarica la nostra brochure per le nuove auto<\/a>\n                            <\/div>\n            <\/div>\n\n\n\n\n<p><\/p>\n<\/div>\n\n\n\n<div class=\"wp-block-column is-layout-flow wp-block-column-is-layout-flow\"><div class=\"text-box d-flex flex-column \">\n                    <div><img decoding=\"async\" src=\"https:\/\/autokunz.ch\/app\/themes\/autokunz2\/resources\/assets\/images\/icons\/hours-icon.svg\" class=\"text-box__icon\" width=\"30px\" height=\"30px\">\n            <\/div>\n                                    \n            <h4 class=\"text-box__title\">ORARI D&#8217;APERTURA VENDITA E OFFICINA<\/h4>\n                    <div class=\"text-box__text text-normal \">\n                <p><strong>Officina:<\/strong><br \/>\nlunedi a venerdi:<br \/>\ndalle 07:30 alle 12:00<br \/>\ndalle 13:30 alle 17:30<\/p>\n<p><strong>Vendita:<\/strong><br \/>\nlunedi a venerdi:<br \/>\ndalle 08:30 alle 12:00<br \/>\ndalle 13:30 alle 18:30<\/p>\n<p><strong>Sabato:<\/strong><br \/>\ndalle 07:30 alle 16:00<\/p>\n\n            <\/div>\n                            <div class=\"mt-auto text-box__link-container\">\n                <div class=\"empty-line-1\"><\/div>\n                                                    <a href=\"https:\/\/autokunz.ch\/it\/contatti\/\"\n                       class=\"text-button text-button--primary\"\n                       >Contatto<\/a>\n                            <\/div>\n            <\/div>\n\n<\/div>\n<\/div>\n\n\n\n<p><\/p>\n<\/div>\n<\/div>\n\n\n\n<div class=\"wp-block-columns has-2-columns is-layout-flex wp-container-core-columns-is-layout-9d6595d7 wp-block-columns-is-layout-flex\">\n<div class=\"wp-block-column is-layout-flow wp-block-column-is-layout-flow\">\n<p>I guasti sono un evento spiacevole e purtroppo con la tecnica moderna sono pi\u00f9 frequenti. Anche un semplice chiodo nella ruota pu\u00f2 impedire di proseguire la marcia. La batteria scarica, per quanto banale possa sembrare, \u00e8 ancora una delle cause pi\u00f9 frequenti di guasto. Ma anche le chiavi smarrite o lasciate all&#8217;interno possono essere un motivo di guasto. <\/p>\n\n\n\n<p>A causa della forte presenza dell&#8217;elettronica nelle auto moderne fa s\u00ec che spesso siano propri difetti elettronici la causa di un guasto indesiderato.&nbsp; In queste e altri situazioni il nostro servizio di soccorso stradale \/ assistenza potr\u00e0 aiutarla. Per potere garantire il meglio delle prestazioni, abbiamo scelto il maggiore fornitori di servizi di soccorso stradale sul mercato svizzero. Il <a href=\"https:\/\/www.tcs.ch\/it\/\">TCS Svizzera<\/a> \u00e8 un nostro partner forte che si prender\u00e0 cura di lei e della sua auto in caso di emergenza. <\/p>\n\n\n\n<p>All&#8217;acquisto dell&#8217;auto ricever\u00e0 in omaggio da noi l&#8217;abbonamento gratuito al servizio di soccorso stradale per almeno 1 anno. Quello che conta \u00e8 che noi siamo qui per lei anche in caso di guasto. <\/p>\n\n\n\n<p>Se lei contatta la nostra hotline, il suo veicolo verr\u00e0 trasportato direttamente da noi dal servizio di soccorso stradale. Ma c&#8217;\u00e8 un altro vantaggio: noi conosciamo lei e la sua auto e sappiamo cosa fare. Pertanto pu\u00f2 sempre essere certo che il suo veicolo sar\u00e0 in buone mani e verr\u00e0 trattato con la priorit\u00e0 dovuta. I nostri consulenti dell&#8217;assistenza si metteranno subito in contatto con lei non appena ricevuto il veicolo, per fare una prima diagnosi e discutere sulla procedura da seguire e sulle riparazioni. <\/p>\n\n\n\n<p>Le consigliamo di abbonarsi al servizio di soccorso stradale anche dopo il primo anno di adesione gratuita.  <\/p>\n<\/div>\n\n\n\n<div class=\"wp-block-column is-layout-flow wp-block-column-is-layout-flow\">\n<figure class=\"wp-block-image\"><img decoding=\"async\" src=\"https:\/\/autokunz.ch\/app\/uploads\/2019\/08\/TCS-PANNENDIENST-1.jpg\" alt=\"\" class=\"wp-image-9743\"\/><\/figure>\n<\/div>\n<\/div>\n","protected":false},"excerpt":{"rendered":"<p>SOCCORSO STRADALE PER GUASTI O INCIDENTI inclusa l&#8217;adesione al TCS e garanzia di mobilit\u00e0 Grazie al nostro servizio di soccorso stradale professionale, corriamo in suo aiuto in breve tempo 24 ore su 24 per 365 giorni all&#8217;anno. In otto casi su dieci pu\u00f2 continuare a guidare. In caso contrario ci assicuriamo che possa comunque arrivare &hellip; <a class=\"text-button text-button--primary text-button--no-arrow\" href=\"https:\/\/autokunz.ch\/it\/prestazioni-e-servizi\/soccorso-stradale\/\">continua<\/a><\/p>\n","protected":false},"author":1,"featured_media":52810,"parent":51927,"menu_order":4,"comment_status":"closed","ping_status":"closed","template":"","meta":{"_acf_changed":false,"footnotes":""},"class_list":["post-52720","page","type-page","status-publish","has-post-thumbnail","hentry"],"acf":[],"yoast_head":"<!-- This site is optimized with the Yoast SEO plugin v27.0 - https:\/\/yoast.com\/product\/yoast-seo-wordpress\/ -->\n<title>Unser Pannendienst mit Unfallhilfe - Auto Kunz AG Wohlen<\/title>\n<meta name=\"description\" content=\"Dank unserem professionellen Pannendienst wird Ihnen 24 Stunden am Tag und 365 Tage im Jahr innerhalb k\u00fcrzester Zeit geholfen.\" \/>\n<meta name=\"robots\" content=\"index, follow, max-snippet:-1, max-image-preview:large, max-video-preview:-1\" \/>\n<link rel=\"canonical\" href=\"https:\/\/autokunz.ch\/it\/prestazioni-e-servizi\/soccorso-stradale\/\" \/>\n<meta property=\"og:locale\" content=\"it_IT\" \/>\n<meta property=\"og:type\" content=\"article\" \/>\n<meta property=\"og:title\" content=\"Unser Pannendienst mit Unfallhilfe - Auto Kunz AG Wohlen\" \/>\n<meta property=\"og:description\" content=\"Dank unserem professionellen Pannendienst wird Ihnen 24 Stunden am Tag und 365 Tage im Jahr innerhalb k\u00fcrzester Zeit geholfen.\" \/>\n<meta property=\"og:url\" content=\"https:\/\/autokunz.ch\/it\/prestazioni-e-servizi\/soccorso-stradale\/\" \/>\n<meta property=\"og:site_name\" content=\"Auto Kunz\" \/>\n<meta property=\"article:publisher\" content=\"https:\/\/www.facebook.com\/AutoKunzAG\" \/>\n<meta property=\"article:modified_time\" content=\"2019-09-26T06:38:04+00:00\" \/>\n<meta property=\"og:image\" content=\"https:\/\/autokunz.ch\/app\/uploads\/2019\/09\/soccorso-stradale.jpg\" \/>\n\t<meta property=\"og:image:width\" content=\"1270\" \/>\n\t<meta property=\"og:image:height\" content=\"612\" \/>\n\t<meta property=\"og:image:type\" content=\"image\/jpeg\" \/>\n<meta name=\"twitter:card\" content=\"summary_large_image\" \/>\n<meta name=\"twitter:site\" content=\"@autokunzag\" \/>\n<meta name=\"twitter:label1\" content=\"Est. reading time\" \/>\n\t<meta name=\"twitter:data1\" content=\"2 minutes\" \/>\n<script type=\"application\/ld+json\" class=\"yoast-schema-graph\">{\"@context\":\"https:\/\/schema.org\",\"@graph\":[{\"@type\":\"WebPage\",\"@id\":\"https:\/\/autokunz.ch\/it\/prestazioni-e-servizi\/soccorso-stradale\/\",\"url\":\"https:\/\/autokunz.ch\/it\/prestazioni-e-servizi\/soccorso-stradale\/\",\"name\":\"Unser Pannendienst mit Unfallhilfe - Auto Kunz AG Wohlen\",\"isPartOf\":{\"@id\":\"https:\/\/autokunz.ch\/#website\"},\"primaryImageOfPage\":{\"@id\":\"https:\/\/autokunz.ch\/it\/prestazioni-e-servizi\/soccorso-stradale\/#primaryimage\"},\"image\":{\"@id\":\"https:\/\/autokunz.ch\/it\/prestazioni-e-servizi\/soccorso-stradale\/#primaryimage\"},\"thumbnailUrl\":\"https:\/\/autokunz.ch\/app\/uploads\/2019\/09\/soccorso-stradale.jpg\",\"datePublished\":\"2019-06-30T17:04:02+00:00\",\"dateModified\":\"2019-09-26T06:38:04+00:00\",\"description\":\"Dank unserem professionellen Pannendienst wird Ihnen 24 Stunden am Tag und 365 Tage im Jahr innerhalb k\u00fcrzester Zeit geholfen.\",\"breadcrumb\":{\"@id\":\"https:\/\/autokunz.ch\/it\/prestazioni-e-servizi\/soccorso-stradale\/#breadcrumb\"},\"inLanguage\":\"it-IT\",\"potentialAction\":[{\"@type\":\"ReadAction\",\"target\":[\"https:\/\/autokunz.ch\/it\/prestazioni-e-servizi\/soccorso-stradale\/\"]}]},{\"@type\":\"ImageObject\",\"inLanguage\":\"it-IT\",\"@id\":\"https:\/\/autokunz.ch\/it\/prestazioni-e-servizi\/soccorso-stradale\/#primaryimage\",\"url\":\"https:\/\/autokunz.ch\/app\/uploads\/2019\/09\/soccorso-stradale.jpg\",\"contentUrl\":\"https:\/\/autokunz.ch\/app\/uploads\/2019\/09\/soccorso-stradale.jpg\",\"width\":1270,\"height\":612,\"caption\":\"Soccorso stradale - Auto Kunz AG\"},{\"@type\":\"BreadcrumbList\",\"@id\":\"https:\/\/autokunz.ch\/it\/prestazioni-e-servizi\/soccorso-stradale\/#breadcrumb\",\"itemListElement\":[{\"@type\":\"ListItem\",\"position\":1,\"name\":\"Home\",\"item\":\"https:\/\/autokunz.ch\/it\/\"},{\"@type\":\"ListItem\",\"position\":2,\"name\":\"Prestazioni e servizi\",\"item\":\"https:\/\/autokunz.ch\/it\/prestazioni-e-servizi\/\"},{\"@type\":\"ListItem\",\"position\":3,\"name\":\"Soccorso stradale\"}]},{\"@type\":\"WebSite\",\"@id\":\"https:\/\/autokunz.ch\/#website\",\"url\":\"https:\/\/autokunz.ch\/\",\"name\":\"Auto Kunz\",\"description\":\"\u00dcber 500 Autos, die tiefsten Preise der Schweiz\",\"publisher\":{\"@id\":\"https:\/\/autokunz.ch\/#organization\"},\"potentialAction\":[{\"@type\":\"SearchAction\",\"target\":{\"@type\":\"EntryPoint\",\"urlTemplate\":\"https:\/\/autokunz.ch\/?s={search_term_string}\"},\"query-input\":{\"@type\":\"PropertyValueSpecification\",\"valueRequired\":true,\"valueName\":\"search_term_string\"}}],\"inLanguage\":\"it-IT\"},{\"@type\":\"Organization\",\"@id\":\"https:\/\/autokunz.ch\/#organization\",\"name\":\"Auto Kunz AG\",\"url\":\"https:\/\/autokunz.ch\/\",\"logo\":{\"@type\":\"ImageObject\",\"inLanguage\":\"it-IT\",\"@id\":\"https:\/\/autokunz.ch\/#\/schema\/logo\/image\/\",\"url\":\"https:\/\/autokunz.ch\/app\/uploads\/2021\/07\/autokunz-ag-wohlen-logo.png\",\"contentUrl\":\"https:\/\/autokunz.ch\/app\/uploads\/2021\/07\/autokunz-ag-wohlen-logo.png\",\"width\":530,\"height\":79,\"caption\":\"Auto Kunz AG\"},\"image\":{\"@id\":\"https:\/\/autokunz.ch\/#\/schema\/logo\/image\/\"},\"sameAs\":[\"https:\/\/www.facebook.com\/AutoKunzAG\",\"https:\/\/x.com\/autokunzag\",\"https:\/\/www.instagram.com\/autokunz.ch\/\",\"https:\/\/www.linkedin.com\/company\/9463486?trk=tyah&amp;amp;amp;trkInfo=clickedVertical:company,idx:1-1-1,tarId:1434043483672,tas:auto kunz\",\"https:\/\/www.pinterest.com\/autokunzag\/\",\"https:\/\/www.youtube.com\/channel\/UCsS22A2abuuzGxbmhsPm-6g\"]}]}<\/script>\n<!-- \/ Yoast SEO plugin. -->","yoast_head_json":{"title":"Unser Pannendienst mit Unfallhilfe - Auto Kunz AG Wohlen","description":"Dank unserem professionellen Pannendienst wird Ihnen 24 Stunden am Tag und 365 Tage im Jahr innerhalb k\u00fcrzester Zeit geholfen.","robots":{"index":"index","follow":"follow","max-snippet":"max-snippet:-1","max-image-preview":"max-image-preview:large","max-video-preview":"max-video-preview:-1"},"canonical":"https:\/\/autokunz.ch\/it\/prestazioni-e-servizi\/soccorso-stradale\/","og_locale":"it_IT","og_type":"article","og_title":"Unser Pannendienst mit Unfallhilfe - Auto Kunz AG Wohlen","og_description":"Dank unserem professionellen Pannendienst wird Ihnen 24 Stunden am Tag und 365 Tage im Jahr innerhalb k\u00fcrzester Zeit geholfen.","og_url":"https:\/\/autokunz.ch\/it\/prestazioni-e-servizi\/soccorso-stradale\/","og_site_name":"Auto Kunz","article_publisher":"https:\/\/www.facebook.com\/AutoKunzAG","article_modified_time":"2019-09-26T06:38:04+00:00","og_image":[{"width":1270,"height":612,"url":"https:\/\/autokunz.ch\/app\/uploads\/2019\/09\/soccorso-stradale.jpg","type":"image\/jpeg"}],"twitter_card":"summary_large_image","twitter_site":"@autokunzag","twitter_misc":{"Est. reading time":"2 minutes"},"schema":{"@context":"https:\/\/schema.org","@graph":[{"@type":"WebPage","@id":"https:\/\/autokunz.ch\/it\/prestazioni-e-servizi\/soccorso-stradale\/","url":"https:\/\/autokunz.ch\/it\/prestazioni-e-servizi\/soccorso-stradale\/","name":"Unser Pannendienst mit Unfallhilfe - Auto Kunz AG Wohlen","isPartOf":{"@id":"https:\/\/autokunz.ch\/#website"},"primaryImageOfPage":{"@id":"https:\/\/autokunz.ch\/it\/prestazioni-e-servizi\/soccorso-stradale\/#primaryimage"},"image":{"@id":"https:\/\/autokunz.ch\/it\/prestazioni-e-servizi\/soccorso-stradale\/#primaryimage"},"thumbnailUrl":"https:\/\/autokunz.ch\/app\/uploads\/2019\/09\/soccorso-stradale.jpg","datePublished":"2019-06-30T17:04:02+00:00","dateModified":"2019-09-26T06:38:04+00:00","description":"Dank unserem professionellen Pannendienst wird Ihnen 24 Stunden am Tag und 365 Tage im Jahr innerhalb k\u00fcrzester Zeit geholfen.","breadcrumb":{"@id":"https:\/\/autokunz.ch\/it\/prestazioni-e-servizi\/soccorso-stradale\/#breadcrumb"},"inLanguage":"it-IT","potentialAction":[{"@type":"ReadAction","target":["https:\/\/autokunz.ch\/it\/prestazioni-e-servizi\/soccorso-stradale\/"]}]},{"@type":"ImageObject","inLanguage":"it-IT","@id":"https:\/\/autokunz.ch\/it\/prestazioni-e-servizi\/soccorso-stradale\/#primaryimage","url":"https:\/\/autokunz.ch\/app\/uploads\/2019\/09\/soccorso-stradale.jpg","contentUrl":"https:\/\/autokunz.ch\/app\/uploads\/2019\/09\/soccorso-stradale.jpg","width":1270,"height":612,"caption":"Soccorso stradale - Auto Kunz AG"},{"@type":"BreadcrumbList","@id":"https:\/\/autokunz.ch\/it\/prestazioni-e-servizi\/soccorso-stradale\/#breadcrumb","itemListElement":[{"@type":"ListItem","position":1,"name":"Home","item":"https:\/\/autokunz.ch\/it\/"},{"@type":"ListItem","position":2,"name":"Prestazioni e servizi","item":"https:\/\/autokunz.ch\/it\/prestazioni-e-servizi\/"},{"@type":"ListItem","position":3,"name":"Soccorso stradale"}]},{"@type":"WebSite","@id":"https:\/\/autokunz.ch\/#website","url":"https:\/\/autokunz.ch\/","name":"Auto Kunz","description":"\u00dcber 500 Autos, die tiefsten Preise der Schweiz","publisher":{"@id":"https:\/\/autokunz.ch\/#organization"},"potentialAction":[{"@type":"SearchAction","target":{"@type":"EntryPoint","urlTemplate":"https:\/\/autokunz.ch\/?s={search_term_string}"},"query-input":{"@type":"PropertyValueSpecification","valueRequired":true,"valueName":"search_term_string"}}],"inLanguage":"it-IT"},{"@type":"Organization","@id":"https:\/\/autokunz.ch\/#organization","name":"Auto Kunz AG","url":"https:\/\/autokunz.ch\/","logo":{"@type":"ImageObject","inLanguage":"it-IT","@id":"https:\/\/autokunz.ch\/#\/schema\/logo\/image\/","url":"https:\/\/autokunz.ch\/app\/uploads\/2021\/07\/autokunz-ag-wohlen-logo.png","contentUrl":"https:\/\/autokunz.ch\/app\/uploads\/2021\/07\/autokunz-ag-wohlen-logo.png","width":530,"height":79,"caption":"Auto Kunz AG"},"image":{"@id":"https:\/\/autokunz.ch\/#\/schema\/logo\/image\/"},"sameAs":["https:\/\/www.facebook.com\/AutoKunzAG","https:\/\/x.com\/autokunzag","https:\/\/www.instagram.com\/autokunz.ch\/","https:\/\/www.linkedin.com\/company\/9463486?trk=tyah&amp;amp;amp;trkInfo=clickedVertical:company,idx:1-1-1,tarId:1434043483672,tas:auto kunz","https:\/\/www.pinterest.com\/autokunzag\/","https:\/\/www.youtube.com\/channel\/UCsS22A2abuuzGxbmhsPm-6g"]}]}},"_links":{"self":[{"href":"https:\/\/autokunz.ch\/it\/wp-json\/wp\/v2\/pages\/52720","targetHints":{"allow":["GET"]}}],"collection":[{"href":"https:\/\/autokunz.ch\/it\/wp-json\/wp\/v2\/pages"}],"about":[{"href":"https:\/\/autokunz.ch\/it\/wp-json\/wp\/v2\/types\/page"}],"author":[{"embeddable":true,"href":"https:\/\/autokunz.ch\/it\/wp-json\/wp\/v2\/users\/1"}],"replies":[{"embeddable":true,"href":"https:\/\/autokunz.ch\/it\/wp-json\/wp\/v2\/comments?post=52720"}],"version-history":[{"count":3,"href":"https:\/\/autokunz.ch\/it\/wp-json\/wp\/v2\/pages\/52720\/revisions"}],"predecessor-version":[{"id":1500117,"href":"https:\/\/autokunz.ch\/it\/wp-json\/wp\/v2\/pages\/52720\/revisions\/1500117"}],"up":[{"embeddable":true,"href":"https:\/\/autokunz.ch\/it\/wp-json\/wp\/v2\/pages\/51927"}],"wp:featuredmedia":[{"embeddable":true,"href":"https:\/\/autokunz.ch\/it\/wp-json\/wp\/v2\/media\/52810"}],"wp:attachment":[{"href":"https:\/\/autokunz.ch\/it\/wp-json\/wp\/v2\/media?parent=52720"}],"curies":[{"name":"wp","href":"https:\/\/api.w.org\/{rel}","templated":true}]}}