{"id":52922,"date":"2019-07-16T14:10:31","date_gmt":"2019-07-16T12:10:31","guid":{"rendered":"https:\/\/autokunz.ch\/assistenza\/online-termin-buchen\/"},"modified":"2023-02-09T11:52:53","modified_gmt":"2023-02-09T10:52:53","slug":"appuntamento-online","status":"publish","type":"page","link":"https:\/\/autokunz.ch\/it\/prestazioni-e-servizi\/appuntamento-online\/","title":{"rendered":"Appuntamenti online"},"content":{"rendered":"\n<div class=\"wp-block-columns has-2-columns is-layout-flex wp-container-core-columns-is-layout-9d6595d7 wp-block-columns-is-layout-flex\">\n<div class=\"wp-block-column is-layout-flow wp-block-column-is-layout-flow\">\n<h2 class=\"wp-block-heading\">QUADRO APPUNTAMENTI ONLINE<\/h2>\n\n\n\n<h3 class=\"wp-block-heading\">Prenoti il suo appuntamento comodamente online: Selezioni un&#8217;offerta<\/h3>\n\n\n\n<p>Ora pu\u00f2 prenotare online il suo appuntamento per la vendita, l&#8217;officina o l&#8217;auto Abo. La procedura richiede solo pochi minuti e ricever\u00e0 una e-mail di conferma non appena terminata la prenotazione. Quindi risparmier\u00e0 tempo e potr\u00e0 prenotare il suo appuntamento comodamente dal cellulare o dal tablet. Da noi gli appuntamenti online sono possibili sette su sette nell&#8217;arco delle 24 ore.  <\/p>\n\n\n\n<p>Appuntamenti con l&#8217;officina, per una consulenza, giri di prova o per l&#8217;acquisto di auto. Se preferisce chiamarci, saremo a sua disposizione negli orari indicati nella voce Contatti.<br><br>Sfruttate questa opportunit\u00e0 di <a href=\"https:\/\/autokunz.ch\/it\/kontakt\/\">contatto digitale<\/a>, poich\u00e9 investiamo ingenti somme nelle nuove tecnologie per facilitare l&#8217;accesso ai nostri servizi.<\/p>\n<\/div>\n\n\n\n<div class=\"wp-block-column is-layout-flow wp-block-column-is-layout-flow\">\n<p>A sua disposizione sono anche l&#8217;e-mail o la chat. Di norma la prenotazione online viene completata in brevissimo tempo. Non \u00e8 vincolato a un orario, ma pu\u00f2 prenotare nell&#8217;arco delle 24 ore della giornata risparmiando i tempi di attesa prima di raggiungere l&#8217;interlocutore giusto.  <\/p>\n\n\n\n<p>Da un sondaggio risulta che la maggior parte dei clienti apprezzi questo nostro nuovo servizio. Infatti, subito dopo l&#8217;introduzione di questo servizio, gi\u00e0 la maggioranza dei cambi di pneumatici stagionali sono stati prenotati online. <\/p>\n\n\n\n<p>Saremo comunque lieti di ricevere la sua vista qualora decidesse di venirci a trovare. Grazie a oltre 50 collaboratori riusciamo ad essere molto flessibili, tuttavia tenga conto che ci potranno essere tempi di attesa. Per questo le consigliamo di concordare un appuntamento sempre in anticipo per essere servito subito. Siamo comunque lieti di essere contattati da lei indipendentemente dalla modalit\u00e0.<\/p>\n<\/div>\n<\/div>\n\n\n\n<p><\/p>\n","protected":false},"excerpt":{"rendered":"<p>QUADRO APPUNTAMENTI ONLINE Prenoti il suo appuntamento comodamente online: Selezioni un&#8217;offerta Ora pu\u00f2 prenotare online il suo appuntamento per la vendita, l&#8217;officina o l&#8217;auto Abo. La procedura richiede solo pochi minuti e ricever\u00e0 una e-mail di conferma non appena terminata la prenotazione. Quindi risparmier\u00e0 tempo e potr\u00e0 prenotare il suo appuntamento comodamente dal cellulare o &hellip; <a class=\"text-button text-button--primary text-button--no-arrow\" href=\"https:\/\/autokunz.ch\/it\/prestazioni-e-servizi\/appuntamento-online\/\">continua<\/a><\/p>\n","protected":false},"author":1,"featured_media":3966141,"parent":51927,"menu_order":6,"comment_status":"closed","ping_status":"closed","template":"views\/template-online-appointment-scheduler.blade.php","meta":{"_acf_changed":false,"footnotes":""},"class_list":["post-52922","page","type-page","status-publish","has-post-thumbnail","hentry"],"acf":[],"yoast_head":"<!-- This site is optimized with the Yoast SEO plugin v27.0 - https:\/\/yoast.com\/product\/yoast-seo-wordpress\/ -->\n<title>Prenoti il suo appuntamento comodamente online<\/title>\n<meta name=\"description\" content=\"Ora pu\u00f2 prenotare online il suo appuntamento per la vendita, l&#039;officina o l&#039;auto Abo. La procedura richiede solo pochi minuti e ricever\u00e0 una e-mail di conferma.\" \/>\n<meta name=\"robots\" content=\"index, follow, max-snippet:-1, max-image-preview:large, max-video-preview:-1\" \/>\n<link rel=\"canonical\" href=\"https:\/\/autokunz.ch\/it\/prestazioni-e-servizi\/appuntamento-online\/\" \/>\n<meta property=\"og:locale\" content=\"it_IT\" \/>\n<meta property=\"og:type\" content=\"article\" \/>\n<meta property=\"og:title\" content=\"Prenoti il suo appuntamento comodamente online\" \/>\n<meta property=\"og:description\" content=\"Ora pu\u00f2 prenotare online il suo appuntamento per la vendita, l&#039;officina o l&#039;auto Abo. La procedura richiede solo pochi minuti e ricever\u00e0 una e-mail di conferma.\" \/>\n<meta property=\"og:url\" content=\"https:\/\/autokunz.ch\/it\/prestazioni-e-servizi\/appuntamento-online\/\" \/>\n<meta property=\"og:site_name\" content=\"Auto Kunz\" \/>\n<meta property=\"article:publisher\" content=\"https:\/\/www.facebook.com\/AutoKunzAG\" \/>\n<meta property=\"article:modified_time\" content=\"2023-02-09T10:52:53+00:00\" \/>\n<meta property=\"og:image\" content=\"https:\/\/autokunz.ch\/app\/uploads\/2021\/12\/Kunz_Aussenaufnahmen_2_15.jpg\" \/>\n\t<meta property=\"og:image:width\" content=\"1920\" \/>\n\t<meta property=\"og:image:height\" content=\"1102\" \/>\n\t<meta property=\"og:image:type\" content=\"image\/jpeg\" \/>\n<meta name=\"twitter:card\" content=\"summary_large_image\" \/>\n<meta name=\"twitter:site\" content=\"@autokunzag\" \/>\n<meta name=\"twitter:label1\" content=\"Est. reading time\" \/>\n\t<meta name=\"twitter:data1\" content=\"2 minutes\" \/>\n<script type=\"application\/ld+json\" class=\"yoast-schema-graph\">{\"@context\":\"https:\/\/schema.org\",\"@graph\":[{\"@type\":\"WebPage\",\"@id\":\"https:\/\/autokunz.ch\/it\/prestazioni-e-servizi\/appuntamento-online\/\",\"url\":\"https:\/\/autokunz.ch\/it\/prestazioni-e-servizi\/appuntamento-online\/\",\"name\":\"Prenoti il suo appuntamento comodamente online\",\"isPartOf\":{\"@id\":\"https:\/\/autokunz.ch\/#website\"},\"primaryImageOfPage\":{\"@id\":\"https:\/\/autokunz.ch\/it\/prestazioni-e-servizi\/appuntamento-online\/#primaryimage\"},\"image\":{\"@id\":\"https:\/\/autokunz.ch\/it\/prestazioni-e-servizi\/appuntamento-online\/#primaryimage\"},\"thumbnailUrl\":\"https:\/\/autokunz.ch\/app\/uploads\/2023\/02\/online-termin-buchen-auto-kunz-ag-2.jpg\",\"datePublished\":\"2019-07-16T12:10:31+00:00\",\"dateModified\":\"2023-02-09T10:52:53+00:00\",\"description\":\"Ora pu\u00f2 prenotare online il suo appuntamento per la vendita, l'officina o l'auto Abo. La procedura richiede solo pochi minuti e ricever\u00e0 una e-mail di conferma.\",\"breadcrumb\":{\"@id\":\"https:\/\/autokunz.ch\/it\/prestazioni-e-servizi\/appuntamento-online\/#breadcrumb\"},\"inLanguage\":\"it-IT\",\"potentialAction\":[{\"@type\":\"ReadAction\",\"target\":[\"https:\/\/autokunz.ch\/it\/prestazioni-e-servizi\/appuntamento-online\/\"]}]},{\"@type\":\"ImageObject\",\"inLanguage\":\"it-IT\",\"@id\":\"https:\/\/autokunz.ch\/it\/prestazioni-e-servizi\/appuntamento-online\/#primaryimage\",\"url\":\"https:\/\/autokunz.ch\/app\/uploads\/2023\/02\/online-termin-buchen-auto-kunz-ag-2.jpg\",\"contentUrl\":\"https:\/\/autokunz.ch\/app\/uploads\/2023\/02\/online-termin-buchen-auto-kunz-ag-2.jpg\",\"width\":1920,\"height\":1280},{\"@type\":\"BreadcrumbList\",\"@id\":\"https:\/\/autokunz.ch\/it\/prestazioni-e-servizi\/appuntamento-online\/#breadcrumb\",\"itemListElement\":[{\"@type\":\"ListItem\",\"position\":1,\"name\":\"Home\",\"item\":\"https:\/\/autokunz.ch\/it\/\"},{\"@type\":\"ListItem\",\"position\":2,\"name\":\"Prestazioni e servizi\",\"item\":\"https:\/\/autokunz.ch\/it\/prestazioni-e-servizi\/\"},{\"@type\":\"ListItem\",\"position\":3,\"name\":\"Appuntamenti online\"}]},{\"@type\":\"WebSite\",\"@id\":\"https:\/\/autokunz.ch\/#website\",\"url\":\"https:\/\/autokunz.ch\/\",\"name\":\"Auto Kunz\",\"description\":\"\u00dcber 500 Autos, die tiefsten Preise der Schweiz\",\"publisher\":{\"@id\":\"https:\/\/autokunz.ch\/#organization\"},\"potentialAction\":[{\"@type\":\"SearchAction\",\"target\":{\"@type\":\"EntryPoint\",\"urlTemplate\":\"https:\/\/autokunz.ch\/?s={search_term_string}\"},\"query-input\":{\"@type\":\"PropertyValueSpecification\",\"valueRequired\":true,\"valueName\":\"search_term_string\"}}],\"inLanguage\":\"it-IT\"},{\"@type\":\"Organization\",\"@id\":\"https:\/\/autokunz.ch\/#organization\",\"name\":\"Auto Kunz AG\",\"url\":\"https:\/\/autokunz.ch\/\",\"logo\":{\"@type\":\"ImageObject\",\"inLanguage\":\"it-IT\",\"@id\":\"https:\/\/autokunz.ch\/#\/schema\/logo\/image\/\",\"url\":\"https:\/\/autokunz.ch\/app\/uploads\/2021\/07\/autokunz-ag-wohlen-logo.png\",\"contentUrl\":\"https:\/\/autokunz.ch\/app\/uploads\/2021\/07\/autokunz-ag-wohlen-logo.png\",\"width\":530,\"height\":79,\"caption\":\"Auto Kunz AG\"},\"image\":{\"@id\":\"https:\/\/autokunz.ch\/#\/schema\/logo\/image\/\"},\"sameAs\":[\"https:\/\/www.facebook.com\/AutoKunzAG\",\"https:\/\/x.com\/autokunzag\",\"https:\/\/www.instagram.com\/autokunz.ch\/\",\"https:\/\/www.linkedin.com\/company\/9463486?trk=tyah&amp;amp;amp;trkInfo=clickedVertical:company,idx:1-1-1,tarId:1434043483672,tas:auto kunz\",\"https:\/\/www.pinterest.com\/autokunzag\/\",\"https:\/\/www.youtube.com\/channel\/UCsS22A2abuuzGxbmhsPm-6g\"]}]}<\/script>\n<!-- \/ Yoast SEO plugin. -->","yoast_head_json":{"title":"Prenoti il suo appuntamento comodamente online","description":"Ora pu\u00f2 prenotare online il suo appuntamento per la vendita, l'officina o l'auto Abo. La procedura richiede solo pochi minuti e ricever\u00e0 una e-mail di conferma.","robots":{"index":"index","follow":"follow","max-snippet":"max-snippet:-1","max-image-preview":"max-image-preview:large","max-video-preview":"max-video-preview:-1"},"canonical":"https:\/\/autokunz.ch\/it\/prestazioni-e-servizi\/appuntamento-online\/","og_locale":"it_IT","og_type":"article","og_title":"Prenoti il suo appuntamento comodamente online","og_description":"Ora pu\u00f2 prenotare online il suo appuntamento per la vendita, l'officina o l'auto Abo. La procedura richiede solo pochi minuti e ricever\u00e0 una e-mail di conferma.","og_url":"https:\/\/autokunz.ch\/it\/prestazioni-e-servizi\/appuntamento-online\/","og_site_name":"Auto Kunz","article_publisher":"https:\/\/www.facebook.com\/AutoKunzAG","article_modified_time":"2023-02-09T10:52:53+00:00","og_image":[{"width":1920,"height":1102,"url":"https:\/\/autokunz.ch\/app\/uploads\/2021\/12\/Kunz_Aussenaufnahmen_2_15.jpg","type":"image\/jpeg"}],"twitter_card":"summary_large_image","twitter_site":"@autokunzag","twitter_misc":{"Est. reading time":"2 minutes"},"schema":{"@context":"https:\/\/schema.org","@graph":[{"@type":"WebPage","@id":"https:\/\/autokunz.ch\/it\/prestazioni-e-servizi\/appuntamento-online\/","url":"https:\/\/autokunz.ch\/it\/prestazioni-e-servizi\/appuntamento-online\/","name":"Prenoti il suo appuntamento comodamente online","isPartOf":{"@id":"https:\/\/autokunz.ch\/#website"},"primaryImageOfPage":{"@id":"https:\/\/autokunz.ch\/it\/prestazioni-e-servizi\/appuntamento-online\/#primaryimage"},"image":{"@id":"https:\/\/autokunz.ch\/it\/prestazioni-e-servizi\/appuntamento-online\/#primaryimage"},"thumbnailUrl":"https:\/\/autokunz.ch\/app\/uploads\/2023\/02\/online-termin-buchen-auto-kunz-ag-2.jpg","datePublished":"2019-07-16T12:10:31+00:00","dateModified":"2023-02-09T10:52:53+00:00","description":"Ora pu\u00f2 prenotare online il suo appuntamento per la vendita, l'officina o l'auto Abo. La procedura richiede solo pochi minuti e ricever\u00e0 una e-mail di conferma.","breadcrumb":{"@id":"https:\/\/autokunz.ch\/it\/prestazioni-e-servizi\/appuntamento-online\/#breadcrumb"},"inLanguage":"it-IT","potentialAction":[{"@type":"ReadAction","target":["https:\/\/autokunz.ch\/it\/prestazioni-e-servizi\/appuntamento-online\/"]}]},{"@type":"ImageObject","inLanguage":"it-IT","@id":"https:\/\/autokunz.ch\/it\/prestazioni-e-servizi\/appuntamento-online\/#primaryimage","url":"https:\/\/autokunz.ch\/app\/uploads\/2023\/02\/online-termin-buchen-auto-kunz-ag-2.jpg","contentUrl":"https:\/\/autokunz.ch\/app\/uploads\/2023\/02\/online-termin-buchen-auto-kunz-ag-2.jpg","width":1920,"height":1280},{"@type":"BreadcrumbList","@id":"https:\/\/autokunz.ch\/it\/prestazioni-e-servizi\/appuntamento-online\/#breadcrumb","itemListElement":[{"@type":"ListItem","position":1,"name":"Home","item":"https:\/\/autokunz.ch\/it\/"},{"@type":"ListItem","position":2,"name":"Prestazioni e servizi","item":"https:\/\/autokunz.ch\/it\/prestazioni-e-servizi\/"},{"@type":"ListItem","position":3,"name":"Appuntamenti online"}]},{"@type":"WebSite","@id":"https:\/\/autokunz.ch\/#website","url":"https:\/\/autokunz.ch\/","name":"Auto Kunz","description":"\u00dcber 500 Autos, die tiefsten Preise der Schweiz","publisher":{"@id":"https:\/\/autokunz.ch\/#organization"},"potentialAction":[{"@type":"SearchAction","target":{"@type":"EntryPoint","urlTemplate":"https:\/\/autokunz.ch\/?s={search_term_string}"},"query-input":{"@type":"PropertyValueSpecification","valueRequired":true,"valueName":"search_term_string"}}],"inLanguage":"it-IT"},{"@type":"Organization","@id":"https:\/\/autokunz.ch\/#organization","name":"Auto Kunz AG","url":"https:\/\/autokunz.ch\/","logo":{"@type":"ImageObject","inLanguage":"it-IT","@id":"https:\/\/autokunz.ch\/#\/schema\/logo\/image\/","url":"https:\/\/autokunz.ch\/app\/uploads\/2021\/07\/autokunz-ag-wohlen-logo.png","contentUrl":"https:\/\/autokunz.ch\/app\/uploads\/2021\/07\/autokunz-ag-wohlen-logo.png","width":530,"height":79,"caption":"Auto Kunz AG"},"image":{"@id":"https:\/\/autokunz.ch\/#\/schema\/logo\/image\/"},"sameAs":["https:\/\/www.facebook.com\/AutoKunzAG","https:\/\/x.com\/autokunzag","https:\/\/www.instagram.com\/autokunz.ch\/","https:\/\/www.linkedin.com\/company\/9463486?trk=tyah&amp;amp;amp;trkInfo=clickedVertical:company,idx:1-1-1,tarId:1434043483672,tas:auto kunz","https:\/\/www.pinterest.com\/autokunzag\/","https:\/\/www.youtube.com\/channel\/UCsS22A2abuuzGxbmhsPm-6g"]}]}},"_links":{"self":[{"href":"https:\/\/autokunz.ch\/it\/wp-json\/wp\/v2\/pages\/52922","targetHints":{"allow":["GET"]}}],"collection":[{"href":"https:\/\/autokunz.ch\/it\/wp-json\/wp\/v2\/pages"}],"about":[{"href":"https:\/\/autokunz.ch\/it\/wp-json\/wp\/v2\/types\/page"}],"author":[{"embeddable":true,"href":"https:\/\/autokunz.ch\/it\/wp-json\/wp\/v2\/users\/1"}],"replies":[{"embeddable":true,"href":"https:\/\/autokunz.ch\/it\/wp-json\/wp\/v2\/comments?post=52922"}],"version-history":[{"count":3,"href":"https:\/\/autokunz.ch\/it\/wp-json\/wp\/v2\/pages\/52922\/revisions"}],"predecessor-version":[{"id":3953880,"href":"https:\/\/autokunz.ch\/it\/wp-json\/wp\/v2\/pages\/52922\/revisions\/3953880"}],"up":[{"embeddable":true,"href":"https:\/\/autokunz.ch\/it\/wp-json\/wp\/v2\/pages\/51927"}],"wp:featuredmedia":[{"embeddable":true,"href":"https:\/\/autokunz.ch\/it\/wp-json\/wp\/v2\/media\/3966141"}],"wp:attachment":[{"href":"https:\/\/autokunz.ch\/it\/wp-json\/wp\/v2\/media?parent=52922"}],"curies":[{"name":"wp","href":"https:\/\/api.w.org\/{rel}","templated":true}]}}