{"id":54283,"date":"2019-08-05T15:07:36","date_gmt":"2019-08-05T13:07:36","guid":{"rendered":"https:\/\/autokunz.ch\/online-shop\/"},"modified":"2024-10-09T13:37:26","modified_gmt":"2024-10-09T11:37:26","slug":"online-shop","status":"publish","type":"page","link":"https:\/\/autokunz.ch\/it\/online-shop\/","title":{"rendered":"Online Shop"},"content":{"rendered":"\n<div class=\"wp-block-columns has-2-columns is-layout-flex wp-container-core-columns-is-layout-9d6595d7 wp-block-columns-is-layout-flex\">\n<div class=\"wp-block-column is-layout-flow wp-block-column-is-layout-flow\">\n<h2 class=\"wp-block-heading\"><strong>Negozio online di auto<\/strong><\/h2>\n\n\n\n<h3 class=\"wp-block-heading\">con oltre 500 auto<\/h3>\n\n\n\n<p>Il nostro shop online ha due categorie. Le offriamo sia la nostra gamma di accessori che l&#8217;acquisto online scegliendo tra oltre 500 auto!<br>Comodamente da casa sua pu\u00f2 navigare nel nostro online shop!<\/p>\n\n\n\n<div class=\"wp-block-columns has-3-columns is-layout-flex wp-container-core-columns-is-layout-9d6595d7 wp-block-columns-is-layout-flex\">\n<div class=\"wp-block-column is-layout-flow wp-block-column-is-layout-flow\">\n<div class=\"wp-block-button is-style-button--gray\"><a class=\"wp-block-button__link wp-element-button\" href=\"https:\/\/autokunz.ch\/it\/online-shop\/acquisto-vetture-online\/#filter=%7B%7D&amp;sorting=a-z&amp;page=1&amp;display=purchase\">Acquisto Online<\/a><\/div>\n\n\n\n<p><\/p>\n<\/div>\n\n\n\n<div class=\"wp-block-column is-layout-flow wp-block-column-is-layout-flow\">\n<p><\/p>\n<\/div>\n\n\n\n<div class=\"wp-block-column is-layout-flow wp-block-column-is-layout-flow\">\n<div class=\"wp-block-button is-style-button--gray\"><a class=\"wp-block-button__link wp-element-button\" href=\"https:\/\/autokunz.ch\/it\/online-shop\/zubehor-shop\/#filter=%7B%7D&amp;sorting=a-z&amp;page=1\">Accessori online<\/a><\/div>\n<\/div>\n<\/div>\n<\/div>\n\n\n\n<div class=\"wp-block-column is-layout-flow wp-block-column-is-layout-flow\">\n<figure class=\"wp-block-image size-large\"><img decoding=\"async\" width=\"1366\" height=\"911\" src=\"https:\/\/autokunz.ch\/app\/uploads\/2023\/02\/online-shop-auto-kunz-ag-2-1366x911.jpg\" alt=\"\" class=\"wp-image-3966150\" srcset=\"https:\/\/autokunz.ch\/app\/uploads\/2023\/02\/online-shop-auto-kunz-ag-2-1366x911.jpg 1366w, https:\/\/autokunz.ch\/app\/uploads\/2023\/02\/online-shop-auto-kunz-ag-2-530x353.jpg 530w, https:\/\/autokunz.ch\/app\/uploads\/2023\/02\/online-shop-auto-kunz-ag-2-297x197.jpg 297w, https:\/\/autokunz.ch\/app\/uploads\/2023\/02\/online-shop-auto-kunz-ag-2-768x512.jpg 768w, https:\/\/autokunz.ch\/app\/uploads\/2023\/02\/online-shop-auto-kunz-ag-2-1536x1024.jpg 1536w, https:\/\/autokunz.ch\/app\/uploads\/2023\/02\/online-shop-auto-kunz-ag-2.jpg 1920w\" sizes=\"(max-width: 1366px) 100vw, 1366px\" \/><\/figure>\n<\/div>\n<\/div>\n\n\n\n<hr class=\"wp-block-separator has-css-opacity is-style-wide\"\/>\n\n\n\n<div class=\"wp-block-columns has-2-columns is-layout-flex wp-container-core-columns-is-layout-9d6595d7 wp-block-columns-is-layout-flex\">\n<div class=\"wp-block-column is-layout-flow wp-block-column-is-layout-flow\">\n<h6 class=\"wp-block-heading\"><strong><strong>Negozio online di auto<\/strong><\/strong><\/h6>\n\n\n\n<p>La nostra piattaforma online per l&#8217;acquisto diretto nel nostro shop \u00e8 una vera novit\u00e0 in Svizzera: qui trova normalmente disponibili oltre 500 auto. Pu\u00f2 decidere se farsi consegnare l&#8217;auto direttamente davanti alla porta di casa. In questo caso ricever\u00e0 da noi una spiegazione\/illustrazione personalizzata della sua nuova auto. Oggi le auto si acquistano cos\u00ec. Non importa che si tratti di nuovo o di usato. <\/p>\n\n\n\n<p>Se contrariamente al previsto non dovesse essere soddisfatto, potr\u00e0 sostituire la sua nuova auto entro un mese. <a href=\"https:\/\/autokunz.ch\/it\/assistenza\/swiss-package-auto-nuove\/\">Maggiori informazioni sul diritto di restituzione.<\/a> Abbiamo sviluppato questo nuovo servizio affinch\u00e9 lei possa cercare i veicoli in tranquillit\u00e0 anche al di fuori degli orari di apertura. In questo modo pu\u00f2 accedere a tutte le auto 24 ore su 7 giorni, rilassarsi comodamente nel suo salotto e acquistare l&#8217;auto che desidera in pochi clic! <\/p>\n\n\n\n<p>Dolo l&#8217;acquisto online\/acquisto nello shop online ci metteremo in contatto con lei il giorno lavorativo successivo o addirittura subito dopo l&#8217;acquisto in caso di ulteriori domande. Sbrighiamo le formalit\u00e0. Una volta effettuato il pagamento non c&#8217;\u00e8 nulla che possa fermare la consegna della sua auto dei sogni!&nbsp; <\/p>\n<\/div>\n\n\n\n<div class=\"wp-block-column is-layout-flow wp-block-column-is-layout-flow\">\n<h6 class=\"wp-block-heading\"><strong>Negozio di accessori online<\/strong><\/h6>\n\n\n\n<p>Sedetevi comodamente a casa e vaglia il nostro negozio online per gli accessori che desidera per la vostra auto. Offriamo i migliori prodotti in molte aree, che aggiornano o personalizzano il vostro veicolo. Dagli accessori elettronici ai componenti del telaio, alla progettazione della carrozzeria, alla messa a punto tecnica o ottica, ai cerchi in lega o agli accessori come i sistemi portapacchi e i ganci per rimorchio, tutto \u00e8 incluso! Cliccate sul nostro Online Shop e ordinate comodamente dal vostro divano. Questo durante 7 giorni su 24 ore.<br><\/p>\n\n\n\n<p><\/p>\n<\/div>\n<\/div>\n","protected":false},"excerpt":{"rendered":"<p>Negozio online di auto con oltre 500 auto Il nostro shop online ha due categorie. Le offriamo sia la nostra gamma di accessori che l&#8217;acquisto online scegliendo tra oltre 500 auto!Comodamente da casa sua pu\u00f2 navigare nel nostro online shop! Negozio online di auto La nostra piattaforma online per l&#8217;acquisto diretto nel nostro shop \u00e8 &hellip; <a class=\"text-button text-button--primary text-button--no-arrow\" href=\"https:\/\/autokunz.ch\/it\/online-shop\/\">continua<\/a><\/p>\n","protected":false},"author":4,"featured_media":3966145,"parent":0,"menu_order":0,"comment_status":"closed","ping_status":"closed","template":"","meta":{"_acf_changed":false,"footnotes":""},"class_list":["post-54283","page","type-page","status-publish","has-post-thumbnail","hentry"],"acf":[],"yoast_head":"<!-- This site is optimized with the Yoast SEO plugin v27.0 - https:\/\/yoast.com\/product\/yoast-seo-wordpress\/ -->\n<title>Online Shop - NEU! Fahrzeuge &amp; Zubeh\u00f6r online kaufen - Auto Kunz AG<\/title>\n<meta name=\"description\" content=\"Unser Online Shop: Von der Zubeh\u00f6r Abteilung bis zum online Kauf von \u00fcber 500 Fahrzeugen. Durchforsten Sie unseren Online Shop!\" \/>\n<meta name=\"robots\" content=\"index, follow, max-snippet:-1, max-image-preview:large, max-video-preview:-1\" \/>\n<link rel=\"canonical\" href=\"https:\/\/autokunz.ch\/it\/online-shop\/\" \/>\n<meta property=\"og:locale\" content=\"it_IT\" \/>\n<meta property=\"og:type\" content=\"article\" \/>\n<meta property=\"og:title\" content=\"Online Shop - NEU! Fahrzeuge &amp; Zubeh\u00f6r online kaufen - Auto Kunz AG\" \/>\n<meta property=\"og:description\" content=\"Unser Online Shop: Von der Zubeh\u00f6r Abteilung bis zum online Kauf von \u00fcber 500 Fahrzeugen. Durchforsten Sie unseren Online Shop!\" \/>\n<meta property=\"og:url\" content=\"https:\/\/autokunz.ch\/it\/online-shop\/\" \/>\n<meta property=\"og:site_name\" content=\"Auto Kunz\" \/>\n<meta property=\"article:publisher\" content=\"https:\/\/www.facebook.com\/AutoKunzAG\" \/>\n<meta property=\"article:modified_time\" content=\"2024-10-09T11:37:26+00:00\" \/>\n<meta property=\"og:image\" content=\"https:\/\/autokunz.ch\/app\/uploads\/2023\/02\/online-shop-auto-kunz-ag.jpg\" \/>\n\t<meta property=\"og:image:width\" content=\"1920\" \/>\n\t<meta property=\"og:image:height\" content=\"1280\" \/>\n\t<meta property=\"og:image:type\" content=\"image\/jpeg\" \/>\n<meta name=\"twitter:card\" content=\"summary_large_image\" \/>\n<meta name=\"twitter:site\" content=\"@autokunzag\" \/>\n<meta name=\"twitter:label1\" content=\"Est. reading time\" \/>\n\t<meta name=\"twitter:data1\" content=\"3 minutes\" \/>\n<script type=\"application\/ld+json\" class=\"yoast-schema-graph\">{\"@context\":\"https:\/\/schema.org\",\"@graph\":[{\"@type\":\"WebPage\",\"@id\":\"https:\/\/autokunz.ch\/it\/online-shop\/\",\"url\":\"https:\/\/autokunz.ch\/it\/online-shop\/\",\"name\":\"Online Shop - NEU! Fahrzeuge & Zubeh\u00f6r online kaufen - Auto Kunz AG\",\"isPartOf\":{\"@id\":\"https:\/\/autokunz.ch\/#website\"},\"primaryImageOfPage\":{\"@id\":\"https:\/\/autokunz.ch\/it\/online-shop\/#primaryimage\"},\"image\":{\"@id\":\"https:\/\/autokunz.ch\/it\/online-shop\/#primaryimage\"},\"thumbnailUrl\":\"https:\/\/autokunz.ch\/app\/uploads\/2023\/02\/online-shop-auto-kunz-ag.jpg\",\"datePublished\":\"2019-08-05T13:07:36+00:00\",\"dateModified\":\"2024-10-09T11:37:26+00:00\",\"description\":\"Unser Online Shop: Von der Zubeh\u00f6r Abteilung bis zum online Kauf von \u00fcber 500 Fahrzeugen. Durchforsten Sie unseren Online Shop!\",\"breadcrumb\":{\"@id\":\"https:\/\/autokunz.ch\/it\/online-shop\/#breadcrumb\"},\"inLanguage\":\"it-IT\",\"potentialAction\":[{\"@type\":\"ReadAction\",\"target\":[\"https:\/\/autokunz.ch\/it\/online-shop\/\"]}]},{\"@type\":\"ImageObject\",\"inLanguage\":\"it-IT\",\"@id\":\"https:\/\/autokunz.ch\/it\/online-shop\/#primaryimage\",\"url\":\"https:\/\/autokunz.ch\/app\/uploads\/2023\/02\/online-shop-auto-kunz-ag.jpg\",\"contentUrl\":\"https:\/\/autokunz.ch\/app\/uploads\/2023\/02\/online-shop-auto-kunz-ag.jpg\",\"width\":1920,\"height\":1280,\"caption\":\"Online Shop - Auto Kunz AG mit den schweizweit tiefsten Preisen 1\"},{\"@type\":\"BreadcrumbList\",\"@id\":\"https:\/\/autokunz.ch\/it\/online-shop\/#breadcrumb\",\"itemListElement\":[{\"@type\":\"ListItem\",\"position\":1,\"name\":\"Home\",\"item\":\"https:\/\/autokunz.ch\/it\/\"},{\"@type\":\"ListItem\",\"position\":2,\"name\":\"Online Shop\"}]},{\"@type\":\"WebSite\",\"@id\":\"https:\/\/autokunz.ch\/#website\",\"url\":\"https:\/\/autokunz.ch\/\",\"name\":\"Auto Kunz\",\"description\":\"\u00dcber 500 Autos, die tiefsten Preise der Schweiz\",\"publisher\":{\"@id\":\"https:\/\/autokunz.ch\/#organization\"},\"potentialAction\":[{\"@type\":\"SearchAction\",\"target\":{\"@type\":\"EntryPoint\",\"urlTemplate\":\"https:\/\/autokunz.ch\/?s={search_term_string}\"},\"query-input\":{\"@type\":\"PropertyValueSpecification\",\"valueRequired\":true,\"valueName\":\"search_term_string\"}}],\"inLanguage\":\"it-IT\"},{\"@type\":\"Organization\",\"@id\":\"https:\/\/autokunz.ch\/#organization\",\"name\":\"Auto Kunz AG\",\"url\":\"https:\/\/autokunz.ch\/\",\"logo\":{\"@type\":\"ImageObject\",\"inLanguage\":\"it-IT\",\"@id\":\"https:\/\/autokunz.ch\/#\/schema\/logo\/image\/\",\"url\":\"https:\/\/autokunz.ch\/app\/uploads\/2021\/07\/autokunz-ag-wohlen-logo.png\",\"contentUrl\":\"https:\/\/autokunz.ch\/app\/uploads\/2021\/07\/autokunz-ag-wohlen-logo.png\",\"width\":530,\"height\":79,\"caption\":\"Auto Kunz AG\"},\"image\":{\"@id\":\"https:\/\/autokunz.ch\/#\/schema\/logo\/image\/\"},\"sameAs\":[\"https:\/\/www.facebook.com\/AutoKunzAG\",\"https:\/\/x.com\/autokunzag\",\"https:\/\/www.instagram.com\/autokunz.ch\/\",\"https:\/\/www.linkedin.com\/company\/9463486?trk=tyah&amp;amp;amp;trkInfo=clickedVertical:company,idx:1-1-1,tarId:1434043483672,tas:auto kunz\",\"https:\/\/www.pinterest.com\/autokunzag\/\",\"https:\/\/www.youtube.com\/channel\/UCsS22A2abuuzGxbmhsPm-6g\"]}]}<\/script>\n<!-- \/ Yoast SEO plugin. -->","yoast_head_json":{"title":"Online Shop - NEU! Fahrzeuge & Zubeh\u00f6r online kaufen - Auto Kunz AG","description":"Unser Online Shop: Von der Zubeh\u00f6r Abteilung bis zum online Kauf von \u00fcber 500 Fahrzeugen. Durchforsten Sie unseren Online Shop!","robots":{"index":"index","follow":"follow","max-snippet":"max-snippet:-1","max-image-preview":"max-image-preview:large","max-video-preview":"max-video-preview:-1"},"canonical":"https:\/\/autokunz.ch\/it\/online-shop\/","og_locale":"it_IT","og_type":"article","og_title":"Online Shop - NEU! Fahrzeuge & Zubeh\u00f6r online kaufen - Auto Kunz AG","og_description":"Unser Online Shop: Von der Zubeh\u00f6r Abteilung bis zum online Kauf von \u00fcber 500 Fahrzeugen. Durchforsten Sie unseren Online Shop!","og_url":"https:\/\/autokunz.ch\/it\/online-shop\/","og_site_name":"Auto Kunz","article_publisher":"https:\/\/www.facebook.com\/AutoKunzAG","article_modified_time":"2024-10-09T11:37:26+00:00","og_image":[{"width":1920,"height":1280,"url":"https:\/\/autokunz.ch\/app\/uploads\/2023\/02\/online-shop-auto-kunz-ag.jpg","type":"image\/jpeg"}],"twitter_card":"summary_large_image","twitter_site":"@autokunzag","twitter_misc":{"Est. reading time":"3 minutes"},"schema":{"@context":"https:\/\/schema.org","@graph":[{"@type":"WebPage","@id":"https:\/\/autokunz.ch\/it\/online-shop\/","url":"https:\/\/autokunz.ch\/it\/online-shop\/","name":"Online Shop - NEU! Fahrzeuge & Zubeh\u00f6r online kaufen - Auto Kunz AG","isPartOf":{"@id":"https:\/\/autokunz.ch\/#website"},"primaryImageOfPage":{"@id":"https:\/\/autokunz.ch\/it\/online-shop\/#primaryimage"},"image":{"@id":"https:\/\/autokunz.ch\/it\/online-shop\/#primaryimage"},"thumbnailUrl":"https:\/\/autokunz.ch\/app\/uploads\/2023\/02\/online-shop-auto-kunz-ag.jpg","datePublished":"2019-08-05T13:07:36+00:00","dateModified":"2024-10-09T11:37:26+00:00","description":"Unser Online Shop: Von der Zubeh\u00f6r Abteilung bis zum online Kauf von \u00fcber 500 Fahrzeugen. Durchforsten Sie unseren Online Shop!","breadcrumb":{"@id":"https:\/\/autokunz.ch\/it\/online-shop\/#breadcrumb"},"inLanguage":"it-IT","potentialAction":[{"@type":"ReadAction","target":["https:\/\/autokunz.ch\/it\/online-shop\/"]}]},{"@type":"ImageObject","inLanguage":"it-IT","@id":"https:\/\/autokunz.ch\/it\/online-shop\/#primaryimage","url":"https:\/\/autokunz.ch\/app\/uploads\/2023\/02\/online-shop-auto-kunz-ag.jpg","contentUrl":"https:\/\/autokunz.ch\/app\/uploads\/2023\/02\/online-shop-auto-kunz-ag.jpg","width":1920,"height":1280,"caption":"Online Shop - Auto Kunz AG mit den schweizweit tiefsten Preisen 1"},{"@type":"BreadcrumbList","@id":"https:\/\/autokunz.ch\/it\/online-shop\/#breadcrumb","itemListElement":[{"@type":"ListItem","position":1,"name":"Home","item":"https:\/\/autokunz.ch\/it\/"},{"@type":"ListItem","position":2,"name":"Online Shop"}]},{"@type":"WebSite","@id":"https:\/\/autokunz.ch\/#website","url":"https:\/\/autokunz.ch\/","name":"Auto Kunz","description":"\u00dcber 500 Autos, die tiefsten Preise der Schweiz","publisher":{"@id":"https:\/\/autokunz.ch\/#organization"},"potentialAction":[{"@type":"SearchAction","target":{"@type":"EntryPoint","urlTemplate":"https:\/\/autokunz.ch\/?s={search_term_string}"},"query-input":{"@type":"PropertyValueSpecification","valueRequired":true,"valueName":"search_term_string"}}],"inLanguage":"it-IT"},{"@type":"Organization","@id":"https:\/\/autokunz.ch\/#organization","name":"Auto Kunz AG","url":"https:\/\/autokunz.ch\/","logo":{"@type":"ImageObject","inLanguage":"it-IT","@id":"https:\/\/autokunz.ch\/#\/schema\/logo\/image\/","url":"https:\/\/autokunz.ch\/app\/uploads\/2021\/07\/autokunz-ag-wohlen-logo.png","contentUrl":"https:\/\/autokunz.ch\/app\/uploads\/2021\/07\/autokunz-ag-wohlen-logo.png","width":530,"height":79,"caption":"Auto Kunz AG"},"image":{"@id":"https:\/\/autokunz.ch\/#\/schema\/logo\/image\/"},"sameAs":["https:\/\/www.facebook.com\/AutoKunzAG","https:\/\/x.com\/autokunzag","https:\/\/www.instagram.com\/autokunz.ch\/","https:\/\/www.linkedin.com\/company\/9463486?trk=tyah&amp;amp;amp;trkInfo=clickedVertical:company,idx:1-1-1,tarId:1434043483672,tas:auto kunz","https:\/\/www.pinterest.com\/autokunzag\/","https:\/\/www.youtube.com\/channel\/UCsS22A2abuuzGxbmhsPm-6g"]}]}},"_links":{"self":[{"href":"https:\/\/autokunz.ch\/it\/wp-json\/wp\/v2\/pages\/54283","targetHints":{"allow":["GET"]}}],"collection":[{"href":"https:\/\/autokunz.ch\/it\/wp-json\/wp\/v2\/pages"}],"about":[{"href":"https:\/\/autokunz.ch\/it\/wp-json\/wp\/v2\/types\/page"}],"author":[{"embeddable":true,"href":"https:\/\/autokunz.ch\/it\/wp-json\/wp\/v2\/users\/4"}],"replies":[{"embeddable":true,"href":"https:\/\/autokunz.ch\/it\/wp-json\/wp\/v2\/comments?post=54283"}],"version-history":[{"count":3,"href":"https:\/\/autokunz.ch\/it\/wp-json\/wp\/v2\/pages\/54283\/revisions"}],"predecessor-version":[{"id":5101769,"href":"https:\/\/autokunz.ch\/it\/wp-json\/wp\/v2\/pages\/54283\/revisions\/5101769"}],"wp:featuredmedia":[{"embeddable":true,"href":"https:\/\/autokunz.ch\/it\/wp-json\/wp\/v2\/media\/3966145"}],"wp:attachment":[{"href":"https:\/\/autokunz.ch\/it\/wp-json\/wp\/v2\/media?parent=54283"}],"curies":[{"name":"wp","href":"https:\/\/api.w.org\/{rel}","templated":true}]}}