{"id":54317,"date":"2019-06-21T14:25:46","date_gmt":"2019-06-21T12:25:46","guid":{"rendered":"https:\/\/autokunz.ch\/azienda\/"},"modified":"2019-09-18T13:02:13","modified_gmt":"2019-09-18T11:02:13","slug":"azienda","status":"publish","type":"page","link":"https:\/\/autokunz.ch\/it\/azienda\/","title":{"rendered":"Azienda"},"content":{"rendered":"\n<div class=\"wp-block-columns has-2-columns is-layout-flex wp-container-core-columns-is-layout-9d6595d7 wp-block-columns-is-layout-flex\">\n<div class=\"wp-block-column is-layout-flow wp-block-column-is-layout-flow\">\n<h2 class=\"wp-block-heading\">AUTO KUNZ AG: ci presentiamo<\/h2>\n\n\n\n<h3 class=\"wp-block-heading\">Oltre 500 auto di tutte le marche <br>ai prezzi pi\u00f9 bassi in Svizzera!<\/h3>\n\n\n\n<p>Grazie a una vasta offerta di oltre 500 auto nuove e usate di tutte le marche comuni, la ditta Auto Kunz AG \u00e8 uno dei pi\u00f9 grandi importatori di auto indipendenti della Svizzera. Sa convincere per uno spiccato orientamento al cliente, un assortimento unico di marche d&#8217;auto, servizio post-vendita trasversale su tutte le marche e migliore prezzi della Svizzera.<\/p>\n<\/div>\n\n\n\n<div class=\"wp-block-column is-layout-flow wp-block-column-is-layout-flow\">\n<figure class=\"wp-block-image\"><img decoding=\"async\" src=\"https:\/\/autokunz.ch\/app\/uploads\/2019\/08\/1.4-Unternehmen-1366x911.jpg\" alt=\"\" class=\"wp-image-9217\"\/><\/figure>\n<\/div>\n<\/div>\n\n\n\n<hr class=\"wp-block-separator\"\/>\n\n\n\n<div class=\"wp-block-columns has-2-columns is-layout-flex wp-container-core-columns-is-layout-9d6595d7 wp-block-columns-is-layout-flex\">\n<div class=\"wp-block-column is-layout-flow wp-block-column-is-layout-flow\">\n<figure class=\"wp-block-image\"><img decoding=\"async\" width=\"620\" height=\"372\" src=\"https:\/\/autokunz.ch\/app\/uploads\/2019\/08\/unternehmen-8.jpg\" alt=\"Unternehmen - Auto Kunz AG 34\" class=\"wp-image-9990\" srcset=\"https:\/\/autokunz.ch\/app\/uploads\/2019\/08\/unternehmen-8.jpg 620w, https:\/\/autokunz.ch\/app\/uploads\/2019\/08\/unternehmen-8-588x353.jpg 588w\" sizes=\"(max-width: 620px) 100vw, 620px\" \/><\/figure>\n\n\n\n<p><\/p>\n<\/div>\n\n\n\n<div class=\"wp-block-column is-layout-flow wp-block-column-is-layout-flow\">\n<h6 class=\"wp-block-heading\"><strong>Auto Kunz: una storia che va avanti dal 1967<\/strong><\/h6>\n\n\n\n<p>Vantiamo con orgoglio una storia aziendale di successo di oltre 50 anni. Nel 1969 viene fondata Auto Kunz AG da Ursula e Theo Kunz, uno dei pi\u00f9 grandi importatori d&#8217;auto della Svizzera. Oltre 50 collaboratori garantiscono un servizio affidabile. Pioniere delle importazioni dirette e parallele, la nostra azienda ha contribuito a eliminare i cartelli dell&#8217;importazione e i prezzi elevati. <\/p>\n\n\n\n<div class=\"wp-block-button is-style-button--text-primary\"><a class=\"wp-block-button__link\" href=\"https:\/\/autokunz.ch\/it\/azienda\/storia\/\">Continua a leggere<\/a><\/div>\n<\/div>\n<\/div>\n\n\n\n<hr class=\"wp-block-separator\"\/>\n\n\n\n<div class=\"wp-block-columns has-2-columns is-layout-flex wp-container-core-columns-is-layout-9d6595d7 wp-block-columns-is-layout-flex\">\n<div class=\"wp-block-column is-layout-flow wp-block-column-is-layout-flow\">\n<h6 class=\"wp-block-heading\"><strong>Team<\/strong><\/h6>\n\n\n\n<p>Oltre 50 professionisti dell&#8217;auto sono a sua disposizione. Specialisti di tutti i settori. Consulenti di vendita, specialisti delle importazioni, compratori, meccanici, elettricisti, rivenditori al dettaglio, addetti alla diagnostica, dipendenti commerciali e tanti altri specialisti le offrono un know-how completo difficilmente comparabile a quello di altre aziende.<\/p>\n\n\n\n<div class=\"wp-block-button is-style-button--text-primary\"><a class=\"wp-block-button__link\" href=\"https:\/\/autokunz.ch\/it\/azienda\/team\/\">Continua a leggere<\/a><\/div>\n<\/div>\n\n\n\n<div class=\"wp-block-column is-layout-flow wp-block-column-is-layout-flow\">\n<figure class=\"wp-block-image\"><img decoding=\"async\" width=\"1176\" height=\"694\" src=\"https:\/\/autokunz.ch\/app\/uploads\/2019\/08\/unternehmen-10.png\" alt=\"Unternehmen - Auto Kunz AG 36\" class=\"wp-image-9999\" srcset=\"https:\/\/autokunz.ch\/app\/uploads\/2019\/08\/unternehmen-10.png 1176w, https:\/\/autokunz.ch\/app\/uploads\/2019\/08\/unternehmen-10-598x353.png 598w, https:\/\/autokunz.ch\/app\/uploads\/2019\/08\/unternehmen-10-768x453.png 768w\" sizes=\"(max-width: 1176px) 100vw, 1176px\" \/><\/figure>\n<\/div>\n<\/div>\n\n\n\n<hr class=\"wp-block-separator\"\/>\n\n\n\n<div class=\"wp-block-columns has-2-columns is-layout-flex wp-container-core-columns-is-layout-9d6595d7 wp-block-columns-is-layout-flex\">\n<div class=\"wp-block-column is-layout-flow wp-block-column-is-layout-flow\">\n<figure class=\"wp-block-image\"><img decoding=\"async\" width=\"1366\" height=\"911\" src=\"https:\/\/autokunz.ch\/app\/uploads\/2019\/08\/1.4-Kontakt-Carla-am-Empfang-1366x911.jpg\" alt=\"\" class=\"wp-image-9203\" srcset=\"https:\/\/autokunz.ch\/app\/uploads\/2019\/08\/1.4-Kontakt-Carla-am-Empfang-1366x911.jpg 1366w, https:\/\/autokunz.ch\/app\/uploads\/2019\/08\/1.4-Kontakt-Carla-am-Empfang-297x197.jpg 297w, https:\/\/autokunz.ch\/app\/uploads\/2019\/08\/1.4-Kontakt-Carla-am-Empfang-530x353.jpg 530w, https:\/\/autokunz.ch\/app\/uploads\/2019\/08\/1.4-Kontakt-Carla-am-Empfang-768x512.jpg 768w, https:\/\/autokunz.ch\/app\/uploads\/2019\/08\/1.4-Kontakt-Carla-am-Empfang.jpg 1536w\" sizes=\"(max-width: 1366px) 100vw, 1366px\" \/><\/figure>\n\n\n\n<p><\/p>\n<\/div>\n\n\n\n<div class=\"wp-block-column is-layout-flow wp-block-column-is-layout-flow\">\n<h6 class=\"wp-block-heading\"><strong>Contatti<\/strong><\/h6>\n\n\n\n<p>Auto Kunz AG si trova a Wohlen in varie localit\u00e0. L&#8217;edificio principale si trova in Bremgarterstrasse 75 e in una breve distanza a piedi anche le altre localit\u00e0 Bremgarterstrasse 36, 38, 44, 54, 75 e 105. Offriamo al visitatore circa 12.000 metri quadrati di mostra la nostra variet\u00e0 di auto nuove e di seconda mano. Le auto possono essere trovate amichevoli ordinate per categoria. Ad esempio, tutti i SUV in Bremgartenstrasse 75, tutte le automobili americane Muscel in Bremgartenstrass 38, ecc., Sono semplicemente molto concisi. <\/p>\n\n\n\n<div class=\"wp-block-button is-style-button--text-primary\"><a class=\"wp-block-button__link\" href=\"https:\/\/autokunz.ch\/it\/kontakt\/\">Continua a leggere<\/a><\/div>\n\n\n\n<p><\/p>\n<\/div>\n<\/div>\n\n\n\n<hr class=\"wp-block-separator\"\/>\n\n\n\n<div class=\"wp-block-columns has-2-columns is-layout-flex wp-container-core-columns-is-layout-9d6595d7 wp-block-columns-is-layout-flex\">\n<div class=\"wp-block-column is-layout-flow wp-block-column-is-layout-flow\">\n<h6 class=\"wp-block-heading\"><strong>Posti di lavoro<\/strong><\/h6>\n\n\n\n<p>Stai cercando un ottimo lavoro? Auto Kunz AG crea posti di lavoro. Siamo orgogliosi dei nostri dipendenti! Oltre a un&#8217;attenta formazione, attribuiamo grande importanza alla costante promozione e formazione di ogni individuo. Un lavoro sicuro \u00e8 importante anche per noi. Auto Kunz AG non ha mai avuto tagli di posti di lavoro nella sua storia. Al contrario, ogni anno il numero di dipendenti aumenta.<\/p>\n\n\n\n<div class=\"wp-block-button is-style-button--text-primary\"><a class=\"wp-block-button__link\" href=\"https:\/\/autokunz.ch\/it\/azienda\/offerte-di-lavoro\/\">Continua a leggere<\/a><\/div>\n<\/div>\n\n\n\n<div class=\"wp-block-column is-layout-flow wp-block-column-is-layout-flow\">\n<figure class=\"wp-block-image\"><img decoding=\"async\" width=\"1366\" height=\"912\" src=\"https:\/\/autokunz.ch\/app\/uploads\/2019\/08\/1.4.4-Jobs-1366x912.jpeg\" alt=\"\" class=\"wp-image-9221\" srcset=\"https:\/\/autokunz.ch\/app\/uploads\/2019\/08\/1.4.4-Jobs-1366x912.jpeg 1366w, https:\/\/autokunz.ch\/app\/uploads\/2019\/08\/1.4.4-Jobs-297x197.jpeg 297w, https:\/\/autokunz.ch\/app\/uploads\/2019\/08\/1.4.4-Jobs-529x353.jpeg 529w, https:\/\/autokunz.ch\/app\/uploads\/2019\/08\/1.4.4-Jobs-768x513.jpeg 768w, https:\/\/autokunz.ch\/app\/uploads\/2019\/08\/1.4.4-Jobs.jpeg 1536w\" sizes=\"(max-width: 1366px) 100vw, 1366px\" \/><\/figure>\n<\/div>\n<\/div>\n\n\n\n<hr class=\"wp-block-separator\"\/>\n\n\n\n<div class=\"wp-block-columns has-2-columns is-layout-flex wp-container-core-columns-is-layout-9d6595d7 wp-block-columns-is-layout-flex\">\n<div class=\"wp-block-column is-layout-flow wp-block-column-is-layout-flow\">\n<figure class=\"wp-block-image\"><img decoding=\"async\" src=\"https:\/\/autokunz.ch\/app\/uploads\/2019\/08\/1.4.5-Lehrling-in-roten-Kleider-1-1366x1024.jpeg\" alt=\"\" class=\"wp-image-9225\"\/><\/figure>\n<\/div>\n\n\n\n<div class=\"wp-block-column is-layout-flow wp-block-column-is-layout-flow\">\n<h6 class=\"wp-block-heading\"><strong>Posti di apprendistato<\/strong><\/h6>\n\n\n\n<p>Come datore di lavoro affidabile e sicuro, abbiamo creato posti di lavoro e apprendistato sin dalla fondazione dell&#8217;azienda. Ogni anno formiamo da 6 a 9 apprendisti. Stai cercando un apprendistato? Informati qui sui posti vacanti di apprendistato!<\/p>\n\n\n\n<div class=\"wp-block-button is-style-button--text-primary\"><a class=\"wp-block-button__link\" href=\"https:\/\/autokunz.ch\/it\/azienda\/apprendistato-e-stage\/\">Continua a leggere<\/a><\/div>\n<\/div>\n<\/div>\n\n\n\n<hr class=\"wp-block-separator\"\/>\n\n\n\n<div class=\"wp-block-columns has-2-columns is-layout-flex wp-container-core-columns-is-layout-9d6595d7 wp-block-columns-is-layout-flex\">\n<div class=\"wp-block-column is-layout-flow wp-block-column-is-layout-flow\">\n<h6 class=\"wp-block-heading\"><strong>Partner<\/strong><\/h6>\n\n\n\n<p>Auto Kunz AG \u00e8 fiera di avere al suo fianco partner professionali. Siano questi produttori, partner finanziari, assicurazioni e molti altri. Grazie alla nostra collaborazione di fiducia, molti sono nostri partner decennali. . <\/p>\n\n\n\n<div class=\"wp-block-button is-style-button--text-primary\"><a class=\"wp-block-button__link\" href=\"https:\/\/autokunz.ch\/it\/azienda\/partner\/\">Continua a leggere<\/a><\/div>\n<\/div>\n\n\n\n<div class=\"wp-block-column is-layout-flow wp-block-column-is-layout-flow\">\n<figure class=\"wp-block-image\"><img decoding=\"async\" src=\"https:\/\/autokunz.ch\/app\/uploads\/2019\/08\/1.4.6-Partner-Hintergrundbild-1366x490.jpeg\" alt=\"\" class=\"wp-image-10751\"\/><\/figure>\n<\/div>\n<\/div>\n\n\n\n<hr class=\"wp-block-separator\"\/>\n\n\n\n<div class=\"wp-block-columns has-2-columns is-layout-flex wp-container-core-columns-is-layout-9d6595d7 wp-block-columns-is-layout-flex\">\n<div class=\"wp-block-column is-layout-flow wp-block-column-is-layout-flow\">\n<figure class=\"wp-block-image\"><img decoding=\"async\" src=\"https:\/\/autokunz.ch\/app\/uploads\/2019\/08\/Bisnode-Zertifikat-2.jpg\" alt=\"\" class=\"wp-image-10756\"\/><\/figure>\n<\/div>\n\n\n\n<div class=\"wp-block-column is-layout-flow wp-block-column-is-layout-flow\">\n<h6 class=\"wp-block-heading\"><strong>Riconoscimenti<\/strong><\/h6>\n\n\n\n<p>Niente di meno che la pi\u00f9 grande agenzia di rating al mondo ha gi\u00e0 assegnato pi\u00f9 volte la certificazione 1st Rating alla nostra azienda. Dei 5&#8217;000 garage in Svizzera, di norma solo 2-3 ricevono questo riconoscimento. Noi ne andiamo orgogliosi e per lei questo riconoscimento si traduce in sicurezza, qualit\u00e0 e continuit\u00e0. Questo riconoscimento viene rilasciato dall&#8217;agenzia di rating Bisnode Dun &amp; Bradstreet<\/p>\n\n\n\n<div class=\"wp-block-button is-style-button--text-primary\"><a class=\"wp-block-button__link\" href=\"https:\/\/autokunz.ch\/it\/azienda\/auszeichnungen\/\">Continua a leggere<\/a><\/div>\n\n\n\n<p><\/p>\n<\/div>\n<\/div>\n","protected":false},"excerpt":{"rendered":"<p>AUTO KUNZ AG: ci presentiamo Oltre 500 auto di tutte le marche ai prezzi pi\u00f9 bassi in Svizzera! Grazie a una vasta offerta di oltre 500 auto nuove e usate di tutte le marche comuni, la ditta Auto Kunz AG \u00e8 uno dei pi\u00f9 grandi importatori di auto indipendenti della Svizzera. Sa convincere per uno &hellip; <a class=\"text-button text-button--primary text-button--no-arrow\" href=\"https:\/\/autokunz.ch\/it\/azienda\/\">continua<\/a><\/p>\n","protected":false},"author":1,"featured_media":3880814,"parent":0,"menu_order":0,"comment_status":"closed","ping_status":"closed","template":"views\/template-companies.blade.php","meta":{"_acf_changed":false,"footnotes":""},"class_list":["post-54317","page","type-page","status-publish","has-post-thumbnail","hentry"],"acf":[],"yoast_head":"<!-- This site is optimized with the Yoast SEO plugin v27.0 - https:\/\/yoast.com\/product\/yoast-seo-wordpress\/ -->\n<title>Unser Unternehmen stellt sich vor - Auto Kunz AG<\/title>\n<meta name=\"description\" content=\"Das Unternehmen Auto Kunz AG einer der gr\u00f6ssten unabh\u00e4ngigen Autoimporteure der Schweiz. \u00dcber 500 Autos aller Marken zu den schweizweit tiefsten Preisen!\" \/>\n<meta name=\"robots\" content=\"index, follow, max-snippet:-1, max-image-preview:large, max-video-preview:-1\" \/>\n<link rel=\"canonical\" href=\"https:\/\/autokunz.ch\/it\/azienda\/\" \/>\n<meta property=\"og:locale\" content=\"it_IT\" \/>\n<meta property=\"og:type\" content=\"article\" \/>\n<meta property=\"og:title\" content=\"Unser Unternehmen stellt sich vor - Auto Kunz AG\" \/>\n<meta property=\"og:description\" content=\"Das Unternehmen Auto Kunz AG einer der gr\u00f6ssten unabh\u00e4ngigen Autoimporteure der Schweiz. \u00dcber 500 Autos aller Marken zu den schweizweit tiefsten Preisen!\" \/>\n<meta property=\"og:url\" content=\"https:\/\/autokunz.ch\/it\/azienda\/\" \/>\n<meta property=\"og:site_name\" content=\"Auto Kunz\" \/>\n<meta property=\"article:publisher\" content=\"https:\/\/www.facebook.com\/AutoKunzAG\" \/>\n<meta property=\"article:modified_time\" content=\"2019-09-18T11:02:13+00:00\" \/>\n<meta property=\"og:image\" content=\"https:\/\/autokunz.ch\/app\/uploads\/2021\/12\/DSC09614-1.jpg\" \/>\n\t<meta property=\"og:image:width\" content=\"1920\" \/>\n\t<meta property=\"og:image:height\" content=\"656\" \/>\n\t<meta property=\"og:image:type\" content=\"image\/jpeg\" \/>\n<meta name=\"twitter:card\" content=\"summary_large_image\" \/>\n<meta name=\"twitter:site\" content=\"@autokunzag\" \/>\n<meta name=\"twitter:label1\" content=\"Est. reading time\" \/>\n\t<meta name=\"twitter:data1\" content=\"2 minutes\" \/>\n<script type=\"application\/ld+json\" class=\"yoast-schema-graph\">{\"@context\":\"https:\/\/schema.org\",\"@graph\":[{\"@type\":\"WebPage\",\"@id\":\"https:\/\/autokunz.ch\/it\/azienda\/\",\"url\":\"https:\/\/autokunz.ch\/it\/azienda\/\",\"name\":\"Unser Unternehmen stellt sich vor - Auto Kunz AG\",\"isPartOf\":{\"@id\":\"https:\/\/autokunz.ch\/#website\"},\"primaryImageOfPage\":{\"@id\":\"https:\/\/autokunz.ch\/it\/azienda\/#primaryimage\"},\"image\":{\"@id\":\"https:\/\/autokunz.ch\/it\/azienda\/#primaryimage\"},\"thumbnailUrl\":\"https:\/\/autokunz.ch\/app\/uploads\/2023\/01\/co2-boerse-und-import-auto-kunz-ag.jpg\",\"datePublished\":\"2019-06-21T12:25:46+00:00\",\"dateModified\":\"2019-09-18T11:02:13+00:00\",\"description\":\"Das Unternehmen Auto Kunz AG einer der gr\u00f6ssten unabh\u00e4ngigen Autoimporteure der Schweiz. \u00dcber 500 Autos aller Marken zu den schweizweit tiefsten Preisen!\",\"breadcrumb\":{\"@id\":\"https:\/\/autokunz.ch\/it\/azienda\/#breadcrumb\"},\"inLanguage\":\"it-IT\",\"potentialAction\":[{\"@type\":\"ReadAction\",\"target\":[\"https:\/\/autokunz.ch\/it\/azienda\/\"]}]},{\"@type\":\"ImageObject\",\"inLanguage\":\"it-IT\",\"@id\":\"https:\/\/autokunz.ch\/it\/azienda\/#primaryimage\",\"url\":\"https:\/\/autokunz.ch\/app\/uploads\/2023\/01\/co2-boerse-und-import-auto-kunz-ag.jpg\",\"contentUrl\":\"https:\/\/autokunz.ch\/app\/uploads\/2023\/01\/co2-boerse-und-import-auto-kunz-ag.jpg\",\"width\":1920,\"height\":1280,\"caption\":\"Borsa CO2 e importazione - Auto Kunz AG mit den schweizweit tiefsten Preisen\"},{\"@type\":\"BreadcrumbList\",\"@id\":\"https:\/\/autokunz.ch\/it\/azienda\/#breadcrumb\",\"itemListElement\":[{\"@type\":\"ListItem\",\"position\":1,\"name\":\"Home\",\"item\":\"https:\/\/autokunz.ch\/it\/\"},{\"@type\":\"ListItem\",\"position\":2,\"name\":\"Azienda\"}]},{\"@type\":\"WebSite\",\"@id\":\"https:\/\/autokunz.ch\/#website\",\"url\":\"https:\/\/autokunz.ch\/\",\"name\":\"Auto Kunz\",\"description\":\"\u00dcber 500 Autos, die tiefsten Preise der Schweiz\",\"publisher\":{\"@id\":\"https:\/\/autokunz.ch\/#organization\"},\"potentialAction\":[{\"@type\":\"SearchAction\",\"target\":{\"@type\":\"EntryPoint\",\"urlTemplate\":\"https:\/\/autokunz.ch\/?s={search_term_string}\"},\"query-input\":{\"@type\":\"PropertyValueSpecification\",\"valueRequired\":true,\"valueName\":\"search_term_string\"}}],\"inLanguage\":\"it-IT\"},{\"@type\":\"Organization\",\"@id\":\"https:\/\/autokunz.ch\/#organization\",\"name\":\"Auto Kunz AG\",\"url\":\"https:\/\/autokunz.ch\/\",\"logo\":{\"@type\":\"ImageObject\",\"inLanguage\":\"it-IT\",\"@id\":\"https:\/\/autokunz.ch\/#\/schema\/logo\/image\/\",\"url\":\"https:\/\/autokunz.ch\/app\/uploads\/2021\/07\/autokunz-ag-wohlen-logo.png\",\"contentUrl\":\"https:\/\/autokunz.ch\/app\/uploads\/2021\/07\/autokunz-ag-wohlen-logo.png\",\"width\":530,\"height\":79,\"caption\":\"Auto Kunz AG\"},\"image\":{\"@id\":\"https:\/\/autokunz.ch\/#\/schema\/logo\/image\/\"},\"sameAs\":[\"https:\/\/www.facebook.com\/AutoKunzAG\",\"https:\/\/x.com\/autokunzag\",\"https:\/\/www.instagram.com\/autokunz.ch\/\",\"https:\/\/www.linkedin.com\/company\/9463486?trk=tyah&amp;amp;amp;trkInfo=clickedVertical:company,idx:1-1-1,tarId:1434043483672,tas:auto kunz\",\"https:\/\/www.pinterest.com\/autokunzag\/\",\"https:\/\/www.youtube.com\/channel\/UCsS22A2abuuzGxbmhsPm-6g\"]}]}<\/script>\n<!-- \/ Yoast SEO plugin. -->","yoast_head_json":{"title":"Unser Unternehmen stellt sich vor - Auto Kunz AG","description":"Das Unternehmen Auto Kunz AG einer der gr\u00f6ssten unabh\u00e4ngigen Autoimporteure der Schweiz. \u00dcber 500 Autos aller Marken zu den schweizweit tiefsten Preisen!","robots":{"index":"index","follow":"follow","max-snippet":"max-snippet:-1","max-image-preview":"max-image-preview:large","max-video-preview":"max-video-preview:-1"},"canonical":"https:\/\/autokunz.ch\/it\/azienda\/","og_locale":"it_IT","og_type":"article","og_title":"Unser Unternehmen stellt sich vor - Auto Kunz AG","og_description":"Das Unternehmen Auto Kunz AG einer der gr\u00f6ssten unabh\u00e4ngigen Autoimporteure der Schweiz. \u00dcber 500 Autos aller Marken zu den schweizweit tiefsten Preisen!","og_url":"https:\/\/autokunz.ch\/it\/azienda\/","og_site_name":"Auto Kunz","article_publisher":"https:\/\/www.facebook.com\/AutoKunzAG","article_modified_time":"2019-09-18T11:02:13+00:00","og_image":[{"width":1920,"height":656,"url":"https:\/\/autokunz.ch\/app\/uploads\/2021\/12\/DSC09614-1.jpg","type":"image\/jpeg"}],"twitter_card":"summary_large_image","twitter_site":"@autokunzag","twitter_misc":{"Est. reading time":"2 minutes"},"schema":{"@context":"https:\/\/schema.org","@graph":[{"@type":"WebPage","@id":"https:\/\/autokunz.ch\/it\/azienda\/","url":"https:\/\/autokunz.ch\/it\/azienda\/","name":"Unser Unternehmen stellt sich vor - Auto Kunz AG","isPartOf":{"@id":"https:\/\/autokunz.ch\/#website"},"primaryImageOfPage":{"@id":"https:\/\/autokunz.ch\/it\/azienda\/#primaryimage"},"image":{"@id":"https:\/\/autokunz.ch\/it\/azienda\/#primaryimage"},"thumbnailUrl":"https:\/\/autokunz.ch\/app\/uploads\/2023\/01\/co2-boerse-und-import-auto-kunz-ag.jpg","datePublished":"2019-06-21T12:25:46+00:00","dateModified":"2019-09-18T11:02:13+00:00","description":"Das Unternehmen Auto Kunz AG einer der gr\u00f6ssten unabh\u00e4ngigen Autoimporteure der Schweiz. \u00dcber 500 Autos aller Marken zu den schweizweit tiefsten Preisen!","breadcrumb":{"@id":"https:\/\/autokunz.ch\/it\/azienda\/#breadcrumb"},"inLanguage":"it-IT","potentialAction":[{"@type":"ReadAction","target":["https:\/\/autokunz.ch\/it\/azienda\/"]}]},{"@type":"ImageObject","inLanguage":"it-IT","@id":"https:\/\/autokunz.ch\/it\/azienda\/#primaryimage","url":"https:\/\/autokunz.ch\/app\/uploads\/2023\/01\/co2-boerse-und-import-auto-kunz-ag.jpg","contentUrl":"https:\/\/autokunz.ch\/app\/uploads\/2023\/01\/co2-boerse-und-import-auto-kunz-ag.jpg","width":1920,"height":1280,"caption":"Borsa CO2 e importazione - Auto Kunz AG mit den schweizweit tiefsten Preisen"},{"@type":"BreadcrumbList","@id":"https:\/\/autokunz.ch\/it\/azienda\/#breadcrumb","itemListElement":[{"@type":"ListItem","position":1,"name":"Home","item":"https:\/\/autokunz.ch\/it\/"},{"@type":"ListItem","position":2,"name":"Azienda"}]},{"@type":"WebSite","@id":"https:\/\/autokunz.ch\/#website","url":"https:\/\/autokunz.ch\/","name":"Auto Kunz","description":"\u00dcber 500 Autos, die tiefsten Preise der Schweiz","publisher":{"@id":"https:\/\/autokunz.ch\/#organization"},"potentialAction":[{"@type":"SearchAction","target":{"@type":"EntryPoint","urlTemplate":"https:\/\/autokunz.ch\/?s={search_term_string}"},"query-input":{"@type":"PropertyValueSpecification","valueRequired":true,"valueName":"search_term_string"}}],"inLanguage":"it-IT"},{"@type":"Organization","@id":"https:\/\/autokunz.ch\/#organization","name":"Auto Kunz AG","url":"https:\/\/autokunz.ch\/","logo":{"@type":"ImageObject","inLanguage":"it-IT","@id":"https:\/\/autokunz.ch\/#\/schema\/logo\/image\/","url":"https:\/\/autokunz.ch\/app\/uploads\/2021\/07\/autokunz-ag-wohlen-logo.png","contentUrl":"https:\/\/autokunz.ch\/app\/uploads\/2021\/07\/autokunz-ag-wohlen-logo.png","width":530,"height":79,"caption":"Auto Kunz AG"},"image":{"@id":"https:\/\/autokunz.ch\/#\/schema\/logo\/image\/"},"sameAs":["https:\/\/www.facebook.com\/AutoKunzAG","https:\/\/x.com\/autokunzag","https:\/\/www.instagram.com\/autokunz.ch\/","https:\/\/www.linkedin.com\/company\/9463486?trk=tyah&amp;amp;amp;trkInfo=clickedVertical:company,idx:1-1-1,tarId:1434043483672,tas:auto kunz","https:\/\/www.pinterest.com\/autokunzag\/","https:\/\/www.youtube.com\/channel\/UCsS22A2abuuzGxbmhsPm-6g"]}]}},"_links":{"self":[{"href":"https:\/\/autokunz.ch\/it\/wp-json\/wp\/v2\/pages\/54317","targetHints":{"allow":["GET"]}}],"collection":[{"href":"https:\/\/autokunz.ch\/it\/wp-json\/wp\/v2\/pages"}],"about":[{"href":"https:\/\/autokunz.ch\/it\/wp-json\/wp\/v2\/types\/page"}],"author":[{"embeddable":true,"href":"https:\/\/autokunz.ch\/it\/wp-json\/wp\/v2\/users\/1"}],"replies":[{"embeddable":true,"href":"https:\/\/autokunz.ch\/it\/wp-json\/wp\/v2\/comments?post=54317"}],"version-history":[{"count":3,"href":"https:\/\/autokunz.ch\/it\/wp-json\/wp\/v2\/pages\/54317\/revisions"}],"predecessor-version":[{"id":1493087,"href":"https:\/\/autokunz.ch\/it\/wp-json\/wp\/v2\/pages\/54317\/revisions\/1493087"}],"wp:featuredmedia":[{"embeddable":true,"href":"https:\/\/autokunz.ch\/it\/wp-json\/wp\/v2\/media\/3880814"}],"wp:attachment":[{"href":"https:\/\/autokunz.ch\/it\/wp-json\/wp\/v2\/media?parent=54317"}],"curies":[{"name":"wp","href":"https:\/\/api.w.org\/{rel}","templated":true}]}}