{"id":54322,"date":"2019-08-05T13:46:26","date_gmt":"2019-08-05T11:46:26","guid":{"rendered":"https:\/\/autokunz.ch\/azienda\/garage\/"},"modified":"2019-09-09T11:06:40","modified_gmt":"2019-09-09T09:06:40","slug":"garage","status":"publish","type":"page","link":"https:\/\/autokunz.ch\/it\/azienda\/garage\/","title":{"rendered":"Garage Auto Kunz oggi"},"content":{"rendered":"\n<div class=\"wp-block-columns has-2-columns is-layout-flex wp-container-core-columns-is-layout-9d6595d7 wp-block-columns-is-layout-flex\">\n<div class=\"wp-block-column is-layout-flow wp-block-column-is-layout-flow\">\n<h2 class=\"wp-block-heading\">Garage Auto Kunz<\/h2>\n\n\n\n<h3 class=\"wp-block-heading\">la nostra storia aziendale, <br>cos\u00ec ci presentiamo oggi<\/h3>\n\n\n\n<p>I fratelli Ren\u00e9 Kunz e Roger Kunz sono oggi attivi nella gestione operativa. Gestiscono la compagnia che si occupa di importo d&#8217;automobili. Il motto dell&#8217;azienda \u00e8 ancora quello di offrire il miglior rapporto qualit\u00e0-prezzo. Ren\u00e9 Kunz \u00e8 attivo nella societ\u00e0 dal 1982 e Roger Kunz dal 1988.<\/p>\n<\/div>\n\n\n\n<div class=\"wp-block-column is-layout-flow wp-block-column-is-layout-flow\">\n<figure class=\"wp-block-image\"><img decoding=\"async\" width=\"1366\" height=\"904\" src=\"https:\/\/autokunz.ch\/app\/uploads\/2019\/08\/garage-auto-kunz-heute-6-1366x904.jpg\" alt=\"Garage Auto Kunz heute - Auto Kunz AG 7\" class=\"wp-image-10013\" srcset=\"https:\/\/autokunz.ch\/app\/uploads\/2019\/08\/garage-auto-kunz-heute-6-1366x904.jpg 1366w, https:\/\/autokunz.ch\/app\/uploads\/2019\/08\/garage-auto-kunz-heute-6-297x197.jpg 297w, https:\/\/autokunz.ch\/app\/uploads\/2019\/08\/garage-auto-kunz-heute-6-533x353.jpg 533w, https:\/\/autokunz.ch\/app\/uploads\/2019\/08\/garage-auto-kunz-heute-6-768x509.jpg 768w, https:\/\/autokunz.ch\/app\/uploads\/2019\/08\/garage-auto-kunz-heute-6.jpg 1536w\" sizes=\"(max-width: 1366px) 100vw, 1366px\" \/><\/figure>\n\n\n\n<p><\/p>\n<\/div>\n<\/div>\n\n\n\n<hr class=\"wp-block-separator\"\/>\n\n\n\n<div class=\"wp-block-columns has-2-columns is-layout-flex wp-container-core-columns-is-layout-9d6595d7 wp-block-columns-is-layout-flex\">\n<div class=\"wp-block-column is-layout-flow wp-block-column-is-layout-flow\">\n<figure class=\"wp-block-image\"><img decoding=\"async\" src=\"https:\/\/autokunz.ch\/app\/uploads\/2019\/08\/garage-auto-kunz-heute-9-1366x911.jpg\" alt=\"Garage Auto Kunz heute - Auto Kunz AG 11\" class=\"wp-image-10771\"\/><\/figure>\n<\/div>\n\n\n\n<div class=\"wp-block-column is-layout-flow wp-block-column-is-layout-flow\">\n<h6 class=\"wp-block-heading\"><strong>I prezzi pi\u00f9 bassi della Svizzera<\/strong><\/h6>\n\n\n\n<p>Il garage Auto Kunz AG \u00e8 un&#8217;azienda con oltre 50 anni di storia che viene annoverata come uno dei concessionari auto di maggiore successo della Svizzera. Grazie a una vasta offerta di oltre 500 auto nuove e usate di tutte le marche, l&#8217;autofficina Auto Kunz AG \u00e8 uno dei pi\u00f9 grandi importatori di auto indipendenti del paese. L&#8217;acquisto in tutto il mondo di grandi quantitativi e sostanziali vantaggi di valuta consentono a lei, come cliente, di trovare i prezzi pi\u00f9 bassi della Svizzera: grazie a Eurobonus e vantaggi delle valute pu\u00f2 ottenere uno sconto fino al 50% rispetto al listino prezzi svizzero. <\/p>\n<\/div>\n<\/div>\n\n\n\n<hr class=\"wp-block-separator\"\/>\n\n\n\n<div class=\"wp-block-columns has-2-columns is-layout-flex wp-container-core-columns-is-layout-9d6595d7 wp-block-columns-is-layout-flex\">\n<div class=\"wp-block-column is-layout-flow wp-block-column-is-layout-flow\">\n<h6 class=\"wp-block-heading\"><strong>Tutte le marche: sia nuovo che usato<\/strong><\/h6>\n\n\n\n<p>12\u2019000 metri quadrati dove il garage Auto Kunz AG\ntiene a magazzino e pu\u00f2 presentarle oltre 400 auto nuove e 100 auto usate. Di\nnorma abbiamo in offerta oltre 700 auto. Inoltre presso i nostri magazzini e\npresso i nostri fornitori ci sono altri 20\u2018000 veicoli su richiesta.\nSoddisfiamo ogni richiesta del cliente: dall&#8217;utilitaria alle auto di classe\nmedia fino ai modelli di lusso, sono presenti tutte le fasce di prezzo.<\/p>\n<\/div>\n\n\n\n<div class=\"wp-block-column is-layout-flow wp-block-column-is-layout-flow\">\n<figure class=\"wp-block-image\"><img decoding=\"async\" src=\"https:\/\/autokunz.ch\/app\/uploads\/2019\/08\/garage-auto-kunz-heute-1366x767.jpg\" alt=\"Garage Auto Kunz heute - Auto Kunz AG\" class=\"wp-image-8757\"\/><\/figure>\n<\/div>\n<\/div>\n\n\n\n<hr class=\"wp-block-separator\"\/>\n\n\n\n<div class=\"wp-block-columns has-2-columns is-layout-flex wp-container-core-columns-is-layout-9d6595d7 wp-block-columns-is-layout-flex\">\n<div class=\"wp-block-column is-layout-flow wp-block-column-is-layout-flow\">\n<figure class=\"wp-block-image\"><img decoding=\"async\" width=\"1366\" height=\"911\" src=\"https:\/\/autokunz.ch\/app\/uploads\/2019\/08\/garage-auto-kunz-heute-10-1366x911.jpeg\" alt=\"Garage Auto Kunz heute - Auto Kunz AG 12\" class=\"wp-image-10775\" srcset=\"https:\/\/autokunz.ch\/app\/uploads\/2019\/08\/garage-auto-kunz-heute-10-1366x911.jpeg 1366w, https:\/\/autokunz.ch\/app\/uploads\/2019\/08\/garage-auto-kunz-heute-10-297x197.jpeg 297w, https:\/\/autokunz.ch\/app\/uploads\/2019\/08\/garage-auto-kunz-heute-10-530x353.jpeg 530w, https:\/\/autokunz.ch\/app\/uploads\/2019\/08\/garage-auto-kunz-heute-10-768x512.jpeg 768w, https:\/\/autokunz.ch\/app\/uploads\/2019\/08\/garage-auto-kunz-heute-10.jpeg 1536w\" sizes=\"(max-width: 1366px) 100vw, 1366px\" \/><\/figure>\n<\/div>\n\n\n\n<div class=\"wp-block-column is-layout-flow wp-block-column-is-layout-flow\">\n<h6 class=\"wp-block-heading\"><strong>vettura personalizzata<\/strong><\/h6>\n\n\n\n<p>Con il\u00a0<a href=\"https:\/\/autokunz.ch\/it\/autos-2\/configuratore\/\">configuratore<\/a> per auto nuove online\u00a0pu\u00f2 creare la sua auto desiderata autonomamente. Un fatto davvero unico per la Svizzera \u00e8 la possibilit\u00e0 di ordinare direttamente online tramite il nostro <a href=\"https:\/\/autokunz.ch\/it\/online-shop\/\">Web-Shop<\/a>. Il configuratore trova il miglior prezzo per la sua auto da 28 paesi in Europa. Inoltre, in molte nuove auto \u00e8 disponibile il popolare <a href=\"https:\/\/autokunz.ch\/it\/autos-2\/auto-abo-e-trasporto-pubblico\/#filter=%7B%7D&amp;sorting=a-z&amp;page=1&amp;display=purchase\">&#8220;try &amp; buy&#8221;<\/a><\/p>\n<\/div>\n<\/div>\n\n\n\n<hr class=\"wp-block-separator\"\/>\n\n\n\n<div class=\"wp-block-columns has-2-columns is-layout-flex wp-container-core-columns-is-layout-9d6595d7 wp-block-columns-is-layout-flex\">\n<div class=\"wp-block-column is-layout-flow wp-block-column-is-layout-flow\">\n<h6 class=\"wp-block-heading\"><strong>Consulenza professionale su leasing e finanziamenti<\/strong><\/h6>\n\n\n\n<p>Pu\u00f2 scegliere se a rate interessanti o in contante! Affinch\u00e9 lei possa sempre approfittare delle migliori condizioni di leasing e finanziamento, il garage Auto Kunz AG collabora con diversi prestigiosi partner per offrirle i prodotti finanziari pi\u00f9 aggiornati. Come il nostro nuovo prodotto all avanguardia che si chiama <a href=\"https:\/\/autokunz.ch\/it\/assistenza\/all-inclusive-leasing\/\">&#8220;All Inclusive Leasing&#8221;<\/a>. Anche in questo settore i nostri collaboratori seguono una formazione e aggiornamento continui..  <\/p>\n<\/div>\n\n\n\n<div class=\"wp-block-column is-layout-flow wp-block-column-is-layout-flow\">\n<figure class=\"wp-block-image\"><img decoding=\"async\" src=\"https:\/\/autokunz.ch\/app\/uploads\/2019\/08\/garage-auto-kunz-heute-4-1366x911.jpg\" alt=\"Garage Auto Kunz heute - Auto Kunz AG 3\" class=\"wp-image-8769\"\/><\/figure>\n<\/div>\n<\/div>\n\n\n\n<hr class=\"wp-block-separator\"\/>\n\n\n\n<div class=\"wp-block-columns has-2-columns is-layout-flex wp-container-core-columns-is-layout-9d6595d7 wp-block-columns-is-layout-flex\">\n<div class=\"wp-block-column is-layout-flow wp-block-column-is-layout-flow\">\n<figure class=\"wp-block-image\"><img decoding=\"async\" src=\"https:\/\/autokunz.ch\/app\/uploads\/2019\/08\/garage-auto-kunz-heute-1366x767.jpg\" alt=\"Garage Auto Kunz heute - Auto Kunz AG\" class=\"wp-image-8757\"\/><\/figure>\n<\/div>\n\n\n\n<div class=\"wp-block-column is-layout-flow wp-block-column-is-layout-flow\">\n<h6 class=\"wp-block-heading\"><strong>Le nostre marche dalla A alla Z<\/strong><\/h6>\n\n\n\n<p style=\"text-align:left\">Alfa Romeo, Abarth, Aston Martin, Audi, Bentley, BMW, Buick, Cadillac, Chevrolet, Chrysler, Citro\u00ebn, Dacia, DS, Dodge, Ferrari, Fiat, Fiat Professional (VU), Fisker, Ford, Ford USA, GMC, Honda, Hummer, Hyundai, Infiniti, Isuzu, JAC, Jaguar, Jeep, Kia, Lamborghini, Land Rover, Lancia, Lexus, Lotus, Maserati, Mazda, McLaren,  Mercedes-Benz, Mini, Mitsubishi, Nissan, Opel, Peugeot, Porsche, RAM, Renault, Rolls Royce, Shelby, Seat, \u0160koda, Smart, SsangYong, Subaru, Suzuki, Tesla, Toyota, Volvo, VW, VW Veicoli Utilitari. <\/p>\n<\/div>\n<\/div>\n\n\n\n<div class=\"wp-block-columns has-2-columns is-layout-flex wp-container-core-columns-is-layout-9d6595d7 wp-block-columns-is-layout-flex\">\n<div class=\"wp-block-column is-layout-flow wp-block-column-is-layout-flow\">\n<h6 class=\"wp-block-heading\"><strong>Sedi e esposizioni<\/strong><\/h6>\n\n\n\n<p>Auto Kunz AG si trova a Wohlen in varie localit\u00e0. L&#8217;edificio principale si trova in Bremgarterstrasse 75, mentre le restanti esposizioni di vetture sono alla Bremgarterstrasse no. 36, 38, 44, 54, 75 e 105, anch&#8217;esse da raggiungere a breve distanza a piedi. Offriamo ai nostri visitatori una variet\u00e0 di nuove auto e veicoli usati in una mostra di circa 12\u2019000 metri quadrati. Le auto possono essere trovate ordinate categoria per categoria. Ad esempio, tutti i SUV in Bremgartenstrasse 75, tutte le automobili americane Muscel in Bremgartenstrass 38, ecc., Sono semplicemente molto perspicui.<\/p>\n<\/div>\n\n\n\n<div class=\"wp-block-column is-layout-flow wp-block-column-is-layout-flow\">\n<figure class=\"wp-block-image\"><img decoding=\"async\" src=\"https:\/\/autokunz.ch\/app\/uploads\/2019\/08\/garage-auto-kunz-heute-8-1366x767.jpg\" alt=\"Garage Auto Kunz heute - Auto Kunz AG 10\" class=\"wp-image-10767\"\/><\/figure>\n\n\n\n<p><\/p>\n<\/div>\n<\/div>\n\n\n\n<hr class=\"wp-block-separator\"\/>\n","protected":false},"excerpt":{"rendered":"<p>Garage Auto Kunz la nostra storia aziendale, cos\u00ec ci presentiamo oggi I fratelli Ren\u00e9 Kunz e Roger Kunz sono oggi attivi nella gestione operativa. Gestiscono la compagnia che si occupa di importo d&#8217;automobili. Il motto dell&#8217;azienda \u00e8 ancora quello di offrire il miglior rapporto qualit\u00e0-prezzo. Ren\u00e9 Kunz \u00e8 attivo nella societ\u00e0 dal 1982 e Roger &hellip; <a class=\"text-button text-button--primary text-button--no-arrow\" href=\"https:\/\/autokunz.ch\/it\/azienda\/garage\/\">continua<\/a><\/p>\n","protected":false},"author":2,"featured_media":54327,"parent":54317,"menu_order":4,"comment_status":"closed","ping_status":"closed","template":"","meta":{"_acf_changed":false,"footnotes":""},"class_list":["post-54322","page","type-page","status-publish","has-post-thumbnail","hentry"],"acf":[],"yoast_head":"<!-- This site is optimized with the Yoast SEO plugin v27.0 - https:\/\/yoast.com\/product\/yoast-seo-wordpress\/ -->\n<title>Die tiefsten Preise der Schweiz - Garage Auto Kunz AG Wohlen<\/title>\n<meta name=\"description\" content=\"Garage Auto Kunz AG pr\u00e4sentiert Ihnen die \u00fcber 400 Neuwagen und 100 Occasionen. Die tiefsten Preise der Schweiz Auf \u00fcber 12\u2019000 Quadratmetern.\" \/>\n<meta name=\"robots\" content=\"index, follow, max-snippet:-1, max-image-preview:large, max-video-preview:-1\" \/>\n<link rel=\"canonical\" href=\"https:\/\/autokunz.ch\/it\/azienda\/garage\/\" \/>\n<meta property=\"og:locale\" content=\"it_IT\" \/>\n<meta property=\"og:type\" content=\"article\" \/>\n<meta property=\"og:title\" content=\"Die tiefsten Preise der Schweiz - Garage Auto Kunz AG Wohlen\" \/>\n<meta property=\"og:description\" content=\"Garage Auto Kunz AG pr\u00e4sentiert Ihnen die \u00fcber 400 Neuwagen und 100 Occasionen. Die tiefsten Preise der Schweiz Auf \u00fcber 12\u2019000 Quadratmetern.\" \/>\n<meta property=\"og:url\" content=\"https:\/\/autokunz.ch\/it\/azienda\/garage\/\" \/>\n<meta property=\"og:site_name\" content=\"Auto Kunz\" \/>\n<meta property=\"article:publisher\" content=\"https:\/\/www.facebook.com\/AutoKunzAG\" \/>\n<meta property=\"article:modified_time\" content=\"2019-09-09T09:06:40+00:00\" \/>\n<meta property=\"og:image\" content=\"https:\/\/autokunz.ch\/app\/uploads\/2019\/09\/1.1-Auto-AK-von-oben-Drohne-V1.jpg\" \/>\n\t<meta property=\"og:image:width\" content=\"1536\" \/>\n\t<meta property=\"og:image:height\" content=\"863\" \/>\n\t<meta property=\"og:image:type\" content=\"image\/jpeg\" \/>\n<meta name=\"twitter:card\" content=\"summary_large_image\" \/>\n<meta name=\"twitter:site\" content=\"@autokunzag\" \/>\n<meta name=\"twitter:label1\" content=\"Est. reading time\" \/>\n\t<meta name=\"twitter:data1\" content=\"3 minutes\" \/>\n<script type=\"application\/ld+json\" class=\"yoast-schema-graph\">{\"@context\":\"https:\/\/schema.org\",\"@graph\":[{\"@type\":\"WebPage\",\"@id\":\"https:\/\/autokunz.ch\/it\/azienda\/garage\/\",\"url\":\"https:\/\/autokunz.ch\/it\/azienda\/garage\/\",\"name\":\"Die tiefsten Preise der Schweiz - Garage Auto Kunz AG Wohlen\",\"isPartOf\":{\"@id\":\"https:\/\/autokunz.ch\/#website\"},\"primaryImageOfPage\":{\"@id\":\"https:\/\/autokunz.ch\/it\/azienda\/garage\/#primaryimage\"},\"image\":{\"@id\":\"https:\/\/autokunz.ch\/it\/azienda\/garage\/#primaryimage\"},\"thumbnailUrl\":\"https:\/\/autokunz.ch\/app\/uploads\/2019\/09\/1.1-Auto-AK-von-oben-Drohne-V1.jpg\",\"datePublished\":\"2019-08-05T11:46:26+00:00\",\"dateModified\":\"2019-09-09T09:06:40+00:00\",\"description\":\"Garage Auto Kunz AG pr\u00e4sentiert Ihnen die \u00fcber 400 Neuwagen und 100 Occasionen. Die tiefsten Preise der Schweiz Auf \u00fcber 12\u2019000 Quadratmetern.\",\"breadcrumb\":{\"@id\":\"https:\/\/autokunz.ch\/it\/azienda\/garage\/#breadcrumb\"},\"inLanguage\":\"it-IT\",\"potentialAction\":[{\"@type\":\"ReadAction\",\"target\":[\"https:\/\/autokunz.ch\/it\/azienda\/garage\/\"]}]},{\"@type\":\"ImageObject\",\"inLanguage\":\"it-IT\",\"@id\":\"https:\/\/autokunz.ch\/it\/azienda\/garage\/#primaryimage\",\"url\":\"https:\/\/autokunz.ch\/app\/uploads\/2019\/09\/1.1-Auto-AK-von-oben-Drohne-V1.jpg\",\"contentUrl\":\"https:\/\/autokunz.ch\/app\/uploads\/2019\/09\/1.1-Auto-AK-von-oben-Drohne-V1.jpg\",\"width\":1536,\"height\":863,\"caption\":\"Garage Auto Kunz oggi - Auto Kunz AG\"},{\"@type\":\"BreadcrumbList\",\"@id\":\"https:\/\/autokunz.ch\/it\/azienda\/garage\/#breadcrumb\",\"itemListElement\":[{\"@type\":\"ListItem\",\"position\":1,\"name\":\"Home\",\"item\":\"https:\/\/autokunz.ch\/it\/\"},{\"@type\":\"ListItem\",\"position\":2,\"name\":\"Azienda\",\"item\":\"https:\/\/autokunz.ch\/it\/azienda\/\"},{\"@type\":\"ListItem\",\"position\":3,\"name\":\"Garage Auto Kunz oggi\"}]},{\"@type\":\"WebSite\",\"@id\":\"https:\/\/autokunz.ch\/#website\",\"url\":\"https:\/\/autokunz.ch\/\",\"name\":\"Auto Kunz\",\"description\":\"\u00dcber 500 Autos, die tiefsten Preise der Schweiz\",\"publisher\":{\"@id\":\"https:\/\/autokunz.ch\/#organization\"},\"potentialAction\":[{\"@type\":\"SearchAction\",\"target\":{\"@type\":\"EntryPoint\",\"urlTemplate\":\"https:\/\/autokunz.ch\/?s={search_term_string}\"},\"query-input\":{\"@type\":\"PropertyValueSpecification\",\"valueRequired\":true,\"valueName\":\"search_term_string\"}}],\"inLanguage\":\"it-IT\"},{\"@type\":\"Organization\",\"@id\":\"https:\/\/autokunz.ch\/#organization\",\"name\":\"Auto Kunz AG\",\"url\":\"https:\/\/autokunz.ch\/\",\"logo\":{\"@type\":\"ImageObject\",\"inLanguage\":\"it-IT\",\"@id\":\"https:\/\/autokunz.ch\/#\/schema\/logo\/image\/\",\"url\":\"https:\/\/autokunz.ch\/app\/uploads\/2021\/07\/autokunz-ag-wohlen-logo.png\",\"contentUrl\":\"https:\/\/autokunz.ch\/app\/uploads\/2021\/07\/autokunz-ag-wohlen-logo.png\",\"width\":530,\"height\":79,\"caption\":\"Auto Kunz AG\"},\"image\":{\"@id\":\"https:\/\/autokunz.ch\/#\/schema\/logo\/image\/\"},\"sameAs\":[\"https:\/\/www.facebook.com\/AutoKunzAG\",\"https:\/\/x.com\/autokunzag\",\"https:\/\/www.instagram.com\/autokunz.ch\/\",\"https:\/\/www.linkedin.com\/company\/9463486?trk=tyah&amp;amp;amp;trkInfo=clickedVertical:company,idx:1-1-1,tarId:1434043483672,tas:auto kunz\",\"https:\/\/www.pinterest.com\/autokunzag\/\",\"https:\/\/www.youtube.com\/channel\/UCsS22A2abuuzGxbmhsPm-6g\"]}]}<\/script>\n<!-- \/ Yoast SEO plugin. -->","yoast_head_json":{"title":"Die tiefsten Preise der Schweiz - Garage Auto Kunz AG Wohlen","description":"Garage Auto Kunz AG pr\u00e4sentiert Ihnen die \u00fcber 400 Neuwagen und 100 Occasionen. Die tiefsten Preise der Schweiz Auf \u00fcber 12\u2019000 Quadratmetern.","robots":{"index":"index","follow":"follow","max-snippet":"max-snippet:-1","max-image-preview":"max-image-preview:large","max-video-preview":"max-video-preview:-1"},"canonical":"https:\/\/autokunz.ch\/it\/azienda\/garage\/","og_locale":"it_IT","og_type":"article","og_title":"Die tiefsten Preise der Schweiz - Garage Auto Kunz AG Wohlen","og_description":"Garage Auto Kunz AG pr\u00e4sentiert Ihnen die \u00fcber 400 Neuwagen und 100 Occasionen. Die tiefsten Preise der Schweiz Auf \u00fcber 12\u2019000 Quadratmetern.","og_url":"https:\/\/autokunz.ch\/it\/azienda\/garage\/","og_site_name":"Auto Kunz","article_publisher":"https:\/\/www.facebook.com\/AutoKunzAG","article_modified_time":"2019-09-09T09:06:40+00:00","og_image":[{"width":1536,"height":863,"url":"https:\/\/autokunz.ch\/app\/uploads\/2019\/09\/1.1-Auto-AK-von-oben-Drohne-V1.jpg","type":"image\/jpeg"}],"twitter_card":"summary_large_image","twitter_site":"@autokunzag","twitter_misc":{"Est. reading time":"3 minutes"},"schema":{"@context":"https:\/\/schema.org","@graph":[{"@type":"WebPage","@id":"https:\/\/autokunz.ch\/it\/azienda\/garage\/","url":"https:\/\/autokunz.ch\/it\/azienda\/garage\/","name":"Die tiefsten Preise der Schweiz - Garage Auto Kunz AG Wohlen","isPartOf":{"@id":"https:\/\/autokunz.ch\/#website"},"primaryImageOfPage":{"@id":"https:\/\/autokunz.ch\/it\/azienda\/garage\/#primaryimage"},"image":{"@id":"https:\/\/autokunz.ch\/it\/azienda\/garage\/#primaryimage"},"thumbnailUrl":"https:\/\/autokunz.ch\/app\/uploads\/2019\/09\/1.1-Auto-AK-von-oben-Drohne-V1.jpg","datePublished":"2019-08-05T11:46:26+00:00","dateModified":"2019-09-09T09:06:40+00:00","description":"Garage Auto Kunz AG pr\u00e4sentiert Ihnen die \u00fcber 400 Neuwagen und 100 Occasionen. Die tiefsten Preise der Schweiz Auf \u00fcber 12\u2019000 Quadratmetern.","breadcrumb":{"@id":"https:\/\/autokunz.ch\/it\/azienda\/garage\/#breadcrumb"},"inLanguage":"it-IT","potentialAction":[{"@type":"ReadAction","target":["https:\/\/autokunz.ch\/it\/azienda\/garage\/"]}]},{"@type":"ImageObject","inLanguage":"it-IT","@id":"https:\/\/autokunz.ch\/it\/azienda\/garage\/#primaryimage","url":"https:\/\/autokunz.ch\/app\/uploads\/2019\/09\/1.1-Auto-AK-von-oben-Drohne-V1.jpg","contentUrl":"https:\/\/autokunz.ch\/app\/uploads\/2019\/09\/1.1-Auto-AK-von-oben-Drohne-V1.jpg","width":1536,"height":863,"caption":"Garage Auto Kunz oggi - Auto Kunz AG"},{"@type":"BreadcrumbList","@id":"https:\/\/autokunz.ch\/it\/azienda\/garage\/#breadcrumb","itemListElement":[{"@type":"ListItem","position":1,"name":"Home","item":"https:\/\/autokunz.ch\/it\/"},{"@type":"ListItem","position":2,"name":"Azienda","item":"https:\/\/autokunz.ch\/it\/azienda\/"},{"@type":"ListItem","position":3,"name":"Garage Auto Kunz oggi"}]},{"@type":"WebSite","@id":"https:\/\/autokunz.ch\/#website","url":"https:\/\/autokunz.ch\/","name":"Auto Kunz","description":"\u00dcber 500 Autos, die tiefsten Preise der Schweiz","publisher":{"@id":"https:\/\/autokunz.ch\/#organization"},"potentialAction":[{"@type":"SearchAction","target":{"@type":"EntryPoint","urlTemplate":"https:\/\/autokunz.ch\/?s={search_term_string}"},"query-input":{"@type":"PropertyValueSpecification","valueRequired":true,"valueName":"search_term_string"}}],"inLanguage":"it-IT"},{"@type":"Organization","@id":"https:\/\/autokunz.ch\/#organization","name":"Auto Kunz AG","url":"https:\/\/autokunz.ch\/","logo":{"@type":"ImageObject","inLanguage":"it-IT","@id":"https:\/\/autokunz.ch\/#\/schema\/logo\/image\/","url":"https:\/\/autokunz.ch\/app\/uploads\/2021\/07\/autokunz-ag-wohlen-logo.png","contentUrl":"https:\/\/autokunz.ch\/app\/uploads\/2021\/07\/autokunz-ag-wohlen-logo.png","width":530,"height":79,"caption":"Auto Kunz AG"},"image":{"@id":"https:\/\/autokunz.ch\/#\/schema\/logo\/image\/"},"sameAs":["https:\/\/www.facebook.com\/AutoKunzAG","https:\/\/x.com\/autokunzag","https:\/\/www.instagram.com\/autokunz.ch\/","https:\/\/www.linkedin.com\/company\/9463486?trk=tyah&amp;amp;amp;trkInfo=clickedVertical:company,idx:1-1-1,tarId:1434043483672,tas:auto kunz","https:\/\/www.pinterest.com\/autokunzag\/","https:\/\/www.youtube.com\/channel\/UCsS22A2abuuzGxbmhsPm-6g"]}]}},"_links":{"self":[{"href":"https:\/\/autokunz.ch\/it\/wp-json\/wp\/v2\/pages\/54322","targetHints":{"allow":["GET"]}}],"collection":[{"href":"https:\/\/autokunz.ch\/it\/wp-json\/wp\/v2\/pages"}],"about":[{"href":"https:\/\/autokunz.ch\/it\/wp-json\/wp\/v2\/types\/page"}],"author":[{"embeddable":true,"href":"https:\/\/autokunz.ch\/it\/wp-json\/wp\/v2\/users\/2"}],"replies":[{"embeddable":true,"href":"https:\/\/autokunz.ch\/it\/wp-json\/wp\/v2\/comments?post=54322"}],"version-history":[{"count":3,"href":"https:\/\/autokunz.ch\/it\/wp-json\/wp\/v2\/pages\/54322\/revisions"}],"predecessor-version":[{"id":56257,"href":"https:\/\/autokunz.ch\/it\/wp-json\/wp\/v2\/pages\/54322\/revisions\/56257"}],"up":[{"embeddable":true,"href":"https:\/\/autokunz.ch\/it\/wp-json\/wp\/v2\/pages\/54317"}],"wp:featuredmedia":[{"embeddable":true,"href":"https:\/\/autokunz.ch\/it\/wp-json\/wp\/v2\/media\/54327"}],"wp:attachment":[{"href":"https:\/\/autokunz.ch\/it\/wp-json\/wp\/v2\/media?parent=54322"}],"curies":[{"name":"wp","href":"https:\/\/api.w.org\/{rel}","templated":true}]}}