{"id":54331,"date":"2019-06-21T14:38:01","date_gmt":"2019-06-21T12:38:01","guid":{"rendered":"https:\/\/autokunz.ch\/azienda\/geschichte\/"},"modified":"2023-01-03T15:36:16","modified_gmt":"2023-01-03T14:36:16","slug":"storia","status":"publish","type":"page","link":"https:\/\/autokunz.ch\/it\/azienda\/storia\/","title":{"rendered":"Auto Kunz &#8211; storia"},"content":{"rendered":"\n<div class=\"wp-block-columns has-2-columns is-layout-flex wp-container-core-columns-is-layout-9d6595d7 wp-block-columns-is-layout-flex\">\n<div class=\"wp-block-column is-layout-flow wp-block-column-is-layout-flow\">\n<h2 class=\"wp-block-heading\">STORIA AZIENDALE<\/h2>\n\n\n\n<h3 class=\"wp-block-heading\">Facciamo la storia \u2013 dal 1967<\/h3>\n\n\n\n<p>Nel 1967, Theo e Ursula Kunz fondarono il Garage Auto Kunz AG. Poco dopo la fondazione, hanno importato le prime auto. Ci\u00f2 ha immediatamente causato scalpore, perch\u00e9 Theo Kunz ha sfidato i grandi dell&#8217;epoca, cosa che nessun altro nel settore ha osato. Oggi \u00e8 considerato uno dei grandi pionieri delle importazioni dirette e parallele \u2013 e quindi anche un instancabile combattente contro l&#8217;isola ad alto prezzo della Svizzera.<\/p>\n\n\n\n<p>Nel 1978, magazzino, amministrazione e vendite sono stati fusi nell&#8217;attuale sede di Wohlen. Da allora, ulteriori propriet\u00e0 sono state regolarmente acquistate o affittate.<\/p>\n\n\n\n<p>Dalla met\u00e0 degli anni &#8217;90, Roger e Ren\u00e9 Kunz, i due figli della coppia fondatrice, hanno scritto la storia di successo dell&#8217;azienda nella 2a generazione.<\/p>\n\n\n\n<p> <\/p>\n<\/div>\n\n\n\n<div class=\"wp-block-column is-layout-flow wp-block-column-is-layout-flow\">\n<figure class=\"wp-block-image\"><img decoding=\"async\" width=\"620\" height=\"372\" src=\"https:\/\/autokunz.ch\/app\/uploads\/2019\/08\/auto-kunz-geschichte.jpg\" alt=\"Auto Kunz - Geschichte - Auto Kunz AG 6\" class=\"wp-image-10940\" srcset=\"https:\/\/autokunz.ch\/app\/uploads\/2019\/08\/auto-kunz-geschichte.jpg 620w, https:\/\/autokunz.ch\/app\/uploads\/2019\/08\/auto-kunz-geschichte-588x353.jpg 588w\" sizes=\"(max-width: 620px) 100vw, 620px\" \/><\/figure>\n\n\n\n<p><\/p>\n<\/div>\n<\/div>\n\n\n\n<hr class=\"wp-block-separator has-css-opacity\"\/>\n\n\n\n<div class=\"wp-block-columns has-2-columns is-layout-flex wp-container-core-columns-is-layout-9d6595d7 wp-block-columns-is-layout-flex\">\n<div class=\"wp-block-column is-layout-flow wp-block-column-is-layout-flow\">\n<figure class=\"wp-block-image\"><img decoding=\"async\" width=\"620\" height=\"372\" src=\"https:\/\/autokunz.ch\/app\/uploads\/2019\/08\/auto-kunz-geschichte-2.jpg\" alt=\"Auto Kunz - Geschichte - Auto Kunz AG 7\" class=\"wp-image-10944\" srcset=\"https:\/\/autokunz.ch\/app\/uploads\/2019\/08\/auto-kunz-geschichte-2.jpg 620w, https:\/\/autokunz.ch\/app\/uploads\/2019\/08\/auto-kunz-geschichte-2-588x353.jpg 588w\" sizes=\"(max-width: 620px) 100vw, 620px\" \/><\/figure>\n<\/div>\n\n\n\n<div class=\"wp-block-column is-layout-flow wp-block-column-is-layout-flow\">\n<h6 class=\"has-large-font-size wp-block-heading\">Auto Kunz AG: valori che portano al successo<\/h6>\n\n\n\n<p>Nel 2021, i proprietari Ren\u00e9 e Roger Kunz hanno trasferito la gestione a un amministratore delegato. Dal 2022, Adrian B\u00fcchler ha assunto la responsabilit\u00e0 operativa e continua a vivere i valori aziendali.<\/p>\n\n\n\n<p>Per noi, i valori di stabilit\u00e0 e affidabilit\u00e0, innovazione e prezzi aggressivi sono sempre alla base della nostra filosofia aziendale e al centro delle nostre azioni quotidiane.<\/p>\n<\/div>\n<\/div>\n\n\n\n<hr class=\"wp-block-separator has-css-opacity\"\/>\n\n\n\n<div class=\"wp-block-columns has-2-columns is-layout-flex wp-container-core-columns-is-layout-9d6595d7 wp-block-columns-is-layout-flex\">\n<div class=\"wp-block-column is-layout-flow wp-block-column-is-layout-flow\">\n<h6 class=\"has-large-font-size wp-block-heading\">La storia continua<\/h6>\n\n\n\n<p>Oggi siamo uno dei maggiori importatori paralleli e diretti in Svizzera e impieghiamo pi\u00f9 di 50 persone. Tutti si impegnano per un forte orientamento verso il cliente con una vasta gamma di prodotti, un servizio clienti multimarca, i migliori prezzi in Svizzera e orari di apertura a misura per il cliente. <\/p>\n\n\n\n<p>Dal 2019 siamo importatori generali di auto elettriche del marchio JAC. Abbiamo portato e continuiamo a portare movimento nel mercato automobilistico svizzero. E grazie alla nostra continuit\u00e0 ed esperienza, continueremo a offrire prezzi competitivi e innovazioni in futuro.<\/p>\n<\/div>\n\n\n\n<div class=\"wp-block-column is-layout-flow wp-block-column-is-layout-flow\">\n<figure class=\"wp-block-image\"><img decoding=\"async\" width=\"620\" height=\"372\" src=\"https:\/\/autokunz.ch\/app\/uploads\/2019\/08\/Firmengeschichte2-3.jpg\" alt=\"\" class=\"wp-image-7836\" srcset=\"https:\/\/autokunz.ch\/app\/uploads\/2019\/08\/Firmengeschichte2-3.jpg 620w, https:\/\/autokunz.ch\/app\/uploads\/2019\/08\/Firmengeschichte2-3-588x353.jpg 588w\" sizes=\"(max-width: 620px) 100vw, 620px\" \/><\/figure>\n<\/div>\n<\/div>\n","protected":false},"excerpt":{"rendered":"<p>STORIA AZIENDALE Facciamo la storia \u2013 dal 1967 Nel 1967, Theo e Ursula Kunz fondarono il Garage Auto Kunz AG. Poco dopo la fondazione, hanno importato le prime auto. Ci\u00f2 ha immediatamente causato scalpore, perch\u00e9 Theo Kunz ha sfidato i grandi dell&#8217;epoca, cosa che nessun altro nel settore ha osato. Oggi \u00e8 considerato uno dei &hellip; <a class=\"text-button text-button--primary text-button--no-arrow\" href=\"https:\/\/autokunz.ch\/it\/azienda\/storia\/\">continua<\/a><\/p>\n","protected":false},"author":1,"featured_media":54334,"parent":54317,"menu_order":4,"comment_status":"closed","ping_status":"closed","template":"","meta":{"_acf_changed":false,"footnotes":""},"class_list":["post-54331","page","type-page","status-publish","has-post-thumbnail","hentry"],"acf":[],"yoast_head":"<!-- This site is optimized with the Yoast SEO plugin v27.0 - https:\/\/yoast.com\/product\/yoast-seo-wordpress\/ -->\n<title>Wir schreiben Geschichte seit 1967 - Auto Kunz Wohlen<\/title>\n<meta name=\"description\" content=\"Unsere Geschichte: Die Garage Auto Kunz AG wurde 1967 durch Theo und Ursula Kunz gegr\u00fcndet und sie haben zusammen Geschichte geschrieben.\" \/>\n<meta name=\"robots\" content=\"index, follow, max-snippet:-1, max-image-preview:large, max-video-preview:-1\" \/>\n<link rel=\"canonical\" href=\"https:\/\/autokunz.ch\/it\/azienda\/storia\/\" \/>\n<meta property=\"og:locale\" content=\"it_IT\" \/>\n<meta property=\"og:type\" content=\"article\" \/>\n<meta property=\"og:title\" content=\"Wir schreiben Geschichte seit 1967 - Auto Kunz Wohlen\" \/>\n<meta property=\"og:description\" content=\"Unsere Geschichte: Die Garage Auto Kunz AG wurde 1967 durch Theo und Ursula Kunz gegr\u00fcndet und sie haben zusammen Geschichte geschrieben.\" \/>\n<meta property=\"og:url\" content=\"https:\/\/autokunz.ch\/it\/azienda\/storia\/\" \/>\n<meta property=\"og:site_name\" content=\"Auto Kunz\" \/>\n<meta property=\"article:publisher\" content=\"https:\/\/www.facebook.com\/AutoKunzAG\" \/>\n<meta property=\"article:modified_time\" content=\"2023-01-03T14:36:16+00:00\" \/>\n<meta property=\"og:image\" content=\"https:\/\/autokunz.ch\/app\/uploads\/2019\/09\/JS4A5774.jpg\" \/>\n\t<meta property=\"og:image:width\" content=\"1536\" \/>\n\t<meta property=\"og:image:height\" content=\"1024\" \/>\n\t<meta property=\"og:image:type\" content=\"image\/jpeg\" \/>\n<meta name=\"twitter:card\" content=\"summary_large_image\" \/>\n<meta name=\"twitter:site\" content=\"@autokunzag\" \/>\n<meta name=\"twitter:label1\" content=\"Est. reading time\" \/>\n\t<meta name=\"twitter:data1\" content=\"3 minutes\" \/>\n<script type=\"application\/ld+json\" class=\"yoast-schema-graph\">{\"@context\":\"https:\/\/schema.org\",\"@graph\":[{\"@type\":\"WebPage\",\"@id\":\"https:\/\/autokunz.ch\/it\/azienda\/storia\/\",\"url\":\"https:\/\/autokunz.ch\/it\/azienda\/storia\/\",\"name\":\"Wir schreiben Geschichte seit 1967 - Auto Kunz Wohlen\",\"isPartOf\":{\"@id\":\"https:\/\/autokunz.ch\/#website\"},\"primaryImageOfPage\":{\"@id\":\"https:\/\/autokunz.ch\/it\/azienda\/storia\/#primaryimage\"},\"image\":{\"@id\":\"https:\/\/autokunz.ch\/it\/azienda\/storia\/#primaryimage\"},\"thumbnailUrl\":\"https:\/\/autokunz.ch\/app\/uploads\/2019\/09\/JS4A5774.jpg\",\"datePublished\":\"2019-06-21T12:38:01+00:00\",\"dateModified\":\"2023-01-03T14:36:16+00:00\",\"description\":\"Unsere Geschichte: Die Garage Auto Kunz AG wurde 1967 durch Theo und Ursula Kunz gegr\u00fcndet und sie haben zusammen Geschichte geschrieben.\",\"breadcrumb\":{\"@id\":\"https:\/\/autokunz.ch\/it\/azienda\/storia\/#breadcrumb\"},\"inLanguage\":\"it-IT\",\"potentialAction\":[{\"@type\":\"ReadAction\",\"target\":[\"https:\/\/autokunz.ch\/it\/azienda\/storia\/\"]}]},{\"@type\":\"ImageObject\",\"inLanguage\":\"it-IT\",\"@id\":\"https:\/\/autokunz.ch\/it\/azienda\/storia\/#primaryimage\",\"url\":\"https:\/\/autokunz.ch\/app\/uploads\/2019\/09\/JS4A5774.jpg\",\"contentUrl\":\"https:\/\/autokunz.ch\/app\/uploads\/2019\/09\/JS4A5774.jpg\",\"width\":1536,\"height\":1024,\"caption\":\"Auto Kunz - Geschichte - Auto Kunz AG 13\"},{\"@type\":\"BreadcrumbList\",\"@id\":\"https:\/\/autokunz.ch\/it\/azienda\/storia\/#breadcrumb\",\"itemListElement\":[{\"@type\":\"ListItem\",\"position\":1,\"name\":\"Home\",\"item\":\"https:\/\/autokunz.ch\/it\/\"},{\"@type\":\"ListItem\",\"position\":2,\"name\":\"Azienda\",\"item\":\"https:\/\/autokunz.ch\/it\/azienda\/\"},{\"@type\":\"ListItem\",\"position\":3,\"name\":\"Auto Kunz &#8211; storia\"}]},{\"@type\":\"WebSite\",\"@id\":\"https:\/\/autokunz.ch\/#website\",\"url\":\"https:\/\/autokunz.ch\/\",\"name\":\"Auto Kunz\",\"description\":\"\u00dcber 500 Autos, die tiefsten Preise der Schweiz\",\"publisher\":{\"@id\":\"https:\/\/autokunz.ch\/#organization\"},\"potentialAction\":[{\"@type\":\"SearchAction\",\"target\":{\"@type\":\"EntryPoint\",\"urlTemplate\":\"https:\/\/autokunz.ch\/?s={search_term_string}\"},\"query-input\":{\"@type\":\"PropertyValueSpecification\",\"valueRequired\":true,\"valueName\":\"search_term_string\"}}],\"inLanguage\":\"it-IT\"},{\"@type\":\"Organization\",\"@id\":\"https:\/\/autokunz.ch\/#organization\",\"name\":\"Auto Kunz AG\",\"url\":\"https:\/\/autokunz.ch\/\",\"logo\":{\"@type\":\"ImageObject\",\"inLanguage\":\"it-IT\",\"@id\":\"https:\/\/autokunz.ch\/#\/schema\/logo\/image\/\",\"url\":\"https:\/\/autokunz.ch\/app\/uploads\/2021\/07\/autokunz-ag-wohlen-logo.png\",\"contentUrl\":\"https:\/\/autokunz.ch\/app\/uploads\/2021\/07\/autokunz-ag-wohlen-logo.png\",\"width\":530,\"height\":79,\"caption\":\"Auto Kunz AG\"},\"image\":{\"@id\":\"https:\/\/autokunz.ch\/#\/schema\/logo\/image\/\"},\"sameAs\":[\"https:\/\/www.facebook.com\/AutoKunzAG\",\"https:\/\/x.com\/autokunzag\",\"https:\/\/www.instagram.com\/autokunz.ch\/\",\"https:\/\/www.linkedin.com\/company\/9463486?trk=tyah&amp;amp;amp;trkInfo=clickedVertical:company,idx:1-1-1,tarId:1434043483672,tas:auto kunz\",\"https:\/\/www.pinterest.com\/autokunzag\/\",\"https:\/\/www.youtube.com\/channel\/UCsS22A2abuuzGxbmhsPm-6g\"]}]}<\/script>\n<!-- \/ Yoast SEO plugin. -->","yoast_head_json":{"title":"Wir schreiben Geschichte seit 1967 - Auto Kunz Wohlen","description":"Unsere Geschichte: Die Garage Auto Kunz AG wurde 1967 durch Theo und Ursula Kunz gegr\u00fcndet und sie haben zusammen Geschichte geschrieben.","robots":{"index":"index","follow":"follow","max-snippet":"max-snippet:-1","max-image-preview":"max-image-preview:large","max-video-preview":"max-video-preview:-1"},"canonical":"https:\/\/autokunz.ch\/it\/azienda\/storia\/","og_locale":"it_IT","og_type":"article","og_title":"Wir schreiben Geschichte seit 1967 - Auto Kunz Wohlen","og_description":"Unsere Geschichte: Die Garage Auto Kunz AG wurde 1967 durch Theo und Ursula Kunz gegr\u00fcndet und sie haben zusammen Geschichte geschrieben.","og_url":"https:\/\/autokunz.ch\/it\/azienda\/storia\/","og_site_name":"Auto Kunz","article_publisher":"https:\/\/www.facebook.com\/AutoKunzAG","article_modified_time":"2023-01-03T14:36:16+00:00","og_image":[{"width":1536,"height":1024,"url":"https:\/\/autokunz.ch\/app\/uploads\/2019\/09\/JS4A5774.jpg","type":"image\/jpeg"}],"twitter_card":"summary_large_image","twitter_site":"@autokunzag","twitter_misc":{"Est. reading time":"3 minutes"},"schema":{"@context":"https:\/\/schema.org","@graph":[{"@type":"WebPage","@id":"https:\/\/autokunz.ch\/it\/azienda\/storia\/","url":"https:\/\/autokunz.ch\/it\/azienda\/storia\/","name":"Wir schreiben Geschichte seit 1967 - Auto Kunz Wohlen","isPartOf":{"@id":"https:\/\/autokunz.ch\/#website"},"primaryImageOfPage":{"@id":"https:\/\/autokunz.ch\/it\/azienda\/storia\/#primaryimage"},"image":{"@id":"https:\/\/autokunz.ch\/it\/azienda\/storia\/#primaryimage"},"thumbnailUrl":"https:\/\/autokunz.ch\/app\/uploads\/2019\/09\/JS4A5774.jpg","datePublished":"2019-06-21T12:38:01+00:00","dateModified":"2023-01-03T14:36:16+00:00","description":"Unsere Geschichte: Die Garage Auto Kunz AG wurde 1967 durch Theo und Ursula Kunz gegr\u00fcndet und sie haben zusammen Geschichte geschrieben.","breadcrumb":{"@id":"https:\/\/autokunz.ch\/it\/azienda\/storia\/#breadcrumb"},"inLanguage":"it-IT","potentialAction":[{"@type":"ReadAction","target":["https:\/\/autokunz.ch\/it\/azienda\/storia\/"]}]},{"@type":"ImageObject","inLanguage":"it-IT","@id":"https:\/\/autokunz.ch\/it\/azienda\/storia\/#primaryimage","url":"https:\/\/autokunz.ch\/app\/uploads\/2019\/09\/JS4A5774.jpg","contentUrl":"https:\/\/autokunz.ch\/app\/uploads\/2019\/09\/JS4A5774.jpg","width":1536,"height":1024,"caption":"Auto Kunz - Geschichte - Auto Kunz AG 13"},{"@type":"BreadcrumbList","@id":"https:\/\/autokunz.ch\/it\/azienda\/storia\/#breadcrumb","itemListElement":[{"@type":"ListItem","position":1,"name":"Home","item":"https:\/\/autokunz.ch\/it\/"},{"@type":"ListItem","position":2,"name":"Azienda","item":"https:\/\/autokunz.ch\/it\/azienda\/"},{"@type":"ListItem","position":3,"name":"Auto Kunz &#8211; storia"}]},{"@type":"WebSite","@id":"https:\/\/autokunz.ch\/#website","url":"https:\/\/autokunz.ch\/","name":"Auto Kunz","description":"\u00dcber 500 Autos, die tiefsten Preise der Schweiz","publisher":{"@id":"https:\/\/autokunz.ch\/#organization"},"potentialAction":[{"@type":"SearchAction","target":{"@type":"EntryPoint","urlTemplate":"https:\/\/autokunz.ch\/?s={search_term_string}"},"query-input":{"@type":"PropertyValueSpecification","valueRequired":true,"valueName":"search_term_string"}}],"inLanguage":"it-IT"},{"@type":"Organization","@id":"https:\/\/autokunz.ch\/#organization","name":"Auto Kunz AG","url":"https:\/\/autokunz.ch\/","logo":{"@type":"ImageObject","inLanguage":"it-IT","@id":"https:\/\/autokunz.ch\/#\/schema\/logo\/image\/","url":"https:\/\/autokunz.ch\/app\/uploads\/2021\/07\/autokunz-ag-wohlen-logo.png","contentUrl":"https:\/\/autokunz.ch\/app\/uploads\/2021\/07\/autokunz-ag-wohlen-logo.png","width":530,"height":79,"caption":"Auto Kunz AG"},"image":{"@id":"https:\/\/autokunz.ch\/#\/schema\/logo\/image\/"},"sameAs":["https:\/\/www.facebook.com\/AutoKunzAG","https:\/\/x.com\/autokunzag","https:\/\/www.instagram.com\/autokunz.ch\/","https:\/\/www.linkedin.com\/company\/9463486?trk=tyah&amp;amp;amp;trkInfo=clickedVertical:company,idx:1-1-1,tarId:1434043483672,tas:auto kunz","https:\/\/www.pinterest.com\/autokunzag\/","https:\/\/www.youtube.com\/channel\/UCsS22A2abuuzGxbmhsPm-6g"]}]}},"_links":{"self":[{"href":"https:\/\/autokunz.ch\/it\/wp-json\/wp\/v2\/pages\/54331","targetHints":{"allow":["GET"]}}],"collection":[{"href":"https:\/\/autokunz.ch\/it\/wp-json\/wp\/v2\/pages"}],"about":[{"href":"https:\/\/autokunz.ch\/it\/wp-json\/wp\/v2\/types\/page"}],"author":[{"embeddable":true,"href":"https:\/\/autokunz.ch\/it\/wp-json\/wp\/v2\/users\/1"}],"replies":[{"embeddable":true,"href":"https:\/\/autokunz.ch\/it\/wp-json\/wp\/v2\/comments?post=54331"}],"version-history":[{"count":3,"href":"https:\/\/autokunz.ch\/it\/wp-json\/wp\/v2\/pages\/54331\/revisions"}],"predecessor-version":[{"id":3873017,"href":"https:\/\/autokunz.ch\/it\/wp-json\/wp\/v2\/pages\/54331\/revisions\/3873017"}],"up":[{"embeddable":true,"href":"https:\/\/autokunz.ch\/it\/wp-json\/wp\/v2\/pages\/54317"}],"wp:featuredmedia":[{"embeddable":true,"href":"https:\/\/autokunz.ch\/it\/wp-json\/wp\/v2\/media\/54334"}],"wp:attachment":[{"href":"https:\/\/autokunz.ch\/it\/wp-json\/wp\/v2\/media?parent=54331"}],"curies":[{"name":"wp","href":"https:\/\/api.w.org\/{rel}","templated":true}]}}