{"id":54649,"date":"2019-08-05T14:53:42","date_gmt":"2019-08-05T12:53:42","guid":{"rendered":"https:\/\/autokunz.ch\/azienda\/auszeichnungen\/"},"modified":"2019-09-16T19:43:14","modified_gmt":"2019-09-16T17:43:14","slug":"riconoscimenti","status":"publish","type":"page","link":"https:\/\/autokunz.ch\/it\/azienda\/riconoscimenti\/","title":{"rendered":"Riconoscimenti"},"content":{"rendered":"\n<div class=\"wp-block-columns has-2-columns is-layout-flex wp-container-core-columns-is-layout-9d6595d7 wp-block-columns-is-layout-flex\">\n<div class=\"wp-block-column is-layout-flow wp-block-column-is-layout-flow\">\n<h2 class=\"wp-block-heading\">Riconoscimento Bisnode Dun &amp; Bradstreet Rating &#8211; Certificazione<\/h2>\n\n\n\n<p>I premi dell&#8217;agenzia di rating Bisnode ci hanno contraddistinto negli ultimi anni ancora e ancora. Quindi anche nel 2019. Nessuno meno della pi\u00f9 grande agenzia di rating del mondo ci ha assegnato il primo certificato di rating. Dei 5&#8217;000 <a href=\"https:\/\/autokunz.ch\/it\/azienda\/garage\/\">garage<\/a> in Svizzera, di solito solo 2-3 garage ricevono questo premio. Ne siamo orgogliosi e per te questo premio significa sicurezza, qualit\u00e0 e continuit\u00e0. Il premio viene assegnato dall&#8217;agenzia di rating Bisnode Dun &amp; Bradstreet.<\/p>\n\n\n\n<p>Auto Kunz AG attribuisce grande importanza alla terra e alla sicurezza. La nostra base di capitale \u00e8 eccellente. Siamo un&#8217;azienda molto sana, che offre ai dipendenti un&#8217;ottima base e un posto di lavoro molto sicuro.<\/p>\n\n\n\n<p>Siamo anche una compagnia di apprendisti molto popolare perch\u00e9 formiamo molti apprendisti ogni anno. La nostra base sana ci consente di investire in giovani lavoratori nel nostro e nel nostro futuro.<\/p>\n\n\n\n<p>Grazie a questa ottima costellazione, siamo ripetutamente classificati tra le agenzie di rating. Pertanto, attribuiamo grande importanza alla qualit\u00e0 che la nostra azienda offre. Allo stesso tempo, ci concentriamo sul mantenimento di standard e livelli di qualit\u00e0 elevati.<\/p>\n\n\n\n<p>Questa strategia ci rende giusti, nel senso che il rating di un&#8217;agenzia di rating cos\u00ec rinomata \u00e8 sempre al top.<\/p>\n<\/div>\n\n\n\n<div class=\"wp-block-column is-layout-flow wp-block-column-is-layout-flow\">\n<figure class=\"wp-block-image\"><img decoding=\"async\" width=\"967\" height=\"683\" src=\"https:\/\/autokunz.ch\/app\/uploads\/2019\/08\/Bisnode-Zertifikat.jpg\" alt=\"Unternehmen - Auto Kunz AG 3\" class=\"wp-image-6596\" srcset=\"https:\/\/autokunz.ch\/app\/uploads\/2019\/08\/Bisnode-Zertifikat.jpg 967w, https:\/\/autokunz.ch\/app\/uploads\/2019\/08\/Bisnode-Zertifikat-500x353.jpg 500w, https:\/\/autokunz.ch\/app\/uploads\/2019\/08\/Bisnode-Zertifikat-768x542.jpg 768w\" sizes=\"(max-width: 967px) 100vw, 967px\" \/><\/figure>\n<\/div>\n<\/div>\n","protected":false},"excerpt":{"rendered":"<p>Riconoscimento Bisnode Dun &amp; Bradstreet Rating &#8211; Certificazione I premi dell&#8217;agenzia di rating Bisnode ci hanno contraddistinto negli ultimi anni ancora e ancora. Quindi anche nel 2019. Nessuno meno della pi\u00f9 grande agenzia di rating del mondo ci ha assegnato il primo certificato di rating. Dei 5&#8217;000 garage in Svizzera, di solito solo 2-3 garage &hellip; <a class=\"text-button text-button--primary text-button--no-arrow\" href=\"https:\/\/autokunz.ch\/it\/azienda\/riconoscimenti\/\">continua<\/a><\/p>\n","protected":false},"author":4,"featured_media":54656,"parent":54317,"menu_order":6,"comment_status":"closed","ping_status":"closed","template":"","meta":{"_acf_changed":false,"footnotes":""},"class_list":["post-54649","page","type-page","status-publish","has-post-thumbnail","hentry"],"acf":[],"yoast_head":"<!-- This site is optimized with the Yoast SEO plugin v27.0 - https:\/\/yoast.com\/product\/yoast-seo-wordpress\/ -->\n<title>Unsere Auszeichnungen - darauf sind wir stolz - Auto Kunz AG<\/title>\n<meta name=\"description\" content=\"Wir sind Stolz auf unsere Auszeichnungen. F\u00fcr uns bedeuten diese Auszeichnungen: Sicherheit, Qualit\u00e4t, Kontinuit\u00e4t und Professionalit\u00e4t.\" \/>\n<meta name=\"robots\" content=\"index, follow, max-snippet:-1, max-image-preview:large, max-video-preview:-1\" \/>\n<link rel=\"canonical\" href=\"https:\/\/autokunz.ch\/it\/azienda\/riconoscimenti\/\" \/>\n<meta property=\"og:locale\" content=\"it_IT\" \/>\n<meta property=\"og:type\" content=\"article\" \/>\n<meta property=\"og:title\" content=\"Unsere Auszeichnungen - darauf sind wir stolz - Auto Kunz AG\" \/>\n<meta property=\"og:description\" content=\"Wir sind Stolz auf unsere Auszeichnungen. F\u00fcr uns bedeuten diese Auszeichnungen: Sicherheit, Qualit\u00e4t, Kontinuit\u00e4t und Professionalit\u00e4t.\" \/>\n<meta property=\"og:url\" content=\"https:\/\/autokunz.ch\/it\/azienda\/riconoscimenti\/\" \/>\n<meta property=\"og:site_name\" content=\"Auto Kunz\" \/>\n<meta property=\"article:publisher\" content=\"https:\/\/www.facebook.com\/AutoKunzAG\" \/>\n<meta property=\"article:modified_time\" content=\"2019-09-16T17:43:14+00:00\" \/>\n<meta property=\"og:image\" content=\"https:\/\/autokunz.ch\/app\/uploads\/2019\/09\/JS4A5774-1.jpg\" \/>\n\t<meta property=\"og:image:width\" content=\"1536\" \/>\n\t<meta property=\"og:image:height\" content=\"1024\" \/>\n\t<meta property=\"og:image:type\" content=\"image\/jpeg\" \/>\n<meta name=\"twitter:card\" content=\"summary_large_image\" \/>\n<meta name=\"twitter:site\" content=\"@autokunzag\" \/>\n<meta name=\"twitter:label1\" content=\"Est. reading time\" \/>\n\t<meta name=\"twitter:data1\" content=\"1 minute\" \/>\n<script type=\"application\/ld+json\" class=\"yoast-schema-graph\">{\"@context\":\"https:\/\/schema.org\",\"@graph\":[{\"@type\":\"WebPage\",\"@id\":\"https:\/\/autokunz.ch\/it\/azienda\/riconoscimenti\/\",\"url\":\"https:\/\/autokunz.ch\/it\/azienda\/riconoscimenti\/\",\"name\":\"Unsere Auszeichnungen - darauf sind wir stolz - Auto Kunz AG\",\"isPartOf\":{\"@id\":\"https:\/\/autokunz.ch\/#website\"},\"primaryImageOfPage\":{\"@id\":\"https:\/\/autokunz.ch\/it\/azienda\/riconoscimenti\/#primaryimage\"},\"image\":{\"@id\":\"https:\/\/autokunz.ch\/it\/azienda\/riconoscimenti\/#primaryimage\"},\"thumbnailUrl\":\"https:\/\/autokunz.ch\/app\/uploads\/2019\/09\/JS4A5774-1.jpg\",\"datePublished\":\"2019-08-05T12:53:42+00:00\",\"dateModified\":\"2019-09-16T17:43:14+00:00\",\"description\":\"Wir sind Stolz auf unsere Auszeichnungen. F\u00fcr uns bedeuten diese Auszeichnungen: Sicherheit, Qualit\u00e4t, Kontinuit\u00e4t und Professionalit\u00e4t.\",\"breadcrumb\":{\"@id\":\"https:\/\/autokunz.ch\/it\/azienda\/riconoscimenti\/#breadcrumb\"},\"inLanguage\":\"it-IT\",\"potentialAction\":[{\"@type\":\"ReadAction\",\"target\":[\"https:\/\/autokunz.ch\/it\/azienda\/riconoscimenti\/\"]}]},{\"@type\":\"ImageObject\",\"inLanguage\":\"it-IT\",\"@id\":\"https:\/\/autokunz.ch\/it\/azienda\/riconoscimenti\/#primaryimage\",\"url\":\"https:\/\/autokunz.ch\/app\/uploads\/2019\/09\/JS4A5774-1.jpg\",\"contentUrl\":\"https:\/\/autokunz.ch\/app\/uploads\/2019\/09\/JS4A5774-1.jpg\",\"width\":1536,\"height\":1024,\"caption\":\"Auszeichnungen - Auto Kunz AG 1\"},{\"@type\":\"BreadcrumbList\",\"@id\":\"https:\/\/autokunz.ch\/it\/azienda\/riconoscimenti\/#breadcrumb\",\"itemListElement\":[{\"@type\":\"ListItem\",\"position\":1,\"name\":\"Home\",\"item\":\"https:\/\/autokunz.ch\/it\/\"},{\"@type\":\"ListItem\",\"position\":2,\"name\":\"Azienda\",\"item\":\"https:\/\/autokunz.ch\/it\/azienda\/\"},{\"@type\":\"ListItem\",\"position\":3,\"name\":\"Riconoscimenti\"}]},{\"@type\":\"WebSite\",\"@id\":\"https:\/\/autokunz.ch\/#website\",\"url\":\"https:\/\/autokunz.ch\/\",\"name\":\"Auto Kunz\",\"description\":\"\u00dcber 500 Autos, die tiefsten Preise der Schweiz\",\"publisher\":{\"@id\":\"https:\/\/autokunz.ch\/#organization\"},\"potentialAction\":[{\"@type\":\"SearchAction\",\"target\":{\"@type\":\"EntryPoint\",\"urlTemplate\":\"https:\/\/autokunz.ch\/?s={search_term_string}\"},\"query-input\":{\"@type\":\"PropertyValueSpecification\",\"valueRequired\":true,\"valueName\":\"search_term_string\"}}],\"inLanguage\":\"it-IT\"},{\"@type\":\"Organization\",\"@id\":\"https:\/\/autokunz.ch\/#organization\",\"name\":\"Auto Kunz AG\",\"url\":\"https:\/\/autokunz.ch\/\",\"logo\":{\"@type\":\"ImageObject\",\"inLanguage\":\"it-IT\",\"@id\":\"https:\/\/autokunz.ch\/#\/schema\/logo\/image\/\",\"url\":\"https:\/\/autokunz.ch\/app\/uploads\/2021\/07\/autokunz-ag-wohlen-logo.png\",\"contentUrl\":\"https:\/\/autokunz.ch\/app\/uploads\/2021\/07\/autokunz-ag-wohlen-logo.png\",\"width\":530,\"height\":79,\"caption\":\"Auto Kunz AG\"},\"image\":{\"@id\":\"https:\/\/autokunz.ch\/#\/schema\/logo\/image\/\"},\"sameAs\":[\"https:\/\/www.facebook.com\/AutoKunzAG\",\"https:\/\/x.com\/autokunzag\",\"https:\/\/www.instagram.com\/autokunz.ch\/\",\"https:\/\/www.linkedin.com\/company\/9463486?trk=tyah&amp;amp;amp;trkInfo=clickedVertical:company,idx:1-1-1,tarId:1434043483672,tas:auto kunz\",\"https:\/\/www.pinterest.com\/autokunzag\/\",\"https:\/\/www.youtube.com\/channel\/UCsS22A2abuuzGxbmhsPm-6g\"]}]}<\/script>\n<!-- \/ Yoast SEO plugin. -->","yoast_head_json":{"title":"Unsere Auszeichnungen - darauf sind wir stolz - Auto Kunz AG","description":"Wir sind Stolz auf unsere Auszeichnungen. F\u00fcr uns bedeuten diese Auszeichnungen: Sicherheit, Qualit\u00e4t, Kontinuit\u00e4t und Professionalit\u00e4t.","robots":{"index":"index","follow":"follow","max-snippet":"max-snippet:-1","max-image-preview":"max-image-preview:large","max-video-preview":"max-video-preview:-1"},"canonical":"https:\/\/autokunz.ch\/it\/azienda\/riconoscimenti\/","og_locale":"it_IT","og_type":"article","og_title":"Unsere Auszeichnungen - darauf sind wir stolz - Auto Kunz AG","og_description":"Wir sind Stolz auf unsere Auszeichnungen. F\u00fcr uns bedeuten diese Auszeichnungen: Sicherheit, Qualit\u00e4t, Kontinuit\u00e4t und Professionalit\u00e4t.","og_url":"https:\/\/autokunz.ch\/it\/azienda\/riconoscimenti\/","og_site_name":"Auto Kunz","article_publisher":"https:\/\/www.facebook.com\/AutoKunzAG","article_modified_time":"2019-09-16T17:43:14+00:00","og_image":[{"width":1536,"height":1024,"url":"https:\/\/autokunz.ch\/app\/uploads\/2019\/09\/JS4A5774-1.jpg","type":"image\/jpeg"}],"twitter_card":"summary_large_image","twitter_site":"@autokunzag","twitter_misc":{"Est. reading time":"1 minute"},"schema":{"@context":"https:\/\/schema.org","@graph":[{"@type":"WebPage","@id":"https:\/\/autokunz.ch\/it\/azienda\/riconoscimenti\/","url":"https:\/\/autokunz.ch\/it\/azienda\/riconoscimenti\/","name":"Unsere Auszeichnungen - darauf sind wir stolz - Auto Kunz AG","isPartOf":{"@id":"https:\/\/autokunz.ch\/#website"},"primaryImageOfPage":{"@id":"https:\/\/autokunz.ch\/it\/azienda\/riconoscimenti\/#primaryimage"},"image":{"@id":"https:\/\/autokunz.ch\/it\/azienda\/riconoscimenti\/#primaryimage"},"thumbnailUrl":"https:\/\/autokunz.ch\/app\/uploads\/2019\/09\/JS4A5774-1.jpg","datePublished":"2019-08-05T12:53:42+00:00","dateModified":"2019-09-16T17:43:14+00:00","description":"Wir sind Stolz auf unsere Auszeichnungen. F\u00fcr uns bedeuten diese Auszeichnungen: Sicherheit, Qualit\u00e4t, Kontinuit\u00e4t und Professionalit\u00e4t.","breadcrumb":{"@id":"https:\/\/autokunz.ch\/it\/azienda\/riconoscimenti\/#breadcrumb"},"inLanguage":"it-IT","potentialAction":[{"@type":"ReadAction","target":["https:\/\/autokunz.ch\/it\/azienda\/riconoscimenti\/"]}]},{"@type":"ImageObject","inLanguage":"it-IT","@id":"https:\/\/autokunz.ch\/it\/azienda\/riconoscimenti\/#primaryimage","url":"https:\/\/autokunz.ch\/app\/uploads\/2019\/09\/JS4A5774-1.jpg","contentUrl":"https:\/\/autokunz.ch\/app\/uploads\/2019\/09\/JS4A5774-1.jpg","width":1536,"height":1024,"caption":"Auszeichnungen - Auto Kunz AG 1"},{"@type":"BreadcrumbList","@id":"https:\/\/autokunz.ch\/it\/azienda\/riconoscimenti\/#breadcrumb","itemListElement":[{"@type":"ListItem","position":1,"name":"Home","item":"https:\/\/autokunz.ch\/it\/"},{"@type":"ListItem","position":2,"name":"Azienda","item":"https:\/\/autokunz.ch\/it\/azienda\/"},{"@type":"ListItem","position":3,"name":"Riconoscimenti"}]},{"@type":"WebSite","@id":"https:\/\/autokunz.ch\/#website","url":"https:\/\/autokunz.ch\/","name":"Auto Kunz","description":"\u00dcber 500 Autos, die tiefsten Preise der Schweiz","publisher":{"@id":"https:\/\/autokunz.ch\/#organization"},"potentialAction":[{"@type":"SearchAction","target":{"@type":"EntryPoint","urlTemplate":"https:\/\/autokunz.ch\/?s={search_term_string}"},"query-input":{"@type":"PropertyValueSpecification","valueRequired":true,"valueName":"search_term_string"}}],"inLanguage":"it-IT"},{"@type":"Organization","@id":"https:\/\/autokunz.ch\/#organization","name":"Auto Kunz AG","url":"https:\/\/autokunz.ch\/","logo":{"@type":"ImageObject","inLanguage":"it-IT","@id":"https:\/\/autokunz.ch\/#\/schema\/logo\/image\/","url":"https:\/\/autokunz.ch\/app\/uploads\/2021\/07\/autokunz-ag-wohlen-logo.png","contentUrl":"https:\/\/autokunz.ch\/app\/uploads\/2021\/07\/autokunz-ag-wohlen-logo.png","width":530,"height":79,"caption":"Auto Kunz AG"},"image":{"@id":"https:\/\/autokunz.ch\/#\/schema\/logo\/image\/"},"sameAs":["https:\/\/www.facebook.com\/AutoKunzAG","https:\/\/x.com\/autokunzag","https:\/\/www.instagram.com\/autokunz.ch\/","https:\/\/www.linkedin.com\/company\/9463486?trk=tyah&amp;amp;amp;trkInfo=clickedVertical:company,idx:1-1-1,tarId:1434043483672,tas:auto kunz","https:\/\/www.pinterest.com\/autokunzag\/","https:\/\/www.youtube.com\/channel\/UCsS22A2abuuzGxbmhsPm-6g"]}]}},"_links":{"self":[{"href":"https:\/\/autokunz.ch\/it\/wp-json\/wp\/v2\/pages\/54649","targetHints":{"allow":["GET"]}}],"collection":[{"href":"https:\/\/autokunz.ch\/it\/wp-json\/wp\/v2\/pages"}],"about":[{"href":"https:\/\/autokunz.ch\/it\/wp-json\/wp\/v2\/types\/page"}],"author":[{"embeddable":true,"href":"https:\/\/autokunz.ch\/it\/wp-json\/wp\/v2\/users\/4"}],"replies":[{"embeddable":true,"href":"https:\/\/autokunz.ch\/it\/wp-json\/wp\/v2\/comments?post=54649"}],"version-history":[{"count":3,"href":"https:\/\/autokunz.ch\/it\/wp-json\/wp\/v2\/pages\/54649\/revisions"}],"predecessor-version":[{"id":56264,"href":"https:\/\/autokunz.ch\/it\/wp-json\/wp\/v2\/pages\/54649\/revisions\/56264"}],"up":[{"embeddable":true,"href":"https:\/\/autokunz.ch\/it\/wp-json\/wp\/v2\/pages\/54317"}],"wp:featuredmedia":[{"embeddable":true,"href":"https:\/\/autokunz.ch\/it\/wp-json\/wp\/v2\/media\/54656"}],"wp:attachment":[{"href":"https:\/\/autokunz.ch\/it\/wp-json\/wp\/v2\/media?parent=54649"}],"curies":[{"name":"wp","href":"https:\/\/api.w.org\/{rel}","templated":true}]}}